{"id":9979,"date":"2019-04-02T15:33:55","date_gmt":"2019-04-02T13:33:55","guid":{"rendered":"https:\/\/meriller-vapeur.fr\/wp3\/?page_id=9979"},"modified":"2020-10-02T19:06:10","modified_gmt":"2020-10-02T17:06:10","slug":"la-gare-de-sarlat-par-jean-porcher","status":"publish","type":"page","link":"https:\/\/meriller-vapeur.fr\/wp3\/?page_id=9979","title":{"rendered":"La Gare de SARLAT, par Jean PORCHER."},"content":{"rendered":"<p>Jean PORCHER nous adresse de nouveaux clich\u00e9s concernant la Gare de SARLAT, ville embl\u00e9matique de notre beau P\u00e9rigord&#8230;<\/p>\n<p>Nous l\u2019en remercions et vous proposons d\u2019admirer, sans vous lasser !<\/p>\n\n\t\t<style type=\"text\/css\">\n\t\t\t#gallery-1 {\n\t\t\t\tmargin: auto;\n\t\t\t}\n\t\t\t#gallery-1 .gallery-item {\n\t\t\t\tfloat: left;\n\t\t\t\tmargin-top: 10px;\n\t\t\t\ttext-align: center;\n\t\t\t\twidth: 50%;\n\t\t\t}\n\t\t\t#gallery-1 img {\n\t\t\t\tborder: 2px solid #cfcfcf;\n\t\t\t}\n\t\t\t#gallery-1 .gallery-caption {\n\t\t\t\tmargin-left: 0;\n\t\t\t}\n\t\t\t\/* see gallery_shortcode() in wp-includes\/media.php *\/\n\t\t<\/style>\n\t\t<div id='gallery-1' class='gallery galleryid-9979 gallery-columns-2 gallery-size-medium'><dl class='gallery-item'>\n\t\t\t<dt class='gallery-icon landscape'>\n\t\t\t\t<a href='https:\/\/meriller-vapeur.fr\/wp3\/?attachment_id=9980'><img loading=\"lazy\" decoding=\"async\" width=\"300\" height=\"225\" src=\"https:\/\/meriller-vapeur.fr\/wp3\/wp-content\/uploads\/2019\/04\/DSC01124-27.02.2019-Sarlat--300x225.jpg\" class=\"attachment-medium size-medium\" alt=\"\" aria-describedby=\"gallery-1-9980\" srcset=\"https:\/\/meriller-vapeur.fr\/wp3\/wp-content\/uploads\/2019\/04\/DSC01124-27.02.2019-Sarlat--300x225.jpg 300w, https:\/\/meriller-vapeur.fr\/wp3\/wp-content\/uploads\/2019\/04\/DSC01124-27.02.2019-Sarlat--768x576.jpg 768w, https:\/\/meriller-vapeur.fr\/wp3\/wp-content\/uploads\/2019\/04\/DSC01124-27.02.2019-Sarlat--1024x768.jpg 1024w, https:\/\/meriller-vapeur.fr\/wp3\/wp-content\/uploads\/2019\/04\/DSC01124-27.02.2019-Sarlat-.jpg 1600w\" sizes=\"auto, (max-width: 300px) 100vw, 300px\" \/><\/a>\n\t\t\t<\/dt>\n\t\t\t\t<dd class='wp-caption-text gallery-caption' id='gallery-1-9980'>\n\t\t\t\tLa gare de Sarlat, vue d\u2019ensemble de l\u2019emprise.\n\t\t\t\t<\/dd><\/dl><dl class='gallery-item'>\n\t\t\t<dt class='gallery-icon landscape'>\n\t\t\t\t<a href='https:\/\/meriller-vapeur.fr\/wp3\/?attachment_id=9981'><img loading=\"lazy\" decoding=\"async\" width=\"300\" height=\"225\" src=\"https:\/\/meriller-vapeur.fr\/wp3\/wp-content\/uploads\/2019\/04\/DSC01130-27.02.2019-Sarlat-T-ER-865889-P\u00e9rigueux-X-73730-300x225.jpg\" class=\"attachment-medium size-medium\" alt=\"\" aria-describedby=\"gallery-1-9981\" srcset=\"https:\/\/meriller-vapeur.fr\/wp3\/wp-content\/uploads\/2019\/04\/DSC01130-27.02.2019-Sarlat-T-ER-865889-P\u00e9rigueux-X-73730-300x225.jpg 300w, https:\/\/meriller-vapeur.fr\/wp3\/wp-content\/uploads\/2019\/04\/DSC01130-27.02.2019-Sarlat-T-ER-865889-P\u00e9rigueux-X-73730-768x576.jpg 768w, https:\/\/meriller-vapeur.fr\/wp3\/wp-content\/uploads\/2019\/04\/DSC01130-27.02.2019-Sarlat-T-ER-865889-P\u00e9rigueux-X-73730-1024x768.jpg 1024w, https:\/\/meriller-vapeur.fr\/wp3\/wp-content\/uploads\/2019\/04\/DSC01130-27.02.2019-Sarlat-T-ER-865889-P\u00e9rigueux-X-73730.jpg 1600w\" sizes=\"auto, (max-width: 300px) 100vw, 300px\" \/><\/a>\n\t\t\t<\/dt>\n\t\t\t\t<dd class='wp-caption-text gallery-caption' id='gallery-1-9981'>\n\t\t\t\tSarlat, TER 865889 P\u00e9rigueux X 73730\n\t\t\t\t<\/dd><\/dl><br style=\"clear: both\" \/><dl class='gallery-item'>\n\t\t\t<dt class='gallery-icon landscape'>\n\t\t\t\t<a href='https:\/\/meriller-vapeur.fr\/wp3\/?attachment_id=9982'><img loading=\"lazy\" decoding=\"async\" width=\"300\" height=\"225\" src=\"https:\/\/meriller-vapeur.fr\/wp3\/wp-content\/uploads\/2019\/04\/DSC01132-27.02.2019-Sarlat-Viaduc-du-Pontet-300x225.jpg\" class=\"attachment-medium size-medium\" alt=\"\" aria-describedby=\"gallery-1-9982\" srcset=\"https:\/\/meriller-vapeur.fr\/wp3\/wp-content\/uploads\/2019\/04\/DSC01132-27.02.2019-Sarlat-Viaduc-du-Pontet-300x225.jpg 300w, https:\/\/meriller-vapeur.fr\/wp3\/wp-content\/uploads\/2019\/04\/DSC01132-27.02.2019-Sarlat-Viaduc-du-Pontet-768x576.jpg 768w, https:\/\/meriller-vapeur.fr\/wp3\/wp-content\/uploads\/2019\/04\/DSC01132-27.02.2019-Sarlat-Viaduc-du-Pontet-1024x768.jpg 1024w, https:\/\/meriller-vapeur.fr\/wp3\/wp-content\/uploads\/2019\/04\/DSC01132-27.02.2019-Sarlat-Viaduc-du-Pontet.jpg 1600w\" sizes=\"auto, (max-width: 300px) 100vw, 300px\" \/><\/a>\n\t\t\t<\/dt>\n\t\t\t\t<dd class='wp-caption-text gallery-caption' id='gallery-1-9982'>\n\t\t\t\tSarlat Viaduc du Pontet\n\t\t\t\t<\/dd><\/dl><dl class='gallery-item'>\n\t\t\t<dt class='gallery-icon landscape'>\n\t\t\t\t<a href='https:\/\/meriller-vapeur.fr\/wp3\/?attachment_id=9983'><img loading=\"lazy\" decoding=\"async\" width=\"300\" height=\"225\" src=\"https:\/\/meriller-vapeur.fr\/wp3\/wp-content\/uploads\/2019\/04\/DSC01155-27.02.2019-Sarlat-La-gare-300x225.jpg\" class=\"attachment-medium size-medium\" alt=\"\" aria-describedby=\"gallery-1-9983\" srcset=\"https:\/\/meriller-vapeur.fr\/wp3\/wp-content\/uploads\/2019\/04\/DSC01155-27.02.2019-Sarlat-La-gare-300x225.jpg 300w, https:\/\/meriller-vapeur.fr\/wp3\/wp-content\/uploads\/2019\/04\/DSC01155-27.02.2019-Sarlat-La-gare-768x576.jpg 768w, https:\/\/meriller-vapeur.fr\/wp3\/wp-content\/uploads\/2019\/04\/DSC01155-27.02.2019-Sarlat-La-gare-1024x768.jpg 1024w, https:\/\/meriller-vapeur.fr\/wp3\/wp-content\/uploads\/2019\/04\/DSC01155-27.02.2019-Sarlat-La-gare.jpg 1600w\" sizes=\"auto, (max-width: 300px) 100vw, 300px\" \/><\/a>\n\t\t\t<\/dt>\n\t\t\t\t<dd class='wp-caption-text gallery-caption' id='gallery-1-9983'>\n\t\t\t\tSarlat, la Gare.\n\t\t\t\t<\/dd><\/dl><br style=\"clear: both\" \/><dl class='gallery-item'>\n\t\t\t<dt class='gallery-icon landscape'>\n\t\t\t\t<a href='https:\/\/meriller-vapeur.fr\/wp3\/?attachment_id=9984'><img loading=\"lazy\" decoding=\"async\" width=\"300\" height=\"225\" src=\"https:\/\/meriller-vapeur.fr\/wp3\/wp-content\/uploads\/2019\/04\/DSC01159-27.02.2019-Sarlat-T-ER-865892-P\u00e9rigueux-X-73730-300x225.jpg\" class=\"attachment-medium size-medium\" alt=\"\" aria-describedby=\"gallery-1-9984\" srcset=\"https:\/\/meriller-vapeur.fr\/wp3\/wp-content\/uploads\/2019\/04\/DSC01159-27.02.2019-Sarlat-T-ER-865892-P\u00e9rigueux-X-73730-300x225.jpg 300w, https:\/\/meriller-vapeur.fr\/wp3\/wp-content\/uploads\/2019\/04\/DSC01159-27.02.2019-Sarlat-T-ER-865892-P\u00e9rigueux-X-73730-768x576.jpg 768w, https:\/\/meriller-vapeur.fr\/wp3\/wp-content\/uploads\/2019\/04\/DSC01159-27.02.2019-Sarlat-T-ER-865892-P\u00e9rigueux-X-73730-1024x768.jpg 1024w, https:\/\/meriller-vapeur.fr\/wp3\/wp-content\/uploads\/2019\/04\/DSC01159-27.02.2019-Sarlat-T-ER-865892-P\u00e9rigueux-X-73730.jpg 1600w\" sizes=\"auto, (max-width: 300px) 100vw, 300px\" \/><\/a>\n\t\t\t<\/dt>\n\t\t\t\t<dd class='wp-caption-text gallery-caption' id='gallery-1-9984'>\n\t\t\t\tSarlat TER 865892 P\u00e9rigueux X 73730\n\t\t\t\t<\/dd><\/dl><dl class='gallery-item'>\n\t\t\t<dt class='gallery-icon landscape'>\n\t\t\t\t<a href='https:\/\/meriller-vapeur.fr\/wp3\/?attachment_id=9985'><img loading=\"lazy\" decoding=\"async\" width=\"300\" height=\"225\" src=\"https:\/\/meriller-vapeur.fr\/wp3\/wp-content\/uploads\/2019\/04\/DSC01162-27.02.2019-Sarlat-300x225.jpg\" class=\"attachment-medium size-medium\" alt=\"\" aria-describedby=\"gallery-1-9985\" srcset=\"https:\/\/meriller-vapeur.fr\/wp3\/wp-content\/uploads\/2019\/04\/DSC01162-27.02.2019-Sarlat-300x225.jpg 300w, https:\/\/meriller-vapeur.fr\/wp3\/wp-content\/uploads\/2019\/04\/DSC01162-27.02.2019-Sarlat-768x576.jpg 768w, https:\/\/meriller-vapeur.fr\/wp3\/wp-content\/uploads\/2019\/04\/DSC01162-27.02.2019-Sarlat-1024x768.jpg 1024w, https:\/\/meriller-vapeur.fr\/wp3\/wp-content\/uploads\/2019\/04\/DSC01162-27.02.2019-Sarlat.jpg 1600w\" sizes=\"auto, (max-width: 300px) 100vw, 300px\" \/><\/a>\n\t\t\t<\/dt>\n\t\t\t\t<dd class='wp-caption-text gallery-caption' id='gallery-1-9985'>\n\t\t\t\tSarlat\n\t\t\t\t<\/dd><\/dl><br style=\"clear: both\" \/>\n\t\t<\/div>\n\n<pre>Page mise en ligne le 02-04-2019.<\/pre>\n<div class=\"pvc_clear\"><\/div>\n<p id=\"pvc_stats_9979\" class=\"pvc_stats all  \" data-element-id=\"9979\" style=\"\"><i class=\"pvc-stats-icon medium\" aria-hidden=\"true\"><svg aria-hidden=\"true\" focusable=\"false\" data-prefix=\"far\" data-icon=\"chart-bar\" role=\"img\" xmlns=\"http:\/\/www.w3.org\/2000\/svg\" viewBox=\"0 0 512 512\" class=\"svg-inline--fa fa-chart-bar fa-w-16 fa-2x\"><path fill=\"currentColor\" d=\"M396.8 352h22.4c6.4 0 12.8-6.4 12.8-12.8V108.8c0-6.4-6.4-12.8-12.8-12.8h-22.4c-6.4 0-12.8 6.4-12.8 12.8v230.4c0 6.4 6.4 12.8 12.8 12.8zm-192 0h22.4c6.4 0 12.8-6.4 12.8-12.8V140.8c0-6.4-6.4-12.8-12.8-12.8h-22.4c-6.4 0-12.8 6.4-12.8 12.8v198.4c0 6.4 6.4 12.8 12.8 12.8zm96 0h22.4c6.4 0 12.8-6.4 12.8-12.8V204.8c0-6.4-6.4-12.8-12.8-12.8h-22.4c-6.4 0-12.8 6.4-12.8 12.8v134.4c0 6.4 6.4 12.8 12.8 12.8zM496 400H48V80c0-8.84-7.16-16-16-16H16C7.16 64 0 71.16 0 80v336c0 17.67 14.33 32 32 32h464c8.84 0 16-7.16 16-16v-16c0-8.84-7.16-16-16-16zm-387.2-48h22.4c6.4 0 12.8-6.4 12.8-12.8v-70.4c0-6.4-6.4-12.8-12.8-12.8h-22.4c-6.4 0-12.8 6.4-12.8 12.8v70.4c0 6.4 6.4 12.8 12.8 12.8z\" class=\"\"><\/path><\/svg><\/i> <img loading=\"lazy\" decoding=\"async\" width=\"16\" height=\"16\" alt=\"Loading\" src=\"https:\/\/meriller-vapeur.fr\/wp3\/wp-content\/plugins\/page-views-count\/ajax-loader-2x.gif\" border=0 \/><\/p>\n<div class=\"pvc_clear\"><\/div>\n","protected":false},"excerpt":{"rendered":"<p>Jean PORCHER nous adresse de nouveaux clich\u00e9s concernant la Gare de SARLAT, ville embl\u00e9matique de notre beau P\u00e9rigord&#8230; Nous l\u2019en remercions et vous proposons d\u2019admirer, sans vous lasser ! Page mise en ligne le 02-04-2019.<\/p>\n<div class=\"pvc_clear\"><\/div>\n<p id=\"pvc_stats_9979\" class=\"pvc_stats all  \" data-element-id=\"9979\" style=\"\"><i class=\"pvc-stats-icon medium\" aria-hidden=\"true\"><svg aria-hidden=\"true\" focusable=\"false\" data-prefix=\"far\" data-icon=\"chart-bar\" role=\"img\" xmlns=\"http:\/\/www.w3.org\/2000\/svg\" viewBox=\"0 0 512 512\" class=\"svg-inline--fa fa-chart-bar fa-w-16 fa-2x\"><path fill=\"currentColor\" d=\"M396.8 352h22.4c6.4 0 12.8-6.4 12.8-12.8V108.8c0-6.4-6.4-12.8-12.8-12.8h-22.4c-6.4 0-12.8 6.4-12.8 12.8v230.4c0 6.4 6.4 12.8 12.8 12.8zm-192 0h22.4c6.4 0 12.8-6.4 12.8-12.8V140.8c0-6.4-6.4-12.8-12.8-12.8h-22.4c-6.4 0-12.8 6.4-12.8 12.8v198.4c0 6.4 6.4 12.8 12.8 12.8zm96 0h22.4c6.4 0 12.8-6.4 12.8-12.8V204.8c0-6.4-6.4-12.8-12.8-12.8h-22.4c-6.4 0-12.8 6.4-12.8 12.8v134.4c0 6.4 6.4 12.8 12.8 12.8zM496 400H48V80c0-8.84-7.16-16-16-16H16C7.16 64 0 71.16 0 80v336c0 17.67 14.33 32 32 32h464c8.84 0 16-7.16 16-16v-16c0-8.84-7.16-16-16-16zm-387.2-48h22.4c6.4 0 12.8-6.4 12.8-12.8v-70.4c0-6.4-6.4-12.8-12.8-12.8h-22.4c-6.4 0-12.8 6.4-12.8 12.8v70.4c0 6.4 6.4 12.8 12.8 12.8z\" class=\"\"><\/path><\/svg><\/i> <img loading=\"lazy\" decoding=\"async\" width=\"16\" height=\"16\" alt=\"Loading\" src=\"https:\/\/meriller-vapeur.fr\/wp3\/wp-content\/plugins\/page-views-count\/ajax-loader-2x.gif\" border=0 \/><\/p>\n<div class=\"pvc_clear\"><\/div>\n","protected":false},"author":1,"featured_media":0,"parent":284,"menu_order":0,"comment_status":"closed","ping_status":"closed","template":"page-templates\/full-width.php","meta":{"footnotes":""},"class_list":["post-9979","page","type-page","status-publish","hentry"],"a3_pvc":{"activated":true,"total_views":732,"today_views":0},"_links":{"self":[{"href":"https:\/\/meriller-vapeur.fr\/wp3\/index.php?rest_route=\/wp\/v2\/pages\/9979","targetHints":{"allow":["GET"]}}],"collection":[{"href":"https:\/\/meriller-vapeur.fr\/wp3\/index.php?rest_route=\/wp\/v2\/pages"}],"about":[{"href":"https:\/\/meriller-vapeur.fr\/wp3\/index.php?rest_route=\/wp\/v2\/types\/page"}],"author":[{"embeddable":true,"href":"https:\/\/meriller-vapeur.fr\/wp3\/index.php?rest_route=\/wp\/v2\/users\/1"}],"replies":[{"embeddable":true,"href":"https:\/\/meriller-vapeur.fr\/wp3\/index.php?rest_route=%2Fwp%2Fv2%2Fcomments&post=9979"}],"version-history":[{"count":0,"href":"https:\/\/meriller-vapeur.fr\/wp3\/index.php?rest_route=\/wp\/v2\/pages\/9979\/revisions"}],"up":[{"embeddable":true,"href":"https:\/\/meriller-vapeur.fr\/wp3\/index.php?rest_route=\/wp\/v2\/pages\/284"}],"wp:attachment":[{"href":"https:\/\/meriller-vapeur.fr\/wp3\/index.php?rest_route=%2Fwp%2Fv2%2Fmedia&parent=9979"}],"curies":[{"name":"wp","href":"https:\/\/api.w.org\/{rel}","templated":true}]}}