{"id":9625,"date":"2019-01-14T14:58:19","date_gmt":"2019-01-14T13:58:19","guid":{"rendered":"https:\/\/meriller-vapeur.fr\/wp3\/?page_id=9625"},"modified":"2021-03-09T16:38:11","modified_gmt":"2021-03-09T15:38:11","slug":"nous-animons-vos-manifestations","status":"publish","type":"page","link":"https:\/\/meriller-vapeur.fr\/wp3\/?page_id=9625","title":{"rendered":"Nous ANIMONS vos manifestations\u00a0!"},"content":{"rendered":"<p style=\"text-align: left;\"><em>\u2022 Cliquez sur l\u2019image ci-dessous pour agrandir ou imprimer&#8230;<\/em><a href=\"https:\/\/meriller-vapeur.fr\/wp3\/wp-content\/uploads\/2019\/01\/pub-Meriller-Vapeur-24A.pdf\" target=\"_blank\" rel=\"noopener\"><img loading=\"lazy\" decoding=\"async\" class=\"wp-image-9661 aligncenter\" src=\"https:\/\/meriller-vapeur.fr\/wp3\/wp-content\/uploads\/2019\/01\/pub_meriller-vapeur_24a-724x1024.jpg\" alt=\"\" width=\"747\" height=\"1051\" \/><\/a><\/p>\n<p style=\"text-align: center;\"><span style=\"font-style: normal;\"><b>Notre R\u00e9seau pr\u00e9sent\u00e9 en Exposition :<\/b><\/span><\/p>\n<div style=\"width: 665px;\" class=\"wp-video\"><video class=\"wp-video-shortcode\" id=\"video-9625-1\" width=\"665\" height=\"374\" preload=\"metadata\" controls=\"controls\"><source type=\"video\/mp4\" src=\"https:\/\/meriller-vapeur.fr\/wp3\/wp-content\/uploads\/2019\/01\/2015-09-01-MV24-Expos-2015.mp4?_=1\" \/><a href=\"https:\/\/meriller-vapeur.fr\/wp3\/wp-content\/uploads\/2019\/01\/2015-09-01-MV24-Expos-2015.mp4\">https:\/\/meriller-vapeur.fr\/wp3\/wp-content\/uploads\/2019\/01\/2015-09-01-MV24-Expos-2015.mp4<\/a><\/video><\/div>\n<p style=\"text-align: left;\">Nous sommes en mesure de pr\u00e9senter chez vous un R\u00c9SEAU de Chemins de Fer miniatures,<br \/>\npermettant d\u2019assurer une V\u00c9RITABLE ANIMATION \u00ab\u00a0GRAND-PUBLIC\u00a0\u00bb durant plusieurs jours d\u2019affil\u00e9e.<br \/>\n<em><strong>Centre d\u2019attraction majeur, cette prestation assure un afflux important de fr\u00e9quentation dans vos locaux.<\/strong><\/em><\/p>\n<p style=\"text-align: left;\">Parmi nos pr\u00e9c\u00e9dentes prestations qui se sont d\u00e9roul\u00e9es avec succ\u00e8s, regardez en particulier :<\/p>\n<ul style=\"text-align: left;\">\n<li>Avril 2017\u00a0: \u00a0 \u00a0 \u00a0 \u00a0 \u00a0 \u00a0\u00a0<a href=\"https:\/\/meriller-vapeur.fr\/wp3\/?page_id=7297\" target=\"_blank\" rel=\"noopener\">Meriller-Vapeur 24 expose dans la Galerie Marchande du LECLERC Tr\u00e9lissac!<\/a><\/li>\n<li>Octobre 2015\u00a0: \u00a0 \u00a0 \u00a0<a href=\"http:\/\/meriller-vapeur.fr\/wp3\/?page_id=5027\" target=\"_blank\" rel=\"noopener\">Animation dans la Galerie marchande d\u2019AUCHAN Marsac.<\/a><\/li>\n<li>Septembre 2015\u00a0: \u00a0<a href=\"http:\/\/meriller-vapeur.fr\/wp3\/?page_id=4601\" target=\"_blank\" rel=\"noopener\">Foire Exposition de P\u00e9rigueux (trois pages de photos).<\/a><\/li>\n<li>D\u00e9cembre 2014\u00a0: \u00a0\u00a0<a title=\"Meriller-Vapeur 24 \u00e0 JARDILAND CHANCELADE!\" href=\"http:\/\/meriller-vapeur.fr\/wp3\/?page_id=3448\" target=\"_blank\" rel=\"noopener\">Meriller-Vapeur 24 \u00e0 JARDILAND CHANCELADE<\/a>.<\/li>\n<li>D\u00e9cembre 2013 : \u00a0\u00a0<a title=\"Les expositions chez Jardiland \u2013 No\u00ebl 2013.\" href=\"http:\/\/meriller-vapeur.fr\/wp3\/?page_id=1405\" target=\"_blank\" rel=\"noopener\">Les Magasins Jardiland de P\u00c9RIGUEUX accueillent\u00a0Meriller-Vapeur 24 pour No\u00eb<\/a>l.<\/li>\n<\/ul>\n<h2 style=\"text-align: left;\">Vous avez un projet ? Vous devriez nous en parler au\u00a0<em><strong>06 82 83 38 84 !\u00a0<\/strong><\/em><\/h2>\n<pre style=\"text-align: left;\">Page mise \u00e0 jour le 09-03-2021<\/pre>\n<div class=\"pvc_clear\"><\/div>\n<p id=\"pvc_stats_9625\" class=\"pvc_stats all  \" data-element-id=\"9625\" style=\"\"><i class=\"pvc-stats-icon medium\" aria-hidden=\"true\"><svg aria-hidden=\"true\" focusable=\"false\" data-prefix=\"far\" data-icon=\"chart-bar\" role=\"img\" xmlns=\"http:\/\/www.w3.org\/2000\/svg\" viewBox=\"0 0 512 512\" class=\"svg-inline--fa fa-chart-bar fa-w-16 fa-2x\"><path fill=\"currentColor\" d=\"M396.8 352h22.4c6.4 0 12.8-6.4 12.8-12.8V108.8c0-6.4-6.4-12.8-12.8-12.8h-22.4c-6.4 0-12.8 6.4-12.8 12.8v230.4c0 6.4 6.4 12.8 12.8 12.8zm-192 0h22.4c6.4 0 12.8-6.4 12.8-12.8V140.8c0-6.4-6.4-12.8-12.8-12.8h-22.4c-6.4 0-12.8 6.4-12.8 12.8v198.4c0 6.4 6.4 12.8 12.8 12.8zm96 0h22.4c6.4 0 12.8-6.4 12.8-12.8V204.8c0-6.4-6.4-12.8-12.8-12.8h-22.4c-6.4 0-12.8 6.4-12.8 12.8v134.4c0 6.4 6.4 12.8 12.8 12.8zM496 400H48V80c0-8.84-7.16-16-16-16H16C7.16 64 0 71.16 0 80v336c0 17.67 14.33 32 32 32h464c8.84 0 16-7.16 16-16v-16c0-8.84-7.16-16-16-16zm-387.2-48h22.4c6.4 0 12.8-6.4 12.8-12.8v-70.4c0-6.4-6.4-12.8-12.8-12.8h-22.4c-6.4 0-12.8 6.4-12.8 12.8v70.4c0 6.4 6.4 12.8 12.8 12.8z\" class=\"\"><\/path><\/svg><\/i> <img loading=\"lazy\" decoding=\"async\" width=\"16\" height=\"16\" alt=\"Loading\" src=\"https:\/\/meriller-vapeur.fr\/wp3\/wp-content\/plugins\/page-views-count\/ajax-loader-2x.gif\" border=0 \/><\/p>\n<div class=\"pvc_clear\"><\/div>\n","protected":false},"excerpt":{"rendered":"<p>\u2022 Cliquez sur l\u2019image ci-dessous pour agrandir ou imprimer&#8230; Notre R\u00e9seau pr\u00e9sent\u00e9 en Exposition : Nous sommes en mesure de pr\u00e9senter chez vous un R\u00c9SEAU de Chemins de Fer miniatures, permettant d\u2019assurer une V\u00c9RITABLE ANIMATION \u00ab\u00a0GRAND-PUBLIC\u00a0\u00bb durant plusieurs jours d\u2019affil\u00e9e. Centre d\u2019attraction majeur, cette prestation assure un afflux important de fr\u00e9quentation dans vos locaux. Parmi\u2026 <span class=\"read-more\"><a href=\"https:\/\/meriller-vapeur.fr\/wp3\/?page_id=9625\">Read More &raquo;<\/a><\/span><\/p>\n<div class=\"pvc_clear\"><\/div>\n<p id=\"pvc_stats_9625\" class=\"pvc_stats all  \" data-element-id=\"9625\" style=\"\"><i class=\"pvc-stats-icon medium\" aria-hidden=\"true\"><svg aria-hidden=\"true\" focusable=\"false\" data-prefix=\"far\" data-icon=\"chart-bar\" role=\"img\" xmlns=\"http:\/\/www.w3.org\/2000\/svg\" viewBox=\"0 0 512 512\" class=\"svg-inline--fa fa-chart-bar fa-w-16 fa-2x\"><path fill=\"currentColor\" d=\"M396.8 352h22.4c6.4 0 12.8-6.4 12.8-12.8V108.8c0-6.4-6.4-12.8-12.8-12.8h-22.4c-6.4 0-12.8 6.4-12.8 12.8v230.4c0 6.4 6.4 12.8 12.8 12.8zm-192 0h22.4c6.4 0 12.8-6.4 12.8-12.8V140.8c0-6.4-6.4-12.8-12.8-12.8h-22.4c-6.4 0-12.8 6.4-12.8 12.8v198.4c0 6.4 6.4 12.8 12.8 12.8zm96 0h22.4c6.4 0 12.8-6.4 12.8-12.8V204.8c0-6.4-6.4-12.8-12.8-12.8h-22.4c-6.4 0-12.8 6.4-12.8 12.8v134.4c0 6.4 6.4 12.8 12.8 12.8zM496 400H48V80c0-8.84-7.16-16-16-16H16C7.16 64 0 71.16 0 80v336c0 17.67 14.33 32 32 32h464c8.84 0 16-7.16 16-16v-16c0-8.84-7.16-16-16-16zm-387.2-48h22.4c6.4 0 12.8-6.4 12.8-12.8v-70.4c0-6.4-6.4-12.8-12.8-12.8h-22.4c-6.4 0-12.8 6.4-12.8 12.8v70.4c0 6.4 6.4 12.8 12.8 12.8z\" class=\"\"><\/path><\/svg><\/i> <img loading=\"lazy\" decoding=\"async\" width=\"16\" height=\"16\" alt=\"Loading\" src=\"https:\/\/meriller-vapeur.fr\/wp3\/wp-content\/plugins\/page-views-count\/ajax-loader-2x.gif\" border=0 \/><\/p>\n<div class=\"pvc_clear\"><\/div>\n","protected":false},"author":1,"featured_media":0,"parent":10,"menu_order":0,"comment_status":"closed","ping_status":"closed","template":"page-templates\/full-width.php","meta":{"footnotes":""},"class_list":["post-9625","page","type-page","status-publish","hentry"],"_links":{"self":[{"href":"https:\/\/meriller-vapeur.fr\/wp3\/index.php?rest_route=\/wp\/v2\/pages\/9625","targetHints":{"allow":["GET"]}}],"collection":[{"href":"https:\/\/meriller-vapeur.fr\/wp3\/index.php?rest_route=\/wp\/v2\/pages"}],"about":[{"href":"https:\/\/meriller-vapeur.fr\/wp3\/index.php?rest_route=\/wp\/v2\/types\/page"}],"author":[{"embeddable":true,"href":"https:\/\/meriller-vapeur.fr\/wp3\/index.php?rest_route=\/wp\/v2\/users\/1"}],"replies":[{"embeddable":true,"href":"https:\/\/meriller-vapeur.fr\/wp3\/index.php?rest_route=%2Fwp%2Fv2%2Fcomments&post=9625"}],"version-history":[{"count":0,"href":"https:\/\/meriller-vapeur.fr\/wp3\/index.php?rest_route=\/wp\/v2\/pages\/9625\/revisions"}],"up":[{"embeddable":true,"href":"https:\/\/meriller-vapeur.fr\/wp3\/index.php?rest_route=\/wp\/v2\/pages\/10"}],"wp:attachment":[{"href":"https:\/\/meriller-vapeur.fr\/wp3\/index.php?rest_route=%2Fwp%2Fv2%2Fmedia&parent=9625"}],"curies":[{"name":"wp","href":"https:\/\/api.w.org\/{rel}","templated":true}]}}