{"id":9585,"date":"2018-12-17T16:14:39","date_gmt":"2018-12-17T15:14:39","guid":{"rendered":"https:\/\/meriller-vapeur.fr\/wp3\/?page_id=9585"},"modified":"2018-12-18T17:37:02","modified_gmt":"2018-12-18T16:37:02","slug":"passage-de-la-bb-57517-a-chamiers-10-dec-2018-p-perrier","status":"publish","type":"page","link":"https:\/\/meriller-vapeur.fr\/wp3\/?page_id=9585","title":{"rendered":"Passage de la BB-57517 \u00e0 Chamiers 10 d\u00e9c. 2018 (P. PERRIER)"},"content":{"rendered":"<p>Un petit mot de Pierre re\u00e7u ces jours derniers :<\/p>\n<blockquote><p>\u00ab\u00a0Ce mardi 10 d\u00e9cembre en d\u00e9but de matin\u00e9e le PN du bas Chamiers sonne et se ferme. J&rsquo;attends&#8230; Rien ! Deux bonnes minutes plus tard arrive ce train qui s&rsquo;arr\u00eate \u00e0 l&rsquo;entr\u00e9e du pont sur l&rsquo;Isle. J&rsquo;avance dans le m\u00eame sens en me disant que je vais compl\u00e9ter ma vid\u00e9o. Et le diesel remonte en r\u00e9gime&#8230; Oui mais c&rsquo;\u00e9tait pour refouler vers les ateliers de Chamiers. Ma vid\u00e9o est devenu demi-vid\u00e9o&#8230; Mais je vous la livre tout de m\u00eame !<span class=\"Apple-converted-space\">\u00a0<\/span><\/p>\n<p>Sacr\u00e9 gag, pas vrai&#8230; &#x1f609;\u00a0\u00bb<\/p><\/blockquote>\n<div style=\"width: 665px;\" class=\"wp-video\"><video class=\"wp-video-shortcode\" id=\"video-9585-1\" width=\"665\" height=\"374\" preload=\"metadata\" controls=\"controls\"><source type=\"video\/mp4\" src=\"https:\/\/meriller-vapeur.fr\/wp3\/wp-content\/uploads\/2018\/12\/P.Perrier-d\u00e9c-2018..mp4?_=1\" \/><a href=\"https:\/\/meriller-vapeur.fr\/wp3\/wp-content\/uploads\/2018\/12\/P.Perrier-d\u00e9c-2018..mp4\">https:\/\/meriller-vapeur.fr\/wp3\/wp-content\/uploads\/2018\/12\/P.Perrier-d\u00e9c-2018..mp4<\/a><\/video><\/div>\n<p><em><strong>P.S.<\/strong> Cette machine porte deux num\u00e9ros diff\u00e9rents (devant et sur le c\u00f4t\u00e9). Qui pourra \u00e9clairer notre lanterne \u00e0 ce sujet ?<\/em><\/p>\n<ul>\n<li>R\u00e9ponse de P. PERRIER lui-m\u00eame :<\/li>\n<\/ul>\n<blockquote><p>\u00ab\u00a0En effet je n&rsquo;ai pas comment\u00e9 l&rsquo;immatriculation de la machine.<br \/>\nLe 5 sur les flancs pr\u00e9c\u00e8de l&rsquo;ancien num\u00e9ro 67517 dont le chiffre 1<br \/>\nest pass\u00e9 \u00e0 la trappe lors de travaux de peinture (probablement)\u00a0!\u00a0\u00bb<\/p><\/blockquote>\n<pre><em>Page modifi\u00e9e le 18-12-2018.<\/em><\/pre>\n<div class=\"pvc_clear\"><\/div>\n<p id=\"pvc_stats_9585\" class=\"pvc_stats all  \" data-element-id=\"9585\" style=\"\"><i class=\"pvc-stats-icon medium\" aria-hidden=\"true\"><svg aria-hidden=\"true\" focusable=\"false\" data-prefix=\"far\" data-icon=\"chart-bar\" role=\"img\" xmlns=\"http:\/\/www.w3.org\/2000\/svg\" viewBox=\"0 0 512 512\" class=\"svg-inline--fa fa-chart-bar fa-w-16 fa-2x\"><path fill=\"currentColor\" d=\"M396.8 352h22.4c6.4 0 12.8-6.4 12.8-12.8V108.8c0-6.4-6.4-12.8-12.8-12.8h-22.4c-6.4 0-12.8 6.4-12.8 12.8v230.4c0 6.4 6.4 12.8 12.8 12.8zm-192 0h22.4c6.4 0 12.8-6.4 12.8-12.8V140.8c0-6.4-6.4-12.8-12.8-12.8h-22.4c-6.4 0-12.8 6.4-12.8 12.8v198.4c0 6.4 6.4 12.8 12.8 12.8zm96 0h22.4c6.4 0 12.8-6.4 12.8-12.8V204.8c0-6.4-6.4-12.8-12.8-12.8h-22.4c-6.4 0-12.8 6.4-12.8 12.8v134.4c0 6.4 6.4 12.8 12.8 12.8zM496 400H48V80c0-8.84-7.16-16-16-16H16C7.16 64 0 71.16 0 80v336c0 17.67 14.33 32 32 32h464c8.84 0 16-7.16 16-16v-16c0-8.84-7.16-16-16-16zm-387.2-48h22.4c6.4 0 12.8-6.4 12.8-12.8v-70.4c0-6.4-6.4-12.8-12.8-12.8h-22.4c-6.4 0-12.8 6.4-12.8 12.8v70.4c0 6.4 6.4 12.8 12.8 12.8z\" class=\"\"><\/path><\/svg><\/i> <img loading=\"lazy\" decoding=\"async\" width=\"16\" height=\"16\" alt=\"Loading\" src=\"https:\/\/meriller-vapeur.fr\/wp3\/wp-content\/plugins\/page-views-count\/ajax-loader-2x.gif\" border=0 \/><\/p>\n<div class=\"pvc_clear\"><\/div>\n","protected":false},"excerpt":{"rendered":"<p>Un petit mot de Pierre re\u00e7u ces jours derniers : \u00ab\u00a0Ce mardi 10 d\u00e9cembre en d\u00e9but de matin\u00e9e le PN du bas Chamiers sonne et se ferme. J&rsquo;attends&#8230; Rien ! Deux bonnes minutes plus tard arrive ce train qui s&rsquo;arr\u00eate \u00e0 l&rsquo;entr\u00e9e du pont sur l&rsquo;Isle. J&rsquo;avance dans le m\u00eame sens en me disant que\u2026 <span class=\"read-more\"><a href=\"https:\/\/meriller-vapeur.fr\/wp3\/?page_id=9585\">Read More &raquo;<\/a><\/span><\/p>\n<div class=\"pvc_clear\"><\/div>\n<p id=\"pvc_stats_9585\" class=\"pvc_stats all  \" data-element-id=\"9585\" style=\"\"><i class=\"pvc-stats-icon medium\" aria-hidden=\"true\"><svg aria-hidden=\"true\" focusable=\"false\" data-prefix=\"far\" data-icon=\"chart-bar\" role=\"img\" xmlns=\"http:\/\/www.w3.org\/2000\/svg\" viewBox=\"0 0 512 512\" class=\"svg-inline--fa fa-chart-bar fa-w-16 fa-2x\"><path fill=\"currentColor\" d=\"M396.8 352h22.4c6.4 0 12.8-6.4 12.8-12.8V108.8c0-6.4-6.4-12.8-12.8-12.8h-22.4c-6.4 0-12.8 6.4-12.8 12.8v230.4c0 6.4 6.4 12.8 12.8 12.8zm-192 0h22.4c6.4 0 12.8-6.4 12.8-12.8V140.8c0-6.4-6.4-12.8-12.8-12.8h-22.4c-6.4 0-12.8 6.4-12.8 12.8v198.4c0 6.4 6.4 12.8 12.8 12.8zm96 0h22.4c6.4 0 12.8-6.4 12.8-12.8V204.8c0-6.4-6.4-12.8-12.8-12.8h-22.4c-6.4 0-12.8 6.4-12.8 12.8v134.4c0 6.4 6.4 12.8 12.8 12.8zM496 400H48V80c0-8.84-7.16-16-16-16H16C7.16 64 0 71.16 0 80v336c0 17.67 14.33 32 32 32h464c8.84 0 16-7.16 16-16v-16c0-8.84-7.16-16-16-16zm-387.2-48h22.4c6.4 0 12.8-6.4 12.8-12.8v-70.4c0-6.4-6.4-12.8-12.8-12.8h-22.4c-6.4 0-12.8 6.4-12.8 12.8v70.4c0 6.4 6.4 12.8 12.8 12.8z\" class=\"\"><\/path><\/svg><\/i> <img loading=\"lazy\" decoding=\"async\" width=\"16\" height=\"16\" alt=\"Loading\" src=\"https:\/\/meriller-vapeur.fr\/wp3\/wp-content\/plugins\/page-views-count\/ajax-loader-2x.gif\" border=0 \/><\/p>\n<div class=\"pvc_clear\"><\/div>\n","protected":false},"author":1,"featured_media":0,"parent":284,"menu_order":0,"comment_status":"closed","ping_status":"closed","template":"tmp-onecolumn.php","meta":{"footnotes":""},"class_list":["post-9585","page","type-page","status-publish","hentry"],"a3_pvc":{"activated":true,"total_views":152,"today_views":0},"_links":{"self":[{"href":"https:\/\/meriller-vapeur.fr\/wp3\/index.php?rest_route=\/wp\/v2\/pages\/9585","targetHints":{"allow":["GET"]}}],"collection":[{"href":"https:\/\/meriller-vapeur.fr\/wp3\/index.php?rest_route=\/wp\/v2\/pages"}],"about":[{"href":"https:\/\/meriller-vapeur.fr\/wp3\/index.php?rest_route=\/wp\/v2\/types\/page"}],"author":[{"embeddable":true,"href":"https:\/\/meriller-vapeur.fr\/wp3\/index.php?rest_route=\/wp\/v2\/users\/1"}],"replies":[{"embeddable":true,"href":"https:\/\/meriller-vapeur.fr\/wp3\/index.php?rest_route=%2Fwp%2Fv2%2Fcomments&post=9585"}],"version-history":[{"count":0,"href":"https:\/\/meriller-vapeur.fr\/wp3\/index.php?rest_route=\/wp\/v2\/pages\/9585\/revisions"}],"up":[{"embeddable":true,"href":"https:\/\/meriller-vapeur.fr\/wp3\/index.php?rest_route=\/wp\/v2\/pages\/284"}],"wp:attachment":[{"href":"https:\/\/meriller-vapeur.fr\/wp3\/index.php?rest_route=%2Fwp%2Fv2%2Fmedia&parent=9585"}],"curies":[{"name":"wp","href":"https:\/\/api.w.org\/{rel}","templated":true}]}}