{"id":9341,"date":"2018-11-02T17:35:45","date_gmt":"2018-11-02T16:35:45","guid":{"rendered":"https:\/\/meriller-vapeur.fr\/wp3\/?page_id=9341"},"modified":"2018-11-02T17:48:47","modified_gmt":"2018-11-02T16:48:47","slug":"centenaire-de-la-guerre-de-14-18-deux-reunions-commemoratives","status":"publish","type":"page","link":"https:\/\/meriller-vapeur.fr\/wp3\/?page_id=9341","title":{"rendered":"Centenaire de la guerre de 14 &#8211; 18, deux r\u00e9unions comm\u00e9moratives&#8230;"},"content":{"rendered":"<p>Dans le cadre du Centenaire 14 &#8211; 18, Meriller-Vapeur 24 sera partenaire de deux manifestations les 9 et 10 novembre prochain, \u00e0\u00a0Coulounieix-Chamiers.\u00a0Vous \u00eates cordialement invit\u00e9s \u00e0 assister \u00e0 ces r\u00e9unions qui promettent d\u2019\u00eatre fort int\u00e9ressantes !<\/p>\n<p>Voici les affiches-programme de chacune de ces r\u00e9unions<strong><em> (Cliquer pour agrandir chaque image).<\/em><\/strong><\/p>\n<div id=\"attachment_9342\" style=\"width: 222px\" class=\"wp-caption alignleft\"><a href=\"https:\/\/meriller-vapeur.fr\/wp3\/wp-content\/uploads\/2018\/11\/Affiche-conf\u00e9rence-2018-3.jpg\" target=\"_blank\" rel=\"noopener\"><img loading=\"lazy\" decoding=\"async\" aria-describedby=\"caption-attachment-9342\" class=\"wp-image-9342 size-medium\" src=\"https:\/\/meriller-vapeur.fr\/wp3\/wp-content\/uploads\/2018\/11\/Affiche-conf\u00e9rence-2018-3-212x300.jpg\" alt=\"\" width=\"212\" height=\"300\" srcset=\"https:\/\/meriller-vapeur.fr\/wp3\/wp-content\/uploads\/2018\/11\/Affiche-conf\u00e9rence-2018-3-212x300.jpg 212w, https:\/\/meriller-vapeur.fr\/wp3\/wp-content\/uploads\/2018\/11\/Affiche-conf\u00e9rence-2018-3-768x1086.jpg 768w, https:\/\/meriller-vapeur.fr\/wp3\/wp-content\/uploads\/2018\/11\/Affiche-conf\u00e9rence-2018-3-724x1024.jpg 724w, https:\/\/meriller-vapeur.fr\/wp3\/wp-content\/uploads\/2018\/11\/Affiche-conf\u00e9rence-2018-3.jpg 1240w\" sizes=\"auto, (max-width: 212px) 100vw, 212px\" \/><\/a><p id=\"caption-attachment-9342\" class=\"wp-caption-text\">Conf\u00e9rence D\u00e9bat le 9 nov 2018 18h00<\/p><\/div>\n<div id=\"attachment_9343\" style=\"width: 222px\" class=\"wp-caption alignleft\"><a href=\"https:\/\/meriller-vapeur.fr\/wp3\/wp-content\/uploads\/2018\/11\/Affiche-spectacle-finie.jpg\" target=\"_blank\" rel=\"noopener\"><img loading=\"lazy\" decoding=\"async\" aria-describedby=\"caption-attachment-9343\" class=\"wp-image-9343 size-medium\" src=\"https:\/\/meriller-vapeur.fr\/wp3\/wp-content\/uploads\/2018\/11\/Affiche-spectacle-finie-212x300.jpg\" alt=\"\" width=\"212\" height=\"300\" srcset=\"https:\/\/meriller-vapeur.fr\/wp3\/wp-content\/uploads\/2018\/11\/Affiche-spectacle-finie-212x300.jpg 212w, https:\/\/meriller-vapeur.fr\/wp3\/wp-content\/uploads\/2018\/11\/Affiche-spectacle-finie-768x1086.jpg 768w, https:\/\/meriller-vapeur.fr\/wp3\/wp-content\/uploads\/2018\/11\/Affiche-spectacle-finie-724x1024.jpg 724w, https:\/\/meriller-vapeur.fr\/wp3\/wp-content\/uploads\/2018\/11\/Affiche-spectacle-finie.jpg 1240w\" sizes=\"auto, (max-width: 212px) 100vw, 212px\" \/><\/a><p id=\"caption-attachment-9343\" class=\"wp-caption-text\">Musique, Th\u00e9\u00e2tre &amp; Chansons, le 10 nov. 2018 \u00e0 20h30.<\/p><\/div>\n<p>&nbsp;<\/p>\n<p>&nbsp;<\/p>\n<p>&nbsp;<\/p>\n<p>&nbsp;<\/p>\n<p>&nbsp;<\/p>\n<p>&nbsp;<\/p>\n<p>&nbsp;<\/p>\n<p>&nbsp;<\/p>\n<p>&nbsp;<\/p>\n<pre><em>Page mise en ligne le\u00a002-11-2018.<\/em><\/pre>\n<div class=\"pvc_clear\"><\/div>\n<p id=\"pvc_stats_9341\" class=\"pvc_stats all  \" data-element-id=\"9341\" style=\"\"><i class=\"pvc-stats-icon medium\" aria-hidden=\"true\"><svg aria-hidden=\"true\" focusable=\"false\" data-prefix=\"far\" data-icon=\"chart-bar\" role=\"img\" xmlns=\"http:\/\/www.w3.org\/2000\/svg\" viewBox=\"0 0 512 512\" class=\"svg-inline--fa fa-chart-bar fa-w-16 fa-2x\"><path fill=\"currentColor\" d=\"M396.8 352h22.4c6.4 0 12.8-6.4 12.8-12.8V108.8c0-6.4-6.4-12.8-12.8-12.8h-22.4c-6.4 0-12.8 6.4-12.8 12.8v230.4c0 6.4 6.4 12.8 12.8 12.8zm-192 0h22.4c6.4 0 12.8-6.4 12.8-12.8V140.8c0-6.4-6.4-12.8-12.8-12.8h-22.4c-6.4 0-12.8 6.4-12.8 12.8v198.4c0 6.4 6.4 12.8 12.8 12.8zm96 0h22.4c6.4 0 12.8-6.4 12.8-12.8V204.8c0-6.4-6.4-12.8-12.8-12.8h-22.4c-6.4 0-12.8 6.4-12.8 12.8v134.4c0 6.4 6.4 12.8 12.8 12.8zM496 400H48V80c0-8.84-7.16-16-16-16H16C7.16 64 0 71.16 0 80v336c0 17.67 14.33 32 32 32h464c8.84 0 16-7.16 16-16v-16c0-8.84-7.16-16-16-16zm-387.2-48h22.4c6.4 0 12.8-6.4 12.8-12.8v-70.4c0-6.4-6.4-12.8-12.8-12.8h-22.4c-6.4 0-12.8 6.4-12.8 12.8v70.4c0 6.4 6.4 12.8 12.8 12.8z\" class=\"\"><\/path><\/svg><\/i> <img loading=\"lazy\" decoding=\"async\" width=\"16\" height=\"16\" alt=\"Loading\" src=\"https:\/\/meriller-vapeur.fr\/wp3\/wp-content\/plugins\/page-views-count\/ajax-loader-2x.gif\" border=0 \/><\/p>\n<div class=\"pvc_clear\"><\/div>\n","protected":false},"excerpt":{"rendered":"<p>Dans le cadre du Centenaire 14 &#8211; 18, Meriller-Vapeur 24 sera partenaire de deux manifestations les 9 et 10 novembre prochain, \u00e0\u00a0Coulounieix-Chamiers.\u00a0Vous \u00eates cordialement invit\u00e9s \u00e0 assister \u00e0 ces r\u00e9unions qui promettent d\u2019\u00eatre fort int\u00e9ressantes ! Voici les affiches-programme de chacune de ces r\u00e9unions (Cliquer pour agrandir chaque image). &nbsp; &nbsp; &nbsp; &nbsp; &nbsp; &nbsp;\u2026 <span class=\"read-more\"><a href=\"https:\/\/meriller-vapeur.fr\/wp3\/?page_id=9341\">Read More &raquo;<\/a><\/span><\/p>\n<div class=\"pvc_clear\"><\/div>\n<p id=\"pvc_stats_9341\" class=\"pvc_stats all  \" data-element-id=\"9341\" style=\"\"><i class=\"pvc-stats-icon medium\" aria-hidden=\"true\"><svg aria-hidden=\"true\" focusable=\"false\" data-prefix=\"far\" data-icon=\"chart-bar\" role=\"img\" xmlns=\"http:\/\/www.w3.org\/2000\/svg\" viewBox=\"0 0 512 512\" class=\"svg-inline--fa fa-chart-bar fa-w-16 fa-2x\"><path fill=\"currentColor\" d=\"M396.8 352h22.4c6.4 0 12.8-6.4 12.8-12.8V108.8c0-6.4-6.4-12.8-12.8-12.8h-22.4c-6.4 0-12.8 6.4-12.8 12.8v230.4c0 6.4 6.4 12.8 12.8 12.8zm-192 0h22.4c6.4 0 12.8-6.4 12.8-12.8V140.8c0-6.4-6.4-12.8-12.8-12.8h-22.4c-6.4 0-12.8 6.4-12.8 12.8v198.4c0 6.4 6.4 12.8 12.8 12.8zm96 0h22.4c6.4 0 12.8-6.4 12.8-12.8V204.8c0-6.4-6.4-12.8-12.8-12.8h-22.4c-6.4 0-12.8 6.4-12.8 12.8v134.4c0 6.4 6.4 12.8 12.8 12.8zM496 400H48V80c0-8.84-7.16-16-16-16H16C7.16 64 0 71.16 0 80v336c0 17.67 14.33 32 32 32h464c8.84 0 16-7.16 16-16v-16c0-8.84-7.16-16-16-16zm-387.2-48h22.4c6.4 0 12.8-6.4 12.8-12.8v-70.4c0-6.4-6.4-12.8-12.8-12.8h-22.4c-6.4 0-12.8 6.4-12.8 12.8v70.4c0 6.4 6.4 12.8 12.8 12.8z\" class=\"\"><\/path><\/svg><\/i> <img loading=\"lazy\" decoding=\"async\" width=\"16\" height=\"16\" alt=\"Loading\" src=\"https:\/\/meriller-vapeur.fr\/wp3\/wp-content\/plugins\/page-views-count\/ajax-loader-2x.gif\" border=0 \/><\/p>\n<div class=\"pvc_clear\"><\/div>\n","protected":false},"author":1,"featured_media":0,"parent":7880,"menu_order":0,"comment_status":"closed","ping_status":"closed","template":"tmp-onecolumn.php","meta":{"footnotes":""},"class_list":["post-9341","page","type-page","status-publish","hentry"],"a3_pvc":{"activated":true,"total_views":79,"today_views":0},"_links":{"self":[{"href":"https:\/\/meriller-vapeur.fr\/wp3\/index.php?rest_route=\/wp\/v2\/pages\/9341","targetHints":{"allow":["GET"]}}],"collection":[{"href":"https:\/\/meriller-vapeur.fr\/wp3\/index.php?rest_route=\/wp\/v2\/pages"}],"about":[{"href":"https:\/\/meriller-vapeur.fr\/wp3\/index.php?rest_route=\/wp\/v2\/types\/page"}],"author":[{"embeddable":true,"href":"https:\/\/meriller-vapeur.fr\/wp3\/index.php?rest_route=\/wp\/v2\/users\/1"}],"replies":[{"embeddable":true,"href":"https:\/\/meriller-vapeur.fr\/wp3\/index.php?rest_route=%2Fwp%2Fv2%2Fcomments&post=9341"}],"version-history":[{"count":0,"href":"https:\/\/meriller-vapeur.fr\/wp3\/index.php?rest_route=\/wp\/v2\/pages\/9341\/revisions"}],"up":[{"embeddable":true,"href":"https:\/\/meriller-vapeur.fr\/wp3\/index.php?rest_route=\/wp\/v2\/pages\/7880"}],"wp:attachment":[{"href":"https:\/\/meriller-vapeur.fr\/wp3\/index.php?rest_route=%2Fwp%2Fv2%2Fmedia&parent=9341"}],"curies":[{"name":"wp","href":"https:\/\/api.w.org\/{rel}","templated":true}]}}