{"id":9255,"date":"2018-10-07T12:09:27","date_gmt":"2018-10-07T10:09:27","guid":{"rendered":"https:\/\/meriller-vapeur.fr\/wp3\/?page_id=9255"},"modified":"2018-10-07T12:09:43","modified_gmt":"2018-10-07T10:09:43","slug":"journees-du-patrimoine-2018-montlucon-et-limoges","status":"publish","type":"page","link":"https:\/\/meriller-vapeur.fr\/wp3\/?page_id=9255","title":{"rendered":"Journ\u00e9es du Patrimoine 2018, Montlu\u00e7on et Limoges."},"content":{"rendered":"<p>Jean PORCHER nous adresse quelques photos\u200c prises \u00e0 l&rsquo;occasion des \u00ab\u00a0JEP 2018\u00a0\u00bb,<\/p>\n<ul>\n<li>\u00e0 Montlu\u00e7on (Association des Anciens et Amis de la Traction Vapeur de Montlu\u00e7on)<\/li>\n<li>et \u00e0 Limoges (associations CFTLP et l&rsquo;autorail limousin).<\/li>\n<\/ul>\n<p>Voici ces clich\u00e9s dont nous le remercions vivement !<\/p>\n\n\t\t<style type=\"text\/css\">\n\t\t\t#gallery-1 {\n\t\t\t\tmargin: auto;\n\t\t\t}\n\t\t\t#gallery-1 .gallery-item {\n\t\t\t\tfloat: left;\n\t\t\t\tmargin-top: 10px;\n\t\t\t\ttext-align: center;\n\t\t\t\twidth: 33%;\n\t\t\t}\n\t\t\t#gallery-1 img {\n\t\t\t\tborder: 2px solid #cfcfcf;\n\t\t\t}\n\t\t\t#gallery-1 .gallery-caption {\n\t\t\t\tmargin-left: 0;\n\t\t\t}\n\t\t\t\/* see gallery_shortcode() in wp-includes\/media.php *\/\n\t\t<\/style>\n\t\t<div id='gallery-1' class='gallery galleryid-9255 gallery-columns-3 gallery-size-medium'><dl class='gallery-item'>\n\t\t\t<dt class='gallery-icon landscape'>\n\t\t\t\t<a href='https:\/\/meriller-vapeur.fr\/wp3\/?attachment_id=9256'><img loading=\"lazy\" decoding=\"async\" width=\"300\" height=\"225\" src=\"https:\/\/meriller-vapeur.fr\/wp3\/wp-content\/uploads\/2018\/10\/DSC09884-15.09.2018-AAATV-Montlu\u00e7on-Train-de-secours-300x225.jpg\" class=\"attachment-medium size-medium\" alt=\"\" aria-describedby=\"gallery-1-9256\" srcset=\"https:\/\/meriller-vapeur.fr\/wp3\/wp-content\/uploads\/2018\/10\/DSC09884-15.09.2018-AAATV-Montlu\u00e7on-Train-de-secours-300x225.jpg 300w, https:\/\/meriller-vapeur.fr\/wp3\/wp-content\/uploads\/2018\/10\/DSC09884-15.09.2018-AAATV-Montlu\u00e7on-Train-de-secours-768x576.jpg 768w, https:\/\/meriller-vapeur.fr\/wp3\/wp-content\/uploads\/2018\/10\/DSC09884-15.09.2018-AAATV-Montlu\u00e7on-Train-de-secours-1024x768.jpg 1024w, https:\/\/meriller-vapeur.fr\/wp3\/wp-content\/uploads\/2018\/10\/DSC09884-15.09.2018-AAATV-Montlu\u00e7on-Train-de-secours.jpg 1600w\" sizes=\"auto, (max-width: 300px) 100vw, 300px\" \/><\/a>\n\t\t\t<\/dt>\n\t\t\t\t<dd class='wp-caption-text gallery-caption' id='gallery-1-9256'>\n\t\t\t\t15.09.2018 &#8211; AAATV Montlu\u00e7on Train de secours\n\t\t\t\t<\/dd><\/dl><dl class='gallery-item'>\n\t\t\t<dt class='gallery-icon landscape'>\n\t\t\t\t<a href='https:\/\/meriller-vapeur.fr\/wp3\/?attachment_id=9257'><img loading=\"lazy\" decoding=\"async\" width=\"300\" height=\"225\" src=\"https:\/\/meriller-vapeur.fr\/wp3\/wp-content\/uploads\/2018\/10\/DSC09886-15.09.2018-AAATV-Montlu\u00e7on-Grue-Cockerill-85t-GD-581-300x225.jpg\" class=\"attachment-medium size-medium\" alt=\"\" aria-describedby=\"gallery-1-9257\" srcset=\"https:\/\/meriller-vapeur.fr\/wp3\/wp-content\/uploads\/2018\/10\/DSC09886-15.09.2018-AAATV-Montlu\u00e7on-Grue-Cockerill-85t-GD-581-300x225.jpg 300w, https:\/\/meriller-vapeur.fr\/wp3\/wp-content\/uploads\/2018\/10\/DSC09886-15.09.2018-AAATV-Montlu\u00e7on-Grue-Cockerill-85t-GD-581-768x576.jpg 768w, https:\/\/meriller-vapeur.fr\/wp3\/wp-content\/uploads\/2018\/10\/DSC09886-15.09.2018-AAATV-Montlu\u00e7on-Grue-Cockerill-85t-GD-581-1024x768.jpg 1024w, https:\/\/meriller-vapeur.fr\/wp3\/wp-content\/uploads\/2018\/10\/DSC09886-15.09.2018-AAATV-Montlu\u00e7on-Grue-Cockerill-85t-GD-581.jpg 1600w\" sizes=\"auto, (max-width: 300px) 100vw, 300px\" \/><\/a>\n\t\t\t<\/dt>\n\t\t\t\t<dd class='wp-caption-text gallery-caption' id='gallery-1-9257'>\n\t\t\t\t15.09.2018 &#8211; AAATV Montlu\u00e7on Grue Cockerill 85t GD 581\n\t\t\t\t<\/dd><\/dl><dl class='gallery-item'>\n\t\t\t<dt class='gallery-icon landscape'>\n\t\t\t\t<a href='https:\/\/meriller-vapeur.fr\/wp3\/?attachment_id=9258'><img loading=\"lazy\" decoding=\"async\" width=\"300\" height=\"225\" src=\"https:\/\/meriller-vapeur.fr\/wp3\/wp-content\/uploads\/2018\/10\/DSC09892-15.09.2018-AAATV-Montlu\u00e7on-X-2895-X2224-300x225.jpg\" class=\"attachment-medium size-medium\" alt=\"\" aria-describedby=\"gallery-1-9258\" srcset=\"https:\/\/meriller-vapeur.fr\/wp3\/wp-content\/uploads\/2018\/10\/DSC09892-15.09.2018-AAATV-Montlu\u00e7on-X-2895-X2224-300x225.jpg 300w, https:\/\/meriller-vapeur.fr\/wp3\/wp-content\/uploads\/2018\/10\/DSC09892-15.09.2018-AAATV-Montlu\u00e7on-X-2895-X2224-768x576.jpg 768w, https:\/\/meriller-vapeur.fr\/wp3\/wp-content\/uploads\/2018\/10\/DSC09892-15.09.2018-AAATV-Montlu\u00e7on-X-2895-X2224-1024x768.jpg 1024w, https:\/\/meriller-vapeur.fr\/wp3\/wp-content\/uploads\/2018\/10\/DSC09892-15.09.2018-AAATV-Montlu\u00e7on-X-2895-X2224.jpg 1600w\" sizes=\"auto, (max-width: 300px) 100vw, 300px\" \/><\/a>\n\t\t\t<\/dt>\n\t\t\t\t<dd class='wp-caption-text gallery-caption' id='gallery-1-9258'>\n\t\t\t\t15.09.2018 &#8211; AAATV Montlu\u00e7on X 2895 X2224\n\t\t\t\t<\/dd><\/dl><br style=\"clear: both\" \/><dl class='gallery-item'>\n\t\t\t<dt class='gallery-icon landscape'>\n\t\t\t\t<a href='https:\/\/meriller-vapeur.fr\/wp3\/?attachment_id=9259'><img loading=\"lazy\" decoding=\"async\" width=\"300\" height=\"225\" src=\"https:\/\/meriller-vapeur.fr\/wp3\/wp-content\/uploads\/2018\/10\/DSC09897-15.09.2018-AAATV-Montlu\u00e7on-X-2232-X-2895-300x225.jpg\" class=\"attachment-medium size-medium\" alt=\"\" aria-describedby=\"gallery-1-9259\" srcset=\"https:\/\/meriller-vapeur.fr\/wp3\/wp-content\/uploads\/2018\/10\/DSC09897-15.09.2018-AAATV-Montlu\u00e7on-X-2232-X-2895-300x225.jpg 300w, https:\/\/meriller-vapeur.fr\/wp3\/wp-content\/uploads\/2018\/10\/DSC09897-15.09.2018-AAATV-Montlu\u00e7on-X-2232-X-2895-768x576.jpg 768w, https:\/\/meriller-vapeur.fr\/wp3\/wp-content\/uploads\/2018\/10\/DSC09897-15.09.2018-AAATV-Montlu\u00e7on-X-2232-X-2895-1024x768.jpg 1024w, https:\/\/meriller-vapeur.fr\/wp3\/wp-content\/uploads\/2018\/10\/DSC09897-15.09.2018-AAATV-Montlu\u00e7on-X-2232-X-2895.jpg 1600w\" sizes=\"auto, (max-width: 300px) 100vw, 300px\" \/><\/a>\n\t\t\t<\/dt>\n\t\t\t\t<dd class='wp-caption-text gallery-caption' id='gallery-1-9259'>\n\t\t\t\t15.09.2018 &#8211; AAATV Montlu\u00e7on X 2232 X 2895\n\t\t\t\t<\/dd><\/dl><dl class='gallery-item'>\n\t\t\t<dt class='gallery-icon landscape'>\n\t\t\t\t<a href='https:\/\/meriller-vapeur.fr\/wp3\/?attachment_id=9260'><img loading=\"lazy\" decoding=\"async\" width=\"300\" height=\"225\" src=\"https:\/\/meriller-vapeur.fr\/wp3\/wp-content\/uploads\/2018\/10\/DSC09904-15.09.2018-AAATV-Montlu\u00e7on-Chasse-neige-Langeac-300x225.jpg\" class=\"attachment-medium size-medium\" alt=\"\" aria-describedby=\"gallery-1-9260\" srcset=\"https:\/\/meriller-vapeur.fr\/wp3\/wp-content\/uploads\/2018\/10\/DSC09904-15.09.2018-AAATV-Montlu\u00e7on-Chasse-neige-Langeac-300x225.jpg 300w, https:\/\/meriller-vapeur.fr\/wp3\/wp-content\/uploads\/2018\/10\/DSC09904-15.09.2018-AAATV-Montlu\u00e7on-Chasse-neige-Langeac-768x576.jpg 768w, https:\/\/meriller-vapeur.fr\/wp3\/wp-content\/uploads\/2018\/10\/DSC09904-15.09.2018-AAATV-Montlu\u00e7on-Chasse-neige-Langeac-1024x768.jpg 1024w, https:\/\/meriller-vapeur.fr\/wp3\/wp-content\/uploads\/2018\/10\/DSC09904-15.09.2018-AAATV-Montlu\u00e7on-Chasse-neige-Langeac.jpg 1600w\" sizes=\"auto, (max-width: 300px) 100vw, 300px\" \/><\/a>\n\t\t\t<\/dt>\n\t\t\t\t<dd class='wp-caption-text gallery-caption' id='gallery-1-9260'>\n\t\t\t\t15.09.2018 &#8211; AAATV Montlu\u00e7on Chasse-neige Langeac\n\t\t\t\t<\/dd><\/dl><dl class='gallery-item'>\n\t\t\t<dt class='gallery-icon landscape'>\n\t\t\t\t<a href='https:\/\/meriller-vapeur.fr\/wp3\/?attachment_id=9261'><img loading=\"lazy\" decoding=\"async\" width=\"300\" height=\"225\" src=\"https:\/\/meriller-vapeur.fr\/wp3\/wp-content\/uploads\/2018\/10\/DSC09919-15.09.2018-AAATV-Montlu\u00e7on-D\u00e9p\u00f4t-ann\u00e9es-1950-1960-300x225.jpg\" class=\"attachment-medium size-medium\" alt=\"\" aria-describedby=\"gallery-1-9261\" srcset=\"https:\/\/meriller-vapeur.fr\/wp3\/wp-content\/uploads\/2018\/10\/DSC09919-15.09.2018-AAATV-Montlu\u00e7on-D\u00e9p\u00f4t-ann\u00e9es-1950-1960-300x225.jpg 300w, https:\/\/meriller-vapeur.fr\/wp3\/wp-content\/uploads\/2018\/10\/DSC09919-15.09.2018-AAATV-Montlu\u00e7on-D\u00e9p\u00f4t-ann\u00e9es-1950-1960-768x576.jpg 768w, https:\/\/meriller-vapeur.fr\/wp3\/wp-content\/uploads\/2018\/10\/DSC09919-15.09.2018-AAATV-Montlu\u00e7on-D\u00e9p\u00f4t-ann\u00e9es-1950-1960-1024x768.jpg 1024w, https:\/\/meriller-vapeur.fr\/wp3\/wp-content\/uploads\/2018\/10\/DSC09919-15.09.2018-AAATV-Montlu\u00e7on-D\u00e9p\u00f4t-ann\u00e9es-1950-1960.jpg 1600w\" sizes=\"auto, (max-width: 300px) 100vw, 300px\" \/><\/a>\n\t\t\t<\/dt>\n\t\t\t\t<dd class='wp-caption-text gallery-caption' id='gallery-1-9261'>\n\t\t\t\t15.09.2018 &#8211; AAATV Montlu\u00e7on D\u00e9p\u00f4t ann\u00e9es 1950-1960\n\t\t\t\t<\/dd><\/dl><br style=\"clear: both\" \/><dl class='gallery-item'>\n\t\t\t<dt class='gallery-icon landscape'>\n\t\t\t\t<a href='https:\/\/meriller-vapeur.fr\/wp3\/?attachment_id=9262'><img loading=\"lazy\" decoding=\"async\" width=\"300\" height=\"225\" src=\"https:\/\/meriller-vapeur.fr\/wp3\/wp-content\/uploads\/2018\/10\/DSC09966-16.09.2018-Limoges-B\u00e9n\u00e9dictins-140-C-38-CFTLP-300x225.jpg\" class=\"attachment-medium size-medium\" alt=\"\" aria-describedby=\"gallery-1-9262\" srcset=\"https:\/\/meriller-vapeur.fr\/wp3\/wp-content\/uploads\/2018\/10\/DSC09966-16.09.2018-Limoges-B\u00e9n\u00e9dictins-140-C-38-CFTLP-300x225.jpg 300w, https:\/\/meriller-vapeur.fr\/wp3\/wp-content\/uploads\/2018\/10\/DSC09966-16.09.2018-Limoges-B\u00e9n\u00e9dictins-140-C-38-CFTLP-768x576.jpg 768w, https:\/\/meriller-vapeur.fr\/wp3\/wp-content\/uploads\/2018\/10\/DSC09966-16.09.2018-Limoges-B\u00e9n\u00e9dictins-140-C-38-CFTLP-1024x768.jpg 1024w, https:\/\/meriller-vapeur.fr\/wp3\/wp-content\/uploads\/2018\/10\/DSC09966-16.09.2018-Limoges-B\u00e9n\u00e9dictins-140-C-38-CFTLP.jpg 1600w\" sizes=\"auto, (max-width: 300px) 100vw, 300px\" \/><\/a>\n\t\t\t<\/dt>\n\t\t\t\t<dd class='wp-caption-text gallery-caption' id='gallery-1-9262'>\n\t\t\t\t16.09.2018 &#8211; Limoges B\u00e9n\u00e9dictins 140 C 38 CFTLP\n\t\t\t\t<\/dd><\/dl><dl class='gallery-item'>\n\t\t\t<dt class='gallery-icon landscape'>\n\t\t\t\t<a href='https:\/\/meriller-vapeur.fr\/wp3\/?attachment_id=9263'><img loading=\"lazy\" decoding=\"async\" width=\"300\" height=\"225\" src=\"https:\/\/meriller-vapeur.fr\/wp3\/wp-content\/uploads\/2018\/10\/DSC09970-16.09.2018-Limoges-B\u00e9n\u00e9dictins-140-C-38-CFTLP-300x225.jpg\" class=\"attachment-medium size-medium\" alt=\"\" aria-describedby=\"gallery-1-9263\" srcset=\"https:\/\/meriller-vapeur.fr\/wp3\/wp-content\/uploads\/2018\/10\/DSC09970-16.09.2018-Limoges-B\u00e9n\u00e9dictins-140-C-38-CFTLP-300x225.jpg 300w, https:\/\/meriller-vapeur.fr\/wp3\/wp-content\/uploads\/2018\/10\/DSC09970-16.09.2018-Limoges-B\u00e9n\u00e9dictins-140-C-38-CFTLP-768x576.jpg 768w, https:\/\/meriller-vapeur.fr\/wp3\/wp-content\/uploads\/2018\/10\/DSC09970-16.09.2018-Limoges-B\u00e9n\u00e9dictins-140-C-38-CFTLP-1024x768.jpg 1024w, https:\/\/meriller-vapeur.fr\/wp3\/wp-content\/uploads\/2018\/10\/DSC09970-16.09.2018-Limoges-B\u00e9n\u00e9dictins-140-C-38-CFTLP.jpg 1600w\" sizes=\"auto, (max-width: 300px) 100vw, 300px\" \/><\/a>\n\t\t\t<\/dt>\n\t\t\t\t<dd class='wp-caption-text gallery-caption' id='gallery-1-9263'>\n\t\t\t\t16.09.2018 &#8211; Limoges B\u00e9n\u00e9dictins 140 C 38 CFTLP\n\t\t\t\t<\/dd><\/dl><dl class='gallery-item'>\n\t\t\t<dt class='gallery-icon landscape'>\n\t\t\t\t<a href='https:\/\/meriller-vapeur.fr\/wp3\/?attachment_id=9264'><img loading=\"lazy\" decoding=\"async\" width=\"300\" height=\"225\" src=\"https:\/\/meriller-vapeur.fr\/wp3\/wp-content\/uploads\/2018\/10\/DSC09973-16.09.2018-Limoges-B\u00e9n\u00e9dictins-140-C-38-CFTLP-300x225.jpg\" class=\"attachment-medium size-medium\" alt=\"\" aria-describedby=\"gallery-1-9264\" srcset=\"https:\/\/meriller-vapeur.fr\/wp3\/wp-content\/uploads\/2018\/10\/DSC09973-16.09.2018-Limoges-B\u00e9n\u00e9dictins-140-C-38-CFTLP-300x225.jpg 300w, https:\/\/meriller-vapeur.fr\/wp3\/wp-content\/uploads\/2018\/10\/DSC09973-16.09.2018-Limoges-B\u00e9n\u00e9dictins-140-C-38-CFTLP-768x576.jpg 768w, https:\/\/meriller-vapeur.fr\/wp3\/wp-content\/uploads\/2018\/10\/DSC09973-16.09.2018-Limoges-B\u00e9n\u00e9dictins-140-C-38-CFTLP-1024x768.jpg 1024w, https:\/\/meriller-vapeur.fr\/wp3\/wp-content\/uploads\/2018\/10\/DSC09973-16.09.2018-Limoges-B\u00e9n\u00e9dictins-140-C-38-CFTLP.jpg 1600w\" sizes=\"auto, (max-width: 300px) 100vw, 300px\" \/><\/a>\n\t\t\t<\/dt>\n\t\t\t\t<dd class='wp-caption-text gallery-caption' id='gallery-1-9264'>\n\t\t\t\t16.09.2018 &#8211; Limoges B\u00e9n\u00e9dictins 140 C 38 CFTLP\n\t\t\t\t<\/dd><\/dl><br style=\"clear: both\" \/><dl class='gallery-item'>\n\t\t\t<dt class='gallery-icon landscape'>\n\t\t\t\t<a href='https:\/\/meriller-vapeur.fr\/wp3\/?attachment_id=9265'><img loading=\"lazy\" decoding=\"async\" width=\"300\" height=\"225\" src=\"https:\/\/meriller-vapeur.fr\/wp3\/wp-content\/uploads\/2018\/10\/DSC09975-16.09.2018-Limoges-Benedictins-X-2907-lautorail-limousin-300x225.jpg\" class=\"attachment-medium size-medium\" alt=\"\" aria-describedby=\"gallery-1-9265\" srcset=\"https:\/\/meriller-vapeur.fr\/wp3\/wp-content\/uploads\/2018\/10\/DSC09975-16.09.2018-Limoges-Benedictins-X-2907-lautorail-limousin-300x225.jpg 300w, https:\/\/meriller-vapeur.fr\/wp3\/wp-content\/uploads\/2018\/10\/DSC09975-16.09.2018-Limoges-Benedictins-X-2907-lautorail-limousin-768x576.jpg 768w, https:\/\/meriller-vapeur.fr\/wp3\/wp-content\/uploads\/2018\/10\/DSC09975-16.09.2018-Limoges-Benedictins-X-2907-lautorail-limousin-1024x768.jpg 1024w, https:\/\/meriller-vapeur.fr\/wp3\/wp-content\/uploads\/2018\/10\/DSC09975-16.09.2018-Limoges-Benedictins-X-2907-lautorail-limousin.jpg 1600w\" sizes=\"auto, (max-width: 300px) 100vw, 300px\" \/><\/a>\n\t\t\t<\/dt>\n\t\t\t\t<dd class='wp-caption-text gallery-caption' id='gallery-1-9265'>\n\t\t\t\t16.09.2018 &#8211; Limoges Benedictins X 2907 l&rsquo;autorail limousin\n\t\t\t\t<\/dd><\/dl><dl class='gallery-item'>\n\t\t\t<dt class='gallery-icon landscape'>\n\t\t\t\t<a href='https:\/\/meriller-vapeur.fr\/wp3\/?attachment_id=9266'><img loading=\"lazy\" decoding=\"async\" width=\"300\" height=\"225\" src=\"https:\/\/meriller-vapeur.fr\/wp3\/wp-content\/uploads\/2018\/10\/DSC09995-16.09.2018-Limoges-B\u00e9n\u00e9dictins-040DE895-CFTLP-300x225.jpg\" class=\"attachment-medium size-medium\" alt=\"\" aria-describedby=\"gallery-1-9266\" srcset=\"https:\/\/meriller-vapeur.fr\/wp3\/wp-content\/uploads\/2018\/10\/DSC09995-16.09.2018-Limoges-B\u00e9n\u00e9dictins-040DE895-CFTLP-300x225.jpg 300w, https:\/\/meriller-vapeur.fr\/wp3\/wp-content\/uploads\/2018\/10\/DSC09995-16.09.2018-Limoges-B\u00e9n\u00e9dictins-040DE895-CFTLP-768x576.jpg 768w, https:\/\/meriller-vapeur.fr\/wp3\/wp-content\/uploads\/2018\/10\/DSC09995-16.09.2018-Limoges-B\u00e9n\u00e9dictins-040DE895-CFTLP-1024x768.jpg 1024w, https:\/\/meriller-vapeur.fr\/wp3\/wp-content\/uploads\/2018\/10\/DSC09995-16.09.2018-Limoges-B\u00e9n\u00e9dictins-040DE895-CFTLP.jpg 1600w\" sizes=\"auto, (max-width: 300px) 100vw, 300px\" \/><\/a>\n\t\t\t<\/dt>\n\t\t\t\t<dd class='wp-caption-text gallery-caption' id='gallery-1-9266'>\n\t\t\t\t16.09.2018 &#8211; Limoges B\u00e9n\u00e9dictins 040DE895 CFTLP\n\t\t\t\t<\/dd><\/dl><dl class='gallery-item'>\n\t\t\t<dt class='gallery-icon landscape'>\n\t\t\t\t<a href='https:\/\/meriller-vapeur.fr\/wp3\/?attachment_id=9267'><img loading=\"lazy\" decoding=\"async\" width=\"300\" height=\"225\" src=\"https:\/\/meriller-vapeur.fr\/wp3\/wp-content\/uploads\/2018\/10\/DSC09999-16.09.2018-Limoges-Benedictins-X-2844-lautorail-limousin-300x225.jpg\" class=\"attachment-medium size-medium\" alt=\"\" aria-describedby=\"gallery-1-9267\" srcset=\"https:\/\/meriller-vapeur.fr\/wp3\/wp-content\/uploads\/2018\/10\/DSC09999-16.09.2018-Limoges-Benedictins-X-2844-lautorail-limousin-300x225.jpg 300w, https:\/\/meriller-vapeur.fr\/wp3\/wp-content\/uploads\/2018\/10\/DSC09999-16.09.2018-Limoges-Benedictins-X-2844-lautorail-limousin-768x576.jpg 768w, https:\/\/meriller-vapeur.fr\/wp3\/wp-content\/uploads\/2018\/10\/DSC09999-16.09.2018-Limoges-Benedictins-X-2844-lautorail-limousin-1024x768.jpg 1024w, https:\/\/meriller-vapeur.fr\/wp3\/wp-content\/uploads\/2018\/10\/DSC09999-16.09.2018-Limoges-Benedictins-X-2844-lautorail-limousin.jpg 1600w\" sizes=\"auto, (max-width: 300px) 100vw, 300px\" \/><\/a>\n\t\t\t<\/dt>\n\t\t\t\t<dd class='wp-caption-text gallery-caption' id='gallery-1-9267'>\n\t\t\t\t16.09.2018 &#8211; Limoges Benedictins X 2844 l&rsquo;autorail limousin\n\t\t\t\t<\/dd><\/dl><br style=\"clear: both\" \/>\n\t\t<\/div>\n\n<pre>Page mise en ligne le\u00a007-10-2018<\/pre>\n<div class=\"pvc_clear\"><\/div>\n<p id=\"pvc_stats_9255\" class=\"pvc_stats all  \" data-element-id=\"9255\" style=\"\"><i class=\"pvc-stats-icon medium\" aria-hidden=\"true\"><svg aria-hidden=\"true\" focusable=\"false\" data-prefix=\"far\" data-icon=\"chart-bar\" role=\"img\" xmlns=\"http:\/\/www.w3.org\/2000\/svg\" viewBox=\"0 0 512 512\" class=\"svg-inline--fa fa-chart-bar fa-w-16 fa-2x\"><path fill=\"currentColor\" d=\"M396.8 352h22.4c6.4 0 12.8-6.4 12.8-12.8V108.8c0-6.4-6.4-12.8-12.8-12.8h-22.4c-6.4 0-12.8 6.4-12.8 12.8v230.4c0 6.4 6.4 12.8 12.8 12.8zm-192 0h22.4c6.4 0 12.8-6.4 12.8-12.8V140.8c0-6.4-6.4-12.8-12.8-12.8h-22.4c-6.4 0-12.8 6.4-12.8 12.8v198.4c0 6.4 6.4 12.8 12.8 12.8zm96 0h22.4c6.4 0 12.8-6.4 12.8-12.8V204.8c0-6.4-6.4-12.8-12.8-12.8h-22.4c-6.4 0-12.8 6.4-12.8 12.8v134.4c0 6.4 6.4 12.8 12.8 12.8zM496 400H48V80c0-8.84-7.16-16-16-16H16C7.16 64 0 71.16 0 80v336c0 17.67 14.33 32 32 32h464c8.84 0 16-7.16 16-16v-16c0-8.84-7.16-16-16-16zm-387.2-48h22.4c6.4 0 12.8-6.4 12.8-12.8v-70.4c0-6.4-6.4-12.8-12.8-12.8h-22.4c-6.4 0-12.8 6.4-12.8 12.8v70.4c0 6.4 6.4 12.8 12.8 12.8z\" class=\"\"><\/path><\/svg><\/i> <img loading=\"lazy\" decoding=\"async\" width=\"16\" height=\"16\" alt=\"Loading\" src=\"https:\/\/meriller-vapeur.fr\/wp3\/wp-content\/plugins\/page-views-count\/ajax-loader-2x.gif\" border=0 \/><\/p>\n<div class=\"pvc_clear\"><\/div>\n","protected":false},"excerpt":{"rendered":"<p>Jean PORCHER nous adresse quelques photos\u200c prises \u00e0 l&rsquo;occasion des \u00ab\u00a0JEP 2018\u00a0\u00bb, \u00e0 Montlu\u00e7on (Association des Anciens et Amis de la Traction Vapeur de Montlu\u00e7on) et \u00e0 Limoges (associations CFTLP et l&rsquo;autorail limousin). Voici ces clich\u00e9s dont nous le remercions vivement ! Page mise en ligne le\u00a007-10-2018<\/p>\n<div class=\"pvc_clear\"><\/div>\n<p id=\"pvc_stats_9255\" class=\"pvc_stats all  \" data-element-id=\"9255\" style=\"\"><i class=\"pvc-stats-icon medium\" aria-hidden=\"true\"><svg aria-hidden=\"true\" focusable=\"false\" data-prefix=\"far\" data-icon=\"chart-bar\" role=\"img\" xmlns=\"http:\/\/www.w3.org\/2000\/svg\" viewBox=\"0 0 512 512\" class=\"svg-inline--fa fa-chart-bar fa-w-16 fa-2x\"><path fill=\"currentColor\" d=\"M396.8 352h22.4c6.4 0 12.8-6.4 12.8-12.8V108.8c0-6.4-6.4-12.8-12.8-12.8h-22.4c-6.4 0-12.8 6.4-12.8 12.8v230.4c0 6.4 6.4 12.8 12.8 12.8zm-192 0h22.4c6.4 0 12.8-6.4 12.8-12.8V140.8c0-6.4-6.4-12.8-12.8-12.8h-22.4c-6.4 0-12.8 6.4-12.8 12.8v198.4c0 6.4 6.4 12.8 12.8 12.8zm96 0h22.4c6.4 0 12.8-6.4 12.8-12.8V204.8c0-6.4-6.4-12.8-12.8-12.8h-22.4c-6.4 0-12.8 6.4-12.8 12.8v134.4c0 6.4 6.4 12.8 12.8 12.8zM496 400H48V80c0-8.84-7.16-16-16-16H16C7.16 64 0 71.16 0 80v336c0 17.67 14.33 32 32 32h464c8.84 0 16-7.16 16-16v-16c0-8.84-7.16-16-16-16zm-387.2-48h22.4c6.4 0 12.8-6.4 12.8-12.8v-70.4c0-6.4-6.4-12.8-12.8-12.8h-22.4c-6.4 0-12.8 6.4-12.8 12.8v70.4c0 6.4 6.4 12.8 12.8 12.8z\" class=\"\"><\/path><\/svg><\/i> <img loading=\"lazy\" decoding=\"async\" width=\"16\" height=\"16\" alt=\"Loading\" src=\"https:\/\/meriller-vapeur.fr\/wp3\/wp-content\/plugins\/page-views-count\/ajax-loader-2x.gif\" border=0 \/><\/p>\n<div class=\"pvc_clear\"><\/div>\n","protected":false},"author":1,"featured_media":0,"parent":284,"menu_order":0,"comment_status":"closed","ping_status":"closed","template":"tmp-onecolumn.php","meta":{"footnotes":""},"class_list":["post-9255","page","type-page","status-publish","hentry"],"a3_pvc":{"activated":true,"total_views":325,"today_views":0},"_links":{"self":[{"href":"https:\/\/meriller-vapeur.fr\/wp3\/index.php?rest_route=\/wp\/v2\/pages\/9255","targetHints":{"allow":["GET"]}}],"collection":[{"href":"https:\/\/meriller-vapeur.fr\/wp3\/index.php?rest_route=\/wp\/v2\/pages"}],"about":[{"href":"https:\/\/meriller-vapeur.fr\/wp3\/index.php?rest_route=\/wp\/v2\/types\/page"}],"author":[{"embeddable":true,"href":"https:\/\/meriller-vapeur.fr\/wp3\/index.php?rest_route=\/wp\/v2\/users\/1"}],"replies":[{"embeddable":true,"href":"https:\/\/meriller-vapeur.fr\/wp3\/index.php?rest_route=%2Fwp%2Fv2%2Fcomments&post=9255"}],"version-history":[{"count":0,"href":"https:\/\/meriller-vapeur.fr\/wp3\/index.php?rest_route=\/wp\/v2\/pages\/9255\/revisions"}],"up":[{"embeddable":true,"href":"https:\/\/meriller-vapeur.fr\/wp3\/index.php?rest_route=\/wp\/v2\/pages\/284"}],"wp:attachment":[{"href":"https:\/\/meriller-vapeur.fr\/wp3\/index.php?rest_route=%2Fwp%2Fv2%2Fmedia&parent=9255"}],"curies":[{"name":"wp","href":"https:\/\/api.w.org\/{rel}","templated":true}]}}