{"id":9181,"date":"2018-09-06T19:13:28","date_gmt":"2018-09-06T17:13:28","guid":{"rendered":"https:\/\/meriller-vapeur.fr\/wp3\/?page_id=9181"},"modified":"2018-09-06T19:14:26","modified_gmt":"2018-09-06T17:14:26","slug":"premiere-rame-regiolis-affectee-a-la-relation-directe-limoges-bordeaux","status":"publish","type":"page","link":"https:\/\/meriller-vapeur.fr\/wp3\/?page_id=9181","title":{"rendered":"Premi\u00e8re rame R\u00e9giolis affect\u00e9e \u00e0 la relation directe Limoges &#8211; Bordeaux."},"content":{"rendered":"<p>Jean Porcher nous adresse un nouveau reportage photographique !<\/p>\n<blockquote><p>Le 04 septembre, la premi\u00e8re rame R\u00e9giolis affect\u00e9e \u00e0 la relation directe Limoges &#8211; Bordeaux a \u00e9t\u00e9 pr\u00e9sent\u00e9e en gare des B\u00e9n\u00e9dictins. Apr\u00e8s l&rsquo;inauguration elle a assur\u00e9 le Ter 865555 (Limoges 15.13 &#8211; P\u00e9rigueux 15.13\/16.19 &#8211; Bordeaux 17.33) Noter la livr\u00e9e \u00ab\u00a0Nouvelle Aquitaine\u00a0\u00bb.<br \/>\nCi-joint quelques photos<br \/>\nAmicalement<br \/>\nJean Porcher<\/p><\/blockquote>\n<p>Voici donc ces clich\u00e9s ainsi qu\u2019une affiche et un communiqu\u00e9 de presse de la R\u00e9gion.<\/p>\n\n\t\t<style type=\"text\/css\">\n\t\t\t#gallery-1 {\n\t\t\t\tmargin: auto;\n\t\t\t}\n\t\t\t#gallery-1 .gallery-item {\n\t\t\t\tfloat: left;\n\t\t\t\tmargin-top: 10px;\n\t\t\t\ttext-align: center;\n\t\t\t\twidth: 33%;\n\t\t\t}\n\t\t\t#gallery-1 img {\n\t\t\t\tborder: 2px solid #cfcfcf;\n\t\t\t}\n\t\t\t#gallery-1 .gallery-caption {\n\t\t\t\tmargin-left: 0;\n\t\t\t}\n\t\t\t\/* see gallery_shortcode() in wp-includes\/media.php *\/\n\t\t<\/style>\n\t\t<div id='gallery-1' class='gallery galleryid-9181 gallery-columns-3 gallery-size-medium'><dl class='gallery-item'>\n\t\t\t<dt class='gallery-icon landscape'>\n\t\t\t\t<a href='https:\/\/meriller-vapeur.fr\/wp3\/?attachment_id=9182'><img loading=\"lazy\" decoding=\"async\" width=\"300\" height=\"225\" src=\"https:\/\/meriller-vapeur.fr\/wp3\/wp-content\/uploads\/2018\/09\/DSC09805-04.09.2018-Limoges-B\u00e9n\u00e9dictins-B-84671M-300x225.jpg\" class=\"attachment-medium size-medium\" alt=\"\" aria-describedby=\"gallery-1-9182\" srcset=\"https:\/\/meriller-vapeur.fr\/wp3\/wp-content\/uploads\/2018\/09\/DSC09805-04.09.2018-Limoges-B\u00e9n\u00e9dictins-B-84671M-300x225.jpg 300w, https:\/\/meriller-vapeur.fr\/wp3\/wp-content\/uploads\/2018\/09\/DSC09805-04.09.2018-Limoges-B\u00e9n\u00e9dictins-B-84671M-768x576.jpg 768w, https:\/\/meriller-vapeur.fr\/wp3\/wp-content\/uploads\/2018\/09\/DSC09805-04.09.2018-Limoges-B\u00e9n\u00e9dictins-B-84671M-1024x768.jpg 1024w, https:\/\/meriller-vapeur.fr\/wp3\/wp-content\/uploads\/2018\/09\/DSC09805-04.09.2018-Limoges-B\u00e9n\u00e9dictins-B-84671M.jpg 1600w\" sizes=\"auto, (max-width: 300px) 100vw, 300px\" \/><\/a>\n\t\t\t<\/dt>\n\t\t\t\t<dd class='wp-caption-text gallery-caption' id='gallery-1-9182'>\n\t\t\t\tLimoges B\u00e9n\u00e9dictins B 84671M\n\t\t\t\t<\/dd><\/dl><dl class='gallery-item'>\n\t\t\t<dt class='gallery-icon landscape'>\n\t\t\t\t<a href='https:\/\/meriller-vapeur.fr\/wp3\/?attachment_id=9183'><img loading=\"lazy\" decoding=\"async\" width=\"300\" height=\"225\" src=\"https:\/\/meriller-vapeur.fr\/wp3\/wp-content\/uploads\/2018\/09\/DSC09809-04.09.2018-Limoges-B\u00e9n\u00e9dictins-B-84671M-300x225.jpg\" class=\"attachment-medium size-medium\" alt=\"\" aria-describedby=\"gallery-1-9183\" srcset=\"https:\/\/meriller-vapeur.fr\/wp3\/wp-content\/uploads\/2018\/09\/DSC09809-04.09.2018-Limoges-B\u00e9n\u00e9dictins-B-84671M-300x225.jpg 300w, https:\/\/meriller-vapeur.fr\/wp3\/wp-content\/uploads\/2018\/09\/DSC09809-04.09.2018-Limoges-B\u00e9n\u00e9dictins-B-84671M-768x576.jpg 768w, https:\/\/meriller-vapeur.fr\/wp3\/wp-content\/uploads\/2018\/09\/DSC09809-04.09.2018-Limoges-B\u00e9n\u00e9dictins-B-84671M-1024x768.jpg 1024w, https:\/\/meriller-vapeur.fr\/wp3\/wp-content\/uploads\/2018\/09\/DSC09809-04.09.2018-Limoges-B\u00e9n\u00e9dictins-B-84671M.jpg 1600w\" sizes=\"auto, (max-width: 300px) 100vw, 300px\" \/><\/a>\n\t\t\t<\/dt>\n\t\t\t\t<dd class='wp-caption-text gallery-caption' id='gallery-1-9183'>\n\t\t\t\tLimoges B\u00e9n\u00e9dictins B 84671M\n\t\t\t\t<\/dd><\/dl><dl class='gallery-item'>\n\t\t\t<dt class='gallery-icon landscape'>\n\t\t\t\t<a href='https:\/\/meriller-vapeur.fr\/wp3\/?attachment_id=9184'><img loading=\"lazy\" decoding=\"async\" width=\"300\" height=\"225\" src=\"https:\/\/meriller-vapeur.fr\/wp3\/wp-content\/uploads\/2018\/09\/DSC09813-04.09.2018-Limog-es-B\u00e9n\u00e9dictins-B-84671M-300x225.jpg\" class=\"attachment-medium size-medium\" alt=\"\" aria-describedby=\"gallery-1-9184\" srcset=\"https:\/\/meriller-vapeur.fr\/wp3\/wp-content\/uploads\/2018\/09\/DSC09813-04.09.2018-Limog-es-B\u00e9n\u00e9dictins-B-84671M-300x225.jpg 300w, https:\/\/meriller-vapeur.fr\/wp3\/wp-content\/uploads\/2018\/09\/DSC09813-04.09.2018-Limog-es-B\u00e9n\u00e9dictins-B-84671M-768x576.jpg 768w, https:\/\/meriller-vapeur.fr\/wp3\/wp-content\/uploads\/2018\/09\/DSC09813-04.09.2018-Limog-es-B\u00e9n\u00e9dictins-B-84671M-1024x768.jpg 1024w, https:\/\/meriller-vapeur.fr\/wp3\/wp-content\/uploads\/2018\/09\/DSC09813-04.09.2018-Limog-es-B\u00e9n\u00e9dictins-B-84671M.jpg 1600w\" sizes=\"auto, (max-width: 300px) 100vw, 300px\" \/><\/a>\n\t\t\t<\/dt>\n\t\t\t\t<dd class='wp-caption-text gallery-caption' id='gallery-1-9184'>\n\t\t\t\tLimoges B\u00e9n\u00e9dictins B 84671M\n\t\t\t\t<\/dd><\/dl><br style=\"clear: both\" \/><dl class='gallery-item'>\n\t\t\t<dt class='gallery-icon landscape'>\n\t\t\t\t<a href='https:\/\/meriller-vapeur.fr\/wp3\/?attachment_id=9185'><img loading=\"lazy\" decoding=\"async\" width=\"300\" height=\"225\" src=\"https:\/\/meriller-vapeur.fr\/wp3\/wp-content\/uploads\/2018\/09\/DSC09865-04.09.2018-P\u00e9rigueux-Ter-865555-B-84671M-300x225.jpg\" class=\"attachment-medium size-medium\" alt=\"\" aria-describedby=\"gallery-1-9185\" srcset=\"https:\/\/meriller-vapeur.fr\/wp3\/wp-content\/uploads\/2018\/09\/DSC09865-04.09.2018-P\u00e9rigueux-Ter-865555-B-84671M-300x225.jpg 300w, https:\/\/meriller-vapeur.fr\/wp3\/wp-content\/uploads\/2018\/09\/DSC09865-04.09.2018-P\u00e9rigueux-Ter-865555-B-84671M-768x576.jpg 768w, https:\/\/meriller-vapeur.fr\/wp3\/wp-content\/uploads\/2018\/09\/DSC09865-04.09.2018-P\u00e9rigueux-Ter-865555-B-84671M-1024x768.jpg 1024w, https:\/\/meriller-vapeur.fr\/wp3\/wp-content\/uploads\/2018\/09\/DSC09865-04.09.2018-P\u00e9rigueux-Ter-865555-B-84671M.jpg 1600w\" sizes=\"auto, (max-width: 300px) 100vw, 300px\" \/><\/a>\n\t\t\t<\/dt>\n\t\t\t\t<dd class='wp-caption-text gallery-caption' id='gallery-1-9185'>\n\t\t\t\tP\u00e9rigueux Ter 865555 B 84671M\n\t\t\t\t<\/dd><\/dl><dl class='gallery-item'>\n\t\t\t<dt class='gallery-icon landscape'>\n\t\t\t\t<a href='https:\/\/meriller-vapeur.fr\/wp3\/?attachment_id=9186'><img loading=\"lazy\" decoding=\"async\" width=\"300\" height=\"225\" src=\"https:\/\/meriller-vapeur.fr\/wp3\/wp-content\/uploads\/2018\/09\/DSC09866-04.09.2018-P\u00e9rigueux-Ter-865555-B-84671M--300x225.jpg\" class=\"attachment-medium size-medium\" alt=\"\" aria-describedby=\"gallery-1-9186\" srcset=\"https:\/\/meriller-vapeur.fr\/wp3\/wp-content\/uploads\/2018\/09\/DSC09866-04.09.2018-P\u00e9rigueux-Ter-865555-B-84671M--300x225.jpg 300w, https:\/\/meriller-vapeur.fr\/wp3\/wp-content\/uploads\/2018\/09\/DSC09866-04.09.2018-P\u00e9rigueux-Ter-865555-B-84671M--768x576.jpg 768w, https:\/\/meriller-vapeur.fr\/wp3\/wp-content\/uploads\/2018\/09\/DSC09866-04.09.2018-P\u00e9rigueux-Ter-865555-B-84671M--1024x768.jpg 1024w, https:\/\/meriller-vapeur.fr\/wp3\/wp-content\/uploads\/2018\/09\/DSC09866-04.09.2018-P\u00e9rigueux-Ter-865555-B-84671M-.jpg 1600w\" sizes=\"auto, (max-width: 300px) 100vw, 300px\" \/><\/a>\n\t\t\t<\/dt>\n\t\t\t\t<dd class='wp-caption-text gallery-caption' id='gallery-1-9186'>\n\t\t\t\tP\u00e9rigueux Ter 865555 B 84671M\n\t\t\t\t<\/dd><\/dl><dl class='gallery-item'>\n\t\t\t<dt class='gallery-icon landscape'>\n\t\t\t\t<a href='https:\/\/meriller-vapeur.fr\/wp3\/?attachment_id=9187'><img loading=\"lazy\" decoding=\"async\" width=\"300\" height=\"225\" src=\"https:\/\/meriller-vapeur.fr\/wp3\/wp-content\/uploads\/2018\/09\/DSC09867-04.09.2018-P\u00e9rigueux-Ter-865555-B-84671M--300x225.jpg\" class=\"attachment-medium size-medium\" alt=\"\" aria-describedby=\"gallery-1-9187\" srcset=\"https:\/\/meriller-vapeur.fr\/wp3\/wp-content\/uploads\/2018\/09\/DSC09867-04.09.2018-P\u00e9rigueux-Ter-865555-B-84671M--300x225.jpg 300w, https:\/\/meriller-vapeur.fr\/wp3\/wp-content\/uploads\/2018\/09\/DSC09867-04.09.2018-P\u00e9rigueux-Ter-865555-B-84671M--768x576.jpg 768w, https:\/\/meriller-vapeur.fr\/wp3\/wp-content\/uploads\/2018\/09\/DSC09867-04.09.2018-P\u00e9rigueux-Ter-865555-B-84671M--1024x768.jpg 1024w, https:\/\/meriller-vapeur.fr\/wp3\/wp-content\/uploads\/2018\/09\/DSC09867-04.09.2018-P\u00e9rigueux-Ter-865555-B-84671M-.jpg 1600w\" sizes=\"auto, (max-width: 300px) 100vw, 300px\" \/><\/a>\n\t\t\t<\/dt>\n\t\t\t\t<dd class='wp-caption-text gallery-caption' id='gallery-1-9187'>\n\t\t\t\tP\u00e9rigueux Ter 865555 B 84671M \n\t\t\t\t<\/dd><\/dl><br style=\"clear: both\" \/>\n\t\t<\/div>\n\n<p><a href=\"https:\/\/meriller-vapeur.fr\/wp3\/wp-content\/uploads\/2018\/09\/R\u00e9giolis-2018.09.04.jpg\" target=\"_blank\" rel=\"noopener\"><img loading=\"lazy\" decoding=\"async\" class=\"alignleft wp-image-9189 size-medium\" src=\"https:\/\/meriller-vapeur.fr\/wp3\/wp-content\/uploads\/2018\/09\/R\u00e9giolis-2018.09.04-240x300.jpg\" alt=\"\" width=\"240\" height=\"300\" srcset=\"https:\/\/meriller-vapeur.fr\/wp3\/wp-content\/uploads\/2018\/09\/R\u00e9giolis-2018.09.04-240x300.jpg 240w, https:\/\/meriller-vapeur.fr\/wp3\/wp-content\/uploads\/2018\/09\/R\u00e9giolis-2018.09.04-768x961.jpg 768w, https:\/\/meriller-vapeur.fr\/wp3\/wp-content\/uploads\/2018\/09\/R\u00e9giolis-2018.09.04-819x1024.jpg 819w, https:\/\/meriller-vapeur.fr\/wp3\/wp-content\/uploads\/2018\/09\/R\u00e9giolis-2018.09.04.jpg 1976w\" sizes=\"auto, (max-width: 240px) 100vw, 240px\" \/><\/a><\/p>\n<p>&nbsp;<\/p>\n<p>&nbsp;<\/p>\n<p>&nbsp;<\/p>\n<p>&nbsp;<\/p>\n<p>&nbsp;<\/p>\n<p>&nbsp;<\/p>\n<p>&nbsp;<\/p>\n<p><a href=\"https:\/\/meriller-vapeur.fr\/wp3\/wp-content\/uploads\/2018\/09\/CP-InaugurationRegiolisGareLimoges-04092018.jpg\" target=\"_blank\" rel=\"noopener\"><img loading=\"lazy\" decoding=\"async\" class=\"alignleft wp-image-9191 size-large\" src=\"https:\/\/meriller-vapeur.fr\/wp3\/wp-content\/uploads\/2018\/09\/CP-InaugurationRegiolisGareLimoges-04092018-724x1024.jpg\" alt=\"\" width=\"688\" height=\"973\" srcset=\"https:\/\/meriller-vapeur.fr\/wp3\/wp-content\/uploads\/2018\/09\/CP-InaugurationRegiolisGareLimoges-04092018-724x1024.jpg 724w, https:\/\/meriller-vapeur.fr\/wp3\/wp-content\/uploads\/2018\/09\/CP-InaugurationRegiolisGareLimoges-04092018-212x300.jpg 212w, https:\/\/meriller-vapeur.fr\/wp3\/wp-content\/uploads\/2018\/09\/CP-InaugurationRegiolisGareLimoges-04092018-768x1087.jpg 768w, https:\/\/meriller-vapeur.fr\/wp3\/wp-content\/uploads\/2018\/09\/CP-InaugurationRegiolisGareLimoges-04092018.jpg 1239w\" sizes=\"auto, (max-width: 688px) 100vw, 688px\" \/><\/a><br \/>\n<em>Page mise en ligne le 06-09-2018.<\/em><\/p>\n<p>&nbsp;<\/p>\n<div class=\"pvc_clear\"><\/div>\n<p id=\"pvc_stats_9181\" class=\"pvc_stats all  \" data-element-id=\"9181\" style=\"\"><i class=\"pvc-stats-icon medium\" aria-hidden=\"true\"><svg aria-hidden=\"true\" focusable=\"false\" data-prefix=\"far\" data-icon=\"chart-bar\" role=\"img\" xmlns=\"http:\/\/www.w3.org\/2000\/svg\" viewBox=\"0 0 512 512\" class=\"svg-inline--fa fa-chart-bar fa-w-16 fa-2x\"><path fill=\"currentColor\" d=\"M396.8 352h22.4c6.4 0 12.8-6.4 12.8-12.8V108.8c0-6.4-6.4-12.8-12.8-12.8h-22.4c-6.4 0-12.8 6.4-12.8 12.8v230.4c0 6.4 6.4 12.8 12.8 12.8zm-192 0h22.4c6.4 0 12.8-6.4 12.8-12.8V140.8c0-6.4-6.4-12.8-12.8-12.8h-22.4c-6.4 0-12.8 6.4-12.8 12.8v198.4c0 6.4 6.4 12.8 12.8 12.8zm96 0h22.4c6.4 0 12.8-6.4 12.8-12.8V204.8c0-6.4-6.4-12.8-12.8-12.8h-22.4c-6.4 0-12.8 6.4-12.8 12.8v134.4c0 6.4 6.4 12.8 12.8 12.8zM496 400H48V80c0-8.84-7.16-16-16-16H16C7.16 64 0 71.16 0 80v336c0 17.67 14.33 32 32 32h464c8.84 0 16-7.16 16-16v-16c0-8.84-7.16-16-16-16zm-387.2-48h22.4c6.4 0 12.8-6.4 12.8-12.8v-70.4c0-6.4-6.4-12.8-12.8-12.8h-22.4c-6.4 0-12.8 6.4-12.8 12.8v70.4c0 6.4 6.4 12.8 12.8 12.8z\" class=\"\"><\/path><\/svg><\/i> <img loading=\"lazy\" decoding=\"async\" width=\"16\" height=\"16\" alt=\"Loading\" src=\"https:\/\/meriller-vapeur.fr\/wp3\/wp-content\/plugins\/page-views-count\/ajax-loader-2x.gif\" border=0 \/><\/p>\n<div class=\"pvc_clear\"><\/div>\n","protected":false},"excerpt":{"rendered":"<p>Jean Porcher nous adresse un nouveau reportage photographique ! Le 04 septembre, la premi\u00e8re rame R\u00e9giolis affect\u00e9e \u00e0 la relation directe Limoges &#8211; Bordeaux a \u00e9t\u00e9 pr\u00e9sent\u00e9e en gare des B\u00e9n\u00e9dictins. Apr\u00e8s l&rsquo;inauguration elle a assur\u00e9 le Ter 865555 (Limoges 15.13 &#8211; P\u00e9rigueux 15.13\/16.19 &#8211; Bordeaux 17.33) Noter la livr\u00e9e \u00ab\u00a0Nouvelle Aquitaine\u00a0\u00bb. Ci-joint quelques photos\u2026 <span class=\"read-more\"><a href=\"https:\/\/meriller-vapeur.fr\/wp3\/?page_id=9181\">Read More &raquo;<\/a><\/span><\/p>\n<div class=\"pvc_clear\"><\/div>\n<p id=\"pvc_stats_9181\" class=\"pvc_stats all  \" data-element-id=\"9181\" style=\"\"><i class=\"pvc-stats-icon medium\" aria-hidden=\"true\"><svg aria-hidden=\"true\" focusable=\"false\" data-prefix=\"far\" data-icon=\"chart-bar\" role=\"img\" xmlns=\"http:\/\/www.w3.org\/2000\/svg\" viewBox=\"0 0 512 512\" class=\"svg-inline--fa fa-chart-bar fa-w-16 fa-2x\"><path fill=\"currentColor\" d=\"M396.8 352h22.4c6.4 0 12.8-6.4 12.8-12.8V108.8c0-6.4-6.4-12.8-12.8-12.8h-22.4c-6.4 0-12.8 6.4-12.8 12.8v230.4c0 6.4 6.4 12.8 12.8 12.8zm-192 0h22.4c6.4 0 12.8-6.4 12.8-12.8V140.8c0-6.4-6.4-12.8-12.8-12.8h-22.4c-6.4 0-12.8 6.4-12.8 12.8v198.4c0 6.4 6.4 12.8 12.8 12.8zm96 0h22.4c6.4 0 12.8-6.4 12.8-12.8V204.8c0-6.4-6.4-12.8-12.8-12.8h-22.4c-6.4 0-12.8 6.4-12.8 12.8v134.4c0 6.4 6.4 12.8 12.8 12.8zM496 400H48V80c0-8.84-7.16-16-16-16H16C7.16 64 0 71.16 0 80v336c0 17.67 14.33 32 32 32h464c8.84 0 16-7.16 16-16v-16c0-8.84-7.16-16-16-16zm-387.2-48h22.4c6.4 0 12.8-6.4 12.8-12.8v-70.4c0-6.4-6.4-12.8-12.8-12.8h-22.4c-6.4 0-12.8 6.4-12.8 12.8v70.4c0 6.4 6.4 12.8 12.8 12.8z\" class=\"\"><\/path><\/svg><\/i> <img loading=\"lazy\" decoding=\"async\" width=\"16\" height=\"16\" alt=\"Loading\" src=\"https:\/\/meriller-vapeur.fr\/wp3\/wp-content\/plugins\/page-views-count\/ajax-loader-2x.gif\" border=0 \/><\/p>\n<div class=\"pvc_clear\"><\/div>\n","protected":false},"author":1,"featured_media":0,"parent":284,"menu_order":0,"comment_status":"closed","ping_status":"closed","template":"tmp-onecolumn.php","meta":{"footnotes":""},"class_list":["post-9181","page","type-page","status-publish","hentry"],"_links":{"self":[{"href":"https:\/\/meriller-vapeur.fr\/wp3\/index.php?rest_route=\/wp\/v2\/pages\/9181","targetHints":{"allow":["GET"]}}],"collection":[{"href":"https:\/\/meriller-vapeur.fr\/wp3\/index.php?rest_route=\/wp\/v2\/pages"}],"about":[{"href":"https:\/\/meriller-vapeur.fr\/wp3\/index.php?rest_route=\/wp\/v2\/types\/page"}],"author":[{"embeddable":true,"href":"https:\/\/meriller-vapeur.fr\/wp3\/index.php?rest_route=\/wp\/v2\/users\/1"}],"replies":[{"embeddable":true,"href":"https:\/\/meriller-vapeur.fr\/wp3\/index.php?rest_route=%2Fwp%2Fv2%2Fcomments&post=9181"}],"version-history":[{"count":0,"href":"https:\/\/meriller-vapeur.fr\/wp3\/index.php?rest_route=\/wp\/v2\/pages\/9181\/revisions"}],"up":[{"embeddable":true,"href":"https:\/\/meriller-vapeur.fr\/wp3\/index.php?rest_route=\/wp\/v2\/pages\/284"}],"wp:attachment":[{"href":"https:\/\/meriller-vapeur.fr\/wp3\/index.php?rest_route=%2Fwp%2Fv2%2Fmedia&parent=9181"}],"curies":[{"name":"wp","href":"https:\/\/api.w.org\/{rel}","templated":true}]}}