{"id":8753,"date":"2018-07-19T17:01:39","date_gmt":"2018-07-19T15:01:39","guid":{"rendered":"https:\/\/meriller-vapeur.fr\/wp3\/?page_id=8753"},"modified":"2019-03-01T15:25:28","modified_gmt":"2019-03-01T14:25:28","slug":"nouveau-reseau-de-pierre-perrier-juillet-2018","status":"publish","type":"page","link":"https:\/\/meriller-vapeur.fr\/wp3\/?page_id=8753","title":{"rendered":"NOUVEAU RESEAU de PIERRE PERRIER, juillet 2018"},"content":{"rendered":"<p>Il vaut mieux un petit r\u00e9seau que pas de r\u00e9seau du tout. Partant de ce principe, j\u2019ai recommenc\u00e9 un r\u00e9seau ne prenant que peu de place dans ce qui est \u00ab\u00a0la chambre des trains\u00a0\u00bb mais dont la vocation premi\u00e8re est une chambre \u00e0 coucher, lorsqu\u2019enfants et petits-enfants sont l\u00e0. Le nouveau r\u00e9seau est donc une installation en \u00ab\u00a0L\u00a0\u00bb, pos\u00e9e sur deux commodes install\u00e9es contre deux murs en angle droit.<\/p>\n<ul>\n<li>Largeur 42 cm<\/li>\n<li>Longueurs 240 et 230 cm<\/li>\n<li>Hauteur du plan principal 101 cm<\/li>\n<\/ul>\n<p>Le trac\u00e9 est on ne peut plus simple. Au ras du plateau une simple voie se d\u00e9doublant de chaque c\u00f4t\u00e9 via une aiguille. Exploitation en digital. Plus une voie l\u00e9g\u00e8rement sur\u00e9lev\u00e9e \u00e9quip\u00e9e d\u2019un syst\u00e8me de va-et-vient automatique, sur laquelle circuleront des v\u00e9hicules en analogique, pour cr\u00e9er du mouvement lorsqu\u2019il y aura des visiteurs.<\/p>\n<p>Le d\u00e9cor est en cours d\u2019\u00e9laboration, et comprendra des \u00e9l\u00e9ments du commerce et des constructions \u00ab\u00a0maison\u00a0\u00bb.<\/p>\n<p>Ci-dessous, quelques photos des premiers travaux.<\/p>\n\n\t\t<style type=\"text\/css\">\n\t\t\t#gallery-1 {\n\t\t\t\tmargin: auto;\n\t\t\t}\n\t\t\t#gallery-1 .gallery-item {\n\t\t\t\tfloat: left;\n\t\t\t\tmargin-top: 10px;\n\t\t\t\ttext-align: center;\n\t\t\t\twidth: 100%;\n\t\t\t}\n\t\t\t#gallery-1 img {\n\t\t\t\tborder: 2px solid #cfcfcf;\n\t\t\t}\n\t\t\t#gallery-1 .gallery-caption {\n\t\t\t\tmargin-left: 0;\n\t\t\t}\n\t\t\t\/* see gallery_shortcode() in wp-includes\/media.php *\/\n\t\t<\/style>\n\t\t<div id='gallery-1' class='gallery galleryid-8753 gallery-columns-1 gallery-size-large'><dl class='gallery-item'>\n\t\t\t<dt class='gallery-icon landscape'>\n\t\t\t\t<a href='https:\/\/meriller-vapeur.fr\/wp3\/?attachment_id=8748'><img loading=\"lazy\" decoding=\"async\" width=\"665\" height=\"444\" src=\"https:\/\/meriller-vapeur.fr\/wp3\/wp-content\/uploads\/2018\/07\/Essai-de-d\u00e9cor-1024x683.jpg\" class=\"attachment-large size-large\" alt=\"\" aria-describedby=\"gallery-1-8748\" srcset=\"https:\/\/meriller-vapeur.fr\/wp3\/wp-content\/uploads\/2018\/07\/Essai-de-d\u00e9cor-1024x683.jpg 1024w, https:\/\/meriller-vapeur.fr\/wp3\/wp-content\/uploads\/2018\/07\/Essai-de-d\u00e9cor-300x200.jpg 300w, https:\/\/meriller-vapeur.fr\/wp3\/wp-content\/uploads\/2018\/07\/Essai-de-d\u00e9cor-768x512.jpg 768w, https:\/\/meriller-vapeur.fr\/wp3\/wp-content\/uploads\/2018\/07\/Essai-de-d\u00e9cor.jpg 1600w\" sizes=\"auto, (max-width: 665px) 100vw, 665px\" \/><\/a>\n\t\t\t<\/dt>\n\t\t\t\t<dd class='wp-caption-text gallery-caption' id='gallery-1-8748'>\n\t\t\t\tEssai de d\u00e9cor\n\t\t\t\t<\/dd><\/dl><br style=\"clear: both\" \/><dl class='gallery-item'>\n\t\t\t<dt class='gallery-icon landscape'>\n\t\t\t\t<a href='https:\/\/meriller-vapeur.fr\/wp3\/?attachment_id=8749'><img loading=\"lazy\" decoding=\"async\" width=\"665\" height=\"444\" src=\"https:\/\/meriller-vapeur.fr\/wp3\/wp-content\/uploads\/2018\/07\/Modules-fin-de-construction-1024x683.jpg\" class=\"attachment-large size-large\" alt=\"\" aria-describedby=\"gallery-1-8749\" srcset=\"https:\/\/meriller-vapeur.fr\/wp3\/wp-content\/uploads\/2018\/07\/Modules-fin-de-construction-1024x683.jpg 1024w, https:\/\/meriller-vapeur.fr\/wp3\/wp-content\/uploads\/2018\/07\/Modules-fin-de-construction-300x200.jpg 300w, https:\/\/meriller-vapeur.fr\/wp3\/wp-content\/uploads\/2018\/07\/Modules-fin-de-construction-768x512.jpg 768w, https:\/\/meriller-vapeur.fr\/wp3\/wp-content\/uploads\/2018\/07\/Modules-fin-de-construction.jpg 1600w\" sizes=\"auto, (max-width: 665px) 100vw, 665px\" \/><\/a>\n\t\t\t<\/dt>\n\t\t\t\t<dd class='wp-caption-text gallery-caption' id='gallery-1-8749'>\n\t\t\t\tModules fin de construction\n\t\t\t\t<\/dd><\/dl><br style=\"clear: both\" \/><dl class='gallery-item'>\n\t\t\t<dt class='gallery-icon landscape'>\n\t\t\t\t<a href='https:\/\/meriller-vapeur.fr\/wp3\/?attachment_id=8750'><img loading=\"lazy\" decoding=\"async\" width=\"665\" height=\"444\" src=\"https:\/\/meriller-vapeur.fr\/wp3\/wp-content\/uploads\/2018\/07\/Modules-positionn\u00e9s-1024x683.jpg\" class=\"attachment-large size-large\" alt=\"\" aria-describedby=\"gallery-1-8750\" srcset=\"https:\/\/meriller-vapeur.fr\/wp3\/wp-content\/uploads\/2018\/07\/Modules-positionn\u00e9s-1024x683.jpg 1024w, https:\/\/meriller-vapeur.fr\/wp3\/wp-content\/uploads\/2018\/07\/Modules-positionn\u00e9s-300x200.jpg 300w, https:\/\/meriller-vapeur.fr\/wp3\/wp-content\/uploads\/2018\/07\/Modules-positionn\u00e9s-768x512.jpg 768w, https:\/\/meriller-vapeur.fr\/wp3\/wp-content\/uploads\/2018\/07\/Modules-positionn\u00e9s.jpg 1600w\" sizes=\"auto, (max-width: 665px) 100vw, 665px\" \/><\/a>\n\t\t\t<\/dt>\n\t\t\t\t<dd class='wp-caption-text gallery-caption' id='gallery-1-8750'>\n\t\t\t\tModules positionn\u00e9s\n\t\t\t\t<\/dd><\/dl><br style=\"clear: both\" \/><dl class='gallery-item'>\n\t\t\t<dt class='gallery-icon landscape'>\n\t\t\t\t<a href='https:\/\/meriller-vapeur.fr\/wp3\/?attachment_id=8751'><img loading=\"lazy\" decoding=\"async\" width=\"665\" height=\"444\" src=\"https:\/\/meriller-vapeur.fr\/wp3\/wp-content\/uploads\/2018\/07\/pose-semelles-de-voies-1024x683.jpg\" class=\"attachment-large size-large\" alt=\"\" aria-describedby=\"gallery-1-8751\" srcset=\"https:\/\/meriller-vapeur.fr\/wp3\/wp-content\/uploads\/2018\/07\/pose-semelles-de-voies-1024x683.jpg 1024w, https:\/\/meriller-vapeur.fr\/wp3\/wp-content\/uploads\/2018\/07\/pose-semelles-de-voies-300x200.jpg 300w, https:\/\/meriller-vapeur.fr\/wp3\/wp-content\/uploads\/2018\/07\/pose-semelles-de-voies-768x512.jpg 768w, https:\/\/meriller-vapeur.fr\/wp3\/wp-content\/uploads\/2018\/07\/pose-semelles-de-voies.jpg 1600w\" sizes=\"auto, (max-width: 665px) 100vw, 665px\" \/><\/a>\n\t\t\t<\/dt>\n\t\t\t\t<dd class='wp-caption-text gallery-caption' id='gallery-1-8751'>\n\t\t\t\tPose semelles de voies\n\t\t\t\t<\/dd><\/dl><br style=\"clear: both\" \/>\n\t\t<\/div>\n\n<p>La suite est \u00e0 voir <a href=\"https:\/\/meriller-vapeur.fr\/wp3\/?page_id=9879\">&gt;&gt;&gt;&gt;&gt;&gt;&gt;&gt;&gt;&gt;&gt;&gt;&gt;&gt;&gt;&gt;&gt;ICI.<\/a><\/p>\n<p>&nbsp;<\/p>\n<pre>Page mise en ligne le\u00a019-07-2018.\u00a0Modifi\u00e9e le 01-03-2019.<\/pre>\n<div class=\"pvc_clear\"><\/div>\n<p id=\"pvc_stats_8753\" class=\"pvc_stats all  \" data-element-id=\"8753\" style=\"\"><i class=\"pvc-stats-icon medium\" aria-hidden=\"true\"><svg aria-hidden=\"true\" focusable=\"false\" data-prefix=\"far\" data-icon=\"chart-bar\" role=\"img\" xmlns=\"http:\/\/www.w3.org\/2000\/svg\" viewBox=\"0 0 512 512\" class=\"svg-inline--fa fa-chart-bar fa-w-16 fa-2x\"><path fill=\"currentColor\" d=\"M396.8 352h22.4c6.4 0 12.8-6.4 12.8-12.8V108.8c0-6.4-6.4-12.8-12.8-12.8h-22.4c-6.4 0-12.8 6.4-12.8 12.8v230.4c0 6.4 6.4 12.8 12.8 12.8zm-192 0h22.4c6.4 0 12.8-6.4 12.8-12.8V140.8c0-6.4-6.4-12.8-12.8-12.8h-22.4c-6.4 0-12.8 6.4-12.8 12.8v198.4c0 6.4 6.4 12.8 12.8 12.8zm96 0h22.4c6.4 0 12.8-6.4 12.8-12.8V204.8c0-6.4-6.4-12.8-12.8-12.8h-22.4c-6.4 0-12.8 6.4-12.8 12.8v134.4c0 6.4 6.4 12.8 12.8 12.8zM496 400H48V80c0-8.84-7.16-16-16-16H16C7.16 64 0 71.16 0 80v336c0 17.67 14.33 32 32 32h464c8.84 0 16-7.16 16-16v-16c0-8.84-7.16-16-16-16zm-387.2-48h22.4c6.4 0 12.8-6.4 12.8-12.8v-70.4c0-6.4-6.4-12.8-12.8-12.8h-22.4c-6.4 0-12.8 6.4-12.8 12.8v70.4c0 6.4 6.4 12.8 12.8 12.8z\" class=\"\"><\/path><\/svg><\/i> <img loading=\"lazy\" decoding=\"async\" width=\"16\" height=\"16\" alt=\"Loading\" src=\"https:\/\/meriller-vapeur.fr\/wp3\/wp-content\/plugins\/page-views-count\/ajax-loader-2x.gif\" border=0 \/><\/p>\n<div class=\"pvc_clear\"><\/div>\n","protected":false},"excerpt":{"rendered":"<p>Il vaut mieux un petit r\u00e9seau que pas de r\u00e9seau du tout. Partant de ce principe, j\u2019ai recommenc\u00e9 un r\u00e9seau ne prenant que peu de place dans ce qui est \u00ab\u00a0la chambre des trains\u00a0\u00bb mais dont la vocation premi\u00e8re est une chambre \u00e0 coucher, lorsqu\u2019enfants et petits-enfants sont l\u00e0. Le nouveau r\u00e9seau est donc une\u2026 <span class=\"read-more\"><a href=\"https:\/\/meriller-vapeur.fr\/wp3\/?page_id=8753\">Read More &raquo;<\/a><\/span><\/p>\n<div class=\"pvc_clear\"><\/div>\n<p id=\"pvc_stats_8753\" class=\"pvc_stats all  \" data-element-id=\"8753\" style=\"\"><i class=\"pvc-stats-icon medium\" aria-hidden=\"true\"><svg aria-hidden=\"true\" focusable=\"false\" data-prefix=\"far\" data-icon=\"chart-bar\" role=\"img\" xmlns=\"http:\/\/www.w3.org\/2000\/svg\" viewBox=\"0 0 512 512\" class=\"svg-inline--fa fa-chart-bar fa-w-16 fa-2x\"><path fill=\"currentColor\" d=\"M396.8 352h22.4c6.4 0 12.8-6.4 12.8-12.8V108.8c0-6.4-6.4-12.8-12.8-12.8h-22.4c-6.4 0-12.8 6.4-12.8 12.8v230.4c0 6.4 6.4 12.8 12.8 12.8zm-192 0h22.4c6.4 0 12.8-6.4 12.8-12.8V140.8c0-6.4-6.4-12.8-12.8-12.8h-22.4c-6.4 0-12.8 6.4-12.8 12.8v198.4c0 6.4 6.4 12.8 12.8 12.8zm96 0h22.4c6.4 0 12.8-6.4 12.8-12.8V204.8c0-6.4-6.4-12.8-12.8-12.8h-22.4c-6.4 0-12.8 6.4-12.8 12.8v134.4c0 6.4 6.4 12.8 12.8 12.8zM496 400H48V80c0-8.84-7.16-16-16-16H16C7.16 64 0 71.16 0 80v336c0 17.67 14.33 32 32 32h464c8.84 0 16-7.16 16-16v-16c0-8.84-7.16-16-16-16zm-387.2-48h22.4c6.4 0 12.8-6.4 12.8-12.8v-70.4c0-6.4-6.4-12.8-12.8-12.8h-22.4c-6.4 0-12.8 6.4-12.8 12.8v70.4c0 6.4 6.4 12.8 12.8 12.8z\" class=\"\"><\/path><\/svg><\/i> <img loading=\"lazy\" decoding=\"async\" width=\"16\" height=\"16\" alt=\"Loading\" src=\"https:\/\/meriller-vapeur.fr\/wp3\/wp-content\/plugins\/page-views-count\/ajax-loader-2x.gif\" border=0 \/><\/p>\n<div class=\"pvc_clear\"><\/div>\n","protected":false},"author":1,"featured_media":0,"parent":356,"menu_order":0,"comment_status":"closed","ping_status":"closed","template":"tmp-onecolumn.php","meta":{"footnotes":""},"class_list":["post-8753","page","type-page","status-publish","hentry"],"a3_pvc":{"activated":true,"total_views":192,"today_views":0},"_links":{"self":[{"href":"https:\/\/meriller-vapeur.fr\/wp3\/index.php?rest_route=\/wp\/v2\/pages\/8753","targetHints":{"allow":["GET"]}}],"collection":[{"href":"https:\/\/meriller-vapeur.fr\/wp3\/index.php?rest_route=\/wp\/v2\/pages"}],"about":[{"href":"https:\/\/meriller-vapeur.fr\/wp3\/index.php?rest_route=\/wp\/v2\/types\/page"}],"author":[{"embeddable":true,"href":"https:\/\/meriller-vapeur.fr\/wp3\/index.php?rest_route=\/wp\/v2\/users\/1"}],"replies":[{"embeddable":true,"href":"https:\/\/meriller-vapeur.fr\/wp3\/index.php?rest_route=%2Fwp%2Fv2%2Fcomments&post=8753"}],"version-history":[{"count":0,"href":"https:\/\/meriller-vapeur.fr\/wp3\/index.php?rest_route=\/wp\/v2\/pages\/8753\/revisions"}],"up":[{"embeddable":true,"href":"https:\/\/meriller-vapeur.fr\/wp3\/index.php?rest_route=\/wp\/v2\/pages\/356"}],"wp:attachment":[{"href":"https:\/\/meriller-vapeur.fr\/wp3\/index.php?rest_route=%2Fwp%2Fv2%2Fmedia&parent=8753"}],"curies":[{"name":"wp","href":"https:\/\/api.w.org\/{rel}","templated":true}]}}