{"id":8546,"date":"2018-06-22T16:23:38","date_gmt":"2018-06-22T14:23:38","guid":{"rendered":"https:\/\/meriller-vapeur.fr\/wp3\/?page_id=8546"},"modified":"2020-11-04T18:08:29","modified_gmt":"2020-11-04T17:08:29","slug":"patrimoine-ferroviaire-a-perigueux","status":"publish","type":"page","link":"https:\/\/meriller-vapeur.fr\/wp3\/?page_id=8546","title":{"rendered":"Patrimoine ferroviaire \u00e0 P\u00e9rigueux (1 \/ 3)."},"content":{"rendered":"<p style=\"text-align: right;\"><strong><a href=\"https:\/\/meriller-vapeur.fr\/wp3\/?page_id=8580\">&gt;&gt;&gt;&gt;&gt;&gt;&gt;&gt;&gt;&gt;&gt;&gt;&gt; PAGE SUIVANTE<\/a><\/strong><\/p>\n<p>Nous avons le plaisir de publier les magnifiques clich\u00e9s ci-dessous, aimablement communiqu\u00e9s par Madame H.\u00a0DECONINCK Responsable du Service Communication du TICP\u00a0(Technicentre Industriel Charente\u2013P\u00e9rigord) situ\u00e9 \u00e0\u00a0P\u00e9rigueux en Dordogne.<\/p>\n<pre><em>Nous la remercions chaleureusement de ces documents, qui valorisent le travail exceptionnel de restauration assur\u00e9 par les Personnels des Ateliers SNCF de notre Ville.<\/em><\/pre>\n<blockquote>\n<h2 style=\"text-align: left;\"><span style=\"text-decoration: underline;\">FLASH-INFO DU TICP<\/span><\/h2>\n<h2 style=\"text-align: left;\">TRAINS R\u00c9NOV\u00c9S POUR LA CIT\u00c9 DU TRAIN en 2018<\/h2>\n<p style=\"text-align: left;\">Depuis 1970,<em><strong> la Cit\u00e9 du Train \u2014 Patrimoine SNCF (Mus\u00e9e des chemins de fer situ\u00e9 \u00e0 Mulhouse)<\/strong><\/em> regroupe et expose plus 250 mat\u00e9riel roulant, retra\u00e7ant l\u2019histoire de notre entreprise.<br \/>\nCette ann\u00e9e, SNCF f\u00eate ses 80 ans. A cette occasion la r\u00e9novation de quatre voitures historiques (peinture ext\u00e9rieure) a \u00e9t\u00e9 confi\u00e9e \u00e0 notre Technicentre. Ces voitures seront expos\u00e9es \u00e0 la Cit\u00e9 du Train lors d\u2019une exposition temporaire intitul\u00e9e : 80 ans d\u2019\u00e9volution du confort et du design au service des clients.<\/p>\n<p style=\"text-align: left;\"><strong>\u2022 Voitures de banlieue Est de\u00a03<sup>\u00e8me<\/sup>classe :<\/strong> \u00e9tudi\u00e9e pour les chemin de fer de l\u2019Est ; mise en service en 1933 ; longueurs 22,570 m ; masse : 43 T ; 90 places assises (banquettes en bois) ; r\u00e9versibilit\u00e9 vapeur + \u00e9lectrique ; vitesse limite 120 km\/h ; retrait de service : 1986.<\/p>\n<p style=\"text-align: left;\">\u2022\u00a0<strong>Voiture USI (ou DEV &#8211; SI): A2 T2B2T3 :<\/strong> voiture unifi\u00e9e de service int\u00e9rieur ; \u00e9tudi\u00e9e par la DEV \u00e0 la SNCF ; mise en service en 1968 ; longueur : 25,09 m ; masse : 37 T ; places assises : 25 en 1<sup>\u00e8re\u00a0<\/sup>classe ; 38 en 2<sup>\u00e8me\u00a0<\/sup>classe ; vitesse limite 160 k\/h ; retrait du service en 2010.<\/p>\n<p style=\"text-align: left;\"><strong>\u2022 Voiture couchette UIC A4C4B5C5X<\/strong> \u00e0 toiture sur\u00e9lev\u00e9e : voiture r\u00e9pondant aux r\u00e8gles pr\u00e9conis\u00e9e par l\u2019UIC ; \u00e9tudi\u00e9es par la SNCF ; mise en service : 1971 ; longueur : 24,50 m; masse 44 T ; place couch\u00e9es : 16 en 1<sup>\u00e8re\u00a0<\/sup>classe ; 30 en 2<sup>\u00e8me\u00a0<\/sup>classe ; vitesse limite : 160 km\/h ; retrait du service : 1990.<\/p>\n<p style=\"text-align: left;\"><strong>\u2022 Voiture lit T2 \u00a0(tourisme de\u00a02<sup>\u00e8me\u00a0<\/sup>classe) :<\/strong> \u00e9tudi\u00e9e par la Compagnie Internationale des Wagons-Lits ; mise en service : 1974 \u00e0 la SNCF ; longueur 26,40 m ; masse 62 T ; places couch\u00e9es : 36 en\u00a02<sup>\u00e8me\u00a0<\/sup>classe ; vitesse limite : 160 km\/h ; retrait de service : 2008.<\/p>\n<\/blockquote>\n\n\t\t<style type=\"text\/css\">\n\t\t\t#gallery-1 {\n\t\t\t\tmargin: auto;\n\t\t\t}\n\t\t\t#gallery-1 .gallery-item {\n\t\t\t\tfloat: left;\n\t\t\t\tmargin-top: 10px;\n\t\t\t\ttext-align: center;\n\t\t\t\twidth: 33%;\n\t\t\t}\n\t\t\t#gallery-1 img {\n\t\t\t\tborder: 2px solid #cfcfcf;\n\t\t\t}\n\t\t\t#gallery-1 .gallery-caption {\n\t\t\t\tmargin-left: 0;\n\t\t\t}\n\t\t\t\/* see gallery_shortcode() in wp-includes\/media.php *\/\n\t\t<\/style>\n\t\t<div id='gallery-1' class='gallery galleryid-8546 gallery-columns-3 gallery-size-medium'><dl class='gallery-item'>\n\t\t\t<dt class='gallery-icon landscape'>\n\t\t\t\t<a href='https:\/\/meriller-vapeur.fr\/wp3\/?attachment_id=8637'><img loading=\"lazy\" decoding=\"async\" width=\"300\" height=\"225\" src=\"https:\/\/meriller-vapeur.fr\/wp3\/wp-content\/uploads\/2018\/06\/UIC-A4c4B5c5x-apr\u00e8s-restauration-TICP-2018-1-300x225.jpg\" class=\"attachment-medium size-medium\" alt=\"\" aria-describedby=\"gallery-1-8637\" srcset=\"https:\/\/meriller-vapeur.fr\/wp3\/wp-content\/uploads\/2018\/06\/UIC-A4c4B5c5x-apr\u00e8s-restauration-TICP-2018-1-300x225.jpg 300w, https:\/\/meriller-vapeur.fr\/wp3\/wp-content\/uploads\/2018\/06\/UIC-A4c4B5c5x-apr\u00e8s-restauration-TICP-2018-1-768x576.jpg 768w, https:\/\/meriller-vapeur.fr\/wp3\/wp-content\/uploads\/2018\/06\/UIC-A4c4B5c5x-apr\u00e8s-restauration-TICP-2018-1-1024x768.jpg 1024w, https:\/\/meriller-vapeur.fr\/wp3\/wp-content\/uploads\/2018\/06\/UIC-A4c4B5c5x-apr\u00e8s-restauration-TICP-2018-1.jpg 1600w\" sizes=\"auto, (max-width: 300px) 100vw, 300px\" \/><\/a>\n\t\t\t<\/dt>\n\t\t\t\t<dd class='wp-caption-text gallery-caption' id='gallery-1-8637'>\n\t\t\t\tUIC A4c4B5c5x apr\u00e8s restauration TICP 2018\n\t\t\t\t<\/dd><\/dl><dl class='gallery-item'>\n\t\t\t<dt class='gallery-icon portrait'>\n\t\t\t\t<a href='https:\/\/meriller-vapeur.fr\/wp3\/?attachment_id=8636'><img loading=\"lazy\" decoding=\"async\" width=\"169\" height=\"300\" src=\"https:\/\/meriller-vapeur.fr\/wp3\/wp-content\/uploads\/2018\/06\/Marquage-Voiture-Lits-TEN-T2-TICP-2018-1-169x300.jpg\" class=\"attachment-medium size-medium\" alt=\"\" aria-describedby=\"gallery-1-8636\" srcset=\"https:\/\/meriller-vapeur.fr\/wp3\/wp-content\/uploads\/2018\/06\/Marquage-Voiture-Lits-TEN-T2-TICP-2018-1-169x300.jpg 169w, https:\/\/meriller-vapeur.fr\/wp3\/wp-content\/uploads\/2018\/06\/Marquage-Voiture-Lits-TEN-T2-TICP-2018-1-768x1365.jpg 768w, https:\/\/meriller-vapeur.fr\/wp3\/wp-content\/uploads\/2018\/06\/Marquage-Voiture-Lits-TEN-T2-TICP-2018-1-576x1024.jpg 576w, https:\/\/meriller-vapeur.fr\/wp3\/wp-content\/uploads\/2018\/06\/Marquage-Voiture-Lits-TEN-T2-TICP-2018-1.jpg 1600w\" sizes=\"auto, (max-width: 169px) 100vw, 169px\" \/><\/a>\n\t\t\t<\/dt>\n\t\t\t\t<dd class='wp-caption-text gallery-caption' id='gallery-1-8636'>\n\t\t\t\tMarquage Voiture Lits TEN T2 TICP 2018\n\t\t\t\t<\/dd><\/dl><dl class='gallery-item'>\n\t\t\t<dt class='gallery-icon landscape'>\n\t\t\t\t<a href='https:\/\/meriller-vapeur.fr\/wp3\/?attachment_id=8638'><img loading=\"lazy\" decoding=\"async\" width=\"300\" height=\"225\" src=\"https:\/\/meriller-vapeur.fr\/wp3\/wp-content\/uploads\/2018\/06\/USI-A2t2B2t3-Apr\u00e8s-restauration-TICP-2018-1-300x225.jpg\" class=\"attachment-medium size-medium\" alt=\"\" aria-describedby=\"gallery-1-8638\" srcset=\"https:\/\/meriller-vapeur.fr\/wp3\/wp-content\/uploads\/2018\/06\/USI-A2t2B2t3-Apr\u00e8s-restauration-TICP-2018-1-300x225.jpg 300w, https:\/\/meriller-vapeur.fr\/wp3\/wp-content\/uploads\/2018\/06\/USI-A2t2B2t3-Apr\u00e8s-restauration-TICP-2018-1-768x576.jpg 768w, https:\/\/meriller-vapeur.fr\/wp3\/wp-content\/uploads\/2018\/06\/USI-A2t2B2t3-Apr\u00e8s-restauration-TICP-2018-1-1024x768.jpg 1024w, https:\/\/meriller-vapeur.fr\/wp3\/wp-content\/uploads\/2018\/06\/USI-A2t2B2t3-Apr\u00e8s-restauration-TICP-2018-1.jpg 1600w\" sizes=\"auto, (max-width: 300px) 100vw, 300px\" \/><\/a>\n\t\t\t<\/dt>\n\t\t\t\t<dd class='wp-caption-text gallery-caption' id='gallery-1-8638'>\n\t\t\t\tUSI A2t2B2t3 Apr\u00e8s restauration TICP 2018\n\t\t\t\t<\/dd><\/dl><br style=\"clear: both\" \/><dl class='gallery-item'>\n\t\t\t<dt class='gallery-icon landscape'>\n\t\t\t\t<a href='https:\/\/meriller-vapeur.fr\/wp3\/?attachment_id=8639'><img loading=\"lazy\" decoding=\"async\" width=\"300\" height=\"225\" src=\"https:\/\/meriller-vapeur.fr\/wp3\/wp-content\/uploads\/2018\/06\/USI-A2t2B2t3-en-attente-sur-voie-de-garage-au-TICP-2018-1-300x225.jpg\" class=\"attachment-medium size-medium\" alt=\"\" aria-describedby=\"gallery-1-8639\" srcset=\"https:\/\/meriller-vapeur.fr\/wp3\/wp-content\/uploads\/2018\/06\/USI-A2t2B2t3-en-attente-sur-voie-de-garage-au-TICP-2018-1-300x225.jpg 300w, https:\/\/meriller-vapeur.fr\/wp3\/wp-content\/uploads\/2018\/06\/USI-A2t2B2t3-en-attente-sur-voie-de-garage-au-TICP-2018-1-768x576.jpg 768w, https:\/\/meriller-vapeur.fr\/wp3\/wp-content\/uploads\/2018\/06\/USI-A2t2B2t3-en-attente-sur-voie-de-garage-au-TICP-2018-1-1024x768.jpg 1024w, https:\/\/meriller-vapeur.fr\/wp3\/wp-content\/uploads\/2018\/06\/USI-A2t2B2t3-en-attente-sur-voie-de-garage-au-TICP-2018-1.jpg 1600w\" sizes=\"auto, (max-width: 300px) 100vw, 300px\" \/><\/a>\n\t\t\t<\/dt>\n\t\t\t\t<dd class='wp-caption-text gallery-caption' id='gallery-1-8639'>\n\t\t\t\tUSI A2t2B2t3 en attente sur voie de garage au TICP 2018\n\t\t\t\t<\/dd><\/dl><dl class='gallery-item'>\n\t\t\t<dt class='gallery-icon landscape'>\n\t\t\t\t<a href='https:\/\/meriller-vapeur.fr\/wp3\/?attachment_id=8640'><img loading=\"lazy\" decoding=\"async\" width=\"300\" height=\"200\" src=\"https:\/\/meriller-vapeur.fr\/wp3\/wp-content\/uploads\/2018\/06\/USI-A2t2B2t3-r\u00e9nov\u00e9e-TICP-2018-1-300x200.jpg\" class=\"attachment-medium size-medium\" alt=\"\" aria-describedby=\"gallery-1-8640\" srcset=\"https:\/\/meriller-vapeur.fr\/wp3\/wp-content\/uploads\/2018\/06\/USI-A2t2B2t3-r\u00e9nov\u00e9e-TICP-2018-1-300x200.jpg 300w, https:\/\/meriller-vapeur.fr\/wp3\/wp-content\/uploads\/2018\/06\/USI-A2t2B2t3-r\u00e9nov\u00e9e-TICP-2018-1-768x512.jpg 768w, https:\/\/meriller-vapeur.fr\/wp3\/wp-content\/uploads\/2018\/06\/USI-A2t2B2t3-r\u00e9nov\u00e9e-TICP-2018-1-1024x683.jpg 1024w, https:\/\/meriller-vapeur.fr\/wp3\/wp-content\/uploads\/2018\/06\/USI-A2t2B2t3-r\u00e9nov\u00e9e-TICP-2018-1.jpg 1600w\" sizes=\"auto, (max-width: 300px) 100vw, 300px\" \/><\/a>\n\t\t\t<\/dt>\n\t\t\t\t<dd class='wp-caption-text gallery-caption' id='gallery-1-8640'>\n\t\t\t\tUSI A2t2B2t3 r\u00e9nov\u00e9e TICP 2018\n\t\t\t\t<\/dd><\/dl><dl class='gallery-item'>\n\t\t\t<dt class='gallery-icon landscape'>\n\t\t\t\t<a href='https:\/\/meriller-vapeur.fr\/wp3\/?attachment_id=8641'><img loading=\"lazy\" decoding=\"async\" width=\"300\" height=\"225\" src=\"https:\/\/meriller-vapeur.fr\/wp3\/wp-content\/uploads\/2018\/06\/USI-A2t2B2t3-TICP-2018-1-300x225.jpg\" class=\"attachment-medium size-medium\" alt=\"\" aria-describedby=\"gallery-1-8641\" srcset=\"https:\/\/meriller-vapeur.fr\/wp3\/wp-content\/uploads\/2018\/06\/USI-A2t2B2t3-TICP-2018-1-300x225.jpg 300w, https:\/\/meriller-vapeur.fr\/wp3\/wp-content\/uploads\/2018\/06\/USI-A2t2B2t3-TICP-2018-1-768x576.jpg 768w, https:\/\/meriller-vapeur.fr\/wp3\/wp-content\/uploads\/2018\/06\/USI-A2t2B2t3-TICP-2018-1-1024x768.jpg 1024w, https:\/\/meriller-vapeur.fr\/wp3\/wp-content\/uploads\/2018\/06\/USI-A2t2B2t3-TICP-2018-1.jpg 1600w\" sizes=\"auto, (max-width: 300px) 100vw, 300px\" \/><\/a>\n\t\t\t<\/dt>\n\t\t\t\t<dd class='wp-caption-text gallery-caption' id='gallery-1-8641'>\n\t\t\t\tUSI A2t2B2t3 TICP 2018\n\t\t\t\t<\/dd><\/dl><br style=\"clear: both\" \/><dl class='gallery-item'>\n\t\t\t<dt class='gallery-icon landscape'>\n\t\t\t\t<a href='https:\/\/meriller-vapeur.fr\/wp3\/?attachment_id=8642'><img loading=\"lazy\" decoding=\"async\" width=\"300\" height=\"225\" src=\"https:\/\/meriller-vapeur.fr\/wp3\/wp-content\/uploads\/2018\/06\/Voiture-Banlieue-Est-sur-le-d\u00e9part-TICP-2018-1-300x225.jpg\" class=\"attachment-medium size-medium\" alt=\"\" aria-describedby=\"gallery-1-8642\" srcset=\"https:\/\/meriller-vapeur.fr\/wp3\/wp-content\/uploads\/2018\/06\/Voiture-Banlieue-Est-sur-le-d\u00e9part-TICP-2018-1-300x225.jpg 300w, https:\/\/meriller-vapeur.fr\/wp3\/wp-content\/uploads\/2018\/06\/Voiture-Banlieue-Est-sur-le-d\u00e9part-TICP-2018-1-768x576.jpg 768w, https:\/\/meriller-vapeur.fr\/wp3\/wp-content\/uploads\/2018\/06\/Voiture-Banlieue-Est-sur-le-d\u00e9part-TICP-2018-1-1024x768.jpg 1024w, https:\/\/meriller-vapeur.fr\/wp3\/wp-content\/uploads\/2018\/06\/Voiture-Banlieue-Est-sur-le-d\u00e9part-TICP-2018-1.jpg 1600w\" sizes=\"auto, (max-width: 300px) 100vw, 300px\" \/><\/a>\n\t\t\t<\/dt>\n\t\t\t\t<dd class='wp-caption-text gallery-caption' id='gallery-1-8642'>\n\t\t\t\tVoiture Banlieue Est sur le d\u00e9part TICP 2018\n\t\t\t\t<\/dd><\/dl><dl class='gallery-item'>\n\t\t\t<dt class='gallery-icon landscape'>\n\t\t\t\t<a href='https:\/\/meriller-vapeur.fr\/wp3\/?attachment_id=8643'><img loading=\"lazy\" decoding=\"async\" width=\"300\" height=\"225\" src=\"https:\/\/meriller-vapeur.fr\/wp3\/wp-content\/uploads\/2018\/06\/Voiture-Banlieue-Est-3-Classe-TICP-sortie-du-tunnel-peinture-2018-1-300x225.jpg\" class=\"attachment-medium size-medium\" alt=\"\" aria-describedby=\"gallery-1-8643\" srcset=\"https:\/\/meriller-vapeur.fr\/wp3\/wp-content\/uploads\/2018\/06\/Voiture-Banlieue-Est-3-Classe-TICP-sortie-du-tunnel-peinture-2018-1-300x225.jpg 300w, https:\/\/meriller-vapeur.fr\/wp3\/wp-content\/uploads\/2018\/06\/Voiture-Banlieue-Est-3-Classe-TICP-sortie-du-tunnel-peinture-2018-1-768x576.jpg 768w, https:\/\/meriller-vapeur.fr\/wp3\/wp-content\/uploads\/2018\/06\/Voiture-Banlieue-Est-3-Classe-TICP-sortie-du-tunnel-peinture-2018-1-1024x768.jpg 1024w, https:\/\/meriller-vapeur.fr\/wp3\/wp-content\/uploads\/2018\/06\/Voiture-Banlieue-Est-3-Classe-TICP-sortie-du-tunnel-peinture-2018-1.jpg 1600w\" sizes=\"auto, (max-width: 300px) 100vw, 300px\" \/><\/a>\n\t\t\t<\/dt>\n\t\t\t\t<dd class='wp-caption-text gallery-caption' id='gallery-1-8643'>\n\t\t\t\tVoiture Banlieue Est 3 Classe TICP sortie du tunnel peinture 2018\n\t\t\t\t<\/dd><\/dl><dl class='gallery-item'>\n\t\t\t<dt class='gallery-icon landscape'>\n\t\t\t\t<a href='https:\/\/meriller-vapeur.fr\/wp3\/?attachment_id=8644'><img loading=\"lazy\" decoding=\"async\" width=\"300\" height=\"225\" src=\"https:\/\/meriller-vapeur.fr\/wp3\/wp-content\/uploads\/2018\/06\/Voiture-Lits-TEN-T2-en-attente-de-d\u00e9part-au-TICP-2018-1-300x225.jpg\" class=\"attachment-medium size-medium\" alt=\"\" aria-describedby=\"gallery-1-8644\" srcset=\"https:\/\/meriller-vapeur.fr\/wp3\/wp-content\/uploads\/2018\/06\/Voiture-Lits-TEN-T2-en-attente-de-d\u00e9part-au-TICP-2018-1-300x225.jpg 300w, https:\/\/meriller-vapeur.fr\/wp3\/wp-content\/uploads\/2018\/06\/Voiture-Lits-TEN-T2-en-attente-de-d\u00e9part-au-TICP-2018-1-768x576.jpg 768w, https:\/\/meriller-vapeur.fr\/wp3\/wp-content\/uploads\/2018\/06\/Voiture-Lits-TEN-T2-en-attente-de-d\u00e9part-au-TICP-2018-1-1024x768.jpg 1024w, https:\/\/meriller-vapeur.fr\/wp3\/wp-content\/uploads\/2018\/06\/Voiture-Lits-TEN-T2-en-attente-de-d\u00e9part-au-TICP-2018-1.jpg 1600w\" sizes=\"auto, (max-width: 300px) 100vw, 300px\" \/><\/a>\n\t\t\t<\/dt>\n\t\t\t\t<dd class='wp-caption-text gallery-caption' id='gallery-1-8644'>\n\t\t\t\tVoiture Lits TEN T2 en attente de d\u00e9part au TICP 2018\n\t\t\t\t<\/dd><\/dl><br style=\"clear: both\" \/>\n\t\t<\/div>\n\n<p>SNCF \u2014 Technicentre Industriel Charente\u2013P\u00e9rigord \u2014 \u00a9 Service Communication\u2014H. DECONINCK-juin2018.<\/p>\n<p style=\"text-align: right;\">SUITE des PHOTOS (Clich\u00e9s de Roger MAROUBY) \u00e0 voir<br \/>\n<strong><a href=\"https:\/\/meriller-vapeur.fr\/wp3\/?page_id=8580\">&gt;&gt;&gt;&gt;&gt;&gt;&gt;&gt;&gt;&gt;&gt;&gt;&gt; PAGE SUIVANTE<\/a><\/strong><\/p>\n<pre>Page mise \u00e0 jour le\u00a030-07-2018<\/pre>\n<div class=\"pvc_clear\"><\/div>\n<p id=\"pvc_stats_8546\" class=\"pvc_stats all  \" data-element-id=\"8546\" style=\"\"><i class=\"pvc-stats-icon medium\" aria-hidden=\"true\"><svg aria-hidden=\"true\" focusable=\"false\" data-prefix=\"far\" data-icon=\"chart-bar\" role=\"img\" xmlns=\"http:\/\/www.w3.org\/2000\/svg\" viewBox=\"0 0 512 512\" class=\"svg-inline--fa fa-chart-bar fa-w-16 fa-2x\"><path fill=\"currentColor\" d=\"M396.8 352h22.4c6.4 0 12.8-6.4 12.8-12.8V108.8c0-6.4-6.4-12.8-12.8-12.8h-22.4c-6.4 0-12.8 6.4-12.8 12.8v230.4c0 6.4 6.4 12.8 12.8 12.8zm-192 0h22.4c6.4 0 12.8-6.4 12.8-12.8V140.8c0-6.4-6.4-12.8-12.8-12.8h-22.4c-6.4 0-12.8 6.4-12.8 12.8v198.4c0 6.4 6.4 12.8 12.8 12.8zm96 0h22.4c6.4 0 12.8-6.4 12.8-12.8V204.8c0-6.4-6.4-12.8-12.8-12.8h-22.4c-6.4 0-12.8 6.4-12.8 12.8v134.4c0 6.4 6.4 12.8 12.8 12.8zM496 400H48V80c0-8.84-7.16-16-16-16H16C7.16 64 0 71.16 0 80v336c0 17.67 14.33 32 32 32h464c8.84 0 16-7.16 16-16v-16c0-8.84-7.16-16-16-16zm-387.2-48h22.4c6.4 0 12.8-6.4 12.8-12.8v-70.4c0-6.4-6.4-12.8-12.8-12.8h-22.4c-6.4 0-12.8 6.4-12.8 12.8v70.4c0 6.4 6.4 12.8 12.8 12.8z\" class=\"\"><\/path><\/svg><\/i> <img loading=\"lazy\" decoding=\"async\" width=\"16\" height=\"16\" alt=\"Loading\" src=\"https:\/\/meriller-vapeur.fr\/wp3\/wp-content\/plugins\/page-views-count\/ajax-loader-2x.gif\" border=0 \/><\/p>\n<div class=\"pvc_clear\"><\/div>\n","protected":false},"excerpt":{"rendered":"<p>&gt;&gt;&gt;&gt;&gt;&gt;&gt;&gt;&gt;&gt;&gt;&gt;&gt; PAGE SUIVANTE Nous avons le plaisir de publier les magnifiques clich\u00e9s ci-dessous, aimablement communiqu\u00e9s par Madame H.\u00a0DECONINCK Responsable du Service Communication du TICP\u00a0(Technicentre Industriel Charente\u2013P\u00e9rigord) situ\u00e9 \u00e0\u00a0P\u00e9rigueux en Dordogne. Nous la remercions chaleureusement de ces documents, qui valorisent le travail exceptionnel de restauration assur\u00e9 par les Personnels des Ateliers SNCF de notre Ville. FLASH-INFO\u2026 <span class=\"read-more\"><a href=\"https:\/\/meriller-vapeur.fr\/wp3\/?page_id=8546\">Read More &raquo;<\/a><\/span><\/p>\n<div class=\"pvc_clear\"><\/div>\n<p id=\"pvc_stats_8546\" class=\"pvc_stats all  \" data-element-id=\"8546\" style=\"\"><i class=\"pvc-stats-icon medium\" aria-hidden=\"true\"><svg aria-hidden=\"true\" focusable=\"false\" data-prefix=\"far\" data-icon=\"chart-bar\" role=\"img\" xmlns=\"http:\/\/www.w3.org\/2000\/svg\" viewBox=\"0 0 512 512\" class=\"svg-inline--fa fa-chart-bar fa-w-16 fa-2x\"><path fill=\"currentColor\" d=\"M396.8 352h22.4c6.4 0 12.8-6.4 12.8-12.8V108.8c0-6.4-6.4-12.8-12.8-12.8h-22.4c-6.4 0-12.8 6.4-12.8 12.8v230.4c0 6.4 6.4 12.8 12.8 12.8zm-192 0h22.4c6.4 0 12.8-6.4 12.8-12.8V140.8c0-6.4-6.4-12.8-12.8-12.8h-22.4c-6.4 0-12.8 6.4-12.8 12.8v198.4c0 6.4 6.4 12.8 12.8 12.8zm96 0h22.4c6.4 0 12.8-6.4 12.8-12.8V204.8c0-6.4-6.4-12.8-12.8-12.8h-22.4c-6.4 0-12.8 6.4-12.8 12.8v134.4c0 6.4 6.4 12.8 12.8 12.8zM496 400H48V80c0-8.84-7.16-16-16-16H16C7.16 64 0 71.16 0 80v336c0 17.67 14.33 32 32 32h464c8.84 0 16-7.16 16-16v-16c0-8.84-7.16-16-16-16zm-387.2-48h22.4c6.4 0 12.8-6.4 12.8-12.8v-70.4c0-6.4-6.4-12.8-12.8-12.8h-22.4c-6.4 0-12.8 6.4-12.8 12.8v70.4c0 6.4 6.4 12.8 12.8 12.8z\" class=\"\"><\/path><\/svg><\/i> <img loading=\"lazy\" decoding=\"async\" width=\"16\" height=\"16\" alt=\"Loading\" src=\"https:\/\/meriller-vapeur.fr\/wp3\/wp-content\/plugins\/page-views-count\/ajax-loader-2x.gif\" border=0 \/><\/p>\n<div class=\"pvc_clear\"><\/div>\n","protected":false},"author":1,"featured_media":0,"parent":0,"menu_order":0,"comment_status":"closed","ping_status":"closed","template":"page-templates\/full-width.php","meta":{"footnotes":""},"class_list":["post-8546","page","type-page","status-publish","hentry"],"a3_pvc":{"activated":true,"total_views":1254,"today_views":0},"_links":{"self":[{"href":"https:\/\/meriller-vapeur.fr\/wp3\/index.php?rest_route=\/wp\/v2\/pages\/8546","targetHints":{"allow":["GET"]}}],"collection":[{"href":"https:\/\/meriller-vapeur.fr\/wp3\/index.php?rest_route=\/wp\/v2\/pages"}],"about":[{"href":"https:\/\/meriller-vapeur.fr\/wp3\/index.php?rest_route=\/wp\/v2\/types\/page"}],"author":[{"embeddable":true,"href":"https:\/\/meriller-vapeur.fr\/wp3\/index.php?rest_route=\/wp\/v2\/users\/1"}],"replies":[{"embeddable":true,"href":"https:\/\/meriller-vapeur.fr\/wp3\/index.php?rest_route=%2Fwp%2Fv2%2Fcomments&post=8546"}],"version-history":[{"count":0,"href":"https:\/\/meriller-vapeur.fr\/wp3\/index.php?rest_route=\/wp\/v2\/pages\/8546\/revisions"}],"wp:attachment":[{"href":"https:\/\/meriller-vapeur.fr\/wp3\/index.php?rest_route=%2Fwp%2Fv2%2Fmedia&parent=8546"}],"curies":[{"name":"wp","href":"https:\/\/api.w.org\/{rel}","templated":true}]}}