{"id":8501,"date":"2018-06-17T16:28:24","date_gmt":"2018-06-17T14:28:24","guid":{"rendered":"https:\/\/meriller-vapeur.fr\/wp3\/?page_id=8501"},"modified":"2022-04-26T15:25:28","modified_gmt":"2022-04-26T13:25:28","slug":"politique-de-confidentialite","status":"publish","type":"page","link":"https:\/\/meriller-vapeur.fr\/wp3\/?page_id=8501","title":{"rendered":"Protection des donn\u00e9es et Politique de confidentialit\u00e9"},"content":{"rendered":"<h1><span style=\"text-decoration: underline;\">Qui sommes-nous\u00a0?<\/span><\/h1>\n<p>L&rsquo;Association\u00a0<strong>\u00ab\u00a0MERILLER-VAPEUR 24\u00a0\u00bb<\/strong> \u00a0\u00e0 \u00a0COULOUNIEIX CHAMIERS est une <em><strong>Association Loi 1901 cr\u00e9\u00e9e le\u00a06 novembre 2003<\/strong><\/em> et dont les Statuts ont \u00e9t\u00e9 d\u00e9pos\u00e9s en Pr\u00e9fecture de Dordogne.<\/p>\n<p><em>L\u2019adresse de notre site Web est\u00a0: https:\/\/meriller-vapeur.fr<\/em><\/p>\n<h1><span style=\"text-decoration: underline;\">Utilisation des donn\u00e9es personnelles collect\u00e9es :<\/span><\/h1>\n<h3><i>\u2022 COMMENTAIRES.<\/i><\/h3>\n<p><span style=\"font-size: 16px;\">Nous r\u00e9coltons des informations sur les visiteurs qui laissent des commentaires sur les sites en utilisant <\/span><strong style=\"font-size: 16px;\"><a href=\"https:\/\/wordpress.org\/plugins\/akismet\/\" target=\"_blank\" rel=\"noopener noreferrer\">Akismet<\/a><\/strong><span style=\"font-size: 16px;\">, notre service contre les ind\u00e9sirables. <em>Les informations r\u00e9colt\u00e9es d\u00e9pendent des r\u00e9glages Akismet sur le site, et incluent g\u00e9n\u00e9ralement l\u2019adresse IP des commentateurs, l\u2019agent utilisateur, le r\u00e9f\u00e9rent et l\u2019URL du site (ainsi que d\u2019autres informations fournies directement par le commentateur comme son nom, identifiant, adresse e-mail et son commentaire).<\/em><\/span><\/p>\n<p>Une cha\u00eene anonymis\u00e9e cr\u00e9\u00e9e \u00e0 partir de votre adresse de messagerie (\u00e9galement appel\u00e9e hash) peut \u00eatre envoy\u00e9e au service Gravatar pour v\u00e9rifier si vous utilisez ce dernier. Les clauses de confidentialit\u00e9 du service Gravatar sont disponibles ici\u00a0: https:\/\/automattic.com\/privacy\/. Apr\u00e8s validation de votre commentaire, votre photo de profil si elle existe, sera visible publiquement \u00e0 cot\u00e9 de votre commentaire. Sinon, un avatar anonyme sera utilis\u00e9.<\/p>\n<h3><i>\u2022 MEDIA<\/i><\/h3>\n<p><span style=\"font-size: 16px;\">Si vous \u00eates un utilisateur ou une utilisatrice enregistr\u00e9s et que vous t\u00e9l\u00e9versiez des images sur le site web, nous vous conseillons d\u2019\u00e9viter de t\u00e9l\u00e9verser des images contenant des donn\u00e9es EXIF de coordonn\u00e9es GPS. Les visiteurs de votre site web peuvent t\u00e9l\u00e9charger et extraire des donn\u00e9es de localisation vous concernant depuis ces images.<\/span><\/p>\n<h3><i>\u2022 FORMULAIRES DE CONTACT<\/i><\/h3>\n<p><span style=\"font-size: 16px;\">Pour nous contacter, vous pouvez utiliser nos coordonn\u00e9es situ\u00e9es au bas de chaque page, ou bien vous rendre sur notre page :\u00a0<\/span><em style=\"font-size: 16px;\"><strong>\u00a0<a href=\"https:\/\/meriller-vapeur.fr\/wp3\/?page_id=73\">CONTACTS<\/a>.<\/strong><\/em><\/p>\n<h3><em><strong>\u2022 COOKIES<\/strong><\/em><\/h3>\n<p>Si vous d\u00e9posez un commentaire sur notre site, il vous sera propos\u00e9 d\u2019enregistrer votre nom, adresse de messagerie et site web dans des cookies. C\u2019est uniquement pour votre confort afin de ne pas avoir \u00e0 saisir ces informations si vous d\u00e9posez un autre commentaire plus tard. Ces cookies expirent au bout d\u2019un an, si vous ne les renouvelez pas en d\u00e9posant un nouveau message dans l\u2019intervalle.<\/p>\n<p>Si vous avez un compte et que vous vous connectez sur ce site, un cookie temporaire sera cr\u00e9\u00e9 afin de d\u00e9terminer si votre navigateur accepte les cookies. Il ne contient pas de donn\u00e9es personnelles et sera supprim\u00e9 automatiquement \u00e0 la fermeture de votre navigateur.<\/p>\n<p>Lorsque vous vous connecterez, nous mettrons en place un certain nombre de cookies pour enregistrer vos informations de connexion et vos pr\u00e9f\u00e9rences d\u2019\u00e9cran. La dur\u00e9e de vie d\u2019un cookie de connexion est de deux jours, celle d\u2019un cookie d\u2019option d\u2019\u00e9cran est d\u2019un an. Si vous cochez \u00ab\u00a0Se souvenir de moi\u00a0\u00bb, votre cookie de connexion sera conserv\u00e9 pendant deux semaines. Si vous vous d\u00e9connectez de votre compte, le cookie de connexion sera effac\u00e9.<\/p>\n<p>En modifiant ou en publiant un article, un cookie suppl\u00e9mentaire sera enregistr\u00e9 dans votre navigateur. Ce cookie ne comprend aucune donn\u00e9e personnelle. Il indique simplement l\u2019identifiant de l\u2019article que vous venez de modifier. Il expire au bout d\u2019un jour.<\/p>\n<h3><i>\u2022 CONTENU EMBARQU\u00c9 DEPUIS D\u2019AUTRES SITES<\/i><\/h3>\n<p><span style=\"font-size: 16px;\">Les articles de ce site peuvent inclure des contenus int\u00e9gr\u00e9s (par exemple des vid\u00e9os, images, articles\u2026). Le contenu int\u00e9gr\u00e9 depuis d\u2019autres sites se comporte de la m\u00eame mani\u00e8re que si le visiteur se rendait sur cet autre site.<\/span><\/p>\n<p>Ces sites web pourraient collecter des donn\u00e9es sur vous, utiliser des cookies, embarquer des outils de suivis tiers, suivre vos interactions avec ces contenus embarqu\u00e9s si vous disposez d\u2019un compte connect\u00e9 sur leur site web, sans que cela puisse engager notre responsabilit\u00e9.<\/p>\n<h3><i>\u2022 STATISTIQUES ET MESURES D\u2019AUDIENCE<\/i><\/h3>\n<p><span style=\"font-size: 16px;\">Par d\u00e9finition le comptage des visiteurs est parfaitement anonyme, nous ne conservons pas nous-m\u00eames les donn\u00e9es aff\u00e9rentes \u00e0 ces visiteurs (adresses IP en particulier).<\/span><\/p>\n<h3><strong><em>\u2022 UTILISATION ET TRANSMISSION DE VOS DONN\u00c9ES PERSONNELLES<\/em><\/strong><\/h3>\n<p>Par d\u00e9faut, Meriller-Vapeur 24 ne partage vos informations personnelles avec personne. En particulier, nous n\u2019effectuons pas de transferts de donn\u00e9es de notre site vers l\u2019ext\u00e9rieur de l\u2019Union Europ\u00e9enne, ces donn\u00e9es sont donc prot\u00e9g\u00e9es au regard des standards europ\u00e9ens de protection des donn\u00e9es priv\u00e9es.<\/p>\n<p>Les noms des Membres du Club \u00e0 jour de leur cotisation annuelle ne figurent pas sur ce site. Seuls les noms et coordonn\u00e9es des Membres du Bureau et des responsables d\u2019activit\u00e9s y figurent, avec leur accord.<\/p>\n<p>Les noms des auteurs des documents et autres contributions que nous publions peuvent figurer s\u2019ils ne nous ont pas demand\u00e9 explicitement de leur conserver leur anonymat.<\/p>\n<p>Les commentaires des visiteurs peuvent \u00eatre v\u00e9rifi\u00e9s par le gestionnaire du Site \u00e0 l\u2019aide d\u2019un service automatis\u00e9 de d\u00e9tection des commentaires ind\u00e9sirables. Ceux-ci sont simplement d\u00e9truits, sauf s\u2019ils contreviennent manifestement aux Lois en Vigueur, auquel cas ils peuvent \u00eatre transmis, ainsi que les noms et adresse IP de leurs auteurs, aux Autorit\u00e9s de Police et\/ou judiciaires.<\/p>\n<h3><strong><em>\u2022 PROTECTION DE VOS DONN\u00c9ES PERSONNELLES<\/em><\/strong><\/h3>\n<p>Pour prot\u00e9ger vos donn\u00e9es qui peuvent \u00eatre stock\u00e9es sur le site (essentiellement adresses mail et adresses IP de vos commentaires \u00e9ventuels), nous utilisons comme mesure de s\u00e9curit\u00e9 l\u2019authentification \u00e0 deux facteurs pour acc\u00e9der \u00e0 la gestion du site.<\/p>\n<h3><strong><em>\u2022 DUR\u00c9ES DE STOCKAGE DE VOS DONN\u00c9ES<\/em><\/strong><\/h3>\n<p>Si vous laissez un commentaire, le commentaire et ses m\u00e9tadonn\u00e9es sont conserv\u00e9s ind\u00e9finiment. Cela permet de reconna\u00eetre et approuver automatiquement les commentaires suivants au lieu de les laisser dans la file de mod\u00e9ration.<\/p>\n<p>Pour les utilisateurs et utilisatrices qui s\u2019enregistrent sur notre site (au cas o\u00f9 nous leur en donnerions la possibilit\u00e9), nous stockons \u00e9galement les donn\u00e9es personnelles indiqu\u00e9es dans leur profil. Tous les utilisateurs et utilisatrices peuvent voir, modifier ou supprimer leurs informations personnelles \u00e0 tout moment (\u00e0 l\u2019exception de leur nom d\u2019utilisateur). Les gestionnaires du site peuvent aussi voir et modifier ces informations.<\/p>\n<h3><strong><em>\u2022 LES DROITS QUE VOUS AVEZ SUR VOS DONN\u00c9ES<\/em><\/strong><\/h3>\n<p>Si vous avez un compte ou si vous avez laiss\u00e9 des commentaires sur le site, vous pouvez demander \u00e0 recevoir un fichier contenant toutes les donn\u00e9es personnelles que nous poss\u00e9dons \u00e0 votre sujet, incluant celles que vous nous avez fournies. Vous pouvez \u00e9galement demander la suppression des donn\u00e9es personnelles vous concernant. Cela ne prend pas en compte les donn\u00e9es stock\u00e9es \u00e0 des fins administratives, l\u00e9gales ou pour des raisons de s\u00e9curit\u00e9.<\/p>\n<h3><strong><em>\u2022 INFORMATIONS DE CONTACT<\/em><\/strong><\/h3>\n<p><em><strong>Pour nous contacter,<\/strong> <\/em>vous pouvez utiliser nos coordonn\u00e9es situ\u00e9es au bas de chaque page, ou bien vous rendre sur notre page :\u00a0<em><strong>\u00a0<a href=\"https:\/\/meriller-vapeur.fr\/wp3\/?page_id=73\">CONTACTS<\/a>.<\/strong><\/em><\/p>\n<p>&nbsp;<\/p>\n<hr \/>\n<pre><em>Page mise en ligne le 17\/06\/2018,\r\nmise \u00e0 jour le 26\/04\/2022.<\/em><\/pre>\n<div class=\"pvc_clear\"><\/div>\n<p id=\"pvc_stats_8501\" class=\"pvc_stats all  \" data-element-id=\"8501\" style=\"\"><i class=\"pvc-stats-icon medium\" aria-hidden=\"true\"><svg aria-hidden=\"true\" focusable=\"false\" data-prefix=\"far\" data-icon=\"chart-bar\" role=\"img\" xmlns=\"http:\/\/www.w3.org\/2000\/svg\" viewBox=\"0 0 512 512\" class=\"svg-inline--fa fa-chart-bar fa-w-16 fa-2x\"><path fill=\"currentColor\" d=\"M396.8 352h22.4c6.4 0 12.8-6.4 12.8-12.8V108.8c0-6.4-6.4-12.8-12.8-12.8h-22.4c-6.4 0-12.8 6.4-12.8 12.8v230.4c0 6.4 6.4 12.8 12.8 12.8zm-192 0h22.4c6.4 0 12.8-6.4 12.8-12.8V140.8c0-6.4-6.4-12.8-12.8-12.8h-22.4c-6.4 0-12.8 6.4-12.8 12.8v198.4c0 6.4 6.4 12.8 12.8 12.8zm96 0h22.4c6.4 0 12.8-6.4 12.8-12.8V204.8c0-6.4-6.4-12.8-12.8-12.8h-22.4c-6.4 0-12.8 6.4-12.8 12.8v134.4c0 6.4 6.4 12.8 12.8 12.8zM496 400H48V80c0-8.84-7.16-16-16-16H16C7.16 64 0 71.16 0 80v336c0 17.67 14.33 32 32 32h464c8.84 0 16-7.16 16-16v-16c0-8.84-7.16-16-16-16zm-387.2-48h22.4c6.4 0 12.8-6.4 12.8-12.8v-70.4c0-6.4-6.4-12.8-12.8-12.8h-22.4c-6.4 0-12.8 6.4-12.8 12.8v70.4c0 6.4 6.4 12.8 12.8 12.8z\" class=\"\"><\/path><\/svg><\/i> <img loading=\"lazy\" decoding=\"async\" width=\"16\" height=\"16\" alt=\"Loading\" src=\"https:\/\/meriller-vapeur.fr\/wp3\/wp-content\/plugins\/page-views-count\/ajax-loader-2x.gif\" border=0 \/><\/p>\n<div class=\"pvc_clear\"><\/div>\n","protected":false},"excerpt":{"rendered":"<p>Qui sommes-nous\u00a0? L&rsquo;Association\u00a0\u00ab\u00a0MERILLER-VAPEUR 24\u00a0\u00bb \u00a0\u00e0 \u00a0COULOUNIEIX CHAMIERS est une Association Loi 1901 cr\u00e9\u00e9e le\u00a06 novembre 2003 et dont les Statuts ont \u00e9t\u00e9 d\u00e9pos\u00e9s en Pr\u00e9fecture de Dordogne. L\u2019adresse de notre site Web est\u00a0: https:\/\/meriller-vapeur.fr Utilisation des donn\u00e9es personnelles collect\u00e9es : \u2022 COMMENTAIRES. Nous r\u00e9coltons des informations sur les visiteurs qui laissent des commentaires sur les\u2026 <span class=\"read-more\"><a href=\"https:\/\/meriller-vapeur.fr\/wp3\/?page_id=8501\">Read More &raquo;<\/a><\/span><\/p>\n<div class=\"pvc_clear\"><\/div>\n<p id=\"pvc_stats_8501\" class=\"pvc_stats all  \" data-element-id=\"8501\" style=\"\"><i class=\"pvc-stats-icon medium\" aria-hidden=\"true\"><svg aria-hidden=\"true\" focusable=\"false\" data-prefix=\"far\" data-icon=\"chart-bar\" role=\"img\" xmlns=\"http:\/\/www.w3.org\/2000\/svg\" viewBox=\"0 0 512 512\" class=\"svg-inline--fa fa-chart-bar fa-w-16 fa-2x\"><path fill=\"currentColor\" d=\"M396.8 352h22.4c6.4 0 12.8-6.4 12.8-12.8V108.8c0-6.4-6.4-12.8-12.8-12.8h-22.4c-6.4 0-12.8 6.4-12.8 12.8v230.4c0 6.4 6.4 12.8 12.8 12.8zm-192 0h22.4c6.4 0 12.8-6.4 12.8-12.8V140.8c0-6.4-6.4-12.8-12.8-12.8h-22.4c-6.4 0-12.8 6.4-12.8 12.8v198.4c0 6.4 6.4 12.8 12.8 12.8zm96 0h22.4c6.4 0 12.8-6.4 12.8-12.8V204.8c0-6.4-6.4-12.8-12.8-12.8h-22.4c-6.4 0-12.8 6.4-12.8 12.8v134.4c0 6.4 6.4 12.8 12.8 12.8zM496 400H48V80c0-8.84-7.16-16-16-16H16C7.16 64 0 71.16 0 80v336c0 17.67 14.33 32 32 32h464c8.84 0 16-7.16 16-16v-16c0-8.84-7.16-16-16-16zm-387.2-48h22.4c6.4 0 12.8-6.4 12.8-12.8v-70.4c0-6.4-6.4-12.8-12.8-12.8h-22.4c-6.4 0-12.8 6.4-12.8 12.8v70.4c0 6.4 6.4 12.8 12.8 12.8z\" class=\"\"><\/path><\/svg><\/i> <img loading=\"lazy\" decoding=\"async\" width=\"16\" height=\"16\" alt=\"Loading\" src=\"https:\/\/meriller-vapeur.fr\/wp3\/wp-content\/plugins\/page-views-count\/ajax-loader-2x.gif\" border=0 \/><\/p>\n<div class=\"pvc_clear\"><\/div>\n","protected":false},"author":1,"featured_media":0,"parent":10,"menu_order":0,"comment_status":"closed","ping_status":"closed","template":"page-templates\/full-width.php","meta":{"footnotes":""},"class_list":["post-8501","page","type-page","status-publish","hentry"],"_links":{"self":[{"href":"https:\/\/meriller-vapeur.fr\/wp3\/index.php?rest_route=\/wp\/v2\/pages\/8501","targetHints":{"allow":["GET"]}}],"collection":[{"href":"https:\/\/meriller-vapeur.fr\/wp3\/index.php?rest_route=\/wp\/v2\/pages"}],"about":[{"href":"https:\/\/meriller-vapeur.fr\/wp3\/index.php?rest_route=\/wp\/v2\/types\/page"}],"author":[{"embeddable":true,"href":"https:\/\/meriller-vapeur.fr\/wp3\/index.php?rest_route=\/wp\/v2\/users\/1"}],"replies":[{"embeddable":true,"href":"https:\/\/meriller-vapeur.fr\/wp3\/index.php?rest_route=%2Fwp%2Fv2%2Fcomments&post=8501"}],"version-history":[{"count":0,"href":"https:\/\/meriller-vapeur.fr\/wp3\/index.php?rest_route=\/wp\/v2\/pages\/8501\/revisions"}],"up":[{"embeddable":true,"href":"https:\/\/meriller-vapeur.fr\/wp3\/index.php?rest_route=\/wp\/v2\/pages\/10"}],"wp:attachment":[{"href":"https:\/\/meriller-vapeur.fr\/wp3\/index.php?rest_route=%2Fwp%2Fv2%2Fmedia&parent=8501"}],"curies":[{"name":"wp","href":"https:\/\/api.w.org\/{rel}","templated":true}]}}