{"id":8317,"date":"2018-03-26T11:49:44","date_gmt":"2018-03-26T09:49:44","guid":{"rendered":"https:\/\/meriller-vapeur.fr\/wp3\/?page_id=8317"},"modified":"2018-04-02T14:39:57","modified_gmt":"2018-04-02T12:39:57","slug":"anciennes-compagnies-de-chemin-de-fer-vestiges-du-chemin-de-fer-de-lest-de-lyon","status":"publish","type":"page","link":"https:\/\/meriller-vapeur.fr\/wp3\/?page_id=8317","title":{"rendered":"Anciennes Compagnies de Chemin de Fer : vestiges du Chemin de Fer de l\u2019Est de Lyon."},"content":{"rendered":"<p>Pierre PERRIER a profit\u00e9 du dernier\u00a0week-end pour ranger ses archives photographiques. Et comme cela se produit parfois, il a mis la main sur un petit \u00ab\u00a0tr\u00e9sor d\u2019archives\u00a0\u00bb, des tirages Noir et Blanc de clich\u00e9s faits par lui d\u00e9but des ann\u00e9es 80.<\/p>\n<p>Voici ces photos et le texte qu\u2019il nous a adress\u00e9 :<\/p>\n<blockquote>\n<p style=\"text-align: justify;\">Voici cinq vues en N &amp; B des vestiges du Chemin de Fer de l&rsquo;Est de Lyon, o\u00f9 on voit le tron\u00e7on de voies sis \u00e0 la limite de Lyon et de Villeurbanne, ainsi que la plaque \u00ab\u00a0rue de la Ligne de l&rsquo;Est\u00a0\u00bb et le logo plant\u00e9 sur une des piles du portail du d\u00e9p\u00f4t de Villeurbanne.<span class=\"Apple-converted-space\">\u00a0<\/span><\/p>\n<p style=\"text-align: left;\">Cette compagnie transportait essentiellement des rames de ciment vrac en provenance des usines de Montalieu (Is\u00e8re).<span class=\"Apple-converted-space\">\u00a0<\/span><\/p>\n<p style=\"text-align: justify;\">La traction \u00e9tait confi\u00e9e \u00e0 des machines diesel \u00e0 trois essieux avec bielle d&rsquo;accouplement, un peu du style de ce que Jouef et Hornby avaient produit il y a pas mal d&rsquo;ann\u00e9es.<\/p>\n<p style=\"text-align: justify;\">Et le tout \u00e9tait \u00e0 voie unique, avec une exploitation simplifi\u00e9e.<\/p>\n<p style=\"text-align: justify;\">Une des machines avait en son temps \u00e9t\u00e9 r\u00e9cup\u00e9r\u00e9e par le Chemin de Fer de Sainte Foy l&rsquo;Argenti\u00e8re \u00e0 l&rsquo;Arbresle (Rh\u00f4ne) pour une exploitation touristique les weekends d&rsquo;\u00e9t\u00e9, mais je ne sais pas si tout \u00e7a a chang\u00e9 ou pas ces derni\u00e8res ann\u00e9es.<\/p>\n<p style=\"text-align: justify;\">Voici quatre vues en N et B des vestiges du Chemin de Fer de l&rsquo;Est de Lyon, o\u00f9 on voit le tron\u00e7on de voies sis \u00e0 la limite de Lyon et de Villeurbanne, ainsi que la plaque \u00ab\u00a0rue de la Ligne de l&rsquo;Est\u00a0\u00bb et le logo plant\u00e9 sur une des piles du portail du d\u00e9pot de Villeurbanne.<br \/>\nCette compagnie transportait essentiellement des rames de ciment vrac en provenance des usines de Montalieu (Is\u00e8re).<\/p>\n<p style=\"text-align: justify;\">La traction \u00e9tait confi\u00e9e \u00e0 des machines diesel \u00e0 trois essieux avec bielle d&rsquo;accouplement, un peu du style de ce que Jouef et Hornby avaient produit il y a pas mal d&rsquo;ann\u00e9es.<br \/>\nEt le tout \u00e9tait \u00e0 voie unique, avec une exploitation simplifi\u00e9e.<\/p>\n<p style=\"text-align: justify;\">Une des machines avait en son temps \u00e9t\u00e9 r\u00e9cup\u00e9r\u00e9e par le Chemin de Fer de Sainte Foy l&rsquo;Argenti\u00e8re \u00e0 l&rsquo;Arbresle (Rh\u00f4ne) pour une exploitation touristique les weekends d&rsquo;\u00e9t\u00e9, mais je ne sais pas si tout \u00e7a a chang\u00e9 ou pas ces derni\u00e8res ann\u00e9es.<\/p>\n<\/blockquote>\n\n\t\t<style type=\"text\/css\">\n\t\t\t#gallery-1 {\n\t\t\t\tmargin: auto;\n\t\t\t}\n\t\t\t#gallery-1 .gallery-item {\n\t\t\t\tfloat: left;\n\t\t\t\tmargin-top: 10px;\n\t\t\t\ttext-align: center;\n\t\t\t\twidth: 33%;\n\t\t\t}\n\t\t\t#gallery-1 img {\n\t\t\t\tborder: 2px solid #cfcfcf;\n\t\t\t}\n\t\t\t#gallery-1 .gallery-caption {\n\t\t\t\tmargin-left: 0;\n\t\t\t}\n\t\t\t\/* see gallery_shortcode() in wp-includes\/media.php *\/\n\t\t<\/style>\n\t\t<div id='gallery-1' class='gallery galleryid-8317 gallery-columns-3 gallery-size-medium'><dl class='gallery-item'>\n\t\t\t<dt class='gallery-icon portrait'>\n\t\t\t\t<a href='https:\/\/meriller-vapeur.fr\/wp3\/?attachment_id=8332'><img loading=\"lazy\" decoding=\"async\" width=\"213\" height=\"300\" src=\"https:\/\/meriller-vapeur.fr\/wp3\/wp-content\/uploads\/2018\/03\/Est-1-213x300.jpg\" class=\"attachment-medium size-medium\" alt=\"\" aria-describedby=\"gallery-1-8332\" srcset=\"https:\/\/meriller-vapeur.fr\/wp3\/wp-content\/uploads\/2018\/03\/Est-1-213x300.jpg 213w, https:\/\/meriller-vapeur.fr\/wp3\/wp-content\/uploads\/2018\/03\/Est-1-768x1082.jpg 768w, https:\/\/meriller-vapeur.fr\/wp3\/wp-content\/uploads\/2018\/03\/Est-1-727x1024.jpg 727w, https:\/\/meriller-vapeur.fr\/wp3\/wp-content\/uploads\/2018\/03\/Est-1.jpg 1600w\" sizes=\"auto, (max-width: 213px) 100vw, 213px\" \/><\/a>\n\t\t\t<\/dt>\n\t\t\t\t<dd class='wp-caption-text gallery-caption' id='gallery-1-8332'>\n\t\t\t\tChemin de Fer de l\u2019Est de Lyon-1\n\t\t\t\t<\/dd><\/dl><dl class='gallery-item'>\n\t\t\t<dt class='gallery-icon portrait'>\n\t\t\t\t<a href='https:\/\/meriller-vapeur.fr\/wp3\/?attachment_id=8336'><img loading=\"lazy\" decoding=\"async\" width=\"230\" height=\"300\" src=\"https:\/\/meriller-vapeur.fr\/wp3\/wp-content\/uploads\/2018\/03\/Est-5-230x300.jpg\" class=\"attachment-medium size-medium\" alt=\"\" aria-describedby=\"gallery-1-8336\" srcset=\"https:\/\/meriller-vapeur.fr\/wp3\/wp-content\/uploads\/2018\/03\/Est-5-230x300.jpg 230w, https:\/\/meriller-vapeur.fr\/wp3\/wp-content\/uploads\/2018\/03\/Est-5-768x1000.jpg 768w, https:\/\/meriller-vapeur.fr\/wp3\/wp-content\/uploads\/2018\/03\/Est-5-787x1024.jpg 787w, https:\/\/meriller-vapeur.fr\/wp3\/wp-content\/uploads\/2018\/03\/Est-5.jpg 1600w\" sizes=\"auto, (max-width: 230px) 100vw, 230px\" \/><\/a>\n\t\t\t<\/dt>\n\t\t\t\t<dd class='wp-caption-text gallery-caption' id='gallery-1-8336'>\n\t\t\t\tChemin de Fer de l\u2019Est de Lyon-Portail du d\u00e9p\u00f4t de Villeurbanne.\n\t\t\t\t<\/dd><\/dl><dl class='gallery-item'>\n\t\t\t<dt class='gallery-icon portrait'>\n\t\t\t\t<a href='https:\/\/meriller-vapeur.fr\/wp3\/?attachment_id=8334'><img loading=\"lazy\" decoding=\"async\" width=\"252\" height=\"300\" src=\"https:\/\/meriller-vapeur.fr\/wp3\/wp-content\/uploads\/2018\/03\/Est-3-252x300.jpg\" class=\"attachment-medium size-medium\" alt=\"\" aria-describedby=\"gallery-1-8334\" srcset=\"https:\/\/meriller-vapeur.fr\/wp3\/wp-content\/uploads\/2018\/03\/Est-3-252x300.jpg 252w, https:\/\/meriller-vapeur.fr\/wp3\/wp-content\/uploads\/2018\/03\/Est-3-768x914.jpg 768w, https:\/\/meriller-vapeur.fr\/wp3\/wp-content\/uploads\/2018\/03\/Est-3-861x1024.jpg 861w, https:\/\/meriller-vapeur.fr\/wp3\/wp-content\/uploads\/2018\/03\/Est-3.jpg 1600w\" sizes=\"auto, (max-width: 252px) 100vw, 252px\" \/><\/a>\n\t\t\t<\/dt>\n\t\t\t\t<dd class='wp-caption-text gallery-caption' id='gallery-1-8334'>\n\t\t\t\tChemin de Fer de l\u2019Est de Lyon-3\n\t\t\t\t<\/dd><\/dl><br style=\"clear: both\" \/><dl class='gallery-item'>\n\t\t\t<dt class='gallery-icon landscape'>\n\t\t\t\t<a href='https:\/\/meriller-vapeur.fr\/wp3\/?attachment_id=8335'><img loading=\"lazy\" decoding=\"async\" width=\"300\" height=\"200\" src=\"https:\/\/meriller-vapeur.fr\/wp3\/wp-content\/uploads\/2018\/03\/Est-4-300x200.jpg\" class=\"attachment-medium size-medium\" alt=\"\" aria-describedby=\"gallery-1-8335\" srcset=\"https:\/\/meriller-vapeur.fr\/wp3\/wp-content\/uploads\/2018\/03\/Est-4-300x200.jpg 300w, https:\/\/meriller-vapeur.fr\/wp3\/wp-content\/uploads\/2018\/03\/Est-4-768x513.jpg 768w, https:\/\/meriller-vapeur.fr\/wp3\/wp-content\/uploads\/2018\/03\/Est-4-1024x684.jpg 1024w, https:\/\/meriller-vapeur.fr\/wp3\/wp-content\/uploads\/2018\/03\/Est-4.jpg 1600w\" sizes=\"auto, (max-width: 300px) 100vw, 300px\" \/><\/a>\n\t\t\t<\/dt>\n\t\t\t\t<dd class='wp-caption-text gallery-caption' id='gallery-1-8335'>\n\t\t\t\tChemin de Fer de l\u2019Est de Lyon-4\n\t\t\t\t<\/dd><\/dl><dl class='gallery-item'>\n\t\t\t<dt class='gallery-icon landscape'>\n\t\t\t\t<a href='https:\/\/meriller-vapeur.fr\/wp3\/?attachment_id=8333'><img loading=\"lazy\" decoding=\"async\" width=\"300\" height=\"194\" src=\"https:\/\/meriller-vapeur.fr\/wp3\/wp-content\/uploads\/2018\/03\/Est-2-300x194.jpg\" class=\"attachment-medium size-medium\" alt=\"\" aria-describedby=\"gallery-1-8333\" srcset=\"https:\/\/meriller-vapeur.fr\/wp3\/wp-content\/uploads\/2018\/03\/Est-2-300x194.jpg 300w, https:\/\/meriller-vapeur.fr\/wp3\/wp-content\/uploads\/2018\/03\/Est-2-768x498.jpg 768w, https:\/\/meriller-vapeur.fr\/wp3\/wp-content\/uploads\/2018\/03\/Est-2-1024x664.jpg 1024w, https:\/\/meriller-vapeur.fr\/wp3\/wp-content\/uploads\/2018\/03\/Est-2.jpg 1600w\" sizes=\"auto, (max-width: 300px) 100vw, 300px\" \/><\/a>\n\t\t\t<\/dt>\n\t\t\t\t<dd class='wp-caption-text gallery-caption' id='gallery-1-8333'>\n\t\t\t\tChemin de Fer de l\u2019Est de Lyon-Gare de Villeurbanne.\n\t\t\t\t<\/dd><\/dl>\n\t\t\t<br style='clear: both' \/>\n\t\t<\/div>\n\n<p><strong>Nota 1<\/strong> : \u00e0 l\u2019occasion de la publication des clich\u00e9s de Pierre Perrier, nous avons recherch\u00e9 sur internet des pr\u00e9cisions concernant les machines diesel de tractions signal\u00e9es plus haut. Voici ce que nous avons trouv\u00e9 :<br \/>\nCes machines sont deux <strong>locomotives diesel DH N\u00b04 et N\u00b05<\/strong> qui appartenaient en effet \u00e0 la Compagnie de l\u2019Est de Lyon. Elles sont actuellement exploit\u00e9es pour la traction des <strong><a href=\"http:\/\/train-touristique-monts-lyonnais.com\" target=\"_blank\" rel=\"noopener\">trains touristiques des Monts du Lyonnais.<\/a><\/strong><\/p>\n<p>Nous en avons retrouv\u00e9 des photos r\u00e9centes, provenant du<strong> <a href=\"http:\/\/lozeremodelisme.clicforum.fr\/index.php\" target=\"_blank\" rel=\"noopener\">Club \u00ab\u00a0Loz\u00e8re Mod\u00e9lisme\u00a0\u00bb :<\/a><\/strong><\/p>\n\n\t\t<style type=\"text\/css\">\n\t\t\t#gallery-2 {\n\t\t\t\tmargin: auto;\n\t\t\t}\n\t\t\t#gallery-2 .gallery-item {\n\t\t\t\tfloat: left;\n\t\t\t\tmargin-top: 10px;\n\t\t\t\ttext-align: center;\n\t\t\t\twidth: 50%;\n\t\t\t}\n\t\t\t#gallery-2 img {\n\t\t\t\tborder: 2px solid #cfcfcf;\n\t\t\t}\n\t\t\t#gallery-2 .gallery-caption {\n\t\t\t\tmargin-left: 0;\n\t\t\t}\n\t\t\t\/* see gallery_shortcode() in wp-includes\/media.php *\/\n\t\t<\/style>\n\t\t<div id='gallery-2' class='gallery galleryid-8317 gallery-columns-2 gallery-size-medium'><dl class='gallery-item'>\n\t\t\t<dt class='gallery-icon landscape'>\n\t\t\t\t<a href='https:\/\/meriller-vapeur.fr\/wp3\/?attachment_id=8323'><img loading=\"lazy\" decoding=\"async\" width=\"300\" height=\"169\" src=\"https:\/\/meriller-vapeur.fr\/wp3\/wp-content\/uploads\/2018\/03\/dsc_0549-50728ea-300x169.jpg\" class=\"attachment-medium size-medium\" alt=\"\" srcset=\"https:\/\/meriller-vapeur.fr\/wp3\/wp-content\/uploads\/2018\/03\/dsc_0549-50728ea-300x169.jpg 300w, https:\/\/meriller-vapeur.fr\/wp3\/wp-content\/uploads\/2018\/03\/dsc_0549-50728ea-768x431.jpg 768w, https:\/\/meriller-vapeur.fr\/wp3\/wp-content\/uploads\/2018\/03\/dsc_0549-50728ea-1024x575.jpg 1024w, https:\/\/meriller-vapeur.fr\/wp3\/wp-content\/uploads\/2018\/03\/dsc_0549-50728ea.jpg 1200w\" sizes=\"auto, (max-width: 300px) 100vw, 300px\" \/><\/a>\n\t\t\t<\/dt><\/dl><dl class='gallery-item'>\n\t\t\t<dt class='gallery-icon landscape'>\n\t\t\t\t<a href='https:\/\/meriller-vapeur.fr\/wp3\/?attachment_id=8324'><img loading=\"lazy\" decoding=\"async\" width=\"300\" height=\"169\" src=\"https:\/\/meriller-vapeur.fr\/wp3\/wp-content\/uploads\/2018\/03\/dsc_0548-50728e1-300x169.jpg\" class=\"attachment-medium size-medium\" alt=\"\" srcset=\"https:\/\/meriller-vapeur.fr\/wp3\/wp-content\/uploads\/2018\/03\/dsc_0548-50728e1-300x169.jpg 300w, https:\/\/meriller-vapeur.fr\/wp3\/wp-content\/uploads\/2018\/03\/dsc_0548-50728e1-768x431.jpg 768w, https:\/\/meriller-vapeur.fr\/wp3\/wp-content\/uploads\/2018\/03\/dsc_0548-50728e1-1024x575.jpg 1024w, https:\/\/meriller-vapeur.fr\/wp3\/wp-content\/uploads\/2018\/03\/dsc_0548-50728e1.jpg 1200w\" sizes=\"auto, (max-width: 300px) 100vw, 300px\" \/><\/a>\n\t\t\t<\/dt><\/dl><br style=\"clear: both\" \/>\n\t\t<\/div>\n\n<p><strong>Nota 2<\/strong> : Un nouvel envoi de Pierre Perrier le 30 mars 2018 :<\/p>\n<blockquote><p>Dans mon pr\u00e9c\u00e9dent envoi, je disais qu&rsquo;un des locotracteurs de l&rsquo;Est de Lyon avait servi \u00e0 la traction du Chemin de Fer Touristique des Monts du Lyonnais, aussi connu sous le nom de Chemin de Fer de la Br\u00e9venne. Il rempla\u00e7ait la 130 tender des FS (chemins de fer italiens &#8211; Ferrovie dello Stato),\u00a0dont voici une photo ressortie aujourd\u2019hui. J&rsquo;en ai d&rsquo;autres, au fond d&rsquo;un carton&#8230; reste \u00e0 localiser le carton ! J\u2019en profite pour rappeler que le mod\u00e8le sorti par Roco est la reproduction exacte de cette loco, puisqu&rsquo;immatricul\u00e9 880 157. Cette machine est arriv\u00e9e \u00e0 chute de timbre en 1998. Construite par Breda en 1914, elle \u00e9tait initialement affect\u00e9e au d\u00e9pot de Cuneo (Coni en fran\u00e7ais).<\/p><\/blockquote>\n<p>Voici cette Loco 130 tender :<\/p>\n<div id=\"attachment_8341\" style=\"width: 310px\" class=\"wp-caption aligncenter\"><a href=\"https:\/\/meriller-vapeur.fr\/wp3\/wp-content\/uploads\/2018\/04\/Pierre-Am\u00e9d\u00e9e-PERRIER-130-FS.jpg\" target=\"_blank\" rel=\"noopener\"><img loading=\"lazy\" decoding=\"async\" aria-describedby=\"caption-attachment-8341\" class=\"wp-image-8341 size-medium\" src=\"https:\/\/meriller-vapeur.fr\/wp3\/wp-content\/uploads\/2018\/04\/Pierre-Am\u00e9d\u00e9e-PERRIER-130-FS-300x204.jpg\" alt=\"\" width=\"300\" height=\"204\" srcset=\"https:\/\/meriller-vapeur.fr\/wp3\/wp-content\/uploads\/2018\/04\/Pierre-Am\u00e9d\u00e9e-PERRIER-130-FS-300x204.jpg 300w, https:\/\/meriller-vapeur.fr\/wp3\/wp-content\/uploads\/2018\/04\/Pierre-Am\u00e9d\u00e9e-PERRIER-130-FS-768x522.jpg 768w, https:\/\/meriller-vapeur.fr\/wp3\/wp-content\/uploads\/2018\/04\/Pierre-Am\u00e9d\u00e9e-PERRIER-130-FS-1024x696.jpg 1024w, https:\/\/meriller-vapeur.fr\/wp3\/wp-content\/uploads\/2018\/04\/Pierre-Am\u00e9d\u00e9e-PERRIER-130-FS.jpg 1600w\" sizes=\"auto, (max-width: 300px) 100vw, 300px\" \/><\/a><p id=\"caption-attachment-8341\" class=\"wp-caption-text\">Loco 130-Tender FS.<\/p><\/div>\n<p><em>Page mise \u00e0 jour le 02-04-2018.<\/em><\/p>\n<p>&nbsp;<\/p>\n<div class=\"pvc_clear\"><\/div>\n<p id=\"pvc_stats_8317\" class=\"pvc_stats all  \" data-element-id=\"8317\" style=\"\"><i class=\"pvc-stats-icon medium\" aria-hidden=\"true\"><svg aria-hidden=\"true\" focusable=\"false\" data-prefix=\"far\" data-icon=\"chart-bar\" role=\"img\" xmlns=\"http:\/\/www.w3.org\/2000\/svg\" viewBox=\"0 0 512 512\" class=\"svg-inline--fa fa-chart-bar fa-w-16 fa-2x\"><path fill=\"currentColor\" d=\"M396.8 352h22.4c6.4 0 12.8-6.4 12.8-12.8V108.8c0-6.4-6.4-12.8-12.8-12.8h-22.4c-6.4 0-12.8 6.4-12.8 12.8v230.4c0 6.4 6.4 12.8 12.8 12.8zm-192 0h22.4c6.4 0 12.8-6.4 12.8-12.8V140.8c0-6.4-6.4-12.8-12.8-12.8h-22.4c-6.4 0-12.8 6.4-12.8 12.8v198.4c0 6.4 6.4 12.8 12.8 12.8zm96 0h22.4c6.4 0 12.8-6.4 12.8-12.8V204.8c0-6.4-6.4-12.8-12.8-12.8h-22.4c-6.4 0-12.8 6.4-12.8 12.8v134.4c0 6.4 6.4 12.8 12.8 12.8zM496 400H48V80c0-8.84-7.16-16-16-16H16C7.16 64 0 71.16 0 80v336c0 17.67 14.33 32 32 32h464c8.84 0 16-7.16 16-16v-16c0-8.84-7.16-16-16-16zm-387.2-48h22.4c6.4 0 12.8-6.4 12.8-12.8v-70.4c0-6.4-6.4-12.8-12.8-12.8h-22.4c-6.4 0-12.8 6.4-12.8 12.8v70.4c0 6.4 6.4 12.8 12.8 12.8z\" class=\"\"><\/path><\/svg><\/i> <img loading=\"lazy\" decoding=\"async\" width=\"16\" height=\"16\" alt=\"Loading\" src=\"https:\/\/meriller-vapeur.fr\/wp3\/wp-content\/plugins\/page-views-count\/ajax-loader-2x.gif\" border=0 \/><\/p>\n<div class=\"pvc_clear\"><\/div>\n","protected":false},"excerpt":{"rendered":"<p>Pierre PERRIER a profit\u00e9 du dernier\u00a0week-end pour ranger ses archives photographiques. Et comme cela se produit parfois, il a mis la main sur un petit \u00ab\u00a0tr\u00e9sor d\u2019archives\u00a0\u00bb, des tirages Noir et Blanc de clich\u00e9s faits par lui d\u00e9but des ann\u00e9es 80. Voici ces photos et le texte qu\u2019il nous a adress\u00e9 : Voici cinq vues\u2026 <span class=\"read-more\"><a href=\"https:\/\/meriller-vapeur.fr\/wp3\/?page_id=8317\">Read More &raquo;<\/a><\/span><\/p>\n<div class=\"pvc_clear\"><\/div>\n<p id=\"pvc_stats_8317\" class=\"pvc_stats all  \" data-element-id=\"8317\" style=\"\"><i class=\"pvc-stats-icon medium\" aria-hidden=\"true\"><svg aria-hidden=\"true\" focusable=\"false\" data-prefix=\"far\" data-icon=\"chart-bar\" role=\"img\" xmlns=\"http:\/\/www.w3.org\/2000\/svg\" viewBox=\"0 0 512 512\" class=\"svg-inline--fa fa-chart-bar fa-w-16 fa-2x\"><path fill=\"currentColor\" d=\"M396.8 352h22.4c6.4 0 12.8-6.4 12.8-12.8V108.8c0-6.4-6.4-12.8-12.8-12.8h-22.4c-6.4 0-12.8 6.4-12.8 12.8v230.4c0 6.4 6.4 12.8 12.8 12.8zm-192 0h22.4c6.4 0 12.8-6.4 12.8-12.8V140.8c0-6.4-6.4-12.8-12.8-12.8h-22.4c-6.4 0-12.8 6.4-12.8 12.8v198.4c0 6.4 6.4 12.8 12.8 12.8zm96 0h22.4c6.4 0 12.8-6.4 12.8-12.8V204.8c0-6.4-6.4-12.8-12.8-12.8h-22.4c-6.4 0-12.8 6.4-12.8 12.8v134.4c0 6.4 6.4 12.8 12.8 12.8zM496 400H48V80c0-8.84-7.16-16-16-16H16C7.16 64 0 71.16 0 80v336c0 17.67 14.33 32 32 32h464c8.84 0 16-7.16 16-16v-16c0-8.84-7.16-16-16-16zm-387.2-48h22.4c6.4 0 12.8-6.4 12.8-12.8v-70.4c0-6.4-6.4-12.8-12.8-12.8h-22.4c-6.4 0-12.8 6.4-12.8 12.8v70.4c0 6.4 6.4 12.8 12.8 12.8z\" class=\"\"><\/path><\/svg><\/i> <img loading=\"lazy\" decoding=\"async\" width=\"16\" height=\"16\" alt=\"Loading\" src=\"https:\/\/meriller-vapeur.fr\/wp3\/wp-content\/plugins\/page-views-count\/ajax-loader-2x.gif\" border=0 \/><\/p>\n<div class=\"pvc_clear\"><\/div>\n","protected":false},"author":1,"featured_media":0,"parent":284,"menu_order":0,"comment_status":"closed","ping_status":"closed","template":"tmp-onecolumn.php","meta":{"footnotes":""},"class_list":["post-8317","page","type-page","status-publish","hentry"],"_links":{"self":[{"href":"https:\/\/meriller-vapeur.fr\/wp3\/index.php?rest_route=\/wp\/v2\/pages\/8317","targetHints":{"allow":["GET"]}}],"collection":[{"href":"https:\/\/meriller-vapeur.fr\/wp3\/index.php?rest_route=\/wp\/v2\/pages"}],"about":[{"href":"https:\/\/meriller-vapeur.fr\/wp3\/index.php?rest_route=\/wp\/v2\/types\/page"}],"author":[{"embeddable":true,"href":"https:\/\/meriller-vapeur.fr\/wp3\/index.php?rest_route=\/wp\/v2\/users\/1"}],"replies":[{"embeddable":true,"href":"https:\/\/meriller-vapeur.fr\/wp3\/index.php?rest_route=%2Fwp%2Fv2%2Fcomments&post=8317"}],"version-history":[{"count":0,"href":"https:\/\/meriller-vapeur.fr\/wp3\/index.php?rest_route=\/wp\/v2\/pages\/8317\/revisions"}],"up":[{"embeddable":true,"href":"https:\/\/meriller-vapeur.fr\/wp3\/index.php?rest_route=\/wp\/v2\/pages\/284"}],"wp:attachment":[{"href":"https:\/\/meriller-vapeur.fr\/wp3\/index.php?rest_route=%2Fwp%2Fv2%2Fmedia&parent=8317"}],"curies":[{"name":"wp","href":"https:\/\/api.w.org\/{rel}","templated":true}]}}