{"id":8271,"date":"2018-03-04T12:22:28","date_gmt":"2018-03-04T11:22:28","guid":{"rendered":"https:\/\/meriller-vapeur.fr\/wp3\/?page_id=8271"},"modified":"2018-03-04T13:43:19","modified_gmt":"2018-03-04T12:43:19","slug":"apercus-en-gare-de-perigueux-ce-vendredi-2-mars-2018-en-milieu-dapres-midi","status":"publish","type":"page","link":"https:\/\/meriller-vapeur.fr\/wp3\/?page_id=8271","title":{"rendered":"Aper\u00e7us en gare de P\u00e9rigueux ce vendredi 2 mars 2018 en milieu d\u2019apr\u00e8s midi\u00a0!"},"content":{"rendered":"<p>C\u2019est en se livrant \u00e0 sa promenade quotidienne avec son chien que Pierre Perrier ouvre l\u2019\u0153il et d\u00e9clenche son appareil photos!<br \/>\nPensez \u00e0 l\u2019imiter lorsque vous longez une voie ferr\u00e9e, une installation ferroviaire, en vacances ou en faisant vos courses. Ouvrir un \u0153il curieux est g\u00e9n\u00e9ralement la cl\u00e9 des belles photos\u2026<br \/>\nVoici donc le r\u00e9sultat des observations de notre valeureux reporter :<\/p>\n<p>1) deux autorails aux couleurs \u00ab\u00a0Limousin\u00a0\u00bb<\/p>\n<p>2) la BB 75468 aux couleurs \u00ab\u00a0fr\u00eat\u00a0\u00bb stationn\u00e9e vers la sortie ouest<\/p>\n<p>3) un train de ballast attel\u00e9 \u00e0 la BB 67433 et au Y 8089, tous deux aux couleurs \u00ab\u00a0infra\u00a0\u00bb, le yo-yo probablement en v\u00e9hicule (?)<\/p>\n<p><em>(Nota pour les techniciens photo\u00a0: la d\u00e9formation des images est due aux effets de perspective\u00a0de la prise venue).<\/em><\/p>\n\n\t\t<style type=\"text\/css\">\n\t\t\t#gallery-1 {\n\t\t\t\tmargin: auto;\n\t\t\t}\n\t\t\t#gallery-1 .gallery-item {\n\t\t\t\tfloat: left;\n\t\t\t\tmargin-top: 10px;\n\t\t\t\ttext-align: center;\n\t\t\t\twidth: 33%;\n\t\t\t}\n\t\t\t#gallery-1 img {\n\t\t\t\tborder: 2px solid #cfcfcf;\n\t\t\t}\n\t\t\t#gallery-1 .gallery-caption {\n\t\t\t\tmargin-left: 0;\n\t\t\t}\n\t\t\t\/* see gallery_shortcode() in wp-includes\/media.php *\/\n\t\t<\/style>\n\t\t<div id='gallery-1' class='gallery galleryid-8271 gallery-columns-3 gallery-size-medium'><dl class='gallery-item'>\n\t\t\t<dt class='gallery-icon landscape'>\n\t\t\t\t<a href='https:\/\/meriller-vapeur.fr\/wp3\/?attachment_id=8272'><img loading=\"lazy\" decoding=\"async\" width=\"300\" height=\"138\" src=\"https:\/\/meriller-vapeur.fr\/wp3\/wp-content\/uploads\/2018\/03\/1-IMG_2556-300x138.jpg\" class=\"attachment-medium size-medium\" alt=\"\" srcset=\"https:\/\/meriller-vapeur.fr\/wp3\/wp-content\/uploads\/2018\/03\/1-IMG_2556-300x138.jpg 300w, https:\/\/meriller-vapeur.fr\/wp3\/wp-content\/uploads\/2018\/03\/1-IMG_2556-768x353.jpg 768w, https:\/\/meriller-vapeur.fr\/wp3\/wp-content\/uploads\/2018\/03\/1-IMG_2556-1024x471.jpg 1024w, https:\/\/meriller-vapeur.fr\/wp3\/wp-content\/uploads\/2018\/03\/1-IMG_2556.jpg 1600w\" sizes=\"auto, (max-width: 300px) 100vw, 300px\" \/><\/a>\n\t\t\t<\/dt><\/dl><dl class='gallery-item'>\n\t\t\t<dt class='gallery-icon landscape'>\n\t\t\t\t<a href='https:\/\/meriller-vapeur.fr\/wp3\/?attachment_id=8273'><img loading=\"lazy\" decoding=\"async\" width=\"300\" height=\"195\" src=\"https:\/\/meriller-vapeur.fr\/wp3\/wp-content\/uploads\/2018\/03\/2-IMG_2551-300x195.jpg\" class=\"attachment-medium size-medium\" alt=\"\" srcset=\"https:\/\/meriller-vapeur.fr\/wp3\/wp-content\/uploads\/2018\/03\/2-IMG_2551-300x195.jpg 300w, https:\/\/meriller-vapeur.fr\/wp3\/wp-content\/uploads\/2018\/03\/2-IMG_2551-768x498.jpg 768w, https:\/\/meriller-vapeur.fr\/wp3\/wp-content\/uploads\/2018\/03\/2-IMG_2551-1024x664.jpg 1024w, https:\/\/meriller-vapeur.fr\/wp3\/wp-content\/uploads\/2018\/03\/2-IMG_2551.jpg 1600w\" sizes=\"auto, (max-width: 300px) 100vw, 300px\" \/><\/a>\n\t\t\t<\/dt><\/dl><dl class='gallery-item'>\n\t\t\t<dt class='gallery-icon landscape'>\n\t\t\t\t<a href='https:\/\/meriller-vapeur.fr\/wp3\/?attachment_id=8274'><img loading=\"lazy\" decoding=\"async\" width=\"300\" height=\"119\" src=\"https:\/\/meriller-vapeur.fr\/wp3\/wp-content\/uploads\/2018\/03\/30-IMG_2554-300x119.jpg\" class=\"attachment-medium size-medium\" alt=\"\" srcset=\"https:\/\/meriller-vapeur.fr\/wp3\/wp-content\/uploads\/2018\/03\/30-IMG_2554-300x119.jpg 300w, https:\/\/meriller-vapeur.fr\/wp3\/wp-content\/uploads\/2018\/03\/30-IMG_2554-768x305.jpg 768w, https:\/\/meriller-vapeur.fr\/wp3\/wp-content\/uploads\/2018\/03\/30-IMG_2554-1024x407.jpg 1024w, https:\/\/meriller-vapeur.fr\/wp3\/wp-content\/uploads\/2018\/03\/30-IMG_2554.jpg 1600w\" sizes=\"auto, (max-width: 300px) 100vw, 300px\" \/><\/a>\n\t\t\t<\/dt><\/dl><br style=\"clear: both\" \/><dl class='gallery-item'>\n\t\t\t<dt class='gallery-icon landscape'>\n\t\t\t\t<a href='https:\/\/meriller-vapeur.fr\/wp3\/?attachment_id=8275'><img loading=\"lazy\" decoding=\"async\" width=\"300\" height=\"143\" src=\"https:\/\/meriller-vapeur.fr\/wp3\/wp-content\/uploads\/2018\/03\/31-IMG_2548-300x143.jpg\" class=\"attachment-medium size-medium\" alt=\"\" srcset=\"https:\/\/meriller-vapeur.fr\/wp3\/wp-content\/uploads\/2018\/03\/31-IMG_2548-300x143.jpg 300w, https:\/\/meriller-vapeur.fr\/wp3\/wp-content\/uploads\/2018\/03\/31-IMG_2548-768x367.jpg 768w, https:\/\/meriller-vapeur.fr\/wp3\/wp-content\/uploads\/2018\/03\/31-IMG_2548-1024x489.jpg 1024w, https:\/\/meriller-vapeur.fr\/wp3\/wp-content\/uploads\/2018\/03\/31-IMG_2548.jpg 1600w\" sizes=\"auto, (max-width: 300px) 100vw, 300px\" \/><\/a>\n\t\t\t<\/dt><\/dl><dl class='gallery-item'>\n\t\t\t<dt class='gallery-icon landscape'>\n\t\t\t\t<a href='https:\/\/meriller-vapeur.fr\/wp3\/?attachment_id=8276'><img loading=\"lazy\" decoding=\"async\" width=\"300\" height=\"154\" src=\"https:\/\/meriller-vapeur.fr\/wp3\/wp-content\/uploads\/2018\/03\/32-IMG_2550-300x154.jpg\" class=\"attachment-medium size-medium\" alt=\"\" srcset=\"https:\/\/meriller-vapeur.fr\/wp3\/wp-content\/uploads\/2018\/03\/32-IMG_2550-300x154.jpg 300w, https:\/\/meriller-vapeur.fr\/wp3\/wp-content\/uploads\/2018\/03\/32-IMG_2550-768x394.jpg 768w, https:\/\/meriller-vapeur.fr\/wp3\/wp-content\/uploads\/2018\/03\/32-IMG_2550-1024x525.jpg 1024w, https:\/\/meriller-vapeur.fr\/wp3\/wp-content\/uploads\/2018\/03\/32-IMG_2550.jpg 1600w\" sizes=\"auto, (max-width: 300px) 100vw, 300px\" \/><\/a>\n\t\t\t<\/dt><\/dl>\n\t\t\t<br style='clear: both' \/>\n\t\t<\/div>\n\n<div class=\"pvc_clear\"><\/div>\n<p id=\"pvc_stats_8271\" class=\"pvc_stats all  \" data-element-id=\"8271\" style=\"\"><i class=\"pvc-stats-icon medium\" aria-hidden=\"true\"><svg aria-hidden=\"true\" focusable=\"false\" data-prefix=\"far\" data-icon=\"chart-bar\" role=\"img\" xmlns=\"http:\/\/www.w3.org\/2000\/svg\" viewBox=\"0 0 512 512\" class=\"svg-inline--fa fa-chart-bar fa-w-16 fa-2x\"><path fill=\"currentColor\" d=\"M396.8 352h22.4c6.4 0 12.8-6.4 12.8-12.8V108.8c0-6.4-6.4-12.8-12.8-12.8h-22.4c-6.4 0-12.8 6.4-12.8 12.8v230.4c0 6.4 6.4 12.8 12.8 12.8zm-192 0h22.4c6.4 0 12.8-6.4 12.8-12.8V140.8c0-6.4-6.4-12.8-12.8-12.8h-22.4c-6.4 0-12.8 6.4-12.8 12.8v198.4c0 6.4 6.4 12.8 12.8 12.8zm96 0h22.4c6.4 0 12.8-6.4 12.8-12.8V204.8c0-6.4-6.4-12.8-12.8-12.8h-22.4c-6.4 0-12.8 6.4-12.8 12.8v134.4c0 6.4 6.4 12.8 12.8 12.8zM496 400H48V80c0-8.84-7.16-16-16-16H16C7.16 64 0 71.16 0 80v336c0 17.67 14.33 32 32 32h464c8.84 0 16-7.16 16-16v-16c0-8.84-7.16-16-16-16zm-387.2-48h22.4c6.4 0 12.8-6.4 12.8-12.8v-70.4c0-6.4-6.4-12.8-12.8-12.8h-22.4c-6.4 0-12.8 6.4-12.8 12.8v70.4c0 6.4 6.4 12.8 12.8 12.8z\" class=\"\"><\/path><\/svg><\/i> <img loading=\"lazy\" decoding=\"async\" width=\"16\" height=\"16\" alt=\"Loading\" src=\"https:\/\/meriller-vapeur.fr\/wp3\/wp-content\/plugins\/page-views-count\/ajax-loader-2x.gif\" border=0 \/><\/p>\n<div class=\"pvc_clear\"><\/div>\n","protected":false},"excerpt":{"rendered":"<p>C\u2019est en se livrant \u00e0 sa promenade quotidienne avec son chien que Pierre Perrier ouvre l\u2019\u0153il et d\u00e9clenche son appareil photos! Pensez \u00e0 l\u2019imiter lorsque vous longez une voie ferr\u00e9e, une installation ferroviaire, en vacances ou en faisant vos courses. Ouvrir un \u0153il curieux est g\u00e9n\u00e9ralement la cl\u00e9 des belles photos\u2026 Voici donc le r\u00e9sultat\u2026 <span class=\"read-more\"><a href=\"https:\/\/meriller-vapeur.fr\/wp3\/?page_id=8271\">Read More &raquo;<\/a><\/span><\/p>\n<div class=\"pvc_clear\"><\/div>\n<p id=\"pvc_stats_8271\" class=\"pvc_stats all  \" data-element-id=\"8271\" style=\"\"><i class=\"pvc-stats-icon medium\" aria-hidden=\"true\"><svg aria-hidden=\"true\" focusable=\"false\" data-prefix=\"far\" data-icon=\"chart-bar\" role=\"img\" xmlns=\"http:\/\/www.w3.org\/2000\/svg\" viewBox=\"0 0 512 512\" class=\"svg-inline--fa fa-chart-bar fa-w-16 fa-2x\"><path fill=\"currentColor\" d=\"M396.8 352h22.4c6.4 0 12.8-6.4 12.8-12.8V108.8c0-6.4-6.4-12.8-12.8-12.8h-22.4c-6.4 0-12.8 6.4-12.8 12.8v230.4c0 6.4 6.4 12.8 12.8 12.8zm-192 0h22.4c6.4 0 12.8-6.4 12.8-12.8V140.8c0-6.4-6.4-12.8-12.8-12.8h-22.4c-6.4 0-12.8 6.4-12.8 12.8v198.4c0 6.4 6.4 12.8 12.8 12.8zm96 0h22.4c6.4 0 12.8-6.4 12.8-12.8V204.8c0-6.4-6.4-12.8-12.8-12.8h-22.4c-6.4 0-12.8 6.4-12.8 12.8v134.4c0 6.4 6.4 12.8 12.8 12.8zM496 400H48V80c0-8.84-7.16-16-16-16H16C7.16 64 0 71.16 0 80v336c0 17.67 14.33 32 32 32h464c8.84 0 16-7.16 16-16v-16c0-8.84-7.16-16-16-16zm-387.2-48h22.4c6.4 0 12.8-6.4 12.8-12.8v-70.4c0-6.4-6.4-12.8-12.8-12.8h-22.4c-6.4 0-12.8 6.4-12.8 12.8v70.4c0 6.4 6.4 12.8 12.8 12.8z\" class=\"\"><\/path><\/svg><\/i> <img loading=\"lazy\" decoding=\"async\" width=\"16\" height=\"16\" alt=\"Loading\" src=\"https:\/\/meriller-vapeur.fr\/wp3\/wp-content\/plugins\/page-views-count\/ajax-loader-2x.gif\" border=0 \/><\/p>\n<div class=\"pvc_clear\"><\/div>\n","protected":false},"author":1,"featured_media":0,"parent":0,"menu_order":0,"comment_status":"closed","ping_status":"closed","template":"tmp-onecolumn.php","meta":{"footnotes":""},"class_list":["post-8271","page","type-page","status-publish","hentry"],"a3_pvc":{"activated":true,"total_views":158,"today_views":0},"_links":{"self":[{"href":"https:\/\/meriller-vapeur.fr\/wp3\/index.php?rest_route=\/wp\/v2\/pages\/8271","targetHints":{"allow":["GET"]}}],"collection":[{"href":"https:\/\/meriller-vapeur.fr\/wp3\/index.php?rest_route=\/wp\/v2\/pages"}],"about":[{"href":"https:\/\/meriller-vapeur.fr\/wp3\/index.php?rest_route=\/wp\/v2\/types\/page"}],"author":[{"embeddable":true,"href":"https:\/\/meriller-vapeur.fr\/wp3\/index.php?rest_route=\/wp\/v2\/users\/1"}],"replies":[{"embeddable":true,"href":"https:\/\/meriller-vapeur.fr\/wp3\/index.php?rest_route=%2Fwp%2Fv2%2Fcomments&post=8271"}],"version-history":[{"count":0,"href":"https:\/\/meriller-vapeur.fr\/wp3\/index.php?rest_route=\/wp\/v2\/pages\/8271\/revisions"}],"wp:attachment":[{"href":"https:\/\/meriller-vapeur.fr\/wp3\/index.php?rest_route=%2Fwp%2Fv2%2Fmedia&parent=8271"}],"curies":[{"name":"wp","href":"https:\/\/api.w.org\/{rel}","templated":true}]}}