{"id":7185,"date":"2017-03-14T15:32:54","date_gmt":"2017-03-14T14:32:54","guid":{"rendered":"https:\/\/meriller-vapeur.fr\/wp3\/?page_id=7185"},"modified":"2020-05-06T16:40:08","modified_gmt":"2020-05-06T14:40:08","slug":"le-reseau-de-roland-devient-de-plus-en-plus-grand","status":"publish","type":"page","link":"https:\/\/meriller-vapeur.fr\/wp3\/?page_id=7185","title":{"rendered":"Le r\u00e9seau de Roland devient de plus en plus grand !"},"content":{"rendered":"<h1>\u00a0SUITE 5\u00a0du r\u00e9seau au 12\u00a0mars 2017 : \u00a0 \u00a0 \u00a0 \u00a0 \u00a0 \u00a0 \u00a0 \u00a0 (Voir\u00a0Photos pr\u00e9c\u00e9dentes\u00a0:\u00a0<a href=\"https:\/\/meriller-vapeur.fr\/wp3\/?page_id=3957\">&gt;&gt;&gt;&gt;&gt;&gt;&gt;&gt;&gt;&gt;&gt;&gt;&gt;ICI<\/a> )<\/h1>\n<p>Apr\u00e8s l\u2019agrandissement de la pi\u00e8ce, maintenant le r\u00e9seau de Roland est en pleine extension,<br \/>\net oui \u2026 les amis du club sont l\u00e0 pour le coup de main, aussi chacun donne ses id\u00e9es, puis nous r\u00e9alisons suivant les possibilit\u00e9s.<br \/>\nIl y a encore du boulot mais la structure est d\u00e9j\u00e0 bien commenc\u00e9e&#8230;.bon courage pour la suite&#8230;<\/p>\n\n\t\t<style type=\"text\/css\">\n\t\t\t#gallery-1 {\n\t\t\t\tmargin: auto;\n\t\t\t}\n\t\t\t#gallery-1 .gallery-item {\n\t\t\t\tfloat: left;\n\t\t\t\tmargin-top: 10px;\n\t\t\t\ttext-align: center;\n\t\t\t\twidth: 33%;\n\t\t\t}\n\t\t\t#gallery-1 img {\n\t\t\t\tborder: 2px solid #cfcfcf;\n\t\t\t}\n\t\t\t#gallery-1 .gallery-caption {\n\t\t\t\tmargin-left: 0;\n\t\t\t}\n\t\t\t\/* see gallery_shortcode() in wp-includes\/media.php *\/\n\t\t<\/style>\n\t\t<div id='gallery-1' class='gallery galleryid-7185 gallery-columns-3 gallery-size-medium'><dl class='gallery-item'>\n\t\t\t<dt class='gallery-icon landscape'>\n\t\t\t\t<a href='https:\/\/meriller-vapeur.fr\/wp3\/?attachment_id=7191'><img loading=\"lazy\" decoding=\"async\" width=\"300\" height=\"200\" src=\"https:\/\/meriller-vapeur.fr\/wp3\/wp-content\/uploads\/2017\/03\/IMG_4548-300x200.jpg\" class=\"attachment-medium size-medium\" alt=\"\" srcset=\"https:\/\/meriller-vapeur.fr\/wp3\/wp-content\/uploads\/2017\/03\/IMG_4548-300x200.jpg 300w, https:\/\/meriller-vapeur.fr\/wp3\/wp-content\/uploads\/2017\/03\/IMG_4548-768x512.jpg 768w, https:\/\/meriller-vapeur.fr\/wp3\/wp-content\/uploads\/2017\/03\/IMG_4548-1024x683.jpg 1024w, https:\/\/meriller-vapeur.fr\/wp3\/wp-content\/uploads\/2017\/03\/IMG_4548.jpg 1200w\" sizes=\"auto, (max-width: 300px) 100vw, 300px\" \/><\/a>\n\t\t\t<\/dt><\/dl><dl class='gallery-item'>\n\t\t\t<dt class='gallery-icon landscape'>\n\t\t\t\t<a href='https:\/\/meriller-vapeur.fr\/wp3\/?attachment_id=7192'><img loading=\"lazy\" decoding=\"async\" width=\"300\" height=\"200\" src=\"https:\/\/meriller-vapeur.fr\/wp3\/wp-content\/uploads\/2017\/03\/IMG_4550-300x200.jpg\" class=\"attachment-medium size-medium\" alt=\"\" srcset=\"https:\/\/meriller-vapeur.fr\/wp3\/wp-content\/uploads\/2017\/03\/IMG_4550-300x200.jpg 300w, https:\/\/meriller-vapeur.fr\/wp3\/wp-content\/uploads\/2017\/03\/IMG_4550-768x512.jpg 768w, https:\/\/meriller-vapeur.fr\/wp3\/wp-content\/uploads\/2017\/03\/IMG_4550-1024x683.jpg 1024w, https:\/\/meriller-vapeur.fr\/wp3\/wp-content\/uploads\/2017\/03\/IMG_4550.jpg 1200w\" sizes=\"auto, (max-width: 300px) 100vw, 300px\" \/><\/a>\n\t\t\t<\/dt><\/dl><dl class='gallery-item'>\n\t\t\t<dt class='gallery-icon landscape'>\n\t\t\t\t<a href='https:\/\/meriller-vapeur.fr\/wp3\/?attachment_id=7193'><img loading=\"lazy\" decoding=\"async\" width=\"300\" height=\"200\" src=\"https:\/\/meriller-vapeur.fr\/wp3\/wp-content\/uploads\/2017\/03\/IMG_4553-300x200.jpg\" class=\"attachment-medium size-medium\" alt=\"\" srcset=\"https:\/\/meriller-vapeur.fr\/wp3\/wp-content\/uploads\/2017\/03\/IMG_4553-300x200.jpg 300w, https:\/\/meriller-vapeur.fr\/wp3\/wp-content\/uploads\/2017\/03\/IMG_4553-768x512.jpg 768w, https:\/\/meriller-vapeur.fr\/wp3\/wp-content\/uploads\/2017\/03\/IMG_4553-1024x683.jpg 1024w, https:\/\/meriller-vapeur.fr\/wp3\/wp-content\/uploads\/2017\/03\/IMG_4553.jpg 1200w\" sizes=\"auto, (max-width: 300px) 100vw, 300px\" \/><\/a>\n\t\t\t<\/dt><\/dl><br style=\"clear: both\" \/><dl class='gallery-item'>\n\t\t\t<dt class='gallery-icon landscape'>\n\t\t\t\t<a href='https:\/\/meriller-vapeur.fr\/wp3\/?attachment_id=7194'><img loading=\"lazy\" decoding=\"async\" width=\"300\" height=\"200\" src=\"https:\/\/meriller-vapeur.fr\/wp3\/wp-content\/uploads\/2017\/03\/IMG_4554-300x200.jpg\" class=\"attachment-medium size-medium\" alt=\"\" srcset=\"https:\/\/meriller-vapeur.fr\/wp3\/wp-content\/uploads\/2017\/03\/IMG_4554-300x200.jpg 300w, https:\/\/meriller-vapeur.fr\/wp3\/wp-content\/uploads\/2017\/03\/IMG_4554-768x512.jpg 768w, https:\/\/meriller-vapeur.fr\/wp3\/wp-content\/uploads\/2017\/03\/IMG_4554-1024x683.jpg 1024w, https:\/\/meriller-vapeur.fr\/wp3\/wp-content\/uploads\/2017\/03\/IMG_4554.jpg 1200w\" sizes=\"auto, (max-width: 300px) 100vw, 300px\" \/><\/a>\n\t\t\t<\/dt><\/dl><dl class='gallery-item'>\n\t\t\t<dt class='gallery-icon landscape'>\n\t\t\t\t<a href='https:\/\/meriller-vapeur.fr\/wp3\/?attachment_id=7195'><img loading=\"lazy\" decoding=\"async\" width=\"300\" height=\"200\" src=\"https:\/\/meriller-vapeur.fr\/wp3\/wp-content\/uploads\/2017\/03\/IMG_4556-300x200.jpg\" class=\"attachment-medium size-medium\" alt=\"\" srcset=\"https:\/\/meriller-vapeur.fr\/wp3\/wp-content\/uploads\/2017\/03\/IMG_4556-300x200.jpg 300w, https:\/\/meriller-vapeur.fr\/wp3\/wp-content\/uploads\/2017\/03\/IMG_4556-768x512.jpg 768w, https:\/\/meriller-vapeur.fr\/wp3\/wp-content\/uploads\/2017\/03\/IMG_4556-1024x683.jpg 1024w, https:\/\/meriller-vapeur.fr\/wp3\/wp-content\/uploads\/2017\/03\/IMG_4556.jpg 1200w\" sizes=\"auto, (max-width: 300px) 100vw, 300px\" \/><\/a>\n\t\t\t<\/dt><\/dl><dl class='gallery-item'>\n\t\t\t<dt class='gallery-icon landscape'>\n\t\t\t\t<a href='https:\/\/meriller-vapeur.fr\/wp3\/?attachment_id=7196'><img loading=\"lazy\" decoding=\"async\" width=\"300\" height=\"200\" src=\"https:\/\/meriller-vapeur.fr\/wp3\/wp-content\/uploads\/2017\/03\/IMG_4558-300x200.jpg\" class=\"attachment-medium size-medium\" alt=\"\" srcset=\"https:\/\/meriller-vapeur.fr\/wp3\/wp-content\/uploads\/2017\/03\/IMG_4558-300x200.jpg 300w, https:\/\/meriller-vapeur.fr\/wp3\/wp-content\/uploads\/2017\/03\/IMG_4558-768x512.jpg 768w, https:\/\/meriller-vapeur.fr\/wp3\/wp-content\/uploads\/2017\/03\/IMG_4558-1024x683.jpg 1024w, https:\/\/meriller-vapeur.fr\/wp3\/wp-content\/uploads\/2017\/03\/IMG_4558.jpg 1200w\" sizes=\"auto, (max-width: 300px) 100vw, 300px\" \/><\/a>\n\t\t\t<\/dt><\/dl><br style=\"clear: both\" \/>\n\t\t<\/div>\n\n<p><strong>SUITE 6\u00a0du r\u00e9seau au 18 ao\u00fbt 2017\u00a0:<\/strong><br \/>\n(Voir\u00a0Photos pr\u00e9c\u00e9dentes\u00a0:\u00a0<a style=\"font-weight: bold;\" href=\"https:\/\/meriller-vapeur.fr\/wp3\/?page_id=3957\">&gt;&gt;&gt;&gt;&gt;&gt;&gt;&gt;&gt;&gt;&gt;&gt;&gt;ICI<\/a><span style=\"color: #000000;\"> )<\/span><\/p>\n<p>Un nouveau reportage de Jean-Paul Tallet en\u00a0ao\u00fbt 2017 :<\/p>\n<p style=\"padding-left: 30px;\"><em>Une petite visite chez l\u2019ami Roland bien s\u00fbr\u2026 autour de son r\u00e9seau, apr\u00e8s<\/em><br \/>\n<em> son agrandissement la d\u00e9co doit suivre et maintenant avec un total de<\/em><br \/>\n<em> 6.50 m de long et 2.50 m de larg, il y a de quoi faire !<\/em><br \/>\n<em> Apr\u00e8s un appro de sapins, la plantation est en pleine action<\/em><i>\u2026<\/i><br \/>\n<em> je profite de l&rsquo;occasion pour vous donner un petit aper\u00e7u du chantier&#8230;<\/em><br \/>\n<em> Amicalement JPAUL<\/em><\/p>\n<p>Voici ces photos :<\/p>\n\n\t\t<style type=\"text\/css\">\n\t\t\t#gallery-2 {\n\t\t\t\tmargin: auto;\n\t\t\t}\n\t\t\t#gallery-2 .gallery-item {\n\t\t\t\tfloat: left;\n\t\t\t\tmargin-top: 10px;\n\t\t\t\ttext-align: center;\n\t\t\t\twidth: 33%;\n\t\t\t}\n\t\t\t#gallery-2 img {\n\t\t\t\tborder: 2px solid #cfcfcf;\n\t\t\t}\n\t\t\t#gallery-2 .gallery-caption {\n\t\t\t\tmargin-left: 0;\n\t\t\t}\n\t\t\t\/* see gallery_shortcode() in wp-includes\/media.php *\/\n\t\t<\/style>\n\t\t<div id='gallery-2' class='gallery galleryid-7185 gallery-columns-3 gallery-size-medium'><dl class='gallery-item'>\n\t\t\t<dt class='gallery-icon landscape'>\n\t\t\t\t<a href='https:\/\/meriller-vapeur.fr\/wp3\/?attachment_id=7623'><img loading=\"lazy\" decoding=\"async\" width=\"300\" height=\"200\" src=\"https:\/\/meriller-vapeur.fr\/wp3\/wp-content\/uploads\/2017\/08\/IMG_5113-300x200.jpg\" class=\"attachment-medium size-medium\" alt=\"\" srcset=\"https:\/\/meriller-vapeur.fr\/wp3\/wp-content\/uploads\/2017\/08\/IMG_5113-300x200.jpg 300w, https:\/\/meriller-vapeur.fr\/wp3\/wp-content\/uploads\/2017\/08\/IMG_5113-768x512.jpg 768w, https:\/\/meriller-vapeur.fr\/wp3\/wp-content\/uploads\/2017\/08\/IMG_5113-1024x683.jpg 1024w, https:\/\/meriller-vapeur.fr\/wp3\/wp-content\/uploads\/2017\/08\/IMG_5113.jpg 1200w\" sizes=\"auto, (max-width: 300px) 100vw, 300px\" \/><\/a>\n\t\t\t<\/dt><\/dl><dl class='gallery-item'>\n\t\t\t<dt class='gallery-icon landscape'>\n\t\t\t\t<a href='https:\/\/meriller-vapeur.fr\/wp3\/?attachment_id=7609'><img loading=\"lazy\" decoding=\"async\" width=\"300\" height=\"200\" src=\"https:\/\/meriller-vapeur.fr\/wp3\/wp-content\/uploads\/2017\/08\/IMG_5084-300x200.jpg\" class=\"attachment-medium size-medium\" alt=\"\" srcset=\"https:\/\/meriller-vapeur.fr\/wp3\/wp-content\/uploads\/2017\/08\/IMG_5084-300x200.jpg 300w, https:\/\/meriller-vapeur.fr\/wp3\/wp-content\/uploads\/2017\/08\/IMG_5084-768x512.jpg 768w, https:\/\/meriller-vapeur.fr\/wp3\/wp-content\/uploads\/2017\/08\/IMG_5084-1024x683.jpg 1024w, https:\/\/meriller-vapeur.fr\/wp3\/wp-content\/uploads\/2017\/08\/IMG_5084.jpg 1200w\" sizes=\"auto, (max-width: 300px) 100vw, 300px\" \/><\/a>\n\t\t\t<\/dt><\/dl><dl class='gallery-item'>\n\t\t\t<dt class='gallery-icon landscape'>\n\t\t\t\t<a href='https:\/\/meriller-vapeur.fr\/wp3\/?attachment_id=7610'><img loading=\"lazy\" decoding=\"async\" width=\"300\" height=\"200\" src=\"https:\/\/meriller-vapeur.fr\/wp3\/wp-content\/uploads\/2017\/08\/IMG_5086-300x200.jpg\" class=\"attachment-medium size-medium\" alt=\"\" srcset=\"https:\/\/meriller-vapeur.fr\/wp3\/wp-content\/uploads\/2017\/08\/IMG_5086-300x200.jpg 300w, https:\/\/meriller-vapeur.fr\/wp3\/wp-content\/uploads\/2017\/08\/IMG_5086-768x512.jpg 768w, https:\/\/meriller-vapeur.fr\/wp3\/wp-content\/uploads\/2017\/08\/IMG_5086-1024x683.jpg 1024w, https:\/\/meriller-vapeur.fr\/wp3\/wp-content\/uploads\/2017\/08\/IMG_5086.jpg 1200w\" sizes=\"auto, (max-width: 300px) 100vw, 300px\" \/><\/a>\n\t\t\t<\/dt><\/dl><br style=\"clear: both\" \/><dl class='gallery-item'>\n\t\t\t<dt class='gallery-icon landscape'>\n\t\t\t\t<a href='https:\/\/meriller-vapeur.fr\/wp3\/?attachment_id=7611'><img loading=\"lazy\" decoding=\"async\" width=\"300\" height=\"200\" src=\"https:\/\/meriller-vapeur.fr\/wp3\/wp-content\/uploads\/2017\/08\/IMG_5087-300x200.jpg\" class=\"attachment-medium size-medium\" alt=\"\" srcset=\"https:\/\/meriller-vapeur.fr\/wp3\/wp-content\/uploads\/2017\/08\/IMG_5087-300x200.jpg 300w, https:\/\/meriller-vapeur.fr\/wp3\/wp-content\/uploads\/2017\/08\/IMG_5087-768x512.jpg 768w, https:\/\/meriller-vapeur.fr\/wp3\/wp-content\/uploads\/2017\/08\/IMG_5087-1024x683.jpg 1024w, https:\/\/meriller-vapeur.fr\/wp3\/wp-content\/uploads\/2017\/08\/IMG_5087.jpg 1200w\" sizes=\"auto, (max-width: 300px) 100vw, 300px\" \/><\/a>\n\t\t\t<\/dt><\/dl><dl class='gallery-item'>\n\t\t\t<dt class='gallery-icon landscape'>\n\t\t\t\t<a href='https:\/\/meriller-vapeur.fr\/wp3\/?attachment_id=7612'><img loading=\"lazy\" decoding=\"async\" width=\"300\" height=\"200\" src=\"https:\/\/meriller-vapeur.fr\/wp3\/wp-content\/uploads\/2017\/08\/IMG_5089-300x200.jpg\" class=\"attachment-medium size-medium\" alt=\"\" srcset=\"https:\/\/meriller-vapeur.fr\/wp3\/wp-content\/uploads\/2017\/08\/IMG_5089-300x200.jpg 300w, https:\/\/meriller-vapeur.fr\/wp3\/wp-content\/uploads\/2017\/08\/IMG_5089-768x512.jpg 768w, https:\/\/meriller-vapeur.fr\/wp3\/wp-content\/uploads\/2017\/08\/IMG_5089-1024x683.jpg 1024w, https:\/\/meriller-vapeur.fr\/wp3\/wp-content\/uploads\/2017\/08\/IMG_5089.jpg 1200w\" sizes=\"auto, (max-width: 300px) 100vw, 300px\" \/><\/a>\n\t\t\t<\/dt><\/dl><dl class='gallery-item'>\n\t\t\t<dt class='gallery-icon landscape'>\n\t\t\t\t<a href='https:\/\/meriller-vapeur.fr\/wp3\/?attachment_id=7613'><img loading=\"lazy\" decoding=\"async\" width=\"300\" height=\"200\" src=\"https:\/\/meriller-vapeur.fr\/wp3\/wp-content\/uploads\/2017\/08\/IMG_5092-300x200.jpg\" class=\"attachment-medium size-medium\" alt=\"\" srcset=\"https:\/\/meriller-vapeur.fr\/wp3\/wp-content\/uploads\/2017\/08\/IMG_5092-300x200.jpg 300w, https:\/\/meriller-vapeur.fr\/wp3\/wp-content\/uploads\/2017\/08\/IMG_5092-768x512.jpg 768w, https:\/\/meriller-vapeur.fr\/wp3\/wp-content\/uploads\/2017\/08\/IMG_5092-1024x683.jpg 1024w, https:\/\/meriller-vapeur.fr\/wp3\/wp-content\/uploads\/2017\/08\/IMG_5092.jpg 1200w\" sizes=\"auto, (max-width: 300px) 100vw, 300px\" \/><\/a>\n\t\t\t<\/dt><\/dl><br style=\"clear: both\" \/><dl class='gallery-item'>\n\t\t\t<dt class='gallery-icon landscape'>\n\t\t\t\t<a href='https:\/\/meriller-vapeur.fr\/wp3\/?attachment_id=7614'><img loading=\"lazy\" decoding=\"async\" width=\"300\" height=\"200\" src=\"https:\/\/meriller-vapeur.fr\/wp3\/wp-content\/uploads\/2017\/08\/IMG_5096-300x200.jpg\" class=\"attachment-medium size-medium\" alt=\"\" srcset=\"https:\/\/meriller-vapeur.fr\/wp3\/wp-content\/uploads\/2017\/08\/IMG_5096-300x200.jpg 300w, https:\/\/meriller-vapeur.fr\/wp3\/wp-content\/uploads\/2017\/08\/IMG_5096-768x512.jpg 768w, https:\/\/meriller-vapeur.fr\/wp3\/wp-content\/uploads\/2017\/08\/IMG_5096-1024x683.jpg 1024w, https:\/\/meriller-vapeur.fr\/wp3\/wp-content\/uploads\/2017\/08\/IMG_5096.jpg 1200w\" sizes=\"auto, (max-width: 300px) 100vw, 300px\" \/><\/a>\n\t\t\t<\/dt><\/dl><dl class='gallery-item'>\n\t\t\t<dt class='gallery-icon landscape'>\n\t\t\t\t<a href='https:\/\/meriller-vapeur.fr\/wp3\/?attachment_id=7615'><img loading=\"lazy\" decoding=\"async\" width=\"300\" height=\"200\" src=\"https:\/\/meriller-vapeur.fr\/wp3\/wp-content\/uploads\/2017\/08\/IMG_5098-300x200.jpg\" class=\"attachment-medium size-medium\" alt=\"\" srcset=\"https:\/\/meriller-vapeur.fr\/wp3\/wp-content\/uploads\/2017\/08\/IMG_5098-300x200.jpg 300w, https:\/\/meriller-vapeur.fr\/wp3\/wp-content\/uploads\/2017\/08\/IMG_5098-768x512.jpg 768w, https:\/\/meriller-vapeur.fr\/wp3\/wp-content\/uploads\/2017\/08\/IMG_5098-1024x683.jpg 1024w, https:\/\/meriller-vapeur.fr\/wp3\/wp-content\/uploads\/2017\/08\/IMG_5098.jpg 1200w\" sizes=\"auto, (max-width: 300px) 100vw, 300px\" \/><\/a>\n\t\t\t<\/dt><\/dl><dl class='gallery-item'>\n\t\t\t<dt class='gallery-icon landscape'>\n\t\t\t\t<a href='https:\/\/meriller-vapeur.fr\/wp3\/?attachment_id=7616'><img loading=\"lazy\" decoding=\"async\" width=\"300\" height=\"200\" src=\"https:\/\/meriller-vapeur.fr\/wp3\/wp-content\/uploads\/2017\/08\/IMG_5099-300x200.jpg\" class=\"attachment-medium size-medium\" alt=\"\" srcset=\"https:\/\/meriller-vapeur.fr\/wp3\/wp-content\/uploads\/2017\/08\/IMG_5099-300x200.jpg 300w, https:\/\/meriller-vapeur.fr\/wp3\/wp-content\/uploads\/2017\/08\/IMG_5099-768x512.jpg 768w, https:\/\/meriller-vapeur.fr\/wp3\/wp-content\/uploads\/2017\/08\/IMG_5099-1024x683.jpg 1024w, https:\/\/meriller-vapeur.fr\/wp3\/wp-content\/uploads\/2017\/08\/IMG_5099.jpg 1200w\" sizes=\"auto, (max-width: 300px) 100vw, 300px\" \/><\/a>\n\t\t\t<\/dt><\/dl><br style=\"clear: both\" \/><dl class='gallery-item'>\n\t\t\t<dt class='gallery-icon landscape'>\n\t\t\t\t<a href='https:\/\/meriller-vapeur.fr\/wp3\/?attachment_id=7617'><img loading=\"lazy\" decoding=\"async\" width=\"300\" height=\"200\" src=\"https:\/\/meriller-vapeur.fr\/wp3\/wp-content\/uploads\/2017\/08\/IMG_5102-300x200.jpg\" class=\"attachment-medium size-medium\" alt=\"\" srcset=\"https:\/\/meriller-vapeur.fr\/wp3\/wp-content\/uploads\/2017\/08\/IMG_5102-300x200.jpg 300w, https:\/\/meriller-vapeur.fr\/wp3\/wp-content\/uploads\/2017\/08\/IMG_5102-768x512.jpg 768w, https:\/\/meriller-vapeur.fr\/wp3\/wp-content\/uploads\/2017\/08\/IMG_5102-1024x683.jpg 1024w, https:\/\/meriller-vapeur.fr\/wp3\/wp-content\/uploads\/2017\/08\/IMG_5102.jpg 1200w\" sizes=\"auto, (max-width: 300px) 100vw, 300px\" \/><\/a>\n\t\t\t<\/dt><\/dl><dl class='gallery-item'>\n\t\t\t<dt class='gallery-icon landscape'>\n\t\t\t\t<a href='https:\/\/meriller-vapeur.fr\/wp3\/?attachment_id=7618'><img loading=\"lazy\" decoding=\"async\" width=\"300\" height=\"200\" src=\"https:\/\/meriller-vapeur.fr\/wp3\/wp-content\/uploads\/2017\/08\/IMG_5105-300x200.jpg\" class=\"attachment-medium size-medium\" alt=\"\" srcset=\"https:\/\/meriller-vapeur.fr\/wp3\/wp-content\/uploads\/2017\/08\/IMG_5105-300x200.jpg 300w, https:\/\/meriller-vapeur.fr\/wp3\/wp-content\/uploads\/2017\/08\/IMG_5105-768x512.jpg 768w, https:\/\/meriller-vapeur.fr\/wp3\/wp-content\/uploads\/2017\/08\/IMG_5105-1024x683.jpg 1024w, https:\/\/meriller-vapeur.fr\/wp3\/wp-content\/uploads\/2017\/08\/IMG_5105.jpg 1200w\" sizes=\"auto, (max-width: 300px) 100vw, 300px\" \/><\/a>\n\t\t\t<\/dt><\/dl><dl class='gallery-item'>\n\t\t\t<dt class='gallery-icon landscape'>\n\t\t\t\t<a href='https:\/\/meriller-vapeur.fr\/wp3\/?attachment_id=7619'><img loading=\"lazy\" decoding=\"async\" width=\"300\" height=\"200\" src=\"https:\/\/meriller-vapeur.fr\/wp3\/wp-content\/uploads\/2017\/08\/IMG_5107-300x200.jpg\" class=\"attachment-medium size-medium\" alt=\"\" srcset=\"https:\/\/meriller-vapeur.fr\/wp3\/wp-content\/uploads\/2017\/08\/IMG_5107-300x200.jpg 300w, https:\/\/meriller-vapeur.fr\/wp3\/wp-content\/uploads\/2017\/08\/IMG_5107-768x512.jpg 768w, https:\/\/meriller-vapeur.fr\/wp3\/wp-content\/uploads\/2017\/08\/IMG_5107-1024x683.jpg 1024w, https:\/\/meriller-vapeur.fr\/wp3\/wp-content\/uploads\/2017\/08\/IMG_5107.jpg 1200w\" sizes=\"auto, (max-width: 300px) 100vw, 300px\" \/><\/a>\n\t\t\t<\/dt><\/dl><br style=\"clear: both\" \/><dl class='gallery-item'>\n\t\t\t<dt class='gallery-icon landscape'>\n\t\t\t\t<a href='https:\/\/meriller-vapeur.fr\/wp3\/?attachment_id=7620'><img loading=\"lazy\" decoding=\"async\" width=\"300\" height=\"200\" src=\"https:\/\/meriller-vapeur.fr\/wp3\/wp-content\/uploads\/2017\/08\/IMG_5109-300x200.jpg\" class=\"attachment-medium size-medium\" alt=\"\" srcset=\"https:\/\/meriller-vapeur.fr\/wp3\/wp-content\/uploads\/2017\/08\/IMG_5109-300x200.jpg 300w, https:\/\/meriller-vapeur.fr\/wp3\/wp-content\/uploads\/2017\/08\/IMG_5109-768x512.jpg 768w, https:\/\/meriller-vapeur.fr\/wp3\/wp-content\/uploads\/2017\/08\/IMG_5109-1024x683.jpg 1024w, https:\/\/meriller-vapeur.fr\/wp3\/wp-content\/uploads\/2017\/08\/IMG_5109.jpg 1200w\" sizes=\"auto, (max-width: 300px) 100vw, 300px\" \/><\/a>\n\t\t\t<\/dt><\/dl><dl class='gallery-item'>\n\t\t\t<dt class='gallery-icon landscape'>\n\t\t\t\t<a href='https:\/\/meriller-vapeur.fr\/wp3\/?attachment_id=7621'><img loading=\"lazy\" decoding=\"async\" width=\"300\" height=\"200\" src=\"https:\/\/meriller-vapeur.fr\/wp3\/wp-content\/uploads\/2017\/08\/IMG_5111-300x200.jpg\" class=\"attachment-medium size-medium\" alt=\"\" srcset=\"https:\/\/meriller-vapeur.fr\/wp3\/wp-content\/uploads\/2017\/08\/IMG_5111-300x200.jpg 300w, https:\/\/meriller-vapeur.fr\/wp3\/wp-content\/uploads\/2017\/08\/IMG_5111-768x512.jpg 768w, https:\/\/meriller-vapeur.fr\/wp3\/wp-content\/uploads\/2017\/08\/IMG_5111-1024x683.jpg 1024w, https:\/\/meriller-vapeur.fr\/wp3\/wp-content\/uploads\/2017\/08\/IMG_5111.jpg 1200w\" sizes=\"auto, (max-width: 300px) 100vw, 300px\" \/><\/a>\n\t\t\t<\/dt><\/dl><dl class='gallery-item'>\n\t\t\t<dt class='gallery-icon landscape'>\n\t\t\t\t<a href='https:\/\/meriller-vapeur.fr\/wp3\/?attachment_id=7622'><img loading=\"lazy\" decoding=\"async\" width=\"300\" height=\"200\" src=\"https:\/\/meriller-vapeur.fr\/wp3\/wp-content\/uploads\/2017\/08\/IMG_5112-300x200.jpg\" class=\"attachment-medium size-medium\" alt=\"\" srcset=\"https:\/\/meriller-vapeur.fr\/wp3\/wp-content\/uploads\/2017\/08\/IMG_5112-300x200.jpg 300w, https:\/\/meriller-vapeur.fr\/wp3\/wp-content\/uploads\/2017\/08\/IMG_5112-768x512.jpg 768w, https:\/\/meriller-vapeur.fr\/wp3\/wp-content\/uploads\/2017\/08\/IMG_5112-1024x683.jpg 1024w, https:\/\/meriller-vapeur.fr\/wp3\/wp-content\/uploads\/2017\/08\/IMG_5112.jpg 1200w\" sizes=\"auto, (max-width: 300px) 100vw, 300px\" \/><\/a>\n\t\t\t<\/dt><\/dl><br style=\"clear: both\" \/>\n\t\t<\/div>\n\n<p>&nbsp;<\/p>\n<p style=\"padding-left: 30px;\"><em>Pas mal\u2026mais il y a encore le ballastage, \u00a0l&rsquo;\u00e9lec, des aiguilles, des maison \u00a0des lampadaires,&#8230;bon&#8230;il y a de quoi faire, et \u00e0 passer de longues soir\u00e9es d&rsquo; hiver&#8230;<\/em><\/p>\n<p style=\"padding-left: 30px;\"><em>Merci Roland &#8230;Oui&#8230; tu invites les adh\u00e9rents du Club \u00e0 venir chez toi, pour passer un moment autour<\/em><br \/>\n<em> de ton super r\u00e9seau \u2026car \u00e0 bien regarder, un r\u00e9seau comme \u00e7a &#8230;C&rsquo;est rare&#8230;.<\/em><br \/>\n<em> A bient\u00f4t pour la suite, merci et bon courage \u00e0 toi, Roland !<\/em><\/p>\n<p><strong>SUITE 7\u00a0du r\u00e9seau au 26 avril 2018\u00a0: \u00a0<a href=\"https:\/\/meriller-vapeur.fr\/wp3\/?page_id=8395\">&gt;&gt;&gt;&gt;&gt;&gt;&gt;&gt;&gt;&gt;&gt;&gt;&gt;&gt;&gt;ICI.<\/a><\/strong><\/p>\n<p><em>Page mise \u00e0 jour le 26-04-2018.<\/em><\/p>\n<div class=\"pvc_clear\"><\/div>\n<p id=\"pvc_stats_7185\" class=\"pvc_stats all  \" data-element-id=\"7185\" style=\"\"><i class=\"pvc-stats-icon medium\" aria-hidden=\"true\"><svg aria-hidden=\"true\" focusable=\"false\" data-prefix=\"far\" data-icon=\"chart-bar\" role=\"img\" xmlns=\"http:\/\/www.w3.org\/2000\/svg\" viewBox=\"0 0 512 512\" class=\"svg-inline--fa fa-chart-bar fa-w-16 fa-2x\"><path fill=\"currentColor\" d=\"M396.8 352h22.4c6.4 0 12.8-6.4 12.8-12.8V108.8c0-6.4-6.4-12.8-12.8-12.8h-22.4c-6.4 0-12.8 6.4-12.8 12.8v230.4c0 6.4 6.4 12.8 12.8 12.8zm-192 0h22.4c6.4 0 12.8-6.4 12.8-12.8V140.8c0-6.4-6.4-12.8-12.8-12.8h-22.4c-6.4 0-12.8 6.4-12.8 12.8v198.4c0 6.4 6.4 12.8 12.8 12.8zm96 0h22.4c6.4 0 12.8-6.4 12.8-12.8V204.8c0-6.4-6.4-12.8-12.8-12.8h-22.4c-6.4 0-12.8 6.4-12.8 12.8v134.4c0 6.4 6.4 12.8 12.8 12.8zM496 400H48V80c0-8.84-7.16-16-16-16H16C7.16 64 0 71.16 0 80v336c0 17.67 14.33 32 32 32h464c8.84 0 16-7.16 16-16v-16c0-8.84-7.16-16-16-16zm-387.2-48h22.4c6.4 0 12.8-6.4 12.8-12.8v-70.4c0-6.4-6.4-12.8-12.8-12.8h-22.4c-6.4 0-12.8 6.4-12.8 12.8v70.4c0 6.4 6.4 12.8 12.8 12.8z\" class=\"\"><\/path><\/svg><\/i> <img loading=\"lazy\" decoding=\"async\" width=\"16\" height=\"16\" alt=\"Loading\" src=\"https:\/\/meriller-vapeur.fr\/wp3\/wp-content\/plugins\/page-views-count\/ajax-loader-2x.gif\" border=0 \/><\/p>\n<div class=\"pvc_clear\"><\/div>\n","protected":false},"excerpt":{"rendered":"<p>\u00a0SUITE 5\u00a0du r\u00e9seau au 12\u00a0mars 2017 : \u00a0 \u00a0 \u00a0 \u00a0 \u00a0 \u00a0 \u00a0 \u00a0 (Voir\u00a0Photos pr\u00e9c\u00e9dentes\u00a0:\u00a0&gt;&gt;&gt;&gt;&gt;&gt;&gt;&gt;&gt;&gt;&gt;&gt;&gt;ICI ) Apr\u00e8s l\u2019agrandissement de la pi\u00e8ce, maintenant le r\u00e9seau de Roland est en pleine extension, et oui \u2026 les amis du club sont l\u00e0 pour le coup de main, aussi chacun donne ses id\u00e9es, puis nous r\u00e9alisons suivant\u2026 <span class=\"read-more\"><a href=\"https:\/\/meriller-vapeur.fr\/wp3\/?page_id=7185\">Read More &raquo;<\/a><\/span><\/p>\n<div class=\"pvc_clear\"><\/div>\n<p id=\"pvc_stats_7185\" class=\"pvc_stats all  \" data-element-id=\"7185\" style=\"\"><i class=\"pvc-stats-icon medium\" aria-hidden=\"true\"><svg aria-hidden=\"true\" focusable=\"false\" data-prefix=\"far\" data-icon=\"chart-bar\" role=\"img\" xmlns=\"http:\/\/www.w3.org\/2000\/svg\" viewBox=\"0 0 512 512\" class=\"svg-inline--fa fa-chart-bar fa-w-16 fa-2x\"><path fill=\"currentColor\" d=\"M396.8 352h22.4c6.4 0 12.8-6.4 12.8-12.8V108.8c0-6.4-6.4-12.8-12.8-12.8h-22.4c-6.4 0-12.8 6.4-12.8 12.8v230.4c0 6.4 6.4 12.8 12.8 12.8zm-192 0h22.4c6.4 0 12.8-6.4 12.8-12.8V140.8c0-6.4-6.4-12.8-12.8-12.8h-22.4c-6.4 0-12.8 6.4-12.8 12.8v198.4c0 6.4 6.4 12.8 12.8 12.8zm96 0h22.4c6.4 0 12.8-6.4 12.8-12.8V204.8c0-6.4-6.4-12.8-12.8-12.8h-22.4c-6.4 0-12.8 6.4-12.8 12.8v134.4c0 6.4 6.4 12.8 12.8 12.8zM496 400H48V80c0-8.84-7.16-16-16-16H16C7.16 64 0 71.16 0 80v336c0 17.67 14.33 32 32 32h464c8.84 0 16-7.16 16-16v-16c0-8.84-7.16-16-16-16zm-387.2-48h22.4c6.4 0 12.8-6.4 12.8-12.8v-70.4c0-6.4-6.4-12.8-12.8-12.8h-22.4c-6.4 0-12.8 6.4-12.8 12.8v70.4c0 6.4 6.4 12.8 12.8 12.8z\" class=\"\"><\/path><\/svg><\/i> <img loading=\"lazy\" decoding=\"async\" width=\"16\" height=\"16\" alt=\"Loading\" src=\"https:\/\/meriller-vapeur.fr\/wp3\/wp-content\/plugins\/page-views-count\/ajax-loader-2x.gif\" border=0 \/><\/p>\n<div class=\"pvc_clear\"><\/div>\n","protected":false},"author":1,"featured_media":0,"parent":0,"menu_order":0,"comment_status":"closed","ping_status":"closed","template":"tmp-onecolumn.php","meta":{"footnotes":""},"class_list":["post-7185","page","type-page","status-publish","hentry"],"a3_pvc":{"activated":true,"total_views":389,"today_views":0},"_links":{"self":[{"href":"https:\/\/meriller-vapeur.fr\/wp3\/index.php?rest_route=\/wp\/v2\/pages\/7185","targetHints":{"allow":["GET"]}}],"collection":[{"href":"https:\/\/meriller-vapeur.fr\/wp3\/index.php?rest_route=\/wp\/v2\/pages"}],"about":[{"href":"https:\/\/meriller-vapeur.fr\/wp3\/index.php?rest_route=\/wp\/v2\/types\/page"}],"author":[{"embeddable":true,"href":"https:\/\/meriller-vapeur.fr\/wp3\/index.php?rest_route=\/wp\/v2\/users\/1"}],"replies":[{"embeddable":true,"href":"https:\/\/meriller-vapeur.fr\/wp3\/index.php?rest_route=%2Fwp%2Fv2%2Fcomments&post=7185"}],"version-history":[{"count":0,"href":"https:\/\/meriller-vapeur.fr\/wp3\/index.php?rest_route=\/wp\/v2\/pages\/7185\/revisions"}],"wp:attachment":[{"href":"https:\/\/meriller-vapeur.fr\/wp3\/index.php?rest_route=%2Fwp%2Fv2%2Fmedia&parent=7185"}],"curies":[{"name":"wp","href":"https:\/\/api.w.org\/{rel}","templated":true}]}}