{"id":6999,"date":"2017-02-08T15:43:53","date_gmt":"2017-02-08T14:43:53","guid":{"rendered":"https:\/\/meriller-vapeur.fr\/wp3\/?page_id=6999"},"modified":"2017-02-09T15:59:53","modified_gmt":"2017-02-09T14:59:53","slug":"assemblee-generale-2017-meriller-vapeur-24-compte-rendus-de-la-presse-regionale","status":"publish","type":"page","link":"https:\/\/meriller-vapeur.fr\/wp3\/?page_id=6999","title":{"rendered":"Assembl\u00e9e g\u00e9n\u00e9rale 2017 Meriller-Vapeur 24, Compte-rendus de la Presse R\u00e9gionale."},"content":{"rendered":"<p>Vous pouvez trouver les copies de articles publi\u00e9s \u00e0 l\u2019occasion de notre assembl\u00e9e g\u00e9n\u00e9rale par les journaux suivants (cliquer sur le titre) :<\/p>\n<p><strong>&gt;&gt;&gt;&gt;&gt;&gt;&gt;\u00a0<a href=\"https:\/\/meriller-vapeur.fr\/wp3\/wp-content\/uploads\/2017\/02\/2017-01-28-Un-nouveau-pr\u00e9sident-\u00e0-M\u00e9riller-Vapeur-24-Sud-Ouest.fr_.pdf\" target=\"_blank\">Le Journal SUD-OUEST.<\/a><\/strong><\/p>\n<pre><b>A RECTIFIER dans l\u2019Article\u00a0:\u00a0\r\n<\/b>2003 - 2010 \u00a0:\u00a0Robert Berrivin Pr\u00e9sident \u00a0 \u00a0 \u00a0 \u00a0 \u00a0 \u00a0 \u00a0 \u00a0\u00a0 \r\n2004 - 2010\u00a0\u00a0:\u00a0Roger Marouby \u00a0 Secr\u00e9taire\r\n2011 - 2016\u00a0\u00a0:\u00a0Roger Marouby\u00a0\u00a0\u00a0 Pr\u00e9sident\r\n2017 - ...\u00a0 \u00a0:\u00a0Christian Marchandise\u00a0 Pr\u00e9sident<\/pre>\n<p><strong>&gt;&gt;&gt;&gt;&gt;&gt;&gt;\u00a0<\/strong><a href=\"https:\/\/meriller-vapeur.fr\/wp3\/wp-content\/uploads\/2017\/02\/2017-02-09-ECHO-AG-2017.jpg\" target=\"_blank\"><strong>L\u2019ECHO du 1er f\u00e9vrier 2017.<\/strong><\/a><\/p>\n<p><strong>&gt;&gt;&gt;&gt;&gt;&gt;&gt;&gt;\u00a0<a href=\"https:\/\/meriller-vapeur.fr\/wp3\/wp-content\/uploads\/2017\/02\/2017-02-08-Gd-P\u00e9rigueux-chantier-rond-point-sept-2017.jpg\" target=\"_blank\">Magazine du Grand-P\u00e9rigueux \u00a0N\u00b004-Hiver 2017<\/a><\/strong><\/p>\n<p>Autres,\u00a0\u00e0 suivre\u2026<\/p>\n<pre>page mise \u00e0 jour le\u00a009-02-2017.<\/pre>\n<div class=\"pvc_clear\"><\/div>\n<p id=\"pvc_stats_6999\" class=\"pvc_stats all  \" data-element-id=\"6999\" style=\"\"><i class=\"pvc-stats-icon medium\" aria-hidden=\"true\"><svg aria-hidden=\"true\" focusable=\"false\" data-prefix=\"far\" data-icon=\"chart-bar\" role=\"img\" xmlns=\"http:\/\/www.w3.org\/2000\/svg\" viewBox=\"0 0 512 512\" class=\"svg-inline--fa fa-chart-bar fa-w-16 fa-2x\"><path fill=\"currentColor\" d=\"M396.8 352h22.4c6.4 0 12.8-6.4 12.8-12.8V108.8c0-6.4-6.4-12.8-12.8-12.8h-22.4c-6.4 0-12.8 6.4-12.8 12.8v230.4c0 6.4 6.4 12.8 12.8 12.8zm-192 0h22.4c6.4 0 12.8-6.4 12.8-12.8V140.8c0-6.4-6.4-12.8-12.8-12.8h-22.4c-6.4 0-12.8 6.4-12.8 12.8v198.4c0 6.4 6.4 12.8 12.8 12.8zm96 0h22.4c6.4 0 12.8-6.4 12.8-12.8V204.8c0-6.4-6.4-12.8-12.8-12.8h-22.4c-6.4 0-12.8 6.4-12.8 12.8v134.4c0 6.4 6.4 12.8 12.8 12.8zM496 400H48V80c0-8.84-7.16-16-16-16H16C7.16 64 0 71.16 0 80v336c0 17.67 14.33 32 32 32h464c8.84 0 16-7.16 16-16v-16c0-8.84-7.16-16-16-16zm-387.2-48h22.4c6.4 0 12.8-6.4 12.8-12.8v-70.4c0-6.4-6.4-12.8-12.8-12.8h-22.4c-6.4 0-12.8 6.4-12.8 12.8v70.4c0 6.4 6.4 12.8 12.8 12.8z\" class=\"\"><\/path><\/svg><\/i> <img loading=\"lazy\" decoding=\"async\" width=\"16\" height=\"16\" alt=\"Loading\" src=\"https:\/\/meriller-vapeur.fr\/wp3\/wp-content\/plugins\/page-views-count\/ajax-loader-2x.gif\" border=0 \/><\/p>\n<div class=\"pvc_clear\"><\/div>\n","protected":false},"excerpt":{"rendered":"<p>Vous pouvez trouver les copies de articles publi\u00e9s \u00e0 l\u2019occasion de notre assembl\u00e9e g\u00e9n\u00e9rale par les journaux suivants (cliquer sur le titre) : &gt;&gt;&gt;&gt;&gt;&gt;&gt;\u00a0Le Journal SUD-OUEST. A RECTIFIER dans l\u2019Article\u00a0:\u00a0 2003 &#8211; 2010 \u00a0:\u00a0Robert Berrivin Pr\u00e9sident \u00a0 \u00a0 \u00a0 \u00a0 \u00a0 \u00a0 \u00a0 \u00a0\u00a0 2004 &#8211; 2010\u00a0\u00a0:\u00a0Roger Marouby \u00a0 Secr\u00e9taire 2011 &#8211; 2016\u00a0\u00a0:\u00a0Roger Marouby\u00a0\u00a0\u00a0 Pr\u00e9sident\u2026 <span class=\"read-more\"><a href=\"https:\/\/meriller-vapeur.fr\/wp3\/?page_id=6999\">Read More &raquo;<\/a><\/span><\/p>\n<div class=\"pvc_clear\"><\/div>\n<p id=\"pvc_stats_6999\" class=\"pvc_stats all  \" data-element-id=\"6999\" style=\"\"><i class=\"pvc-stats-icon medium\" aria-hidden=\"true\"><svg aria-hidden=\"true\" focusable=\"false\" data-prefix=\"far\" data-icon=\"chart-bar\" role=\"img\" xmlns=\"http:\/\/www.w3.org\/2000\/svg\" viewBox=\"0 0 512 512\" class=\"svg-inline--fa fa-chart-bar fa-w-16 fa-2x\"><path fill=\"currentColor\" d=\"M396.8 352h22.4c6.4 0 12.8-6.4 12.8-12.8V108.8c0-6.4-6.4-12.8-12.8-12.8h-22.4c-6.4 0-12.8 6.4-12.8 12.8v230.4c0 6.4 6.4 12.8 12.8 12.8zm-192 0h22.4c6.4 0 12.8-6.4 12.8-12.8V140.8c0-6.4-6.4-12.8-12.8-12.8h-22.4c-6.4 0-12.8 6.4-12.8 12.8v198.4c0 6.4 6.4 12.8 12.8 12.8zm96 0h22.4c6.4 0 12.8-6.4 12.8-12.8V204.8c0-6.4-6.4-12.8-12.8-12.8h-22.4c-6.4 0-12.8 6.4-12.8 12.8v134.4c0 6.4 6.4 12.8 12.8 12.8zM496 400H48V80c0-8.84-7.16-16-16-16H16C7.16 64 0 71.16 0 80v336c0 17.67 14.33 32 32 32h464c8.84 0 16-7.16 16-16v-16c0-8.84-7.16-16-16-16zm-387.2-48h22.4c6.4 0 12.8-6.4 12.8-12.8v-70.4c0-6.4-6.4-12.8-12.8-12.8h-22.4c-6.4 0-12.8 6.4-12.8 12.8v70.4c0 6.4 6.4 12.8 12.8 12.8z\" class=\"\"><\/path><\/svg><\/i> <img loading=\"lazy\" decoding=\"async\" width=\"16\" height=\"16\" alt=\"Loading\" src=\"https:\/\/meriller-vapeur.fr\/wp3\/wp-content\/plugins\/page-views-count\/ajax-loader-2x.gif\" border=0 \/><\/p>\n<div class=\"pvc_clear\"><\/div>\n","protected":false},"author":1,"featured_media":0,"parent":0,"menu_order":0,"comment_status":"closed","ping_status":"closed","template":"","meta":{"footnotes":""},"class_list":["post-6999","page","type-page","status-publish","hentry"],"a3_pvc":{"activated":true,"total_views":114,"today_views":0},"_links":{"self":[{"href":"https:\/\/meriller-vapeur.fr\/wp3\/index.php?rest_route=\/wp\/v2\/pages\/6999","targetHints":{"allow":["GET"]}}],"collection":[{"href":"https:\/\/meriller-vapeur.fr\/wp3\/index.php?rest_route=\/wp\/v2\/pages"}],"about":[{"href":"https:\/\/meriller-vapeur.fr\/wp3\/index.php?rest_route=\/wp\/v2\/types\/page"}],"author":[{"embeddable":true,"href":"https:\/\/meriller-vapeur.fr\/wp3\/index.php?rest_route=\/wp\/v2\/users\/1"}],"replies":[{"embeddable":true,"href":"https:\/\/meriller-vapeur.fr\/wp3\/index.php?rest_route=%2Fwp%2Fv2%2Fcomments&post=6999"}],"version-history":[{"count":0,"href":"https:\/\/meriller-vapeur.fr\/wp3\/index.php?rest_route=\/wp\/v2\/pages\/6999\/revisions"}],"wp:attachment":[{"href":"https:\/\/meriller-vapeur.fr\/wp3\/index.php?rest_route=%2Fwp%2Fv2%2Fmedia&parent=6999"}],"curies":[{"name":"wp","href":"https:\/\/api.w.org\/{rel}","templated":true}]}}