{"id":6934,"date":"2017-01-26T12:03:27","date_gmt":"2017-01-26T11:03:27","guid":{"rendered":"https:\/\/meriller-vapeur.fr\/wp3\/?page_id=6934"},"modified":"2017-02-08T16:46:42","modified_gmt":"2017-02-08T15:46:42","slug":"assemblee-generale-2017","status":"publish","type":"page","link":"https:\/\/meriller-vapeur.fr\/wp3\/?page_id=6934","title":{"rendered":"ASSEMBL\u00c9E G\u00c9N\u00c9RALE  du 21 janvier 2017."},"content":{"rendered":"<pre> <a title=\"La Loco d\u00e9m\u00e9nage!\" href=\" https:\/\/meriller-vapeur.fr\/wp3\/?page_id=6934\/#photosag\">(Voir photos en bas de la page)<\/a><\/pre>\n<pre><strong>\u2022 Mise \u00e0 Jour du 08-02-2017\u00a0:\u00a0 Voir les compte-rendus de la Presse locale <a href=\"https:\/\/meriller-vapeur.fr\/wp3\/?page_id=6999\">&gt;&gt;&gt;&gt;&gt;&gt;&gt; ICI<\/a><\/strong><\/pre>\n<hr \/>\n<p>La s\u00e9ance est ouverte \u00e0 10h au local, rue du Colonel Rossel \u00e0 Coulounieix \u2013 Chamiers.<\/p>\n<h1><strong>Compte-Rendu succinct de cette Assembl\u00e9e\u00a0g\u00e9n\u00e9rale 2017 Meriller-Vapeur 24,<\/strong><\/h1>\n<p>En introduction le Pr\u00e9sident Roger Marouby, remercie de leur pr\u00e9sence les \u00e9lus :<br \/>\n&#8211; Le Pr\u00e9sident du Conseil D\u00e9partemental Monsieur Germinal Peiro excus\u00e9, pris par d\u2019autres obligations.<br \/>\n&#8211; M. Jean Pierre Roussarie, Maire de Coulounieix-Chamiers, retenu par les v\u0153ux et repr\u00e9sent\u00e9 par M. Patrick Capot Maire adjoint en charge des associations et en pr\u00e9sence de M. Jacques Leroy Conseiller Municipal D\u00e9l\u00e9gu\u00e9.<br \/>\n&#8211; Madame la Conseill\u00e8re d\u00e9partementale Mireille Bordes (excus\u00e9e).<br \/>\nAinsi que Messieurs les repr\u00e9sentants de la Presse, M. Christian Espitali\u00e9 Echo de la Dordogne et le Courrier Fran\u00e7ais, M. Claude Roumagous pour le journal Sud Ouest.<\/p>\n<p>Il remercie \u00e9galement de leur pr\u00e9sence les membres de l\u2019Association et pr\u00e9sente les nouveaux adh\u00e9rents.<br \/>\nIl rappelle que l\u2019ann\u00e9e a \u00e9t\u00e9 marqu\u00e9e par plusieurs d\u00e9c\u00e8s\u00a0: Madame Mespoul\u00e8de, Madame Ginette Muller, Madame Paulette Sainjust et Monsieur Bernard Janicot (en janvier 2017).<br \/>\nL&rsquo;association compte au jour de cette assembl\u00e9e g\u00e9n\u00e9rale<b> 56 <\/b>adh\u00e9rents \u00e0 jour de leurs cotisations dont <b>17 <\/b>cheminots, <b>14 <\/b>adh\u00e9rents r\u00e9sidant sur la commune, <b>39<\/b> retrait\u00e9s, <b>17 <\/b>actifs et <b>2<\/b> jeunes scolaires.<br \/>\n27 membres sont pr\u00e9sents et 6 ont donn\u00e9 un pouvoir\u00a0; le quorum \u00e9tant atteint, l\u2019Assembl\u00e9e G\u00e9n\u00e9rale Ordinaire peut donc valablement se tenir.<\/p>\n<p><b><\/b><em><strong>Votes\u00a0<\/strong>:<br \/>\n<\/em><em>&#8211; Apr\u00e8s lecture des rapports d\u2019activit\u00e9 et financier, QUITUS est donn\u00e9\u00a0<\/em><em>\u00e0 l\u2019unanimit\u00e9 au Pr\u00e9sident, ainsi qu<\/em><em>\u2019au Tr\u00e9sorier.<\/em><\/p>\n<p><b><i>\u00c9LECTION DU BUREAU\u00a0:<\/i><\/b><\/p>\n<p>Conform\u00e9ment aux statuts Le Pr\u00e9sident Roger Marouby pr\u00e9sente la d\u00e9mission du bureau.<br \/>\n<b><i><\/i><\/b>Ne se repr\u00e9sente pas\u00a0: Sylvain R\u00e9my<br \/>\nRoger Marouby se repr\u00e9sente \u00e0 condition de ne plus \u00eatre Pr\u00e9sident.<br \/>\nFranck Gingembre fait acte de candidature.<br \/>\nLes autres membres sortants se repr\u00e9sentent.<\/p>\n<p>L\u2019\u00e9lection du Conseil d\u2019administration \u00e0 lieu \u00e0 l\u2019unanimit\u00e9 et le <strong>n<em>ouveau Pr\u00e9sident est\u00a0chaleureusement applaudi, il s\u2019agit de\u00a0<\/em><\/strong><em><strong>Christian Marchandise<\/strong><\/em>\u00a0qui remercie l\u2019assembl\u00e9e pour la confiance qui lui est accord\u00e9e.<\/p>\n<p><b><\/b><b><i>PAROLE AUX \u00c9LUS\u00a0:<\/i><\/b><\/p>\n<p><em>M. Patrick CAPOT<\/em> intervient sur les diff\u00e9rents sujets abord\u00e9s au cours de l\u2019assembl\u00e9e\u00a0:<\/p>\n<p>Il remercie MV24 pour son implication dans la vie associative de la commune, et indique que malgr\u00e9 une gestion rigoureuse des finances notre association devrait b\u00e9n\u00e9ficier d\u2019une subvention en 2017.<br \/>\nUn bref historique lui permet de saluer la m\u00e9moire de Michel Dasseux ancien maire de la commune ma\u00eetre d\u2019\u0153uvre de la venue de la machine \u00e0 vapeur, pari qui \u00e0 l\u2019\u00e9poque paraissait insens\u00e9 et qui aujourd\u2019hui ne serait s\u00fbrement plus possible.<br \/>\nF\u00e9licitations \u00e0 Christian Marchandise pour son implication et son \u00e9lection, et f\u00e9licitations au tr\u00e9sorier pour la pr\u00e9sentation des comptes de MV 24.<br \/>\nConcernant le p\u00e9riscolaire il souligne que les aides d\u00e9gressives de l&rsquo;Etat conduisent \u00e0 l\u2019abandon d\u2019activit\u00e9s. 90000\u20ac en moins cela repr\u00e9sente quasiment le budget annuel de dotation aux associations r\u00e9sidant sur la commune.<br \/>\nL\u2019am\u00e9nagement des combles au dessus du local pour agrandir celui-ci est une hypoth\u00e8se \u00e0 envisager<br \/>\nConcernant le rond-point de M\u00e9riller il rappelle que bien qu\u2019implant\u00e9 sur le territoire communal, c\u2019est le Grand P\u00e9rigueux qui en assure l\u2019emm\u00e9nagement et notamment la signal\u00e9tique.<\/p>\n<p><em>Les activit\u00e9s de MV 24 contribuent \u00e0 valoriser le ferroviaire en Dordogne,<\/em><\/p>\n<p>M. Patrick CAPOT mentionne quelques \u00e9l\u00e9ments concernant le devenir des ateliers de la SNCF.<br \/>\nA noter que <strong>l\u2019utilisation de tablettes informatiques par Meriller-Vapeur 24<\/strong>\u00a0 pour le suivi des trains circulants (d\u00e9monstration \u00e0 l\u2019appui au cours de l\u2019assembl\u00e9e), n\u2019est pas r\u00e9serv\u00e9e qu\u2019\u00e0 la gestion des r\u00e9seaux de mod\u00e9lisme, puisque 300 tablettes vont arriver aux ateliers dans un avenir proche pour piloter les processus techniques d&rsquo;intervention sur les mat\u00e9riels.<\/p>\n<p><em>L\u2019ordre du jour \u00e9tant \u00e9puis\u00e9 la s\u00e9ance est lev\u00e9e \u00e0 11H45.<\/em><\/p>\n<p><a id=\"\u201cphotosag&quot;\" name=\"photosag\"><\/a><em>Un vin d\u2019honneur a cl\u00f4tur\u00e9 l\u2019assembl\u00e9e.<\/em><\/p>\n<p>&nbsp;<\/p>\n\n\t\t<style type=\"text\/css\">\n\t\t\t#gallery-1 {\n\t\t\t\tmargin: auto;\n\t\t\t}\n\t\t\t#gallery-1 .gallery-item {\n\t\t\t\tfloat: left;\n\t\t\t\tmargin-top: 10px;\n\t\t\t\ttext-align: center;\n\t\t\t\twidth: 33%;\n\t\t\t}\n\t\t\t#gallery-1 img {\n\t\t\t\tborder: 2px solid #cfcfcf;\n\t\t\t}\n\t\t\t#gallery-1 .gallery-caption {\n\t\t\t\tmargin-left: 0;\n\t\t\t}\n\t\t\t\/* see gallery_shortcode() in wp-includes\/media.php *\/\n\t\t<\/style>\n\t\t<div id='gallery-1' class='gallery galleryid-6934 gallery-columns-3 gallery-size-medium'><dl class='gallery-item'>\n\t\t\t<dt class='gallery-icon landscape'>\n\t\t\t\t<a href='https:\/\/meriller-vapeur.fr\/wp3\/?attachment_id=6941'><img loading=\"lazy\" decoding=\"async\" width=\"300\" height=\"200\" src=\"https:\/\/meriller-vapeur.fr\/wp3\/wp-content\/uploads\/2017\/01\/IMG_4464-300x200.jpg\" class=\"attachment-medium size-medium\" alt=\"\" srcset=\"https:\/\/meriller-vapeur.fr\/wp3\/wp-content\/uploads\/2017\/01\/IMG_4464-300x200.jpg 300w, https:\/\/meriller-vapeur.fr\/wp3\/wp-content\/uploads\/2017\/01\/IMG_4464-768x512.jpg 768w, https:\/\/meriller-vapeur.fr\/wp3\/wp-content\/uploads\/2017\/01\/IMG_4464-1024x683.jpg 1024w, https:\/\/meriller-vapeur.fr\/wp3\/wp-content\/uploads\/2017\/01\/IMG_4464.jpg 1600w\" sizes=\"auto, (max-width: 300px) 100vw, 300px\" \/><\/a>\n\t\t\t<\/dt><\/dl><dl class='gallery-item'>\n\t\t\t<dt class='gallery-icon landscape'>\n\t\t\t\t<a href='https:\/\/meriller-vapeur.fr\/wp3\/?attachment_id=6942'><img loading=\"lazy\" decoding=\"async\" width=\"300\" height=\"200\" src=\"https:\/\/meriller-vapeur.fr\/wp3\/wp-content\/uploads\/2017\/01\/IMG_4467-300x200.jpg\" class=\"attachment-medium size-medium\" alt=\"\" srcset=\"https:\/\/meriller-vapeur.fr\/wp3\/wp-content\/uploads\/2017\/01\/IMG_4467-300x200.jpg 300w, https:\/\/meriller-vapeur.fr\/wp3\/wp-content\/uploads\/2017\/01\/IMG_4467-768x512.jpg 768w, https:\/\/meriller-vapeur.fr\/wp3\/wp-content\/uploads\/2017\/01\/IMG_4467-1024x683.jpg 1024w, https:\/\/meriller-vapeur.fr\/wp3\/wp-content\/uploads\/2017\/01\/IMG_4467.jpg 1600w\" sizes=\"auto, (max-width: 300px) 100vw, 300px\" \/><\/a>\n\t\t\t<\/dt><\/dl><dl class='gallery-item'>\n\t\t\t<dt class='gallery-icon landscape'>\n\t\t\t\t<a href='https:\/\/meriller-vapeur.fr\/wp3\/?attachment_id=6967'><img loading=\"lazy\" decoding=\"async\" width=\"300\" height=\"200\" src=\"https:\/\/meriller-vapeur.fr\/wp3\/wp-content\/uploads\/2017\/01\/IMG_0886-300x200.jpg\" class=\"attachment-medium size-medium\" alt=\"\" srcset=\"https:\/\/meriller-vapeur.fr\/wp3\/wp-content\/uploads\/2017\/01\/IMG_0886-300x200.jpg 300w, https:\/\/meriller-vapeur.fr\/wp3\/wp-content\/uploads\/2017\/01\/IMG_0886-768x512.jpg 768w, https:\/\/meriller-vapeur.fr\/wp3\/wp-content\/uploads\/2017\/01\/IMG_0886-1024x683.jpg 1024w\" sizes=\"auto, (max-width: 300px) 100vw, 300px\" \/><\/a>\n\t\t\t<\/dt><\/dl><br style=\"clear: both\" \/><dl class='gallery-item'>\n\t\t\t<dt class='gallery-icon landscape'>\n\t\t\t\t<a href='https:\/\/meriller-vapeur.fr\/wp3\/?attachment_id=6943'><img loading=\"lazy\" decoding=\"async\" width=\"300\" height=\"200\" src=\"https:\/\/meriller-vapeur.fr\/wp3\/wp-content\/uploads\/2017\/01\/IMG_4468-300x200.jpg\" class=\"attachment-medium size-medium\" alt=\"\" srcset=\"https:\/\/meriller-vapeur.fr\/wp3\/wp-content\/uploads\/2017\/01\/IMG_4468-300x200.jpg 300w, https:\/\/meriller-vapeur.fr\/wp3\/wp-content\/uploads\/2017\/01\/IMG_4468-768x512.jpg 768w, https:\/\/meriller-vapeur.fr\/wp3\/wp-content\/uploads\/2017\/01\/IMG_4468-1024x683.jpg 1024w, https:\/\/meriller-vapeur.fr\/wp3\/wp-content\/uploads\/2017\/01\/IMG_4468.jpg 1600w\" sizes=\"auto, (max-width: 300px) 100vw, 300px\" \/><\/a>\n\t\t\t<\/dt><\/dl><dl class='gallery-item'>\n\t\t\t<dt class='gallery-icon landscape'>\n\t\t\t\t<a href='https:\/\/meriller-vapeur.fr\/wp3\/?attachment_id=6944'><img loading=\"lazy\" decoding=\"async\" width=\"300\" height=\"200\" src=\"https:\/\/meriller-vapeur.fr\/wp3\/wp-content\/uploads\/2017\/01\/IMG_4470-300x200.jpg\" class=\"attachment-medium size-medium\" alt=\"\" srcset=\"https:\/\/meriller-vapeur.fr\/wp3\/wp-content\/uploads\/2017\/01\/IMG_4470-300x200.jpg 300w, https:\/\/meriller-vapeur.fr\/wp3\/wp-content\/uploads\/2017\/01\/IMG_4470-768x512.jpg 768w, https:\/\/meriller-vapeur.fr\/wp3\/wp-content\/uploads\/2017\/01\/IMG_4470-1024x683.jpg 1024w, https:\/\/meriller-vapeur.fr\/wp3\/wp-content\/uploads\/2017\/01\/IMG_4470.jpg 1600w\" sizes=\"auto, (max-width: 300px) 100vw, 300px\" \/><\/a>\n\t\t\t<\/dt><\/dl><dl class='gallery-item'>\n\t\t\t<dt class='gallery-icon landscape'>\n\t\t\t\t<a href='https:\/\/meriller-vapeur.fr\/wp3\/?attachment_id=6945'><img loading=\"lazy\" decoding=\"async\" width=\"300\" height=\"200\" src=\"https:\/\/meriller-vapeur.fr\/wp3\/wp-content\/uploads\/2017\/01\/IMG_4471-300x200.jpg\" class=\"attachment-medium size-medium\" alt=\"\" srcset=\"https:\/\/meriller-vapeur.fr\/wp3\/wp-content\/uploads\/2017\/01\/IMG_4471-300x200.jpg 300w, https:\/\/meriller-vapeur.fr\/wp3\/wp-content\/uploads\/2017\/01\/IMG_4471-768x512.jpg 768w, https:\/\/meriller-vapeur.fr\/wp3\/wp-content\/uploads\/2017\/01\/IMG_4471-1024x683.jpg 1024w, https:\/\/meriller-vapeur.fr\/wp3\/wp-content\/uploads\/2017\/01\/IMG_4471.jpg 1600w\" sizes=\"auto, (max-width: 300px) 100vw, 300px\" \/><\/a>\n\t\t\t<\/dt><\/dl><br style=\"clear: both\" \/><dl class='gallery-item'>\n\t\t\t<dt class='gallery-icon landscape'>\n\t\t\t\t<a href='https:\/\/meriller-vapeur.fr\/wp3\/?attachment_id=6946'><img loading=\"lazy\" decoding=\"async\" width=\"300\" height=\"200\" src=\"https:\/\/meriller-vapeur.fr\/wp3\/wp-content\/uploads\/2017\/01\/IMG_4472-300x200.jpg\" class=\"attachment-medium size-medium\" alt=\"\" srcset=\"https:\/\/meriller-vapeur.fr\/wp3\/wp-content\/uploads\/2017\/01\/IMG_4472-300x200.jpg 300w, https:\/\/meriller-vapeur.fr\/wp3\/wp-content\/uploads\/2017\/01\/IMG_4472-768x512.jpg 768w, https:\/\/meriller-vapeur.fr\/wp3\/wp-content\/uploads\/2017\/01\/IMG_4472-1024x683.jpg 1024w, https:\/\/meriller-vapeur.fr\/wp3\/wp-content\/uploads\/2017\/01\/IMG_4472.jpg 1600w\" sizes=\"auto, (max-width: 300px) 100vw, 300px\" \/><\/a>\n\t\t\t<\/dt><\/dl><dl class='gallery-item'>\n\t\t\t<dt class='gallery-icon landscape'>\n\t\t\t\t<a href='https:\/\/meriller-vapeur.fr\/wp3\/?attachment_id=6947'><img loading=\"lazy\" decoding=\"async\" width=\"300\" height=\"200\" src=\"https:\/\/meriller-vapeur.fr\/wp3\/wp-content\/uploads\/2017\/01\/IMG_4473-300x200.jpg\" class=\"attachment-medium size-medium\" alt=\"\" srcset=\"https:\/\/meriller-vapeur.fr\/wp3\/wp-content\/uploads\/2017\/01\/IMG_4473-300x200.jpg 300w, https:\/\/meriller-vapeur.fr\/wp3\/wp-content\/uploads\/2017\/01\/IMG_4473-768x512.jpg 768w, https:\/\/meriller-vapeur.fr\/wp3\/wp-content\/uploads\/2017\/01\/IMG_4473-1024x683.jpg 1024w, https:\/\/meriller-vapeur.fr\/wp3\/wp-content\/uploads\/2017\/01\/IMG_4473.jpg 1600w\" sizes=\"auto, (max-width: 300px) 100vw, 300px\" \/><\/a>\n\t\t\t<\/dt><\/dl><dl class='gallery-item'>\n\t\t\t<dt class='gallery-icon landscape'>\n\t\t\t\t<a href='https:\/\/meriller-vapeur.fr\/wp3\/?attachment_id=6948'><img loading=\"lazy\" decoding=\"async\" width=\"300\" height=\"200\" src=\"https:\/\/meriller-vapeur.fr\/wp3\/wp-content\/uploads\/2017\/01\/IMG_4476-300x200.jpg\" class=\"attachment-medium size-medium\" alt=\"\" srcset=\"https:\/\/meriller-vapeur.fr\/wp3\/wp-content\/uploads\/2017\/01\/IMG_4476-300x200.jpg 300w, https:\/\/meriller-vapeur.fr\/wp3\/wp-content\/uploads\/2017\/01\/IMG_4476-768x512.jpg 768w, https:\/\/meriller-vapeur.fr\/wp3\/wp-content\/uploads\/2017\/01\/IMG_4476-1024x683.jpg 1024w, https:\/\/meriller-vapeur.fr\/wp3\/wp-content\/uploads\/2017\/01\/IMG_4476.jpg 1600w\" sizes=\"auto, (max-width: 300px) 100vw, 300px\" \/><\/a>\n\t\t\t<\/dt><\/dl><br style=\"clear: both\" \/><dl class='gallery-item'>\n\t\t\t<dt class='gallery-icon landscape'>\n\t\t\t\t<a href='https:\/\/meriller-vapeur.fr\/wp3\/?attachment_id=6949'><img loading=\"lazy\" decoding=\"async\" width=\"300\" height=\"200\" src=\"https:\/\/meriller-vapeur.fr\/wp3\/wp-content\/uploads\/2017\/01\/IMG_4477-300x200.jpg\" class=\"attachment-medium size-medium\" alt=\"\" srcset=\"https:\/\/meriller-vapeur.fr\/wp3\/wp-content\/uploads\/2017\/01\/IMG_4477-300x200.jpg 300w, https:\/\/meriller-vapeur.fr\/wp3\/wp-content\/uploads\/2017\/01\/IMG_4477-768x512.jpg 768w, https:\/\/meriller-vapeur.fr\/wp3\/wp-content\/uploads\/2017\/01\/IMG_4477-1024x683.jpg 1024w, https:\/\/meriller-vapeur.fr\/wp3\/wp-content\/uploads\/2017\/01\/IMG_4477.jpg 1600w\" sizes=\"auto, (max-width: 300px) 100vw, 300px\" \/><\/a>\n\t\t\t<\/dt><\/dl><dl class='gallery-item'>\n\t\t\t<dt class='gallery-icon landscape'>\n\t\t\t\t<a href='https:\/\/meriller-vapeur.fr\/wp3\/?attachment_id=6950'><img loading=\"lazy\" decoding=\"async\" width=\"300\" height=\"200\" src=\"https:\/\/meriller-vapeur.fr\/wp3\/wp-content\/uploads\/2017\/01\/IMG_4483-300x200.jpg\" class=\"attachment-medium size-medium\" alt=\"\" srcset=\"https:\/\/meriller-vapeur.fr\/wp3\/wp-content\/uploads\/2017\/01\/IMG_4483-300x200.jpg 300w, https:\/\/meriller-vapeur.fr\/wp3\/wp-content\/uploads\/2017\/01\/IMG_4483-768x512.jpg 768w, https:\/\/meriller-vapeur.fr\/wp3\/wp-content\/uploads\/2017\/01\/IMG_4483-1024x683.jpg 1024w, https:\/\/meriller-vapeur.fr\/wp3\/wp-content\/uploads\/2017\/01\/IMG_4483.jpg 1600w\" sizes=\"auto, (max-width: 300px) 100vw, 300px\" \/><\/a>\n\t\t\t<\/dt><\/dl><dl class='gallery-item'>\n\t\t\t<dt class='gallery-icon landscape'>\n\t\t\t\t<a href='https:\/\/meriller-vapeur.fr\/wp3\/?attachment_id=6951'><img loading=\"lazy\" decoding=\"async\" width=\"300\" height=\"200\" src=\"https:\/\/meriller-vapeur.fr\/wp3\/wp-content\/uploads\/2017\/01\/IMG_4484-300x200.jpg\" class=\"attachment-medium size-medium\" alt=\"\" srcset=\"https:\/\/meriller-vapeur.fr\/wp3\/wp-content\/uploads\/2017\/01\/IMG_4484-300x200.jpg 300w, https:\/\/meriller-vapeur.fr\/wp3\/wp-content\/uploads\/2017\/01\/IMG_4484-768x512.jpg 768w, https:\/\/meriller-vapeur.fr\/wp3\/wp-content\/uploads\/2017\/01\/IMG_4484-1024x683.jpg 1024w, https:\/\/meriller-vapeur.fr\/wp3\/wp-content\/uploads\/2017\/01\/IMG_4484.jpg 1600w\" sizes=\"auto, (max-width: 300px) 100vw, 300px\" \/><\/a>\n\t\t\t<\/dt><\/dl><br style=\"clear: both\" \/>\n\t\t<\/div>\n\n<div class=\"pvc_clear\"><\/div>\n<p id=\"pvc_stats_6934\" class=\"pvc_stats all  \" data-element-id=\"6934\" style=\"\"><i class=\"pvc-stats-icon medium\" aria-hidden=\"true\"><svg aria-hidden=\"true\" focusable=\"false\" data-prefix=\"far\" data-icon=\"chart-bar\" role=\"img\" xmlns=\"http:\/\/www.w3.org\/2000\/svg\" viewBox=\"0 0 512 512\" class=\"svg-inline--fa fa-chart-bar fa-w-16 fa-2x\"><path fill=\"currentColor\" d=\"M396.8 352h22.4c6.4 0 12.8-6.4 12.8-12.8V108.8c0-6.4-6.4-12.8-12.8-12.8h-22.4c-6.4 0-12.8 6.4-12.8 12.8v230.4c0 6.4 6.4 12.8 12.8 12.8zm-192 0h22.4c6.4 0 12.8-6.4 12.8-12.8V140.8c0-6.4-6.4-12.8-12.8-12.8h-22.4c-6.4 0-12.8 6.4-12.8 12.8v198.4c0 6.4 6.4 12.8 12.8 12.8zm96 0h22.4c6.4 0 12.8-6.4 12.8-12.8V204.8c0-6.4-6.4-12.8-12.8-12.8h-22.4c-6.4 0-12.8 6.4-12.8 12.8v134.4c0 6.4 6.4 12.8 12.8 12.8zM496 400H48V80c0-8.84-7.16-16-16-16H16C7.16 64 0 71.16 0 80v336c0 17.67 14.33 32 32 32h464c8.84 0 16-7.16 16-16v-16c0-8.84-7.16-16-16-16zm-387.2-48h22.4c6.4 0 12.8-6.4 12.8-12.8v-70.4c0-6.4-6.4-12.8-12.8-12.8h-22.4c-6.4 0-12.8 6.4-12.8 12.8v70.4c0 6.4 6.4 12.8 12.8 12.8z\" class=\"\"><\/path><\/svg><\/i> <img loading=\"lazy\" decoding=\"async\" width=\"16\" height=\"16\" alt=\"Loading\" src=\"https:\/\/meriller-vapeur.fr\/wp3\/wp-content\/plugins\/page-views-count\/ajax-loader-2x.gif\" border=0 \/><\/p>\n<div class=\"pvc_clear\"><\/div>\n","protected":false},"excerpt":{"rendered":"<p>(Voir photos en bas de la page) \u2022 Mise \u00e0 Jour du 08-02-2017\u00a0:\u00a0 Voir les compte-rendus de la Presse locale &gt;&gt;&gt;&gt;&gt;&gt;&gt; ICI La s\u00e9ance est ouverte \u00e0 10h au local, rue du Colonel Rossel \u00e0 Coulounieix \u2013 Chamiers. Compte-Rendu succinct de cette Assembl\u00e9e\u00a0g\u00e9n\u00e9rale 2017 Meriller-Vapeur 24, En introduction le Pr\u00e9sident Roger Marouby, remercie de leur\u2026 <span class=\"read-more\"><a href=\"https:\/\/meriller-vapeur.fr\/wp3\/?page_id=6934\">Read More &raquo;<\/a><\/span><\/p>\n<div class=\"pvc_clear\"><\/div>\n<p id=\"pvc_stats_6934\" class=\"pvc_stats all  \" data-element-id=\"6934\" style=\"\"><i class=\"pvc-stats-icon medium\" aria-hidden=\"true\"><svg aria-hidden=\"true\" focusable=\"false\" data-prefix=\"far\" data-icon=\"chart-bar\" role=\"img\" xmlns=\"http:\/\/www.w3.org\/2000\/svg\" viewBox=\"0 0 512 512\" class=\"svg-inline--fa fa-chart-bar fa-w-16 fa-2x\"><path fill=\"currentColor\" d=\"M396.8 352h22.4c6.4 0 12.8-6.4 12.8-12.8V108.8c0-6.4-6.4-12.8-12.8-12.8h-22.4c-6.4 0-12.8 6.4-12.8 12.8v230.4c0 6.4 6.4 12.8 12.8 12.8zm-192 0h22.4c6.4 0 12.8-6.4 12.8-12.8V140.8c0-6.4-6.4-12.8-12.8-12.8h-22.4c-6.4 0-12.8 6.4-12.8 12.8v198.4c0 6.4 6.4 12.8 12.8 12.8zm96 0h22.4c6.4 0 12.8-6.4 12.8-12.8V204.8c0-6.4-6.4-12.8-12.8-12.8h-22.4c-6.4 0-12.8 6.4-12.8 12.8v134.4c0 6.4 6.4 12.8 12.8 12.8zM496 400H48V80c0-8.84-7.16-16-16-16H16C7.16 64 0 71.16 0 80v336c0 17.67 14.33 32 32 32h464c8.84 0 16-7.16 16-16v-16c0-8.84-7.16-16-16-16zm-387.2-48h22.4c6.4 0 12.8-6.4 12.8-12.8v-70.4c0-6.4-6.4-12.8-12.8-12.8h-22.4c-6.4 0-12.8 6.4-12.8 12.8v70.4c0 6.4 6.4 12.8 12.8 12.8z\" class=\"\"><\/path><\/svg><\/i> <img loading=\"lazy\" decoding=\"async\" width=\"16\" height=\"16\" alt=\"Loading\" src=\"https:\/\/meriller-vapeur.fr\/wp3\/wp-content\/plugins\/page-views-count\/ajax-loader-2x.gif\" border=0 \/><\/p>\n<div class=\"pvc_clear\"><\/div>\n","protected":false},"author":1,"featured_media":0,"parent":0,"menu_order":0,"comment_status":"closed","ping_status":"closed","template":"tmp-onecolumn.php","meta":{"footnotes":""},"class_list":["post-6934","page","type-page","status-publish","hentry"],"a3_pvc":{"activated":true,"total_views":314,"today_views":2},"_links":{"self":[{"href":"https:\/\/meriller-vapeur.fr\/wp3\/index.php?rest_route=\/wp\/v2\/pages\/6934","targetHints":{"allow":["GET"]}}],"collection":[{"href":"https:\/\/meriller-vapeur.fr\/wp3\/index.php?rest_route=\/wp\/v2\/pages"}],"about":[{"href":"https:\/\/meriller-vapeur.fr\/wp3\/index.php?rest_route=\/wp\/v2\/types\/page"}],"author":[{"embeddable":true,"href":"https:\/\/meriller-vapeur.fr\/wp3\/index.php?rest_route=\/wp\/v2\/users\/1"}],"replies":[{"embeddable":true,"href":"https:\/\/meriller-vapeur.fr\/wp3\/index.php?rest_route=%2Fwp%2Fv2%2Fcomments&post=6934"}],"version-history":[{"count":0,"href":"https:\/\/meriller-vapeur.fr\/wp3\/index.php?rest_route=\/wp\/v2\/pages\/6934\/revisions"}],"wp:attachment":[{"href":"https:\/\/meriller-vapeur.fr\/wp3\/index.php?rest_route=%2Fwp%2Fv2%2Fmedia&parent=6934"}],"curies":[{"name":"wp","href":"https:\/\/api.w.org\/{rel}","templated":true}]}}