{"id":5010,"date":"2015-11-04T15:43:49","date_gmt":"2015-11-04T14:43:49","guid":{"rendered":"http:\/\/meriller-vapeur.fr\/wp3\/?page_id=5010"},"modified":"2015-11-04T15:47:35","modified_gmt":"2015-11-04T14:47:35","slug":"anciens-cliches-sortis-des-archives","status":"publish","type":"page","link":"https:\/\/meriller-vapeur.fr\/wp3\/?page_id=5010","title":{"rendered":"D\u2019anciens clich\u00e9s sortis d\u2019archives personnelles&#8230;"},"content":{"rendered":"<p>C\u2019est en rangeant ses photos que Pierre Perrier a retrouv\u00e9 ceux ci (<em>cliquer pour agrandir)<\/em> :<\/p>\n<div id=\"attachment_5012\" style=\"width: 698px\" class=\"wp-caption alignleft\"><a href=\"http:\/\/meriller-vapeur.fr\/wp3\/wp-content\/uploads\/2015\/11\/P1000980.jpg\" target=\"_blank\"><img loading=\"lazy\" decoding=\"async\" aria-describedby=\"caption-attachment-5012\" class=\"wp-image-5012 size-large\" src=\"http:\/\/meriller-vapeur.fr\/wp3\/wp-content\/uploads\/2015\/11\/P1000980-1024x683.jpg\" alt=\"P1000980\" width=\"688\" height=\"459\" srcset=\"https:\/\/meriller-vapeur.fr\/wp3\/wp-content\/uploads\/2015\/11\/P1000980-1024x683.jpg 1024w, https:\/\/meriller-vapeur.fr\/wp3\/wp-content\/uploads\/2015\/11\/P1000980-300x200.jpg 300w, https:\/\/meriller-vapeur.fr\/wp3\/wp-content\/uploads\/2015\/11\/P1000980.jpg 1200w\" sizes=\"auto, (max-width: 688px) 100vw, 688px\" \/><\/a><p id=\"caption-attachment-5012\" class=\"wp-caption-text\">Cette vue de la BB 9330 en gare de Dax, en t\u00eate d&rsquo;un TER pour Pau et Tarbes le 18 d\u00e9cembre 2008. La machine est en livr\u00e9e \u00ab\u00a0b\u00e9ton\u00a0\u00bb. Ce n&rsquo;est pas la plus belle, mais bon&#8230;<\/p><\/div>\n<div id=\"attachment_5013\" style=\"width: 698px\" class=\"wp-caption alignleft\"><a href=\"http:\/\/meriller-vapeur.fr\/wp3\/wp-content\/uploads\/2015\/11\/3-caravelles-modernis\u00e9es-LRY.jpg\" target=\"_blank\"><img loading=\"lazy\" decoding=\"async\" aria-describedby=\"caption-attachment-5013\" class=\"wp-image-5013 size-large\" src=\"http:\/\/meriller-vapeur.fr\/wp3\/wp-content\/uploads\/2015\/11\/3-caravelles-modernis\u00e9es-LRY-1024x683.jpg\" alt=\"3 caravelles modernis\u00e9es LRY\" width=\"688\" height=\"459\" srcset=\"https:\/\/meriller-vapeur.fr\/wp3\/wp-content\/uploads\/2015\/11\/3-caravelles-modernis\u00e9es-LRY-1024x683.jpg 1024w, https:\/\/meriller-vapeur.fr\/wp3\/wp-content\/uploads\/2015\/11\/3-caravelles-modernis\u00e9es-LRY-300x200.jpg 300w, https:\/\/meriller-vapeur.fr\/wp3\/wp-content\/uploads\/2015\/11\/3-caravelles-modernis\u00e9es-LRY.jpg 1200w\" sizes=\"auto, (max-width: 688px) 100vw, 688px\" \/><\/a><p id=\"caption-attachment-5013\" class=\"wp-caption-text\">Voici 3 \u00ab\u00a0caravelles\u00a0\u00bb modernis\u00e9es, mais bien sales, en gare de la Roche sur Yon (Vend\u00e9e) en 2003, avant l&rsquo;\u00e9lectrification.<\/p><\/div>\n<div class=\"pvc_clear\"><\/div>\n<p id=\"pvc_stats_5010\" class=\"pvc_stats all  \" data-element-id=\"5010\" style=\"\"><i class=\"pvc-stats-icon medium\" aria-hidden=\"true\"><svg aria-hidden=\"true\" focusable=\"false\" data-prefix=\"far\" data-icon=\"chart-bar\" role=\"img\" xmlns=\"http:\/\/www.w3.org\/2000\/svg\" viewBox=\"0 0 512 512\" class=\"svg-inline--fa fa-chart-bar fa-w-16 fa-2x\"><path fill=\"currentColor\" d=\"M396.8 352h22.4c6.4 0 12.8-6.4 12.8-12.8V108.8c0-6.4-6.4-12.8-12.8-12.8h-22.4c-6.4 0-12.8 6.4-12.8 12.8v230.4c0 6.4 6.4 12.8 12.8 12.8zm-192 0h22.4c6.4 0 12.8-6.4 12.8-12.8V140.8c0-6.4-6.4-12.8-12.8-12.8h-22.4c-6.4 0-12.8 6.4-12.8 12.8v198.4c0 6.4 6.4 12.8 12.8 12.8zm96 0h22.4c6.4 0 12.8-6.4 12.8-12.8V204.8c0-6.4-6.4-12.8-12.8-12.8h-22.4c-6.4 0-12.8 6.4-12.8 12.8v134.4c0 6.4 6.4 12.8 12.8 12.8zM496 400H48V80c0-8.84-7.16-16-16-16H16C7.16 64 0 71.16 0 80v336c0 17.67 14.33 32 32 32h464c8.84 0 16-7.16 16-16v-16c0-8.84-7.16-16-16-16zm-387.2-48h22.4c6.4 0 12.8-6.4 12.8-12.8v-70.4c0-6.4-6.4-12.8-12.8-12.8h-22.4c-6.4 0-12.8 6.4-12.8 12.8v70.4c0 6.4 6.4 12.8 12.8 12.8z\" class=\"\"><\/path><\/svg><\/i> <img loading=\"lazy\" decoding=\"async\" width=\"16\" height=\"16\" alt=\"Loading\" src=\"https:\/\/meriller-vapeur.fr\/wp3\/wp-content\/plugins\/page-views-count\/ajax-loader-2x.gif\" border=0 \/><\/p>\n<div class=\"pvc_clear\"><\/div>\n","protected":false},"excerpt":{"rendered":"<p>C\u2019est en rangeant ses photos que Pierre Perrier a retrouv\u00e9 ceux ci (cliquer pour agrandir) :<\/p>\n<div class=\"pvc_clear\"><\/div>\n<p id=\"pvc_stats_5010\" class=\"pvc_stats all  \" data-element-id=\"5010\" style=\"\"><i class=\"pvc-stats-icon medium\" aria-hidden=\"true\"><svg aria-hidden=\"true\" focusable=\"false\" data-prefix=\"far\" data-icon=\"chart-bar\" role=\"img\" xmlns=\"http:\/\/www.w3.org\/2000\/svg\" viewBox=\"0 0 512 512\" class=\"svg-inline--fa fa-chart-bar fa-w-16 fa-2x\"><path fill=\"currentColor\" d=\"M396.8 352h22.4c6.4 0 12.8-6.4 12.8-12.8V108.8c0-6.4-6.4-12.8-12.8-12.8h-22.4c-6.4 0-12.8 6.4-12.8 12.8v230.4c0 6.4 6.4 12.8 12.8 12.8zm-192 0h22.4c6.4 0 12.8-6.4 12.8-12.8V140.8c0-6.4-6.4-12.8-12.8-12.8h-22.4c-6.4 0-12.8 6.4-12.8 12.8v198.4c0 6.4 6.4 12.8 12.8 12.8zm96 0h22.4c6.4 0 12.8-6.4 12.8-12.8V204.8c0-6.4-6.4-12.8-12.8-12.8h-22.4c-6.4 0-12.8 6.4-12.8 12.8v134.4c0 6.4 6.4 12.8 12.8 12.8zM496 400H48V80c0-8.84-7.16-16-16-16H16C7.16 64 0 71.16 0 80v336c0 17.67 14.33 32 32 32h464c8.84 0 16-7.16 16-16v-16c0-8.84-7.16-16-16-16zm-387.2-48h22.4c6.4 0 12.8-6.4 12.8-12.8v-70.4c0-6.4-6.4-12.8-12.8-12.8h-22.4c-6.4 0-12.8 6.4-12.8 12.8v70.4c0 6.4 6.4 12.8 12.8 12.8z\" class=\"\"><\/path><\/svg><\/i> <img loading=\"lazy\" decoding=\"async\" width=\"16\" height=\"16\" alt=\"Loading\" src=\"https:\/\/meriller-vapeur.fr\/wp3\/wp-content\/plugins\/page-views-count\/ajax-loader-2x.gif\" border=0 \/><\/p>\n<div class=\"pvc_clear\"><\/div>\n","protected":false},"author":1,"featured_media":0,"parent":0,"menu_order":0,"comment_status":"closed","ping_status":"closed","template":"","meta":{"footnotes":""},"class_list":["post-5010","page","type-page","status-publish","hentry"],"a3_pvc":{"activated":true,"total_views":197,"today_views":0},"_links":{"self":[{"href":"https:\/\/meriller-vapeur.fr\/wp3\/index.php?rest_route=\/wp\/v2\/pages\/5010","targetHints":{"allow":["GET"]}}],"collection":[{"href":"https:\/\/meriller-vapeur.fr\/wp3\/index.php?rest_route=\/wp\/v2\/pages"}],"about":[{"href":"https:\/\/meriller-vapeur.fr\/wp3\/index.php?rest_route=\/wp\/v2\/types\/page"}],"author":[{"embeddable":true,"href":"https:\/\/meriller-vapeur.fr\/wp3\/index.php?rest_route=\/wp\/v2\/users\/1"}],"replies":[{"embeddable":true,"href":"https:\/\/meriller-vapeur.fr\/wp3\/index.php?rest_route=%2Fwp%2Fv2%2Fcomments&post=5010"}],"version-history":[{"count":0,"href":"https:\/\/meriller-vapeur.fr\/wp3\/index.php?rest_route=\/wp\/v2\/pages\/5010\/revisions"}],"wp:attachment":[{"href":"https:\/\/meriller-vapeur.fr\/wp3\/index.php?rest_route=%2Fwp%2Fv2%2Fmedia&parent=5010"}],"curies":[{"name":"wp","href":"https:\/\/api.w.org\/{rel}","templated":true}]}}