{"id":4796,"date":"2015-10-03T12:47:57","date_gmt":"2015-10-03T10:47:57","guid":{"rendered":"http:\/\/meriller-vapeur.fr\/wp3\/?page_id=4796"},"modified":"2015-10-03T15:00:25","modified_gmt":"2015-10-03T13:00:25","slug":"journee-portes-ouvertes-du-ticp-des-visiteurs-enthousiastes","status":"publish","type":"page","link":"https:\/\/meriller-vapeur.fr\/wp3\/?page_id=4796","title":{"rendered":"19 sept.2015 &#8211; Journ\u00e9e Portes Ouvertes du TICP : des visiteurs enthousiastes !"},"content":{"rendered":"<p style=\"text-align: justify;\">3Meriller-Vapeur 24 a particip\u00e9 \u00e0 cette importante manifestation, qui<\/p>\n<p style=\"text-align: justify;\">Nous recevons ce communiqu\u00e9 de la SNCF\u00a0:<\/p>\n<blockquote>\n<p style=\"text-align: justify;\">Bonjour \u00e0 tous,<\/p>\n<p style=\"text-align: justify;\">Voici un flash-info sur notre Journ\u00e9e Portes Ouvertes du 19 septembre au sein du Technicentre Industriel Charentes-P\u00e9rigord\u00a0: un grand succ\u00e8s aupr\u00e8s du public\u00a0!<\/p>\n<p style=\"text-align: justify;\">Une premi\u00e8re page de \u00ab\u00a0bilan \u00bb et deux autres avec des photos illustrant cette journ\u00e9e.<\/p>\n<p style=\"text-align: justify;\">On retiendra notamment de tr\u00e8s nombreux visiteurs (+ de 8000 personnes\u00a0!!), tous particuli\u00e8rement enthousiastes qui nous ont fait part, tant oralement que sur les Livres d\u2019Or, de leur grande satisfaction (cf\u00a0: 3 documents joints qui reprennent une partie de ces Livres d\u2019Or). J\u2019ai not\u00e9 sur ce flash-info quelques remarques, dont certaines, de clients habitu\u00e9s du train, nous pr\u00e9cisant que d\u00e9sormais, leur regard a chang\u00e9 : \u00ab ils ne voyageront plus comme avant ! \u00bb.<\/p>\n<p style=\"text-align: justify;\">Tous ces commentaires seront scann\u00e9s et \u00e0 disposition sur le r\u00e9seau interne du Technicentre (sous Infos Communes \u2013 Communication \u2013JPO 2015), ainsi que les photos sur cette journ\u00e9e.<\/p>\n<p style=\"text-align: justify;\">A noter\u00a0: un reportage lundi 21 septembre sur le journal 19\/20 de France 3 P\u00e9rigord\u00a0(\u00e0 partir de la 5<sup>\u00e8me<\/sup>\u00a0minute), \u00e0 regarder en replay\u00a0:<\/p>\n<p style=\"text-align: justify;\"><a href=\"http:\/\/france3-regions.francetvinfo.fr\/aquitaine\/emissions\/jt-local-1920-perigords\" target=\"_blank\">http:\/\/france3-regions.francetvinfo.fr\/aquitaine\/emissions\/jt-local-1920-perigords<\/a><\/p>\n<p style=\"text-align: justify;\">Merci beaucoup \u00e0 toutes les \u00e9quipes pour leur implication et participation !<\/p>\n<p style=\"text-align: justify;\"><strong>H\u00c9L\u00c8NE DEKONINCK (<\/strong>RESPONSABLE COMMUNICATION)<\/p>\n<p style=\"text-align: justify;\"><strong>SNCF \u2013 TECHNICENTRE\u00a0INDUSTRIEL CHARENTES PERIGORD<\/strong><\/p>\n<p style=\"text-align: justify;\">&gt;&gt;&gt;&gt;&gt;&gt;&gt;<a href=\"http:\/\/meriller-vapeur.fr\/wp3\/wp-content\/uploads\/2015\/09\/flash-info-N\u00b065-JPO-2015-du-TICP.pdf\" target=\"_blank\">Voir le Flash-info N\u00b065 JPO 2015 du TICP<\/a><\/p>\n<\/blockquote>\n<p style=\"text-align: justify;\">Vous trouverez \u00e9galement ci joint\u00a0:<\/p>\n<p style=\"text-align: justify;\"><a href=\"http:\/\/meriller-vapeur.fr\/wp3\/?page_id=4821\">Les photos du stand\u00a0Meriller-Vapeur 24 prises par le Pr\u00e9sident.<\/a><\/p>\n<p style=\"text-align: justify;\"><a href=\"http:\/\/meriller-vapeur.fr\/wp3\/wp-content\/uploads\/2015\/09\/article-de-la-DL-le-21-09.pdf\" target=\"_blank\">Article de la DL le 21 09 2015<\/a>.<\/p>\n<p style=\"text-align: justify;\"><a href=\"http:\/\/meriller-vapeur.fr\/wp3\/wp-content\/uploads\/2015\/09\/article-sud-Ouest-1.pdf\" target=\"_blank\">Article sud-Ouest 15 09 2015.<\/a><\/p>\n<p style=\"text-align: justify;\"><a href=\"http:\/\/meriller-vapeur.fr\/wp3\/wp-content\/uploads\/2015\/09\/quelques-exemples-de-commentaires-Livre-Dor.pdf\" target=\"_blank\">Quelques exemples de commentaires Livre D\u2019or<\/a>.<\/p>\n<div class=\"pvc_clear\"><\/div>\n<p id=\"pvc_stats_4796\" class=\"pvc_stats all  \" data-element-id=\"4796\" style=\"\"><i class=\"pvc-stats-icon medium\" aria-hidden=\"true\"><svg aria-hidden=\"true\" focusable=\"false\" data-prefix=\"far\" data-icon=\"chart-bar\" role=\"img\" xmlns=\"http:\/\/www.w3.org\/2000\/svg\" viewBox=\"0 0 512 512\" class=\"svg-inline--fa fa-chart-bar fa-w-16 fa-2x\"><path fill=\"currentColor\" d=\"M396.8 352h22.4c6.4 0 12.8-6.4 12.8-12.8V108.8c0-6.4-6.4-12.8-12.8-12.8h-22.4c-6.4 0-12.8 6.4-12.8 12.8v230.4c0 6.4 6.4 12.8 12.8 12.8zm-192 0h22.4c6.4 0 12.8-6.4 12.8-12.8V140.8c0-6.4-6.4-12.8-12.8-12.8h-22.4c-6.4 0-12.8 6.4-12.8 12.8v198.4c0 6.4 6.4 12.8 12.8 12.8zm96 0h22.4c6.4 0 12.8-6.4 12.8-12.8V204.8c0-6.4-6.4-12.8-12.8-12.8h-22.4c-6.4 0-12.8 6.4-12.8 12.8v134.4c0 6.4 6.4 12.8 12.8 12.8zM496 400H48V80c0-8.84-7.16-16-16-16H16C7.16 64 0 71.16 0 80v336c0 17.67 14.33 32 32 32h464c8.84 0 16-7.16 16-16v-16c0-8.84-7.16-16-16-16zm-387.2-48h22.4c6.4 0 12.8-6.4 12.8-12.8v-70.4c0-6.4-6.4-12.8-12.8-12.8h-22.4c-6.4 0-12.8 6.4-12.8 12.8v70.4c0 6.4 6.4 12.8 12.8 12.8z\" class=\"\"><\/path><\/svg><\/i> <img loading=\"lazy\" decoding=\"async\" width=\"16\" height=\"16\" alt=\"Loading\" src=\"https:\/\/meriller-vapeur.fr\/wp3\/wp-content\/plugins\/page-views-count\/ajax-loader-2x.gif\" border=0 \/><\/p>\n<div class=\"pvc_clear\"><\/div>\n","protected":false},"excerpt":{"rendered":"<p>3Meriller-Vapeur 24 a particip\u00e9 \u00e0 cette importante manifestation, qui Nous recevons ce communiqu\u00e9 de la SNCF\u00a0: Bonjour \u00e0 tous, Voici un flash-info sur notre Journ\u00e9e Portes Ouvertes du 19 septembre au sein du Technicentre Industriel Charentes-P\u00e9rigord\u00a0: un grand succ\u00e8s aupr\u00e8s du public\u00a0! Une premi\u00e8re page de \u00ab\u00a0bilan \u00bb et deux autres avec des photos illustrant\u2026 <span class=\"read-more\"><a href=\"https:\/\/meriller-vapeur.fr\/wp3\/?page_id=4796\">Read More &raquo;<\/a><\/span><\/p>\n<div class=\"pvc_clear\"><\/div>\n<p id=\"pvc_stats_4796\" class=\"pvc_stats all  \" data-element-id=\"4796\" style=\"\"><i class=\"pvc-stats-icon medium\" aria-hidden=\"true\"><svg aria-hidden=\"true\" focusable=\"false\" data-prefix=\"far\" data-icon=\"chart-bar\" role=\"img\" xmlns=\"http:\/\/www.w3.org\/2000\/svg\" viewBox=\"0 0 512 512\" class=\"svg-inline--fa fa-chart-bar fa-w-16 fa-2x\"><path fill=\"currentColor\" d=\"M396.8 352h22.4c6.4 0 12.8-6.4 12.8-12.8V108.8c0-6.4-6.4-12.8-12.8-12.8h-22.4c-6.4 0-12.8 6.4-12.8 12.8v230.4c0 6.4 6.4 12.8 12.8 12.8zm-192 0h22.4c6.4 0 12.8-6.4 12.8-12.8V140.8c0-6.4-6.4-12.8-12.8-12.8h-22.4c-6.4 0-12.8 6.4-12.8 12.8v198.4c0 6.4 6.4 12.8 12.8 12.8zm96 0h22.4c6.4 0 12.8-6.4 12.8-12.8V204.8c0-6.4-6.4-12.8-12.8-12.8h-22.4c-6.4 0-12.8 6.4-12.8 12.8v134.4c0 6.4 6.4 12.8 12.8 12.8zM496 400H48V80c0-8.84-7.16-16-16-16H16C7.16 64 0 71.16 0 80v336c0 17.67 14.33 32 32 32h464c8.84 0 16-7.16 16-16v-16c0-8.84-7.16-16-16-16zm-387.2-48h22.4c6.4 0 12.8-6.4 12.8-12.8v-70.4c0-6.4-6.4-12.8-12.8-12.8h-22.4c-6.4 0-12.8 6.4-12.8 12.8v70.4c0 6.4 6.4 12.8 12.8 12.8z\" class=\"\"><\/path><\/svg><\/i> <img loading=\"lazy\" decoding=\"async\" width=\"16\" height=\"16\" alt=\"Loading\" src=\"https:\/\/meriller-vapeur.fr\/wp3\/wp-content\/plugins\/page-views-count\/ajax-loader-2x.gif\" border=0 \/><\/p>\n<div class=\"pvc_clear\"><\/div>\n","protected":false},"author":1,"featured_media":0,"parent":263,"menu_order":0,"comment_status":"closed","ping_status":"closed","template":"tmp-onecolumn.php","meta":{"footnotes":""},"class_list":["post-4796","page","type-page","status-publish","hentry"],"a3_pvc":{"activated":true,"total_views":167,"today_views":0},"_links":{"self":[{"href":"https:\/\/meriller-vapeur.fr\/wp3\/index.php?rest_route=\/wp\/v2\/pages\/4796","targetHints":{"allow":["GET"]}}],"collection":[{"href":"https:\/\/meriller-vapeur.fr\/wp3\/index.php?rest_route=\/wp\/v2\/pages"}],"about":[{"href":"https:\/\/meriller-vapeur.fr\/wp3\/index.php?rest_route=\/wp\/v2\/types\/page"}],"author":[{"embeddable":true,"href":"https:\/\/meriller-vapeur.fr\/wp3\/index.php?rest_route=\/wp\/v2\/users\/1"}],"replies":[{"embeddable":true,"href":"https:\/\/meriller-vapeur.fr\/wp3\/index.php?rest_route=%2Fwp%2Fv2%2Fcomments&post=4796"}],"version-history":[{"count":0,"href":"https:\/\/meriller-vapeur.fr\/wp3\/index.php?rest_route=\/wp\/v2\/pages\/4796\/revisions"}],"up":[{"embeddable":true,"href":"https:\/\/meriller-vapeur.fr\/wp3\/index.php?rest_route=\/wp\/v2\/pages\/263"}],"wp:attachment":[{"href":"https:\/\/meriller-vapeur.fr\/wp3\/index.php?rest_route=%2Fwp%2Fv2%2Fmedia&parent=4796"}],"curies":[{"name":"wp","href":"https:\/\/api.w.org\/{rel}","templated":true}]}}