{"id":460,"date":"2013-07-03T09:38:22","date_gmt":"2013-07-03T07:38:22","guid":{"rendered":"http:\/\/meriller-vapeur.fr\/wp3\/?page_id=460"},"modified":"2020-10-02T19:10:12","modified_gmt":"2020-10-02T17:10:12","slug":"460-2","status":"publish","type":"page","link":"https:\/\/meriller-vapeur.fr\/wp3\/?page_id=460","title":{"rendered":"Liens"},"content":{"rendered":"<h2><span style=\"text-decoration: underline;\">Nous vous proposons quelques liens FERROVIAIRES<br \/>\nqui nous semblent int\u00e9ressants\u00a0:<\/span><\/h2>\n<p>(si vous le souhaitez, nous pouvons mettre un lien avec votre site sur cette page, <a title=\"Contacts.\" href=\"http:\/\/meriller-vapeur.fr\/wp3\/?page_id=73\">contactez nous<\/a>).<\/p>\n<hr \/>\n<p><strong>&#8211; <a href=\"http:\/\/www.trainguitres.fr\" target=\"_blank\" rel=\"noopener noreferrer\">Le train touristique de Gu\u00eetres-Marcenais<\/a><\/strong> : nous les avons rencontr\u00e9s lors de l\u2019Exposition mod\u00e9lisme Floirac, les 28 et 29 septembre 2019.<br \/>\n<strong>L\u2019association<\/strong> <strong>AACFVI<\/strong> (Association des Amis du Chemin de Fer de la Vall\u00e9e de l\u2019Isle) exploite le fameux <strong>TRAIN TOURISTIQUE de GU\u00ceTRES MARCENAIS,\u00a0<\/strong>situ\u00e9 entre la Saintonge au nord, l\u2019Entre-deux-Mers au sud et l\u2019Angoumois \u00e0 l\u2019est, ainsi que\u00a0<strong>VELORAIL du PAYS GABAY.<br \/>\n<\/strong>Nous leur avons consacr\u00e9 plusieurs pages, par exemple :<i><br \/>\n<\/i><a href=\"https:\/\/meriller-vapeur.fr\/wp3\/?page_id=6312\">&gt;&gt;&gt;&gt;&gt;&gt;&gt;&gt;&gt;&gt;&gt;&gt;&gt;&gt;&gt;&gt; ICI<\/a><br \/>\net<br \/>\n<a href=\"https:\/\/meriller-vapeur.fr\/wp3\/?page_id=10152\">&gt;&gt;&gt;&gt;&gt;&gt;&gt;&gt;&gt;&gt;&gt;&gt;&gt;&gt;&gt;&gt; ICI<\/a><\/p>\n<hr \/>\n<p><strong>&#8211; Le\u00a0<a href=\"http:\/\/www.tvnp.fr\/pff\/\" target=\"_blank\" rel=\"noopener noreferrer\">Patrimoine Ferroviaire Fran\u00e7ais\u00a0:<\/a>\u00a0<\/strong>r\u00e9alis\u00e9 par <strong>ALAIN CASSAGNAU<\/strong>, depuis janvier 2013 le site PFF prend progressivement la rel\u00e8ve de\u00a0<a href=\"http:\/\/www.tvnp.fr\/\" target=\"_blank\" rel=\"noopener noreferrer\">www.TVNP.fr<\/a>\u00a0, cr\u00e9\u00e9 en 2005, dont l\u2019objectif fut dans un premier temps de recenser les locomotives \u00e0 vapeur \u00e0 \u00e9cartement normal, puis ensuite de prendre en compte le mat\u00e9riel tract\u00e9 contemporain. A visiter sans rel\u00e2che&#8230;<\/p>\n<hr \/>\n<p><strong>&#8211; <a title=\"P\u00e9rigord Rail Plus\" href=\"http:\/\/www.perigordrailplus.fr\" target=\"_blank\" rel=\"noopener noreferrer\">P\u00e9rigord Rail Plus (PRP)<\/a>\u00a0l\u2019association de d\u00e9fense et de promotion du chemin de fer en Dordogne,\u00a0a pour but de :<\/strong><\/p>\n<ul>\n<li>d\u00e9fendre et promouvoir le transport ferroviaire en Dordogne.<\/li>\n<li>am\u00e9liorer les conditions de transport en milieu rural.<\/li>\n<li>rechercher la compl\u00e9mentarit\u00e9 et la modernisation des moyens de transport.<\/li>\n<li>repr\u00e9senter les usagers du rail aupr\u00e8s de divers organismes d\u00e9partementaux et r\u00e9gionaux.<\/li>\n<\/ul>\n<hr \/>\n<p><strong>&#8211; <a title=\"Le C.F.T.L.P., Chemin de Fer Touristique Limousin - P\u00e9rigord\" href=\"http:\/\/www.trainvapeur.com\" target=\"_blank\" rel=\"noopener noreferrer\"><b>Le C.F.T.L.P<\/b>., Chemin de Fer Touristique Limousin &#8211; P\u00e9rigord<\/a><br \/>\n<\/strong>est une association de type loi 1901 \u00e0 but non lucratif. Elle est enti\u00e8rement constitu\u00e9e de membres b\u00e9n\u00e9voles participant aux activit\u00e9s de l&rsquo;association sur leur temps de loisirs.\u00a0<strong><br \/>\n<\/strong><\/p>\n<hr \/>\n<p style=\"text-align: left;\"><strong>&#8211;\u00a0<a href=\"http:\/\/pacificvapeurclub.free.fr\/presentation.htm\" target=\"_blank\" rel=\"noopener noreferrer\">LE PACIFIC VAPEUR CLUB\u00a0<\/a><\/strong>En janvier 1983 le Pacific Vapeur Club est cr\u00e9\u00e9, avec pour objectif de remettre la \u00ab\u00a0PACIFIC\u00a0\u00bb en \u00e9tat de marche. Le 8 juin 1983 elle est class\u00e9e en tant que Mobilier parmi les Monuments Historiques avec son tender 22 C 367.<\/p>\n<p><strong>&#8211; Espace Train, cliquer sur l\u2019image ci-dessous :<\/strong><\/p>\n<blockquote><p>\u2022 Portail francophone contributaire d&rsquo;information ferroviaire.\u00a0<a href=\"http:\/\/www.espacetrain.com\/\" target=\"_blank\" rel=\"noopener noreferrer\"><img loading=\"lazy\" decoding=\"async\" class=\"alignleft\" style=\"border: 0px;\" src=\"http:\/\/www.meriller-vapeur.fr\/imagesindex\/logos\/espacetrain.gif\" alt=\"EspaceTrain.Com\" width=\"152\" height=\"79\" border=\"0\" \/><\/a><br \/>\nMod\u00e9lisme et train r\u00e9el cohabitent harmonieusement avec des news journali\u00e8res, beaucoup de vid\u00e9os et photos ferroviaires, des visites d&rsquo;expos, l&rsquo;annuaire\/r\u00e9pertoire de sites ferrovaires tr\u00e8s cibl\u00e9 et complet, le parc moteur SNCF.<br \/>\nVous y trouverez \u00e9galement de tr\u00e8s nombreuses contributions des lecteurs, une liste de discussion et une newsletter, etc&#8230;<\/p><\/blockquote>\n<hr \/>\n<p><strong>&#8211; AJECTA\u00a0:<\/strong><a href=\"http:\/\/www.ajecta.org\/\" target=\"_blank\" rel=\"noopener noreferrer\">\u00a0Le Mus\u00e9e vivant du train \u00e0 vapeur!<\/a><\/p>\n<hr \/>\n<p>&#8211;\u00a0<strong>Le site des petits trains \u00e9lectriques<\/strong>\u00a0:<a href=\"http:\/\/blog.ptitrain.com\/\" target=\"_blank\" rel=\"noopener noreferrer\">\u00a0http:\/\/blog.ptitrain.com\/<\/a><\/p>\n<blockquote><p>\u2022 Le m\u00eame, en affichage \u00ab\u00a0moderne\u00a0\u00bb\u00a0:\u00a0<a href=\"http:\/\/blog.ptitrain.com\/view\/mosaic\" target=\"_blank\" rel=\"noopener noreferrer\">http:\/\/blog.ptitrain.com\/view\/mosaic<\/a><\/p><\/blockquote>\n<hr \/>\n<p><strong>&#8211; Un Ma\u00eetre du r\u00e9alisme, <a href=\"http:\/\/www.ferbach.be\" target=\"_blank\" rel=\"noopener noreferrer\">Jacques Le Plat, initiateur du \u00ab 10\u00e8me art \u00bb<\/a> :<\/strong><\/p>\n<hr \/>\n<p>&#8211;\u00a0<strong>Lien vers le site de Jean-Christophe SIMONET, de Bourgnac<\/strong>\u00a0:\u00a0<strong><a href=\"https:\/\/www.facebook.com\/EXPO-Miniaturail-1492378654419303\/\" target=\"_blank\" rel=\"noopener noreferrer\">miniaturail<\/a><\/strong><\/p>\n<hr \/>\n<p>&#8211;\u00a0<strong>Jack TREVE, bien connu des mod\u00e9listes et amateurs de trains, propose<\/strong><\/p>\n<blockquote><p>\u2022 Un site exceptionnel\u00a0:\u00a0<a href=\"http:\/\/railtv.org\/\" target=\"_blank\" rel=\"noopener noreferrer\">RAILTV<\/a>\u00a0o\u00f9 des centaines de videos ferroviaires vous attendent!<\/p><\/blockquote>\n<hr \/>\n<p>&#8211; <strong>Le site d&rsquo;un COLLECTIONNEUR des <a title=\"Un COLLECTIONNEUR des trains \u00e9lectriques JOUEF \u00e0 l'\u00e9chelle HO.\" href=\"http:\/\/lestrainsjouef.free.fr\/fr\/index.html\" target=\"_blank\" rel=\"noopener noreferrer\">trains \u00e9lectriques JOUEF \u00e0 l&rsquo;\u00e9chelle HO<\/a>.<br \/>\n<\/strong><\/p>\n<p>&#8211;<strong>\u00a0Sylvain R. nous signale\u00a0:<\/strong><\/p>\n<blockquote><p>\u00ab\u00a0J&rsquo;aimerais faire d\u00e9couvrir aux internautes qui suivent notre site (et ils sont nombreux!)\u00a0le travail fabuleux d&rsquo;un cheminot allemand, qui passe ses vacances en France \u00e0 arpenter en p\u00e8lerinage p\u00e9destre les voies \u00e0 pr\u00e9sent ferm\u00e9es (mais d&rsquo;apr\u00e8s ce que j&rsquo;ai compris, seulement celles encore ferr\u00e9es).<br \/>\nJe l&rsquo;ai d\u00e9couvert \u00e0 l&rsquo;occasion des recherches que j&rsquo;ai men\u00e9 \u00e0 propos de la gare de Condat St Amandin.<br \/>\nIl a fait un travail photographique monstre, quasiment une photo par 100m de voie&#8230;. ce qui nous donne, \u00e0 nous, ferrovipathe, la sensation de vivre quelques instants dans la peau des m\u00e9caniciens des lignes&#8230;\u00a0\u00bb<\/p><\/blockquote>\n<h2 align=\"center\">\u00a0C&rsquo;est ICI\u00a0:\u00a0<a title=\"Site du &quot;Railwalker&quot; (arpenteur de voies ferr\u00e9es...)\" href=\"http:\/\/www.railwalker.de\/indexneu.htm\" target=\"_blank\" rel=\"noopener noreferrer\">http:\/\/www.railwalker.de\/indexneu.htm<\/a><\/h2>\n<hr \/>\n<h2 style=\"text-align: left;\" align=\"center\">&#8211;\u00a0<strong>NOUVEAU (15\/09\/2014). \u00a0Alain C. nous signale\u00a0:<\/strong><\/h2>\n<ul>\n<li><i><b>Le site du <a title=\"Le site du Chemin de Fer Touristique du Haut Quercy\" href=\"http:\/\/www.trainduhautquercy.info\/start\/cfthqf.html\">Chemin de Fer Touristique du Haut Quercy\u00a0;<\/a><\/b><\/i><br \/>\n<blockquote><p>\u00ab\u00a0Le CFTHQ est une association \u00e0 but non lucratif du type Loi 1901. Elle a 5 salari\u00e9s permanents et environ 200 membres. Cr\u00e9e en 1991, ses objectifs sont la sauvegarde et l&rsquo;exploitation touristique de la ligne de Martel \u00e0 St-Denis-L\u00e8s-Martel, et la remise en \u00e9tat de mat\u00e9riel ferroviaire.\u00a0\u00bb<\/p><\/blockquote>\n<\/li>\n<\/ul>\n<p>&nbsp;<\/p>\n<h2 align=\"center\">________________________________________<\/h2>\n<h2 align=\"center\">&gt;&gt;&gt;<a title=\"Contacts, nous \u00e9crire...\" href=\"http:\/\/meriller-vapeur.fr\/wp3\/?page_id=73\">Si vous le souhaitez<\/a>, nous mettrons VOTRE LIEN ICI!!!<\/h2>\n<hr \/>\n<p>&nbsp;<\/p>\n<p><strong><span style=\"text-decoration: underline;\">AUTRES SITES\u00a0:<\/span><\/strong><\/p>\n<p>&#8211;<strong>\u00a0Blog de Jean-Claude Bonna<\/strong>l \u00ab\u00a0<a href=\"http:\/\/mondomicile.centerblog.net\/\" target=\"_blank\" rel=\"noopener noreferrer\">L&rsquo;\u00e9crivain<\/a>\u00a0\u00bb\u00a0: \u00ab\u00a0je vis et j&rsquo;\u00e9cris \u00e0 P\u00e9rigueux! Je vais essayer de vous faire aimer ma ville\u00a0\u00bb.<\/p>\n<blockquote><p>\u2022 Des documents nombreux et int\u00e9ressants sur P\u00e9rigueux, son histoire et ses activit\u00e9s.<\/p><\/blockquote>\n<p>&#8211;\u00a0<strong>Lien vers le site du photographe Bernard BLANC\u00a0:<\/strong>\u00a0<a href=\"http:\/\/www.bernardblanc3.fr\/\" target=\"_blank\" rel=\"noopener noreferrer\">http:\/\/www.bernardblanc3.fr\/<\/a><\/p>\n<hr \/>\n<p>Egalement \u00a0le site du \u00ab\u00a0webmaster\u00a0\u00bb\u00a0<a href=\"http:\/\/www.quidet.fr\/\" target=\"_blank\" rel=\"noopener noreferrer\">jmquidet<\/a><\/p>\n<h2><\/h2>\n<pre>Page mise \u00e0 jour le 04-10-2019.<\/pre>\n<div class=\"pvc_clear\"><\/div>\n<p id=\"pvc_stats_460\" class=\"pvc_stats all  \" data-element-id=\"460\" style=\"\"><i class=\"pvc-stats-icon medium\" aria-hidden=\"true\"><svg aria-hidden=\"true\" focusable=\"false\" data-prefix=\"far\" data-icon=\"chart-bar\" role=\"img\" xmlns=\"http:\/\/www.w3.org\/2000\/svg\" viewBox=\"0 0 512 512\" class=\"svg-inline--fa fa-chart-bar fa-w-16 fa-2x\"><path fill=\"currentColor\" d=\"M396.8 352h22.4c6.4 0 12.8-6.4 12.8-12.8V108.8c0-6.4-6.4-12.8-12.8-12.8h-22.4c-6.4 0-12.8 6.4-12.8 12.8v230.4c0 6.4 6.4 12.8 12.8 12.8zm-192 0h22.4c6.4 0 12.8-6.4 12.8-12.8V140.8c0-6.4-6.4-12.8-12.8-12.8h-22.4c-6.4 0-12.8 6.4-12.8 12.8v198.4c0 6.4 6.4 12.8 12.8 12.8zm96 0h22.4c6.4 0 12.8-6.4 12.8-12.8V204.8c0-6.4-6.4-12.8-12.8-12.8h-22.4c-6.4 0-12.8 6.4-12.8 12.8v134.4c0 6.4 6.4 12.8 12.8 12.8zM496 400H48V80c0-8.84-7.16-16-16-16H16C7.16 64 0 71.16 0 80v336c0 17.67 14.33 32 32 32h464c8.84 0 16-7.16 16-16v-16c0-8.84-7.16-16-16-16zm-387.2-48h22.4c6.4 0 12.8-6.4 12.8-12.8v-70.4c0-6.4-6.4-12.8-12.8-12.8h-22.4c-6.4 0-12.8 6.4-12.8 12.8v70.4c0 6.4 6.4 12.8 12.8 12.8z\" class=\"\"><\/path><\/svg><\/i> <img loading=\"lazy\" decoding=\"async\" width=\"16\" height=\"16\" alt=\"Loading\" src=\"https:\/\/meriller-vapeur.fr\/wp3\/wp-content\/plugins\/page-views-count\/ajax-loader-2x.gif\" border=0 \/><\/p>\n<div class=\"pvc_clear\"><\/div>\n","protected":false},"excerpt":{"rendered":"<p>Nous vous proposons quelques liens FERROVIAIRES qui nous semblent int\u00e9ressants\u00a0: (si vous le souhaitez, nous pouvons mettre un lien avec votre site sur cette page, contactez nous). &#8211; Le train touristique de Gu\u00eetres-Marcenais : nous les avons rencontr\u00e9s lors de l\u2019Exposition mod\u00e9lisme Floirac, les 28 et 29 septembre 2019. L\u2019association AACFVI (Association des Amis du\u2026 <span class=\"read-more\"><a href=\"https:\/\/meriller-vapeur.fr\/wp3\/?page_id=460\">Read More &raquo;<\/a><\/span><\/p>\n<div class=\"pvc_clear\"><\/div>\n<p id=\"pvc_stats_460\" class=\"pvc_stats all  \" data-element-id=\"460\" style=\"\"><i class=\"pvc-stats-icon medium\" aria-hidden=\"true\"><svg aria-hidden=\"true\" focusable=\"false\" data-prefix=\"far\" data-icon=\"chart-bar\" role=\"img\" xmlns=\"http:\/\/www.w3.org\/2000\/svg\" viewBox=\"0 0 512 512\" class=\"svg-inline--fa fa-chart-bar fa-w-16 fa-2x\"><path fill=\"currentColor\" d=\"M396.8 352h22.4c6.4 0 12.8-6.4 12.8-12.8V108.8c0-6.4-6.4-12.8-12.8-12.8h-22.4c-6.4 0-12.8 6.4-12.8 12.8v230.4c0 6.4 6.4 12.8 12.8 12.8zm-192 0h22.4c6.4 0 12.8-6.4 12.8-12.8V140.8c0-6.4-6.4-12.8-12.8-12.8h-22.4c-6.4 0-12.8 6.4-12.8 12.8v198.4c0 6.4 6.4 12.8 12.8 12.8zm96 0h22.4c6.4 0 12.8-6.4 12.8-12.8V204.8c0-6.4-6.4-12.8-12.8-12.8h-22.4c-6.4 0-12.8 6.4-12.8 12.8v134.4c0 6.4 6.4 12.8 12.8 12.8zM496 400H48V80c0-8.84-7.16-16-16-16H16C7.16 64 0 71.16 0 80v336c0 17.67 14.33 32 32 32h464c8.84 0 16-7.16 16-16v-16c0-8.84-7.16-16-16-16zm-387.2-48h22.4c6.4 0 12.8-6.4 12.8-12.8v-70.4c0-6.4-6.4-12.8-12.8-12.8h-22.4c-6.4 0-12.8 6.4-12.8 12.8v70.4c0 6.4 6.4 12.8 12.8 12.8z\" class=\"\"><\/path><\/svg><\/i> <img loading=\"lazy\" decoding=\"async\" width=\"16\" height=\"16\" alt=\"Loading\" src=\"https:\/\/meriller-vapeur.fr\/wp3\/wp-content\/plugins\/page-views-count\/ajax-loader-2x.gif\" border=0 \/><\/p>\n<div class=\"pvc_clear\"><\/div>\n","protected":false},"author":1,"featured_media":0,"parent":464,"menu_order":0,"comment_status":"open","ping_status":"open","template":"","meta":{"footnotes":""},"class_list":["post-460","page","type-page","status-publish","hentry"],"_links":{"self":[{"href":"https:\/\/meriller-vapeur.fr\/wp3\/index.php?rest_route=\/wp\/v2\/pages\/460","targetHints":{"allow":["GET"]}}],"collection":[{"href":"https:\/\/meriller-vapeur.fr\/wp3\/index.php?rest_route=\/wp\/v2\/pages"}],"about":[{"href":"https:\/\/meriller-vapeur.fr\/wp3\/index.php?rest_route=\/wp\/v2\/types\/page"}],"author":[{"embeddable":true,"href":"https:\/\/meriller-vapeur.fr\/wp3\/index.php?rest_route=\/wp\/v2\/users\/1"}],"replies":[{"embeddable":true,"href":"https:\/\/meriller-vapeur.fr\/wp3\/index.php?rest_route=%2Fwp%2Fv2%2Fcomments&post=460"}],"version-history":[{"count":0,"href":"https:\/\/meriller-vapeur.fr\/wp3\/index.php?rest_route=\/wp\/v2\/pages\/460\/revisions"}],"up":[{"embeddable":true,"href":"https:\/\/meriller-vapeur.fr\/wp3\/index.php?rest_route=\/wp\/v2\/pages\/464"}],"wp:attachment":[{"href":"https:\/\/meriller-vapeur.fr\/wp3\/index.php?rest_route=%2Fwp%2Fv2%2Fmedia&parent=460"}],"curies":[{"name":"wp","href":"https:\/\/api.w.org\/{rel}","templated":true}]}}