{"id":42,"date":"2013-06-21T16:57:21","date_gmt":"2013-06-21T14:57:21","guid":{"rendered":"http:\/\/meriller-vapeur.fr\/wp3\/?page_id=42"},"modified":"2019-10-07T15:38:41","modified_gmt":"2019-10-07T13:38:41","slug":"historique","status":"publish","type":"page","link":"https:\/\/meriller-vapeur.fr\/wp3\/?page_id=42","title":{"rendered":"Historique"},"content":{"rendered":"<div id=\"attachment_1240\" style=\"width: 1086px\" class=\"wp-caption alignleft\"><a href=\"https:\/\/meriller-vapeur.fr\/wp3\/wp-content\/uploads\/2013\/06\/tendercomplet.jpg\"><img loading=\"lazy\" decoding=\"async\" aria-describedby=\"caption-attachment-1240\" class=\"wp-image-1240 size-full\" src=\"https:\/\/meriller-vapeur.fr\/wp3\/wp-content\/uploads\/2013\/06\/tendercomplet.jpg\" alt=\"Loco et tender, pr\u00e9sentation d\u00e9finitive d\u00e9cembre 2013.\" width=\"1076\" height=\"355\" srcset=\"https:\/\/meriller-vapeur.fr\/wp3\/wp-content\/uploads\/2013\/06\/tendercomplet.jpg 1076w, https:\/\/meriller-vapeur.fr\/wp3\/wp-content\/uploads\/2013\/06\/tendercomplet-300x98.jpg 300w, https:\/\/meriller-vapeur.fr\/wp3\/wp-content\/uploads\/2013\/06\/tendercomplet-1024x337.jpg 1024w\" sizes=\"auto, (max-width: 1076px) 100vw, 1076px\" \/><\/a><p id=\"caption-attachment-1240\" class=\"wp-caption-text\">Loco et tender, pr\u00e9sentation d\u00e9finitive d\u00e9cembre 2013.<\/p><\/div>\n<h1>Historique de l\u2019Association.<\/h1>\n<p><strong>GIRATOIRE DE MERILLER :\u00a0<\/strong><br \/>\nRetour en quelques dates marquantes sur l&rsquo;installation de la locomotive \u00e0 vapeur PO 6065 ou SNCF 150 A 65 et la cr\u00e9ation de l&rsquo;association Meriller Vapeur.<\/p>\n<p><strong>2003\u00a0<\/strong><br \/>\nPropri\u00e9t\u00e9 de la SNCF, elle a \u00e9t\u00e9 pr\u00eat\u00e9e pour une dur\u00e9e de 30 ans par le MUSEE DU CHEMIN DE FER DE MULHOUSE (aujourd&rsquo;hui CITE DU TRAIN) . Elle a \u00e9t\u00e9 install\u00e9e sur le rond point de Meriller le 31 mars 2003, apr\u00e8s avoir travers\u00e9 la France en convoi exceptionnel.<br \/>\nElle est arriv\u00e9 avec sa robe couleur rouille. C&rsquo;est l&rsquo;entreprise JOUBERT de SOURZAC qui, apr\u00e8s sablage, lui a redonn\u00e9 sa couleur d&rsquo;origine, \u00ab\u00a0gris princesse\u00a0\u00bb (couleur des locomotives du PO Paris Orl\u00e9ans).<br \/>\nAu milieu du giratoire, un aiguillage avec s\u00e9maphore Lartigue est install\u00e9 pour compl\u00e9ter les installations.<br \/>\nLe 6 novembre 2003, une r\u00e9union constitutive est organis\u00e9e avec le soutien de la municipalit\u00e9, conduite par le d\u00e9put\u00e9 maire Michel Dasseux, pour cr\u00e9er l&rsquo;association qui sera charg\u00e9e non seulement d&rsquo;assurer des finitions de peintures, d&rsquo;entretien, d&#8217;embellissement et d&rsquo;enrichissement des installations mais aussi mener des actions visant \u00e0 perp\u00e9tuer la tradition cheminote de la commune.<br \/>\nL&rsquo;Association Meriller Vapeur regroupe ainsi des passionn\u00e9s de la vapeur.<\/p>\n<p><strong>2004<\/strong><br \/>\nL&rsquo;association acquiert cette ann\u00e9e l\u00e0 un bogie du type \u00a0\u00bb Pensylvania\u00a0\u00bb qui sera install\u00e9 sur l&rsquo;aiguillage<br \/>\nau centre du giratoire, ainsi que 2 barri\u00e8res et panneaux routier aupr\u00e8s des chemin de fer<br \/>\nTouristiques de Charente Maritime \u00e0 Saujon.<\/p>\n<p><strong>2005<\/strong><br \/>\nL&rsquo;association cr\u00e9e la section MODELISME FERROVIARE en d\u00e9but d&rsquo;ann\u00e9e; Au printemps, la municipalit\u00e9 met \u00e0 sa disposition un local au-dessus de la mairie annexe au Bourg.<br \/>\nPlusieurs petits travaux sont r\u00e9alis\u00e9s sur la locomotive: main courante avec fabrication des supports, vitres lat\u00e9rales en plexiglas, ceintures de chaudi\u00e8re peintes en noir.<\/p>\n<p><strong>2006<\/strong><br \/>\nEn octobre de nouveaux locaux plus adapt\u00e9s sont mis \u00e0 disposition de l&rsquo;association aux anciens ateliers municipaux, rue du Colonel Rossel. MERILLER VAPEUR transforme l&rsquo;atelier en un local plus convivial, ce qui permettra de construire un r\u00e9seau fixe, un bureau : documentation ferroviaire, petit mus\u00e9e.<br \/>\nEn ao\u00fbt, l&rsquo;association r\u00e9cup\u00e8re 3 poteaux t\u00e9l\u00e9phoniques, avec isolateurs aupr\u00e8s de la SNCF.<br \/>\nUn fanal fonctionnel est construit par un membre du club et install\u00e9 au-dessus de la bo\u00eete \u00e0 fum\u00e9e<br \/>\nde la locomotive.<\/p>\n<p><strong>2007<\/strong><br \/>\nLe mois de septembre est anim\u00e9 ! EDF P\u00e9rigord pose les 3 poteaux t\u00e9l\u00e9graphiques derri\u00e8re la locomotive pour reproduire les lignes t\u00e9l\u00e9phoniques le long des voie ferr\u00e9e, comme \u00e0 l&rsquo;\u00e9poque de la vapeur. Parall\u00e8lement, l&rsquo;association inaugure ses nouveaux locaux et f\u00eate les 150 ans de l&rsquo;arriv\u00e9e du chemin de fer \u00e0 PERIGUEUX.<\/p>\n<p><strong>2008<\/strong><br \/>\nLe 28 janvier 2008 L&rsquo;Association MERILLER VAPEUR devient MERILLER VAPEUR 24<\/p>\n<p>Le statut est actualis\u00e9 (ajout du \u00ab24\u00bb), le Conseil G\u00e9n\u00e9ral de La Dordogne alloue une subvention annuelle. Un r\u00e8glement int\u00e9rieur est cr\u00e9e.<\/p>\n<p><strong>Monsieur Jean PORCHER fait don de la CLOCHE ANNONCE \u00e0 MERILLER VAPEUR.<\/strong><br \/>\nElle est install\u00e9e sur le giratoire le 1er mars.<br \/>\nLe panneau solaire qui fournit l&rsquo;\u00e9nergie \u00e9lectrique a \u00e9t\u00e9 financ\u00e9 dans le cadre d&rsquo;un partenariat avec l&rsquo;agence de Coulounieix-Chamiers du Cr\u00e9dit Agricole (Av Churchill). En contrepartie, l&rsquo;association a assur\u00e9 une animation avec maquettes ferroviaires pour le 1er anniversaire de cette Agence.<\/p>\n<p><strong>Travaux sur la locomotive :\u00a0<\/strong>remise en \u00e9tat ext\u00e9rieure de la chaudi\u00e8re par des t\u00f4les pr\u00e9form\u00e9es par le TECHNICENTRE SNCF, pos\u00e9es et ajust\u00e9es par les membres de l&rsquo;Association \/ Pose des hublots<br \/>\nsur la cabine de la loco r\u00e9alis\u00e9s par les membres de l&rsquo;Association \/ Pose d&rsquo;une bielle (en bois) r\u00e9alis\u00e9e par les membres de l&rsquo;association \/ Pose de la tuyauterie , robinets de d\u00f4mes volants etc.<\/p>\n<p>La locomotive est enti\u00e8rement repeinte en gris l\u00e9g\u00e8rement plus bleut\u00e9, plus clair que celui d&rsquo;origine pour une meilleur visualisation.<\/p>\n<p>Acquisition : l&rsquo;association a achet\u00e9 \u00e0 la SNCF un portillon de passage \u00e0 niveau (en r\u00e9fection) et le r\u00e9chauffeur du ch\u00e2teau d&rsquo;eau de NIVERSAC.<\/p>\n<p><strong>2009<\/strong><br \/>\nPose de 10 m de rail derri\u00e8re la locomotive fournis par TECHNICENTRE \u00a0SNCF et transport\u00e9s par EUROVIA.en vue de l&rsquo;installation du tender.<br \/>\nEn avril la locomotive est tagg\u00e9e.<br \/>\nRemise en \u00e9tat b\u00e9n\u00e9volement du cache soupapes et des t\u00f4les de protection des cylindres par Jean-Louis LACOSTE.<\/p>\n<p>Le Service Technique de Coulounieix Chamiers ayant effectu\u00e9 le raccordement \u00e9lectrique de la cloche annonce, \u00a0celle ci est inaugur\u00e9e le 21 juin 2009 en pr\u00e9sence du Maire Jean Pierrre Roussarie , des adjoints et conseillers municipaux.<br \/>\nEn ao\u00fbt \u00a0les bielles manquantes sont remplac\u00e9es par des bielles r\u00e9alis\u00e9es par les membres de l&rsquo;association.<br \/>\nLa Mairie attribue une pi\u00e8ce suppl\u00e9mentaire de 6 m2 pour agrandissement du local actuel.<\/p>\n<p>La section mod\u00e9lisme a expos\u00e9 \u00a0\u00e0 Castillon la Bataille, grotte de Rouffignac, Bassillac, Razac sur l&rsquo;Isle.<\/p>\n<p><strong>2010<\/strong><br \/>\nA la demande de Meriller Vapeur 24 \u00a0l&rsquo;\u00e9tude de l&rsquo;am\u00e9nagement \u00a0du rond point et d\u00e9placement du parking est lanc\u00e9e par le Service \u00a0Technique.<br \/>\nCette ann\u00e9e sera marqu\u00e9e par l&rsquo;organisation des festivit\u00e9s pour les 150 ans de la mise en service de la \u00a0ligne de chemin de \u00a0\u00a0fer de P\u00e9rigueux \u00e0 Brive. Mise en circulation d&rsquo;un train vapeur les 18 et 19 \u00a0septembre 2010.<\/p>\n<p>Exposition de mat\u00e9riel , mod\u00e9lisme, philat\u00e9lie , danses visites guid\u00e9es des quartiers du Toulon et St Martin. Exposition sur une semaine salle du CE SNCF rue Pierre S\u00e9mard..<br \/>\nExposition mod\u00e9lisme : \u00a0Razac sur l&rsquo;Isle, Gare de P\u00e9rigueux.<\/p>\n<p><strong>Club du Soir\u00a0<\/strong>: \u00a06 enfants de .de l&rsquo;\u00e9cole Louis Pergaud ont \u00e9t\u00e9 initi\u00e9 au mod\u00e9lisme sur 8 semaine (9 mars au 13 avril). Les \u00a0cours \u00a0seront prolong\u00e9s de 8 semaines \u00e0 la demande des enfants.<\/p>\n<p><strong>2011<\/strong><br \/>\nAchat de la cuve du tender.<br \/>\nAvril , mai , juin gros travaux de remise \u00a0\u00e0 niveau du mat\u00e9riel expos\u00e9 \u00a0sur le rond point. Locomotive, barri\u00e8res, bogies, cloche annonce repeints.<br \/>\nPose du heurtoir, avec le concours de EUROVIA. Installation de l&rsquo;\u00e9clairage dans la cabine de la locomotive et du \u00ab\u00a0carr\u00e9 violet\u00a0\u00bb sur le heurtoir.<br \/>\nRestauration du r\u00e9chauffeur du ch\u00e2teau d&rsquo;eau de Niversac.<\/p>\n<p><strong>Club du soir 3 mars au 7 avril\u00a0<\/strong>: 5 enfants de Louis Pergaud \u00a03 enfants de Eug\u00e8ne Le Roy sont inscrits.<br \/>\nComme l&rsquo;an dernier, il y a prolongation jusqu&rsquo;au 23 juin pour 5 enfants.<\/p>\n<p align=\"left\"><strong>Mod\u00e9lisme expositions\u00a0<\/strong>: Castillon la Bataille, Bassillac, Razac sur l&rsquo;Isle.<\/p>\n<p align=\"left\">&#8211; 25 juin 2011\u00a0: journ\u00e9e tr\u00e8s conviviale autour d&rsquo;un barbecue au local qui a r\u00e9uni 30 adh\u00e9rents et conjoints.<\/p>\n<p align=\"left\">&#8211; Septembre 2011\u00a0: Lancement de la souscription pour le tender.<\/p>\n<p align=\"left\">&#8211; 4 sept 2011\u00a0: Expo au COPO avec pr\u00e9sentation de mat\u00e9riels (voir photos)<\/p>\n<p align=\"left\">&#8211; 17 sept 2011\u00a0: Meriller-Vapeur 24 pr\u00e9sente ses activit\u00e9s au Forum des Associations organis\u00e9 par la Commune de Coulounieix Chamiers<\/p>\n<p align=\"left\">&#8211; 18 sept 2011\u00a0: Expo \u00e0 N\u00e9grondes dans le cadre des 150 ans de la ligne de chemin de fer LIMOGES PERIGUEUX. (voir photos)<\/p>\n<p align=\"left\">&#8211; 19 et 20 novembre 2011: Salon de la M\u00e9moire de la R\u00e9sistance et de la D\u00e9portation.<\/p>\n<p align=\"left\">&#8211; 25 novembre au 7 janvier 2012\u00a0: Exposition M\u00e9diath\u00e8que de Tr\u00e9lissac<\/p>\n<p align=\"left\">&#8211; Autres activit\u00e9s 2011\u00a0: voir le\u00a0<a href=\"http:\/\/www.meriller-vapeur.fr\/activites\/recap\/recap2011.html\" target=\"_blank\" rel=\"noopener noreferrer\">R\u00c9CAPITULATIF ANNUEL<\/a>.<\/p>\n<p><strong>2012<\/strong><\/p>\n<p>&#8211; 21 janvier 2012\u00a0: Assembl\u00e9e G\u00e9n\u00e9rale 2012<\/p>\n<p>&#8211; 7 octobre 2012\u00a0: Animation du march\u00e9 de Coulounieix Il y a un an la souscription pour le tender \u00e9tait lanc\u00e9e officiellement.<\/p>\n<p>&#8211; Du 15 au 19 octobre 2012\u00a0: Exposition statique \u00e0 la Maison de Retraite La Cheneraie \u00e0 Bassillac.<br \/>\nR\u00e9seau pr\u00e9sent\u00e9\u00a0: \u00ab\u00a0LeTacot\u00a0\u00bb (avec le mardi 16 octobre, temps fort avec la participation des \u00e9l\u00e8ves de l&rsquo;\u00e9cole de Bassillac\u00a0: Le Tacot dans la Rampinsolle et histoire du Tacot comment\u00e9 par Michel Delmas).<\/p>\n<p>&#8211; 1er et 2 d\u00e9cembre 2012\u00a0: Participation au march\u00e9 de No\u00eal Ch\u00e2teau des Izards \u00e0 Coulounieix-Chamiers<\/p>\n<p>&#8211; 14 au 23 d\u00e9cembre 2012\u00a0: EXPOSITION chez JARDILAND \u00e0 TRELISSAC<br \/>\navec la pr\u00e9sentation de notre R\u00e9seau AGONAC ( r\u00e9seau digital).<\/p>\n<p><strong>2013<\/strong><\/p>\n<p><strong>&#8211; 19 janvier 2013\u00a0:\u00a0<\/strong><strong style=\"color: #000000;\">\u00a0: ASSEMBLEE GENERALE au local rue du Colonel Rossel.<\/strong><\/p>\n<p>Suite des manifestations 2013,\u00a0voir la page\u00a0<a title=\"EXPOSITIONS\u00a0: calendrier\" href=\"https:\/\/meriller-vapeur.fr\/wp3\/?page_id=182\">EXPOSITIONS : calendrier<\/a><\/p>\n<p><strong>2014<\/strong><\/p>\n<p><span style=\"color: #000000;\"><strong>&#8211; 25 janvier 2014\u00a0: ASSEMBLEE GENERALE au local rue du Colonel Rossel.<\/strong><\/span><\/p>\n<p>Suite des manifestations 2014, voir la page\u00a0<a title=\"EXPOSITIONS\u00a0: calendrier\" href=\"https:\/\/meriller-vapeur.fr\/wp3\/?page_id=182\">EXPOSITIONS : calendrier<\/a><\/p>\n<p><strong>\u00e0 suivre&#8230;<\/strong><\/p>\n<p>______________________<\/p>\n<p>&nbsp;<\/p>\n<div class=\"pvc_clear\"><\/div>\n<p id=\"pvc_stats_42\" class=\"pvc_stats all  \" data-element-id=\"42\" style=\"\"><i class=\"pvc-stats-icon medium\" aria-hidden=\"true\"><svg aria-hidden=\"true\" focusable=\"false\" data-prefix=\"far\" data-icon=\"chart-bar\" role=\"img\" xmlns=\"http:\/\/www.w3.org\/2000\/svg\" viewBox=\"0 0 512 512\" class=\"svg-inline--fa fa-chart-bar fa-w-16 fa-2x\"><path fill=\"currentColor\" d=\"M396.8 352h22.4c6.4 0 12.8-6.4 12.8-12.8V108.8c0-6.4-6.4-12.8-12.8-12.8h-22.4c-6.4 0-12.8 6.4-12.8 12.8v230.4c0 6.4 6.4 12.8 12.8 12.8zm-192 0h22.4c6.4 0 12.8-6.4 12.8-12.8V140.8c0-6.4-6.4-12.8-12.8-12.8h-22.4c-6.4 0-12.8 6.4-12.8 12.8v198.4c0 6.4 6.4 12.8 12.8 12.8zm96 0h22.4c6.4 0 12.8-6.4 12.8-12.8V204.8c0-6.4-6.4-12.8-12.8-12.8h-22.4c-6.4 0-12.8 6.4-12.8 12.8v134.4c0 6.4 6.4 12.8 12.8 12.8zM496 400H48V80c0-8.84-7.16-16-16-16H16C7.16 64 0 71.16 0 80v336c0 17.67 14.33 32 32 32h464c8.84 0 16-7.16 16-16v-16c0-8.84-7.16-16-16-16zm-387.2-48h22.4c6.4 0 12.8-6.4 12.8-12.8v-70.4c0-6.4-6.4-12.8-12.8-12.8h-22.4c-6.4 0-12.8 6.4-12.8 12.8v70.4c0 6.4 6.4 12.8 12.8 12.8z\" class=\"\"><\/path><\/svg><\/i> <img loading=\"lazy\" decoding=\"async\" width=\"16\" height=\"16\" alt=\"Loading\" src=\"https:\/\/meriller-vapeur.fr\/wp3\/wp-content\/plugins\/page-views-count\/ajax-loader-2x.gif\" border=0 \/><\/p>\n<div class=\"pvc_clear\"><\/div>\n","protected":false},"excerpt":{"rendered":"<p>Historique de l\u2019Association. GIRATOIRE DE MERILLER :\u00a0 Retour en quelques dates marquantes sur l&rsquo;installation de la locomotive \u00e0 vapeur PO 6065 ou SNCF 150 A 65 et la cr\u00e9ation de l&rsquo;association Meriller Vapeur. 2003\u00a0 Propri\u00e9t\u00e9 de la SNCF, elle a \u00e9t\u00e9 pr\u00eat\u00e9e pour une dur\u00e9e de 30 ans par le MUSEE DU CHEMIN DE FER\u2026 <span class=\"read-more\"><a href=\"https:\/\/meriller-vapeur.fr\/wp3\/?page_id=42\">Read More &raquo;<\/a><\/span><\/p>\n<div class=\"pvc_clear\"><\/div>\n<p id=\"pvc_stats_42\" class=\"pvc_stats all  \" data-element-id=\"42\" style=\"\"><i class=\"pvc-stats-icon medium\" aria-hidden=\"true\"><svg aria-hidden=\"true\" focusable=\"false\" data-prefix=\"far\" data-icon=\"chart-bar\" role=\"img\" xmlns=\"http:\/\/www.w3.org\/2000\/svg\" viewBox=\"0 0 512 512\" class=\"svg-inline--fa fa-chart-bar fa-w-16 fa-2x\"><path fill=\"currentColor\" d=\"M396.8 352h22.4c6.4 0 12.8-6.4 12.8-12.8V108.8c0-6.4-6.4-12.8-12.8-12.8h-22.4c-6.4 0-12.8 6.4-12.8 12.8v230.4c0 6.4 6.4 12.8 12.8 12.8zm-192 0h22.4c6.4 0 12.8-6.4 12.8-12.8V140.8c0-6.4-6.4-12.8-12.8-12.8h-22.4c-6.4 0-12.8 6.4-12.8 12.8v198.4c0 6.4 6.4 12.8 12.8 12.8zm96 0h22.4c6.4 0 12.8-6.4 12.8-12.8V204.8c0-6.4-6.4-12.8-12.8-12.8h-22.4c-6.4 0-12.8 6.4-12.8 12.8v134.4c0 6.4 6.4 12.8 12.8 12.8zM496 400H48V80c0-8.84-7.16-16-16-16H16C7.16 64 0 71.16 0 80v336c0 17.67 14.33 32 32 32h464c8.84 0 16-7.16 16-16v-16c0-8.84-7.16-16-16-16zm-387.2-48h22.4c6.4 0 12.8-6.4 12.8-12.8v-70.4c0-6.4-6.4-12.8-12.8-12.8h-22.4c-6.4 0-12.8 6.4-12.8 12.8v70.4c0 6.4 6.4 12.8 12.8 12.8z\" class=\"\"><\/path><\/svg><\/i> <img loading=\"lazy\" decoding=\"async\" width=\"16\" height=\"16\" alt=\"Loading\" src=\"https:\/\/meriller-vapeur.fr\/wp3\/wp-content\/plugins\/page-views-count\/ajax-loader-2x.gif\" border=0 \/><\/p>\n<div class=\"pvc_clear\"><\/div>\n","protected":false},"author":1,"featured_media":0,"parent":10,"menu_order":1,"comment_status":"open","ping_status":"open","template":"tmp-onecolumn.php","meta":{"footnotes":""},"class_list":["post-42","page","type-page","status-publish","hentry"],"a3_pvc":{"activated":true,"total_views":2036,"today_views":0},"_links":{"self":[{"href":"https:\/\/meriller-vapeur.fr\/wp3\/index.php?rest_route=\/wp\/v2\/pages\/42","targetHints":{"allow":["GET"]}}],"collection":[{"href":"https:\/\/meriller-vapeur.fr\/wp3\/index.php?rest_route=\/wp\/v2\/pages"}],"about":[{"href":"https:\/\/meriller-vapeur.fr\/wp3\/index.php?rest_route=\/wp\/v2\/types\/page"}],"author":[{"embeddable":true,"href":"https:\/\/meriller-vapeur.fr\/wp3\/index.php?rest_route=\/wp\/v2\/users\/1"}],"replies":[{"embeddable":true,"href":"https:\/\/meriller-vapeur.fr\/wp3\/index.php?rest_route=%2Fwp%2Fv2%2Fcomments&post=42"}],"version-history":[{"count":0,"href":"https:\/\/meriller-vapeur.fr\/wp3\/index.php?rest_route=\/wp\/v2\/pages\/42\/revisions"}],"up":[{"embeddable":true,"href":"https:\/\/meriller-vapeur.fr\/wp3\/index.php?rest_route=\/wp\/v2\/pages\/10"}],"wp:attachment":[{"href":"https:\/\/meriller-vapeur.fr\/wp3\/index.php?rest_route=%2Fwp%2Fv2%2Fmedia&parent=42"}],"curies":[{"name":"wp","href":"https:\/\/api.w.org\/{rel}","templated":true}]}}