{"id":403,"date":"2017-12-18T08:17:47","date_gmt":"2017-12-18T07:17:47","guid":{"rendered":"http:\/\/meriller-vapeur.fr\/wp3\/?page_id=403"},"modified":"2020-10-03T16:39:36","modified_gmt":"2020-10-03T14:39:36","slug":"403-2","status":"publish","type":"page","link":"https:\/\/meriller-vapeur.fr\/wp3\/?page_id=403","title":{"rendered":"PRESSE"},"content":{"rendered":"<p><strong>Articles du Journal Sud-Ouest et autres journaux\u00a0r\u00e9gionaux :<\/strong><\/p>\n<ul>\n<li><strong>Assembl\u00e9e g\u00e9n\u00e9rale 2020, <a href=\"https:\/\/meriller-vapeur.fr\/wp3\/?page_id=11349\">SUD OUEST de janvier 2020<\/a><\/strong><\/li>\n<li class=\"entry-title\"><strong>Restauration d\u2019une grue ferroviaire, <a href=\"https:\/\/meriller-vapeur.fr\/wp3\/?page_id=10214\">la Presse r\u00e9gionale, Octobre-D\u00e9cembre 2019 \u2026<\/a><\/strong><\/li>\n<li>\u2026\/&#8230;<\/li>\n<li><strong>6\u00e9me Salon R\u00e9gional M\u00c9MOIRE R\u00c9SISTANCE &amp; D\u00c9PORTATION<\/strong> <a href=\"https:\/\/meriller-vapeur.fr\/wp3\/wp-content\/uploads\/2017\/11\/roger-marouby-SALON-RESISTANCE-ET-DEPORTATION-Sud-Ouest-23-11-2017.pdf\">\u00a0SUD-OUEST du 23 Novembre 2017 <\/a><\/li>\n<li><strong>L&rsquo;Assembl\u00e9e g\u00e9n\u00e9rale 2016,<\/strong>\u00a0<a href=\"http:\/\/www.sudouest.fr\/2016\/02\/08\/petite-baisse-de-vapeur-a-meriller-2266884-1809.php\" target=\"_blank\" rel=\"noopener noreferrer\">SUD-OUEST du\u00a030 janvier 2016<\/a><\/li>\n<li><strong>L&rsquo;Assembl\u00e9e g\u00e9n\u00e9rale 2014<\/strong>, <a href=\"http:\/\/www.sudouest.fr\/2014\/02\/01\/ils-font-vivre-la-memoire-du-rail-1448176-1809.php\" target=\"_blank\" rel=\"noopener noreferrer\">SUD-OUEST du 1er f\u00e9vrier 2014<\/a><\/li>\n<li><strong style=\"color: #000000; font-style: normal;\">Un tender pour la locomotive de M\u00e9riller,<\/strong>\u00a0<a style=\"font-style: normal;\" href=\"http:\/\/www.sudouest.fr\/2013\/12\/02\/un-tender-pour-la-locomotive-de-meriller-1246054-1809.php\" target=\"_blank\" rel=\"noopener noreferrer\">SUD-OUEST du 2 d\u00e9cembre 2013<\/a><\/li>\n<li><strong style=\"color: #000000; font-style: normal;\">Finition du Tender, la Presse en parle,<\/strong>\u00a0<a style=\"font-style: normal;\" href=\"http:\/\/www.sudouest.fr\/2013\/08\/20\/ils-raccrochent-les-wagons-de-l-histoire-cheminote-1145523-1980.php\" target=\"_blank\" rel=\"noopener noreferrer\">SUD-OUEST du 20\u00a0ao\u00fbt 2013<\/a><\/li>\n<\/ul>\n<p>&nbsp;<\/p>\n<pre>Page mise \u00e0 jour le 03-10-2020<\/pre>\n<div class=\"pvc_clear\"><\/div>\n<p id=\"pvc_stats_403\" class=\"pvc_stats all  \" data-element-id=\"403\" style=\"\"><i class=\"pvc-stats-icon medium\" aria-hidden=\"true\"><svg aria-hidden=\"true\" focusable=\"false\" data-prefix=\"far\" data-icon=\"chart-bar\" role=\"img\" xmlns=\"http:\/\/www.w3.org\/2000\/svg\" viewBox=\"0 0 512 512\" class=\"svg-inline--fa fa-chart-bar fa-w-16 fa-2x\"><path fill=\"currentColor\" d=\"M396.8 352h22.4c6.4 0 12.8-6.4 12.8-12.8V108.8c0-6.4-6.4-12.8-12.8-12.8h-22.4c-6.4 0-12.8 6.4-12.8 12.8v230.4c0 6.4 6.4 12.8 12.8 12.8zm-192 0h22.4c6.4 0 12.8-6.4 12.8-12.8V140.8c0-6.4-6.4-12.8-12.8-12.8h-22.4c-6.4 0-12.8 6.4-12.8 12.8v198.4c0 6.4 6.4 12.8 12.8 12.8zm96 0h22.4c6.4 0 12.8-6.4 12.8-12.8V204.8c0-6.4-6.4-12.8-12.8-12.8h-22.4c-6.4 0-12.8 6.4-12.8 12.8v134.4c0 6.4 6.4 12.8 12.8 12.8zM496 400H48V80c0-8.84-7.16-16-16-16H16C7.16 64 0 71.16 0 80v336c0 17.67 14.33 32 32 32h464c8.84 0 16-7.16 16-16v-16c0-8.84-7.16-16-16-16zm-387.2-48h22.4c6.4 0 12.8-6.4 12.8-12.8v-70.4c0-6.4-6.4-12.8-12.8-12.8h-22.4c-6.4 0-12.8 6.4-12.8 12.8v70.4c0 6.4 6.4 12.8 12.8 12.8z\" class=\"\"><\/path><\/svg><\/i> <img loading=\"lazy\" decoding=\"async\" width=\"16\" height=\"16\" alt=\"Loading\" src=\"https:\/\/meriller-vapeur.fr\/wp3\/wp-content\/plugins\/page-views-count\/ajax-loader-2x.gif\" border=0 \/><\/p>\n<div class=\"pvc_clear\"><\/div>\n","protected":false},"excerpt":{"rendered":"<p>Articles du Journal Sud-Ouest et autres journaux\u00a0r\u00e9gionaux : Assembl\u00e9e g\u00e9n\u00e9rale 2020, SUD OUEST de janvier 2020 Restauration d\u2019une grue ferroviaire, la Presse r\u00e9gionale, Octobre-D\u00e9cembre 2019 \u2026 \u2026\/&#8230; 6\u00e9me Salon R\u00e9gional M\u00c9MOIRE R\u00c9SISTANCE &amp; D\u00c9PORTATION \u00a0SUD-OUEST du 23 Novembre 2017 L&rsquo;Assembl\u00e9e g\u00e9n\u00e9rale 2016,\u00a0SUD-OUEST du\u00a030 janvier 2016 L&rsquo;Assembl\u00e9e g\u00e9n\u00e9rale 2014, SUD-OUEST du 1er f\u00e9vrier 2014 Un tender\u2026 <span class=\"read-more\"><a href=\"https:\/\/meriller-vapeur.fr\/wp3\/?page_id=403\">Read More &raquo;<\/a><\/span><\/p>\n<div class=\"pvc_clear\"><\/div>\n<p id=\"pvc_stats_403\" class=\"pvc_stats all  \" data-element-id=\"403\" style=\"\"><i class=\"pvc-stats-icon medium\" aria-hidden=\"true\"><svg aria-hidden=\"true\" focusable=\"false\" data-prefix=\"far\" data-icon=\"chart-bar\" role=\"img\" xmlns=\"http:\/\/www.w3.org\/2000\/svg\" viewBox=\"0 0 512 512\" class=\"svg-inline--fa fa-chart-bar fa-w-16 fa-2x\"><path fill=\"currentColor\" d=\"M396.8 352h22.4c6.4 0 12.8-6.4 12.8-12.8V108.8c0-6.4-6.4-12.8-12.8-12.8h-22.4c-6.4 0-12.8 6.4-12.8 12.8v230.4c0 6.4 6.4 12.8 12.8 12.8zm-192 0h22.4c6.4 0 12.8-6.4 12.8-12.8V140.8c0-6.4-6.4-12.8-12.8-12.8h-22.4c-6.4 0-12.8 6.4-12.8 12.8v198.4c0 6.4 6.4 12.8 12.8 12.8zm96 0h22.4c6.4 0 12.8-6.4 12.8-12.8V204.8c0-6.4-6.4-12.8-12.8-12.8h-22.4c-6.4 0-12.8 6.4-12.8 12.8v134.4c0 6.4 6.4 12.8 12.8 12.8zM496 400H48V80c0-8.84-7.16-16-16-16H16C7.16 64 0 71.16 0 80v336c0 17.67 14.33 32 32 32h464c8.84 0 16-7.16 16-16v-16c0-8.84-7.16-16-16-16zm-387.2-48h22.4c6.4 0 12.8-6.4 12.8-12.8v-70.4c0-6.4-6.4-12.8-12.8-12.8h-22.4c-6.4 0-12.8 6.4-12.8 12.8v70.4c0 6.4 6.4 12.8 12.8 12.8z\" class=\"\"><\/path><\/svg><\/i> <img loading=\"lazy\" decoding=\"async\" width=\"16\" height=\"16\" alt=\"Loading\" src=\"https:\/\/meriller-vapeur.fr\/wp3\/wp-content\/plugins\/page-views-count\/ajax-loader-2x.gif\" border=0 \/><\/p>\n<div class=\"pvc_clear\"><\/div>\n","protected":false},"author":1,"featured_media":0,"parent":10,"menu_order":0,"comment_status":"open","ping_status":"open","template":"","meta":{"footnotes":""},"class_list":["post-403","page","type-page","status-publish","hentry"],"a3_pvc":{"activated":true,"total_views":910,"today_views":0},"_links":{"self":[{"href":"https:\/\/meriller-vapeur.fr\/wp3\/index.php?rest_route=\/wp\/v2\/pages\/403","targetHints":{"allow":["GET"]}}],"collection":[{"href":"https:\/\/meriller-vapeur.fr\/wp3\/index.php?rest_route=\/wp\/v2\/pages"}],"about":[{"href":"https:\/\/meriller-vapeur.fr\/wp3\/index.php?rest_route=\/wp\/v2\/types\/page"}],"author":[{"embeddable":true,"href":"https:\/\/meriller-vapeur.fr\/wp3\/index.php?rest_route=\/wp\/v2\/users\/1"}],"replies":[{"embeddable":true,"href":"https:\/\/meriller-vapeur.fr\/wp3\/index.php?rest_route=%2Fwp%2Fv2%2Fcomments&post=403"}],"version-history":[{"count":0,"href":"https:\/\/meriller-vapeur.fr\/wp3\/index.php?rest_route=\/wp\/v2\/pages\/403\/revisions"}],"up":[{"embeddable":true,"href":"https:\/\/meriller-vapeur.fr\/wp3\/index.php?rest_route=\/wp\/v2\/pages\/10"}],"wp:attachment":[{"href":"https:\/\/meriller-vapeur.fr\/wp3\/index.php?rest_route=%2Fwp%2Fv2%2Fmedia&parent=403"}],"curies":[{"name":"wp","href":"https:\/\/api.w.org\/{rel}","templated":true}]}}