{"id":3840,"date":"2015-04-17T16:38:59","date_gmt":"2015-04-17T14:38:59","guid":{"rendered":"http:\/\/meriller-vapeur.fr\/wp3\/?page_id=3840"},"modified":"2015-04-17T19:04:13","modified_gmt":"2015-04-17T17:04:13","slug":"voici-une-carte-postale-ancienne-du-tacot-du-perigord-en-gare-de-paysac","status":"publish","type":"page","link":"https:\/\/meriller-vapeur.fr\/wp3\/?page_id=3840","title":{"rendered":"Voici d\u2019anciennes cartes postales du \u201ctacot\u201d du P\u00e9rigord, en Gare de Payzac."},"content":{"rendered":"<div>Ce train (vers 1910) servait entre autres \u00e0 amener des wagons de paille de seigle destin\u00e9es \u00e0 la fabrication, et ensuite \u00e0 exp\u00e9dier des rames de papier de la papeterie de VAUX en Dordogne.<\/div>\n<div>(envoi de Jean-Claude R.).<\/div>\n<div>La Gare de Payzac se situe sur la ligne\u00a0P\u00c9RIGUEUX \u00e0\u00a0St-YRIEIX<\/div>\n<div><img loading=\"lazy\" decoding=\"async\" class=\"wp-image-3841 size-large\" src=\"http:\/\/meriller-vapeur.fr\/wp3\/wp-content\/uploads\/2015\/04\/P1070972-1024x669.jpg\" alt=\"P1070972\" width=\"688\" height=\"449\" srcset=\"https:\/\/meriller-vapeur.fr\/wp3\/wp-content\/uploads\/2015\/04\/P1070972-1024x669.jpg 1024w, https:\/\/meriller-vapeur.fr\/wp3\/wp-content\/uploads\/2015\/04\/P1070972-300x196.jpg 300w, https:\/\/meriller-vapeur.fr\/wp3\/wp-content\/uploads\/2015\/04\/P1070972.jpg 1250w\" sizes=\"auto, (max-width: 688px) 100vw, 688px\" \/><\/div>\n<div>\n<p>Une seconde vue de la m\u00eame gare, extraite de l\u2019ouvrage \u201cLes Tacots du P\u00e9rigord\u201d en ma possession\u00a0:<\/p>\n<p><a href=\"http:\/\/meriller-vapeur.fr\/wp3\/wp-content\/uploads\/2015\/04\/Gare-Payzac.jpg\" target=\"_blank\"><img loading=\"lazy\" decoding=\"async\" class=\"alignleft wp-image-3845 size-large\" src=\"http:\/\/meriller-vapeur.fr\/wp3\/wp-content\/uploads\/2015\/04\/Gare-Payzac-1024x678.jpg\" alt=\"Gare Payzac\" width=\"688\" height=\"456\" srcset=\"https:\/\/meriller-vapeur.fr\/wp3\/wp-content\/uploads\/2015\/04\/Gare-Payzac-1024x678.jpg 1024w, https:\/\/meriller-vapeur.fr\/wp3\/wp-content\/uploads\/2015\/04\/Gare-Payzac-300x199.jpg 300w, https:\/\/meriller-vapeur.fr\/wp3\/wp-content\/uploads\/2015\/04\/Gare-Payzac.jpg 1667w\" sizes=\"auto, (max-width: 688px) 100vw, 688px\" \/><\/a><\/p>\n<p>Cliquer pour agrandir.<\/p>\n<\/div>\n<div class=\"pvc_clear\"><\/div>\n<p id=\"pvc_stats_3840\" class=\"pvc_stats all  \" data-element-id=\"3840\" style=\"\"><i class=\"pvc-stats-icon medium\" aria-hidden=\"true\"><svg aria-hidden=\"true\" focusable=\"false\" data-prefix=\"far\" data-icon=\"chart-bar\" role=\"img\" xmlns=\"http:\/\/www.w3.org\/2000\/svg\" viewBox=\"0 0 512 512\" class=\"svg-inline--fa fa-chart-bar fa-w-16 fa-2x\"><path fill=\"currentColor\" d=\"M396.8 352h22.4c6.4 0 12.8-6.4 12.8-12.8V108.8c0-6.4-6.4-12.8-12.8-12.8h-22.4c-6.4 0-12.8 6.4-12.8 12.8v230.4c0 6.4 6.4 12.8 12.8 12.8zm-192 0h22.4c6.4 0 12.8-6.4 12.8-12.8V140.8c0-6.4-6.4-12.8-12.8-12.8h-22.4c-6.4 0-12.8 6.4-12.8 12.8v198.4c0 6.4 6.4 12.8 12.8 12.8zm96 0h22.4c6.4 0 12.8-6.4 12.8-12.8V204.8c0-6.4-6.4-12.8-12.8-12.8h-22.4c-6.4 0-12.8 6.4-12.8 12.8v134.4c0 6.4 6.4 12.8 12.8 12.8zM496 400H48V80c0-8.84-7.16-16-16-16H16C7.16 64 0 71.16 0 80v336c0 17.67 14.33 32 32 32h464c8.84 0 16-7.16 16-16v-16c0-8.84-7.16-16-16-16zm-387.2-48h22.4c6.4 0 12.8-6.4 12.8-12.8v-70.4c0-6.4-6.4-12.8-12.8-12.8h-22.4c-6.4 0-12.8 6.4-12.8 12.8v70.4c0 6.4 6.4 12.8 12.8 12.8z\" class=\"\"><\/path><\/svg><\/i> <img loading=\"lazy\" decoding=\"async\" width=\"16\" height=\"16\" alt=\"Loading\" src=\"https:\/\/meriller-vapeur.fr\/wp3\/wp-content\/plugins\/page-views-count\/ajax-loader-2x.gif\" border=0 \/><\/p>\n<div class=\"pvc_clear\"><\/div>\n","protected":false},"excerpt":{"rendered":"<p>Ce train (vers 1910) servait entre autres \u00e0 amener des wagons de paille de seigle destin\u00e9es \u00e0 la fabrication, et ensuite \u00e0 exp\u00e9dier des rames de papier de la papeterie de VAUX en Dordogne. (envoi de Jean-Claude R.). La Gare de Payzac se situe sur la ligne\u00a0P\u00c9RIGUEUX \u00e0\u00a0St-YRIEIX Une seconde vue de la m\u00eame gare,\u2026 <span class=\"read-more\"><a href=\"https:\/\/meriller-vapeur.fr\/wp3\/?page_id=3840\">Read More &raquo;<\/a><\/span><\/p>\n<div class=\"pvc_clear\"><\/div>\n<p id=\"pvc_stats_3840\" class=\"pvc_stats all  \" data-element-id=\"3840\" style=\"\"><i class=\"pvc-stats-icon medium\" aria-hidden=\"true\"><svg aria-hidden=\"true\" focusable=\"false\" data-prefix=\"far\" data-icon=\"chart-bar\" role=\"img\" xmlns=\"http:\/\/www.w3.org\/2000\/svg\" viewBox=\"0 0 512 512\" class=\"svg-inline--fa fa-chart-bar fa-w-16 fa-2x\"><path fill=\"currentColor\" d=\"M396.8 352h22.4c6.4 0 12.8-6.4 12.8-12.8V108.8c0-6.4-6.4-12.8-12.8-12.8h-22.4c-6.4 0-12.8 6.4-12.8 12.8v230.4c0 6.4 6.4 12.8 12.8 12.8zm-192 0h22.4c6.4 0 12.8-6.4 12.8-12.8V140.8c0-6.4-6.4-12.8-12.8-12.8h-22.4c-6.4 0-12.8 6.4-12.8 12.8v198.4c0 6.4 6.4 12.8 12.8 12.8zm96 0h22.4c6.4 0 12.8-6.4 12.8-12.8V204.8c0-6.4-6.4-12.8-12.8-12.8h-22.4c-6.4 0-12.8 6.4-12.8 12.8v134.4c0 6.4 6.4 12.8 12.8 12.8zM496 400H48V80c0-8.84-7.16-16-16-16H16C7.16 64 0 71.16 0 80v336c0 17.67 14.33 32 32 32h464c8.84 0 16-7.16 16-16v-16c0-8.84-7.16-16-16-16zm-387.2-48h22.4c6.4 0 12.8-6.4 12.8-12.8v-70.4c0-6.4-6.4-12.8-12.8-12.8h-22.4c-6.4 0-12.8 6.4-12.8 12.8v70.4c0 6.4 6.4 12.8 12.8 12.8z\" class=\"\"><\/path><\/svg><\/i> <img loading=\"lazy\" decoding=\"async\" width=\"16\" height=\"16\" alt=\"Loading\" src=\"https:\/\/meriller-vapeur.fr\/wp3\/wp-content\/plugins\/page-views-count\/ajax-loader-2x.gif\" border=0 \/><\/p>\n<div class=\"pvc_clear\"><\/div>\n","protected":false},"author":1,"featured_media":0,"parent":284,"menu_order":0,"comment_status":"open","ping_status":"open","template":"","meta":{"footnotes":""},"class_list":["post-3840","page","type-page","status-publish","hentry"],"a3_pvc":{"activated":true,"total_views":2101,"today_views":0},"_links":{"self":[{"href":"https:\/\/meriller-vapeur.fr\/wp3\/index.php?rest_route=\/wp\/v2\/pages\/3840","targetHints":{"allow":["GET"]}}],"collection":[{"href":"https:\/\/meriller-vapeur.fr\/wp3\/index.php?rest_route=\/wp\/v2\/pages"}],"about":[{"href":"https:\/\/meriller-vapeur.fr\/wp3\/index.php?rest_route=\/wp\/v2\/types\/page"}],"author":[{"embeddable":true,"href":"https:\/\/meriller-vapeur.fr\/wp3\/index.php?rest_route=\/wp\/v2\/users\/1"}],"replies":[{"embeddable":true,"href":"https:\/\/meriller-vapeur.fr\/wp3\/index.php?rest_route=%2Fwp%2Fv2%2Fcomments&post=3840"}],"version-history":[{"count":0,"href":"https:\/\/meriller-vapeur.fr\/wp3\/index.php?rest_route=\/wp\/v2\/pages\/3840\/revisions"}],"up":[{"embeddable":true,"href":"https:\/\/meriller-vapeur.fr\/wp3\/index.php?rest_route=\/wp\/v2\/pages\/284"}],"wp:attachment":[{"href":"https:\/\/meriller-vapeur.fr\/wp3\/index.php?rest_route=%2Fwp%2Fv2%2Fmedia&parent=3840"}],"curies":[{"name":"wp","href":"https:\/\/api.w.org\/{rel}","templated":true}]}}