{"id":356,"date":"2013-06-30T17:28:43","date_gmt":"2013-06-30T15:28:43","guid":{"rendered":"http:\/\/meriller-vapeur.fr\/wp3\/?page_id=356"},"modified":"2020-03-26T15:12:12","modified_gmt":"2020-03-26T14:12:12","slug":"356-2","status":"publish","type":"page","link":"https:\/\/meriller-vapeur.fr\/wp3\/?page_id=356","title":{"rendered":"R\u00e9seaux des Membres."},"content":{"rendered":"<p><strong>Nous vous proposons ici un ensemble de photographies des diff\u00e9rents r\u00e9seaux \u00a0des membres de Meriller-vapeur 24.<\/strong><\/p>\n<div>\n<p><a href=\"http:\/\/meriller-vapeur.fr\/wp3\/?page_id=73\"><img loading=\"lazy\" decoding=\"async\" class=\"alignleft wp-image-76\" src=\"http:\/\/meriller-vapeur.fr\/wp3\/wp-content\/uploads\/2013\/06\/mail.gif\" alt=\"mail\" width=\"47\" height=\"47\" \/><\/a><\/p>\n<p>Pour figurer ici, <a title=\"Contacts\" href=\"http:\/\/meriller-vapeur.fr\/wp3\/?page_id=73\">merci de nous adresser vos photos par email<br \/>\n(grande taille si possible) avec un commentaire d\u00e9taill\u00e9<\/a>.<\/p>\n<p>&nbsp;<\/p>\n<\/div>\n<hr \/>\n<h6 style=\"padding-left: 30px;\"><strong><span style=\"color: #008000;\">26\/08\/2014\u00a0: MISE \u00e0 JOUR importante\u00a0:<\/span><\/strong><\/h6>\n<h6 style=\"padding-left: 30px;\"><span style=\"color: #008000;\"><em>Des probl\u00e8mes techniques li\u00e9es au\u00a0logiciel de mise en ligne des photos\u00a0(Module en ligne \u00ab\u00a0Gallery\u00a0\u00bb)<\/em> nous obligent<strong> \u00e0 modifier dor\u00e9navant\u00a0le mode de publication<\/strong> des Photos des R\u00e9seaux des membres. Les nouvelles photos \u00e0 dater de fin ao\u00fbt 2014 seront d\u00e9sormais publi\u00e9es dans les pages dont la liste suit (les plus r\u00e9cents en t\u00eate de liste) :<\/span><\/h6>\n<hr \/>\n<h1>Nouvelle collection de photos\u00a0:<\/h1>\n<ol>\n<li><a href=\"https:\/\/meriller-vapeur.fr\/wp3\/?page_id=11557\">24-03-2020 : Patrice Tillard, travaux en \u00ab\u00a0confinement\u00a0\u00bb\u2026<\/a><\/li>\n<li><a href=\"https:\/\/meriller-vapeur.fr\/wp3\/?page_id=11551\">23-03-2020 : Pierre Perrier poursuit ses travaux&#8230;<\/a><\/li>\n<li><a href=\"https:\/\/meriller-vapeur.fr\/wp3\/?page_id=9865\">22 f\u00e9vrier 2019 : Notre ami Herv\u00e9 P. d\u00e9marre la construction de son r\u00e9seau.<\/a><\/li>\n<li><a href=\"https:\/\/meriller-vapeur.fr\/wp3\/?page_id=9726\">27 janvier 2019 : R\u00e9seau de Gilbert URSO : hier et aujourd\u2019hui\u2026<\/a><\/li>\n<li><a href=\"https:\/\/meriller-vapeur.fr\/wp3\/?p=9604\">29 d\u00e9cembre 2018 : Un de nos membres \u00e0 l\u2019honneur dans la Presse r\u00e9gionale\u2026<\/a><\/li>\n<li><a href=\"https:\/\/meriller-vapeur.fr\/wp3\/?page_id=8764\">19 juillet 2018 : sc\u00e8nes de \u00ab\u00a0la Double\u00a0\u00bb en P\u00e9rigord par Roland.<\/a><\/li>\n<li><a href=\"https:\/\/meriller-vapeur.fr\/wp3\/?page_id=8753\">19 juillet 2018 : nouveau r\u00e9seau de Pierre Perrier.<\/a><\/li>\n<li><a href=\"https:\/\/meriller-vapeur.fr\/wp3\/?page_id=8395\">26 avril 2018 :\u00a0suite 7 du r\u00e9seau de Roland V.<\/a><\/li>\n<li><a href=\"https:\/\/meriller-vapeur.fr\/wp3\/?page_id=8375\">03 avril 2018 :\u00a0section trains miniatures du Neuvic club (NCPC).<\/a><\/li>\n<li><a href=\"https:\/\/meriller-vapeur.fr\/wp3\/?page_id=7185#SUITE\">18\u00a0ao\u00fbt 2017 :\u00a0suite 6 du r\u00e9seau de Roland V.<\/a><\/li>\n<li><a href=\"https:\/\/meriller-vapeur.fr\/wp3\/?page_id=7201\">14 mars 2017 &#8211; Suite des travaux sur le r\u00e9seau de Gilbert U.<\/a><\/li>\n<li><a href=\"https:\/\/meriller-vapeur.fr\/wp3\/?page_id=7185\">14 mars 2017 &#8211; suite 5\u00a0du r\u00e9seau de Roland V. <\/a><\/li>\n<li><a href=\"https:\/\/meriller-vapeur.fr\/wp3\/?page_id=6904\">26 janvier 2017 &#8211; Module d\u2019expo en H0e de Patrice T.<\/a><\/li>\n<li><a href=\"http:\/\/meriller-vapeur.fr\/wp3\/?page_id=6505\">8 novembre 2016 &#8211; Le r\u00e9seau H0e de Yannick Marouby.\u00a0<\/a><\/li>\n<li><a href=\"http:\/\/meriller-vapeur.fr\/wp3\/?page_id=3957#MAJ4\">24 septembre 2016\u00a0&#8211; suite 4\u00a0du r\u00e9seau de Roland V.<\/a><\/li>\n<li><a href=\"http:\/\/meriller-vapeur.fr\/wp3\/?page_id=5717\">10 mai 2016\u00a0: Transformation du r\u00e9seau de notre ami Gilbert.<\/a><\/li>\n<li><a href=\"http:\/\/meriller-vapeur.fr\/wp3\/?page_id=3957#MAJ1\">\u00a04 mars 2016 &#8211; suite 4 du r\u00e9seau de Roland V.<\/a><\/li>\n<li><a href=\"http:\/\/meriller-vapeur.fr\/wp3\/?page_id=3957#MAJ\">30 d\u00e9cembre 2015 &#8211; suite 3 du r\u00e9seau de Roland V.<\/a><\/li>\n<li><a href=\"http:\/\/meriller-vapeur.fr\/wp3\/?page_id=4128\">17 juin 2015 &#8211;\u00a0Patrice T. nouveau r\u00e9seau (3)<\/a><\/li>\n<li><a href=\"http:\/\/meriller-vapeur.fr\/wp3\/?page_id=3957\">26 avril 2015 &#8211; R\u00e9seau de Rolland V. nouvel adh\u00e9rent MV24.<\/a><\/li>\n<li><a title=\"Gilbert U. nouveau r\u00e9seau.\" href=\"http:\/\/meriller-vapeur.fr\/wp3\/?page_id=3171\">28\u00a0octobre 2014 &#8211; R\u00e9seau de Gilbert U.<\/a><\/li>\n<li><a title=\"Patrice T. nouveau r\u00e9seau (2)\" href=\"http:\/\/meriller-vapeur.fr\/wp3\/?page_id=2826\">28 ao\u00fbt 2014\u00a0&#8211; Patrice T. nouveau r\u00e9seau (2)<\/a><\/li>\n<li><a title=\"Jean-Claude R. \u2013 Son r\u00e9seau\" href=\"http:\/\/meriller-vapeur.fr\/wp3\/?page_id=2869\">7 ao\u00fbt 2014\u00a0\u00a0&#8211; Jean-Claude R. \u2013 Son r\u00e9seau<\/a><\/li>\n<\/ol>\n<pre>Page mise \u00e0 jour le 24-03-2019.<\/pre>\n<p>\u00e0 suivre&#8230;<\/p>\n<div class=\"pvc_clear\"><\/div>\n<p id=\"pvc_stats_356\" class=\"pvc_stats all  \" data-element-id=\"356\" style=\"\"><i class=\"pvc-stats-icon medium\" aria-hidden=\"true\"><svg aria-hidden=\"true\" focusable=\"false\" data-prefix=\"far\" data-icon=\"chart-bar\" role=\"img\" xmlns=\"http:\/\/www.w3.org\/2000\/svg\" viewBox=\"0 0 512 512\" class=\"svg-inline--fa fa-chart-bar fa-w-16 fa-2x\"><path fill=\"currentColor\" d=\"M396.8 352h22.4c6.4 0 12.8-6.4 12.8-12.8V108.8c0-6.4-6.4-12.8-12.8-12.8h-22.4c-6.4 0-12.8 6.4-12.8 12.8v230.4c0 6.4 6.4 12.8 12.8 12.8zm-192 0h22.4c6.4 0 12.8-6.4 12.8-12.8V140.8c0-6.4-6.4-12.8-12.8-12.8h-22.4c-6.4 0-12.8 6.4-12.8 12.8v198.4c0 6.4 6.4 12.8 12.8 12.8zm96 0h22.4c6.4 0 12.8-6.4 12.8-12.8V204.8c0-6.4-6.4-12.8-12.8-12.8h-22.4c-6.4 0-12.8 6.4-12.8 12.8v134.4c0 6.4 6.4 12.8 12.8 12.8zM496 400H48V80c0-8.84-7.16-16-16-16H16C7.16 64 0 71.16 0 80v336c0 17.67 14.33 32 32 32h464c8.84 0 16-7.16 16-16v-16c0-8.84-7.16-16-16-16zm-387.2-48h22.4c6.4 0 12.8-6.4 12.8-12.8v-70.4c0-6.4-6.4-12.8-12.8-12.8h-22.4c-6.4 0-12.8 6.4-12.8 12.8v70.4c0 6.4 6.4 12.8 12.8 12.8z\" class=\"\"><\/path><\/svg><\/i> <img loading=\"lazy\" decoding=\"async\" width=\"16\" height=\"16\" alt=\"Loading\" src=\"https:\/\/meriller-vapeur.fr\/wp3\/wp-content\/plugins\/page-views-count\/ajax-loader-2x.gif\" border=0 \/><\/p>\n<div class=\"pvc_clear\"><\/div>\n","protected":false},"excerpt":{"rendered":"<p>Nous vous proposons ici un ensemble de photographies des diff\u00e9rents r\u00e9seaux \u00a0des membres de Meriller-vapeur 24. Pour figurer ici, merci de nous adresser vos photos par email (grande taille si possible) avec un commentaire d\u00e9taill\u00e9. &nbsp; 26\/08\/2014\u00a0: MISE \u00e0 JOUR importante\u00a0: Des probl\u00e8mes techniques li\u00e9es au\u00a0logiciel de mise en ligne des photos\u00a0(Module en ligne \u00ab\u00a0Gallery\u00a0\u00bb)\u2026 <span class=\"read-more\"><a href=\"https:\/\/meriller-vapeur.fr\/wp3\/?page_id=356\">Read More &raquo;<\/a><\/span><\/p>\n<div class=\"pvc_clear\"><\/div>\n<p id=\"pvc_stats_356\" class=\"pvc_stats all  \" data-element-id=\"356\" style=\"\"><i class=\"pvc-stats-icon medium\" aria-hidden=\"true\"><svg aria-hidden=\"true\" focusable=\"false\" data-prefix=\"far\" data-icon=\"chart-bar\" role=\"img\" xmlns=\"http:\/\/www.w3.org\/2000\/svg\" viewBox=\"0 0 512 512\" class=\"svg-inline--fa fa-chart-bar fa-w-16 fa-2x\"><path fill=\"currentColor\" d=\"M396.8 352h22.4c6.4 0 12.8-6.4 12.8-12.8V108.8c0-6.4-6.4-12.8-12.8-12.8h-22.4c-6.4 0-12.8 6.4-12.8 12.8v230.4c0 6.4 6.4 12.8 12.8 12.8zm-192 0h22.4c6.4 0 12.8-6.4 12.8-12.8V140.8c0-6.4-6.4-12.8-12.8-12.8h-22.4c-6.4 0-12.8 6.4-12.8 12.8v198.4c0 6.4 6.4 12.8 12.8 12.8zm96 0h22.4c6.4 0 12.8-6.4 12.8-12.8V204.8c0-6.4-6.4-12.8-12.8-12.8h-22.4c-6.4 0-12.8 6.4-12.8 12.8v134.4c0 6.4 6.4 12.8 12.8 12.8zM496 400H48V80c0-8.84-7.16-16-16-16H16C7.16 64 0 71.16 0 80v336c0 17.67 14.33 32 32 32h464c8.84 0 16-7.16 16-16v-16c0-8.84-7.16-16-16-16zm-387.2-48h22.4c6.4 0 12.8-6.4 12.8-12.8v-70.4c0-6.4-6.4-12.8-12.8-12.8h-22.4c-6.4 0-12.8 6.4-12.8 12.8v70.4c0 6.4 6.4 12.8 12.8 12.8z\" class=\"\"><\/path><\/svg><\/i> <img loading=\"lazy\" decoding=\"async\" width=\"16\" height=\"16\" alt=\"Loading\" src=\"https:\/\/meriller-vapeur.fr\/wp3\/wp-content\/plugins\/page-views-count\/ajax-loader-2x.gif\" border=0 \/><\/p>\n<div class=\"pvc_clear\"><\/div>\n","protected":false},"author":1,"featured_media":0,"parent":144,"menu_order":1,"comment_status":"open","ping_status":"open","template":"","meta":{"footnotes":""},"class_list":["post-356","page","type-page","status-publish","hentry"],"a3_pvc":{"activated":true,"total_views":2005,"today_views":0},"_links":{"self":[{"href":"https:\/\/meriller-vapeur.fr\/wp3\/index.php?rest_route=\/wp\/v2\/pages\/356","targetHints":{"allow":["GET"]}}],"collection":[{"href":"https:\/\/meriller-vapeur.fr\/wp3\/index.php?rest_route=\/wp\/v2\/pages"}],"about":[{"href":"https:\/\/meriller-vapeur.fr\/wp3\/index.php?rest_route=\/wp\/v2\/types\/page"}],"author":[{"embeddable":true,"href":"https:\/\/meriller-vapeur.fr\/wp3\/index.php?rest_route=\/wp\/v2\/users\/1"}],"replies":[{"embeddable":true,"href":"https:\/\/meriller-vapeur.fr\/wp3\/index.php?rest_route=%2Fwp%2Fv2%2Fcomments&post=356"}],"version-history":[{"count":0,"href":"https:\/\/meriller-vapeur.fr\/wp3\/index.php?rest_route=\/wp\/v2\/pages\/356\/revisions"}],"up":[{"embeddable":true,"href":"https:\/\/meriller-vapeur.fr\/wp3\/index.php?rest_route=\/wp\/v2\/pages\/144"}],"wp:attachment":[{"href":"https:\/\/meriller-vapeur.fr\/wp3\/index.php?rest_route=%2Fwp%2Fv2%2Fmedia&parent=356"}],"curies":[{"name":"wp","href":"https:\/\/api.w.org\/{rel}","templated":true}]}}