{"id":349,"date":"2017-12-18T08:20:25","date_gmt":"2017-12-18T07:20:25","guid":{"rendered":"http:\/\/meriller-vapeur.fr\/wp3\/?page_id=349"},"modified":"2019-02-04T17:19:34","modified_gmt":"2019-02-04T16:19:34","slug":"349-2","status":"publish","type":"page","link":"https:\/\/meriller-vapeur.fr\/wp3\/?page_id=349","title":{"rendered":"Vie du Club en photos"},"content":{"rendered":"<h2>Voici un choix de photos illustrant la vie de l&rsquo;Association dans ses locaux ou sur le terrain:<\/h2>\n<p>Les reportages des Expositions <strong>sont trait\u00e9s sur <a title=\"EXPOSITIONS\u00a0: les photos.\" href=\"http:\/\/meriller-vapeur.fr\/wp3\/?page_id=263\">CETTE AUTRE \u00a0PAGE<\/a> d\u00e9di\u00e9e aux Expos.<\/strong><\/p>\n<p><em><strong>NOTA<\/strong>\u00a0: les pages sont class\u00e9es par ordre chronologique inverse\u00a0: les plus r\u00e9centes en haut de la page.<\/em><\/p>\n<p>On ne se prend pas toujours au s\u00e9rieux, mais on bosse!!!<\/p>\n<pre>(mise \u00e0 jour le 04-02-2019).<\/pre>\n<ol>\n<li>Janvier 2019 : <a href=\"https:\/\/meriller-vapeur.fr\/wp3\/?page_id=9756\">D\u00e9jeuner de travail au Club Meriller-Vapeur 24<\/a>.<\/li>\n<li>Aout 2018 :\u00a0<a href=\"https:\/\/meriller-vapeur.fr\/wp3\/?page_id=8864\">Le Club\u00a0 NCPC Mod\u00e9lisme Neuvic sur l\u2019 Isle en exposition<\/a>.<\/li>\n<li>Juillet 2018 : \u00a0<a href=\"https:\/\/meriller-vapeur.fr\/wp3\/?page_id=8652\">Grand r\u00e9seau du Club, photos de nouveaux d\u00e9tails.<\/a><\/li>\n<li>Janvier 2018 : <a href=\"https:\/\/meriller-vapeur.fr\/wp3\/?page_id=8179\">Assembl\u00e9e g\u00e9n\u00e9rale de l\u2019Association.<\/a><\/li>\n<li>Septembre 2017 : <a href=\"https:\/\/meriller-vapeur.fr\/wp3\/?page_id=7721\">Travaux de fin d\u2019\u00e9t\u00e9 sur le Rond-Point de Meriller.<\/a><\/li>\n<li>Juillet 2017 : <a href=\"https:\/\/meriller-vapeur.fr\/wp3\/?page_id=7572\">Le Rond-Pont de Meriller-Vapeur, vue d\u2019ensemble<\/a><\/li>\n<li>Janvier 2017 : <a href=\"https:\/\/meriller-vapeur.fr\/wp3\/?page_id=6934\">ASSEMBL\u00c9E G\u00c9N\u00c9RALE de\u00a0Meriller-Vapeur 24.<\/a><\/li>\n<li>Avril 2016\u00a0: <a href=\"http:\/\/meriller-vapeur.fr\/wp3\/?p=5578\">Devinez \u00e0 qui sont ces mains?<\/a><\/li>\n<li>Mars 2016\u00a0: <a href=\"http:\/\/meriller-vapeur.fr\/wp3\/?page_id=5451\">Travaux sur le r\u00e9seau Agonac<\/a>.<\/li>\n<li>Aout 2015\u00a0: <a href=\"http:\/\/meriller-vapeur.fr\/wp3\/?page_id=4341\">Le Public visite notre local.<\/a><\/li>\n<li>Juillet 2015\u00a0: <a href=\"http:\/\/meriller-vapeur.fr\/wp3\/?page_id=4172#majjuil2015\">Poursuite du R\u00e9seau Agonac, AUCHAN<\/a><\/li>\n<li>Juillet 2015\u00a0: <a href=\"http:\/\/meriller-vapeur.fr\/wp3\/?page_id=3722#fincours2015\">Fin des cours 2015 et remises des dipl\u00f4mes aux enfants.\u00a0<\/a><\/li>\n<li>Juin 2015\u00a0: <a href=\"http:\/\/meriller-vapeur.fr\/wp3\/?page_id=4172\">Am\u00e9nagements des R\u00e9seaux du Club (suite).<\/a><\/li>\n<li>Avril 2015\u00a0: <a title=\"Construction du \u201cverso\u00a0\u00bb pour le r\u00e9seau Agonac\" href=\"http:\/\/meriller-vapeur.fr\/wp3\/?page_id=3817\">Construction du verso du r\u00e9seau Agonac<\/a>.<\/li>\n<li>Mars 2015\u00a0:<a title=\"Club du Soir\u00a0: session 2015\" href=\"http:\/\/meriller-vapeur.fr\/wp3\/?page_id=3722\"> Club du Soir 2015.<\/a><\/li>\n<li>Novembre\u00a02014\u00a0:\u00a0<a title=\"Neige sur Agonac\u2026\" href=\"http:\/\/meriller-vapeur.fr\/wp3\/?page_id=3371\" rel=\"bookmark\">Neige sur Agonac\u2026<\/a><\/li>\n<li>Novembre 2014\u00a0: <a title=\"Un membre en pri\u00e8re\u2026\" href=\"http:\/\/meriller-vapeur.fr\/wp3\/?page_id=3273\">Un membre en pri\u00e8re&#8230;<\/a><\/li>\n<li>Septembre 2014\u00a0: <a title=\"Travaux d\u2019automne 2014 sur les r\u00e9seaux du Club.\" href=\"http:\/\/meriller-vapeur.fr\/wp3\/?page_id=2996\">Travaux de rentr\u00e9e sur les r\u00e9seaux du Club<\/a>.<\/li>\n<li>Avril 2014\u00a0: <a title=\"Club du Soir\u00a0: session 2014\" href=\"http:\/\/meriller-vapeur.fr\/wp3\/?page_id=2129\">Club du Soir 2014.<\/a><\/li>\n<li>F\u00e9vrier 2014 (&amp; mise \u00e0 jour mars 2014) :\u00a0<a title=\"Grand r\u00e9seau du Club Meriller-Vapeur 24\" href=\"http:\/\/meriller-vapeur.fr\/wp3\/?page_id=1848\">Grand r\u00e9seau du Club Meriller-Vapeur 24, les d\u00e9cors.<\/a><\/li>\n<li>Janvier 2014\u00a0: <a title=\"Assembl\u00e9e G\u00e9n\u00e9rale 2014, photos.\" href=\"http:\/\/meriller-vapeur.fr\/wp3\/?page_id=1726\">Assembl\u00e9e G\u00e9n\u00e9rale 2014.<\/a><\/li>\n<li>Octobre 2013\u00a0: <a title=\"Modifications du r\u00e9seau Agonac\" href=\"http:\/\/meriller-vapeur.fr\/wp3\/?p=959\">modifications sur r\u00e9seau Agonac<\/a>.<\/li>\n<li>Septembre 2013\u00a0: <a title=\"Modifications du r\u00e9seau Agonac\" href=\"http:\/\/meriller-vapeur.fr\/wp3\/?page_id=767\">travaux sur les r\u00e9seaux du Club<\/a>.<\/li>\n<li>Avril 2013,\u00a0<a href=\"http:\/\/www.meriller-vapeur.fr\/activites\/photosautres\/24agonac_barriere2013\/24agonac_barriere2013.html\" target=\"_blank\" rel=\"noopener\">la barri\u00e8re du r\u00e9seau Agonac fonctionne<\/a>\u00a0!<\/li>\n<li>Avril 2013,\u00a0<a title=\"Club du soir 2013, suite, les \u00e9l\u00e8ves en action!\" href=\"http:\/\/meriller-vapeur.fr\/wp3\/?p=56\">Club du soir 2013<\/a><\/li>\n<li>Avril 2013,\u00a0<a href=\"http:\/\/www.meriller-vapeur.fr\/activites\/photosautres\/22niversac_reseau042013\/22niversac_reseau042013.html\" target=\"_blank\" rel=\"noopener\">montage du Niversac en ext\u00e9rieur<\/a>.<\/li>\n<li>Mars 2013,\u00a0<a href=\"http:\/\/www.meriller-vapeur.fr\/activites\/photosautres\/21localclub032013\/21localclub032013.html\" target=\"_blank\" rel=\"noopener\">les travaux reprennent au printemps.<\/a><\/li>\n<li>Janvier 2013,\u00a0<a href=\"http:\/\/www.meriller-vapeur.fr\/activites\/photosautres\/20localclub012013\/cadeau_jan2013.html\" target=\"_blank\" rel=\"noopener\">remise du cadeau offert par les membres de MV24 pour Arnaud SIMON<\/a><\/li>\n<li>Janvier 2013\u00a0:\u00a0<a title=\"Assembl\u00e9e G\u00e9n\u00e9rale 2013, photos.\" href=\"http:\/\/www.meriller-vapeur.fr\/association\/ag2013\/ag-2013.html\" target=\"_blank\" rel=\"noopener\">Assembl\u00e9e G\u00e9n\u00e9rale 2013.<\/a><\/li>\n<li>Septembre 2012, c&rsquo;est la rentr\u00e9e\u00a0:\u00a0<a href=\"http:\/\/www.meriller-vapeur.fr\/activites\/photosautres\/19local_club092012\/rentree2012.html\" target=\"_blank\" rel=\"noopener\">les activit\u00e9s de mod\u00e9lisme reprennent au local du club!<\/a><\/li>\n<li>Juillet 2012, de nouvelles \u00e9tapes pour les r\u00e9seaux du Club\u00a0:<br \/>\n<a href=\"http:\/\/www.meriller-vapeur.fr\/activites\/photosautres\/18local_club072012\/18local_club072012.html\" target=\"_blank\" rel=\"noopener\">La F\u00eate Champ\u00eatre \u00e0 Agonac, et travaux sur le grand r\u00e9seau!<\/a><\/li>\n<li>Juin 2012,\u00a0<a href=\"http:\/\/www.meriller-vapeur.fr\/activites\/photosautres\/17rdpoint062012\/17rdpoint062012.html\" target=\"_blank\" rel=\"noopener\">vue du Rond-Point, d\u00e9gag\u00e9e apr\u00e8s d\u00e9broussaillage d&rsquo;hiver.<\/a><\/li>\n<li>Juin 2012,\u00a0<a title=\"Club du Soir\" href=\"http:\/\/meriller-vapeur.fr\/wp3\/ateliers\/club-du-soir\/\">Club du soir 2012<\/a><\/li>\n<li>Juin 2012,\u00a0<a href=\"http:\/\/www.meriller-vapeur.fr\/activites\/photosautres\/15local_club062012\/15local_club062012.html\" target=\"_blank\" rel=\"noopener\">le grand R\u00e9seau du Local s&rsquo;est dot\u00e9 d&rsquo;un superbe TCO<\/a>!<\/li>\n<li>Avril 2012,\u00a0<a href=\"http:\/\/www.meriller-vapeur.fr\/activites\/photosexpos\/chapelle_gonaguet2012-2\/chapelle_gonaguet2.html\" target=\"_blank\" rel=\"noopener\">en marge de l&rsquo;exposition \u00e0 LA CHAPELLE GONAGUET&#8230;<\/a><\/li>\n<li>Avril 2012,\u00a0<a href=\"http:\/\/www.meriller-vapeur.fr\/activites\/photosautres\/14local_club042012\/14local_club042012.html\" target=\"_blank\" rel=\"noopener\">Poursuite des travaux de la Gare d&rsquo;Agonac et ses abords&#8230;<\/a><\/li>\n<li>Mars 2012,\u00a0<a href=\"http:\/\/www.meriller-vapeur.fr\/activites\/photosautres\/12local_club032012\/local03_2012.html\" target=\"_blank\" rel=\"noopener\">La Gare d&rsquo;Agonac et ses abords prennent tournure..<\/a>.<\/li>\n<li>F\u00e9vrier 2012,\u00a0<a href=\"http:\/\/www.meriller-vapeur.fr\/activites\/photosautres\/11local_club022012\/local02_2012-2.html\" target=\"_blank\" rel=\"noopener\">pose de la voie pour le TENDER et poursuite des travaux d&rsquo;AGONAC.<\/a><\/li>\n<li>F\u00e9vrier 2012, au local du club,\u00a0<a href=\"http:\/\/www.meriller-vapeur.fr\/activites\/photosautres\/10local_club022012\/local02_2012.html\" target=\"_blank\" rel=\"noopener\">on bosse sur AGONAC!<\/a><\/li>\n<li>F\u00e9vrier 2012, <a href=\"http:\/\/www.meriller-vapeur.fr\/activites\/photosautres\/9rdpoint022012\/rdpoint_02_2012.html\" target=\"_blank\" rel=\"noopener\">les grands moyens pour d\u00e9broussailler le Rond-Point!<\/a><\/li>\n<li>Janvier 2012,<a href=\"http:\/\/www.meriller-vapeur.fr\/activites\/photosautres\/1membres\/membresjanv2012.html\" target=\"_blank\" rel=\"noopener\"> les activit\u00e9s reprennent!<\/a><\/li>\n<li>Et\u00e9 2011\u00a0<a href=\"http:\/\/www.meriller-vapeur.fr\/activites\/photosautres\/8barbecue2011\/barbecue2011.html\" target=\"_blank\" rel=\"noopener\">Barbecue estival au Club.<\/a><\/li>\n<li><a href=\"http:\/\/www.meriller-vapeur.fr\/activites\/photosautres\/7animations\/animations2010.html\" target=\"_blank\" rel=\"noopener\">Animation en ville.<\/a><\/li>\n<li><a title=\"Club du Soir\" href=\"http:\/\/meriller-vapeur.fr\/wp3\/ateliers\/club-du-soir\/\">Club du soir 2011<\/a><\/li>\n<li><a href=\"http:\/\/www.meriller-vapeur.fr\/activites\/photosautres\/5perigueuxbrive150ans\/150ans1\/150ansbrive-perig.html\" target=\"_blank\" rel=\"noopener\">P\u00e9rigueux-Brive\u00a0: les 150 ans de la ligne.<\/a><\/li>\n<li><a href=\"http:\/\/www.meriller-vapeur.fr\/activites\/photosautres\/4restauration\/restauration.html\" target=\"_blank\" rel=\"noopener\">Travaux de restauration au Club<\/a>.<\/li>\n<li><a href=\"http:\/\/www.meriller-vapeur.fr\/activites\/photosautres\/3rondpoint\/rondpoint.html\" target=\"_blank\" rel=\"noopener\">Le Rond-Point de M\u00e9riller \u00e0 Coulounieix-Chamiers<\/a>.<\/li>\n<li><a href=\"http:\/\/www.meriller-vapeur.fr\/activites\/photosautres\/2local_club\/local.html\" target=\"_blank\" rel=\"noopener\">Le Local (les d\u00e9buts&#8230;)<\/a><\/li>\n<li><a href=\"http:\/\/www.meriller-vapeur.fr\/activites\/photosautres\/1membres\/membres.html\" target=\"_blank\" rel=\"noopener\">Membres en activit\u00e9&#8230;<\/a><\/li>\n<\/ol>\n<p>\u00e0 suivre&#8230;<\/p>\n<p>_________________<\/p>\n<p>&nbsp;<\/p>\n<div class=\"pvc_clear\"><\/div>\n<p id=\"pvc_stats_349\" class=\"pvc_stats all  \" data-element-id=\"349\" style=\"\"><i class=\"pvc-stats-icon medium\" aria-hidden=\"true\"><svg aria-hidden=\"true\" focusable=\"false\" data-prefix=\"far\" data-icon=\"chart-bar\" role=\"img\" xmlns=\"http:\/\/www.w3.org\/2000\/svg\" viewBox=\"0 0 512 512\" class=\"svg-inline--fa fa-chart-bar fa-w-16 fa-2x\"><path fill=\"currentColor\" d=\"M396.8 352h22.4c6.4 0 12.8-6.4 12.8-12.8V108.8c0-6.4-6.4-12.8-12.8-12.8h-22.4c-6.4 0-12.8 6.4-12.8 12.8v230.4c0 6.4 6.4 12.8 12.8 12.8zm-192 0h22.4c6.4 0 12.8-6.4 12.8-12.8V140.8c0-6.4-6.4-12.8-12.8-12.8h-22.4c-6.4 0-12.8 6.4-12.8 12.8v198.4c0 6.4 6.4 12.8 12.8 12.8zm96 0h22.4c6.4 0 12.8-6.4 12.8-12.8V204.8c0-6.4-6.4-12.8-12.8-12.8h-22.4c-6.4 0-12.8 6.4-12.8 12.8v134.4c0 6.4 6.4 12.8 12.8 12.8zM496 400H48V80c0-8.84-7.16-16-16-16H16C7.16 64 0 71.16 0 80v336c0 17.67 14.33 32 32 32h464c8.84 0 16-7.16 16-16v-16c0-8.84-7.16-16-16-16zm-387.2-48h22.4c6.4 0 12.8-6.4 12.8-12.8v-70.4c0-6.4-6.4-12.8-12.8-12.8h-22.4c-6.4 0-12.8 6.4-12.8 12.8v70.4c0 6.4 6.4 12.8 12.8 12.8z\" class=\"\"><\/path><\/svg><\/i> <img loading=\"lazy\" decoding=\"async\" width=\"16\" height=\"16\" alt=\"Loading\" src=\"https:\/\/meriller-vapeur.fr\/wp3\/wp-content\/plugins\/page-views-count\/ajax-loader-2x.gif\" border=0 \/><\/p>\n<div class=\"pvc_clear\"><\/div>\n","protected":false},"excerpt":{"rendered":"<p>Voici un choix de photos illustrant la vie de l&rsquo;Association dans ses locaux ou sur le terrain: Les reportages des Expositions sont trait\u00e9s sur CETTE AUTRE \u00a0PAGE d\u00e9di\u00e9e aux Expos. NOTA\u00a0: les pages sont class\u00e9es par ordre chronologique inverse\u00a0: les plus r\u00e9centes en haut de la page. On ne se prend pas toujours au s\u00e9rieux,\u2026 <span class=\"read-more\"><a href=\"https:\/\/meriller-vapeur.fr\/wp3\/?page_id=349\">Read More &raquo;<\/a><\/span><\/p>\n<div class=\"pvc_clear\"><\/div>\n<p id=\"pvc_stats_349\" class=\"pvc_stats all  \" data-element-id=\"349\" style=\"\"><i class=\"pvc-stats-icon medium\" aria-hidden=\"true\"><svg aria-hidden=\"true\" focusable=\"false\" data-prefix=\"far\" data-icon=\"chart-bar\" role=\"img\" xmlns=\"http:\/\/www.w3.org\/2000\/svg\" viewBox=\"0 0 512 512\" class=\"svg-inline--fa fa-chart-bar fa-w-16 fa-2x\"><path fill=\"currentColor\" d=\"M396.8 352h22.4c6.4 0 12.8-6.4 12.8-12.8V108.8c0-6.4-6.4-12.8-12.8-12.8h-22.4c-6.4 0-12.8 6.4-12.8 12.8v230.4c0 6.4 6.4 12.8 12.8 12.8zm-192 0h22.4c6.4 0 12.8-6.4 12.8-12.8V140.8c0-6.4-6.4-12.8-12.8-12.8h-22.4c-6.4 0-12.8 6.4-12.8 12.8v198.4c0 6.4 6.4 12.8 12.8 12.8zm96 0h22.4c6.4 0 12.8-6.4 12.8-12.8V204.8c0-6.4-6.4-12.8-12.8-12.8h-22.4c-6.4 0-12.8 6.4-12.8 12.8v134.4c0 6.4 6.4 12.8 12.8 12.8zM496 400H48V80c0-8.84-7.16-16-16-16H16C7.16 64 0 71.16 0 80v336c0 17.67 14.33 32 32 32h464c8.84 0 16-7.16 16-16v-16c0-8.84-7.16-16-16-16zm-387.2-48h22.4c6.4 0 12.8-6.4 12.8-12.8v-70.4c0-6.4-6.4-12.8-12.8-12.8h-22.4c-6.4 0-12.8 6.4-12.8 12.8v70.4c0 6.4 6.4 12.8 12.8 12.8z\" class=\"\"><\/path><\/svg><\/i> <img loading=\"lazy\" decoding=\"async\" width=\"16\" height=\"16\" alt=\"Loading\" src=\"https:\/\/meriller-vapeur.fr\/wp3\/wp-content\/plugins\/page-views-count\/ajax-loader-2x.gif\" border=0 \/><\/p>\n<div class=\"pvc_clear\"><\/div>\n","protected":false},"author":1,"featured_media":0,"parent":139,"menu_order":0,"comment_status":"open","ping_status":"open","template":"tmp-onecolumn.php","meta":{"footnotes":""},"class_list":["post-349","page","type-page","status-publish","hentry"],"a3_pvc":{"activated":true,"total_views":1136,"today_views":0},"_links":{"self":[{"href":"https:\/\/meriller-vapeur.fr\/wp3\/index.php?rest_route=\/wp\/v2\/pages\/349","targetHints":{"allow":["GET"]}}],"collection":[{"href":"https:\/\/meriller-vapeur.fr\/wp3\/index.php?rest_route=\/wp\/v2\/pages"}],"about":[{"href":"https:\/\/meriller-vapeur.fr\/wp3\/index.php?rest_route=\/wp\/v2\/types\/page"}],"author":[{"embeddable":true,"href":"https:\/\/meriller-vapeur.fr\/wp3\/index.php?rest_route=\/wp\/v2\/users\/1"}],"replies":[{"embeddable":true,"href":"https:\/\/meriller-vapeur.fr\/wp3\/index.php?rest_route=%2Fwp%2Fv2%2Fcomments&post=349"}],"version-history":[{"count":0,"href":"https:\/\/meriller-vapeur.fr\/wp3\/index.php?rest_route=\/wp\/v2\/pages\/349\/revisions"}],"up":[{"embeddable":true,"href":"https:\/\/meriller-vapeur.fr\/wp3\/index.php?rest_route=\/wp\/v2\/pages\/139"}],"wp:attachment":[{"href":"https:\/\/meriller-vapeur.fr\/wp3\/index.php?rest_route=%2Fwp%2Fv2%2Fmedia&parent=349"}],"curies":[{"name":"wp","href":"https:\/\/api.w.org\/{rel}","templated":true}]}}