{"id":3273,"date":"2014-11-19T19:14:33","date_gmt":"2014-11-19T18:14:33","guid":{"rendered":"http:\/\/meriller-vapeur.fr\/wp3\/?page_id=3273"},"modified":"2014-11-19T23:30:09","modified_gmt":"2014-11-19T22:30:09","slug":"un-membre-en-priere","status":"publish","type":"page","link":"https:\/\/meriller-vapeur.fr\/wp3\/?page_id=3273","title":{"rendered":"Un membre en pri\u00e8re&#8230;"},"content":{"rendered":"<p>On nous informe que notre ami Jean-Paul est inquiet pour le devenir du mat\u00e9riel qui tourne sur les expositions.<\/p>\n<p style=\"text-align: justify;\"><a href=\"http:\/\/meriller-vapeur.fr\/wp3\/wp-content\/uploads\/2014\/11\/dsc09505.jpg\" target=\"_blank\"><img loading=\"lazy\" decoding=\"async\" class=\"alignleft size-medium wp-image-3271\" src=\"http:\/\/meriller-vapeur.fr\/wp3\/wp-content\/uploads\/2014\/11\/dsc09505-300x225.jpg\" alt=\"dsc09505\" width=\"300\" height=\"225\" srcset=\"https:\/\/meriller-vapeur.fr\/wp3\/wp-content\/uploads\/2014\/11\/dsc09505-300x225.jpg 300w, https:\/\/meriller-vapeur.fr\/wp3\/wp-content\/uploads\/2014\/11\/dsc09505-1024x768.jpg 1024w, https:\/\/meriller-vapeur.fr\/wp3\/wp-content\/uploads\/2014\/11\/dsc09505.jpg 2048w\" sizes=\"auto, (max-width: 300px) 100vw, 300px\" \/><\/a>Certains m&rsquo;ont confi\u00e9 qu&rsquo;ils l&rsquo;ont m\u00eame surpris en train\u00a0d&rsquo;implorer\u00a0les dieux pour se faire\u00a0rembourser un bandage de roue (en caoutchouc \u00e0 1 \u20ac)\u00a0\u00a0\ud83d\ude09<\/p>\n<p style=\"text-align: justify;\">Qui peut l&rsquo;aider?<\/p>\n<h4 style=\"text-align: justify;\"><em>(Bon, tout \u00e7a, c&rsquo;est juste pour le taquiner un peu&#8230;)<\/em><\/h4>\n<div class=\"pvc_clear\"><\/div>\n<p id=\"pvc_stats_3273\" class=\"pvc_stats all  \" data-element-id=\"3273\" style=\"\"><i class=\"pvc-stats-icon medium\" aria-hidden=\"true\"><svg aria-hidden=\"true\" focusable=\"false\" data-prefix=\"far\" data-icon=\"chart-bar\" role=\"img\" xmlns=\"http:\/\/www.w3.org\/2000\/svg\" viewBox=\"0 0 512 512\" class=\"svg-inline--fa fa-chart-bar fa-w-16 fa-2x\"><path fill=\"currentColor\" d=\"M396.8 352h22.4c6.4 0 12.8-6.4 12.8-12.8V108.8c0-6.4-6.4-12.8-12.8-12.8h-22.4c-6.4 0-12.8 6.4-12.8 12.8v230.4c0 6.4 6.4 12.8 12.8 12.8zm-192 0h22.4c6.4 0 12.8-6.4 12.8-12.8V140.8c0-6.4-6.4-12.8-12.8-12.8h-22.4c-6.4 0-12.8 6.4-12.8 12.8v198.4c0 6.4 6.4 12.8 12.8 12.8zm96 0h22.4c6.4 0 12.8-6.4 12.8-12.8V204.8c0-6.4-6.4-12.8-12.8-12.8h-22.4c-6.4 0-12.8 6.4-12.8 12.8v134.4c0 6.4 6.4 12.8 12.8 12.8zM496 400H48V80c0-8.84-7.16-16-16-16H16C7.16 64 0 71.16 0 80v336c0 17.67 14.33 32 32 32h464c8.84 0 16-7.16 16-16v-16c0-8.84-7.16-16-16-16zm-387.2-48h22.4c6.4 0 12.8-6.4 12.8-12.8v-70.4c0-6.4-6.4-12.8-12.8-12.8h-22.4c-6.4 0-12.8 6.4-12.8 12.8v70.4c0 6.4 6.4 12.8 12.8 12.8z\" class=\"\"><\/path><\/svg><\/i> <img loading=\"lazy\" decoding=\"async\" width=\"16\" height=\"16\" alt=\"Loading\" src=\"https:\/\/meriller-vapeur.fr\/wp3\/wp-content\/plugins\/page-views-count\/ajax-loader-2x.gif\" border=0 \/><\/p>\n<div class=\"pvc_clear\"><\/div>\n","protected":false},"excerpt":{"rendered":"<p>On nous informe que notre ami Jean-Paul est inquiet pour le devenir du mat\u00e9riel qui tourne sur les expositions. Certains m&rsquo;ont confi\u00e9 qu&rsquo;ils l&rsquo;ont m\u00eame surpris en train\u00a0d&rsquo;implorer\u00a0les dieux pour se faire\u00a0rembourser un bandage de roue (en caoutchouc \u00e0 1 \u20ac)\u00a0\u00a0\ud83d\ude09 Qui peut l&rsquo;aider? (Bon, tout \u00e7a, c&rsquo;est juste pour le taquiner un peu&#8230;)<\/p>\n<div class=\"pvc_clear\"><\/div>\n<p id=\"pvc_stats_3273\" class=\"pvc_stats all  \" data-element-id=\"3273\" style=\"\"><i class=\"pvc-stats-icon medium\" aria-hidden=\"true\"><svg aria-hidden=\"true\" focusable=\"false\" data-prefix=\"far\" data-icon=\"chart-bar\" role=\"img\" xmlns=\"http:\/\/www.w3.org\/2000\/svg\" viewBox=\"0 0 512 512\" class=\"svg-inline--fa fa-chart-bar fa-w-16 fa-2x\"><path fill=\"currentColor\" d=\"M396.8 352h22.4c6.4 0 12.8-6.4 12.8-12.8V108.8c0-6.4-6.4-12.8-12.8-12.8h-22.4c-6.4 0-12.8 6.4-12.8 12.8v230.4c0 6.4 6.4 12.8 12.8 12.8zm-192 0h22.4c6.4 0 12.8-6.4 12.8-12.8V140.8c0-6.4-6.4-12.8-12.8-12.8h-22.4c-6.4 0-12.8 6.4-12.8 12.8v198.4c0 6.4 6.4 12.8 12.8 12.8zm96 0h22.4c6.4 0 12.8-6.4 12.8-12.8V204.8c0-6.4-6.4-12.8-12.8-12.8h-22.4c-6.4 0-12.8 6.4-12.8 12.8v134.4c0 6.4 6.4 12.8 12.8 12.8zM496 400H48V80c0-8.84-7.16-16-16-16H16C7.16 64 0 71.16 0 80v336c0 17.67 14.33 32 32 32h464c8.84 0 16-7.16 16-16v-16c0-8.84-7.16-16-16-16zm-387.2-48h22.4c6.4 0 12.8-6.4 12.8-12.8v-70.4c0-6.4-6.4-12.8-12.8-12.8h-22.4c-6.4 0-12.8 6.4-12.8 12.8v70.4c0 6.4 6.4 12.8 12.8 12.8z\" class=\"\"><\/path><\/svg><\/i> <img loading=\"lazy\" decoding=\"async\" width=\"16\" height=\"16\" alt=\"Loading\" src=\"https:\/\/meriller-vapeur.fr\/wp3\/wp-content\/plugins\/page-views-count\/ajax-loader-2x.gif\" border=0 \/><\/p>\n<div class=\"pvc_clear\"><\/div>\n","protected":false},"author":1,"featured_media":0,"parent":0,"menu_order":0,"comment_status":"open","ping_status":"open","template":"","meta":{"footnotes":""},"class_list":["post-3273","page","type-page","status-publish","hentry"],"a3_pvc":{"activated":true,"total_views":271,"today_views":0},"_links":{"self":[{"href":"https:\/\/meriller-vapeur.fr\/wp3\/index.php?rest_route=\/wp\/v2\/pages\/3273","targetHints":{"allow":["GET"]}}],"collection":[{"href":"https:\/\/meriller-vapeur.fr\/wp3\/index.php?rest_route=\/wp\/v2\/pages"}],"about":[{"href":"https:\/\/meriller-vapeur.fr\/wp3\/index.php?rest_route=\/wp\/v2\/types\/page"}],"author":[{"embeddable":true,"href":"https:\/\/meriller-vapeur.fr\/wp3\/index.php?rest_route=\/wp\/v2\/users\/1"}],"replies":[{"embeddable":true,"href":"https:\/\/meriller-vapeur.fr\/wp3\/index.php?rest_route=%2Fwp%2Fv2%2Fcomments&post=3273"}],"version-history":[{"count":0,"href":"https:\/\/meriller-vapeur.fr\/wp3\/index.php?rest_route=\/wp\/v2\/pages\/3273\/revisions"}],"wp:attachment":[{"href":"https:\/\/meriller-vapeur.fr\/wp3\/index.php?rest_route=%2Fwp%2Fv2%2Fmedia&parent=3273"}],"curies":[{"name":"wp","href":"https:\/\/api.w.org\/{rel}","templated":true}]}}