{"id":3037,"date":"2020-10-21T16:00:28","date_gmt":"2020-10-21T14:00:28","guid":{"rendered":"http:\/\/meriller-vapeur.fr\/wp3\/?page_id=3037"},"modified":"2024-02-23T17:05:06","modified_gmt":"2024-02-23T16:05:06","slug":"bienvenue-chez-meriller-vapeur-24","status":"publish","type":"page","link":"https:\/\/meriller-vapeur.fr\/wp3\/","title":{"rendered":"&#8211;                        Bienvenue chez MERILLER-VAPEUR 24 !"},"content":{"rendered":"<hr \/>\n<h2 style=\"text-align: center;\">Association d\u00e9di\u00e9e \u00e0 la sauvegarde et \u00e0 la promotion des actions de mise en valeur du patrimoine ferroviaire de la Dordogne, ainsi qu&rsquo;au mod\u00e9lisme ferroviaire.<\/h2>\n<div id=\"attachment_15778\" style=\"width: 2570px\" class=\"wp-caption alignleft\"><a href=\"https:\/\/meriller-vapeur.fr\/wp3\/?attachment_id=15778\" rel=\"attachment wp-att-15778\"><img loading=\"lazy\" decoding=\"async\" aria-describedby=\"caption-attachment-15778\" class=\"wp-image-15778 size-full\" src=\"https:\/\/meriller-vapeur.fr\/wp3\/wp-content\/uploads\/2024\/02\/20150730_125916-scaled.jpg\" alt=\"\" width=\"2560\" height=\"1870\" srcset=\"https:\/\/meriller-vapeur.fr\/wp3\/wp-content\/uploads\/2024\/02\/20150730_125916-scaled.jpg 2560w, https:\/\/meriller-vapeur.fr\/wp3\/wp-content\/uploads\/2024\/02\/20150730_125916-300x219.jpg 300w, https:\/\/meriller-vapeur.fr\/wp3\/wp-content\/uploads\/2024\/02\/20150730_125916-1024x748.jpg 1024w, https:\/\/meriller-vapeur.fr\/wp3\/wp-content\/uploads\/2024\/02\/20150730_125916-768x561.jpg 768w, https:\/\/meriller-vapeur.fr\/wp3\/wp-content\/uploads\/2024\/02\/20150730_125916-1536x1122.jpg 1536w, https:\/\/meriller-vapeur.fr\/wp3\/wp-content\/uploads\/2024\/02\/20150730_125916-2048x1496.jpg 2048w, https:\/\/meriller-vapeur.fr\/wp3\/wp-content\/uploads\/2024\/02\/20150730_125916-660x482.jpg 660w\" sizes=\"auto, (max-width: 2560px) 100vw, 2560px\" \/><\/a><p id=\"caption-attachment-15778\" class=\"wp-caption-text\">Gare de Limoges B\u00e9n\u00e9dictins<\/p><\/div>\n<hr \/>\n<p>&nbsp;<\/p>\n<h3><span style=\"text-decoration: underline;\">Niversac : \u00a0un site ferroviaire qui \u00e9volue, encore et encore !<\/span><\/h3>\n<div class=\"layoutArea\" style=\"text-align: left;\">\n<h2 style=\"text-align: center;\">Le projet de R\u00c9NOVATION DU SITE s&rsquo;est poursuivi en 2022,<\/h2>\n<h2 style=\"text-align: center;\">et la suite de ces op\u00e9rations est VISIBLE dans l\u2019onglet ACTUS !<\/h2>\n<h2 style=\"text-align: center;\">\u273b\u00a0\u273b\u00a0\u273b\u00a0\u273b\u00a0\u273b\u00a0\u273b\u00a0\u273b<\/h2>\n<h5 style=\"text-align: center;\">Nos\u00a0pr\u00e9c\u00e9dents grands reportages complets sont visibles en cliquant sur la photo ci-dessous !<strong><br \/>\n<\/strong><\/h5>\n<p><a href=\"https:\/\/meriller-vapeur.fr\/wp3\/?page_id=10141\" target=\"_blank\" rel=\"noopener noreferrer\"><img loading=\"lazy\" decoding=\"async\" class=\"aligncenter wp-image-11068 size-full\" src=\"https:\/\/meriller-vapeur.fr\/wp3\/wp-content\/uploads\/2019\/12\/IMG_1147-scaled.jpeg\" alt=\"\" width=\"2560\" height=\"577\" srcset=\"https:\/\/meriller-vapeur.fr\/wp3\/wp-content\/uploads\/2019\/12\/IMG_1147-scaled.jpeg 2560w, https:\/\/meriller-vapeur.fr\/wp3\/wp-content\/uploads\/2019\/12\/IMG_1147-300x68.jpeg 300w, https:\/\/meriller-vapeur.fr\/wp3\/wp-content\/uploads\/2019\/12\/IMG_1147-1024x231.jpeg 1024w, https:\/\/meriller-vapeur.fr\/wp3\/wp-content\/uploads\/2019\/12\/IMG_1147-768x173.jpeg 768w, https:\/\/meriller-vapeur.fr\/wp3\/wp-content\/uploads\/2019\/12\/IMG_1147-1536x346.jpeg 1536w, https:\/\/meriller-vapeur.fr\/wp3\/wp-content\/uploads\/2019\/12\/IMG_1147-2048x462.jpeg 2048w\" sizes=\"auto, (max-width: 2560px) 100vw, 2560px\" \/><\/a><\/p>\n<hr \/>\n<h3 style=\"text-align: center;\">Pour son aide importante pour le Site de NIVERSAC en cours d\u2019am\u00e9nagement,<\/h3>\n<h3 style=\"text-align: center;\">nous remercions tr\u00e8s particuli\u00e8rement<\/h3>\n<h3 style=\"text-align: center;\"><span style=\"font-size: x-large;\"><span style=\"text-decoration: underline;\">Clive Lamming<\/span> \u00ab\u00a0TRAIN CONSULTANT\u00a0\u00bb <\/span><\/h3>\n<p style=\"text-align: center;\"><span style=\"font-size: x-large;\">Les chemins de fer vus par <\/span><span style=\"font-size: x-large;\">un historien des chemins de fer.<\/span><\/p>\n<h3 style=\"text-align: center;\"><b><span style=\"font-size: large;\">Visiter le tr\u00e8s remarquable \u00a0<span style=\"text-decoration: underline;\"><a href=\"https:\/\/trainconsultant.com\/2019\/04\/30\/puis-je-me-presenter\/\" target=\"_blank\" rel=\"noopener\">Site Internet de Clive Lamming<\/a><\/span><\/span><\/b><\/h3>\n<p style=\"text-align: center;\">riche d\u2019une documentation et d\u2019une iconographie incroyables sur l\u2019histoire de ce moyen de transport en plein renouveau.<\/p>\n<hr \/>\n<h3 style=\"text-align: center;\">**** FONCTIONNEMENT du LOCAL du CLUB ****<br \/>\n____________<\/h3>\n<p style=\"text-align: left;\">Nos activit\u00e9s se poursuivent actuellement <span style=\"text-decoration: underline;\"><strong><a href=\"https:\/\/meriller-vapeur.fr\/wp3\/?page_id=73\">aux horaires habituels<\/a>,<\/strong><\/span> dans le respect des r\u00e8gles obligatoires fix\u00e9es par les autorit\u00e9s&#8230;<\/p>\n<p><em>En cas de doute, n\u2019h\u00e9sitez pas \u00e0 nous appeler (page Contacts de ce site).<\/em><\/p>\n<hr \/>\n<h3>A nos lecteurs :<\/h3>\n<p style=\"text-align: center;\">Nous sommes en mesure de pr\u00e9senter chez vous un R\u00c9SEAU de Chemins de Fer miniatures,\u00a0permettant d\u2019assurer une V\u00c9RITABLE ANIMATION \u00ab\u00a0GRAND-PUBLIC\u00a0\u00bb durant plusieurs jours d\u2019affil\u00e9e.<br \/>\n<em><strong>Centre d\u2019attraction majeur, cette prestation assure un afflux important de fr\u00e9quentation dans vos locaux.<\/strong><\/em><\/p>\n<div id=\"attachment_9637\" style=\"width: 910px\" class=\"wp-caption aligncenter\"><a href=\"https:\/\/meriller-vapeur.fr\/wp3\/?page_id=9625\"><img loading=\"lazy\" decoding=\"async\" aria-describedby=\"caption-attachment-9637\" class=\"wp-image-9637\" src=\"https:\/\/meriller-vapeur.fr\/wp3\/wp-content\/uploads\/2019\/01\/manifestations2019.jpg\" alt=\"\" width=\"900\" height=\"252\" srcset=\"https:\/\/meriller-vapeur.fr\/wp3\/wp-content\/uploads\/2019\/01\/manifestations2019.jpg 649w, https:\/\/meriller-vapeur.fr\/wp3\/wp-content\/uploads\/2019\/01\/manifestations2019-300x84.jpg 300w\" sizes=\"auto, (max-width: 900px) 100vw, 900px\" \/><\/a><p id=\"caption-attachment-9637\" class=\"wp-caption-text\">Cliquez l\u2019image ci-dessus pour en savoir plus\u2026<\/p><\/div>\n<hr \/>\n<p style=\"text-align: left;\"><strong><a href=\"https:\/\/meriller-vapeur.fr\/wp3\/wp-content\/uploads\/2020\/03\/logo-entier-avec-tender-MV-2017-DEFINITIF.png\"><img loading=\"lazy\" decoding=\"async\" class=\"wp-image-11499 alignleft\" src=\"https:\/\/meriller-vapeur.fr\/wp3\/wp-content\/uploads\/2020\/03\/logo-entier-avec-tender-MV-2017-DEFINITIF-150x150.png\" alt=\"\" width=\"65\" height=\"65\" \/><\/a><br \/>\n\u27a4 Aidez nous \u00e0 poursuivre nos activit\u00e9s de\u00a0protection du Patrimoine\u00a0ferroviaire,<\/strong><\/p>\n<p style=\"text-align: center;\"><strong>\u2014\u2014\u2014 \u00a0<a href=\"https:\/\/meriller-vapeur.fr\/wp3\/?page_id=1762\">ADHEREZ \u00e0 l\u2019Association Meriller-Vapeur 24<\/a>\u00a0\u2014\u2014\u2014<\/strong><\/p>\n<hr \/>\n<h3 style=\"text-align: center;\"><strong><i style=\"color: #ff0000;\">\u27a4 \u00a0 VENEZ<\/i><i style=\"color: #ff0000;\">\u00a0FAIRE ROULER <\/i>VOTRE MAT\u00c9RIEL<i style=\"color: #ff0000;\"> SUR NOS R\u00c9SEAUX !<\/i><\/strong><\/h3>\n<h3 style=\"text-align: center;\"><strong><i style=\"color: #ff0000;\">\u00a0MERILLER-VAPEUR 24 vous invite tr\u00e8s cordialement<\/i>\u00a0<i style=\"color: #ff0000;\">\u00e0 venir visiter le local de l<\/i><span style=\"color: #ff0000;\"><span style=\"caret-color: #ff0000;\"><i>\u2019<\/i><\/span><\/span><i style=\"color: #ff0000;\">Association.<\/i><\/strong><\/h3>\n<h3 style=\"text-align: center;\"><span style=\"color: #ff0000;\"><em><span style=\"color: #ff0000;\">Vous trouverez tous les renseignements \u00e0 la page <a title=\"Contacts.\" href=\"https:\/\/meriller-vapeur.fr\/wp3\/?page_id=73\">CONTACTS<\/a> du site.<\/span><\/em><\/span><\/h3>\n<hr \/>\n<p style=\"text-align: center;\"><em><strong><a title=\"Go to the english page of this site\" href=\"https:\/\/meriller-vapeur.fr\/wp3\/?page_id=11472\">English Page\u00a0:\u00a0<\/a><a href=\"https:\/\/meriller-vapeur.fr\/wp3\/?page_id=11472\"><img loading=\"lazy\" decoding=\"async\" class=\"alignnone\" src=\"https:\/\/www.meriller-vapeur.fr\/imagesindex\/unionjack.png\" alt=\"site in english\" width=\"43\" height=\"44\" align=\"middle\" border=\"0\" \/><\/a><\/strong><\/em><\/p>\n<hr \/>\n<h1 style=\"text-align: center;\">Les partenaires qui nous ont aid\u00e9s et nous permettent<\/h1>\n<h1 style=\"text-align: center;\">de poursuivre nos activit\u00e9s sont list\u00e9s ci-dessous :<\/h1>\n<\/div>\n<div class=\"layoutArea\" style=\"text-align: left;\">\n<hr \/>\n<h3 style=\"text-align: center;\">LA VILLE DE COULOUNIEIX-CHAMIERS QUI NOUS AIDE TR\u00c8S PARTICULI\u00c8REMENT <img loading=\"lazy\" decoding=\"async\" class=\"size-medium wp-image-14167 aligncenter\" src=\"https:\/\/meriller-vapeur.fr\/wp3\/wp-content\/uploads\/2022\/06\/20220618-Logo-Coulounieix-Chamiers-300x77.jpg\" alt=\"\" width=\"300\" height=\"77\" srcset=\"https:\/\/meriller-vapeur.fr\/wp3\/wp-content\/uploads\/2022\/06\/20220618-Logo-Coulounieix-Chamiers-300x77.jpg 300w, https:\/\/meriller-vapeur.fr\/wp3\/wp-content\/uploads\/2022\/06\/20220618-Logo-Coulounieix-Chamiers-660x169.jpg 660w, https:\/\/meriller-vapeur.fr\/wp3\/wp-content\/uploads\/2022\/06\/20220618-Logo-Coulounieix-Chamiers.jpg 710w\" sizes=\"auto, (max-width: 300px) 100vw, 300px\" \/><\/h3>\n<hr \/>\n<table style=\"height: 100px;\" border=\"20\" width=\"662\" align=\"center\">\n<tbody>\n<tr bgcolor=\"#FFFFFF\">\n<td style=\"text-align: center;\"><strong>COMMUNAUT\u00c9 D\u2019AGGLOM\u00c9RATION<\/strong><br \/>\n<a href=\"http:\/\/www.agglo-perigueux.fr\" target=\"_blank\" rel=\"noopener noreferrer\"><br \/>\n<img loading=\"lazy\" decoding=\"async\" class=\"wp-image-2223 size-full\" src=\"https:\/\/meriller-vapeur.fr\/wp3\/wp-content\/uploads\/2014\/04\/Le-Grand-Perigueux-Communaute-d-agglomeration-e1411653087538.jpg\" alt=\"Le-Grand-Perigueux-Communaute-d-agglomeration\" width=\"171\" height=\"90\" \/><\/a><\/td>\n<\/tr>\n<\/tbody>\n<\/table>\n<\/div>\n<hr \/>\n<table style=\"height: 185px;\" border=\"2\" width=\"637\" align=\"center\">\n<tbody>\n<tr bgcolor=\"#000000\">\n<td bgcolor=\"#F46523\">\n<div style=\"text-align: center;\" align=\"&quot;center\"><span style=\"color: #000000;\"><strong>CONSEIL D\u00c9PARTEMENTAL\u00a0DE LA DORDOGNE<\/strong><\/span><\/div>\n<div style=\"text-align: justify;\" align=\"center\"><a href=\"http:\/\/www.dordogne.fr\" target=\"_blank\" rel=\"noopener noreferrer\"><img loading=\"lazy\" decoding=\"async\" class=\"aligncenter wp-image-4252\" src=\"https:\/\/meriller-vapeur.fr\/wp3\/wp-content\/uploads\/2014\/09\/logo-cd-2015-quadri-Horizontale-300x143.jpg\" alt=\"logo cd 2015 quadri Horizontale\" width=\"210\" height=\"107\" \/><\/a><\/div>\n<\/td>\n<td bgcolor=\"#F46523\"><\/td>\n<\/tr>\n<\/tbody>\n<\/table>\n<hr \/>\n<table style=\"height: 167px;\" border=\"2\" width=\"265\" align=\"center\">\n<tbody>\n<tr bgcolor=\"#FFCC99\">\n<td bgcolor=\"#EA8C21\">\n<div style=\"text-align: center;\" align=\"center\"><strong>Le LYC\u00c9E CLAVEILLE de PERIGUEUX<\/strong><\/div>\n<div align=\"center\"><a href=\"http:\/\/www.claveille.org\/\" target=\"_blank\" rel=\"noopener noreferrer\"><img loading=\"lazy\" decoding=\"async\" class=\"alignnone\" style=\"border: 0px;\" src=\"https:\/\/www.meriller-vapeur.fr\/imagesindex\/logos\/logclave_1280x1024.jpg\" alt=\"Lyc\u00e9e Claveille\" width=\"108\" height=\"84\" border=\"0\" \/><\/a><\/div>\n<\/td>\n<td bgcolor=\"#EA8C21\"><\/td>\n<\/tr>\n<\/tbody>\n<\/table>\n<p>&nbsp;<\/p>\n<hr \/>\n<p style=\"text-align: center;\"><strong>TECHNICENTRE SNCF CHARENTES P\u00c9RIGORD.<\/strong><a><img loading=\"lazy\" decoding=\"async\" class=\"aligncenter wp-image-2215\" src=\"https:\/\/meriller-vapeur.fr\/wp3\/wp-content\/uploads\/2014\/04\/SNCF_Logo2011-300x158.jpg\" alt=\"SNCF_Logo2011\" width=\"140\" height=\"78\" \/><\/a><\/p>\n<p style=\"text-align: center;\"><strong>SERVICE ARCHIVES DOCUMENTATION CENTRE DES ARCHIVES HISTORIQUES &#8211; LE MANS<\/strong><\/p>\n<hr \/>\n<p style=\"text-align: center;\"><strong>ASSOCIATION DE PR\u00c9VENTION LE CHEMIN, P\u00c9RIGUEUX.<a href=\"http:\/\/www.lechemin24.fr\" target=\"_blank\" rel=\"noopener noreferrer\"><img loading=\"lazy\" decoding=\"async\" class=\"aligncenter wp-image-6288 size-full\" src=\"https:\/\/meriller-vapeur.fr\/wp3\/wp-content\/uploads\/2014\/09\/lechemin-base.png\" alt=\"lechemin-base\" width=\"145\" height=\"112\" \/><\/a><\/strong><\/p>\n<hr \/>\n<h3 style=\"text-align: center;\">Pour son aide importante pour le Site de NIVERSAC en cours d\u2019am\u00e9nagement,<\/h3>\n<h3 style=\"text-align: center;\">nous remercions tr\u00e8s particuli\u00e8rement<\/h3>\n<h3 style=\"text-align: center;\"><span style=\"font-size: x-large;\"><span style=\"text-decoration: underline;\">Clive Lamming<\/span> \u00ab\u00a0TRAIN CONSULTANT\u00a0\u00bb <\/span><\/h3>\n<p style=\"text-align: center;\"><span style=\"font-size: x-large;\">Les chemins de fer vus par <\/span><span style=\"font-size: x-large;\">un historien des chemins de fer.<\/span><\/p>\n<h3 style=\"text-align: center;\"><b><span style=\"font-size: large;\">Visiter le\u00a0<a href=\"https:\/\/trainconsultant.com\/2019\/04\/30\/puis-je-me-presenter\/\" target=\"_blank\" rel=\"noopener\">Site Internet de Clive Lamming<\/a><\/span><\/b><\/h3>\n<hr \/>\n<p><img loading=\"lazy\" decoding=\"async\" class=\"wp-image-13922 size-full\" src=\"https:\/\/meriller-vapeur.fr\/wp3\/wp-content\/uploads\/2022\/02\/tendercomplet-1024x337-1.jpg\" alt=\"\" width=\"1024\" height=\"235\" srcset=\"https:\/\/meriller-vapeur.fr\/wp3\/wp-content\/uploads\/2022\/02\/tendercomplet-1024x337-1.jpg 1024w, https:\/\/meriller-vapeur.fr\/wp3\/wp-content\/uploads\/2022\/02\/tendercomplet-1024x337-1-300x69.jpg 300w, https:\/\/meriller-vapeur.fr\/wp3\/wp-content\/uploads\/2022\/02\/tendercomplet-1024x337-1-768x176.jpg 768w, https:\/\/meriller-vapeur.fr\/wp3\/wp-content\/uploads\/2022\/02\/tendercomplet-1024x337-1-660x151.jpg 660w\" sizes=\"auto, (max-width: 1024px) 100vw, 1024px\" \/> Locomotive DECAPOD 6065 (\u00e9galement d\u00e9nomm\u00e9e 150A65) sur le Rond-Point de Meriller, Route de Bordeaux.<\/p>\n<hr \/>\n<p style=\"text-align: center;\"><strong>Page d\u2019accueil mise \u00e0 jour le 21\/12\/2023. <\/strong><\/p>\n<hr \/>\n<h2 style=\"text-align: center;\"><a href=\"https:\/\/meriller-vapeur.fr\/wp3\/?page_id=8501\">En savoir plus sur la Protection des donn\u00e9es et Politique de confidentialit\u00e9.<\/a><\/h2>\n<pre><\/pre>\n<div class=\"pvc_clear\"><\/div>\n<p id=\"pvc_stats_3037\" class=\"pvc_stats all  \" data-element-id=\"3037\" style=\"\"><i class=\"pvc-stats-icon medium\" aria-hidden=\"true\"><svg aria-hidden=\"true\" focusable=\"false\" data-prefix=\"far\" data-icon=\"chart-bar\" role=\"img\" xmlns=\"http:\/\/www.w3.org\/2000\/svg\" viewBox=\"0 0 512 512\" class=\"svg-inline--fa fa-chart-bar fa-w-16 fa-2x\"><path fill=\"currentColor\" d=\"M396.8 352h22.4c6.4 0 12.8-6.4 12.8-12.8V108.8c0-6.4-6.4-12.8-12.8-12.8h-22.4c-6.4 0-12.8 6.4-12.8 12.8v230.4c0 6.4 6.4 12.8 12.8 12.8zm-192 0h22.4c6.4 0 12.8-6.4 12.8-12.8V140.8c0-6.4-6.4-12.8-12.8-12.8h-22.4c-6.4 0-12.8 6.4-12.8 12.8v198.4c0 6.4 6.4 12.8 12.8 12.8zm96 0h22.4c6.4 0 12.8-6.4 12.8-12.8V204.8c0-6.4-6.4-12.8-12.8-12.8h-22.4c-6.4 0-12.8 6.4-12.8 12.8v134.4c0 6.4 6.4 12.8 12.8 12.8zM496 400H48V80c0-8.84-7.16-16-16-16H16C7.16 64 0 71.16 0 80v336c0 17.67 14.33 32 32 32h464c8.84 0 16-7.16 16-16v-16c0-8.84-7.16-16-16-16zm-387.2-48h22.4c6.4 0 12.8-6.4 12.8-12.8v-70.4c0-6.4-6.4-12.8-12.8-12.8h-22.4c-6.4 0-12.8 6.4-12.8 12.8v70.4c0 6.4 6.4 12.8 12.8 12.8z\" class=\"\"><\/path><\/svg><\/i> <img loading=\"lazy\" decoding=\"async\" width=\"16\" height=\"16\" alt=\"Loading\" src=\"https:\/\/meriller-vapeur.fr\/wp3\/wp-content\/plugins\/page-views-count\/ajax-loader-2x.gif\" border=0 \/><\/p>\n<div class=\"pvc_clear\"><\/div>\n","protected":false},"excerpt":{"rendered":"<p>Association d\u00e9di\u00e9e \u00e0 la sauvegarde et \u00e0 la promotion des actions de mise en valeur du patrimoine ferroviaire de la Dordogne, ainsi qu&rsquo;au mod\u00e9lisme ferroviaire. &nbsp; Niversac : \u00a0un site ferroviaire qui \u00e9volue, encore et encore ! Le projet de R\u00c9NOVATION DU SITE s&rsquo;est poursuivi en 2022, et la suite de ces op\u00e9rations est VISIBLE\u2026 <span class=\"read-more\"><a href=\"https:\/\/meriller-vapeur.fr\/wp3\/\">Read More &raquo;<\/a><\/span><\/p>\n<div class=\"pvc_clear\"><\/div>\n<p id=\"pvc_stats_3037\" class=\"pvc_stats all  \" data-element-id=\"3037\" style=\"\"><i class=\"pvc-stats-icon medium\" aria-hidden=\"true\"><svg aria-hidden=\"true\" focusable=\"false\" data-prefix=\"far\" data-icon=\"chart-bar\" role=\"img\" xmlns=\"http:\/\/www.w3.org\/2000\/svg\" viewBox=\"0 0 512 512\" class=\"svg-inline--fa fa-chart-bar fa-w-16 fa-2x\"><path fill=\"currentColor\" d=\"M396.8 352h22.4c6.4 0 12.8-6.4 12.8-12.8V108.8c0-6.4-6.4-12.8-12.8-12.8h-22.4c-6.4 0-12.8 6.4-12.8 12.8v230.4c0 6.4 6.4 12.8 12.8 12.8zm-192 0h22.4c6.4 0 12.8-6.4 12.8-12.8V140.8c0-6.4-6.4-12.8-12.8-12.8h-22.4c-6.4 0-12.8 6.4-12.8 12.8v198.4c0 6.4 6.4 12.8 12.8 12.8zm96 0h22.4c6.4 0 12.8-6.4 12.8-12.8V204.8c0-6.4-6.4-12.8-12.8-12.8h-22.4c-6.4 0-12.8 6.4-12.8 12.8v134.4c0 6.4 6.4 12.8 12.8 12.8zM496 400H48V80c0-8.84-7.16-16-16-16H16C7.16 64 0 71.16 0 80v336c0 17.67 14.33 32 32 32h464c8.84 0 16-7.16 16-16v-16c0-8.84-7.16-16-16-16zm-387.2-48h22.4c6.4 0 12.8-6.4 12.8-12.8v-70.4c0-6.4-6.4-12.8-12.8-12.8h-22.4c-6.4 0-12.8 6.4-12.8 12.8v70.4c0 6.4 6.4 12.8 12.8 12.8z\" class=\"\"><\/path><\/svg><\/i> <img loading=\"lazy\" decoding=\"async\" width=\"16\" height=\"16\" alt=\"Loading\" src=\"https:\/\/meriller-vapeur.fr\/wp3\/wp-content\/plugins\/page-views-count\/ajax-loader-2x.gif\" border=0 \/><\/p>\n<div class=\"pvc_clear\"><\/div>\n","protected":false},"author":1,"featured_media":0,"parent":0,"menu_order":0,"comment_status":"open","ping_status":"open","template":"page-templates\/full-width.php","meta":{"footnotes":""},"class_list":["post-3037","page","type-page","status-publish","hentry"],"_links":{"self":[{"href":"https:\/\/meriller-vapeur.fr\/wp3\/index.php?rest_route=\/wp\/v2\/pages\/3037","targetHints":{"allow":["GET"]}}],"collection":[{"href":"https:\/\/meriller-vapeur.fr\/wp3\/index.php?rest_route=\/wp\/v2\/pages"}],"about":[{"href":"https:\/\/meriller-vapeur.fr\/wp3\/index.php?rest_route=\/wp\/v2\/types\/page"}],"author":[{"embeddable":true,"href":"https:\/\/meriller-vapeur.fr\/wp3\/index.php?rest_route=\/wp\/v2\/users\/1"}],"replies":[{"embeddable":true,"href":"https:\/\/meriller-vapeur.fr\/wp3\/index.php?rest_route=%2Fwp%2Fv2%2Fcomments&post=3037"}],"version-history":[{"count":36,"href":"https:\/\/meriller-vapeur.fr\/wp3\/index.php?rest_route=\/wp\/v2\/pages\/3037\/revisions"}],"predecessor-version":[{"id":15805,"href":"https:\/\/meriller-vapeur.fr\/wp3\/index.php?rest_route=\/wp\/v2\/pages\/3037\/revisions\/15805"}],"wp:attachment":[{"href":"https:\/\/meriller-vapeur.fr\/wp3\/index.php?rest_route=%2Fwp%2Fv2%2Fmedia&parent=3037"}],"curies":[{"name":"wp","href":"https:\/\/api.w.org\/{rel}","templated":true}]}}