{"id":263,"date":"2017-12-18T08:00:38","date_gmt":"2017-12-18T07:00:38","guid":{"rendered":"http:\/\/meriller-vapeur.fr\/wp3\/?page_id=263"},"modified":"2020-10-25T12:04:16","modified_gmt":"2020-10-25T11:04:16","slug":"263-2","status":"publish","type":"page","link":"https:\/\/meriller-vapeur.fr\/wp3\/?page_id=263","title":{"rendered":"EXPOSITIONS\u00a0: les photos."},"content":{"rendered":"<h2>L&rsquo;Association\u00a0participe r\u00e9guli\u00e8rement \u00e0 diverses expositions :<\/h2>\n<p style=\"padding-left: 30px;\">Vous trouverez ci-dessous les reportages photographiques de ces expositions, tels que nous les adressent les membres participants <em>(par ordre chronologique inverse, les plus anciennes en bas<\/em>).<\/p>\n<ol>\n<li>2 et 3 d\u00e9cembre 2017 :\u00a0<a href=\"https:\/\/meriller-vapeur.fr\/wp3\/?page_id=8101\">March\u00e9 de No\u00ebl \u00e0 COULOUNIEIX-CHAMIERS.<\/a><\/li>\n<li>25 et 26 novembre 2017 :\u00a0<a href=\"https:\/\/meriller-vapeur.fr\/wp3\/?page_id=8006\">6\u00e8me Salon R\u00e9gional M\u00c9MOIRE R\u00c9SISTANCE ET D\u00c9PORTATION.<\/a><\/li>\n<li>6 au 10 novembre 2017 : <a href=\"https:\/\/meriller-vapeur.fr\/wp3\/?page_id=7880\">COMIT\u00c9 du CENTENAIRE 1914-1918 \u00e0\u00a0COULOUNIEIX-CHAMIERS<\/a><\/li>\n<li>Novembre 2017 : <a href=\"https:\/\/meriller-vapeur.fr\/wp3\/?page_id=7959\">Le Train Briviste Corr\u00e9zien : Exposition \u00e0 Bussi\u00e8re-Galant.<\/a><\/li>\n<li>22 octobre 2017 :\u00a0<a href=\"https:\/\/meriller-vapeur.fr\/wp3\/?page_id=7925\">6 \u00e8me Bourse de Saint-Astier 2017<\/a><\/li>\n<li>16 au 19 septembre 2017 : <a href=\"https:\/\/meriller-vapeur.fr\/wp3\/?page_id=7768\">Journ\u00e9es du Patrimoine \u00e0 Port-Sainte-Foy.<\/a><\/li>\n<li>16 au\u00a030\u00a0avril 2017\u00a0:\u00a0<a href=\"https:\/\/meriller-vapeur.fr\/wp3\/?page_id=7297\">Meriller-Vapeur 24 expose dans la Galerie Marchande du LECLERC Tr\u00e9lissac!<\/a><\/li>\n<li>3 et 4 d\u00e9cembre 2016\u00a0: \u00a0<a href=\"https:\/\/meriller-vapeur.fr\/wp3\/?page_id=6822\">Marche de No\u00ebl au Ch\u00e2teau des Izards\u00a0Coulounieix-Chamiers .<\/a><\/li>\n<li>14 &amp; 15 mai 2016\u00a0: <a href=\"https:\/\/meriller-vapeur.fr\/wp3\/?page_id=5740\">SALON REPLIKA 2016 \u00e0 TRELISSAC (24)<\/a>.<\/li>\n<li>27 mars 2016\u00a0: <a href=\"https:\/\/meriller-vapeur.fr\/wp3\/?page_id=5496\">Salon des collectionneurs de Bergerac.<\/a><\/li>\n<li>18 et 19 novembre 2015\u00a0: <a href=\"https:\/\/meriller-vapeur.fr\/wp3\/?page_id=5119\">exposition EHPAD\u00a0les Ch\u00eanes\u00a0Verts, AGONAC.<\/a><\/li>\n<li>Octobre 2015\u00a0: <a href=\"https:\/\/meriller-vapeur.fr\/wp3\/?page_id=5027\">Animation dans la Galerie marchande d\u2019AUCHAN Marsac.<\/a><\/li>\n<li>Septembre 2015\u00a0: <a href=\"https:\/\/meriller-vapeur.fr\/wp3\/?page_id=4601\">Foire Exposition de P\u00e9rigueux (trois pages de photos).<\/a><\/li>\n<li>30\u00a0ao\u00fbt 2015\u00a0: <a href=\"https:\/\/meriller-vapeur.fr\/wp3\/?page_id=4439\">Bourse aux Jouets de\u00a0Coulounieix-Chamiers .<\/a><\/li>\n<li>17 mai 2015\u00a0: <a href=\"https:\/\/meriller-vapeur.fr\/wp3\/?page_id=4089\">Exposition de Bassillac 2015.<\/a><\/li>\n<li>9 et 10 avril 2015\u00a0:\u00a0<a title=\"Maison de retraite \u00ab\u00a0RESIDENCE D AUTOMNE\u00a0\u00bb Notre Dame de Sanilhac.\" href=\"https:\/\/meriller-vapeur.fr\/wp3\/?page_id=3740\">Maison de retraite \u00a0\u00ab\u00a0RESIDENCE D AUTOMNE\u00a0\u00bb Notre Dame de Sanilhac.<\/a><\/li>\n<li>16\u00a0au 23 d\u00e9cembre 2014\u00a0:\u00a0<a title=\"Meriller-Vapeur 24 \u00e0 JARDILAND CHANCELADE!\" href=\"https:\/\/meriller-vapeur.fr\/wp3\/?page_id=3448\">Meriller-Vapeur 24 \u00e0 JARDILAND CHANCELADE<\/a>.<\/li>\n<li>7 au 16 novembre 2014\u00a0: <a title=\"EXPOSITION 14-18 Salle\u00a0G\u00e9rard\u00a0Philipe\u00a0\u00e0 COULOUNIEIX BOURG du 7 au 16novembre 2014.\" href=\"https:\/\/meriller-vapeur.fr\/wp3\/?page_id=3232\">EXPOSITION 14-18 Salle G\u00e9rard Philipe \u00e0 COULOUNIEIX BOURG.<\/a><\/li>\n<li>24 octobre 2014\u00a0&#8211; <a title=\"Maison de Retraite d\u2019Agonac, 24 octobre 2014\" href=\"https:\/\/meriller-vapeur.fr\/wp3\/?page_id=3132\">Maison de Retraite du Lyonnet \u00e0 AGONAC<\/a>.<\/li>\n<li><span style=\"color: #373737;\">24 juillet 2014 &#8211; <a title=\"La TOUR BLANCHE, 24 juillet 2014.\" href=\"https:\/\/meriller-vapeur.fr\/wp3\/?p=2760\">Exposition La TOUR BLANCHE<\/a>.<br \/>\n<\/span><\/li>\n<li>18 mai 2014\u00a0&#8211; <a title=\"Bassillac et Chancelade le 18 mai 2014.\" href=\"https:\/\/meriller-vapeur.fr\/wp3\/?p=2437\">Chancelade et Bassillac&#8230;<\/a><\/li>\n<li>10 mai 2014 &#8211; <a title=\"Brant\u00f4me, 5\u00e8me Salon des Collectionneurs 2014.\" href=\"https:\/\/meriller-vapeur.fr\/wp3\/2014-0510\/\">Brant\u00f4me, 5\u00e8me salon des collectionneurs<\/a>.<\/li>\n<li>15 d\u00e9cembre 2013 &#8211; <a title=\"Les expositions chez Jardiland \u2013 No\u00ebl 2013.\" href=\"https:\/\/meriller-vapeur.fr\/wp3\/?page_id=1405\">Les Magasins Jardiland de P\u00e9rigueux accueillent\u00a0Meriller-Vapeur 24 pour No\u00eb<\/a>l.<\/li>\n<li>15 septembre 2013 &#8211; <a title=\"BASSILAC Exposition 2013.\" href=\"https:\/\/meriller-vapeur.fr\/wp3\/?page_id=830\">Exposition annuelle \u00e0 BASSILAC<\/a><\/li>\n<li>20 ao\u00fbt\u00a02013 &#8211;\u00a0<a title=\"La Ligne P\u00e9rigueux-Agen a 150 ans d\u2019existence (suite \u2013 2)\" href=\"https:\/\/meriller-vapeur.fr\/wp3\/?page_id=643\">Exposition du Buisson de Cadouin : suite N\u00b02 des photos<\/a>.<\/li>\n<li>ao\u00fbt 2013 &#8211;\u00a0<a href=\"https:\/\/meriller-vapeur.fr\/wp3\/wp-content\/uploads\/2013\/08\/VdR.pdf\" target=\"_blank\" rel=\"noopener noreferrer\">Les 150 ans de la Ligne P\u00e9rigueux-Agen, un extrait de presse\u00a0: La Vie du Rail<\/a>.<\/li>\n<li>11 ao\u00fbt\u00a02013 &#8211;\u00a0<a title=\"La Ligne P\u00e9rigueux-Agen a 150 ans d\u2019existence (suite)\" href=\"https:\/\/meriller-vapeur.fr\/wp3\/?page_id=564\">Exposition du Buisson de Cadouin : suite des photos<\/a>.<\/li>\n<li>ao\u00fbt 2013 &#8211;\u00a0<a title=\"La Ligne P\u00e9rigueux-Agen a 150 ans d\u2019existence!\" href=\"https:\/\/meriller-vapeur.fr\/wp3\/?p=554\" target=\"_blank\" rel=\"noopener noreferrer\">Exposition du Buisson de Cadouin : les 150 ans de la Ligne P\u00e9rigueux-Agen<\/a>\u00a0(4 pleines pages).<\/li>\n<li>19 mai 2013 &#8211;\u00a0<a href=\"https:\/\/meriller-vapeur.fr\/activites\/photosexpos\/bassillac2013\/bassillac2013.html\" target=\"_blank\" rel=\"noopener noreferrer\">Expo de Bassillac 2013.<\/a><\/li>\n<li>14\/23 d\u00e9cembre 2012 &#8211;\u00a0<a href=\"https:\/\/meriller-vapeur.fr\/activites\/photosexpos\/jardiland2012-2\/jardiland2012-2.html\" target=\"_blank\" rel=\"noopener noreferrer\">Les photos de l&rsquo;Exposition \u00e0 Jardiland en d\u00e9cembre 2012.<\/a><\/li>\n<li>d\u00e9cembre 2012 &#8211;\u00a0<a href=\"https:\/\/meriller-vapeur.fr\/activites\/photosexpos\/jardiland2012-1\/jardiland2012-1.html\" target=\"_blank\" rel=\"noopener noreferrer\">Mise en place de l&rsquo;exposition \u00e0 Jardiland en d\u00e9cembre 2012.<\/a><\/li>\n<li>\u00a0d\u00e9cembre 2012 &#8211;\u00a0<a href=\"https:\/\/meriller-vapeur.fr\/activites\/photosexpos\/jardiland2012\/jardiland2012permanence.html\" target=\"_blank\" rel=\"noopener noreferrer\">Jardiland 2012 (pr\u00e9paration de l&rsquo;Expo)\u00a0et\u00a0PLANING DES PERMANENCES<\/a><\/li>\n<li><a href=\"https:\/\/meriller-vapeur.fr\/activites\/photosexpos\/marchenoel-assos2012\/2012-12.html\" target=\"_blank\" rel=\"noopener noreferrer\">March\u00e9 de No\u00ebl des Associations, d\u00e9cembre 2012 \u00e0 COULOUNIEIX-CHAMIERS.<\/a><\/li>\n<li><a href=\"https:\/\/meriller-vapeur.fr\/activites\/photosexpos\/bassillac_cheneraie2012\/bassillac_19oct2012.html\" target=\"_blank\" rel=\"noopener noreferrer\">Exposition de Bassiliac 16 octobre 2012.<\/a><\/li>\n<li><a href=\"https:\/\/meriller-vapeur.fr\/activites\/photosexpos\/bassillac2012\/bassillac2012.html\" target=\"_blank\" rel=\"noopener noreferrer\">Exposition de Bassiliac 20 mai 2012<\/a>.<\/li>\n<li><a href=\"https:\/\/meriller-vapeur.fr\/activites\/photosexpos\/chancelade2012\/chancelade2012.html\" target=\"_blank\" rel=\"noopener noreferrer\">Exposition au Bois de Chancelade 13 mai 2012.<\/a><\/li>\n<li><a href=\"https:\/\/meriller-vapeur.fr\/activites\/photosexpos\/chapelle_gonaguet2012-1\/chapelle_gonaguet2012.html\" target=\"_blank\" rel=\"noopener noreferrer\">Exposition \u00e0 La Chapelle Gonaguet 29 avril 2012.<\/a><\/li>\n<li><a href=\"https:\/\/meriller-vapeur.fr\/activites\/photosexpos\/neige2011\/neigemeriller2011.html\" target=\"_blank\" rel=\"noopener noreferrer\">Neige sur le Village de Meriller&#8230; Mairie de Coulounieix-Chamiers, d\u00e9c.2011 et jan.2012.<\/a><\/li>\n<li><a href=\"https:\/\/meriller-vapeur.fr\/activites\/photosexpos\/marchenoel2011\/marchenoel2011.html\" target=\"_blank\" rel=\"noopener noreferrer\">March\u00e9 de No\u00ebl \u00e0 Coulounieix-Chamiers, les 3 &amp; 4 d\u00e9cembre 2011.<\/a><\/li>\n<li><a href=\"https:\/\/meriller-vapeur.fr\/activites\/photosexpos\/trelissac2011\/trelissacmedia.html\" target=\"_blank\" rel=\"noopener noreferrer\">Exposition \u00ab\u00a0R\u00eaves \u00e0 grande vitesse\u00a0\u00bb M\u00e9diath\u00e8que de Trelissac Nov.\/D\u00e9c. 2011<\/a><\/li>\n<li><a href=\"https:\/\/meriller-vapeur.fr\/activites\/photosexpos\/salonresistance\/salonresistance.html\" target=\"_blank\" rel=\"noopener noreferrer\">3\u00e8me Salon r\u00e9gional M\u00e9moire, R\u00e9sistance et D\u00e9portation Nov. 2011<\/a><\/li>\n<li><a href=\"https:\/\/meriller-vapeur.fr\/activites\/photosexpos\/forumasso2011\/forumasso.html\" target=\"_blank\" rel=\"noopener noreferrer\">Forum asso 2011<\/a><\/li>\n<li><a href=\"https:\/\/meriller-vapeur.fr\/activites\/photosexpos\/coppo2011\/copo.html\" target=\"_blank\" rel=\"noopener noreferrer\">Expo du Copo 2011<\/a><\/li>\n<li><a href=\"https:\/\/meriller-vapeur.fr\/activites\/photosexpos\/negrondes2011\/negrondes2011.html\" target=\"_blank\" rel=\"noopener noreferrer\">Expo de N\u00e9grondes 2011<\/a><\/li>\n<li><a href=\"https:\/\/meriller-vapeur.fr\/activites\/photosexpos\/bassilac\/bassillac.html\" target=\"_blank\" rel=\"noopener noreferrer\">Expo de Bassillac 2011<\/a><\/li>\n<li><a href=\"https:\/\/meriller-vapeur.fr\/activites\/photosexpos\/castillon2011\/castillon.html\" target=\"_blank\" rel=\"noopener noreferrer\">Expo de Castillon 2011<\/a><\/li>\n<li><a href=\"https:\/\/meriller-vapeur.fr\/activites\/photosexpos\/razac2011\/razac2011.html\" target=\"_blank\" rel=\"noopener noreferrer\">Expo de Razac 2011<\/a><\/li>\n<li><a href=\"https:\/\/meriller-vapeur.fr\/activites\/photosexpos\/rouffignac2009\/rouffignac2009.html\" target=\"_blank\" rel=\"noopener noreferrer\">Expo de Rouffignac 2009<\/a><\/li>\n<li><a href=\"https:\/\/meriller-vapeur.fr\/activites\/photosexpos\/pradoux2008\/pradoux2008.html\" target=\"_blank\" rel=\"noopener noreferrer\">Expo St Front de Pradoux 2008<\/a><\/li>\n<\/ol>\n<p><em>Page mise \u00e0 jour le 18-12-2017,<\/em><br \/>\n<em>\u00e0 suivre\u2026<\/em><br \/>\n______________<\/p>\n<p>&nbsp;<\/p>\n<div class=\"pvc_clear\"><\/div>\n<p id=\"pvc_stats_263\" class=\"pvc_stats all  \" data-element-id=\"263\" style=\"\"><i class=\"pvc-stats-icon medium\" aria-hidden=\"true\"><svg aria-hidden=\"true\" focusable=\"false\" data-prefix=\"far\" data-icon=\"chart-bar\" role=\"img\" xmlns=\"http:\/\/www.w3.org\/2000\/svg\" viewBox=\"0 0 512 512\" class=\"svg-inline--fa fa-chart-bar fa-w-16 fa-2x\"><path fill=\"currentColor\" d=\"M396.8 352h22.4c6.4 0 12.8-6.4 12.8-12.8V108.8c0-6.4-6.4-12.8-12.8-12.8h-22.4c-6.4 0-12.8 6.4-12.8 12.8v230.4c0 6.4 6.4 12.8 12.8 12.8zm-192 0h22.4c6.4 0 12.8-6.4 12.8-12.8V140.8c0-6.4-6.4-12.8-12.8-12.8h-22.4c-6.4 0-12.8 6.4-12.8 12.8v198.4c0 6.4 6.4 12.8 12.8 12.8zm96 0h22.4c6.4 0 12.8-6.4 12.8-12.8V204.8c0-6.4-6.4-12.8-12.8-12.8h-22.4c-6.4 0-12.8 6.4-12.8 12.8v134.4c0 6.4 6.4 12.8 12.8 12.8zM496 400H48V80c0-8.84-7.16-16-16-16H16C7.16 64 0 71.16 0 80v336c0 17.67 14.33 32 32 32h464c8.84 0 16-7.16 16-16v-16c0-8.84-7.16-16-16-16zm-387.2-48h22.4c6.4 0 12.8-6.4 12.8-12.8v-70.4c0-6.4-6.4-12.8-12.8-12.8h-22.4c-6.4 0-12.8 6.4-12.8 12.8v70.4c0 6.4 6.4 12.8 12.8 12.8z\" class=\"\"><\/path><\/svg><\/i> <img loading=\"lazy\" decoding=\"async\" width=\"16\" height=\"16\" alt=\"Loading\" src=\"https:\/\/meriller-vapeur.fr\/wp3\/wp-content\/plugins\/page-views-count\/ajax-loader-2x.gif\" border=0 \/><\/p>\n<div class=\"pvc_clear\"><\/div>\n","protected":false},"excerpt":{"rendered":"<p>L&rsquo;Association\u00a0participe r\u00e9guli\u00e8rement \u00e0 diverses expositions : Vous trouverez ci-dessous les reportages photographiques de ces expositions, tels que nous les adressent les membres participants (par ordre chronologique inverse, les plus anciennes en bas). 2 et 3 d\u00e9cembre 2017 :\u00a0March\u00e9 de No\u00ebl \u00e0 COULOUNIEIX-CHAMIERS. 25 et 26 novembre 2017 :\u00a06\u00e8me Salon R\u00e9gional M\u00c9MOIRE R\u00c9SISTANCE ET D\u00c9PORTATION. 6\u2026 <span class=\"read-more\"><a href=\"https:\/\/meriller-vapeur.fr\/wp3\/?page_id=263\">Read More &raquo;<\/a><\/span><\/p>\n<div class=\"pvc_clear\"><\/div>\n<p id=\"pvc_stats_263\" class=\"pvc_stats all  \" data-element-id=\"263\" style=\"\"><i class=\"pvc-stats-icon medium\" aria-hidden=\"true\"><svg aria-hidden=\"true\" focusable=\"false\" data-prefix=\"far\" data-icon=\"chart-bar\" role=\"img\" xmlns=\"http:\/\/www.w3.org\/2000\/svg\" viewBox=\"0 0 512 512\" class=\"svg-inline--fa fa-chart-bar fa-w-16 fa-2x\"><path fill=\"currentColor\" d=\"M396.8 352h22.4c6.4 0 12.8-6.4 12.8-12.8V108.8c0-6.4-6.4-12.8-12.8-12.8h-22.4c-6.4 0-12.8 6.4-12.8 12.8v230.4c0 6.4 6.4 12.8 12.8 12.8zm-192 0h22.4c6.4 0 12.8-6.4 12.8-12.8V140.8c0-6.4-6.4-12.8-12.8-12.8h-22.4c-6.4 0-12.8 6.4-12.8 12.8v198.4c0 6.4 6.4 12.8 12.8 12.8zm96 0h22.4c6.4 0 12.8-6.4 12.8-12.8V204.8c0-6.4-6.4-12.8-12.8-12.8h-22.4c-6.4 0-12.8 6.4-12.8 12.8v134.4c0 6.4 6.4 12.8 12.8 12.8zM496 400H48V80c0-8.84-7.16-16-16-16H16C7.16 64 0 71.16 0 80v336c0 17.67 14.33 32 32 32h464c8.84 0 16-7.16 16-16v-16c0-8.84-7.16-16-16-16zm-387.2-48h22.4c6.4 0 12.8-6.4 12.8-12.8v-70.4c0-6.4-6.4-12.8-12.8-12.8h-22.4c-6.4 0-12.8 6.4-12.8 12.8v70.4c0 6.4 6.4 12.8 12.8 12.8z\" class=\"\"><\/path><\/svg><\/i> <img loading=\"lazy\" decoding=\"async\" width=\"16\" height=\"16\" alt=\"Loading\" src=\"https:\/\/meriller-vapeur.fr\/wp3\/wp-content\/plugins\/page-views-count\/ajax-loader-2x.gif\" border=0 \/><\/p>\n<div class=\"pvc_clear\"><\/div>\n","protected":false},"author":1,"featured_media":0,"parent":139,"menu_order":0,"comment_status":"open","ping_status":"open","template":"","meta":{"footnotes":""},"class_list":["post-263","page","type-page","status-publish","hentry"],"a3_pvc":{"activated":true,"total_views":2402,"today_views":0},"_links":{"self":[{"href":"https:\/\/meriller-vapeur.fr\/wp3\/index.php?rest_route=\/wp\/v2\/pages\/263","targetHints":{"allow":["GET"]}}],"collection":[{"href":"https:\/\/meriller-vapeur.fr\/wp3\/index.php?rest_route=\/wp\/v2\/pages"}],"about":[{"href":"https:\/\/meriller-vapeur.fr\/wp3\/index.php?rest_route=\/wp\/v2\/types\/page"}],"author":[{"embeddable":true,"href":"https:\/\/meriller-vapeur.fr\/wp3\/index.php?rest_route=\/wp\/v2\/users\/1"}],"replies":[{"embeddable":true,"href":"https:\/\/meriller-vapeur.fr\/wp3\/index.php?rest_route=%2Fwp%2Fv2%2Fcomments&post=263"}],"version-history":[{"count":0,"href":"https:\/\/meriller-vapeur.fr\/wp3\/index.php?rest_route=\/wp\/v2\/pages\/263\/revisions"}],"up":[{"embeddable":true,"href":"https:\/\/meriller-vapeur.fr\/wp3\/index.php?rest_route=\/wp\/v2\/pages\/139"}],"wp:attachment":[{"href":"https:\/\/meriller-vapeur.fr\/wp3\/index.php?rest_route=%2Fwp%2Fv2%2Fmedia&parent=263"}],"curies":[{"name":"wp","href":"https:\/\/api.w.org\/{rel}","templated":true}]}}