{"id":2578,"date":"2014-06-08T18:45:39","date_gmt":"2014-06-08T16:45:39","guid":{"rendered":"http:\/\/meriller-vapeur.fr\/wp3\/?page_id=2578"},"modified":"2021-10-16T16:23:44","modified_gmt":"2021-10-16T14:23:44","slug":"2014-06-05","status":"publish","type":"page","link":"https:\/\/meriller-vapeur.fr\/wp3\/?page_id=2578","title":{"rendered":"Travaux de printemps sur le Rond-Point de Meriller (SUITE)."},"content":{"rendered":"<p><a href=\"https:\/\/meriller-vapeur.fr\/wp3\/?page_id=2660\">&lt;&lt;&lt;&lt;&lt;&lt; Retour<\/a><\/p>\n<h1 class=\"entry-title\" style=\"color: #222222;\">La suite des travaux se poursuit\u00a0:<\/h1>\n<p><span style=\"color: #000000;\">Peinture de la loco les\u00a05 et 6 juin 2014. Ont particip\u00e9, avec le Pr\u00e9sident\u00a0ROGER MAROUBY\u00a0:<\/span><\/p>\n<ul>\n<li>SERGE REIX<\/li>\n<li>ALAIN GOURGUET<\/li>\n<li>PATRICK DAUDOU<\/li>\n<li>PIERRE PERRIER<\/li>\n<li>SYLVESTRE JANICOT<\/li>\n<li>GILBERT URSO<\/li>\n<li>Et&#8230; ROBERT SAINT-JUST pour l&rsquo;intendance!<\/li>\n<\/ul>\n<p><strong>Nous les remercions tr\u00e8s vivement de leur disponibilit\u00e9!<\/strong><\/p>\n<blockquote><p><span style=\"color: #000000;\"><em><strong>NOTA\u00a0:<\/strong><\/em> La fin des travaux de la 1\u00e8re tranche est pr\u00e9vue mercredi 11 et\u00a0jeudi 12 juin 2014, merci aux volontaires de se faire conna\u00eetre aupr\u00e8s du Pr\u00e9sident.<\/span><\/p><\/blockquote>\n<p>Les photos\u00a0:<\/p>\n\n\t\t<style type=\"text\/css\">\n\t\t\t#gallery-1 {\n\t\t\t\tmargin: auto;\n\t\t\t}\n\t\t\t#gallery-1 .gallery-item {\n\t\t\t\tfloat: left;\n\t\t\t\tmargin-top: 10px;\n\t\t\t\ttext-align: center;\n\t\t\t\twidth: 33%;\n\t\t\t}\n\t\t\t#gallery-1 img {\n\t\t\t\tborder: 2px solid #cfcfcf;\n\t\t\t}\n\t\t\t#gallery-1 .gallery-caption {\n\t\t\t\tmargin-left: 0;\n\t\t\t}\n\t\t\t\/* see gallery_shortcode() in wp-includes\/media.php *\/\n\t\t<\/style>\n\t\t<div id='gallery-1' class='gallery galleryid-2578 gallery-columns-3 gallery-size-medium'><dl class='gallery-item'>\n\t\t\t<dt class='gallery-icon landscape'>\n\t\t\t\t<a href='https:\/\/meriller-vapeur.fr\/wp3\/?attachment_id=2590'><img loading=\"lazy\" decoding=\"async\" width=\"300\" height=\"225\" src=\"https:\/\/meriller-vapeur.fr\/wp3\/wp-content\/uploads\/2014\/06\/DSC08587-QUELLE-EST-LA-MARQUE-DE-LA-PEINTURE-300x225.jpg\" class=\"attachment-medium size-medium\" alt=\"\" aria-describedby=\"gallery-1-2590\" srcset=\"https:\/\/meriller-vapeur.fr\/wp3\/wp-content\/uploads\/2014\/06\/DSC08587-QUELLE-EST-LA-MARQUE-DE-LA-PEINTURE-300x225.jpg 300w, https:\/\/meriller-vapeur.fr\/wp3\/wp-content\/uploads\/2014\/06\/DSC08587-QUELLE-EST-LA-MARQUE-DE-LA-PEINTURE-1024x768.jpg 1024w\" sizes=\"auto, (max-width: 300px) 100vw, 300px\" \/><\/a>\n\t\t\t<\/dt>\n\t\t\t\t<dd class='wp-caption-text gallery-caption' id='gallery-1-2590'>\n\t\t\t\tQuelle est la marque de la peinture\n\t\t\t\t<\/dd><\/dl><dl class='gallery-item'>\n\t\t\t<dt class='gallery-icon landscape'>\n\t\t\t\t<a href='https:\/\/meriller-vapeur.fr\/wp3\/?attachment_id=2592'><img loading=\"lazy\" decoding=\"async\" width=\"300\" height=\"225\" src=\"https:\/\/meriller-vapeur.fr\/wp3\/wp-content\/uploads\/2014\/06\/DSC08590-SURPRISE-JEUDI-MATIN-ROBERT-SAINTJUST-AMENE-LE-CASSE-CROUTE-A-TOUTE-L-EQUIPE.-CASSE-CROUTE-TRES-APPRECIE-CAR-NON-PREVU.-300x225.jpg\" class=\"attachment-medium size-medium\" alt=\"\" aria-describedby=\"gallery-1-2592\" srcset=\"https:\/\/meriller-vapeur.fr\/wp3\/wp-content\/uploads\/2014\/06\/DSC08590-SURPRISE-JEUDI-MATIN-ROBERT-SAINTJUST-AMENE-LE-CASSE-CROUTE-A-TOUTE-L-EQUIPE.-CASSE-CROUTE-TRES-APPRECIE-CAR-NON-PREVU.-300x225.jpg 300w, https:\/\/meriller-vapeur.fr\/wp3\/wp-content\/uploads\/2014\/06\/DSC08590-SURPRISE-JEUDI-MATIN-ROBERT-SAINTJUST-AMENE-LE-CASSE-CROUTE-A-TOUTE-L-EQUIPE.-CASSE-CROUTE-TRES-APPRECIE-CAR-NON-PREVU.-1024x768.jpg 1024w\" sizes=\"auto, (max-width: 300px) 100vw, 300px\" \/><\/a>\n\t\t\t<\/dt>\n\t\t\t\t<dd class='wp-caption-text gallery-caption' id='gallery-1-2592'>\n\t\t\t\tSurprise jeudi matin Robert SAINTJUST am\u00e8ne le casse croute a toute l\u2019\u00e9quipe. Casse croute tr\u00e8s appr\u00e9ci\u00e9 car non pr\u00e9vu\n\t\t\t\t<\/dd><\/dl><dl class='gallery-item'>\n\t\t\t<dt class='gallery-icon landscape'>\n\t\t\t\t<a href='https:\/\/meriller-vapeur.fr\/wp3\/?attachment_id=2585'><img loading=\"lazy\" decoding=\"async\" width=\"300\" height=\"225\" src=\"https:\/\/meriller-vapeur.fr\/wp3\/wp-content\/uploads\/2014\/06\/DSC08571-PATRICK-ATTAQUE-LE-ROUGE.-IL-Y-EN-A-BESOIN-300x225.jpg\" class=\"attachment-medium size-medium\" alt=\"\" aria-describedby=\"gallery-1-2585\" srcset=\"https:\/\/meriller-vapeur.fr\/wp3\/wp-content\/uploads\/2014\/06\/DSC08571-PATRICK-ATTAQUE-LE-ROUGE.-IL-Y-EN-A-BESOIN-300x225.jpg 300w, https:\/\/meriller-vapeur.fr\/wp3\/wp-content\/uploads\/2014\/06\/DSC08571-PATRICK-ATTAQUE-LE-ROUGE.-IL-Y-EN-A-BESOIN-1024x768.jpg 1024w\" sizes=\"auto, (max-width: 300px) 100vw, 300px\" \/><\/a>\n\t\t\t<\/dt>\n\t\t\t\t<dd class='wp-caption-text gallery-caption' id='gallery-1-2585'>\n\t\t\t\tPatrick attaque le rouge. Il y en a besoin!\n\t\t\t\t<\/dd><\/dl><br style=\"clear: both\" \/><dl class='gallery-item'>\n\t\t\t<dt class='gallery-icon landscape'>\n\t\t\t\t<a href='https:\/\/meriller-vapeur.fr\/wp3\/?attachment_id=2586'><img loading=\"lazy\" decoding=\"async\" width=\"300\" height=\"225\" src=\"https:\/\/meriller-vapeur.fr\/wp3\/wp-content\/uploads\/2014\/06\/DSC08575-PIERRE-ET-ALAIN-LES-ECOLOS-ILS-ARRACHENT-LE-LIERRE-ET-L-HERBE-A-LA-MAIN.-300x225.jpg\" class=\"attachment-medium size-medium\" alt=\"\" aria-describedby=\"gallery-1-2586\" srcset=\"https:\/\/meriller-vapeur.fr\/wp3\/wp-content\/uploads\/2014\/06\/DSC08575-PIERRE-ET-ALAIN-LES-ECOLOS-ILS-ARRACHENT-LE-LIERRE-ET-L-HERBE-A-LA-MAIN.-300x225.jpg 300w, https:\/\/meriller-vapeur.fr\/wp3\/wp-content\/uploads\/2014\/06\/DSC08575-PIERRE-ET-ALAIN-LES-ECOLOS-ILS-ARRACHENT-LE-LIERRE-ET-L-HERBE-A-LA-MAIN.-1024x768.jpg 1024w\" sizes=\"auto, (max-width: 300px) 100vw, 300px\" \/><\/a>\n\t\t\t<\/dt>\n\t\t\t\t<dd class='wp-caption-text gallery-caption' id='gallery-1-2586'>\n\t\t\t\tPierre et Alain, les \u00c9colos, arrachent le lierre et l\u2019herbe \u00e0 la main\n\t\t\t\t<\/dd><\/dl><dl class='gallery-item'>\n\t\t\t<dt class='gallery-icon landscape'>\n\t\t\t\t<a href='https:\/\/meriller-vapeur.fr\/wp3\/?attachment_id=2582'><img loading=\"lazy\" decoding=\"async\" width=\"300\" height=\"225\" src=\"https:\/\/meriller-vapeur.fr\/wp3\/wp-content\/uploads\/2014\/06\/DSC08568-LE-FANAL-VA-BRILLER-300x225.jpg\" class=\"attachment-medium size-medium\" alt=\"\" aria-describedby=\"gallery-1-2582\" srcset=\"https:\/\/meriller-vapeur.fr\/wp3\/wp-content\/uploads\/2014\/06\/DSC08568-LE-FANAL-VA-BRILLER-300x225.jpg 300w, https:\/\/meriller-vapeur.fr\/wp3\/wp-content\/uploads\/2014\/06\/DSC08568-LE-FANAL-VA-BRILLER-1024x768.jpg 1024w\" sizes=\"auto, (max-width: 300px) 100vw, 300px\" \/><\/a>\n\t\t\t<\/dt>\n\t\t\t\t<dd class='wp-caption-text gallery-caption' id='gallery-1-2582'>\n\t\t\t\tLe fanal va briller.\n\t\t\t\t<\/dd><\/dl>\n\t\t\t<br style='clear: both' \/>\n\t\t<\/div>\n\n<pre>Page mise \u00e0 jour le 16-10-2021<\/pre>\n<div class=\"pvc_clear\"><\/div>\n<p id=\"pvc_stats_2578\" class=\"pvc_stats all  \" data-element-id=\"2578\" style=\"\"><i class=\"pvc-stats-icon medium\" aria-hidden=\"true\"><svg aria-hidden=\"true\" focusable=\"false\" data-prefix=\"far\" data-icon=\"chart-bar\" role=\"img\" xmlns=\"http:\/\/www.w3.org\/2000\/svg\" viewBox=\"0 0 512 512\" class=\"svg-inline--fa fa-chart-bar fa-w-16 fa-2x\"><path fill=\"currentColor\" d=\"M396.8 352h22.4c6.4 0 12.8-6.4 12.8-12.8V108.8c0-6.4-6.4-12.8-12.8-12.8h-22.4c-6.4 0-12.8 6.4-12.8 12.8v230.4c0 6.4 6.4 12.8 12.8 12.8zm-192 0h22.4c6.4 0 12.8-6.4 12.8-12.8V140.8c0-6.4-6.4-12.8-12.8-12.8h-22.4c-6.4 0-12.8 6.4-12.8 12.8v198.4c0 6.4 6.4 12.8 12.8 12.8zm96 0h22.4c6.4 0 12.8-6.4 12.8-12.8V204.8c0-6.4-6.4-12.8-12.8-12.8h-22.4c-6.4 0-12.8 6.4-12.8 12.8v134.4c0 6.4 6.4 12.8 12.8 12.8zM496 400H48V80c0-8.84-7.16-16-16-16H16C7.16 64 0 71.16 0 80v336c0 17.67 14.33 32 32 32h464c8.84 0 16-7.16 16-16v-16c0-8.84-7.16-16-16-16zm-387.2-48h22.4c6.4 0 12.8-6.4 12.8-12.8v-70.4c0-6.4-6.4-12.8-12.8-12.8h-22.4c-6.4 0-12.8 6.4-12.8 12.8v70.4c0 6.4 6.4 12.8 12.8 12.8z\" class=\"\"><\/path><\/svg><\/i> <img loading=\"lazy\" decoding=\"async\" width=\"16\" height=\"16\" alt=\"Loading\" src=\"https:\/\/meriller-vapeur.fr\/wp3\/wp-content\/plugins\/page-views-count\/ajax-loader-2x.gif\" border=0 \/><\/p>\n<div class=\"pvc_clear\"><\/div>\n","protected":false},"excerpt":{"rendered":"<p>&lt;&lt;&lt;&lt;&lt;&lt; Retour La suite des travaux se poursuit\u00a0: Peinture de la loco les\u00a05 et 6 juin 2014. Ont particip\u00e9, avec le Pr\u00e9sident\u00a0ROGER MAROUBY\u00a0: SERGE REIX ALAIN GOURGUET PATRICK DAUDOU PIERRE PERRIER SYLVESTRE JANICOT GILBERT URSO Et&#8230; ROBERT SAINT-JUST pour l&rsquo;intendance! Nous les remercions tr\u00e8s vivement de leur disponibilit\u00e9! NOTA\u00a0: La fin des travaux de la\u2026 <span class=\"read-more\"><a href=\"https:\/\/meriller-vapeur.fr\/wp3\/?page_id=2578\">Read More &raquo;<\/a><\/span><\/p>\n<div class=\"pvc_clear\"><\/div>\n<p id=\"pvc_stats_2578\" class=\"pvc_stats all  \" data-element-id=\"2578\" style=\"\"><i class=\"pvc-stats-icon medium\" aria-hidden=\"true\"><svg aria-hidden=\"true\" focusable=\"false\" data-prefix=\"far\" data-icon=\"chart-bar\" role=\"img\" xmlns=\"http:\/\/www.w3.org\/2000\/svg\" viewBox=\"0 0 512 512\" class=\"svg-inline--fa fa-chart-bar fa-w-16 fa-2x\"><path fill=\"currentColor\" d=\"M396.8 352h22.4c6.4 0 12.8-6.4 12.8-12.8V108.8c0-6.4-6.4-12.8-12.8-12.8h-22.4c-6.4 0-12.8 6.4-12.8 12.8v230.4c0 6.4 6.4 12.8 12.8 12.8zm-192 0h22.4c6.4 0 12.8-6.4 12.8-12.8V140.8c0-6.4-6.4-12.8-12.8-12.8h-22.4c-6.4 0-12.8 6.4-12.8 12.8v198.4c0 6.4 6.4 12.8 12.8 12.8zm96 0h22.4c6.4 0 12.8-6.4 12.8-12.8V204.8c0-6.4-6.4-12.8-12.8-12.8h-22.4c-6.4 0-12.8 6.4-12.8 12.8v134.4c0 6.4 6.4 12.8 12.8 12.8zM496 400H48V80c0-8.84-7.16-16-16-16H16C7.16 64 0 71.16 0 80v336c0 17.67 14.33 32 32 32h464c8.84 0 16-7.16 16-16v-16c0-8.84-7.16-16-16-16zm-387.2-48h22.4c6.4 0 12.8-6.4 12.8-12.8v-70.4c0-6.4-6.4-12.8-12.8-12.8h-22.4c-6.4 0-12.8 6.4-12.8 12.8v70.4c0 6.4 6.4 12.8 12.8 12.8z\" class=\"\"><\/path><\/svg><\/i> <img loading=\"lazy\" decoding=\"async\" width=\"16\" height=\"16\" alt=\"Loading\" src=\"https:\/\/meriller-vapeur.fr\/wp3\/wp-content\/plugins\/page-views-count\/ajax-loader-2x.gif\" border=0 \/><\/p>\n<div class=\"pvc_clear\"><\/div>\n","protected":false},"author":1,"featured_media":0,"parent":1360,"menu_order":2,"comment_status":"open","ping_status":"open","template":"page-templates\/full-width.php","meta":{"footnotes":""},"class_list":["post-2578","page","type-page","status-publish","hentry"],"a3_pvc":{"activated":true,"total_views":227,"today_views":0},"_links":{"self":[{"href":"https:\/\/meriller-vapeur.fr\/wp3\/index.php?rest_route=\/wp\/v2\/pages\/2578","targetHints":{"allow":["GET"]}}],"collection":[{"href":"https:\/\/meriller-vapeur.fr\/wp3\/index.php?rest_route=\/wp\/v2\/pages"}],"about":[{"href":"https:\/\/meriller-vapeur.fr\/wp3\/index.php?rest_route=\/wp\/v2\/types\/page"}],"author":[{"embeddable":true,"href":"https:\/\/meriller-vapeur.fr\/wp3\/index.php?rest_route=\/wp\/v2\/users\/1"}],"replies":[{"embeddable":true,"href":"https:\/\/meriller-vapeur.fr\/wp3\/index.php?rest_route=%2Fwp%2Fv2%2Fcomments&post=2578"}],"version-history":[{"count":0,"href":"https:\/\/meriller-vapeur.fr\/wp3\/index.php?rest_route=\/wp\/v2\/pages\/2578\/revisions"}],"up":[{"embeddable":true,"href":"https:\/\/meriller-vapeur.fr\/wp3\/index.php?rest_route=\/wp\/v2\/pages\/1360"}],"wp:attachment":[{"href":"https:\/\/meriller-vapeur.fr\/wp3\/index.php?rest_route=%2Fwp%2Fv2%2Fmedia&parent=2578"}],"curies":[{"name":"wp","href":"https:\/\/api.w.org\/{rel}","templated":true}]}}