{"id":2528,"date":"2014-05-24T16:24:21","date_gmt":"2014-05-24T14:24:21","guid":{"rendered":"http:\/\/meriller-vapeur.fr\/wp3\/?page_id=2528"},"modified":"2021-10-16T16:46:13","modified_gmt":"2021-10-16T14:46:13","slug":"2014-2205","status":"publish","type":"page","link":"https:\/\/meriller-vapeur.fr\/wp3\/?page_id=2528","title":{"rendered":"Travaux de printemps sur le Rond-Point de Meriller."},"content":{"rendered":"<p><a href=\"https:\/\/meriller-vapeur.fr\/wp3\/?page_id=2660\">&lt;&lt;&lt;&lt;&lt;&lt; Retour<\/a><\/p>\n<p style=\"color: #000000;\">22 mai 2014.<\/p>\n<p style=\"color: #000000;\">Comme chaque ann\u00e9e, au sortir de l&rsquo;hiver, quelques remises en \u00e9tat s&rsquo;imposent sur le Locomotive P.O. du Rond-Point de M\u00e9riller et sur les accessoires qui l&rsquo;entourent\u00a0:<\/p>\n<ul>\n<li>d\u00e9capage du toit du tender\u00a0:\u00a0peinture\u00a0\u00e9caill\u00e9e<\/li>\n<li>peinture du heurtoir<\/li>\n<li>peinture de la barri\u00e8re<\/li>\n<\/ul>\n<p style=\"color: #000000;\">La suite semaine prochaine si la m\u00e9t\u00e9o nous est favorable!<\/p>\n<blockquote>\n<h3 style=\"color: #000000;\"><strong>A CE SUJET, LE PR\u00c9SIDENT RAPPELLE<\/strong> :<\/h3>\n<h3 style=\"color: #000000; text-align: justify;\">IL SERAIT UTILE QUE TOUS LES MEMBRES DE L&rsquo;ASSOCIATION MERILLER-VAPEUR 24 SOIENT CONSCIENT QUE CES TRAVAUX SONT PLUS FACILES \u00c0 FAIRE SI L&rsquo;ON EST NOMBREUX.<br \/>\nTROIS PERSONNES SEULEMENT AVEC LE PR\u00c9SIDENT CETTE SEMAINE, C&rsquo;EST UN PEU \u00ab\u00a0COURT\u00a0\u00bb, NON? SI CHACUN DES SOIXANTE ADH\u00c9RENTS ACCEPTAIT, SUIVANT SES COMP\u00c9TENCES, DE CONSACRER UNE \u00c0 DEUX JOURN\u00c9ES PAR AN AUX TRAVAUX G\u00c9N\u00c9RAUX DU CLUB, CEUX-CI DEVIENDRAIENT UNE PARTIE DE PLAISIR!<\/h3>\n<\/blockquote>\n<p style=\"color: #000000;\">Merci d&rsquo;avance aux volontaires&#8230;<\/p>\n<p style=\"color: #000000;\">NOTA\u00a0: <a title=\"Travaux de printemps sur le Rond-Point de Meriller (SUITE).\" href=\"http:\/\/meriller-vapeur.fr\/wp3\/2014-0622\/1360-2\/2014-06-05\/\">LA SUITE DES PHOTOS &gt;&gt;&gt;&gt;&gt;&gt;ICI!<\/a><\/p>\n<p style=\"color: #000000;\">Voici donc les photos\u00a0:<\/p>\n\n\t\t<style type=\"text\/css\">\n\t\t\t#gallery-1 {\n\t\t\t\tmargin: auto;\n\t\t\t}\n\t\t\t#gallery-1 .gallery-item {\n\t\t\t\tfloat: left;\n\t\t\t\tmargin-top: 10px;\n\t\t\t\ttext-align: center;\n\t\t\t\twidth: 33%;\n\t\t\t}\n\t\t\t#gallery-1 img {\n\t\t\t\tborder: 2px solid #cfcfcf;\n\t\t\t}\n\t\t\t#gallery-1 .gallery-caption {\n\t\t\t\tmargin-left: 0;\n\t\t\t}\n\t\t\t\/* see gallery_shortcode() in wp-includes\/media.php *\/\n\t\t<\/style>\n\t\t<div id='gallery-1' class='gallery galleryid-2528 gallery-columns-3 gallery-size-medium'><dl class='gallery-item'>\n\t\t\t<dt class='gallery-icon landscape'>\n\t\t\t\t<a href='https:\/\/meriller-vapeur.fr\/wp3\/?attachment_id=2535'><img loading=\"lazy\" decoding=\"async\" width=\"300\" height=\"225\" src=\"https:\/\/meriller-vapeur.fr\/wp3\/wp-content\/uploads\/2014\/05\/DSC08536-300x225.jpg\" class=\"attachment-medium size-medium\" alt=\"\" srcset=\"https:\/\/meriller-vapeur.fr\/wp3\/wp-content\/uploads\/2014\/05\/DSC08536-300x225.jpg 300w, https:\/\/meriller-vapeur.fr\/wp3\/wp-content\/uploads\/2014\/05\/DSC08536-1024x768.jpg 1024w, https:\/\/meriller-vapeur.fr\/wp3\/wp-content\/uploads\/2014\/05\/DSC08536.jpg 1250w\" sizes=\"auto, (max-width: 300px) 100vw, 300px\" \/><\/a>\n\t\t\t<\/dt><\/dl><dl class='gallery-item'>\n\t\t\t<dt class='gallery-icon landscape'>\n\t\t\t\t<a href='https:\/\/meriller-vapeur.fr\/wp3\/?attachment_id=2541'><img loading=\"lazy\" decoding=\"async\" width=\"300\" height=\"225\" src=\"https:\/\/meriller-vapeur.fr\/wp3\/wp-content\/uploads\/2014\/05\/DSC08542-300x225.jpg\" class=\"attachment-medium size-medium\" alt=\"\" aria-describedby=\"gallery-1-2541\" srcset=\"https:\/\/meriller-vapeur.fr\/wp3\/wp-content\/uploads\/2014\/05\/DSC08542-300x225.jpg 300w, https:\/\/meriller-vapeur.fr\/wp3\/wp-content\/uploads\/2014\/05\/DSC08542-1024x768.jpg 1024w, https:\/\/meriller-vapeur.fr\/wp3\/wp-content\/uploads\/2014\/05\/DSC08542.jpg 1250w\" sizes=\"auto, (max-width: 300px) 100vw, 300px\" \/><\/a>\n\t\t\t<\/dt>\n\t\t\t\t<dd class='wp-caption-text gallery-caption' id='gallery-1-2541'>\n\t\t\t\tLe Pr\u00e9sident au boulot.\n\t\t\t\t<\/dd><\/dl>\n\t\t\t<br style='clear: both' \/>\n\t\t<\/div>\n\n<div class=\"pvc_clear\"><\/div>\n<p id=\"pvc_stats_2528\" class=\"pvc_stats all  \" data-element-id=\"2528\" style=\"\"><i class=\"pvc-stats-icon medium\" aria-hidden=\"true\"><svg aria-hidden=\"true\" focusable=\"false\" data-prefix=\"far\" data-icon=\"chart-bar\" role=\"img\" xmlns=\"http:\/\/www.w3.org\/2000\/svg\" viewBox=\"0 0 512 512\" class=\"svg-inline--fa fa-chart-bar fa-w-16 fa-2x\"><path fill=\"currentColor\" d=\"M396.8 352h22.4c6.4 0 12.8-6.4 12.8-12.8V108.8c0-6.4-6.4-12.8-12.8-12.8h-22.4c-6.4 0-12.8 6.4-12.8 12.8v230.4c0 6.4 6.4 12.8 12.8 12.8zm-192 0h22.4c6.4 0 12.8-6.4 12.8-12.8V140.8c0-6.4-6.4-12.8-12.8-12.8h-22.4c-6.4 0-12.8 6.4-12.8 12.8v198.4c0 6.4 6.4 12.8 12.8 12.8zm96 0h22.4c6.4 0 12.8-6.4 12.8-12.8V204.8c0-6.4-6.4-12.8-12.8-12.8h-22.4c-6.4 0-12.8 6.4-12.8 12.8v134.4c0 6.4 6.4 12.8 12.8 12.8zM496 400H48V80c0-8.84-7.16-16-16-16H16C7.16 64 0 71.16 0 80v336c0 17.67 14.33 32 32 32h464c8.84 0 16-7.16 16-16v-16c0-8.84-7.16-16-16-16zm-387.2-48h22.4c6.4 0 12.8-6.4 12.8-12.8v-70.4c0-6.4-6.4-12.8-12.8-12.8h-22.4c-6.4 0-12.8 6.4-12.8 12.8v70.4c0 6.4 6.4 12.8 12.8 12.8z\" class=\"\"><\/path><\/svg><\/i> <img loading=\"lazy\" decoding=\"async\" width=\"16\" height=\"16\" alt=\"Loading\" src=\"https:\/\/meriller-vapeur.fr\/wp3\/wp-content\/plugins\/page-views-count\/ajax-loader-2x.gif\" border=0 \/><\/p>\n<div class=\"pvc_clear\"><\/div>\n","protected":false},"excerpt":{"rendered":"<p>&lt;&lt;&lt;&lt;&lt;&lt; Retour 22 mai 2014. Comme chaque ann\u00e9e, au sortir de l&rsquo;hiver, quelques remises en \u00e9tat s&rsquo;imposent sur le Locomotive P.O. du Rond-Point de M\u00e9riller et sur les accessoires qui l&rsquo;entourent\u00a0: d\u00e9capage du toit du tender\u00a0:\u00a0peinture\u00a0\u00e9caill\u00e9e peinture du heurtoir peinture de la barri\u00e8re La suite semaine prochaine si la m\u00e9t\u00e9o nous est favorable! A CE\u2026 <span class=\"read-more\"><a href=\"https:\/\/meriller-vapeur.fr\/wp3\/?page_id=2528\">Read More &raquo;<\/a><\/span><\/p>\n<div class=\"pvc_clear\"><\/div>\n<p id=\"pvc_stats_2528\" class=\"pvc_stats all  \" data-element-id=\"2528\" style=\"\"><i class=\"pvc-stats-icon medium\" aria-hidden=\"true\"><svg aria-hidden=\"true\" focusable=\"false\" data-prefix=\"far\" data-icon=\"chart-bar\" role=\"img\" xmlns=\"http:\/\/www.w3.org\/2000\/svg\" viewBox=\"0 0 512 512\" class=\"svg-inline--fa fa-chart-bar fa-w-16 fa-2x\"><path fill=\"currentColor\" d=\"M396.8 352h22.4c6.4 0 12.8-6.4 12.8-12.8V108.8c0-6.4-6.4-12.8-12.8-12.8h-22.4c-6.4 0-12.8 6.4-12.8 12.8v230.4c0 6.4 6.4 12.8 12.8 12.8zm-192 0h22.4c6.4 0 12.8-6.4 12.8-12.8V140.8c0-6.4-6.4-12.8-12.8-12.8h-22.4c-6.4 0-12.8 6.4-12.8 12.8v198.4c0 6.4 6.4 12.8 12.8 12.8zm96 0h22.4c6.4 0 12.8-6.4 12.8-12.8V204.8c0-6.4-6.4-12.8-12.8-12.8h-22.4c-6.4 0-12.8 6.4-12.8 12.8v134.4c0 6.4 6.4 12.8 12.8 12.8zM496 400H48V80c0-8.84-7.16-16-16-16H16C7.16 64 0 71.16 0 80v336c0 17.67 14.33 32 32 32h464c8.84 0 16-7.16 16-16v-16c0-8.84-7.16-16-16-16zm-387.2-48h22.4c6.4 0 12.8-6.4 12.8-12.8v-70.4c0-6.4-6.4-12.8-12.8-12.8h-22.4c-6.4 0-12.8 6.4-12.8 12.8v70.4c0 6.4 6.4 12.8 12.8 12.8z\" class=\"\"><\/path><\/svg><\/i> <img loading=\"lazy\" decoding=\"async\" width=\"16\" height=\"16\" alt=\"Loading\" src=\"https:\/\/meriller-vapeur.fr\/wp3\/wp-content\/plugins\/page-views-count\/ajax-loader-2x.gif\" border=0 \/><\/p>\n<div class=\"pvc_clear\"><\/div>\n","protected":false},"author":1,"featured_media":0,"parent":1360,"menu_order":1,"comment_status":"open","ping_status":"open","template":"page-templates\/full-width.php","meta":{"footnotes":""},"class_list":["post-2528","page","type-page","status-publish","hentry"],"a3_pvc":{"activated":true,"total_views":195,"today_views":0},"_links":{"self":[{"href":"https:\/\/meriller-vapeur.fr\/wp3\/index.php?rest_route=\/wp\/v2\/pages\/2528","targetHints":{"allow":["GET"]}}],"collection":[{"href":"https:\/\/meriller-vapeur.fr\/wp3\/index.php?rest_route=\/wp\/v2\/pages"}],"about":[{"href":"https:\/\/meriller-vapeur.fr\/wp3\/index.php?rest_route=\/wp\/v2\/types\/page"}],"author":[{"embeddable":true,"href":"https:\/\/meriller-vapeur.fr\/wp3\/index.php?rest_route=\/wp\/v2\/users\/1"}],"replies":[{"embeddable":true,"href":"https:\/\/meriller-vapeur.fr\/wp3\/index.php?rest_route=%2Fwp%2Fv2%2Fcomments&post=2528"}],"version-history":[{"count":0,"href":"https:\/\/meriller-vapeur.fr\/wp3\/index.php?rest_route=\/wp\/v2\/pages\/2528\/revisions"}],"up":[{"embeddable":true,"href":"https:\/\/meriller-vapeur.fr\/wp3\/index.php?rest_route=\/wp\/v2\/pages\/1360"}],"wp:attachment":[{"href":"https:\/\/meriller-vapeur.fr\/wp3\/index.php?rest_route=%2Fwp%2Fv2%2Fmedia&parent=2528"}],"curies":[{"name":"wp","href":"https:\/\/api.w.org\/{rel}","templated":true}]}}