{"id":2168,"date":"2014-03-26T12:18:29","date_gmt":"2014-03-26T11:18:29","guid":{"rendered":"http:\/\/meriller-vapeur.fr\/wp3\/?page_id=2168"},"modified":"2016-04-13T15:46:27","modified_gmt":"2016-04-13T13:46:27","slug":"credits","status":"publish","type":"page","link":"https:\/\/meriller-vapeur.fr\/wp3\/?page_id=2168","title":{"rendered":"Cr\u00e9dits\u00a0: A propos de ce site&#8230;"},"content":{"rendered":"<p><strong><em>Ce site doit tout aux B\u00e9n\u00e9voles du Club Meriller-Vapeur 24 qui ont cr\u00e9\u00e9 cette association en 2003.<\/em><\/strong><\/p>\n<p>Il a pour objet essentiel de rappeler aux visiteurs l\u2019existence de cette association, d\u2019informer sur sa vocation,\u00a0ses travaux et aussi d\u2019inciter les anciens comme les plus jeunes \u00e0 la rejoindre.<br \/>\nIl sera donc la \u00abvitrine\u00bb du Club.<\/p>\n<p>Il est r\u00e9guli\u00e8rement mis \u00e0 jour, mettez le dans vos favoris, ou mieux, utilisez les LIENS RSS qui figurent sur les pages du site, ou ici\u00a0: \u00a0<a title=\"Suivez ce site par syndication RSS 2.0\" href=\"http:\/\/meriller-vapeur.fr\/wp3\/feed\/\">Flux\u00a0<abbr title=\"Really Simple Syndication\">RSS<\/abbr>\u00a0des articles<\/a><\/p>\n<p>&nbsp;<\/p>\n<h1><span style=\"text-decoration: underline;\">Ce qu\u2019il est bon de savoir&#8230;<\/span><\/h1>\n<blockquote>\n<h2>Cr\u00e9dits photos et vid\u00e9os:<\/h2>\n<ul>\n<li>Tous les documents dont propri\u00e9t\u00e9 du Club et des b\u00e9n\u00e9voles.<\/li>\n<li>Les extraits de Presse sont propri\u00e9t\u00e9 le leurs \u00e9metteurs signal\u00e9s pour chaque document.<\/li>\n<li>\u00a0Ce site est h\u00e9berg\u00e9 <a title=\"Site de la Soci\u00e9t\u00e9 OVH\" href=\"http:\/\/www.ovh.com\/fr\/\" target=\"_blank\"><strong>chez OVH\u00a0<\/strong><img loading=\"lazy\" decoding=\"async\" class=\"alignnone wp-image-2169\" src=\"http:\/\/meriller-vapeur.fr\/wp3\/wp-content\/uploads\/2014\/03\/logo.png\" alt=\"logo\" width=\"169\" height=\"32\" \/><\/a><\/li>\n<\/ul>\n<\/blockquote>\n<p>\u00a9meriller-vapeur.fr et jmquidet, tous droits r\u00e9serv\u00e9s.<\/p>\n<p>&nbsp;<\/p>\n<p>&nbsp;<\/p>\n<div class=\"pvc_clear\"><\/div>\n<p id=\"pvc_stats_2168\" class=\"pvc_stats all  \" data-element-id=\"2168\" style=\"\"><i class=\"pvc-stats-icon medium\" aria-hidden=\"true\"><svg aria-hidden=\"true\" focusable=\"false\" data-prefix=\"far\" data-icon=\"chart-bar\" role=\"img\" xmlns=\"http:\/\/www.w3.org\/2000\/svg\" viewBox=\"0 0 512 512\" class=\"svg-inline--fa fa-chart-bar fa-w-16 fa-2x\"><path fill=\"currentColor\" d=\"M396.8 352h22.4c6.4 0 12.8-6.4 12.8-12.8V108.8c0-6.4-6.4-12.8-12.8-12.8h-22.4c-6.4 0-12.8 6.4-12.8 12.8v230.4c0 6.4 6.4 12.8 12.8 12.8zm-192 0h22.4c6.4 0 12.8-6.4 12.8-12.8V140.8c0-6.4-6.4-12.8-12.8-12.8h-22.4c-6.4 0-12.8 6.4-12.8 12.8v198.4c0 6.4 6.4 12.8 12.8 12.8zm96 0h22.4c6.4 0 12.8-6.4 12.8-12.8V204.8c0-6.4-6.4-12.8-12.8-12.8h-22.4c-6.4 0-12.8 6.4-12.8 12.8v134.4c0 6.4 6.4 12.8 12.8 12.8zM496 400H48V80c0-8.84-7.16-16-16-16H16C7.16 64 0 71.16 0 80v336c0 17.67 14.33 32 32 32h464c8.84 0 16-7.16 16-16v-16c0-8.84-7.16-16-16-16zm-387.2-48h22.4c6.4 0 12.8-6.4 12.8-12.8v-70.4c0-6.4-6.4-12.8-12.8-12.8h-22.4c-6.4 0-12.8 6.4-12.8 12.8v70.4c0 6.4 6.4 12.8 12.8 12.8z\" class=\"\"><\/path><\/svg><\/i> <img loading=\"lazy\" decoding=\"async\" width=\"16\" height=\"16\" alt=\"Loading\" src=\"https:\/\/meriller-vapeur.fr\/wp3\/wp-content\/plugins\/page-views-count\/ajax-loader-2x.gif\" border=0 \/><\/p>\n<div class=\"pvc_clear\"><\/div>\n","protected":false},"excerpt":{"rendered":"<p>Ce site doit tout aux B\u00e9n\u00e9voles du Club Meriller-Vapeur 24 qui ont cr\u00e9\u00e9 cette association en 2003. Il a pour objet essentiel de rappeler aux visiteurs l\u2019existence de cette association, d\u2019informer sur sa vocation,\u00a0ses travaux et aussi d\u2019inciter les anciens comme les plus jeunes \u00e0 la rejoindre. Il sera donc la \u00abvitrine\u00bb du Club. Il\u2026 <span class=\"read-more\"><a href=\"https:\/\/meriller-vapeur.fr\/wp3\/?page_id=2168\">Read More &raquo;<\/a><\/span><\/p>\n<div class=\"pvc_clear\"><\/div>\n<p id=\"pvc_stats_2168\" class=\"pvc_stats all  \" data-element-id=\"2168\" style=\"\"><i class=\"pvc-stats-icon medium\" aria-hidden=\"true\"><svg aria-hidden=\"true\" focusable=\"false\" data-prefix=\"far\" data-icon=\"chart-bar\" role=\"img\" xmlns=\"http:\/\/www.w3.org\/2000\/svg\" viewBox=\"0 0 512 512\" class=\"svg-inline--fa fa-chart-bar fa-w-16 fa-2x\"><path fill=\"currentColor\" d=\"M396.8 352h22.4c6.4 0 12.8-6.4 12.8-12.8V108.8c0-6.4-6.4-12.8-12.8-12.8h-22.4c-6.4 0-12.8 6.4-12.8 12.8v230.4c0 6.4 6.4 12.8 12.8 12.8zm-192 0h22.4c6.4 0 12.8-6.4 12.8-12.8V140.8c0-6.4-6.4-12.8-12.8-12.8h-22.4c-6.4 0-12.8 6.4-12.8 12.8v198.4c0 6.4 6.4 12.8 12.8 12.8zm96 0h22.4c6.4 0 12.8-6.4 12.8-12.8V204.8c0-6.4-6.4-12.8-12.8-12.8h-22.4c-6.4 0-12.8 6.4-12.8 12.8v134.4c0 6.4 6.4 12.8 12.8 12.8zM496 400H48V80c0-8.84-7.16-16-16-16H16C7.16 64 0 71.16 0 80v336c0 17.67 14.33 32 32 32h464c8.84 0 16-7.16 16-16v-16c0-8.84-7.16-16-16-16zm-387.2-48h22.4c6.4 0 12.8-6.4 12.8-12.8v-70.4c0-6.4-6.4-12.8-12.8-12.8h-22.4c-6.4 0-12.8 6.4-12.8 12.8v70.4c0 6.4 6.4 12.8 12.8 12.8z\" class=\"\"><\/path><\/svg><\/i> <img loading=\"lazy\" decoding=\"async\" width=\"16\" height=\"16\" alt=\"Loading\" src=\"https:\/\/meriller-vapeur.fr\/wp3\/wp-content\/plugins\/page-views-count\/ajax-loader-2x.gif\" border=0 \/><\/p>\n<div class=\"pvc_clear\"><\/div>\n","protected":false},"author":1,"featured_media":0,"parent":73,"menu_order":0,"comment_status":"open","ping_status":"open","template":"tmp-threecolumn.php","meta":{"footnotes":""},"class_list":["post-2168","page","type-page","status-publish","hentry"],"a3_pvc":{"activated":true,"total_views":910,"today_views":0},"_links":{"self":[{"href":"https:\/\/meriller-vapeur.fr\/wp3\/index.php?rest_route=\/wp\/v2\/pages\/2168","targetHints":{"allow":["GET"]}}],"collection":[{"href":"https:\/\/meriller-vapeur.fr\/wp3\/index.php?rest_route=\/wp\/v2\/pages"}],"about":[{"href":"https:\/\/meriller-vapeur.fr\/wp3\/index.php?rest_route=\/wp\/v2\/types\/page"}],"author":[{"embeddable":true,"href":"https:\/\/meriller-vapeur.fr\/wp3\/index.php?rest_route=\/wp\/v2\/users\/1"}],"replies":[{"embeddable":true,"href":"https:\/\/meriller-vapeur.fr\/wp3\/index.php?rest_route=%2Fwp%2Fv2%2Fcomments&post=2168"}],"version-history":[{"count":0,"href":"https:\/\/meriller-vapeur.fr\/wp3\/index.php?rest_route=\/wp\/v2\/pages\/2168\/revisions"}],"up":[{"embeddable":true,"href":"https:\/\/meriller-vapeur.fr\/wp3\/index.php?rest_route=\/wp\/v2\/pages\/73"}],"wp:attachment":[{"href":"https:\/\/meriller-vapeur.fr\/wp3\/index.php?rest_route=%2Fwp%2Fv2%2Fmedia&parent=2168"}],"curies":[{"name":"wp","href":"https:\/\/api.w.org\/{rel}","templated":true}]}}