{"id":207,"date":"2013-06-27T11:05:52","date_gmt":"2013-06-27T09:05:52","guid":{"rendered":"http:\/\/meriller-vapeur.fr\/wp3\/?page_id=207"},"modified":"2019-10-07T17:20:12","modified_gmt":"2019-10-07T15:20:12","slug":"207-2","status":"publish","type":"page","link":"https:\/\/meriller-vapeur.fr\/wp3\/?page_id=207","title":{"rendered":"SOUSCRIPTION pour la construction d&rsquo;un TENDER."},"content":{"rendered":"<h1>TENDER\u00a0: SOUSCRIPTION<\/h1>\n<h1 style=\"text-align: justify;\"><span style=\"color: #ff0000;\"><span style=\"color: #ff0000;\">\u00a0 &#8211; \u00a0Janvier 2015<\/span><\/span><span style=\"color: #ff0000;\"><span style=\"color: #ff0000;\">\u00a0: le tender est restaur\u00e9 et se trouve sur le Rond-Point de Meriller.<\/span><\/span><\/h1>\n<h1 style=\"text-align: justify; padding-left: 30px;\"><span style=\"color: #ff0000;\"><span style=\"color: #ff0000;\">MAIS pour nous aider \u00e0 couvrir les frais de restauration,<br \/>\nLA SOUSCRIPTION EST TOUJOURS VALABLE, CONTACTEZ NOUS\u2026 &#8211;\u00a0<\/span><\/span><\/h1>\n<h1 style=\"text-align: left;\" align=\"center\"><strong>Une SOUSCRIPTION est lanc\u00e9e depuis le 1er septembre 2011!<\/strong><\/h1>\n<h2>Destin\u00e9e \u00e0<em> <strong>FINANCER l&rsquo;achat d\u2019un ch\u00e2ssis et d&rsquo;une cuve<\/strong> <\/em>qui doivent nous permettre de reconstruire le tender, elle regroupe les dons des b\u00e9n\u00e9voles et des sympathisants, particuliers, commer\u00e7ants, artisans et entreprises.<\/h2>\n<h2>Il n&rsquo;est pas trop tard en 2015 pour rejoindre le groupe des g\u00e9n\u00e9reux donateurs&#8230;<\/h2>\n<p>Pour SOUSCRIRE, envoyez votre don en joignant le BON de SOUSCRIPTION ci-dessous\u00a0que vous pouvez t\u00e9l\u00e9charger (clic-droit sur l&rsquo;image), ou bien simplement en joignant \u00e0 votre envoi vos coordonn\u00e9es sur papier libre.<br \/>\nVous pouvez aussi le remettre en main propre \u00e0 un membre de l\u2019Association lors d\u2019une prochaine EXPOSITION \u00e0 laquelle nous participerons.<\/p>\n<p><strong>ADRESSE d\u2019envoi des DONS\u00a0:<\/strong><\/p>\n<p style=\"padding-left: 60px;\"><em>Meriller-Vapeur 24,\u00a0H\u00d4TEL DE VILLE<\/em><br \/>\n<em>AV. du G\u00e9n\u00e9ral de Gaulle<\/em><br \/>\n<em>24660 COULOUNIEIX-CHAMIERS<\/em><\/p>\n<p>&nbsp;<\/p>\n<h1 align=\"center\">NOUS REMERCIONS NOS PARTENAIRES\u00a0:<\/h1>\n<table border=\"2\" width=\"50%\">\n<tbody>\n<tr>\n<td bgcolor=\"#EB8C21\">\n<div align=\"center\"><strong>Le LYC\u00c9E CLAVEILLE de PERIGUEUX <\/strong><\/div>\n<\/td>\n<td bgcolor=\"#E98C21\"><img loading=\"lazy\" decoding=\"async\" src=\"http:\/\/www.meriller-vapeur.fr\/imagesindex\/logos\/logclave_1280x1024.jpg\" alt=\"lyc\u00e9e claveille\" width=\"129\" height=\"80\" align=\"middle\" \/><\/td>\n<\/tr>\n<tr bgcolor=\"#FFCC66\">\n<td>\n<div align=\"center\"><strong>LE TECHNICENTRE SNCF CHARENTES P\u00c9RIGORD<\/strong><\/div>\n<\/td>\n<td><img loading=\"lazy\" decoding=\"async\" src=\"http:\/\/www.meriller-vapeur.fr\/imagesindex\/logos\/SNCF_Logo.png\" alt=\"SNCF\" width=\"129\" height=\"67\" align=\"middle\" \/><\/td>\n<\/tr>\n<\/tbody>\n<\/table>\n<div align=\"center\">pour leur participation \u00e0 la r\u00e9fection et au montage du Tender pour le Rond-Point.<\/div>\n<div align=\"center\"><strong><em>(mise \u00e0 jour du\u00a027\/12\/2014)<\/em><\/strong><\/div>\n<p><img loading=\"lazy\" decoding=\"async\" style=\"border: 2px solid black;\" src=\"http:\/\/www.meriller-vapeur.fr\/activites\/souscription2011\/images\/souscription.jpg\" alt=\"bon de souscription\" width=\"864\" height=\"634\" border=\"2\" \/><\/p>\n<table class=\"aligncenter\" border=\"1\" width=\"103%\">\n<tbody>\n<tr>\n<td style=\"text-align: center;\" bgcolor=\"#EDEDED\" width=\"40%\"><strong><em>En mati\u00e8re de restauration, nous avons du SAVOIR-FAIRE !<br \/>\n<\/em><\/strong><strong><em>Voici le travail r\u00e9alis\u00e9 par l\u2019association sur le r\u00e9chauffeur du ch\u00e2teau d\u2019eau de NIVERSAC:<\/em><br \/>\n&lt;\u00e0 gauche AVANT\u2026\u2026\u2026\u2026&#8230;\u00e0 droite APR\u00c8S&gt;<br \/>\nQuant au tender, vous pouvez suivre les \u00e9tapes de la restauration &gt;&gt;&gt;\u00a0<a href=\"https:\/\/meriller-vapeur.fr\/wp3\/?page_id=1299\">ICI !<\/a><\/strong><\/td>\n<\/tr>\n<\/tbody>\n<\/table>\n<table border=\"1\" width=\"103%\">\n<tbody>\n<tr>\n<td width=\"90%\">\n<p><div style=\"width: 370px\" class=\"wp-caption alignnone\"><img loading=\"lazy\" decoding=\"async\" class=\" \" src=\"http:\/\/www.meriller-vapeur.fr\/activites\/souscription2011\/images\/rechauffeur.jpg\" alt=\"\" width=\"360\" height=\"576\" \/><p class=\"wp-caption-text\">R\u00e9chauffeur avant restauration<\/p><\/div><\/td>\n<td width=\"32%\">\n<p><div style=\"width: 442px\" class=\"wp-caption alignright\"><img loading=\"lazy\" decoding=\"async\" class=\" \" src=\"http:\/\/www.meriller-vapeur.fr\/activites\/souscription2011\/images\/rechauffeur%20restaure.jpg\" alt=\"\" width=\"432\" height=\"576\" \/><p class=\"wp-caption-text\">R\u00e9chauffeur apr\u00e8s restauration.<\/p><\/div><\/td>\n<\/tr>\n<\/tbody>\n<\/table>\n<div class=\"pvc_clear\"><\/div>\n<p id=\"pvc_stats_207\" class=\"pvc_stats all  \" data-element-id=\"207\" style=\"\"><i class=\"pvc-stats-icon medium\" aria-hidden=\"true\"><svg aria-hidden=\"true\" focusable=\"false\" data-prefix=\"far\" data-icon=\"chart-bar\" role=\"img\" xmlns=\"http:\/\/www.w3.org\/2000\/svg\" viewBox=\"0 0 512 512\" class=\"svg-inline--fa fa-chart-bar fa-w-16 fa-2x\"><path fill=\"currentColor\" d=\"M396.8 352h22.4c6.4 0 12.8-6.4 12.8-12.8V108.8c0-6.4-6.4-12.8-12.8-12.8h-22.4c-6.4 0-12.8 6.4-12.8 12.8v230.4c0 6.4 6.4 12.8 12.8 12.8zm-192 0h22.4c6.4 0 12.8-6.4 12.8-12.8V140.8c0-6.4-6.4-12.8-12.8-12.8h-22.4c-6.4 0-12.8 6.4-12.8 12.8v198.4c0 6.4 6.4 12.8 12.8 12.8zm96 0h22.4c6.4 0 12.8-6.4 12.8-12.8V204.8c0-6.4-6.4-12.8-12.8-12.8h-22.4c-6.4 0-12.8 6.4-12.8 12.8v134.4c0 6.4 6.4 12.8 12.8 12.8zM496 400H48V80c0-8.84-7.16-16-16-16H16C7.16 64 0 71.16 0 80v336c0 17.67 14.33 32 32 32h464c8.84 0 16-7.16 16-16v-16c0-8.84-7.16-16-16-16zm-387.2-48h22.4c6.4 0 12.8-6.4 12.8-12.8v-70.4c0-6.4-6.4-12.8-12.8-12.8h-22.4c-6.4 0-12.8 6.4-12.8 12.8v70.4c0 6.4 6.4 12.8 12.8 12.8z\" class=\"\"><\/path><\/svg><\/i> <img loading=\"lazy\" decoding=\"async\" width=\"16\" height=\"16\" alt=\"Loading\" src=\"https:\/\/meriller-vapeur.fr\/wp3\/wp-content\/plugins\/page-views-count\/ajax-loader-2x.gif\" border=0 \/><\/p>\n<div class=\"pvc_clear\"><\/div>\n","protected":false},"excerpt":{"rendered":"<p>TENDER\u00a0: SOUSCRIPTION \u00a0 &#8211; \u00a0Janvier 2015\u00a0: le tender est restaur\u00e9 et se trouve sur le Rond-Point de Meriller. MAIS pour nous aider \u00e0 couvrir les frais de restauration, LA SOUSCRIPTION EST TOUJOURS VALABLE, CONTACTEZ NOUS\u2026 &#8211;\u00a0 Une SOUSCRIPTION est lanc\u00e9e depuis le 1er septembre 2011! Destin\u00e9e \u00e0 FINANCER l&rsquo;achat d\u2019un ch\u00e2ssis et d&rsquo;une cuve qui\u2026 <span class=\"read-more\"><a href=\"https:\/\/meriller-vapeur.fr\/wp3\/?page_id=207\">Read More &raquo;<\/a><\/span><\/p>\n<div class=\"pvc_clear\"><\/div>\n<p id=\"pvc_stats_207\" class=\"pvc_stats all  \" data-element-id=\"207\" style=\"\"><i class=\"pvc-stats-icon medium\" aria-hidden=\"true\"><svg aria-hidden=\"true\" focusable=\"false\" data-prefix=\"far\" data-icon=\"chart-bar\" role=\"img\" xmlns=\"http:\/\/www.w3.org\/2000\/svg\" viewBox=\"0 0 512 512\" class=\"svg-inline--fa fa-chart-bar fa-w-16 fa-2x\"><path fill=\"currentColor\" d=\"M396.8 352h22.4c6.4 0 12.8-6.4 12.8-12.8V108.8c0-6.4-6.4-12.8-12.8-12.8h-22.4c-6.4 0-12.8 6.4-12.8 12.8v230.4c0 6.4 6.4 12.8 12.8 12.8zm-192 0h22.4c6.4 0 12.8-6.4 12.8-12.8V140.8c0-6.4-6.4-12.8-12.8-12.8h-22.4c-6.4 0-12.8 6.4-12.8 12.8v198.4c0 6.4 6.4 12.8 12.8 12.8zm96 0h22.4c6.4 0 12.8-6.4 12.8-12.8V204.8c0-6.4-6.4-12.8-12.8-12.8h-22.4c-6.4 0-12.8 6.4-12.8 12.8v134.4c0 6.4 6.4 12.8 12.8 12.8zM496 400H48V80c0-8.84-7.16-16-16-16H16C7.16 64 0 71.16 0 80v336c0 17.67 14.33 32 32 32h464c8.84 0 16-7.16 16-16v-16c0-8.84-7.16-16-16-16zm-387.2-48h22.4c6.4 0 12.8-6.4 12.8-12.8v-70.4c0-6.4-6.4-12.8-12.8-12.8h-22.4c-6.4 0-12.8 6.4-12.8 12.8v70.4c0 6.4 6.4 12.8 12.8 12.8z\" class=\"\"><\/path><\/svg><\/i> <img loading=\"lazy\" decoding=\"async\" width=\"16\" height=\"16\" alt=\"Loading\" src=\"https:\/\/meriller-vapeur.fr\/wp3\/wp-content\/plugins\/page-views-count\/ajax-loader-2x.gif\" border=0 \/><\/p>\n<div class=\"pvc_clear\"><\/div>\n","protected":false},"author":1,"featured_media":0,"parent":179,"menu_order":0,"comment_status":"open","ping_status":"open","template":"tmp-onecolumn.php","meta":{"footnotes":""},"class_list":["post-207","page","type-page","status-publish","hentry"],"a3_pvc":{"activated":true,"total_views":248,"today_views":0},"_links":{"self":[{"href":"https:\/\/meriller-vapeur.fr\/wp3\/index.php?rest_route=\/wp\/v2\/pages\/207","targetHints":{"allow":["GET"]}}],"collection":[{"href":"https:\/\/meriller-vapeur.fr\/wp3\/index.php?rest_route=\/wp\/v2\/pages"}],"about":[{"href":"https:\/\/meriller-vapeur.fr\/wp3\/index.php?rest_route=\/wp\/v2\/types\/page"}],"author":[{"embeddable":true,"href":"https:\/\/meriller-vapeur.fr\/wp3\/index.php?rest_route=\/wp\/v2\/users\/1"}],"replies":[{"embeddable":true,"href":"https:\/\/meriller-vapeur.fr\/wp3\/index.php?rest_route=%2Fwp%2Fv2%2Fcomments&post=207"}],"version-history":[{"count":0,"href":"https:\/\/meriller-vapeur.fr\/wp3\/index.php?rest_route=\/wp\/v2\/pages\/207\/revisions"}],"up":[{"embeddable":true,"href":"https:\/\/meriller-vapeur.fr\/wp3\/index.php?rest_route=\/wp\/v2\/pages\/179"}],"wp:attachment":[{"href":"https:\/\/meriller-vapeur.fr\/wp3\/index.php?rest_route=%2Fwp%2Fv2%2Fmedia&parent=207"}],"curies":[{"name":"wp","href":"https:\/\/api.w.org\/{rel}","templated":true}]}}