{"id":1998,"date":"2014-03-07T16:14:51","date_gmt":"2014-03-07T15:14:51","guid":{"rendered":"http:\/\/meriller-vapeur.fr\/wp3\/?page_id=1998"},"modified":"2014-03-07T16:34:05","modified_gmt":"2014-03-07T15:34:05","slug":"2014-0307","status":"publish","type":"page","link":"https:\/\/meriller-vapeur.fr\/wp3\/?page_id=1998","title":{"rendered":"Transports de bois au Gabon."},"content":{"rendered":"<p style=\"text-align: justify;\">Le\u00a0<b>Transgabonais<\/b>\u00a0est le\u00a0chemin de fer\u00a0du\u00a0Gabon, dont le premier tron\u00e7on fut mis en service en 1978, compos\u00e9 d&rsquo;une unique ligne de669\u00a0km\u00a0reliant\u00a0Owendo,\u00a0port\u00a0min\u00e9ralier situ\u00e9 dans la banlieue de la capitale\u00a0Libreville, \u00e0\u00a0Franceville, situ\u00e9e sur le\u00a0fleuve\u00a0Ogoou\u00e9.<br \/>\nDepuis\u00a0<time datetime=\"2003-05-15\">\u00a0mai\u00a02003<\/time>\u00a0le gouvernement gabonais confie un mandat \u00e0 la\u00a0Comilog\u00a0(<i>Compagnie mini\u00e8re de l\u2019Ogoou\u00e9<\/i>) en vue de pr\u00e9parer une nouvelle concession d&rsquo;exploitation, dans le cadre d&rsquo;une nouvelle soci\u00e9t\u00e9, la\u00a0Setrag\u00a0(<i>soci\u00e9t\u00e9 d&rsquo;exploitation du transgabonais<\/i>).<\/p>\n<p style=\"text-align: justify;\"><em>(<a href=\"http:\/\/fr.wikipedia.org\/wiki\/Transgabonais\" target=\"_blank\">Sources Wikipedia<\/a>)<\/em><\/p>\n<p style=\"text-align: justify;\">Bernard LABROUSSE nous a rapport\u00e9 quelques belles photos d&rsquo;un r\u00e9cent voyage au Gabon\u00a0:<\/p>\n\n<p>(07\/03\/2014)<br \/>\n__________________________<\/p>\n<p>&nbsp;<\/p>\n<div class=\"pvc_clear\"><\/div>\n<p id=\"pvc_stats_1998\" class=\"pvc_stats all  \" data-element-id=\"1998\" style=\"\"><i class=\"pvc-stats-icon medium\" aria-hidden=\"true\"><svg aria-hidden=\"true\" focusable=\"false\" data-prefix=\"far\" data-icon=\"chart-bar\" role=\"img\" xmlns=\"http:\/\/www.w3.org\/2000\/svg\" viewBox=\"0 0 512 512\" class=\"svg-inline--fa fa-chart-bar fa-w-16 fa-2x\"><path fill=\"currentColor\" d=\"M396.8 352h22.4c6.4 0 12.8-6.4 12.8-12.8V108.8c0-6.4-6.4-12.8-12.8-12.8h-22.4c-6.4 0-12.8 6.4-12.8 12.8v230.4c0 6.4 6.4 12.8 12.8 12.8zm-192 0h22.4c6.4 0 12.8-6.4 12.8-12.8V140.8c0-6.4-6.4-12.8-12.8-12.8h-22.4c-6.4 0-12.8 6.4-12.8 12.8v198.4c0 6.4 6.4 12.8 12.8 12.8zm96 0h22.4c6.4 0 12.8-6.4 12.8-12.8V204.8c0-6.4-6.4-12.8-12.8-12.8h-22.4c-6.4 0-12.8 6.4-12.8 12.8v134.4c0 6.4 6.4 12.8 12.8 12.8zM496 400H48V80c0-8.84-7.16-16-16-16H16C7.16 64 0 71.16 0 80v336c0 17.67 14.33 32 32 32h464c8.84 0 16-7.16 16-16v-16c0-8.84-7.16-16-16-16zm-387.2-48h22.4c6.4 0 12.8-6.4 12.8-12.8v-70.4c0-6.4-6.4-12.8-12.8-12.8h-22.4c-6.4 0-12.8 6.4-12.8 12.8v70.4c0 6.4 6.4 12.8 12.8 12.8z\" class=\"\"><\/path><\/svg><\/i> <img loading=\"lazy\" decoding=\"async\" width=\"16\" height=\"16\" alt=\"Loading\" src=\"https:\/\/meriller-vapeur.fr\/wp3\/wp-content\/plugins\/page-views-count\/ajax-loader-2x.gif\" border=0 \/><\/p>\n<div class=\"pvc_clear\"><\/div>\n","protected":false},"excerpt":{"rendered":"<p>Le\u00a0Transgabonais\u00a0est le\u00a0chemin de fer\u00a0du\u00a0Gabon, dont le premier tron\u00e7on fut mis en service en 1978, compos\u00e9 d&rsquo;une unique ligne de669\u00a0km\u00a0reliant\u00a0Owendo,\u00a0port\u00a0min\u00e9ralier situ\u00e9 dans la banlieue de la capitale\u00a0Libreville, \u00e0\u00a0Franceville, situ\u00e9e sur le\u00a0fleuve\u00a0Ogoou\u00e9. Depuis\u00a0\u00a0mai\u00a02003\u00a0le gouvernement gabonais confie un mandat \u00e0 la\u00a0Comilog\u00a0(Compagnie mini\u00e8re de l\u2019Ogoou\u00e9) en vue de pr\u00e9parer une nouvelle concession d&rsquo;exploitation, dans le cadre d&rsquo;une nouvelle soci\u00e9t\u00e9,\u2026 <span class=\"read-more\"><a href=\"https:\/\/meriller-vapeur.fr\/wp3\/?page_id=1998\">Read More &raquo;<\/a><\/span><\/p>\n<div class=\"pvc_clear\"><\/div>\n<p id=\"pvc_stats_1998\" class=\"pvc_stats all  \" data-element-id=\"1998\" style=\"\"><i class=\"pvc-stats-icon medium\" aria-hidden=\"true\"><svg aria-hidden=\"true\" focusable=\"false\" data-prefix=\"far\" data-icon=\"chart-bar\" role=\"img\" xmlns=\"http:\/\/www.w3.org\/2000\/svg\" viewBox=\"0 0 512 512\" class=\"svg-inline--fa fa-chart-bar fa-w-16 fa-2x\"><path fill=\"currentColor\" d=\"M396.8 352h22.4c6.4 0 12.8-6.4 12.8-12.8V108.8c0-6.4-6.4-12.8-12.8-12.8h-22.4c-6.4 0-12.8 6.4-12.8 12.8v230.4c0 6.4 6.4 12.8 12.8 12.8zm-192 0h22.4c6.4 0 12.8-6.4 12.8-12.8V140.8c0-6.4-6.4-12.8-12.8-12.8h-22.4c-6.4 0-12.8 6.4-12.8 12.8v198.4c0 6.4 6.4 12.8 12.8 12.8zm96 0h22.4c6.4 0 12.8-6.4 12.8-12.8V204.8c0-6.4-6.4-12.8-12.8-12.8h-22.4c-6.4 0-12.8 6.4-12.8 12.8v134.4c0 6.4 6.4 12.8 12.8 12.8zM496 400H48V80c0-8.84-7.16-16-16-16H16C7.16 64 0 71.16 0 80v336c0 17.67 14.33 32 32 32h464c8.84 0 16-7.16 16-16v-16c0-8.84-7.16-16-16-16zm-387.2-48h22.4c6.4 0 12.8-6.4 12.8-12.8v-70.4c0-6.4-6.4-12.8-12.8-12.8h-22.4c-6.4 0-12.8 6.4-12.8 12.8v70.4c0 6.4 6.4 12.8 12.8 12.8z\" class=\"\"><\/path><\/svg><\/i> <img loading=\"lazy\" decoding=\"async\" width=\"16\" height=\"16\" alt=\"Loading\" src=\"https:\/\/meriller-vapeur.fr\/wp3\/wp-content\/plugins\/page-views-count\/ajax-loader-2x.gif\" border=0 \/><\/p>\n<div class=\"pvc_clear\"><\/div>\n","protected":false},"author":1,"featured_media":0,"parent":284,"menu_order":0,"comment_status":"open","ping_status":"open","template":"","meta":{"footnotes":""},"class_list":["post-1998","page","type-page","status-publish","hentry"],"_links":{"self":[{"href":"https:\/\/meriller-vapeur.fr\/wp3\/index.php?rest_route=\/wp\/v2\/pages\/1998","targetHints":{"allow":["GET"]}}],"collection":[{"href":"https:\/\/meriller-vapeur.fr\/wp3\/index.php?rest_route=\/wp\/v2\/pages"}],"about":[{"href":"https:\/\/meriller-vapeur.fr\/wp3\/index.php?rest_route=\/wp\/v2\/types\/page"}],"author":[{"embeddable":true,"href":"https:\/\/meriller-vapeur.fr\/wp3\/index.php?rest_route=\/wp\/v2\/users\/1"}],"replies":[{"embeddable":true,"href":"https:\/\/meriller-vapeur.fr\/wp3\/index.php?rest_route=%2Fwp%2Fv2%2Fcomments&post=1998"}],"version-history":[{"count":0,"href":"https:\/\/meriller-vapeur.fr\/wp3\/index.php?rest_route=\/wp\/v2\/pages\/1998\/revisions"}],"up":[{"embeddable":true,"href":"https:\/\/meriller-vapeur.fr\/wp3\/index.php?rest_route=\/wp\/v2\/pages\/284"}],"wp:attachment":[{"href":"https:\/\/meriller-vapeur.fr\/wp3\/index.php?rest_route=%2Fwp%2Fv2%2Fmedia&parent=1998"}],"curies":[{"name":"wp","href":"https:\/\/api.w.org\/{rel}","templated":true}]}}