{"id":182,"date":"2014-01-18T10:23:37","date_gmt":"2014-01-18T09:23:37","guid":{"rendered":"http:\/\/meriller-vapeur.fr\/wp3\/?page_id=182"},"modified":"2018-06-23T12:06:12","modified_gmt":"2018-06-23T10:06:12","slug":"182-2","status":"publish","type":"page","link":"https:\/\/meriller-vapeur.fr\/wp3\/?page_id=182","title":{"rendered":"EXPOSITIONS\u00a0: calendrier"},"content":{"rendered":"<pre>(Page mise \u00e0 jour le\u00a023-06-2018)<\/pre>\n<h1>Le CALENDRIER des ACTIVIT\u00c9S &amp; EXPOSITIONS \u00e0 venir pour l\u2019ann\u00e9e en cours.<\/h1>\n<div id=\"attachment_317\" style=\"width: 711px\" class=\"wp-caption aligncenter\"><a href=\"http:\/\/meriller-vapeur.fr\/wp3\/wp-content\/uploads\/2013\/06\/membres_meriller.jpg\"><img loading=\"lazy\" decoding=\"async\" aria-describedby=\"caption-attachment-317\" class=\"wp-image-317\" src=\"http:\/\/meriller-vapeur.fr\/wp3\/wp-content\/uploads\/2013\/06\/membres_meriller.jpg\" alt=\"membres_meriller\" width=\"701\" height=\"481\" srcset=\"https:\/\/meriller-vapeur.fr\/wp3\/wp-content\/uploads\/2013\/06\/membres_meriller.jpg 701w, https:\/\/meriller-vapeur.fr\/wp3\/wp-content\/uploads\/2013\/06\/membres_meriller-300x205.jpg 300w\" sizes=\"auto, (max-width: 701px) 100vw, 701px\" \/><\/a><p id=\"caption-attachment-317\" class=\"wp-caption-text\">Exposition salle CER SNCF P\u00e9rigueux : 150 ans ligne de chemin de fer P\u00e9rigueux Brive &#8211; \u00a0sept 2010.<\/p><\/div>\n<p><strong>Pour 2018 :\u00a0VOICI LA LISTE DES MANIFESTATIONS\u00a0PR\u00c9VUES<\/strong> \u00e0 la date de mise \u00e0 jour (le\u00a023-06-2018).<br \/>\n<strong><em>&gt;&gt;&gt; Cette liste est susceptible de modifications et\/ou am\u00e9nagements.<\/em><\/strong><\/p>\n<p><strong>21 octobre 2018<\/strong>\u00a0: <strong>7\u00e8me\u00a0Bourse\u00a0et Expo<\/strong> \u00e0 St Astier, en partenariat avec le club de Neuvic (NCPC).<br \/>\nLe programme est <a href=\"https:\/\/meriller-vapeur.fr\/wp3\/?p=8512\">\u00a0&gt;&gt;&gt;&gt;&gt;&gt;&gt;&gt;&gt;&gt;&gt;&gt;&gt;&gt;&gt;&gt;&gt;ICI<\/a><\/p>\n<p><strong>7 et 8 d\u00e9cembre 2018 :<\/strong> March\u00e9 de No\u00ebl\u00a0 Ch\u00e2teau des Izards Coulounieix Chamiers : Un courrier de la Mairie nous informe que le march\u00e9 de No\u00ebl 2018 aura lieu le vendredi 07 d\u00e9cembre de 17h \u00e0 20h et le samedi 08 d\u00e9cembre de 10h \u00e0 17h.<\/p>\n<p><em><strong>Pour info :<\/strong> L\u2019exposition 14\/18 \u00e0 Coulounieix-Chamiers se tiendra cette ann\u00e9e au ch\u00e2teau des Isards du 26 novembre au 02 d\u00e9cembre 2018 et relatera l\u2019ann\u00e9e 1918. L\u2019exposition se d\u00e9roulant uniquementdans le ch\u00e2teau, il y aura donc peu de place. D\u2019autres pr\u00e9cisons seront fournies ult\u00e9rieurement.<\/em><\/p>\n<hr \/>\n<p><strong><span style=\"text-decoration: underline;\">Rappel\u00a0<\/span><\/strong><span style=\"text-decoration: underline;\"><strong>des expositions en 2017 :<\/strong><\/span><strong>du 17 au 30 avril 2017<\/strong> soit toute la p\u00e9riode des vacances de P\u00e2ques\u00a0: \u00a0Galerie Marchande La Feuilleraie (Tr\u00e9lissac) .<\/p>\n<p><strong>du 15 au 20 septembre 2017\u00a0<\/strong>:\u00a0Port Ste Foy (Mus\u00e9e de la batellerie), en pr\u00e9paration,\u00a0une exposition sur le th\u00e8me \u00ab la batellerie et le rail dans la vall\u00e9e de la Dordogne \u00bb.<br \/>\n&gt;&gt;&gt;&gt;&gt;&gt; <a href=\"http:\/\/www.port-sainte-foy.com\" target=\"_blank\" rel=\"noopener\">Site du Mus\u00e9e de la Batellerie.<\/a><\/p>\n<p><strong>22 octobre 2017<\/strong>\u00a0:\u00a0<strong>Bourse<\/strong>\u00a0 \u00e0 St Astier en partenariat avec le club de Neuvic (NCPC<\/p>\n<p><strong>25 et 26 novembre 2017 : <\/strong>6\u00e9me Salon R\u00e9gional M\u00c9MOIRE R\u00c9SISTANCE &amp; D\u00c9PORTATION\u00a0au TH\u00c9ATRE DE\u00a0P\u00c9RIGUEUX.<\/p>\n<p><strong>2 et 3 d\u00e9cembre 2017 :<\/strong> March\u00e9 de No\u00ebl\u00a0 Ch\u00e2teau des Izards Coulounieix Chamiers.<\/p>\n<p><em><strong>Les activit\u00e9s p\u00e9riscolaires (<a href=\"http:\/\/meriller-vapeur.fr\/wp3\/?page_id=156\">Club du Soir<\/a>) ne se sont pas d\u00e9roul\u00e9es cette ann\u00e9e.<\/strong><\/em><\/p>\n<hr \/>\n<p><strong><span style=\"text-decoration: underline;\">Rappel\u00a0<\/span><\/strong><span style=\"text-decoration: underline;\"><strong>des expositions en 2016 :<\/strong><\/span><\/p>\n<p><strong>27 mars 2016<\/strong> : Salon des collectionneurs sur le th\u00e8me du TRAIN salle Anatole France \u00e0 Bergerac avec les locos de Serge REIX et les lanternes de Jean-Jacques MESPOULEDE.<\/p>\n<p><strong>14 et 15 mai 2016<\/strong> : Salon du Mod\u00e9lisme toutes disciplines \u00e0 Trelissac (ex R\u00e9plica) avec le Tacot.<\/p>\n<p><strong>4 septembre 2016<\/strong> : Bourse aux jouets anciens et de collection \u00e0 la salle G\u00e9rard Philippe de Coulounieix.<\/p>\n<p><strong>3 et 4 d\u00e9cembre 2016<\/strong>\u00a0: \u00a0<a href=\"https:\/\/meriller-vapeur.fr\/wp3\/?page_id=6822\">Marche de No\u00ebl au Ch\u00e2teau des Izards\u00a0Coulounieix-Chamiers .<\/a><\/p>\n<hr \/>\n<p><strong><span style=\"text-decoration: underline;\">Rappel\u00a0<\/span><\/strong><span style=\"text-decoration: underline;\"><strong>des expositions en 2015\u00a0:<\/strong><\/span><\/p>\n<p><strong>9 et 10 avril \u00a0<\/strong>: Maison de retraite R\u00e9sidence d\u2019Automne \u00e0 Notre Dame de Sanilhac avec le <em>r\u00e9seau Agonac<\/em> dispos\u00e9 en L.<br \/>\n4 x personnes sont n\u00e9cessaires\u00a0: l\u2019installation se fera le mercredi 8 avril \u00e0 partir de 16h00, l\u2019animation se tiendra les 9 et 10 avril et le d\u00e9montage est pr\u00e9vu le vendredi 10 avril au soir.<\/p>\n<p><strong>dimanche 17 mai<\/strong>\u00a0: Bassillac.<\/p>\n<p><strong>dimanche 30 ao\u00fbt<\/strong>\u00a0: 4<sup>\u00e8me<\/sup> bourse jouets anciens et collections le dimanche 30 ao\u00fbt salle G. Philippe \u00e0 Coulounieix Bourg de 9h00 \u00e0 17h30. Cet \u00e9v\u00e8nement sera en <em><strong>partenariat avec l\u2019association Fans de Jouets<\/strong><\/em> d\u2019Annesse et Beaulieu.<\/p>\n<p><strong>11 au 20 septembre<\/strong>\u00a0:\u00a0Foire expo de P\u00e9rigueux du 11 au 20 septembre, dans le b\u00e2timent \u00ab\u00a0<em>la grange<\/em>\u00a0\u00bb avec les r\u00e9seaux Niversac et Agonac, lanternes d\u2019anciens r\u00e9seaux, le Tacot, le r\u00e9seau de Neuvic ainsi que les locos de S. REIX. Nous b\u00e9n\u00e9ficierons d\u2019un local s\u00e9curis\u00e9 pour le mat\u00e9riel. <strong>La pr\u00e9sence d\u2019au moins 8 x personnes par jour est indispensable<\/strong> sur la dur\u00e9e de la foire.<\/p>\n<p><strong>19 septembre\u00a0<\/strong>: JPO au Technicentre de P\u00e9rigueux pr\u00e9vues le 19 septembre.<\/p>\n<p><strong>Auchan du 28 au 31 octobre<\/strong>\u00a0: <em>Galerie\u00a0Auchan<\/em> le r\u00e9seau d\u2019Agonac en double fa\u00e7ade et 2 locos de S. REIX, avec la <em>pr\u00e9sence de 6 x personnes par jour.<\/em><\/p>\n<p><strong>13 au 15 novembre<\/strong>\u00a0: Salon de la r\u00e9sistance et de la d\u00e9portation au th\u00e9\u00e2tre l\u2019Odyss\u00e9e avec le r\u00e9seau Niversac\u00a0: installation le jeudi 12 novembre, animation pendant le salon du 13 au 15 novembre et d\u00e9montage le lundi 16 novembre.<\/p>\n<p><strong>18 et 19 novembre 2015<\/strong> : Maison de retraite (Lieu dit le Lyonnet,\u00a0Agonac) &#8211; Pr\u00e9sentation du r\u00e9seau du Tacot.<\/p>\n<p><strong>5 et 6 d\u00e9cembre<\/strong>\u00a0: MARCHE DE NO\u00cbL Ch\u00e2teau des Izards COULOUNIEIX CHAMIERS&gt;&gt;&gt;&gt;&gt; Les mises \u00e0 jour de ce programme se feront en temps r\u00e9el et seront communiqu\u00e9es aux Adh\u00e9rents.<\/p>\n<hr \/>\n<p><span style=\"text-decoration: underline; color: #000000;\"><strong>Rappel de\u00a02014 :<\/strong><\/span><\/p>\n<p>&#8211;<strong>18 janvier 2014\u00a0<\/strong>\u00a0 (samedi 10 h 18 h) CREER C&rsquo;EST RESISTER, RESISTER C&rsquo;EST CREER\u00a0: M\u00e9diath\u00e8que ST EXUPERY \u00a0Av G\u00e9n\u00e9ral De Gaulle COULOUNIEIX CHAMIERS<\/p>\n<p>&#8211; <strong>25 janvier 2014<\/strong> (samedi \u00e0 10 h)\u00a0\u00a0ASSEMBLEE GENERALE au local rue du Colonel Rossel.<\/p>\n<p>&#8211; <strong>14\/21 avril\u00a0 2014<\/strong> \u00a01 semaine \u00e0 JARDILAND\u00a0 Chancelade<\/p>\n<p><em>-&gt;&gt;&gt;&gt; \u00a0ANNUL\u00c9\u00a0:\u00a0 \u00a0 \u00a0 \u00a0INAUGURATION du TENDER au Rond-Point de MERILLER (Le rond-point n&rsquo;est pas pr\u00eat).<\/em><\/p>\n<p>&#8211; <strong>10\/11 mai 2014<\/strong> exposition BRANTOME PASSIONS COLLECTIONS\u00a0(Des d\u00e9buts du chemin de fer \u00e0 nos jours)<\/p>\n<p>&#8211;\u00a0<strong>18 mai 2014<\/strong> . \u00a0Exposition \u00a0au \u00a0BOIS DE CHANCELADE \u00a0 <em><strong>ET<\/strong> <\/em>\u00a0VIDE-GRENIER ET COLLECTIONS \u00e0 BASSILLAC<\/p>\n<p>&#8211; -&gt;&gt;&gt;&gt; \u00a0ANNUL\u00c9\u00a0: \u00a0<strong>14 juin 2014<\/strong> . PORTES OUVERTES TECHNICENTRE SNCF\u00a0au Toulon et ATELIERS DE LA VOIE\u00a0 \u00e0 CHAMIERS,\u00a0<em>REPORT JUIN 2015<\/em><\/p>\n<p>&#8211;<strong> jeudi 24 juillet 2014<\/strong> \u00a0 \u00a0 \u00a0 \u00a0 EXPOSITION La TOUR BLANCHE<\/p>\n<p><span style=\"color: #000000;\"><strong>&#8211; Samedi 20 sept 2014<\/strong> &#8211; FORUM DES ASSOCIATIONS au Ch\u00e2teau des Izards (apr\u00e8s midi) COULOUNIEIX CHAMIERS<\/span><br style=\"color: #000000;\" \/><br style=\"color: #000000;\" \/><span style=\"color: #000000;\"><strong>&#8211; Dimanche 21 sept 2014<\/strong>\u00a0&#8211; &gt;&gt;&gt;&gt;&gt;&gt;&gt;&gt;&gt;<em>BASSILLAC <strong>Annul\u00e9e<\/strong> (Bourse trains Limoges)<\/em><\/span><br style=\"color: #000000;\" \/><br style=\"color: #000000;\" \/><span style=\"color: #000000;\"><strong>&#8211; Jeudi 23\/vendredi 24 octobre 2014<\/strong> &#8211; MAISON DE RETRAITE LA CHENERAIE (le LYONNET \u00e0 AGONAC) \u00a0avec le R\u00e9seau AGONAC<\/span><br style=\"color: #000000;\" \/><br style=\"color: #000000;\" \/><span style=\"color: #000000;\"><strong>&#8211; 3 au 18 novembre 2014<\/strong> &#8211; \u00a0EXPOSITION du CENTENAIRE de la GUERRE 1914-1918\u00a0:\u00a0<\/span><em>Salle G\u00e9rard Philipe COULOUNIEIX BOURG<\/em><strong><em><br \/>\n<\/em><\/strong><\/p>\n<p><strong>&#8211; 6 et 7 d\u00e9cembre 2014<\/strong>\u00a0&#8211; MARCHE DE NO\u00cbL Ch\u00e2teau des Izards COULOUNIEIX CHAMIERS<\/p>\n<p><span style=\"color: #000000;\"><strong>&#8211; 16 au 23 d\u00e9cembre 2014<\/strong> &#8211; JARDILAND CHANCELADE, avec une journ\u00e9e d&rsquo;animation pour les enfants le mercredi 17 d\u00e9cembre.<\/span><\/p>\n<hr \/>\n<p><strong><span style=\"text-decoration: underline;\">Rappel\u00a0<\/span><\/strong><span style=\"text-decoration: underline;\"><strong>des expositions en 2015\u00a0:<\/strong><\/span><\/p>\n<p>&#8211; Mai 2013 Bourse d\u2019\u00e9change multi disciplines et animation \u00e0 Razac sur l\u2019isle.<br \/>\n&#8211; 26 mai 2013 Vide Grenier et animation \u00e0 Bassillac.<span style=\"color: #000000;\">&#8211; 3 et 4 ao\u00fbt 2013\u00a0:<\/span><span style=\"color: #000000;\">\u00a0C\u00e9l\u00e9bration des 150 ans de la LIGNE DE CHEMIN DE FER PERIGUEUX AGEN\u00a0<\/span><span style=\"color: #000000;\">Avec (pour ce qui est d\u00e9j\u00e0 d\u00e9fini \u00e0 ce jour) une forte Concentration d&rsquo;animations sur la gare du Buisson de Cadoin et gares limitrophes.<\/span><br \/>\n<span style=\"color: #000000;\"> MERILLER VAPEUR 24 est sollicit\u00e9e pour exposer au Buisson de Cadouin sur les 2 jours.<\/span><span style=\"color: #000000;\">&#8211; <strong>5, 6, 7 juillet 2013 \u00e0 COURSAC<\/strong>\u00a0:\u00a0exposition et animation dans la salle des f\u00eates.<\/span><br \/>\n<span style=\"color: #000000;\"> F\u00eate annuelle (\u00e0 voir dur\u00e9e exposition).<\/span>&#8211; <strong>7 ou 14 septembre<\/strong>\u00a0: Coulounieix-Chamiers, Forum des Associations (<strong>ANNUL\u00c9 cause m\u00e9t\u00e9o<\/strong>)- <strong>8 septembre 2013 de 9h \u00e0 17h\u00a0:<\/strong><br \/>\n2\u00e8me Bourse du jouet et collections \u00ab\u00a0Au TEMPS des JOUETS\u00a0\u00bb \u00e0 RAZAC-SUR-L&rsquo;ISLE.- <strong>15 septembre 2013<\/strong>\u00a0: Vide Grenier et animation \u00e0 Bassillac- <strong>30 novembre 1er d\u00e9cembre 2013<\/strong>\u00a0: March\u00e9 de No\u00ebl et animation<br \/>\nau Ch\u00e2teau des izards \u00e0 Coulounieix-Chamiers.-\u00a0<strong>15 &#8211; 25 d\u00e9cembre 2013<\/strong> \u2013\u00a0Les Magasins Jardiland de P\u00e9rigueux accueillent\u00a0Meriller-Vapeur 24 pour No\u00ebl.<\/p>\n<p>Les PHOTOS des\u00a0expositions r\u00e9alis\u00e9es sont &gt;&gt;&gt; <a title=\"EXPOSITIONS\u00a0: les photos.\" href=\"http:\/\/meriller-vapeur.fr\/wp3\/?page_id=263\">ICI<\/a>.<\/p>\n<div class=\"pvc_clear\"><\/div>\n<p id=\"pvc_stats_182\" class=\"pvc_stats all  \" data-element-id=\"182\" style=\"\"><i class=\"pvc-stats-icon medium\" aria-hidden=\"true\"><svg aria-hidden=\"true\" focusable=\"false\" data-prefix=\"far\" data-icon=\"chart-bar\" role=\"img\" xmlns=\"http:\/\/www.w3.org\/2000\/svg\" viewBox=\"0 0 512 512\" class=\"svg-inline--fa fa-chart-bar fa-w-16 fa-2x\"><path fill=\"currentColor\" d=\"M396.8 352h22.4c6.4 0 12.8-6.4 12.8-12.8V108.8c0-6.4-6.4-12.8-12.8-12.8h-22.4c-6.4 0-12.8 6.4-12.8 12.8v230.4c0 6.4 6.4 12.8 12.8 12.8zm-192 0h22.4c6.4 0 12.8-6.4 12.8-12.8V140.8c0-6.4-6.4-12.8-12.8-12.8h-22.4c-6.4 0-12.8 6.4-12.8 12.8v198.4c0 6.4 6.4 12.8 12.8 12.8zm96 0h22.4c6.4 0 12.8-6.4 12.8-12.8V204.8c0-6.4-6.4-12.8-12.8-12.8h-22.4c-6.4 0-12.8 6.4-12.8 12.8v134.4c0 6.4 6.4 12.8 12.8 12.8zM496 400H48V80c0-8.84-7.16-16-16-16H16C7.16 64 0 71.16 0 80v336c0 17.67 14.33 32 32 32h464c8.84 0 16-7.16 16-16v-16c0-8.84-7.16-16-16-16zm-387.2-48h22.4c6.4 0 12.8-6.4 12.8-12.8v-70.4c0-6.4-6.4-12.8-12.8-12.8h-22.4c-6.4 0-12.8 6.4-12.8 12.8v70.4c0 6.4 6.4 12.8 12.8 12.8z\" class=\"\"><\/path><\/svg><\/i> <img loading=\"lazy\" decoding=\"async\" width=\"16\" height=\"16\" alt=\"Loading\" src=\"https:\/\/meriller-vapeur.fr\/wp3\/wp-content\/plugins\/page-views-count\/ajax-loader-2x.gif\" border=0 \/><\/p>\n<div class=\"pvc_clear\"><\/div>\n","protected":false},"excerpt":{"rendered":"<p>(Page mise \u00e0 jour le\u00a023-06-2018) Le CALENDRIER des ACTIVIT\u00c9S &amp; EXPOSITIONS \u00e0 venir pour l\u2019ann\u00e9e en cours. Pour 2018 :\u00a0VOICI LA LISTE DES MANIFESTATIONS\u00a0PR\u00c9VUES \u00e0 la date de mise \u00e0 jour (le\u00a023-06-2018). &gt;&gt;&gt; Cette liste est susceptible de modifications et\/ou am\u00e9nagements. 21 octobre 2018\u00a0: 7\u00e8me\u00a0Bourse\u00a0et Expo \u00e0 St Astier, en partenariat avec le club de\u2026 <span class=\"read-more\"><a href=\"https:\/\/meriller-vapeur.fr\/wp3\/?page_id=182\">Read More &raquo;<\/a><\/span><\/p>\n<div class=\"pvc_clear\"><\/div>\n<p id=\"pvc_stats_182\" class=\"pvc_stats all  \" data-element-id=\"182\" style=\"\"><i class=\"pvc-stats-icon medium\" aria-hidden=\"true\"><svg aria-hidden=\"true\" focusable=\"false\" data-prefix=\"far\" data-icon=\"chart-bar\" role=\"img\" xmlns=\"http:\/\/www.w3.org\/2000\/svg\" viewBox=\"0 0 512 512\" class=\"svg-inline--fa fa-chart-bar fa-w-16 fa-2x\"><path fill=\"currentColor\" d=\"M396.8 352h22.4c6.4 0 12.8-6.4 12.8-12.8V108.8c0-6.4-6.4-12.8-12.8-12.8h-22.4c-6.4 0-12.8 6.4-12.8 12.8v230.4c0 6.4 6.4 12.8 12.8 12.8zm-192 0h22.4c6.4 0 12.8-6.4 12.8-12.8V140.8c0-6.4-6.4-12.8-12.8-12.8h-22.4c-6.4 0-12.8 6.4-12.8 12.8v198.4c0 6.4 6.4 12.8 12.8 12.8zm96 0h22.4c6.4 0 12.8-6.4 12.8-12.8V204.8c0-6.4-6.4-12.8-12.8-12.8h-22.4c-6.4 0-12.8 6.4-12.8 12.8v134.4c0 6.4 6.4 12.8 12.8 12.8zM496 400H48V80c0-8.84-7.16-16-16-16H16C7.16 64 0 71.16 0 80v336c0 17.67 14.33 32 32 32h464c8.84 0 16-7.16 16-16v-16c0-8.84-7.16-16-16-16zm-387.2-48h22.4c6.4 0 12.8-6.4 12.8-12.8v-70.4c0-6.4-6.4-12.8-12.8-12.8h-22.4c-6.4 0-12.8 6.4-12.8 12.8v70.4c0 6.4 6.4 12.8 12.8 12.8z\" class=\"\"><\/path><\/svg><\/i> <img loading=\"lazy\" decoding=\"async\" width=\"16\" height=\"16\" alt=\"Loading\" src=\"https:\/\/meriller-vapeur.fr\/wp3\/wp-content\/plugins\/page-views-count\/ajax-loader-2x.gif\" border=0 \/><\/p>\n<div class=\"pvc_clear\"><\/div>\n","protected":false},"author":1,"featured_media":0,"parent":139,"menu_order":0,"comment_status":"open","ping_status":"open","template":"tmp-onecolumn.php","meta":{"footnotes":""},"class_list":["post-182","page","type-page","status-publish","hentry"],"_links":{"self":[{"href":"https:\/\/meriller-vapeur.fr\/wp3\/index.php?rest_route=\/wp\/v2\/pages\/182","targetHints":{"allow":["GET"]}}],"collection":[{"href":"https:\/\/meriller-vapeur.fr\/wp3\/index.php?rest_route=\/wp\/v2\/pages"}],"about":[{"href":"https:\/\/meriller-vapeur.fr\/wp3\/index.php?rest_route=\/wp\/v2\/types\/page"}],"author":[{"embeddable":true,"href":"https:\/\/meriller-vapeur.fr\/wp3\/index.php?rest_route=\/wp\/v2\/users\/1"}],"replies":[{"embeddable":true,"href":"https:\/\/meriller-vapeur.fr\/wp3\/index.php?rest_route=%2Fwp%2Fv2%2Fcomments&post=182"}],"version-history":[{"count":0,"href":"https:\/\/meriller-vapeur.fr\/wp3\/index.php?rest_route=\/wp\/v2\/pages\/182\/revisions"}],"up":[{"embeddable":true,"href":"https:\/\/meriller-vapeur.fr\/wp3\/index.php?rest_route=\/wp\/v2\/pages\/139"}],"wp:attachment":[{"href":"https:\/\/meriller-vapeur.fr\/wp3\/index.php?rest_route=%2Fwp%2Fv2%2Fmedia&parent=182"}],"curies":[{"name":"wp","href":"https:\/\/api.w.org\/{rel}","templated":true}]}}