{"id":1762,"date":"2014-02-03T14:20:03","date_gmt":"2014-02-03T13:20:03","guid":{"rendered":"http:\/\/meriller-vapeur.fr\/wp3\/?page_id=1762"},"modified":"2020-10-26T15:04:21","modified_gmt":"2020-10-26T14:04:21","slug":"inscription","status":"publish","type":"page","link":"https:\/\/meriller-vapeur.fr\/wp3\/?page_id=1762","title":{"rendered":"BULLETIN D&rsquo;INSCRIPTION"},"content":{"rendered":"<h1 style=\"text-align: center;\"><strong>ASSOCIATION\u00a0MERILLER-VAPEUR 24<\/strong><\/h1>\n<h1 style=\"text-align: center;\"><strong>&#8211; BULLETIN D&rsquo;ADH\u00c9SION &#8211;<\/strong><\/h1>\n<p>Le Club regroupe plusieurs activit\u00e9s :<\/p>\n<ul>\n<li><strong>Entretien et embellissement du rond-point de M\u00e9riller\u00a0<\/strong>sur la route de Bordeaux o\u00f9 est expos\u00e9e une locomotive \u00e0 vapeur de type D\u00e9capod la 150 A 65.<\/li>\n<li><strong>R\u00e9cup\u00e9ration et classement d\u2019archives<\/strong>\u00a0pour conserver les traces de l\u2019activit\u00e9 ferroviaire de la r\u00e9gion.<\/li>\n<li><strong>Section mod\u00e9lisme<\/strong>\u00a0qui s\u2019occupe de la construction d\u2019un r\u00e9seau fixe dans les locaux, de plusieurs r\u00e9seaux d\u00e9montables pr\u00e9sent\u00e9s aux expositions et de quelques dioramas.<\/li>\n<li><strong>Club de Mod\u00e9lisme pour des enfants\u00a0<\/strong>accompagn\u00e9s d\u2019un responsable, qui recevront, dans le cadre des clubs du soir, une initiation aux techniques du mod\u00e9lisme dispens\u00e9e par les b\u00e9n\u00e9voles du club.<\/li>\n<\/ul>\n<p><strong>Pourquoi nous rejoindre ? <\/strong><\/p>\n<p>Vous \u00eates d\u00e9j\u00e0 pratiquant, ou vous avez envie de d\u00e9couvrir le mod\u00e9lisme ferroviaire.<\/p>\n<p>Vous avez la nostalgie des trains de votre enfance, quand ils \u00e9taient le moyen de transport le plus r\u00e9pandu pour rejoindre les lieux de vacances, rendre visite \u00e0 la famille et aux amis \u00e9loign\u00e9s, assurer le transport des marchandises, ou vous avez une fascination pour la belle m\u00e9canique appliqu\u00e9e aux locomotives \u00e0 traction vapeur, di\u00e9sel ou \u00e9lectrique ?<\/p>\n<p>Si l&rsquo;une ou l&rsquo;autre (ou plusieurs) de ces activit\u00e9s vous int\u00e9ressent nous serons ravis de vous accueillir dans nos locaux,\u00a0et de vous pr\u00e9senter nos activit\u00e9s en d\u00e9tail.<\/p>\n<p>Si vous souhaitez adh\u00e9rer \u00e0 l&rsquo;Association, voici quelques pr\u00e9cisions et un formulaire d&rsquo;inscription \u00e0 remplir et adresser au Pr\u00e9sident (<a href=\"https:\/\/meriller-vapeur.fr\/wp3\/wp-content\/uploads\/2014\/02\/mv24-adhesion.pdf\" target=\"_blank\" rel=\"noopener noreferrer\">adresse sur le Bulletin, \u00e0 \u00e9diter ICI<\/a>).<\/p>\n<p>Contacts t\u00e9l\u00e9phoniques \u00a0de\u00a0l\u2019Association :<\/p>\n<ul>\n<li><strong>PRESIDENT<\/strong> : Pierre PERRIER \u2013 05 53 04 89 86 \u2013 president@meriller-vapeur.fr<\/li>\n<li><strong>VICE-PRESIDENT\u00a0<\/strong>: Charg\u00e9 des relations ext\u00e9rieures, Roger MAROUBY \u2013 05 53 09 33 33 \u2013 06 83 79 00 80<\/li>\n<li><strong>VICE-PRESIDENT\u00a0<\/strong>: Jean Paul TALLET \u2013 06 81 22 21 18<\/li>\n<li><strong>SECRETAIRE\u00a0<\/strong>: Jean Claude ROGEAU \u2013 06 07 25 02 81\u202c<\/li>\n<li><strong>SECRETAIRE<\/strong> <strong>adjoint<\/strong> : Alain HUCHER \u2013 \u00a0 06 37 10 17 20<\/li>\n<li><strong>TRESORIER\u00a0et Site Internet :\u00a0<\/strong>Jean-Marie QUIDET\u00a0\u2013 06 10 99 75 36 \u2013 tresorier@meriller-vapeur.fr<\/li>\n<li><strong>TRESORIER adjoint<\/strong> : Michel DELMAS \u2013 05 53 04 84 53<\/li>\n<li><strong>RESPONSABLE TRAVAUX<\/strong>\u00a0<strong>: <\/strong>Gilbert URSO \u2013<strong>\u00a0<\/strong>05 53 03 26 97 \/ 06 84 23 03 83<\/li>\n<li><strong>RESP. MOD\u00c9LISME\u00a0<\/strong>:\u00a0 Christian MARCHANDISE \u2013\u00a006 15 64 26 22<\/li>\n<li><strong>Adjoint\u00a0RESP. MOD\u00c9LISME\u00a0<\/strong>: Philippe PINEAUD \u2013\u00a006 82 83 38 84<\/li>\n<\/ul>\n<p>(Liste mise \u00e0 jour le 24-01-2020\u00a0suite AG.2020).<\/p>\n<hr \/>\n<h2 style=\"text-align: justify;\"><strong>Voici les NOUVEAUX horaires du Club\u00a0: <\/strong><\/h2>\n<ul>\n<li style=\"text-align: justify;\">Mercredi de 14 h \u00e0 19 h.<\/li>\n<li style=\"text-align: justify;\">Samedi de 9 h 30\/ 9 h 45 \u00e0 12 h.<\/li>\n<\/ul>\n<hr \/>\n<p><strong>Adresse du local du Club<\/strong>\u00a0:\u00a0Anciens Ateliers municipaux,<br \/>\nrue du Colonel Rossel \u00e0 COULOUNIEIX-CHAMIERS. (<a href=\"https:\/\/meriller-vapeur.fr\/wp3\/?page_id=73\">Voir plan d\u2019acc\u00e8s <strong>en<\/strong> <strong>bas<\/strong> <strong>de page<\/strong> ICI<\/a>)<\/p>\n<h1><span style=\"color: #ff0000;\">Pour imprimer le bulletin, le remplir et nous l&rsquo;adresser &gt;&gt;&gt;&gt;&gt;&gt;&gt;&gt;&gt;&gt;&gt;&gt; cliquer<span style=\"text-decoration: underline;\"><strong> <a href=\"http:\/\/meriller-vapeur.fr\/wp3\/wp-content\/uploads\/2014\/02\/mv24-adhesion.pdf\" target=\"_blank\" rel=\"noopener noreferrer\"><span style=\"color: #ff0000; text-decoration: underline;\">ICI !<\/span><\/a><\/strong><\/span><\/span><\/h1>\n<pre>(Page mise \u00e0 jour le 26-10-2020)<\/pre>\n<p>___________________________<\/p>\n<div class=\"pvc_clear\"><\/div>\n<p id=\"pvc_stats_1762\" class=\"pvc_stats all  \" data-element-id=\"1762\" style=\"\"><i class=\"pvc-stats-icon medium\" aria-hidden=\"true\"><svg aria-hidden=\"true\" focusable=\"false\" data-prefix=\"far\" data-icon=\"chart-bar\" role=\"img\" xmlns=\"http:\/\/www.w3.org\/2000\/svg\" viewBox=\"0 0 512 512\" class=\"svg-inline--fa fa-chart-bar fa-w-16 fa-2x\"><path fill=\"currentColor\" d=\"M396.8 352h22.4c6.4 0 12.8-6.4 12.8-12.8V108.8c0-6.4-6.4-12.8-12.8-12.8h-22.4c-6.4 0-12.8 6.4-12.8 12.8v230.4c0 6.4 6.4 12.8 12.8 12.8zm-192 0h22.4c6.4 0 12.8-6.4 12.8-12.8V140.8c0-6.4-6.4-12.8-12.8-12.8h-22.4c-6.4 0-12.8 6.4-12.8 12.8v198.4c0 6.4 6.4 12.8 12.8 12.8zm96 0h22.4c6.4 0 12.8-6.4 12.8-12.8V204.8c0-6.4-6.4-12.8-12.8-12.8h-22.4c-6.4 0-12.8 6.4-12.8 12.8v134.4c0 6.4 6.4 12.8 12.8 12.8zM496 400H48V80c0-8.84-7.16-16-16-16H16C7.16 64 0 71.16 0 80v336c0 17.67 14.33 32 32 32h464c8.84 0 16-7.16 16-16v-16c0-8.84-7.16-16-16-16zm-387.2-48h22.4c6.4 0 12.8-6.4 12.8-12.8v-70.4c0-6.4-6.4-12.8-12.8-12.8h-22.4c-6.4 0-12.8 6.4-12.8 12.8v70.4c0 6.4 6.4 12.8 12.8 12.8z\" class=\"\"><\/path><\/svg><\/i> <img loading=\"lazy\" decoding=\"async\" width=\"16\" height=\"16\" alt=\"Loading\" src=\"https:\/\/meriller-vapeur.fr\/wp3\/wp-content\/plugins\/page-views-count\/ajax-loader-2x.gif\" border=0 \/><\/p>\n<div class=\"pvc_clear\"><\/div>\n","protected":false},"excerpt":{"rendered":"<p>ASSOCIATION\u00a0MERILLER-VAPEUR 24 &#8211; BULLETIN D&rsquo;ADH\u00c9SION &#8211; Le Club regroupe plusieurs activit\u00e9s : Entretien et embellissement du rond-point de M\u00e9riller\u00a0sur la route de Bordeaux o\u00f9 est expos\u00e9e une locomotive \u00e0 vapeur de type D\u00e9capod la 150 A 65. R\u00e9cup\u00e9ration et classement d\u2019archives\u00a0pour conserver les traces de l\u2019activit\u00e9 ferroviaire de la r\u00e9gion. Section mod\u00e9lisme\u00a0qui s\u2019occupe de la\u2026 <span class=\"read-more\"><a href=\"https:\/\/meriller-vapeur.fr\/wp3\/?page_id=1762\">Read More &raquo;<\/a><\/span><\/p>\n<div class=\"pvc_clear\"><\/div>\n<p id=\"pvc_stats_1762\" class=\"pvc_stats all  \" data-element-id=\"1762\" style=\"\"><i class=\"pvc-stats-icon medium\" aria-hidden=\"true\"><svg aria-hidden=\"true\" focusable=\"false\" data-prefix=\"far\" data-icon=\"chart-bar\" role=\"img\" xmlns=\"http:\/\/www.w3.org\/2000\/svg\" viewBox=\"0 0 512 512\" class=\"svg-inline--fa fa-chart-bar fa-w-16 fa-2x\"><path fill=\"currentColor\" d=\"M396.8 352h22.4c6.4 0 12.8-6.4 12.8-12.8V108.8c0-6.4-6.4-12.8-12.8-12.8h-22.4c-6.4 0-12.8 6.4-12.8 12.8v230.4c0 6.4 6.4 12.8 12.8 12.8zm-192 0h22.4c6.4 0 12.8-6.4 12.8-12.8V140.8c0-6.4-6.4-12.8-12.8-12.8h-22.4c-6.4 0-12.8 6.4-12.8 12.8v198.4c0 6.4 6.4 12.8 12.8 12.8zm96 0h22.4c6.4 0 12.8-6.4 12.8-12.8V204.8c0-6.4-6.4-12.8-12.8-12.8h-22.4c-6.4 0-12.8 6.4-12.8 12.8v134.4c0 6.4 6.4 12.8 12.8 12.8zM496 400H48V80c0-8.84-7.16-16-16-16H16C7.16 64 0 71.16 0 80v336c0 17.67 14.33 32 32 32h464c8.84 0 16-7.16 16-16v-16c0-8.84-7.16-16-16-16zm-387.2-48h22.4c6.4 0 12.8-6.4 12.8-12.8v-70.4c0-6.4-6.4-12.8-12.8-12.8h-22.4c-6.4 0-12.8 6.4-12.8 12.8v70.4c0 6.4 6.4 12.8 12.8 12.8z\" class=\"\"><\/path><\/svg><\/i> <img loading=\"lazy\" decoding=\"async\" width=\"16\" height=\"16\" alt=\"Loading\" src=\"https:\/\/meriller-vapeur.fr\/wp3\/wp-content\/plugins\/page-views-count\/ajax-loader-2x.gif\" border=0 \/><\/p>\n<div class=\"pvc_clear\"><\/div>\n","protected":false},"author":1,"featured_media":0,"parent":73,"menu_order":0,"comment_status":"open","ping_status":"open","template":"","meta":{"footnotes":""},"class_list":["post-1762","page","type-page","status-publish","hentry"],"a3_pvc":{"activated":true,"total_views":1146,"today_views":0},"_links":{"self":[{"href":"https:\/\/meriller-vapeur.fr\/wp3\/index.php?rest_route=\/wp\/v2\/pages\/1762","targetHints":{"allow":["GET"]}}],"collection":[{"href":"https:\/\/meriller-vapeur.fr\/wp3\/index.php?rest_route=\/wp\/v2\/pages"}],"about":[{"href":"https:\/\/meriller-vapeur.fr\/wp3\/index.php?rest_route=\/wp\/v2\/types\/page"}],"author":[{"embeddable":true,"href":"https:\/\/meriller-vapeur.fr\/wp3\/index.php?rest_route=\/wp\/v2\/users\/1"}],"replies":[{"embeddable":true,"href":"https:\/\/meriller-vapeur.fr\/wp3\/index.php?rest_route=%2Fwp%2Fv2%2Fcomments&post=1762"}],"version-history":[{"count":0,"href":"https:\/\/meriller-vapeur.fr\/wp3\/index.php?rest_route=\/wp\/v2\/pages\/1762\/revisions"}],"up":[{"embeddable":true,"href":"https:\/\/meriller-vapeur.fr\/wp3\/index.php?rest_route=\/wp\/v2\/pages\/73"}],"wp:attachment":[{"href":"https:\/\/meriller-vapeur.fr\/wp3\/index.php?rest_route=%2Fwp%2Fv2%2Fmedia&parent=1762"}],"curies":[{"name":"wp","href":"https:\/\/api.w.org\/{rel}","templated":true}]}}