{"id":167,"date":"2013-06-25T17:40:38","date_gmt":"2013-06-25T15:40:38","guid":{"rendered":"http:\/\/meriller-vapeur.fr\/wp3\/?page_id=167"},"modified":"2013-06-28T16:02:09","modified_gmt":"2013-06-28T14:02:09","slug":"informatique","status":"publish","type":"page","link":"https:\/\/meriller-vapeur.fr\/wp3\/?page_id=167","title":{"rendered":"Informatique"},"content":{"rendered":"<p>Meriller-Vapeur 24 est toujours soucieux de proposer \u00e0 ses membres une aide dans les domaines pratiqu\u00e9s par les mod\u00e9listes.<\/p>\n<p>Parmi ces domaines, il en est un\u00a0: l&rsquo;<strong>Informatique personnelle<\/strong>, bien utile \u00e0 qui veut s&rsquo;informer sur les nouveaut\u00e9s, les r\u00e9alisations de confr\u00e8res, les futurs salons ou expositions, et tout simplement pouvoir communiquer par mails avec les coll\u00e8gues mod\u00e9listes!<\/p>\n<p><strong>PHOTOS ICI<\/strong>\u00a0: &gt;&gt;&gt;&gt;&gt; <a title=\"atelier de formation en informatique\" href=\"http:\/\/www.meriller-vapeur.fr\/ateliers\/informatique\/informatique_avr2013\/informatique_avr2013.html\" target=\"_blank\">Premi\u00e8res s\u00e9ances, AVRIL 2013<\/a>.<\/p>\n<p align=\"center\">\u2014\u2014\u2014\u2014\u2014\u2014\u2014\u2014\u2014\u2014\u2014\u2014\u2014\u2014\u2014\u2014\u2014\u2014\u2014<\/p>\n<h3><strong>POUR M\u00c9MOIRE, VOICI LE PROGRAMME qui \u00c9TAIT PROPOS\u00c9\u00a0:<\/strong><\/h3>\n<blockquote><p>1\/ L\u2019ORDINATEUR :<\/p>\n<ul>\n<li>&#8211; principes, comment \u00e7a fonctionne.<\/li>\n<li>&#8211; Modem adsl, raccordements, pr\u00e9cautions \u00e0 prendre.<\/li>\n<\/ul>\n<\/blockquote>\n<blockquote><p>2\/ S\u00c9CURIT\u00c9 :<\/p>\n<ul>\n<li>&#8211; principes<\/li>\n<li>&#8211; pr\u00e9cautions, pare-feu, antivirus,<\/li>\n<li>&#8211; sauvegardes (mise en place d\u2019une strat\u00e9gie de sauvegarde).<\/li>\n<\/ul>\n<\/blockquote>\n<blockquote><p>3\/ INTERNET :<\/p>\n<ul>\n<li>&#8211; principes.<\/li>\n<li>&#8211; naviguer, les bases.<\/li>\n<li>&#8211; le navigateur, r\u00e9glages \u00a0(pages, favoris\u2026)<\/li>\n<li>&#8211; recherches (les moteurs)<\/li>\n<li>&#8211; visualiser les images, les films, \u00e9couter de la musique&#8230;<\/li>\n<\/ul>\n<\/blockquote>\n<blockquote><p>4\/ MAILS (recevoir, et envoyer) :<\/p>\n<ul>\n<li>&#8211; principes<\/li>\n<li>&#8211; pratique : adresses mail, r\u00e9glage des comptes, relever, trier, r\u00e9pondre<\/li>\n<li>&#8211; envoi des mails : r\u00e9daction, les bonnes habitudes et ce qu&rsquo;il ne faut pas faire.<\/li>\n<li>&#8211; les spams : comment les \u00e9viter, comment faire pour ne pas en g\u00e9n\u00e9rer.<\/li>\n<\/ul>\n<\/blockquote>\n<blockquote><p><em>Nous pr\u00e9voyons au d\u00e9part un minimum de 4 x s\u00e9ances d\u2019une heure. On prolongera ensuite si n\u00e9cessaire en fonction des besoins exprim\u00e9s par les participants.<\/em><em>Comme vous le voyez, on progresse par approfondissement de s\u00e9ance en s\u00e9ance, il sera donc difficile de prendre la formation en marche, si on n&rsquo;a pas les acquis pr\u00e9c\u00e9dents.<\/em><em>De l\u2019assiduit\u00e9 de chaque participant d\u00e9pendra aussi la progression du groupe.Entre deux s\u00e9ances, on pr\u00e9conisera de mettre en pratique chez soi les notions acquises. Seule cette pratique permet de progresser&#8230;Chaque s\u00e9ance d\u00e9butera par des questions sur la pr\u00e9c\u00e9dente et le bilan des exercices r\u00e9alis\u00e9s \u00e0 la maison.\u00a0Enfin nous n&rsquo;aborderons pas la pratique de ce que l&rsquo;on appelle la \u00ab\u00a0bureautique\u00a0\u00bb (traitements de texte, tableurs, bases de donn\u00e9es). Cette connaissance ne peut s\u2019acqu\u00e9rir que par la pratique personnelle, la formation \u00e9tant aujourd\u2019hui remplac\u00e9e par les aides en ligne qu&rsquo;il faut s&rsquo;astreindre \u00e0 lire \u00a0imp\u00e9rativement.<\/em><em>\u00a0<\/em><\/p><\/blockquote>\n<p style=\"text-align: left;\" align=\"center\">_______________<\/p>\n<p>&nbsp;<\/p>\n<div class=\"pvc_clear\"><\/div>\n<p id=\"pvc_stats_167\" class=\"pvc_stats all  \" data-element-id=\"167\" style=\"\"><i class=\"pvc-stats-icon medium\" aria-hidden=\"true\"><svg aria-hidden=\"true\" focusable=\"false\" data-prefix=\"far\" data-icon=\"chart-bar\" role=\"img\" xmlns=\"http:\/\/www.w3.org\/2000\/svg\" viewBox=\"0 0 512 512\" class=\"svg-inline--fa fa-chart-bar fa-w-16 fa-2x\"><path fill=\"currentColor\" d=\"M396.8 352h22.4c6.4 0 12.8-6.4 12.8-12.8V108.8c0-6.4-6.4-12.8-12.8-12.8h-22.4c-6.4 0-12.8 6.4-12.8 12.8v230.4c0 6.4 6.4 12.8 12.8 12.8zm-192 0h22.4c6.4 0 12.8-6.4 12.8-12.8V140.8c0-6.4-6.4-12.8-12.8-12.8h-22.4c-6.4 0-12.8 6.4-12.8 12.8v198.4c0 6.4 6.4 12.8 12.8 12.8zm96 0h22.4c6.4 0 12.8-6.4 12.8-12.8V204.8c0-6.4-6.4-12.8-12.8-12.8h-22.4c-6.4 0-12.8 6.4-12.8 12.8v134.4c0 6.4 6.4 12.8 12.8 12.8zM496 400H48V80c0-8.84-7.16-16-16-16H16C7.16 64 0 71.16 0 80v336c0 17.67 14.33 32 32 32h464c8.84 0 16-7.16 16-16v-16c0-8.84-7.16-16-16-16zm-387.2-48h22.4c6.4 0 12.8-6.4 12.8-12.8v-70.4c0-6.4-6.4-12.8-12.8-12.8h-22.4c-6.4 0-12.8 6.4-12.8 12.8v70.4c0 6.4 6.4 12.8 12.8 12.8z\" class=\"\"><\/path><\/svg><\/i> <img loading=\"lazy\" decoding=\"async\" width=\"16\" height=\"16\" alt=\"Loading\" src=\"https:\/\/meriller-vapeur.fr\/wp3\/wp-content\/plugins\/page-views-count\/ajax-loader-2x.gif\" border=0 \/><\/p>\n<div class=\"pvc_clear\"><\/div>\n","protected":false},"excerpt":{"rendered":"<p>Meriller-Vapeur 24 est toujours soucieux de proposer \u00e0 ses membres une aide dans les domaines pratiqu\u00e9s par les mod\u00e9listes. Parmi ces domaines, il en est un\u00a0: l&rsquo;Informatique personnelle, bien utile \u00e0 qui veut s&rsquo;informer sur les nouveaut\u00e9s, les r\u00e9alisations de confr\u00e8res, les futurs salons ou expositions, et tout simplement pouvoir communiquer par mails avec les\u2026 <span class=\"read-more\"><a href=\"https:\/\/meriller-vapeur.fr\/wp3\/?page_id=167\">Read More &raquo;<\/a><\/span><\/p>\n<div class=\"pvc_clear\"><\/div>\n<p id=\"pvc_stats_167\" class=\"pvc_stats all  \" data-element-id=\"167\" style=\"\"><i class=\"pvc-stats-icon medium\" aria-hidden=\"true\"><svg aria-hidden=\"true\" focusable=\"false\" data-prefix=\"far\" data-icon=\"chart-bar\" role=\"img\" xmlns=\"http:\/\/www.w3.org\/2000\/svg\" viewBox=\"0 0 512 512\" class=\"svg-inline--fa fa-chart-bar fa-w-16 fa-2x\"><path fill=\"currentColor\" d=\"M396.8 352h22.4c6.4 0 12.8-6.4 12.8-12.8V108.8c0-6.4-6.4-12.8-12.8-12.8h-22.4c-6.4 0-12.8 6.4-12.8 12.8v230.4c0 6.4 6.4 12.8 12.8 12.8zm-192 0h22.4c6.4 0 12.8-6.4 12.8-12.8V140.8c0-6.4-6.4-12.8-12.8-12.8h-22.4c-6.4 0-12.8 6.4-12.8 12.8v198.4c0 6.4 6.4 12.8 12.8 12.8zm96 0h22.4c6.4 0 12.8-6.4 12.8-12.8V204.8c0-6.4-6.4-12.8-12.8-12.8h-22.4c-6.4 0-12.8 6.4-12.8 12.8v134.4c0 6.4 6.4 12.8 12.8 12.8zM496 400H48V80c0-8.84-7.16-16-16-16H16C7.16 64 0 71.16 0 80v336c0 17.67 14.33 32 32 32h464c8.84 0 16-7.16 16-16v-16c0-8.84-7.16-16-16-16zm-387.2-48h22.4c6.4 0 12.8-6.4 12.8-12.8v-70.4c0-6.4-6.4-12.8-12.8-12.8h-22.4c-6.4 0-12.8 6.4-12.8 12.8v70.4c0 6.4 6.4 12.8 12.8 12.8z\" class=\"\"><\/path><\/svg><\/i> <img loading=\"lazy\" decoding=\"async\" width=\"16\" height=\"16\" alt=\"Loading\" src=\"https:\/\/meriller-vapeur.fr\/wp3\/wp-content\/plugins\/page-views-count\/ajax-loader-2x.gif\" border=0 \/><\/p>\n<div class=\"pvc_clear\"><\/div>\n","protected":false},"author":1,"featured_media":0,"parent":137,"menu_order":0,"comment_status":"open","ping_status":"open","template":"tmp-onecolumn.php","meta":{"footnotes":""},"class_list":["post-167","page","type-page","status-publish","hentry"],"a3_pvc":{"activated":true,"total_views":1032,"today_views":0},"_links":{"self":[{"href":"https:\/\/meriller-vapeur.fr\/wp3\/index.php?rest_route=\/wp\/v2\/pages\/167","targetHints":{"allow":["GET"]}}],"collection":[{"href":"https:\/\/meriller-vapeur.fr\/wp3\/index.php?rest_route=\/wp\/v2\/pages"}],"about":[{"href":"https:\/\/meriller-vapeur.fr\/wp3\/index.php?rest_route=\/wp\/v2\/types\/page"}],"author":[{"embeddable":true,"href":"https:\/\/meriller-vapeur.fr\/wp3\/index.php?rest_route=\/wp\/v2\/users\/1"}],"replies":[{"embeddable":true,"href":"https:\/\/meriller-vapeur.fr\/wp3\/index.php?rest_route=%2Fwp%2Fv2%2Fcomments&post=167"}],"version-history":[{"count":0,"href":"https:\/\/meriller-vapeur.fr\/wp3\/index.php?rest_route=\/wp\/v2\/pages\/167\/revisions"}],"up":[{"embeddable":true,"href":"https:\/\/meriller-vapeur.fr\/wp3\/index.php?rest_route=\/wp\/v2\/pages\/137"}],"wp:attachment":[{"href":"https:\/\/meriller-vapeur.fr\/wp3\/index.php?rest_route=%2Fwp%2Fv2%2Fmedia&parent=167"}],"curies":[{"name":"wp","href":"https:\/\/api.w.org\/{rel}","templated":true}]}}