{"id":156,"date":"2013-06-25T17:09:32","date_gmt":"2013-06-25T15:09:32","guid":{"rendered":"http:\/\/meriller-vapeur.fr\/wp3\/?page_id=156"},"modified":"2020-10-02T19:04:22","modified_gmt":"2020-10-02T17:04:22","slug":"club-du-soir","status":"publish","type":"page","link":"https:\/\/meriller-vapeur.fr\/wp3\/?page_id=156","title":{"rendered":"Club du Soir"},"content":{"rendered":"<p>Meriller-Vapeur 24 est toujours soucieux de d\u00e9velopper la pratique du mod\u00e9lisme ferroviaire aupr\u00e8s des jeunes g\u00e9n\u00e9rations.<br \/>\nC&rsquo;est l\u00e0 le seul moyen d&rsquo;assurer la p\u00e9rennit\u00e9 de cette activit\u00e9 qui constitue notre passion!<\/p>\n<p style=\"text-align: center;\"><a href=\"http:\/\/meriller-vapeur.fr\/wp3\/wp-content\/uploads\/2013\/06\/MV-programme-cours-du-soir2014.jpg\" target=\"_blank\" rel=\"noopener noreferrer\"><img loading=\"lazy\" decoding=\"async\" class=\"alignleft\" src=\"http:\/\/meriller-vapeur.fr\/wp3\/wp-content\/uploads\/2013\/06\/MV-programme-cours-du-soir2014-218x300.jpg\" alt=\"\" width=\"153\" height=\"210\" \/><\/a><\/p>\n<p>Vous pouvez voir ci-contre la Charte-Programme de cette activit\u00e9 (cliquer sur l&rsquo;image pour agrandir).<\/p>\n<p>Chaque ann\u00e9e donc, un groupe d&rsquo;enfants volontaires est constitu\u00e9 parmi les \u00e9l\u00e8ves des Groupes scolaires de la Commune de Coulounieix-Chamiers, et accompagn\u00e9s par un responsable, recoivent une initiation aux techniques du mod\u00e9lisme dispens\u00e9e par les b\u00e9n\u00e9voles du club.<\/p>\n<table border=\"2\" width=\"90%\" cellpadding=\"12\">\n<tbody>\n<tr bgcolor=\"#CCFFCC\">\n<td>\n<p align=\"center\"><span style=\"text-decoration: underline;\"><strong>CLUB DU SOIR 2016 pour scolaires\u00a0:<\/strong><\/span><\/p>\n<p><strong>A partir de AVRIL\u00a02016, les MARDI 17h \u00e0 18h30, du 25 avril\u00a0au 10 juin 2016\u00a0<\/strong>comme chaque ann\u00e9e,\u00a0<strong>les scolaires,<\/strong>\u00a0accompagn\u00e9s d\u2019un responsable, recevront, dans le cadre des clubs du soir, une initiation aux techniques du mod\u00e9lisme dispens\u00e9e par les b\u00e9n\u00e9voles du club. Un\u00a0<strong>DIPL\u00d4ME<\/strong>\u00a0de fin de formation est remis aux enfants.<\/td>\n<\/tr>\n<\/tbody>\n<\/table>\n<p>Voici quelques photos montrant cette activit\u00e9, ann\u00e9e apr\u00e8s ann\u00e9e (cliquer sur l&rsquo;ann\u00e9e d\u00e9sir\u00e9e)\u00a0:<\/p>\n<blockquote><p>&#8211; <a href=\"https:\/\/meriller-vapeur.fr\/wp3\/?page_id=5694\">Ann\u00e9e 2016<\/a><\/p>\n<p>&#8211;\u00a0<a title=\"Club du Soir\u00a0: session 2015\" href=\"http:\/\/meriller-vapeur.fr\/wp3\/?page_id=3722\">Ann\u00e9e 2015<\/a><\/p>\n<p>&#8211;\u00a0<a title=\"Club du Soir\u00a0: session 2014\" href=\"http:\/\/meriller-vapeur.fr\/wp3\/?page_id=2129\">Ann\u00e9e 2014<\/a><\/p>\n<p>&#8211;\u00a0<a href=\"http:\/\/www.meriller-vapeur.fr\/ateliers\/clubdusoir\/clubdusoir2013\/clubdusoir2013.html\" target=\"_blank\" rel=\"noopener noreferrer\">Ann\u00e9e 2013 1\u00e8re partie.<\/a><\/p>\n<p style=\"padding-left: 30px;\">&#8211; \u00a0 \u00a0 \u00a0 \u00a0 \u00a0 \u00a0<a href=\"http:\/\/www.meriller-vapeur.fr\/ateliers\/clubdusoir\/clubdusoir2013-2\/clubdusoir20132.html\" target=\"_blank\" rel=\"noopener noreferrer\">\u00a0\u00bb \u00a0\u00a0\u00bb \u00a0 \u00a0 2\u00e8me partie.<\/a><\/p>\n<p style=\"padding-left: 30px;\">&#8211; \u00a0 \u00a0 \u00a0 \u00a0 \u00a0 \u00a0 <a href=\"http:\/\/www.meriller-vapeur.fr\/ateliers\/clubdusoir\/clubdusoir2013-3\/clubdusoir20133.html\" target=\"_blank\" rel=\"noopener noreferrer\">\u00a0\u00bb \u00a0\u00bb \u00a0 \u00a0 3\u00e8me partie.<\/a><\/p>\n<p style=\"padding-left: 30px;\">&#8211; \u00a0 \u00a0 \u00a0 \u00a0 \u00a0 \u00a0 \u00a0<a href=\"http:\/\/www.meriller-vapeur.fr\/ateliers\/clubdusoir\/clubdusoir2013-4\/clubdusoir2013-4.html\" target=\"_blank\" rel=\"noopener noreferrer\">\u00a0\u00bb \u00a0\u00bb \u00a0 \u00a04\u00e8me partie.<\/a><\/p>\n<p style=\"padding-left: 30px;\">&#8211; \u00a0 \u00a0 \u00a0 \u00a0 \u00a0 \u00a0 \u00a0<a href=\"http:\/\/www.meriller-vapeur.fr\/ateliers\/clubdusoir\/clubdusoir2013-5\/clubdusoir2013-5.html\" target=\"_blank\" rel=\"noopener noreferrer\">\u00a0\u00bb \u00a0\u00bb \u00a0 \u00a05\u00e8me partie (et fin\u2026).<\/a><\/p>\n<p>&#8211;\u00a0<a href=\"http:\/\/www.meriller-vapeur.fr\/ateliers\/clubdusoir\/clubdusoir2012\/cours_soir2012.html\" target=\"_blank\" rel=\"noopener noreferrer\">Ann\u00e9e 2012<\/a><\/p>\n<p>&#8211;\u00a0<a href=\"http:\/\/www.meriller-vapeur.fr\/ateliers\/clubdusoir\/clubdusoir2011\/modelisme2011.html\" target=\"_blank\" rel=\"noopener noreferrer\">Ann\u00e9e 2011<\/a><\/p>\n<p>&nbsp;<\/p><\/blockquote>\n<p><em><span style=\"color: #333333; font-family: 'Helvetica Neue', Helvetica, Arial, 'Nimbus Sans L', sans-serif;\">Page mise \u00e0 jour le 18-05-2016.<\/span><\/em><\/p>\n<div class=\"pvc_clear\"><\/div>\n<p id=\"pvc_stats_156\" class=\"pvc_stats all  \" data-element-id=\"156\" style=\"\"><i class=\"pvc-stats-icon medium\" aria-hidden=\"true\"><svg aria-hidden=\"true\" focusable=\"false\" data-prefix=\"far\" data-icon=\"chart-bar\" role=\"img\" xmlns=\"http:\/\/www.w3.org\/2000\/svg\" viewBox=\"0 0 512 512\" class=\"svg-inline--fa fa-chart-bar fa-w-16 fa-2x\"><path fill=\"currentColor\" d=\"M396.8 352h22.4c6.4 0 12.8-6.4 12.8-12.8V108.8c0-6.4-6.4-12.8-12.8-12.8h-22.4c-6.4 0-12.8 6.4-12.8 12.8v230.4c0 6.4 6.4 12.8 12.8 12.8zm-192 0h22.4c6.4 0 12.8-6.4 12.8-12.8V140.8c0-6.4-6.4-12.8-12.8-12.8h-22.4c-6.4 0-12.8 6.4-12.8 12.8v198.4c0 6.4 6.4 12.8 12.8 12.8zm96 0h22.4c6.4 0 12.8-6.4 12.8-12.8V204.8c0-6.4-6.4-12.8-12.8-12.8h-22.4c-6.4 0-12.8 6.4-12.8 12.8v134.4c0 6.4 6.4 12.8 12.8 12.8zM496 400H48V80c0-8.84-7.16-16-16-16H16C7.16 64 0 71.16 0 80v336c0 17.67 14.33 32 32 32h464c8.84 0 16-7.16 16-16v-16c0-8.84-7.16-16-16-16zm-387.2-48h22.4c6.4 0 12.8-6.4 12.8-12.8v-70.4c0-6.4-6.4-12.8-12.8-12.8h-22.4c-6.4 0-12.8 6.4-12.8 12.8v70.4c0 6.4 6.4 12.8 12.8 12.8z\" class=\"\"><\/path><\/svg><\/i> <img loading=\"lazy\" decoding=\"async\" width=\"16\" height=\"16\" alt=\"Loading\" src=\"https:\/\/meriller-vapeur.fr\/wp3\/wp-content\/plugins\/page-views-count\/ajax-loader-2x.gif\" border=0 \/><\/p>\n<div class=\"pvc_clear\"><\/div>\n","protected":false},"excerpt":{"rendered":"<p>Meriller-Vapeur 24 est toujours soucieux de d\u00e9velopper la pratique du mod\u00e9lisme ferroviaire aupr\u00e8s des jeunes g\u00e9n\u00e9rations. C&rsquo;est l\u00e0 le seul moyen d&rsquo;assurer la p\u00e9rennit\u00e9 de cette activit\u00e9 qui constitue notre passion! Vous pouvez voir ci-contre la Charte-Programme de cette activit\u00e9 (cliquer sur l&rsquo;image pour agrandir). Chaque ann\u00e9e donc, un groupe d&rsquo;enfants volontaires est constitu\u00e9 parmi\u2026 <span class=\"read-more\"><a href=\"https:\/\/meriller-vapeur.fr\/wp3\/?page_id=156\">Read More &raquo;<\/a><\/span><\/p>\n<div class=\"pvc_clear\"><\/div>\n<p id=\"pvc_stats_156\" class=\"pvc_stats all  \" data-element-id=\"156\" style=\"\"><i class=\"pvc-stats-icon medium\" aria-hidden=\"true\"><svg aria-hidden=\"true\" focusable=\"false\" data-prefix=\"far\" data-icon=\"chart-bar\" role=\"img\" xmlns=\"http:\/\/www.w3.org\/2000\/svg\" viewBox=\"0 0 512 512\" class=\"svg-inline--fa fa-chart-bar fa-w-16 fa-2x\"><path fill=\"currentColor\" d=\"M396.8 352h22.4c6.4 0 12.8-6.4 12.8-12.8V108.8c0-6.4-6.4-12.8-12.8-12.8h-22.4c-6.4 0-12.8 6.4-12.8 12.8v230.4c0 6.4 6.4 12.8 12.8 12.8zm-192 0h22.4c6.4 0 12.8-6.4 12.8-12.8V140.8c0-6.4-6.4-12.8-12.8-12.8h-22.4c-6.4 0-12.8 6.4-12.8 12.8v198.4c0 6.4 6.4 12.8 12.8 12.8zm96 0h22.4c6.4 0 12.8-6.4 12.8-12.8V204.8c0-6.4-6.4-12.8-12.8-12.8h-22.4c-6.4 0-12.8 6.4-12.8 12.8v134.4c0 6.4 6.4 12.8 12.8 12.8zM496 400H48V80c0-8.84-7.16-16-16-16H16C7.16 64 0 71.16 0 80v336c0 17.67 14.33 32 32 32h464c8.84 0 16-7.16 16-16v-16c0-8.84-7.16-16-16-16zm-387.2-48h22.4c6.4 0 12.8-6.4 12.8-12.8v-70.4c0-6.4-6.4-12.8-12.8-12.8h-22.4c-6.4 0-12.8 6.4-12.8 12.8v70.4c0 6.4 6.4 12.8 12.8 12.8z\" class=\"\"><\/path><\/svg><\/i> <img loading=\"lazy\" decoding=\"async\" width=\"16\" height=\"16\" alt=\"Loading\" src=\"https:\/\/meriller-vapeur.fr\/wp3\/wp-content\/plugins\/page-views-count\/ajax-loader-2x.gif\" border=0 \/><\/p>\n<div class=\"pvc_clear\"><\/div>\n","protected":false},"author":1,"featured_media":0,"parent":137,"menu_order":0,"comment_status":"open","ping_status":"open","template":"","meta":{"footnotes":""},"class_list":["post-156","page","type-page","status-publish","hentry"],"a3_pvc":{"activated":true,"total_views":1555,"today_views":0},"_links":{"self":[{"href":"https:\/\/meriller-vapeur.fr\/wp3\/index.php?rest_route=\/wp\/v2\/pages\/156","targetHints":{"allow":["GET"]}}],"collection":[{"href":"https:\/\/meriller-vapeur.fr\/wp3\/index.php?rest_route=\/wp\/v2\/pages"}],"about":[{"href":"https:\/\/meriller-vapeur.fr\/wp3\/index.php?rest_route=\/wp\/v2\/types\/page"}],"author":[{"embeddable":true,"href":"https:\/\/meriller-vapeur.fr\/wp3\/index.php?rest_route=\/wp\/v2\/users\/1"}],"replies":[{"embeddable":true,"href":"https:\/\/meriller-vapeur.fr\/wp3\/index.php?rest_route=%2Fwp%2Fv2%2Fcomments&post=156"}],"version-history":[{"count":0,"href":"https:\/\/meriller-vapeur.fr\/wp3\/index.php?rest_route=\/wp\/v2\/pages\/156\/revisions"}],"up":[{"embeddable":true,"href":"https:\/\/meriller-vapeur.fr\/wp3\/index.php?rest_route=\/wp\/v2\/pages\/137"}],"wp:attachment":[{"href":"https:\/\/meriller-vapeur.fr\/wp3\/index.php?rest_route=%2Fwp%2Fv2%2Fmedia&parent=156"}],"curies":[{"name":"wp","href":"https:\/\/api.w.org\/{rel}","templated":true}]}}