{"id":15581,"date":"2023-10-04T15:38:12","date_gmt":"2023-10-04T13:38:12","guid":{"rendered":"https:\/\/meriller-vapeur.fr\/wp3\/?page_id=15581"},"modified":"2023-10-05T18:17:59","modified_gmt":"2023-10-05T16:17:59","slug":"1-refection-et-preparation-du-reseau-niversac-sept-2023","status":"publish","type":"page","link":"https:\/\/meriller-vapeur.fr\/wp3\/?page_id=15581","title":{"rendered":"\u2022 1. R\u00e9fection et pr\u00e9paration du R\u00e9seau \u00ab\u00a0NIVERSAC\u00a0\u00bb (sept. 2023)"},"content":{"rendered":"<p style=\"text-align: left;\"><a href=\"https:\/\/meriller-vapeur.fr\/wp3\/?page_id=15555\">&lt; Page pr\u00e9c\u00e9dente<\/a>\u00a0 \u00a0 \u00a0 \u00a0 \u00a0 \u00a0 \u00a0 \u00a0 \u00a0 \u00a0 \u00a0 \u00a0 \u00a0 \u00a0 \u00a0 \u00a0 \u00a0 \u00a0 \u00a0 \u00a0 \u00a0 \u00a0 \u00a0 \u00a0 \u00a0 \u00a0 \u00a0 \u00a0 \u00a0 \u00a0 \u00a0 \u00a0 \u00a0 \u00a0 \u00a0 \u00a0 \u00a0 \u00a0 \u00a0 \u00a0 \u00a0 \u00a0 \u00a0 \u00a0 \u00a0 \u00a0 \u00a0 \u00a0 \u00a0 \u00a0 \u00a0 \u00a0 \u00a0 \u00a0 \u00a0 \u00a0<a href=\"https:\/\/meriller-vapeur.fr\/wp3\/?page_id=15615\">Page suivante &gt;<\/a><\/p>\n<p>En vue d&rsquo;assurer la pr\u00e9sence de Meriller-Vapeur 24 \u00e0 l&rsquo;Exposition du 30 septembre 2023 \u00e0 NIVERSAC\u00a0dans le cadre du centenaire du MUSEE NATIONAL DE LA PREHISTOIRE DES EYZIES et \u00e0 la demande de l&rsquo;OFFICE DE TOURISME DU GRAND PERIGUEUX, nous avons entrepris la r\u00e9fection du R\u00e9seau de la Gare de Niversac, d\u00e9j\u00e0 expos\u00e9 plusieurs fois par le pass\u00e9.<\/p>\n<p>La maquette construite en 2009 \/ 2010 avait besoin d&rsquo;\u00eatre r\u00e9nov\u00e9e et surtout rendue plus r\u00e9aliste et fid\u00e8le \u00e0 la r\u00e9alit\u00e9 de ce site historique tel qu&rsquo;il apparaissait dans les ann\u00e9es 1950\/1960.<\/p>\n<p>Les travaux de r\u00e9novation ont commenc\u00e9 le 16 ao\u00fbt 2023, voici les \u00e9tapes successives :<\/p>\n\n\t\t<style type=\"text\/css\">\n\t\t\t#gallery-1 {\n\t\t\t\tmargin: auto;\n\t\t\t}\n\t\t\t#gallery-1 .gallery-item {\n\t\t\t\tfloat: left;\n\t\t\t\tmargin-top: 10px;\n\t\t\t\ttext-align: center;\n\t\t\t\twidth: 50%;\n\t\t\t}\n\t\t\t#gallery-1 img {\n\t\t\t\tborder: 2px solid #cfcfcf;\n\t\t\t}\n\t\t\t#gallery-1 .gallery-caption {\n\t\t\t\tmargin-left: 0;\n\t\t\t}\n\t\t\t\/* see gallery_shortcode() in wp-includes\/media.php *\/\n\t\t<\/style>\n\t\t<div id='gallery-1' class='gallery galleryid-15581 gallery-columns-2 gallery-size-large'><dl class='gallery-item'>\n\t\t\t<dt class='gallery-icon landscape'>\n\t\t\t\t<a href='https:\/\/meriller-vapeur.fr\/wp3\/?attachment_id=15586'><img loading=\"lazy\" decoding=\"async\" width=\"665\" height=\"499\" src=\"https:\/\/meriller-vapeur.fr\/wp3\/wp-content\/uploads\/2023\/10\/IMG_2310-1024x768.jpg\" class=\"attachment-large size-large\" alt=\"\" aria-describedby=\"gallery-1-15586\" srcset=\"https:\/\/meriller-vapeur.fr\/wp3\/wp-content\/uploads\/2023\/10\/IMG_2310-1024x768.jpg 1024w, https:\/\/meriller-vapeur.fr\/wp3\/wp-content\/uploads\/2023\/10\/IMG_2310-300x225.jpg 300w, https:\/\/meriller-vapeur.fr\/wp3\/wp-content\/uploads\/2023\/10\/IMG_2310-768x576.jpg 768w, https:\/\/meriller-vapeur.fr\/wp3\/wp-content\/uploads\/2023\/10\/IMG_2310-1536x1152.jpg 1536w, https:\/\/meriller-vapeur.fr\/wp3\/wp-content\/uploads\/2023\/10\/IMG_2310-660x495.jpg 660w, https:\/\/meriller-vapeur.fr\/wp3\/wp-content\/uploads\/2023\/10\/IMG_2310.jpg 1600w\" sizes=\"auto, (max-width: 665px) 100vw, 665px\" \/><\/a>\n\t\t\t<\/dt>\n\t\t\t\t<dd class='wp-caption-text gallery-caption' id='gallery-1-15586'>\n\t\t\t\tGARE DE NIVERSAC &#8211; Gros plan sur le module N\u00b0 1.\n\t\t\t\t<\/dd><\/dl><dl class='gallery-item'>\n\t\t\t<dt class='gallery-icon landscape'>\n\t\t\t\t<a href='https:\/\/meriller-vapeur.fr\/wp3\/?attachment_id=15587'><img loading=\"lazy\" decoding=\"async\" width=\"665\" height=\"499\" src=\"https:\/\/meriller-vapeur.fr\/wp3\/wp-content\/uploads\/2023\/10\/IMG_2315-1024x768.jpg\" class=\"attachment-large size-large\" alt=\"\" aria-describedby=\"gallery-1-15587\" srcset=\"https:\/\/meriller-vapeur.fr\/wp3\/wp-content\/uploads\/2023\/10\/IMG_2315-1024x768.jpg 1024w, https:\/\/meriller-vapeur.fr\/wp3\/wp-content\/uploads\/2023\/10\/IMG_2315-300x225.jpg 300w, https:\/\/meriller-vapeur.fr\/wp3\/wp-content\/uploads\/2023\/10\/IMG_2315-768x576.jpg 768w, https:\/\/meriller-vapeur.fr\/wp3\/wp-content\/uploads\/2023\/10\/IMG_2315-1536x1152.jpg 1536w, https:\/\/meriller-vapeur.fr\/wp3\/wp-content\/uploads\/2023\/10\/IMG_2315-660x495.jpg 660w, https:\/\/meriller-vapeur.fr\/wp3\/wp-content\/uploads\/2023\/10\/IMG_2315.jpg 1600w\" sizes=\"auto, (max-width: 665px) 100vw, 665px\" \/><\/a>\n\t\t\t<\/dt>\n\t\t\t\t<dd class='wp-caption-text gallery-caption' id='gallery-1-15587'>\n\t\t\t\tGARE DE NIVERSAC &#8211; Module N\u00b0 4 D\u00e9molition de l&rsquo;assise  de la RN 89 avec les principaux acteurs de la r\u00e9novation.\n\t\t\t\t<\/dd><\/dl><br style=\"clear: both\" \/><dl class='gallery-item'>\n\t\t\t<dt class='gallery-icon landscape'>\n\t\t\t\t<a href='https:\/\/meriller-vapeur.fr\/wp3\/?attachment_id=15595'><img loading=\"lazy\" decoding=\"async\" width=\"665\" height=\"499\" src=\"https:\/\/meriller-vapeur.fr\/wp3\/wp-content\/uploads\/2023\/10\/IMG_2354-1024x768.jpg\" class=\"attachment-large size-large\" alt=\"\" aria-describedby=\"gallery-1-15595\" srcset=\"https:\/\/meriller-vapeur.fr\/wp3\/wp-content\/uploads\/2023\/10\/IMG_2354-1024x768.jpg 1024w, https:\/\/meriller-vapeur.fr\/wp3\/wp-content\/uploads\/2023\/10\/IMG_2354-300x225.jpg 300w, https:\/\/meriller-vapeur.fr\/wp3\/wp-content\/uploads\/2023\/10\/IMG_2354-768x576.jpg 768w, https:\/\/meriller-vapeur.fr\/wp3\/wp-content\/uploads\/2023\/10\/IMG_2354-1536x1152.jpg 1536w, https:\/\/meriller-vapeur.fr\/wp3\/wp-content\/uploads\/2023\/10\/IMG_2354-660x495.jpg 660w, https:\/\/meriller-vapeur.fr\/wp3\/wp-content\/uploads\/2023\/10\/IMG_2354.jpg 1600w\" sizes=\"auto, (max-width: 665px) 100vw, 665px\" \/><\/a>\n\t\t\t<\/dt>\n\t\t\t\t<dd class='wp-caption-text gallery-caption' id='gallery-1-15595'>\n\t\t\t\tLes WC HOMMES-DAMES, r\u00e9alis\u00e9s par Christophe DETOUT &#8211; 15 sept 2023.\n\t\t\t\t<\/dd><\/dl><dl class='gallery-item'>\n\t\t\t<dt class='gallery-icon landscape'>\n\t\t\t\t<a href='https:\/\/meriller-vapeur.fr\/wp3\/?attachment_id=15597'><img loading=\"lazy\" decoding=\"async\" width=\"665\" height=\"499\" src=\"https:\/\/meriller-vapeur.fr\/wp3\/wp-content\/uploads\/2023\/10\/IMG_2373-1024x768.jpg\" class=\"attachment-large size-large\" alt=\"\" aria-describedby=\"gallery-1-15597\" srcset=\"https:\/\/meriller-vapeur.fr\/wp3\/wp-content\/uploads\/2023\/10\/IMG_2373-1024x768.jpg 1024w, https:\/\/meriller-vapeur.fr\/wp3\/wp-content\/uploads\/2023\/10\/IMG_2373-300x225.jpg 300w, https:\/\/meriller-vapeur.fr\/wp3\/wp-content\/uploads\/2023\/10\/IMG_2373-768x576.jpg 768w, https:\/\/meriller-vapeur.fr\/wp3\/wp-content\/uploads\/2023\/10\/IMG_2373-1536x1152.jpg 1536w, https:\/\/meriller-vapeur.fr\/wp3\/wp-content\/uploads\/2023\/10\/IMG_2373-660x495.jpg 660w, https:\/\/meriller-vapeur.fr\/wp3\/wp-content\/uploads\/2023\/10\/IMG_2373.jpg 1600w\" sizes=\"auto, (max-width: 665px) 100vw, 665px\" \/><\/a>\n\t\t\t<\/dt>\n\t\t\t\t<dd class='wp-caption-text gallery-caption' id='gallery-1-15597'>\n\t\t\t\tModule \u00ab\u00a0GARE DE NIVERSAC\u00a0\u00bb, pr\u00eat pour l&rsquo;Exposition  du 30 sept 2023 \u00e0 &#8230;.Niversac, dans la voiture OCEM C9.\n\t\t\t\t<\/dd><\/dl><br style=\"clear: both\" \/><dl class='gallery-item'>\n\t\t\t<dt class='gallery-icon landscape'>\n\t\t\t\t<a href='https:\/\/meriller-vapeur.fr\/wp3\/?attachment_id=15598'><img loading=\"lazy\" decoding=\"async\" width=\"665\" height=\"499\" src=\"https:\/\/meriller-vapeur.fr\/wp3\/wp-content\/uploads\/2023\/10\/IMG_2381-1024x768.jpg\" class=\"attachment-large size-large\" alt=\"\" aria-describedby=\"gallery-1-15598\" srcset=\"https:\/\/meriller-vapeur.fr\/wp3\/wp-content\/uploads\/2023\/10\/IMG_2381-1024x768.jpg 1024w, https:\/\/meriller-vapeur.fr\/wp3\/wp-content\/uploads\/2023\/10\/IMG_2381-300x225.jpg 300w, https:\/\/meriller-vapeur.fr\/wp3\/wp-content\/uploads\/2023\/10\/IMG_2381-768x576.jpg 768w, https:\/\/meriller-vapeur.fr\/wp3\/wp-content\/uploads\/2023\/10\/IMG_2381-1536x1152.jpg 1536w, https:\/\/meriller-vapeur.fr\/wp3\/wp-content\/uploads\/2023\/10\/IMG_2381-660x495.jpg 660w, https:\/\/meriller-vapeur.fr\/wp3\/wp-content\/uploads\/2023\/10\/IMG_2381.jpg 1600w\" sizes=\"auto, (max-width: 665px) 100vw, 665px\" \/><\/a>\n\t\t\t<\/dt>\n\t\t\t\t<dd class='wp-caption-text gallery-caption' id='gallery-1-15598'>\n\t\t\t\tVue de la maquette&#8230;\n\t\t\t\t<\/dd><\/dl><dl class='gallery-item'>\n\t\t\t<dt class='gallery-icon landscape'>\n\t\t\t\t<a href='https:\/\/meriller-vapeur.fr\/wp3\/?attachment_id=15599'><img loading=\"lazy\" decoding=\"async\" width=\"665\" height=\"499\" src=\"https:\/\/meriller-vapeur.fr\/wp3\/wp-content\/uploads\/2023\/10\/IMG_2382-1024x768.jpg\" class=\"attachment-large size-large\" alt=\"\" aria-describedby=\"gallery-1-15599\" srcset=\"https:\/\/meriller-vapeur.fr\/wp3\/wp-content\/uploads\/2023\/10\/IMG_2382-1024x768.jpg 1024w, https:\/\/meriller-vapeur.fr\/wp3\/wp-content\/uploads\/2023\/10\/IMG_2382-300x225.jpg 300w, https:\/\/meriller-vapeur.fr\/wp3\/wp-content\/uploads\/2023\/10\/IMG_2382-768x576.jpg 768w, https:\/\/meriller-vapeur.fr\/wp3\/wp-content\/uploads\/2023\/10\/IMG_2382-1536x1152.jpg 1536w, https:\/\/meriller-vapeur.fr\/wp3\/wp-content\/uploads\/2023\/10\/IMG_2382-660x495.jpg 660w, https:\/\/meriller-vapeur.fr\/wp3\/wp-content\/uploads\/2023\/10\/IMG_2382.jpg 1600w\" sizes=\"auto, (max-width: 665px) 100vw, 665px\" \/><\/a>\n\t\t\t<\/dt>\n\t\t\t\t<dd class='wp-caption-text gallery-caption' id='gallery-1-15599'>\n\t\t\t\t&#8230;pr\u00e9sent\u00e9e en situation&#8230;\n\t\t\t\t<\/dd><\/dl><br style=\"clear: both\" \/><dl class='gallery-item'>\n\t\t\t<dt class='gallery-icon landscape'>\n\t\t\t\t<a href='https:\/\/meriller-vapeur.fr\/wp3\/?attachment_id=15600'><img loading=\"lazy\" decoding=\"async\" width=\"665\" height=\"499\" src=\"https:\/\/meriller-vapeur.fr\/wp3\/wp-content\/uploads\/2023\/10\/IMG_2383-1024x768.jpg\" class=\"attachment-large size-large\" alt=\"\" aria-describedby=\"gallery-1-15600\" srcset=\"https:\/\/meriller-vapeur.fr\/wp3\/wp-content\/uploads\/2023\/10\/IMG_2383-1024x768.jpg 1024w, https:\/\/meriller-vapeur.fr\/wp3\/wp-content\/uploads\/2023\/10\/IMG_2383-300x225.jpg 300w, https:\/\/meriller-vapeur.fr\/wp3\/wp-content\/uploads\/2023\/10\/IMG_2383-768x576.jpg 768w, https:\/\/meriller-vapeur.fr\/wp3\/wp-content\/uploads\/2023\/10\/IMG_2383-1536x1152.jpg 1536w, https:\/\/meriller-vapeur.fr\/wp3\/wp-content\/uploads\/2023\/10\/IMG_2383-660x495.jpg 660w, https:\/\/meriller-vapeur.fr\/wp3\/wp-content\/uploads\/2023\/10\/IMG_2383.jpg 1600w\" sizes=\"auto, (max-width: 665px) 100vw, 665px\" \/><\/a>\n\t\t\t<\/dt>\n\t\t\t\t<dd class='wp-caption-text gallery-caption' id='gallery-1-15600'>\n\t\t\t\t&#8230;\u00e0 Niversac, dans la voiture OCEM C9.\n\t\t\t\t<\/dd><\/dl><dl class='gallery-item'>\n\t\t\t<dt class='gallery-icon landscape'>\n\t\t\t\t<a href='https:\/\/meriller-vapeur.fr\/wp3\/?attachment_id=15596'><img loading=\"lazy\" decoding=\"async\" width=\"665\" height=\"499\" src=\"https:\/\/meriller-vapeur.fr\/wp3\/wp-content\/uploads\/2023\/10\/IMG_2355-1024x768.jpg\" class=\"attachment-large size-large\" alt=\"\" aria-describedby=\"gallery-1-15596\" srcset=\"https:\/\/meriller-vapeur.fr\/wp3\/wp-content\/uploads\/2023\/10\/IMG_2355-1024x768.jpg 1024w, https:\/\/meriller-vapeur.fr\/wp3\/wp-content\/uploads\/2023\/10\/IMG_2355-300x225.jpg 300w, https:\/\/meriller-vapeur.fr\/wp3\/wp-content\/uploads\/2023\/10\/IMG_2355-768x576.jpg 768w, https:\/\/meriller-vapeur.fr\/wp3\/wp-content\/uploads\/2023\/10\/IMG_2355-1536x1152.jpg 1536w, https:\/\/meriller-vapeur.fr\/wp3\/wp-content\/uploads\/2023\/10\/IMG_2355-660x495.jpg 660w, https:\/\/meriller-vapeur.fr\/wp3\/wp-content\/uploads\/2023\/10\/IMG_2355.jpg 1600w\" sizes=\"auto, (max-width: 665px) 100vw, 665px\" \/><\/a>\n\t\t\t<\/dt>\n\t\t\t\t<dd class='wp-caption-text gallery-caption' id='gallery-1-15596'>\n\t\t\t\tEn GARE DE NIVERSAC la \u00ab\u00a0vraie\u00a0\u00bb navette &#8211; 23 sept 2023.\n\t\t\t\t<\/dd><\/dl><br style=\"clear: both\" \/>\n\t\t<\/div>\n\n<p>&nbsp;<\/p>\n<hr \/>\n<pre>page mise en ligne le 05\/10\/2023<\/pre>\n<div class=\"pvc_clear\"><\/div>\n<p id=\"pvc_stats_15581\" class=\"pvc_stats all  \" data-element-id=\"15581\" style=\"\"><i class=\"pvc-stats-icon medium\" aria-hidden=\"true\"><svg aria-hidden=\"true\" focusable=\"false\" data-prefix=\"far\" data-icon=\"chart-bar\" role=\"img\" xmlns=\"http:\/\/www.w3.org\/2000\/svg\" viewBox=\"0 0 512 512\" class=\"svg-inline--fa fa-chart-bar fa-w-16 fa-2x\"><path fill=\"currentColor\" d=\"M396.8 352h22.4c6.4 0 12.8-6.4 12.8-12.8V108.8c0-6.4-6.4-12.8-12.8-12.8h-22.4c-6.4 0-12.8 6.4-12.8 12.8v230.4c0 6.4 6.4 12.8 12.8 12.8zm-192 0h22.4c6.4 0 12.8-6.4 12.8-12.8V140.8c0-6.4-6.4-12.8-12.8-12.8h-22.4c-6.4 0-12.8 6.4-12.8 12.8v198.4c0 6.4 6.4 12.8 12.8 12.8zm96 0h22.4c6.4 0 12.8-6.4 12.8-12.8V204.8c0-6.4-6.4-12.8-12.8-12.8h-22.4c-6.4 0-12.8 6.4-12.8 12.8v134.4c0 6.4 6.4 12.8 12.8 12.8zM496 400H48V80c0-8.84-7.16-16-16-16H16C7.16 64 0 71.16 0 80v336c0 17.67 14.33 32 32 32h464c8.84 0 16-7.16 16-16v-16c0-8.84-7.16-16-16-16zm-387.2-48h22.4c6.4 0 12.8-6.4 12.8-12.8v-70.4c0-6.4-6.4-12.8-12.8-12.8h-22.4c-6.4 0-12.8 6.4-12.8 12.8v70.4c0 6.4 6.4 12.8 12.8 12.8z\" class=\"\"><\/path><\/svg><\/i> <img loading=\"lazy\" decoding=\"async\" width=\"16\" height=\"16\" alt=\"Loading\" src=\"https:\/\/meriller-vapeur.fr\/wp3\/wp-content\/plugins\/page-views-count\/ajax-loader-2x.gif\" border=0 \/><\/p>\n<div class=\"pvc_clear\"><\/div>\n","protected":false},"excerpt":{"rendered":"<p>&lt; Page pr\u00e9c\u00e9dente\u00a0 \u00a0 \u00a0 \u00a0 \u00a0 \u00a0 \u00a0 \u00a0 \u00a0 \u00a0 \u00a0 \u00a0 \u00a0 \u00a0 \u00a0 \u00a0 \u00a0 \u00a0 \u00a0 \u00a0 \u00a0 \u00a0 \u00a0 \u00a0 \u00a0 \u00a0 \u00a0 \u00a0 \u00a0 \u00a0 \u00a0 \u00a0 \u00a0 \u00a0 \u00a0 \u00a0 \u00a0 \u00a0 \u00a0 \u00a0 \u00a0 \u00a0 \u00a0 \u00a0 \u00a0 \u00a0 \u00a0 \u00a0 \u00a0 \u00a0 \u00a0 \u00a0 \u00a0\u2026 <span class=\"read-more\"><a href=\"https:\/\/meriller-vapeur.fr\/wp3\/?page_id=15581\">Read More &raquo;<\/a><\/span><\/p>\n<div class=\"pvc_clear\"><\/div>\n<p id=\"pvc_stats_15581\" class=\"pvc_stats all  \" data-element-id=\"15581\" style=\"\"><i class=\"pvc-stats-icon medium\" aria-hidden=\"true\"><svg aria-hidden=\"true\" focusable=\"false\" data-prefix=\"far\" data-icon=\"chart-bar\" role=\"img\" xmlns=\"http:\/\/www.w3.org\/2000\/svg\" viewBox=\"0 0 512 512\" class=\"svg-inline--fa fa-chart-bar fa-w-16 fa-2x\"><path fill=\"currentColor\" d=\"M396.8 352h22.4c6.4 0 12.8-6.4 12.8-12.8V108.8c0-6.4-6.4-12.8-12.8-12.8h-22.4c-6.4 0-12.8 6.4-12.8 12.8v230.4c0 6.4 6.4 12.8 12.8 12.8zm-192 0h22.4c6.4 0 12.8-6.4 12.8-12.8V140.8c0-6.4-6.4-12.8-12.8-12.8h-22.4c-6.4 0-12.8 6.4-12.8 12.8v198.4c0 6.4 6.4 12.8 12.8 12.8zm96 0h22.4c6.4 0 12.8-6.4 12.8-12.8V204.8c0-6.4-6.4-12.8-12.8-12.8h-22.4c-6.4 0-12.8 6.4-12.8 12.8v134.4c0 6.4 6.4 12.8 12.8 12.8zM496 400H48V80c0-8.84-7.16-16-16-16H16C7.16 64 0 71.16 0 80v336c0 17.67 14.33 32 32 32h464c8.84 0 16-7.16 16-16v-16c0-8.84-7.16-16-16-16zm-387.2-48h22.4c6.4 0 12.8-6.4 12.8-12.8v-70.4c0-6.4-6.4-12.8-12.8-12.8h-22.4c-6.4 0-12.8 6.4-12.8 12.8v70.4c0 6.4 6.4 12.8 12.8 12.8z\" class=\"\"><\/path><\/svg><\/i> <img loading=\"lazy\" decoding=\"async\" width=\"16\" height=\"16\" alt=\"Loading\" src=\"https:\/\/meriller-vapeur.fr\/wp3\/wp-content\/plugins\/page-views-count\/ajax-loader-2x.gif\" border=0 \/><\/p>\n<div class=\"pvc_clear\"><\/div>\n","protected":false},"author":1,"featured_media":0,"parent":15571,"menu_order":0,"comment_status":"closed","ping_status":"closed","template":"page-templates\/full-width.php","meta":{"footnotes":""},"class_list":["post-15581","page","type-page","status-publish","hentry"],"_links":{"self":[{"href":"https:\/\/meriller-vapeur.fr\/wp3\/index.php?rest_route=\/wp\/v2\/pages\/15581","targetHints":{"allow":["GET"]}}],"collection":[{"href":"https:\/\/meriller-vapeur.fr\/wp3\/index.php?rest_route=\/wp\/v2\/pages"}],"about":[{"href":"https:\/\/meriller-vapeur.fr\/wp3\/index.php?rest_route=\/wp\/v2\/types\/page"}],"author":[{"embeddable":true,"href":"https:\/\/meriller-vapeur.fr\/wp3\/index.php?rest_route=\/wp\/v2\/users\/1"}],"replies":[{"embeddable":true,"href":"https:\/\/meriller-vapeur.fr\/wp3\/index.php?rest_route=%2Fwp%2Fv2%2Fcomments&post=15581"}],"version-history":[{"count":11,"href":"https:\/\/meriller-vapeur.fr\/wp3\/index.php?rest_route=\/wp\/v2\/pages\/15581\/revisions"}],"predecessor-version":[{"id":15670,"href":"https:\/\/meriller-vapeur.fr\/wp3\/index.php?rest_route=\/wp\/v2\/pages\/15581\/revisions\/15670"}],"up":[{"embeddable":true,"href":"https:\/\/meriller-vapeur.fr\/wp3\/index.php?rest_route=\/wp\/v2\/pages\/15571"}],"wp:attachment":[{"href":"https:\/\/meriller-vapeur.fr\/wp3\/index.php?rest_route=%2Fwp%2Fv2%2Fmedia&parent=15581"}],"curies":[{"name":"wp","href":"https:\/\/api.w.org\/{rel}","templated":true}]}}