{"id":15555,"date":"2023-10-03T18:17:20","date_gmt":"2023-10-03T16:17:20","guid":{"rendered":"https:\/\/meriller-vapeur.fr\/wp3\/?page_id=15555"},"modified":"2023-10-05T20:16:29","modified_gmt":"2023-10-05T18:16:29","slug":"fete-du-centenaire-du-musee-national-de-la-prehistoire","status":"publish","type":"page","link":"https:\/\/meriller-vapeur.fr\/wp3\/?page_id=15555","title":{"rendered":"\u2022 F\u00eate du Centenaire du Mus\u00e9e National de la Pr\u00e9histoire."},"content":{"rendered":"<p>Le samedi 30 septembre, une importante manifestation se d\u00e9roulait en Gare de Niversac, \u00e0 l&rsquo;occasion du centenaire du Mus\u00e9e National de la Pr\u00e9histoire des Eyzies. C\u2019est en effet \u00a0\u00bb <em>le 30 septembre 1923 qu\u2019a \u00e9t\u00e9 officiellement inaugur\u00e9 le \u00ab Mus\u00e9e de Pr\u00e9histoire \u00bb, fond\u00e9 par Denis Peyrony. Instituteur fervent amateur de Pr\u00e9histoire..<\/em>.\u00a0\u00bb (<a href=\"https:\/\/musee-prehistoire-eyzies.fr\/agenda\/evenement\/centenaire\" target=\"_blank\" rel=\"noopener\">Voir le Site du Mus\u00e9e<\/a>).<\/p>\n<p>A cette occasion, Meriller-Vapeur 24, sollicit\u00e9 par le Grand-P\u00e9rigueux, a expos\u00e9 dans le b\u00e2timent \u00ab\u00a0Le Fanal\u00a0\u00bb (Office de Tourisme Intercommunal du Grand P\u00e9rigueux) le R\u00e9seau au 87\u00e8me repr\u00e9sentant la dite Gare de Niversac, ainsi que divers objets ferroviaires de l\u2019\u00e9poque, maquettes etc.<\/p>\n<p>Voici les Photos relatant cet \u00e9v\u00e9nement, enrichi par le passage en d\u00e9but de matin\u00e9e du train tract\u00e9 par la Loco vapeur 140.C.38.<\/p>\n<p>Pour faciliter les choses, nous pr\u00e9sentons deux chapitres <span style=\"text-decoration: underline;\"><em>(cliquer sur les liens)<\/em><\/span> :<\/p>\n<p><strong>\u2022 1. <a href=\"https:\/\/meriller-vapeur.fr\/wp3\/?page_id=15581\">R\u00e9fection et pr\u00e9paration du R\u00e9seau \u00ab\u00a0NIVERSAC\u00a0\u00bb<\/a> :<\/strong> ont particip\u00e9\u00a0 Gilbert Urso, Jacques Dausque, Alain Hucher, Pascal Pau, Christophe Detout, Valentin Dufresne,<\/p>\n<p><strong>\u2022 2. <a href=\"https:\/\/meriller-vapeur.fr\/wp3\/?page_id=15615\">Exposition du 30 septembre 2023<\/a><\/strong> et visiteurs sur le Site de NIVERSAC le jour de l&rsquo;Exposition.<\/p>\n<p>Merci donc \u00e0 nos vaillants reporters, Jean Porcher, Roger Marouby et Alain Hucher.<\/p>\n<p>Mais avant de commencer, voici deux superbes clich\u00e9s que nous envoie notre ami Jean Porcher, toujours \u00e0 l&rsquo;affut de belles photos ferroviaires&#8230;<\/p>\n<p>Ne pouvant se rendre \u00e0 Niversac, il a n\u00e9anmoins r\u00e9ussi \u00e0 capturer pr\u00e8s de chez lui la 140.C.38 qui se pr\u00e9parait \u00e0 assurer le voyage vers Les Eyzies :<\/p>\n\n\t\t<style type=\"text\/css\">\n\t\t\t#gallery-1 {\n\t\t\t\tmargin: auto;\n\t\t\t}\n\t\t\t#gallery-1 .gallery-item {\n\t\t\t\tfloat: left;\n\t\t\t\tmargin-top: 10px;\n\t\t\t\ttext-align: center;\n\t\t\t\twidth: 50%;\n\t\t\t}\n\t\t\t#gallery-1 img {\n\t\t\t\tborder: 2px solid #cfcfcf;\n\t\t\t}\n\t\t\t#gallery-1 .gallery-caption {\n\t\t\t\tmargin-left: 0;\n\t\t\t}\n\t\t\t\/* see gallery_shortcode() in wp-includes\/media.php *\/\n\t\t<\/style>\n\t\t<div id='gallery-1' class='gallery galleryid-15555 gallery-columns-2 gallery-size-large'><dl class='gallery-item'>\n\t\t\t<dt class='gallery-icon landscape'>\n\t\t\t\t<a href='https:\/\/meriller-vapeur.fr\/wp3\/?attachment_id=15559'><img loading=\"lazy\" decoding=\"async\" width=\"665\" height=\"499\" src=\"https:\/\/meriller-vapeur.fr\/wp3\/wp-content\/uploads\/2023\/10\/DSC07863_-2023.09.30-Perigueux-Vesone-tr-801061-140-C-38-1024x768.jpg\" class=\"attachment-large size-large\" alt=\"\" aria-describedby=\"gallery-1-15559\" srcset=\"https:\/\/meriller-vapeur.fr\/wp3\/wp-content\/uploads\/2023\/10\/DSC07863_-2023.09.30-Perigueux-Vesone-tr-801061-140-C-38-1024x768.jpg 1024w, https:\/\/meriller-vapeur.fr\/wp3\/wp-content\/uploads\/2023\/10\/DSC07863_-2023.09.30-Perigueux-Vesone-tr-801061-140-C-38-300x225.jpg 300w, https:\/\/meriller-vapeur.fr\/wp3\/wp-content\/uploads\/2023\/10\/DSC07863_-2023.09.30-Perigueux-Vesone-tr-801061-140-C-38-768x576.jpg 768w, https:\/\/meriller-vapeur.fr\/wp3\/wp-content\/uploads\/2023\/10\/DSC07863_-2023.09.30-Perigueux-Vesone-tr-801061-140-C-38-1536x1152.jpg 1536w, https:\/\/meriller-vapeur.fr\/wp3\/wp-content\/uploads\/2023\/10\/DSC07863_-2023.09.30-Perigueux-Vesone-tr-801061-140-C-38-660x495.jpg 660w, https:\/\/meriller-vapeur.fr\/wp3\/wp-content\/uploads\/2023\/10\/DSC07863_-2023.09.30-Perigueux-Vesone-tr-801061-140-C-38.jpg 1600w\" sizes=\"auto, (max-width: 665px) 100vw, 665px\" \/><\/a>\n\t\t\t<\/dt>\n\t\t\t\t<dd class='wp-caption-text gallery-caption' id='gallery-1-15559'>\n\t\t\t\tVu \u00e0 P\u00e9rigueux V\u00e9sone : le train 801061 traction par la 140-C-38\n\t\t\t\t<\/dd><\/dl><dl class='gallery-item'>\n\t\t\t<dt class='gallery-icon landscape'>\n\t\t\t\t<a href='https:\/\/meriller-vapeur.fr\/wp3\/?attachment_id=15560'><img loading=\"lazy\" decoding=\"async\" width=\"665\" height=\"499\" src=\"https:\/\/meriller-vapeur.fr\/wp3\/wp-content\/uploads\/2023\/10\/DSC07864-2023.09.30-Perigueux-Vesone-tr-801061-BB-69421-1024x768.jpg\" class=\"attachment-large size-large\" alt=\"\" aria-describedby=\"gallery-1-15560\" srcset=\"https:\/\/meriller-vapeur.fr\/wp3\/wp-content\/uploads\/2023\/10\/DSC07864-2023.09.30-Perigueux-Vesone-tr-801061-BB-69421-1024x768.jpg 1024w, https:\/\/meriller-vapeur.fr\/wp3\/wp-content\/uploads\/2023\/10\/DSC07864-2023.09.30-Perigueux-Vesone-tr-801061-BB-69421-300x225.jpg 300w, https:\/\/meriller-vapeur.fr\/wp3\/wp-content\/uploads\/2023\/10\/DSC07864-2023.09.30-Perigueux-Vesone-tr-801061-BB-69421-768x576.jpg 768w, https:\/\/meriller-vapeur.fr\/wp3\/wp-content\/uploads\/2023\/10\/DSC07864-2023.09.30-Perigueux-Vesone-tr-801061-BB-69421-1536x1152.jpg 1536w, https:\/\/meriller-vapeur.fr\/wp3\/wp-content\/uploads\/2023\/10\/DSC07864-2023.09.30-Perigueux-Vesone-tr-801061-BB-69421-660x495.jpg 660w, https:\/\/meriller-vapeur.fr\/wp3\/wp-content\/uploads\/2023\/10\/DSC07864-2023.09.30-Perigueux-Vesone-tr-801061-BB-69421.jpg 1600w\" sizes=\"auto, (max-width: 665px) 100vw, 665px\" \/><\/a>\n\t\t\t<\/dt>\n\t\t\t\t<dd class='wp-caption-text gallery-caption' id='gallery-1-15560'>\n\t\t\t\tEn queue du train 801061 la BB-69421 pr\u00eate \u00e0 prendre le relais en cas de probl\u00e8me sur la Loco vapeur.\n\t\t\t\t<\/dd><\/dl><br style=\"clear: both\" \/>\n\t\t<\/div>\n\n<p>&nbsp;<\/p>\n<p><a href=\"https:\/\/meriller-vapeur.fr\/wp3\/?attachment_id=15582\" target=\"_blank\" rel=\"attachment noopener wp-att-15582\"><img loading=\"lazy\" decoding=\"async\" class=\"alignleft wp-image-15582 size-medium\" src=\"https:\/\/meriller-vapeur.fr\/wp3\/wp-content\/uploads\/2023\/10\/les_eyzies_1937-par-Pierre-Quidet-288x300.jpg\" alt=\"\" width=\"288\" height=\"300\" srcset=\"https:\/\/meriller-vapeur.fr\/wp3\/wp-content\/uploads\/2023\/10\/les_eyzies_1937-par-Pierre-Quidet-288x300.jpg 288w, https:\/\/meriller-vapeur.fr\/wp3\/wp-content\/uploads\/2023\/10\/les_eyzies_1937-par-Pierre-Quidet-984x1024.jpg 984w, https:\/\/meriller-vapeur.fr\/wp3\/wp-content\/uploads\/2023\/10\/les_eyzies_1937-par-Pierre-Quidet-768x799.jpg 768w, https:\/\/meriller-vapeur.fr\/wp3\/wp-content\/uploads\/2023\/10\/les_eyzies_1937-par-Pierre-Quidet-660x687.jpg 660w, https:\/\/meriller-vapeur.fr\/wp3\/wp-content\/uploads\/2023\/10\/les_eyzies_1937-par-Pierre-Quidet.jpg 1273w\" sizes=\"auto, (max-width: 288px) 100vw, 288px\" \/><\/a><\/p>\n<p>&nbsp;<\/p>\n<p>Et pour le clin d&rsquo;\u0153il, nous vous livrons une photo historique, vue de la statue de l&rsquo;Homme de Cr\u00f4-Magnon, r\u00e9alis\u00e9e par Pierre Quidet, p\u00e8re de l&rsquo;auteur de ces lignes, en octobre 1937, alors qu&rsquo;il visitait le site des Eyzies en compagnie de coll\u00e8gues de l&rsquo;Institut des Tabacs de Bergerac o\u00f9 il occupait un poste de Charg\u00e9 de recherches agronomiques sur les maladies des tabacs (c&rsquo;\u00e9tait alors un jeune Ing\u00e9nieur agronome et son premier poste se situait \u00e0 Bergerac).<\/p>\n<p>Pardonnez au r\u00e9dacteur cette petite allusion \u00e0 sa vie familiale&#8230;<\/p>\n<p>&nbsp;<\/p>\n<p>&nbsp;<\/p>\n<p>Bonne visite des pages suivantes, joignables par les liens ci-dessus !<\/p>\n<hr \/>\n<pre>Page mise en ligne le 05\/10\/2023<\/pre>\n<div class=\"pvc_clear\"><\/div>\n<p id=\"pvc_stats_15555\" class=\"pvc_stats all  \" data-element-id=\"15555\" style=\"\"><i class=\"pvc-stats-icon medium\" aria-hidden=\"true\"><svg aria-hidden=\"true\" focusable=\"false\" data-prefix=\"far\" data-icon=\"chart-bar\" role=\"img\" xmlns=\"http:\/\/www.w3.org\/2000\/svg\" viewBox=\"0 0 512 512\" class=\"svg-inline--fa fa-chart-bar fa-w-16 fa-2x\"><path fill=\"currentColor\" d=\"M396.8 352h22.4c6.4 0 12.8-6.4 12.8-12.8V108.8c0-6.4-6.4-12.8-12.8-12.8h-22.4c-6.4 0-12.8 6.4-12.8 12.8v230.4c0 6.4 6.4 12.8 12.8 12.8zm-192 0h22.4c6.4 0 12.8-6.4 12.8-12.8V140.8c0-6.4-6.4-12.8-12.8-12.8h-22.4c-6.4 0-12.8 6.4-12.8 12.8v198.4c0 6.4 6.4 12.8 12.8 12.8zm96 0h22.4c6.4 0 12.8-6.4 12.8-12.8V204.8c0-6.4-6.4-12.8-12.8-12.8h-22.4c-6.4 0-12.8 6.4-12.8 12.8v134.4c0 6.4 6.4 12.8 12.8 12.8zM496 400H48V80c0-8.84-7.16-16-16-16H16C7.16 64 0 71.16 0 80v336c0 17.67 14.33 32 32 32h464c8.84 0 16-7.16 16-16v-16c0-8.84-7.16-16-16-16zm-387.2-48h22.4c6.4 0 12.8-6.4 12.8-12.8v-70.4c0-6.4-6.4-12.8-12.8-12.8h-22.4c-6.4 0-12.8 6.4-12.8 12.8v70.4c0 6.4 6.4 12.8 12.8 12.8z\" class=\"\"><\/path><\/svg><\/i> <img loading=\"lazy\" decoding=\"async\" width=\"16\" height=\"16\" alt=\"Loading\" src=\"https:\/\/meriller-vapeur.fr\/wp3\/wp-content\/plugins\/page-views-count\/ajax-loader-2x.gif\" border=0 \/><\/p>\n<div class=\"pvc_clear\"><\/div>\n","protected":false},"excerpt":{"rendered":"<p>Le samedi 30 septembre, une importante manifestation se d\u00e9roulait en Gare de Niversac, \u00e0 l&rsquo;occasion du centenaire du Mus\u00e9e National de la Pr\u00e9histoire des Eyzies. C\u2019est en effet \u00a0\u00bb le 30 septembre 1923 qu\u2019a \u00e9t\u00e9 officiellement inaugur\u00e9 le \u00ab Mus\u00e9e de Pr\u00e9histoire \u00bb, fond\u00e9 par Denis Peyrony. Instituteur fervent amateur de Pr\u00e9histoire&#8230;\u00a0\u00bb (Voir le Site\u2026 <span class=\"read-more\"><a href=\"https:\/\/meriller-vapeur.fr\/wp3\/?page_id=15555\">Read More &raquo;<\/a><\/span><\/p>\n<div class=\"pvc_clear\"><\/div>\n<p id=\"pvc_stats_15555\" class=\"pvc_stats all  \" data-element-id=\"15555\" style=\"\"><i class=\"pvc-stats-icon medium\" aria-hidden=\"true\"><svg aria-hidden=\"true\" focusable=\"false\" data-prefix=\"far\" data-icon=\"chart-bar\" role=\"img\" xmlns=\"http:\/\/www.w3.org\/2000\/svg\" viewBox=\"0 0 512 512\" class=\"svg-inline--fa fa-chart-bar fa-w-16 fa-2x\"><path fill=\"currentColor\" d=\"M396.8 352h22.4c6.4 0 12.8-6.4 12.8-12.8V108.8c0-6.4-6.4-12.8-12.8-12.8h-22.4c-6.4 0-12.8 6.4-12.8 12.8v230.4c0 6.4 6.4 12.8 12.8 12.8zm-192 0h22.4c6.4 0 12.8-6.4 12.8-12.8V140.8c0-6.4-6.4-12.8-12.8-12.8h-22.4c-6.4 0-12.8 6.4-12.8 12.8v198.4c0 6.4 6.4 12.8 12.8 12.8zm96 0h22.4c6.4 0 12.8-6.4 12.8-12.8V204.8c0-6.4-6.4-12.8-12.8-12.8h-22.4c-6.4 0-12.8 6.4-12.8 12.8v134.4c0 6.4 6.4 12.8 12.8 12.8zM496 400H48V80c0-8.84-7.16-16-16-16H16C7.16 64 0 71.16 0 80v336c0 17.67 14.33 32 32 32h464c8.84 0 16-7.16 16-16v-16c0-8.84-7.16-16-16-16zm-387.2-48h22.4c6.4 0 12.8-6.4 12.8-12.8v-70.4c0-6.4-6.4-12.8-12.8-12.8h-22.4c-6.4 0-12.8 6.4-12.8 12.8v70.4c0 6.4 6.4 12.8 12.8 12.8z\" class=\"\"><\/path><\/svg><\/i> <img loading=\"lazy\" decoding=\"async\" width=\"16\" height=\"16\" alt=\"Loading\" src=\"https:\/\/meriller-vapeur.fr\/wp3\/wp-content\/plugins\/page-views-count\/ajax-loader-2x.gif\" border=0 \/><\/p>\n<div class=\"pvc_clear\"><\/div>\n","protected":false},"author":1,"featured_media":0,"parent":15571,"menu_order":0,"comment_status":"closed","ping_status":"closed","template":"page-templates\/full-width.php","meta":{"footnotes":""},"class_list":["post-15555","page","type-page","status-publish","hentry"],"_links":{"self":[{"href":"https:\/\/meriller-vapeur.fr\/wp3\/index.php?rest_route=\/wp\/v2\/pages\/15555","targetHints":{"allow":["GET"]}}],"collection":[{"href":"https:\/\/meriller-vapeur.fr\/wp3\/index.php?rest_route=\/wp\/v2\/pages"}],"about":[{"href":"https:\/\/meriller-vapeur.fr\/wp3\/index.php?rest_route=\/wp\/v2\/types\/page"}],"author":[{"embeddable":true,"href":"https:\/\/meriller-vapeur.fr\/wp3\/index.php?rest_route=\/wp\/v2\/users\/1"}],"replies":[{"embeddable":true,"href":"https:\/\/meriller-vapeur.fr\/wp3\/index.php?rest_route=%2Fwp%2Fv2%2Fcomments&post=15555"}],"version-history":[{"count":19,"href":"https:\/\/meriller-vapeur.fr\/wp3\/index.php?rest_route=\/wp\/v2\/pages\/15555\/revisions"}],"predecessor-version":[{"id":15672,"href":"https:\/\/meriller-vapeur.fr\/wp3\/index.php?rest_route=\/wp\/v2\/pages\/15555\/revisions\/15672"}],"up":[{"embeddable":true,"href":"https:\/\/meriller-vapeur.fr\/wp3\/index.php?rest_route=\/wp\/v2\/pages\/15571"}],"wp:attachment":[{"href":"https:\/\/meriller-vapeur.fr\/wp3\/index.php?rest_route=%2Fwp%2Fv2%2Fmedia&parent=15555"}],"curies":[{"name":"wp","href":"https:\/\/api.w.org\/{rel}","templated":true}]}}