{"id":15094,"date":"2023-03-12T14:47:43","date_gmt":"2023-03-12T13:47:43","guid":{"rendered":"https:\/\/meriller-vapeur.fr\/wp3\/?page_id=15094"},"modified":"2023-03-12T14:54:14","modified_gmt":"2023-03-12T13:54:14","slug":"une-nouvelle-association-centree-sur-lhistoire-des-chemins-de-fer","status":"publish","type":"page","link":"https:\/\/meriller-vapeur.fr\/wp3\/?page_id=15094","title":{"rendered":"Une nouvelle association centr\u00e9e sur l\u2019histoire des chemins de fer&#8230;"},"content":{"rendered":"<p>Nous recevons un message int\u00e9ressant \u00e9manant du GEHF (<strong><em>Groupe d\u2019\u00c9tudes pour l\u2019Histoire Ferroviaire<\/em><\/strong>)\u00a0que nous vous retransmettons ci-dessous :<\/p>\n<blockquote><p><em>Bonjour,<\/em><\/p>\n<p><em>Nous souhaitons vous faire connaitre cette nouvelle association, publiant de la documentation historique sur les chemins de fer. Nous accueillons d\u00e9j\u00e0 de nombreux mod\u00e9listes \u00e0 la recherche de documentation. M\u00eame si vous \u00eates plut\u00f4t f\u00e9ru du chemin de fer contemporain, il peut y avoir dans vos relations et au sein de votre associations des amateurs de chemin de fer ancien. Nous serions heureux que vous leur fassiez suivre ce message.<\/em><\/p>\n<p><em>Nous avons trouv\u00e9 votre adresse mail dans la presse ferroviaire, sur les affiches de bourses ou d\u2019expositions que votre association a pu organiser, ou encore sur Internet. Nous esp\u00e9rons ne pas vous importuner et comptons sur la solidarit\u00e9 existant entre les amateurs de chemin de fer. Au cas o\u00f9, un lien de d\u00e9sistement accompagne ce message.<\/em><\/p>\n<p><strong>Cordialement, l\u2019\u00e9quipe du GEHF.<\/strong><\/p><\/blockquote>\n<p><img loading=\"lazy\" decoding=\"async\" class=\"aligncenter wp-image-15097\" src=\"https:\/\/meriller-vapeur.fr\/wp3\/wp-content\/uploads\/2023\/03\/20230312-GEHF-996x1024.jpg\" alt=\"\" width=\"643\" height=\"660\" srcset=\"https:\/\/meriller-vapeur.fr\/wp3\/wp-content\/uploads\/2023\/03\/20230312-GEHF-996x1024.jpg 996w, https:\/\/meriller-vapeur.fr\/wp3\/wp-content\/uploads\/2023\/03\/20230312-GEHF-292x300.jpg 292w, https:\/\/meriller-vapeur.fr\/wp3\/wp-content\/uploads\/2023\/03\/20230312-GEHF-768x790.jpg 768w, https:\/\/meriller-vapeur.fr\/wp3\/wp-content\/uploads\/2023\/03\/20230312-GEHF-1494x1536.jpg 1494w, https:\/\/meriller-vapeur.fr\/wp3\/wp-content\/uploads\/2023\/03\/20230312-GEHF.jpg 1632w\" sizes=\"auto, (max-width: 643px) 100vw, 643px\" \/><\/p>\n<p>Vous trouverez tous les renseignements sur ce Groupe d&rsquo;Etudes <a href=\"https:\/\/www.gehf.fr\/presentation-du-gehf\/\" target=\"_blank\" rel=\"noopener\">sur leur site internet \u00a0&gt;&gt;&gt;&gt;&gt;&gt; ICI<\/a>.<\/p>\n<hr \/>\n<pre>Page mise en ligne le 12\/03\/2023<\/pre>\n<div class=\"pvc_clear\"><\/div>\n<p id=\"pvc_stats_15094\" class=\"pvc_stats all  \" data-element-id=\"15094\" style=\"\"><i class=\"pvc-stats-icon medium\" aria-hidden=\"true\"><svg aria-hidden=\"true\" focusable=\"false\" data-prefix=\"far\" data-icon=\"chart-bar\" role=\"img\" xmlns=\"http:\/\/www.w3.org\/2000\/svg\" viewBox=\"0 0 512 512\" class=\"svg-inline--fa fa-chart-bar fa-w-16 fa-2x\"><path fill=\"currentColor\" d=\"M396.8 352h22.4c6.4 0 12.8-6.4 12.8-12.8V108.8c0-6.4-6.4-12.8-12.8-12.8h-22.4c-6.4 0-12.8 6.4-12.8 12.8v230.4c0 6.4 6.4 12.8 12.8 12.8zm-192 0h22.4c6.4 0 12.8-6.4 12.8-12.8V140.8c0-6.4-6.4-12.8-12.8-12.8h-22.4c-6.4 0-12.8 6.4-12.8 12.8v198.4c0 6.4 6.4 12.8 12.8 12.8zm96 0h22.4c6.4 0 12.8-6.4 12.8-12.8V204.8c0-6.4-6.4-12.8-12.8-12.8h-22.4c-6.4 0-12.8 6.4-12.8 12.8v134.4c0 6.4 6.4 12.8 12.8 12.8zM496 400H48V80c0-8.84-7.16-16-16-16H16C7.16 64 0 71.16 0 80v336c0 17.67 14.33 32 32 32h464c8.84 0 16-7.16 16-16v-16c0-8.84-7.16-16-16-16zm-387.2-48h22.4c6.4 0 12.8-6.4 12.8-12.8v-70.4c0-6.4-6.4-12.8-12.8-12.8h-22.4c-6.4 0-12.8 6.4-12.8 12.8v70.4c0 6.4 6.4 12.8 12.8 12.8z\" class=\"\"><\/path><\/svg><\/i> <img loading=\"lazy\" decoding=\"async\" width=\"16\" height=\"16\" alt=\"Loading\" src=\"https:\/\/meriller-vapeur.fr\/wp3\/wp-content\/plugins\/page-views-count\/ajax-loader-2x.gif\" border=0 \/><\/p>\n<div class=\"pvc_clear\"><\/div>\n","protected":false},"excerpt":{"rendered":"<p>Nous recevons un message int\u00e9ressant \u00e9manant du GEHF (Groupe d\u2019\u00c9tudes pour l\u2019Histoire Ferroviaire)\u00a0que nous vous retransmettons ci-dessous : Bonjour, Nous souhaitons vous faire connaitre cette nouvelle association, publiant de la documentation historique sur les chemins de fer. Nous accueillons d\u00e9j\u00e0 de nombreux mod\u00e9listes \u00e0 la recherche de documentation. M\u00eame si vous \u00eates plut\u00f4t f\u00e9ru du\u2026 <span class=\"read-more\"><a href=\"https:\/\/meriller-vapeur.fr\/wp3\/?page_id=15094\">Read More &raquo;<\/a><\/span><\/p>\n<div class=\"pvc_clear\"><\/div>\n<p id=\"pvc_stats_15094\" class=\"pvc_stats all  \" data-element-id=\"15094\" style=\"\"><i class=\"pvc-stats-icon medium\" aria-hidden=\"true\"><svg aria-hidden=\"true\" focusable=\"false\" data-prefix=\"far\" data-icon=\"chart-bar\" role=\"img\" xmlns=\"http:\/\/www.w3.org\/2000\/svg\" viewBox=\"0 0 512 512\" class=\"svg-inline--fa fa-chart-bar fa-w-16 fa-2x\"><path fill=\"currentColor\" d=\"M396.8 352h22.4c6.4 0 12.8-6.4 12.8-12.8V108.8c0-6.4-6.4-12.8-12.8-12.8h-22.4c-6.4 0-12.8 6.4-12.8 12.8v230.4c0 6.4 6.4 12.8 12.8 12.8zm-192 0h22.4c6.4 0 12.8-6.4 12.8-12.8V140.8c0-6.4-6.4-12.8-12.8-12.8h-22.4c-6.4 0-12.8 6.4-12.8 12.8v198.4c0 6.4 6.4 12.8 12.8 12.8zm96 0h22.4c6.4 0 12.8-6.4 12.8-12.8V204.8c0-6.4-6.4-12.8-12.8-12.8h-22.4c-6.4 0-12.8 6.4-12.8 12.8v134.4c0 6.4 6.4 12.8 12.8 12.8zM496 400H48V80c0-8.84-7.16-16-16-16H16C7.16 64 0 71.16 0 80v336c0 17.67 14.33 32 32 32h464c8.84 0 16-7.16 16-16v-16c0-8.84-7.16-16-16-16zm-387.2-48h22.4c6.4 0 12.8-6.4 12.8-12.8v-70.4c0-6.4-6.4-12.8-12.8-12.8h-22.4c-6.4 0-12.8 6.4-12.8 12.8v70.4c0 6.4 6.4 12.8 12.8 12.8z\" class=\"\"><\/path><\/svg><\/i> <img loading=\"lazy\" decoding=\"async\" width=\"16\" height=\"16\" alt=\"Loading\" src=\"https:\/\/meriller-vapeur.fr\/wp3\/wp-content\/plugins\/page-views-count\/ajax-loader-2x.gif\" border=0 \/><\/p>\n<div class=\"pvc_clear\"><\/div>\n","protected":false},"author":1,"featured_media":0,"parent":464,"menu_order":0,"comment_status":"closed","ping_status":"closed","template":"page-templates\/full-width.php","meta":{"footnotes":""},"class_list":["post-15094","page","type-page","status-publish","hentry"],"a3_pvc":{"activated":true,"total_views":56,"today_views":0},"_links":{"self":[{"href":"https:\/\/meriller-vapeur.fr\/wp3\/index.php?rest_route=\/wp\/v2\/pages\/15094","targetHints":{"allow":["GET"]}}],"collection":[{"href":"https:\/\/meriller-vapeur.fr\/wp3\/index.php?rest_route=\/wp\/v2\/pages"}],"about":[{"href":"https:\/\/meriller-vapeur.fr\/wp3\/index.php?rest_route=\/wp\/v2\/types\/page"}],"author":[{"embeddable":true,"href":"https:\/\/meriller-vapeur.fr\/wp3\/index.php?rest_route=\/wp\/v2\/users\/1"}],"replies":[{"embeddable":true,"href":"https:\/\/meriller-vapeur.fr\/wp3\/index.php?rest_route=%2Fwp%2Fv2%2Fcomments&post=15094"}],"version-history":[{"count":9,"href":"https:\/\/meriller-vapeur.fr\/wp3\/index.php?rest_route=\/wp\/v2\/pages\/15094\/revisions"}],"predecessor-version":[{"id":15105,"href":"https:\/\/meriller-vapeur.fr\/wp3\/index.php?rest_route=\/wp\/v2\/pages\/15094\/revisions\/15105"}],"up":[{"embeddable":true,"href":"https:\/\/meriller-vapeur.fr\/wp3\/index.php?rest_route=\/wp\/v2\/pages\/464"}],"wp:attachment":[{"href":"https:\/\/meriller-vapeur.fr\/wp3\/index.php?rest_route=%2Fwp%2Fv2%2Fmedia&parent=15094"}],"curies":[{"name":"wp","href":"https:\/\/api.w.org\/{rel}","templated":true}]}}