{"id":14787,"date":"2022-10-27T18:21:18","date_gmt":"2022-10-27T16:21:18","guid":{"rendered":"https:\/\/meriller-vapeur.fr\/wp3\/?page_id=14787"},"modified":"2022-10-28T16:01:26","modified_gmt":"2022-10-28T14:01:26","slug":"bourse-exposition-de-meriller-vapeur-24-du-dimanche-25-septembre-2022","status":"publish","type":"page","link":"https:\/\/meriller-vapeur.fr\/wp3\/?page_id=14787","title":{"rendered":"Bourse \u2013 Exposition de Meriller-Vapeur 24 du dimanche 25 septembre 2022."},"content":{"rendered":"<p>Comme nous l\u2019avons d\u00e9j\u00e0 \u00e9crit, cette journ\u00e9e tant attendue s\u2019est parfaitement bien d\u00e9roul\u00e9e !<\/p>\n<p>Cependant nous n\u2019avons re\u00e7u que tr\u00e8s peu de photographies, malgr\u00e9 de nombreux appels aux photographes amateurs. Ceci explique notre retard \u00e0 la publication de ce compte-rendu.<\/p>\n<p>Le public a appr\u00e9ci\u00e9 les mat\u00e9riels expos\u00e9s dans une superbe salle toute neuve, et munie de tous les perfectionnements (cuisines, office, vestiaires, toilettes !). La municipalit\u00e9 a parfaitement r\u00e9ussi cette nouvelle implantation.<\/p>\n<p>Cependant, l\u2019autre point \u00e0 souligner est la faible fr\u00e9quentation par le public, pour plusieurs raisons :<\/p>\n<ul>\n<li>La nouvelle <em><strong>MAISON DE QUARTIER CLAUDIE HAIGNER\u00c9<\/strong><\/em> est sans doute encore mal connue et le parking pas facile \u00e0 trouver.<\/li>\n<li>De nombreux autres \u00e9v\u00e9nements avaient lieu le m\u00eame jour (autres Bourses en R\u00e9gion Aquitaine, Salon du bien-\u00eatre \u00e0 P\u00e9rigueux etc.)<\/li>\n<\/ul>\n<p>Nous reviendrons donc dans deux ans, tout en \u00a0r\u00e9fl\u00e9chissant diffuser l&rsquo;information VERS LE GRAND PUBLIC de mani\u00e8re plus efficace, et surtout \u00e0 des dates plus \u00ab\u00a0printani\u00e8res\u00a0\u00bb !<\/p>\n<p>Pour conclure, la Salle <strong>CLAUDIE HAIGNER\u00c9,<\/strong>\u00a0toute neuve, est superbe et parfaitement agenc\u00e9e pour ce type d\u2019\u00e9v\u00e9nement. Nous avons pu y installer pr\u00e8s de 50 tables pour <em><strong>les exposants venus nombreux et que nous remercions encore de leur sympathique participation !<\/strong><\/em><\/p>\n<p>Voici donc les photos prises \u00e0 cette occasion :<\/p>\n\n\t\t<style type=\"text\/css\">\n\t\t\t#gallery-1 {\n\t\t\t\tmargin: auto;\n\t\t\t}\n\t\t\t#gallery-1 .gallery-item {\n\t\t\t\tfloat: left;\n\t\t\t\tmargin-top: 10px;\n\t\t\t\ttext-align: center;\n\t\t\t\twidth: 50%;\n\t\t\t}\n\t\t\t#gallery-1 img {\n\t\t\t\tborder: 2px solid #cfcfcf;\n\t\t\t}\n\t\t\t#gallery-1 .gallery-caption {\n\t\t\t\tmargin-left: 0;\n\t\t\t}\n\t\t\t\/* see gallery_shortcode() in wp-includes\/media.php *\/\n\t\t<\/style>\n\t\t<div id='gallery-1' class='gallery galleryid-14787 gallery-columns-2 gallery-size-large'><dl class='gallery-item'>\n\t\t\t<dt class='gallery-icon landscape'>\n\t\t\t\t<a href='https:\/\/meriller-vapeur.fr\/wp3\/?attachment_id=14805'><img loading=\"lazy\" decoding=\"async\" width=\"665\" height=\"665\" src=\"https:\/\/meriller-vapeur.fr\/wp3\/wp-content\/uploads\/2022\/10\/20220925_111132-1024x1024.jpg\" class=\"attachment-large size-large\" alt=\"\" srcset=\"https:\/\/meriller-vapeur.fr\/wp3\/wp-content\/uploads\/2022\/10\/20220925_111132-1024x1024.jpg 1024w, https:\/\/meriller-vapeur.fr\/wp3\/wp-content\/uploads\/2022\/10\/20220925_111132-300x300.jpg 300w, https:\/\/meriller-vapeur.fr\/wp3\/wp-content\/uploads\/2022\/10\/20220925_111132-150x150.jpg 150w, https:\/\/meriller-vapeur.fr\/wp3\/wp-content\/uploads\/2022\/10\/20220925_111132-768x768.jpg 768w, https:\/\/meriller-vapeur.fr\/wp3\/wp-content\/uploads\/2022\/10\/20220925_111132-1536x1536.jpg 1536w, https:\/\/meriller-vapeur.fr\/wp3\/wp-content\/uploads\/2022\/10\/20220925_111132-660x660.jpg 660w, https:\/\/meriller-vapeur.fr\/wp3\/wp-content\/uploads\/2022\/10\/20220925_111132.jpg 1600w\" sizes=\"auto, (max-width: 665px) 100vw, 665px\" \/><\/a>\n\t\t\t<\/dt><\/dl><dl class='gallery-item'>\n\t\t\t<dt class='gallery-icon landscape'>\n\t\t\t\t<a href='https:\/\/meriller-vapeur.fr\/wp3\/?attachment_id=14806'><img loading=\"lazy\" decoding=\"async\" width=\"665\" height=\"665\" src=\"https:\/\/meriller-vapeur.fr\/wp3\/wp-content\/uploads\/2022\/10\/20220925_111215-1024x1024.jpg\" class=\"attachment-large size-large\" alt=\"\" aria-describedby=\"gallery-1-14806\" srcset=\"https:\/\/meriller-vapeur.fr\/wp3\/wp-content\/uploads\/2022\/10\/20220925_111215-1024x1024.jpg 1024w, https:\/\/meriller-vapeur.fr\/wp3\/wp-content\/uploads\/2022\/10\/20220925_111215-300x300.jpg 300w, https:\/\/meriller-vapeur.fr\/wp3\/wp-content\/uploads\/2022\/10\/20220925_111215-150x150.jpg 150w, https:\/\/meriller-vapeur.fr\/wp3\/wp-content\/uploads\/2022\/10\/20220925_111215-768x768.jpg 768w, https:\/\/meriller-vapeur.fr\/wp3\/wp-content\/uploads\/2022\/10\/20220925_111215-1536x1536.jpg 1536w, https:\/\/meriller-vapeur.fr\/wp3\/wp-content\/uploads\/2022\/10\/20220925_111215-660x660.jpg 660w, https:\/\/meriller-vapeur.fr\/wp3\/wp-content\/uploads\/2022\/10\/20220925_111215.jpg 1600w\" sizes=\"auto, (max-width: 665px) 100vw, 665px\" \/><\/a>\n\t\t\t<\/dt>\n\t\t\t\t<dd class='wp-caption-text gallery-caption' id='gallery-1-14806'>\n\t\t\t\tJ\u2019ach\u00e8te, ou pas ? \u2026\n\t\t\t\t<\/dd><\/dl><br style=\"clear: both\" \/><dl class='gallery-item'>\n\t\t\t<dt class='gallery-icon landscape'>\n\t\t\t\t<a href='https:\/\/meriller-vapeur.fr\/wp3\/?attachment_id=14807'><img loading=\"lazy\" decoding=\"async\" width=\"665\" height=\"665\" src=\"https:\/\/meriller-vapeur.fr\/wp3\/wp-content\/uploads\/2022\/10\/20220925_111231-1024x1024.jpg\" class=\"attachment-large size-large\" alt=\"\" aria-describedby=\"gallery-1-14807\" srcset=\"https:\/\/meriller-vapeur.fr\/wp3\/wp-content\/uploads\/2022\/10\/20220925_111231-1024x1024.jpg 1024w, https:\/\/meriller-vapeur.fr\/wp3\/wp-content\/uploads\/2022\/10\/20220925_111231-300x300.jpg 300w, https:\/\/meriller-vapeur.fr\/wp3\/wp-content\/uploads\/2022\/10\/20220925_111231-150x150.jpg 150w, https:\/\/meriller-vapeur.fr\/wp3\/wp-content\/uploads\/2022\/10\/20220925_111231-768x768.jpg 768w, https:\/\/meriller-vapeur.fr\/wp3\/wp-content\/uploads\/2022\/10\/20220925_111231-1536x1536.jpg 1536w, https:\/\/meriller-vapeur.fr\/wp3\/wp-content\/uploads\/2022\/10\/20220925_111231-660x660.jpg 660w, https:\/\/meriller-vapeur.fr\/wp3\/wp-content\/uploads\/2022\/10\/20220925_111231.jpg 1600w\" sizes=\"auto, (max-width: 665px) 100vw, 665px\" \/><\/a>\n\t\t\t<\/dt>\n\t\t\t\t<dd class='wp-caption-text gallery-caption' id='gallery-1-14807'>\n\t\t\t\tCollection impressionnante !\n\t\t\t\t<\/dd><\/dl><dl class='gallery-item'>\n\t\t\t<dt class='gallery-icon landscape'>\n\t\t\t\t<a href='https:\/\/meriller-vapeur.fr\/wp3\/?attachment_id=14808'><img loading=\"lazy\" decoding=\"async\" width=\"665\" height=\"516\" src=\"https:\/\/meriller-vapeur.fr\/wp3\/wp-content\/uploads\/2022\/10\/IMG_1238-1024x794.jpg\" class=\"attachment-large size-large\" alt=\"\" aria-describedby=\"gallery-1-14808\" srcset=\"https:\/\/meriller-vapeur.fr\/wp3\/wp-content\/uploads\/2022\/10\/IMG_1238-1024x794.jpg 1024w, https:\/\/meriller-vapeur.fr\/wp3\/wp-content\/uploads\/2022\/10\/IMG_1238-300x233.jpg 300w, https:\/\/meriller-vapeur.fr\/wp3\/wp-content\/uploads\/2022\/10\/IMG_1238-768x595.jpg 768w, https:\/\/meriller-vapeur.fr\/wp3\/wp-content\/uploads\/2022\/10\/IMG_1238-1536x1190.jpg 1536w, https:\/\/meriller-vapeur.fr\/wp3\/wp-content\/uploads\/2022\/10\/IMG_1238-660x512.jpg 660w, https:\/\/meriller-vapeur.fr\/wp3\/wp-content\/uploads\/2022\/10\/IMG_1238.jpg 1600w\" sizes=\"auto, (max-width: 665px) 100vw, 665px\" \/><\/a>\n\t\t\t<\/dt>\n\t\t\t\t<dd class='wp-caption-text gallery-caption' id='gallery-1-14808'>\n\t\t\t\tAu casse-cro\u00fbte, on refait le monde !\n\t\t\t\t<\/dd><\/dl><br style=\"clear: both\" \/><dl class='gallery-item'>\n\t\t\t<dt class='gallery-icon landscape'>\n\t\t\t\t<a href='https:\/\/meriller-vapeur.fr\/wp3\/?attachment_id=14809'><img loading=\"lazy\" decoding=\"async\" width=\"665\" height=\"516\" src=\"https:\/\/meriller-vapeur.fr\/wp3\/wp-content\/uploads\/2022\/10\/IMG_1239-1024x794.jpg\" class=\"attachment-large size-large\" alt=\"\" aria-describedby=\"gallery-1-14809\" srcset=\"https:\/\/meriller-vapeur.fr\/wp3\/wp-content\/uploads\/2022\/10\/IMG_1239-1024x794.jpg 1024w, https:\/\/meriller-vapeur.fr\/wp3\/wp-content\/uploads\/2022\/10\/IMG_1239-300x233.jpg 300w, https:\/\/meriller-vapeur.fr\/wp3\/wp-content\/uploads\/2022\/10\/IMG_1239-768x595.jpg 768w, https:\/\/meriller-vapeur.fr\/wp3\/wp-content\/uploads\/2022\/10\/IMG_1239-1536x1190.jpg 1536w, https:\/\/meriller-vapeur.fr\/wp3\/wp-content\/uploads\/2022\/10\/IMG_1239-660x512.jpg 660w, https:\/\/meriller-vapeur.fr\/wp3\/wp-content\/uploads\/2022\/10\/IMG_1239.jpg 1600w\" sizes=\"auto, (max-width: 665px) 100vw, 665px\" \/><\/a>\n\t\t\t<\/dt>\n\t\t\t\t<dd class='wp-caption-text gallery-caption' id='gallery-1-14809'>\n\t\t\t\tPierre, Gilbert et Daniel en plein conciliabule.\n\t\t\t\t<\/dd><\/dl><dl class='gallery-item'>\n\t\t\t<dt class='gallery-icon landscape'>\n\t\t\t\t<a href='https:\/\/meriller-vapeur.fr\/wp3\/?attachment_id=14810'><img loading=\"lazy\" decoding=\"async\" width=\"665\" height=\"516\" src=\"https:\/\/meriller-vapeur.fr\/wp3\/wp-content\/uploads\/2022\/10\/IMG_1240-1024x794.jpg\" class=\"attachment-large size-large\" alt=\"\" aria-describedby=\"gallery-1-14810\" srcset=\"https:\/\/meriller-vapeur.fr\/wp3\/wp-content\/uploads\/2022\/10\/IMG_1240-1024x794.jpg 1024w, https:\/\/meriller-vapeur.fr\/wp3\/wp-content\/uploads\/2022\/10\/IMG_1240-300x233.jpg 300w, https:\/\/meriller-vapeur.fr\/wp3\/wp-content\/uploads\/2022\/10\/IMG_1240-768x595.jpg 768w, https:\/\/meriller-vapeur.fr\/wp3\/wp-content\/uploads\/2022\/10\/IMG_1240-1536x1190.jpg 1536w, https:\/\/meriller-vapeur.fr\/wp3\/wp-content\/uploads\/2022\/10\/IMG_1240-660x512.jpg 660w, https:\/\/meriller-vapeur.fr\/wp3\/wp-content\/uploads\/2022\/10\/IMG_1240.jpg 1600w\" sizes=\"auto, (max-width: 665px) 100vw, 665px\" \/><\/a>\n\t\t\t<\/dt>\n\t\t\t\t<dd class='wp-caption-text gallery-caption' id='gallery-1-14810'>\n\t\t\t\tLe caissier en second !\n\t\t\t\t<\/dd><\/dl><br style=\"clear: both\" \/><dl class='gallery-item'>\n\t\t\t<dt class='gallery-icon landscape'>\n\t\t\t\t<a href='https:\/\/meriller-vapeur.fr\/wp3\/?attachment_id=14811'><img loading=\"lazy\" decoding=\"async\" width=\"665\" height=\"516\" src=\"https:\/\/meriller-vapeur.fr\/wp3\/wp-content\/uploads\/2022\/10\/IMG_1241-1-1024x794.jpg\" class=\"attachment-large size-large\" alt=\"\" aria-describedby=\"gallery-1-14811\" srcset=\"https:\/\/meriller-vapeur.fr\/wp3\/wp-content\/uploads\/2022\/10\/IMG_1241-1-1024x794.jpg 1024w, https:\/\/meriller-vapeur.fr\/wp3\/wp-content\/uploads\/2022\/10\/IMG_1241-1-300x233.jpg 300w, https:\/\/meriller-vapeur.fr\/wp3\/wp-content\/uploads\/2022\/10\/IMG_1241-1-768x595.jpg 768w, https:\/\/meriller-vapeur.fr\/wp3\/wp-content\/uploads\/2022\/10\/IMG_1241-1-1536x1190.jpg 1536w, https:\/\/meriller-vapeur.fr\/wp3\/wp-content\/uploads\/2022\/10\/IMG_1241-1-660x512.jpg 660w, https:\/\/meriller-vapeur.fr\/wp3\/wp-content\/uploads\/2022\/10\/IMG_1241-1.jpg 1600w\" sizes=\"auto, (max-width: 665px) 100vw, 665px\" \/><\/a>\n\t\t\t<\/dt>\n\t\t\t\t<dd class='wp-caption-text gallery-caption' id='gallery-1-14811'>\n\t\t\t\tUn exposant bien achaland\u00e9.\n\t\t\t\t<\/dd><\/dl><dl class='gallery-item'>\n\t\t\t<dt class='gallery-icon landscape'>\n\t\t\t\t<a href='https:\/\/meriller-vapeur.fr\/wp3\/?attachment_id=14812'><img loading=\"lazy\" decoding=\"async\" width=\"665\" height=\"516\" src=\"https:\/\/meriller-vapeur.fr\/wp3\/wp-content\/uploads\/2022\/10\/IMG_1242-1024x794.jpg\" class=\"attachment-large size-large\" alt=\"\" aria-describedby=\"gallery-1-14812\" srcset=\"https:\/\/meriller-vapeur.fr\/wp3\/wp-content\/uploads\/2022\/10\/IMG_1242-1024x794.jpg 1024w, https:\/\/meriller-vapeur.fr\/wp3\/wp-content\/uploads\/2022\/10\/IMG_1242-300x233.jpg 300w, https:\/\/meriller-vapeur.fr\/wp3\/wp-content\/uploads\/2022\/10\/IMG_1242-768x595.jpg 768w, https:\/\/meriller-vapeur.fr\/wp3\/wp-content\/uploads\/2022\/10\/IMG_1242-1536x1190.jpg 1536w, https:\/\/meriller-vapeur.fr\/wp3\/wp-content\/uploads\/2022\/10\/IMG_1242-660x512.jpg 660w, https:\/\/meriller-vapeur.fr\/wp3\/wp-content\/uploads\/2022\/10\/IMG_1242.jpg 1600w\" sizes=\"auto, (max-width: 665px) 100vw, 665px\" \/><\/a>\n\t\t\t<\/dt>\n\t\t\t\t<dd class='wp-caption-text gallery-caption' id='gallery-1-14812'>\n\t\t\t\tEn attendant les visiteurs de l\u2019apr\u00e8s-midi&#8230;\n\t\t\t\t<\/dd><\/dl><br style=\"clear: both\" \/>\n\t\t<\/div>\n\n<hr \/>\n<pre>Page mise en ligne le 28\/10\/2022<\/pre>\n<div class=\"pvc_clear\"><\/div>\n<p id=\"pvc_stats_14787\" class=\"pvc_stats all  \" data-element-id=\"14787\" style=\"\"><i class=\"pvc-stats-icon medium\" aria-hidden=\"true\"><svg aria-hidden=\"true\" focusable=\"false\" data-prefix=\"far\" data-icon=\"chart-bar\" role=\"img\" xmlns=\"http:\/\/www.w3.org\/2000\/svg\" viewBox=\"0 0 512 512\" class=\"svg-inline--fa fa-chart-bar fa-w-16 fa-2x\"><path fill=\"currentColor\" d=\"M396.8 352h22.4c6.4 0 12.8-6.4 12.8-12.8V108.8c0-6.4-6.4-12.8-12.8-12.8h-22.4c-6.4 0-12.8 6.4-12.8 12.8v230.4c0 6.4 6.4 12.8 12.8 12.8zm-192 0h22.4c6.4 0 12.8-6.4 12.8-12.8V140.8c0-6.4-6.4-12.8-12.8-12.8h-22.4c-6.4 0-12.8 6.4-12.8 12.8v198.4c0 6.4 6.4 12.8 12.8 12.8zm96 0h22.4c6.4 0 12.8-6.4 12.8-12.8V204.8c0-6.4-6.4-12.8-12.8-12.8h-22.4c-6.4 0-12.8 6.4-12.8 12.8v134.4c0 6.4 6.4 12.8 12.8 12.8zM496 400H48V80c0-8.84-7.16-16-16-16H16C7.16 64 0 71.16 0 80v336c0 17.67 14.33 32 32 32h464c8.84 0 16-7.16 16-16v-16c0-8.84-7.16-16-16-16zm-387.2-48h22.4c6.4 0 12.8-6.4 12.8-12.8v-70.4c0-6.4-6.4-12.8-12.8-12.8h-22.4c-6.4 0-12.8 6.4-12.8 12.8v70.4c0 6.4 6.4 12.8 12.8 12.8z\" class=\"\"><\/path><\/svg><\/i> <img loading=\"lazy\" decoding=\"async\" width=\"16\" height=\"16\" alt=\"Loading\" src=\"https:\/\/meriller-vapeur.fr\/wp3\/wp-content\/plugins\/page-views-count\/ajax-loader-2x.gif\" border=0 \/><\/p>\n<div class=\"pvc_clear\"><\/div>\n","protected":false},"excerpt":{"rendered":"<p>Comme nous l\u2019avons d\u00e9j\u00e0 \u00e9crit, cette journ\u00e9e tant attendue s\u2019est parfaitement bien d\u00e9roul\u00e9e ! Cependant nous n\u2019avons re\u00e7u que tr\u00e8s peu de photographies, malgr\u00e9 de nombreux appels aux photographes amateurs. Ceci explique notre retard \u00e0 la publication de ce compte-rendu. Le public a appr\u00e9ci\u00e9 les mat\u00e9riels expos\u00e9s dans une superbe salle toute neuve, et munie\u2026 <span class=\"read-more\"><a href=\"https:\/\/meriller-vapeur.fr\/wp3\/?page_id=14787\">Read More &raquo;<\/a><\/span><\/p>\n<div class=\"pvc_clear\"><\/div>\n<p id=\"pvc_stats_14787\" class=\"pvc_stats all  \" data-element-id=\"14787\" style=\"\"><i class=\"pvc-stats-icon medium\" aria-hidden=\"true\"><svg aria-hidden=\"true\" focusable=\"false\" data-prefix=\"far\" data-icon=\"chart-bar\" role=\"img\" xmlns=\"http:\/\/www.w3.org\/2000\/svg\" viewBox=\"0 0 512 512\" class=\"svg-inline--fa fa-chart-bar fa-w-16 fa-2x\"><path fill=\"currentColor\" d=\"M396.8 352h22.4c6.4 0 12.8-6.4 12.8-12.8V108.8c0-6.4-6.4-12.8-12.8-12.8h-22.4c-6.4 0-12.8 6.4-12.8 12.8v230.4c0 6.4 6.4 12.8 12.8 12.8zm-192 0h22.4c6.4 0 12.8-6.4 12.8-12.8V140.8c0-6.4-6.4-12.8-12.8-12.8h-22.4c-6.4 0-12.8 6.4-12.8 12.8v198.4c0 6.4 6.4 12.8 12.8 12.8zm96 0h22.4c6.4 0 12.8-6.4 12.8-12.8V204.8c0-6.4-6.4-12.8-12.8-12.8h-22.4c-6.4 0-12.8 6.4-12.8 12.8v134.4c0 6.4 6.4 12.8 12.8 12.8zM496 400H48V80c0-8.84-7.16-16-16-16H16C7.16 64 0 71.16 0 80v336c0 17.67 14.33 32 32 32h464c8.84 0 16-7.16 16-16v-16c0-8.84-7.16-16-16-16zm-387.2-48h22.4c6.4 0 12.8-6.4 12.8-12.8v-70.4c0-6.4-6.4-12.8-12.8-12.8h-22.4c-6.4 0-12.8 6.4-12.8 12.8v70.4c0 6.4 6.4 12.8 12.8 12.8z\" class=\"\"><\/path><\/svg><\/i> <img loading=\"lazy\" decoding=\"async\" width=\"16\" height=\"16\" alt=\"Loading\" src=\"https:\/\/meriller-vapeur.fr\/wp3\/wp-content\/plugins\/page-views-count\/ajax-loader-2x.gif\" border=0 \/><\/p>\n<div class=\"pvc_clear\"><\/div>\n","protected":false},"author":1,"featured_media":0,"parent":0,"menu_order":0,"comment_status":"closed","ping_status":"closed","template":"page-templates\/full-width.php","meta":{"footnotes":""},"class_list":["post-14787","page","type-page","status-publish","hentry"],"a3_pvc":{"activated":true,"total_views":87,"today_views":0},"_links":{"self":[{"href":"https:\/\/meriller-vapeur.fr\/wp3\/index.php?rest_route=\/wp\/v2\/pages\/14787","targetHints":{"allow":["GET"]}}],"collection":[{"href":"https:\/\/meriller-vapeur.fr\/wp3\/index.php?rest_route=\/wp\/v2\/pages"}],"about":[{"href":"https:\/\/meriller-vapeur.fr\/wp3\/index.php?rest_route=\/wp\/v2\/types\/page"}],"author":[{"embeddable":true,"href":"https:\/\/meriller-vapeur.fr\/wp3\/index.php?rest_route=\/wp\/v2\/users\/1"}],"replies":[{"embeddable":true,"href":"https:\/\/meriller-vapeur.fr\/wp3\/index.php?rest_route=%2Fwp%2Fv2%2Fcomments&post=14787"}],"version-history":[{"count":9,"href":"https:\/\/meriller-vapeur.fr\/wp3\/index.php?rest_route=\/wp\/v2\/pages\/14787\/revisions"}],"predecessor-version":[{"id":14817,"href":"https:\/\/meriller-vapeur.fr\/wp3\/index.php?rest_route=\/wp\/v2\/pages\/14787\/revisions\/14817"}],"wp:attachment":[{"href":"https:\/\/meriller-vapeur.fr\/wp3\/index.php?rest_route=%2Fwp%2Fv2%2Fmedia&parent=14787"}],"curies":[{"name":"wp","href":"https:\/\/api.w.org\/{rel}","templated":true}]}}