{"id":146,"date":"2013-06-25T16:57:21","date_gmt":"2013-06-25T14:57:21","guid":{"rendered":"http:\/\/meriller-vapeur.fr\/wp3\/?page_id=146"},"modified":"2022-04-26T10:21:06","modified_gmt":"2022-04-26T08:21:06","slug":"partenaires","status":"publish","type":"page","link":"https:\/\/meriller-vapeur.fr\/wp3\/?page_id=146","title":{"rendered":"Partenaires"},"content":{"rendered":"<p>&nbsp;<\/p>\n<p><strong>Merci \u00e0 nos Partenaires\u00a0:<\/strong><\/p>\n<p><strong>MAIRIE de COULOUNIEIX-CHAMIERS<\/strong><\/p>\n<p><a href=\"http:\/\/www.coulounieix-chamiers.fr\/\" target=\"_blank\" rel=\"noopener\"><img loading=\"lazy\" decoding=\"async\" class=\"alignleft \" style=\"border: 0px;\" src=\"http:\/\/www.meriller-vapeur.fr\/imagesindex\/logos\/logo_coulounieix-chamiers.jpg\" alt=\"Mairie de Coulounieix-Chamiers\" width=\"202\" height=\"67\" border=\"0\" \/><\/a><br \/>\npour son soutien constant, et les moyens multiples mis \u00e0 notre disposition.<\/p>\n<p>______________________________________________________________<\/p>\n<p><strong>LA COMMUNAUT\u00c9 D&rsquo;AGGLOM\u00c9RATION du GRAND P\u00c9RIGUEUX<\/strong><\/p>\n<p style=\"text-align: left;\"><a href=\"http:\/\/www.agglo-perigueux.fr\/\" target=\"_blank\" rel=\"noopener\"><img loading=\"lazy\" decoding=\"async\" class=\"alignleft wp-image-2223\" src=\"http:\/\/meriller-vapeur.fr\/wp3\/wp-content\/uploads\/2014\/04\/Le-Grand-Perigueux-Communaute-d-agglomeration.jpg\" alt=\"Le-Grand-Perigueux-Communaute-d-agglomeration\" width=\"157\" height=\"89\" \/><\/a><b>\u00a0<\/b><\/p>\n<p style=\"text-align: left;\"><b>\u00a0<\/b>pour son soutien dans l\u2019ensemble de nos actions.<\/p>\n<p>&nbsp;<\/p>\n<hr \/>\n<h3><strong>CONSEIL D\u00c9PARTEMENTAL\u00a0de la DORDOGNE<\/strong><\/h3>\n<p><a href=\"https:\/\/www.dordogne.fr\" target=\"_blank\" rel=\"noopener\"><img loading=\"lazy\" decoding=\"async\" class=\"alignleft wp-image-4252\" src=\"http:\/\/meriller-vapeur.fr\/wp3\/wp-content\/uploads\/2014\/09\/logo-cd-2015-quadri-Horizontale-300x143.jpg\" alt=\"logo cd 2015 quadri Horizontale\" width=\"210\" height=\"107\" \/><\/a><\/p>\n<p>&nbsp;<\/p>\n<p><b>\u00a0<\/b>pour son soutien dans l\u2019ensemble de nos actions.<\/p>\n<p>&nbsp;<\/p>\n<hr \/>\n<p><strong>TECHNICENTRE SNCF CHARENTES P\u00c9RIGORD.<\/strong><\/p>\n<p><a href=\"https:\/\/meriller-vapeur.fr\/wp3\/wp-content\/uploads\/2014\/04\/SNCF_Logo2011.jpg\"><img loading=\"lazy\" decoding=\"async\" class=\"wp-image-2215 alignleft\" src=\"http:\/\/meriller-vapeur.fr\/wp3\/wp-content\/uploads\/2014\/04\/SNCF_Logo2011-300x158.jpg\" alt=\"SNCF_Logo2011\" width=\"127\" height=\"72\" \/><\/a><\/p>\n<p>&nbsp;<\/p>\n<p>pour sa participation \u00e0 la r\u00e9fection et au montage<a title=\"SOUSCRIPTION pour la construction d\u2019un TENDER.\" href=\"http:\/\/meriller-vapeur.fr\/wp3\/?page_id=207\">\u00a0du Tender<\/a>\u00a0pour le Rond-Point.<\/p>\n<p>&nbsp;<\/p>\n<hr \/>\n<p><strong>Le LYC\u00c9E CLAVEILLE de PERIGUEUX<\/strong><br \/>\n<a style=\"font-style: normal; line-height: 24px; text-decoration: underline; text-align: -webkit-center;\" href=\"http:\/\/www.claveille.org\/\" target=\"_blank\" rel=\"noopener\"><br \/>\n<\/a><a href=\"http:\/\/www.claveille.org\/\" target=\"_blank\" rel=\"noopener\"><img loading=\"lazy\" decoding=\"async\" class=\"alignleft \" style=\"border: 0px;\" src=\"http:\/\/www.meriller-vapeur.fr\/imagesindex\/logos\/logclave_1280x1024.jpg\" alt=\"Lyc\u00e9e Claveille\" width=\"108\" height=\"84\" border=\"0\" \/><\/a><\/p>\n<p>&nbsp;<\/p>\n<p>pour sa participation \u00e0 la r\u00e9fection et au montage<a title=\"SOUSCRIPTION pour la construction d\u2019un TENDER.\" href=\"http:\/\/meriller-vapeur.fr\/wp3\/?page_id=207\">\u00a0du Tender<\/a>\u00a0pour le Rond-Point.<\/p>\n<p>&nbsp;<\/p>\n<hr \/>\n<p style=\"text-align: left;\"><strong>ASSOCIATION DE PR\u00c9VENTION LE CHEMIN, P\u00c9RIGUEUX.<a href=\"http:\/\/www.lechemin24.fr\" target=\"_blank\" rel=\"noopener\"><img loading=\"lazy\" decoding=\"async\" class=\"wp-image-6288 size-full alignleft\" src=\"http:\/\/meriller-vapeur.fr\/wp3\/wp-content\/uploads\/2014\/09\/lechemin-base.png\" alt=\"lechemin-base\" width=\"145\" height=\"112\" \/><\/a><\/strong><\/p>\n<p>&nbsp;<\/p>\n<p>pour sa participation aux travaux d\u2019entretien du Rond-Point de Meriller.<\/p>\n<pre><\/pre>\n<hr \/>\n<h3 style=\"text-align: center;\">Pour son aide importante pour le Site de NIVERSAC en cours d\u2019am\u00e9nagement,<\/h3>\n<h3 style=\"text-align: center;\">nous remercions tr\u00e8s particuli\u00e8rement<\/h3>\n<h3 style=\"text-align: center;\"><span style=\"font-size: x-large;\"><span style=\"text-decoration: underline;\">Clive Lamming<\/span> \u00ab\u00a0TRAIN CONSULTANT\u00a0\u00bb <\/span><\/h3>\n<p style=\"text-align: center;\"><span style=\"font-size: x-large;\">Les chemins de fer vus par <\/span><span style=\"font-size: x-large;\">un historien des chemins de fer.<\/span><\/p>\n<h3 style=\"text-align: center;\"><b><span style=\"font-size: large;\">Visiter le\u00a0<a href=\"https:\/\/trainconsultant.com\/2019\/04\/30\/puis-je-me-presenter\/\" target=\"_blank\" rel=\"noopener\">Site Internet de Clive Lamming<\/a><\/span><\/b><\/h3>\n<hr \/>\n<pre>Page mise \u00e0 jour le 24\/04\/2022 par Admin.<\/pre>\n<p>&nbsp;<\/p>\n<div class=\"pvc_clear\"><\/div>\n<p id=\"pvc_stats_146\" class=\"pvc_stats all  \" data-element-id=\"146\" style=\"\"><i class=\"pvc-stats-icon medium\" aria-hidden=\"true\"><svg aria-hidden=\"true\" focusable=\"false\" data-prefix=\"far\" data-icon=\"chart-bar\" role=\"img\" xmlns=\"http:\/\/www.w3.org\/2000\/svg\" viewBox=\"0 0 512 512\" class=\"svg-inline--fa fa-chart-bar fa-w-16 fa-2x\"><path fill=\"currentColor\" d=\"M396.8 352h22.4c6.4 0 12.8-6.4 12.8-12.8V108.8c0-6.4-6.4-12.8-12.8-12.8h-22.4c-6.4 0-12.8 6.4-12.8 12.8v230.4c0 6.4 6.4 12.8 12.8 12.8zm-192 0h22.4c6.4 0 12.8-6.4 12.8-12.8V140.8c0-6.4-6.4-12.8-12.8-12.8h-22.4c-6.4 0-12.8 6.4-12.8 12.8v198.4c0 6.4 6.4 12.8 12.8 12.8zm96 0h22.4c6.4 0 12.8-6.4 12.8-12.8V204.8c0-6.4-6.4-12.8-12.8-12.8h-22.4c-6.4 0-12.8 6.4-12.8 12.8v134.4c0 6.4 6.4 12.8 12.8 12.8zM496 400H48V80c0-8.84-7.16-16-16-16H16C7.16 64 0 71.16 0 80v336c0 17.67 14.33 32 32 32h464c8.84 0 16-7.16 16-16v-16c0-8.84-7.16-16-16-16zm-387.2-48h22.4c6.4 0 12.8-6.4 12.8-12.8v-70.4c0-6.4-6.4-12.8-12.8-12.8h-22.4c-6.4 0-12.8 6.4-12.8 12.8v70.4c0 6.4 6.4 12.8 12.8 12.8z\" class=\"\"><\/path><\/svg><\/i> <img loading=\"lazy\" decoding=\"async\" width=\"16\" height=\"16\" alt=\"Loading\" src=\"https:\/\/meriller-vapeur.fr\/wp3\/wp-content\/plugins\/page-views-count\/ajax-loader-2x.gif\" border=0 \/><\/p>\n<div class=\"pvc_clear\"><\/div>\n","protected":false},"excerpt":{"rendered":"<p>&nbsp; Merci \u00e0 nos Partenaires\u00a0: MAIRIE de COULOUNIEIX-CHAMIERS pour son soutien constant, et les moyens multiples mis \u00e0 notre disposition. ______________________________________________________________ LA COMMUNAUT\u00c9 D&rsquo;AGGLOM\u00c9RATION du GRAND P\u00c9RIGUEUX \u00a0 \u00a0pour son soutien dans l\u2019ensemble de nos actions. &nbsp; CONSEIL D\u00c9PARTEMENTAL\u00a0de la DORDOGNE &nbsp; \u00a0pour son soutien dans l\u2019ensemble de nos actions. &nbsp; TECHNICENTRE SNCF CHARENTES P\u00c9RIGORD.\u2026 <span class=\"read-more\"><a href=\"https:\/\/meriller-vapeur.fr\/wp3\/?page_id=146\">Read More &raquo;<\/a><\/span><\/p>\n<div class=\"pvc_clear\"><\/div>\n<p id=\"pvc_stats_146\" class=\"pvc_stats all  \" data-element-id=\"146\" style=\"\"><i class=\"pvc-stats-icon medium\" aria-hidden=\"true\"><svg aria-hidden=\"true\" focusable=\"false\" data-prefix=\"far\" data-icon=\"chart-bar\" role=\"img\" xmlns=\"http:\/\/www.w3.org\/2000\/svg\" viewBox=\"0 0 512 512\" class=\"svg-inline--fa fa-chart-bar fa-w-16 fa-2x\"><path fill=\"currentColor\" d=\"M396.8 352h22.4c6.4 0 12.8-6.4 12.8-12.8V108.8c0-6.4-6.4-12.8-12.8-12.8h-22.4c-6.4 0-12.8 6.4-12.8 12.8v230.4c0 6.4 6.4 12.8 12.8 12.8zm-192 0h22.4c6.4 0 12.8-6.4 12.8-12.8V140.8c0-6.4-6.4-12.8-12.8-12.8h-22.4c-6.4 0-12.8 6.4-12.8 12.8v198.4c0 6.4 6.4 12.8 12.8 12.8zm96 0h22.4c6.4 0 12.8-6.4 12.8-12.8V204.8c0-6.4-6.4-12.8-12.8-12.8h-22.4c-6.4 0-12.8 6.4-12.8 12.8v134.4c0 6.4 6.4 12.8 12.8 12.8zM496 400H48V80c0-8.84-7.16-16-16-16H16C7.16 64 0 71.16 0 80v336c0 17.67 14.33 32 32 32h464c8.84 0 16-7.16 16-16v-16c0-8.84-7.16-16-16-16zm-387.2-48h22.4c6.4 0 12.8-6.4 12.8-12.8v-70.4c0-6.4-6.4-12.8-12.8-12.8h-22.4c-6.4 0-12.8 6.4-12.8 12.8v70.4c0 6.4 6.4 12.8 12.8 12.8z\" class=\"\"><\/path><\/svg><\/i> <img loading=\"lazy\" decoding=\"async\" width=\"16\" height=\"16\" alt=\"Loading\" src=\"https:\/\/meriller-vapeur.fr\/wp3\/wp-content\/plugins\/page-views-count\/ajax-loader-2x.gif\" border=0 \/><\/p>\n<div class=\"pvc_clear\"><\/div>\n","protected":false},"author":1,"featured_media":0,"parent":464,"menu_order":0,"comment_status":"open","ping_status":"open","template":"","meta":{"footnotes":""},"class_list":["post-146","page","type-page","status-publish","hentry"],"a3_pvc":{"activated":true,"total_views":1067,"today_views":0},"_links":{"self":[{"href":"https:\/\/meriller-vapeur.fr\/wp3\/index.php?rest_route=\/wp\/v2\/pages\/146","targetHints":{"allow":["GET"]}}],"collection":[{"href":"https:\/\/meriller-vapeur.fr\/wp3\/index.php?rest_route=\/wp\/v2\/pages"}],"about":[{"href":"https:\/\/meriller-vapeur.fr\/wp3\/index.php?rest_route=\/wp\/v2\/types\/page"}],"author":[{"embeddable":true,"href":"https:\/\/meriller-vapeur.fr\/wp3\/index.php?rest_route=\/wp\/v2\/users\/1"}],"replies":[{"embeddable":true,"href":"https:\/\/meriller-vapeur.fr\/wp3\/index.php?rest_route=%2Fwp%2Fv2%2Fcomments&post=146"}],"version-history":[{"count":0,"href":"https:\/\/meriller-vapeur.fr\/wp3\/index.php?rest_route=\/wp\/v2\/pages\/146\/revisions"}],"up":[{"embeddable":true,"href":"https:\/\/meriller-vapeur.fr\/wp3\/index.php?rest_route=\/wp\/v2\/pages\/464"}],"wp:attachment":[{"href":"https:\/\/meriller-vapeur.fr\/wp3\/index.php?rest_route=%2Fwp%2Fv2%2Fmedia&parent=146"}],"curies":[{"name":"wp","href":"https:\/\/api.w.org\/{rel}","templated":true}]}}