{"id":14057,"date":"2022-04-26T17:32:38","date_gmt":"2022-04-26T15:32:38","guid":{"rendered":"https:\/\/meriller-vapeur.fr\/wp3\/?page_id=14057"},"modified":"2022-04-28T16:20:44","modified_gmt":"2022-04-28T14:20:44","slug":"exposition-des-modulinos-neuvic-ncpc","status":"publish","type":"page","link":"https:\/\/meriller-vapeur.fr\/wp3\/?page_id=14057","title":{"rendered":"Exposition des MODULINOS, \u00e0 Neuvic NCPC"},"content":{"rendered":"<p><strong><em>Nos amis du \u00a0Club N.C.P.C. de Neuvic sur L\u2019Isle 24190 Dordogne<\/em><\/strong>\u00a0ont organis\u00e9 pour le week-end \u00a0de P\u00e2ques une<\/p>\n<h3 style=\"text-align: center;\"><strong>Expo de \u00ab\u00a0Petits trains\u00a0\u00bb au 1\/87 \u00e8me \u00e9voluant sur un circuit de 50 m\u00e8tres.<\/strong><\/h3>\n<p>Ce circuit est compos\u00e9 de 63 \u00ab\u00a0<em><strong>modulinos<\/strong><\/em>\u00a0\u00bb mis bout-\u00e0-bout, repr\u00e9sentant pour\u00a0 la plupart\u00a0un paysage r\u00e9el. Les \u00ab\u00a0Modulinos\u2019 (contraction de Module + Domino) sont le moyen de faire collaborer les mod\u00e9listes qui travaillent\u00a0\u00bbchacun dans son coin\u00a0\u00bb. Ces modules, de dimensions impos\u00e9es, sont raccordables entre-eux de sorte que, mis bout-\u00e0-bout, ils constituent un immense r\u00e9seau sur lequel plusieurs trains peuvent circuler !<\/p>\n<p><em>&gt;&gt;&gt;&gt; Ces modules sont truff\u00e9s d\u2019ing\u00e9niosit\u00e9s m\u00e9caniques et \u00e9lectroniques !<\/em><\/p>\n<p>&nbsp;<\/p>\n<p>Pour ceux qui n\u2019ont pu s\u2019y rendre, voici une \u00a0Video relatant cet \u00e9v\u00e9nement :<br \/>\n<iframe loading=\"lazy\" title=\"YouTube video player\" src=\"https:\/\/www.youtube.com\/embed\/kwFV1OL04nQ\" width=\"560\" height=\"315\" frameborder=\"0\" allowfullscreen=\"allowfullscreen\"><\/iframe><\/p>\n<hr \/>\n<p><strong>Voici par ailleurs les photos que nous ont adress\u00e9 nos vaillants reporters qui se sont rendus sur place !<\/strong><br \/>\n<em>(cliquez sur la premi\u00e8re image pour agrandir, puis sur celle-ci pour aller \u00e0 la suivante etc.)<\/em><\/p>\n\n\t\t<style type=\"text\/css\">\n\t\t\t#gallery-1 {\n\t\t\t\tmargin: auto;\n\t\t\t}\n\t\t\t#gallery-1 .gallery-item {\n\t\t\t\tfloat: left;\n\t\t\t\tmargin-top: 10px;\n\t\t\t\ttext-align: center;\n\t\t\t\twidth: 33%;\n\t\t\t}\n\t\t\t#gallery-1 img {\n\t\t\t\tborder: 2px solid #cfcfcf;\n\t\t\t}\n\t\t\t#gallery-1 .gallery-caption {\n\t\t\t\tmargin-left: 0;\n\t\t\t}\n\t\t\t\/* see gallery_shortcode() in wp-includes\/media.php *\/\n\t\t<\/style>\n\t\t<div id='gallery-1' class='gallery galleryid-14057 gallery-columns-3 gallery-size-medium'><dl class='gallery-item'>\n\t\t\t<dt class='gallery-icon landscape'>\n\t\t\t\t<a href='https:\/\/meriller-vapeur.fr\/wp3\/?attachment_id=14067'><img loading=\"lazy\" decoding=\"async\" width=\"300\" height=\"200\" src=\"https:\/\/meriller-vapeur.fr\/wp3\/wp-content\/uploads\/2022\/04\/IMG_1201-300x200.jpg\" class=\"attachment-medium size-medium\" alt=\"\" srcset=\"https:\/\/meriller-vapeur.fr\/wp3\/wp-content\/uploads\/2022\/04\/IMG_1201-300x200.jpg 300w, https:\/\/meriller-vapeur.fr\/wp3\/wp-content\/uploads\/2022\/04\/IMG_1201-1024x684.jpg 1024w, https:\/\/meriller-vapeur.fr\/wp3\/wp-content\/uploads\/2022\/04\/IMG_1201-768x513.jpg 768w, https:\/\/meriller-vapeur.fr\/wp3\/wp-content\/uploads\/2022\/04\/IMG_1201-1536x1026.jpg 1536w, https:\/\/meriller-vapeur.fr\/wp3\/wp-content\/uploads\/2022\/04\/IMG_1201-660x441.jpg 660w, https:\/\/meriller-vapeur.fr\/wp3\/wp-content\/uploads\/2022\/04\/IMG_1201.jpg 1600w\" sizes=\"auto, (max-width: 300px) 100vw, 300px\" \/><\/a>\n\t\t\t<\/dt><\/dl><dl class='gallery-item'>\n\t\t\t<dt class='gallery-icon landscape'>\n\t\t\t\t<a href='https:\/\/meriller-vapeur.fr\/wp3\/?attachment_id=14068'><img loading=\"lazy\" decoding=\"async\" width=\"300\" height=\"200\" src=\"https:\/\/meriller-vapeur.fr\/wp3\/wp-content\/uploads\/2022\/04\/IMG_1202-300x200.jpg\" class=\"attachment-medium size-medium\" alt=\"\" srcset=\"https:\/\/meriller-vapeur.fr\/wp3\/wp-content\/uploads\/2022\/04\/IMG_1202-300x200.jpg 300w, https:\/\/meriller-vapeur.fr\/wp3\/wp-content\/uploads\/2022\/04\/IMG_1202-1024x684.jpg 1024w, https:\/\/meriller-vapeur.fr\/wp3\/wp-content\/uploads\/2022\/04\/IMG_1202-768x513.jpg 768w, https:\/\/meriller-vapeur.fr\/wp3\/wp-content\/uploads\/2022\/04\/IMG_1202-1536x1026.jpg 1536w, https:\/\/meriller-vapeur.fr\/wp3\/wp-content\/uploads\/2022\/04\/IMG_1202-660x441.jpg 660w, https:\/\/meriller-vapeur.fr\/wp3\/wp-content\/uploads\/2022\/04\/IMG_1202.jpg 1600w\" sizes=\"auto, (max-width: 300px) 100vw, 300px\" \/><\/a>\n\t\t\t<\/dt><\/dl><dl class='gallery-item'>\n\t\t\t<dt class='gallery-icon landscape'>\n\t\t\t\t<a href='https:\/\/meriller-vapeur.fr\/wp3\/?attachment_id=14069'><img loading=\"lazy\" decoding=\"async\" width=\"300\" height=\"200\" src=\"https:\/\/meriller-vapeur.fr\/wp3\/wp-content\/uploads\/2022\/04\/IMG_1203-300x200.jpg\" class=\"attachment-medium size-medium\" alt=\"\" srcset=\"https:\/\/meriller-vapeur.fr\/wp3\/wp-content\/uploads\/2022\/04\/IMG_1203-300x200.jpg 300w, https:\/\/meriller-vapeur.fr\/wp3\/wp-content\/uploads\/2022\/04\/IMG_1203-1024x684.jpg 1024w, https:\/\/meriller-vapeur.fr\/wp3\/wp-content\/uploads\/2022\/04\/IMG_1203-768x513.jpg 768w, https:\/\/meriller-vapeur.fr\/wp3\/wp-content\/uploads\/2022\/04\/IMG_1203-1536x1026.jpg 1536w, https:\/\/meriller-vapeur.fr\/wp3\/wp-content\/uploads\/2022\/04\/IMG_1203-660x441.jpg 660w, https:\/\/meriller-vapeur.fr\/wp3\/wp-content\/uploads\/2022\/04\/IMG_1203.jpg 1600w\" sizes=\"auto, (max-width: 300px) 100vw, 300px\" \/><\/a>\n\t\t\t<\/dt><\/dl><br style=\"clear: both\" \/><dl class='gallery-item'>\n\t\t\t<dt class='gallery-icon landscape'>\n\t\t\t\t<a href='https:\/\/meriller-vapeur.fr\/wp3\/?attachment_id=14070'><img loading=\"lazy\" decoding=\"async\" width=\"300\" height=\"200\" src=\"https:\/\/meriller-vapeur.fr\/wp3\/wp-content\/uploads\/2022\/04\/IMG_1204-300x200.jpg\" class=\"attachment-medium size-medium\" alt=\"\" srcset=\"https:\/\/meriller-vapeur.fr\/wp3\/wp-content\/uploads\/2022\/04\/IMG_1204-300x200.jpg 300w, https:\/\/meriller-vapeur.fr\/wp3\/wp-content\/uploads\/2022\/04\/IMG_1204-1024x684.jpg 1024w, https:\/\/meriller-vapeur.fr\/wp3\/wp-content\/uploads\/2022\/04\/IMG_1204-768x513.jpg 768w, https:\/\/meriller-vapeur.fr\/wp3\/wp-content\/uploads\/2022\/04\/IMG_1204-1536x1026.jpg 1536w, https:\/\/meriller-vapeur.fr\/wp3\/wp-content\/uploads\/2022\/04\/IMG_1204-660x441.jpg 660w, https:\/\/meriller-vapeur.fr\/wp3\/wp-content\/uploads\/2022\/04\/IMG_1204.jpg 1600w\" sizes=\"auto, (max-width: 300px) 100vw, 300px\" \/><\/a>\n\t\t\t<\/dt><\/dl><dl class='gallery-item'>\n\t\t\t<dt class='gallery-icon landscape'>\n\t\t\t\t<a href='https:\/\/meriller-vapeur.fr\/wp3\/?attachment_id=14071'><img loading=\"lazy\" decoding=\"async\" width=\"300\" height=\"200\" src=\"https:\/\/meriller-vapeur.fr\/wp3\/wp-content\/uploads\/2022\/04\/IMG_1205-300x200.jpg\" class=\"attachment-medium size-medium\" alt=\"\" srcset=\"https:\/\/meriller-vapeur.fr\/wp3\/wp-content\/uploads\/2022\/04\/IMG_1205-300x200.jpg 300w, https:\/\/meriller-vapeur.fr\/wp3\/wp-content\/uploads\/2022\/04\/IMG_1205-1024x684.jpg 1024w, https:\/\/meriller-vapeur.fr\/wp3\/wp-content\/uploads\/2022\/04\/IMG_1205-768x513.jpg 768w, https:\/\/meriller-vapeur.fr\/wp3\/wp-content\/uploads\/2022\/04\/IMG_1205-1536x1026.jpg 1536w, https:\/\/meriller-vapeur.fr\/wp3\/wp-content\/uploads\/2022\/04\/IMG_1205-660x441.jpg 660w, https:\/\/meriller-vapeur.fr\/wp3\/wp-content\/uploads\/2022\/04\/IMG_1205.jpg 1600w\" sizes=\"auto, (max-width: 300px) 100vw, 300px\" \/><\/a>\n\t\t\t<\/dt><\/dl><dl class='gallery-item'>\n\t\t\t<dt class='gallery-icon landscape'>\n\t\t\t\t<a href='https:\/\/meriller-vapeur.fr\/wp3\/?attachment_id=14072'><img loading=\"lazy\" decoding=\"async\" width=\"300\" height=\"200\" src=\"https:\/\/meriller-vapeur.fr\/wp3\/wp-content\/uploads\/2022\/04\/IMG_1206-300x200.jpg\" class=\"attachment-medium size-medium\" alt=\"\" srcset=\"https:\/\/meriller-vapeur.fr\/wp3\/wp-content\/uploads\/2022\/04\/IMG_1206-300x200.jpg 300w, https:\/\/meriller-vapeur.fr\/wp3\/wp-content\/uploads\/2022\/04\/IMG_1206-1024x684.jpg 1024w, https:\/\/meriller-vapeur.fr\/wp3\/wp-content\/uploads\/2022\/04\/IMG_1206-768x513.jpg 768w, https:\/\/meriller-vapeur.fr\/wp3\/wp-content\/uploads\/2022\/04\/IMG_1206-1536x1026.jpg 1536w, https:\/\/meriller-vapeur.fr\/wp3\/wp-content\/uploads\/2022\/04\/IMG_1206-660x441.jpg 660w, https:\/\/meriller-vapeur.fr\/wp3\/wp-content\/uploads\/2022\/04\/IMG_1206.jpg 1600w\" sizes=\"auto, (max-width: 300px) 100vw, 300px\" \/><\/a>\n\t\t\t<\/dt><\/dl><br style=\"clear: both\" \/><dl class='gallery-item'>\n\t\t\t<dt class='gallery-icon landscape'>\n\t\t\t\t<a href='https:\/\/meriller-vapeur.fr\/wp3\/?attachment_id=14073'><img loading=\"lazy\" decoding=\"async\" width=\"300\" height=\"200\" src=\"https:\/\/meriller-vapeur.fr\/wp3\/wp-content\/uploads\/2022\/04\/IMG_1207-300x200.jpg\" class=\"attachment-medium size-medium\" alt=\"\" srcset=\"https:\/\/meriller-vapeur.fr\/wp3\/wp-content\/uploads\/2022\/04\/IMG_1207-300x200.jpg 300w, https:\/\/meriller-vapeur.fr\/wp3\/wp-content\/uploads\/2022\/04\/IMG_1207-1024x684.jpg 1024w, https:\/\/meriller-vapeur.fr\/wp3\/wp-content\/uploads\/2022\/04\/IMG_1207-768x513.jpg 768w, https:\/\/meriller-vapeur.fr\/wp3\/wp-content\/uploads\/2022\/04\/IMG_1207-1536x1026.jpg 1536w, https:\/\/meriller-vapeur.fr\/wp3\/wp-content\/uploads\/2022\/04\/IMG_1207-660x441.jpg 660w, https:\/\/meriller-vapeur.fr\/wp3\/wp-content\/uploads\/2022\/04\/IMG_1207.jpg 1600w\" sizes=\"auto, (max-width: 300px) 100vw, 300px\" \/><\/a>\n\t\t\t<\/dt><\/dl><dl class='gallery-item'>\n\t\t\t<dt class='gallery-icon landscape'>\n\t\t\t\t<a href='https:\/\/meriller-vapeur.fr\/wp3\/?attachment_id=14074'><img loading=\"lazy\" decoding=\"async\" width=\"300\" height=\"200\" src=\"https:\/\/meriller-vapeur.fr\/wp3\/wp-content\/uploads\/2022\/04\/IMG_1208-300x200.jpg\" class=\"attachment-medium size-medium\" alt=\"\" srcset=\"https:\/\/meriller-vapeur.fr\/wp3\/wp-content\/uploads\/2022\/04\/IMG_1208-300x200.jpg 300w, https:\/\/meriller-vapeur.fr\/wp3\/wp-content\/uploads\/2022\/04\/IMG_1208-1024x684.jpg 1024w, https:\/\/meriller-vapeur.fr\/wp3\/wp-content\/uploads\/2022\/04\/IMG_1208-768x513.jpg 768w, https:\/\/meriller-vapeur.fr\/wp3\/wp-content\/uploads\/2022\/04\/IMG_1208-1536x1026.jpg 1536w, https:\/\/meriller-vapeur.fr\/wp3\/wp-content\/uploads\/2022\/04\/IMG_1208-660x441.jpg 660w, https:\/\/meriller-vapeur.fr\/wp3\/wp-content\/uploads\/2022\/04\/IMG_1208.jpg 1600w\" sizes=\"auto, (max-width: 300px) 100vw, 300px\" \/><\/a>\n\t\t\t<\/dt><\/dl><dl class='gallery-item'>\n\t\t\t<dt class='gallery-icon landscape'>\n\t\t\t\t<a href='https:\/\/meriller-vapeur.fr\/wp3\/?attachment_id=14075'><img loading=\"lazy\" decoding=\"async\" width=\"300\" height=\"200\" src=\"https:\/\/meriller-vapeur.fr\/wp3\/wp-content\/uploads\/2022\/04\/IMG_1209-300x200.jpg\" class=\"attachment-medium size-medium\" alt=\"\" srcset=\"https:\/\/meriller-vapeur.fr\/wp3\/wp-content\/uploads\/2022\/04\/IMG_1209-300x200.jpg 300w, https:\/\/meriller-vapeur.fr\/wp3\/wp-content\/uploads\/2022\/04\/IMG_1209-1024x684.jpg 1024w, https:\/\/meriller-vapeur.fr\/wp3\/wp-content\/uploads\/2022\/04\/IMG_1209-768x513.jpg 768w, https:\/\/meriller-vapeur.fr\/wp3\/wp-content\/uploads\/2022\/04\/IMG_1209-1536x1026.jpg 1536w, https:\/\/meriller-vapeur.fr\/wp3\/wp-content\/uploads\/2022\/04\/IMG_1209-660x441.jpg 660w, https:\/\/meriller-vapeur.fr\/wp3\/wp-content\/uploads\/2022\/04\/IMG_1209.jpg 1600w\" sizes=\"auto, (max-width: 300px) 100vw, 300px\" \/><\/a>\n\t\t\t<\/dt><\/dl><br style=\"clear: both\" \/><dl class='gallery-item'>\n\t\t\t<dt class='gallery-icon landscape'>\n\t\t\t\t<a href='https:\/\/meriller-vapeur.fr\/wp3\/?attachment_id=14076'><img loading=\"lazy\" decoding=\"async\" width=\"300\" height=\"200\" src=\"https:\/\/meriller-vapeur.fr\/wp3\/wp-content\/uploads\/2022\/04\/IMG_1210-300x200.jpg\" class=\"attachment-medium size-medium\" alt=\"\" srcset=\"https:\/\/meriller-vapeur.fr\/wp3\/wp-content\/uploads\/2022\/04\/IMG_1210-300x200.jpg 300w, https:\/\/meriller-vapeur.fr\/wp3\/wp-content\/uploads\/2022\/04\/IMG_1210-1024x684.jpg 1024w, https:\/\/meriller-vapeur.fr\/wp3\/wp-content\/uploads\/2022\/04\/IMG_1210-768x513.jpg 768w, https:\/\/meriller-vapeur.fr\/wp3\/wp-content\/uploads\/2022\/04\/IMG_1210-1536x1026.jpg 1536w, https:\/\/meriller-vapeur.fr\/wp3\/wp-content\/uploads\/2022\/04\/IMG_1210-660x441.jpg 660w, https:\/\/meriller-vapeur.fr\/wp3\/wp-content\/uploads\/2022\/04\/IMG_1210.jpg 1600w\" sizes=\"auto, (max-width: 300px) 100vw, 300px\" \/><\/a>\n\t\t\t<\/dt><\/dl><dl class='gallery-item'>\n\t\t\t<dt class='gallery-icon landscape'>\n\t\t\t\t<a href='https:\/\/meriller-vapeur.fr\/wp3\/?attachment_id=14077'><img loading=\"lazy\" decoding=\"async\" width=\"300\" height=\"200\" src=\"https:\/\/meriller-vapeur.fr\/wp3\/wp-content\/uploads\/2022\/04\/IMG_1211-300x200.jpg\" class=\"attachment-medium size-medium\" alt=\"\" srcset=\"https:\/\/meriller-vapeur.fr\/wp3\/wp-content\/uploads\/2022\/04\/IMG_1211-300x200.jpg 300w, https:\/\/meriller-vapeur.fr\/wp3\/wp-content\/uploads\/2022\/04\/IMG_1211-1024x684.jpg 1024w, https:\/\/meriller-vapeur.fr\/wp3\/wp-content\/uploads\/2022\/04\/IMG_1211-768x513.jpg 768w, https:\/\/meriller-vapeur.fr\/wp3\/wp-content\/uploads\/2022\/04\/IMG_1211-1536x1026.jpg 1536w, https:\/\/meriller-vapeur.fr\/wp3\/wp-content\/uploads\/2022\/04\/IMG_1211-660x441.jpg 660w, https:\/\/meriller-vapeur.fr\/wp3\/wp-content\/uploads\/2022\/04\/IMG_1211.jpg 1600w\" sizes=\"auto, (max-width: 300px) 100vw, 300px\" \/><\/a>\n\t\t\t<\/dt><\/dl><dl class='gallery-item'>\n\t\t\t<dt class='gallery-icon landscape'>\n\t\t\t\t<a href='https:\/\/meriller-vapeur.fr\/wp3\/?attachment_id=14078'><img loading=\"lazy\" decoding=\"async\" width=\"300\" height=\"200\" src=\"https:\/\/meriller-vapeur.fr\/wp3\/wp-content\/uploads\/2022\/04\/IMG_1212-300x200.jpg\" class=\"attachment-medium size-medium\" alt=\"\" srcset=\"https:\/\/meriller-vapeur.fr\/wp3\/wp-content\/uploads\/2022\/04\/IMG_1212-300x200.jpg 300w, https:\/\/meriller-vapeur.fr\/wp3\/wp-content\/uploads\/2022\/04\/IMG_1212-1024x684.jpg 1024w, https:\/\/meriller-vapeur.fr\/wp3\/wp-content\/uploads\/2022\/04\/IMG_1212-768x513.jpg 768w, https:\/\/meriller-vapeur.fr\/wp3\/wp-content\/uploads\/2022\/04\/IMG_1212-1536x1026.jpg 1536w, https:\/\/meriller-vapeur.fr\/wp3\/wp-content\/uploads\/2022\/04\/IMG_1212-660x441.jpg 660w, https:\/\/meriller-vapeur.fr\/wp3\/wp-content\/uploads\/2022\/04\/IMG_1212.jpg 1600w\" sizes=\"auto, (max-width: 300px) 100vw, 300px\" \/><\/a>\n\t\t\t<\/dt><\/dl><br style=\"clear: both\" \/><dl class='gallery-item'>\n\t\t\t<dt class='gallery-icon portrait'>\n\t\t\t\t<a href='https:\/\/meriller-vapeur.fr\/wp3\/?attachment_id=14079'><img loading=\"lazy\" decoding=\"async\" width=\"169\" height=\"300\" src=\"https:\/\/meriller-vapeur.fr\/wp3\/wp-content\/uploads\/2022\/04\/20220416_153032-169x300.jpg\" class=\"attachment-medium size-medium\" alt=\"\" srcset=\"https:\/\/meriller-vapeur.fr\/wp3\/wp-content\/uploads\/2022\/04\/20220416_153032-169x300.jpg 169w, https:\/\/meriller-vapeur.fr\/wp3\/wp-content\/uploads\/2022\/04\/20220416_153032-576x1024.jpg 576w, https:\/\/meriller-vapeur.fr\/wp3\/wp-content\/uploads\/2022\/04\/20220416_153032-768x1365.jpg 768w, https:\/\/meriller-vapeur.fr\/wp3\/wp-content\/uploads\/2022\/04\/20220416_153032-864x1536.jpg 864w, https:\/\/meriller-vapeur.fr\/wp3\/wp-content\/uploads\/2022\/04\/20220416_153032-1152x2048.jpg 1152w, https:\/\/meriller-vapeur.fr\/wp3\/wp-content\/uploads\/2022\/04\/20220416_153032-660x1173.jpg 660w, https:\/\/meriller-vapeur.fr\/wp3\/wp-content\/uploads\/2022\/04\/20220416_153032-scaled.jpg 1440w\" sizes=\"auto, (max-width: 169px) 100vw, 169px\" \/><\/a>\n\t\t\t<\/dt><\/dl><dl class='gallery-item'>\n\t\t\t<dt class='gallery-icon landscape'>\n\t\t\t\t<a href='https:\/\/meriller-vapeur.fr\/wp3\/?attachment_id=14080'><img loading=\"lazy\" decoding=\"async\" width=\"300\" height=\"169\" src=\"https:\/\/meriller-vapeur.fr\/wp3\/wp-content\/uploads\/2022\/04\/20220416_153039-300x169.jpg\" class=\"attachment-medium size-medium\" alt=\"\" srcset=\"https:\/\/meriller-vapeur.fr\/wp3\/wp-content\/uploads\/2022\/04\/20220416_153039-300x169.jpg 300w, https:\/\/meriller-vapeur.fr\/wp3\/wp-content\/uploads\/2022\/04\/20220416_153039-1024x576.jpg 1024w, https:\/\/meriller-vapeur.fr\/wp3\/wp-content\/uploads\/2022\/04\/20220416_153039-768x432.jpg 768w, https:\/\/meriller-vapeur.fr\/wp3\/wp-content\/uploads\/2022\/04\/20220416_153039-1536x864.jpg 1536w, https:\/\/meriller-vapeur.fr\/wp3\/wp-content\/uploads\/2022\/04\/20220416_153039-660x371.jpg 660w, https:\/\/meriller-vapeur.fr\/wp3\/wp-content\/uploads\/2022\/04\/20220416_153039.jpg 1600w\" sizes=\"auto, (max-width: 300px) 100vw, 300px\" \/><\/a>\n\t\t\t<\/dt><\/dl><dl class='gallery-item'>\n\t\t\t<dt class='gallery-icon landscape'>\n\t\t\t\t<a href='https:\/\/meriller-vapeur.fr\/wp3\/?attachment_id=14081'><img loading=\"lazy\" decoding=\"async\" width=\"300\" height=\"169\" src=\"https:\/\/meriller-vapeur.fr\/wp3\/wp-content\/uploads\/2022\/04\/20220416_153716-300x169.jpg\" class=\"attachment-medium size-medium\" alt=\"\" srcset=\"https:\/\/meriller-vapeur.fr\/wp3\/wp-content\/uploads\/2022\/04\/20220416_153716-300x169.jpg 300w, https:\/\/meriller-vapeur.fr\/wp3\/wp-content\/uploads\/2022\/04\/20220416_153716-1024x576.jpg 1024w, https:\/\/meriller-vapeur.fr\/wp3\/wp-content\/uploads\/2022\/04\/20220416_153716-768x432.jpg 768w, https:\/\/meriller-vapeur.fr\/wp3\/wp-content\/uploads\/2022\/04\/20220416_153716-1536x864.jpg 1536w, https:\/\/meriller-vapeur.fr\/wp3\/wp-content\/uploads\/2022\/04\/20220416_153716-660x371.jpg 660w, https:\/\/meriller-vapeur.fr\/wp3\/wp-content\/uploads\/2022\/04\/20220416_153716.jpg 1600w\" sizes=\"auto, (max-width: 300px) 100vw, 300px\" \/><\/a>\n\t\t\t<\/dt><\/dl><br style=\"clear: both\" \/>\n\t\t<\/div>\n\n<p>&nbsp;<\/p>\n<p>&nbsp;<\/p>\n<p>&nbsp;<\/p>\n<hr \/>\n<pre>Page mise en ligne le 26\/04\/2022\r\nMise \u00e0 jour le 28\/04\/2022.<\/pre>\n<div class=\"pvc_clear\"><\/div>\n<p id=\"pvc_stats_14057\" class=\"pvc_stats all  \" data-element-id=\"14057\" style=\"\"><i class=\"pvc-stats-icon medium\" aria-hidden=\"true\"><svg aria-hidden=\"true\" focusable=\"false\" data-prefix=\"far\" data-icon=\"chart-bar\" role=\"img\" xmlns=\"http:\/\/www.w3.org\/2000\/svg\" viewBox=\"0 0 512 512\" class=\"svg-inline--fa fa-chart-bar fa-w-16 fa-2x\"><path fill=\"currentColor\" d=\"M396.8 352h22.4c6.4 0 12.8-6.4 12.8-12.8V108.8c0-6.4-6.4-12.8-12.8-12.8h-22.4c-6.4 0-12.8 6.4-12.8 12.8v230.4c0 6.4 6.4 12.8 12.8 12.8zm-192 0h22.4c6.4 0 12.8-6.4 12.8-12.8V140.8c0-6.4-6.4-12.8-12.8-12.8h-22.4c-6.4 0-12.8 6.4-12.8 12.8v198.4c0 6.4 6.4 12.8 12.8 12.8zm96 0h22.4c6.4 0 12.8-6.4 12.8-12.8V204.8c0-6.4-6.4-12.8-12.8-12.8h-22.4c-6.4 0-12.8 6.4-12.8 12.8v134.4c0 6.4 6.4 12.8 12.8 12.8zM496 400H48V80c0-8.84-7.16-16-16-16H16C7.16 64 0 71.16 0 80v336c0 17.67 14.33 32 32 32h464c8.84 0 16-7.16 16-16v-16c0-8.84-7.16-16-16-16zm-387.2-48h22.4c6.4 0 12.8-6.4 12.8-12.8v-70.4c0-6.4-6.4-12.8-12.8-12.8h-22.4c-6.4 0-12.8 6.4-12.8 12.8v70.4c0 6.4 6.4 12.8 12.8 12.8z\" class=\"\"><\/path><\/svg><\/i> <img loading=\"lazy\" decoding=\"async\" width=\"16\" height=\"16\" alt=\"Loading\" src=\"https:\/\/meriller-vapeur.fr\/wp3\/wp-content\/plugins\/page-views-count\/ajax-loader-2x.gif\" border=0 \/><\/p>\n<div class=\"pvc_clear\"><\/div>\n","protected":false},"excerpt":{"rendered":"<p>Nos amis du \u00a0Club N.C.P.C. de Neuvic sur L\u2019Isle 24190 Dordogne\u00a0ont organis\u00e9 pour le week-end \u00a0de P\u00e2ques une Expo de \u00ab\u00a0Petits trains\u00a0\u00bb au 1\/87 \u00e8me \u00e9voluant sur un circuit de 50 m\u00e8tres. Ce circuit est compos\u00e9 de 63 \u00ab\u00a0modulinos\u00a0\u00bb mis bout-\u00e0-bout, repr\u00e9sentant pour\u00a0 la plupart\u00a0un paysage r\u00e9el. Les \u00ab\u00a0Modulinos\u2019 (contraction de Module + Domino) sont\u2026 <span class=\"read-more\"><a href=\"https:\/\/meriller-vapeur.fr\/wp3\/?page_id=14057\">Read More &raquo;<\/a><\/span><\/p>\n<div class=\"pvc_clear\"><\/div>\n<p id=\"pvc_stats_14057\" class=\"pvc_stats all  \" data-element-id=\"14057\" style=\"\"><i class=\"pvc-stats-icon medium\" aria-hidden=\"true\"><svg aria-hidden=\"true\" focusable=\"false\" data-prefix=\"far\" data-icon=\"chart-bar\" role=\"img\" xmlns=\"http:\/\/www.w3.org\/2000\/svg\" viewBox=\"0 0 512 512\" class=\"svg-inline--fa fa-chart-bar fa-w-16 fa-2x\"><path fill=\"currentColor\" d=\"M396.8 352h22.4c6.4 0 12.8-6.4 12.8-12.8V108.8c0-6.4-6.4-12.8-12.8-12.8h-22.4c-6.4 0-12.8 6.4-12.8 12.8v230.4c0 6.4 6.4 12.8 12.8 12.8zm-192 0h22.4c6.4 0 12.8-6.4 12.8-12.8V140.8c0-6.4-6.4-12.8-12.8-12.8h-22.4c-6.4 0-12.8 6.4-12.8 12.8v198.4c0 6.4 6.4 12.8 12.8 12.8zm96 0h22.4c6.4 0 12.8-6.4 12.8-12.8V204.8c0-6.4-6.4-12.8-12.8-12.8h-22.4c-6.4 0-12.8 6.4-12.8 12.8v134.4c0 6.4 6.4 12.8 12.8 12.8zM496 400H48V80c0-8.84-7.16-16-16-16H16C7.16 64 0 71.16 0 80v336c0 17.67 14.33 32 32 32h464c8.84 0 16-7.16 16-16v-16c0-8.84-7.16-16-16-16zm-387.2-48h22.4c6.4 0 12.8-6.4 12.8-12.8v-70.4c0-6.4-6.4-12.8-12.8-12.8h-22.4c-6.4 0-12.8 6.4-12.8 12.8v70.4c0 6.4 6.4 12.8 12.8 12.8z\" class=\"\"><\/path><\/svg><\/i> <img loading=\"lazy\" decoding=\"async\" width=\"16\" height=\"16\" alt=\"Loading\" src=\"https:\/\/meriller-vapeur.fr\/wp3\/wp-content\/plugins\/page-views-count\/ajax-loader-2x.gif\" border=0 \/><\/p>\n<div class=\"pvc_clear\"><\/div>\n","protected":false},"author":1,"featured_media":0,"parent":0,"menu_order":0,"comment_status":"closed","ping_status":"closed","template":"page-templates\/full-width.php","meta":{"footnotes":""},"class_list":["post-14057","page","type-page","status-publish","hentry"],"a3_pvc":{"activated":true,"total_views":184,"today_views":0},"_links":{"self":[{"href":"https:\/\/meriller-vapeur.fr\/wp3\/index.php?rest_route=\/wp\/v2\/pages\/14057","targetHints":{"allow":["GET"]}}],"collection":[{"href":"https:\/\/meriller-vapeur.fr\/wp3\/index.php?rest_route=\/wp\/v2\/pages"}],"about":[{"href":"https:\/\/meriller-vapeur.fr\/wp3\/index.php?rest_route=\/wp\/v2\/types\/page"}],"author":[{"embeddable":true,"href":"https:\/\/meriller-vapeur.fr\/wp3\/index.php?rest_route=\/wp\/v2\/users\/1"}],"replies":[{"embeddable":true,"href":"https:\/\/meriller-vapeur.fr\/wp3\/index.php?rest_route=%2Fwp%2Fv2%2Fcomments&post=14057"}],"version-history":[{"count":0,"href":"https:\/\/meriller-vapeur.fr\/wp3\/index.php?rest_route=\/wp\/v2\/pages\/14057\/revisions"}],"wp:attachment":[{"href":"https:\/\/meriller-vapeur.fr\/wp3\/index.php?rest_route=%2Fwp%2Fv2%2Fmedia&parent=14057"}],"curies":[{"name":"wp","href":"https:\/\/api.w.org\/{rel}","templated":true}]}}