{"id":13914,"date":"2022-02-17T12:03:35","date_gmt":"2022-02-17T11:03:35","guid":{"rendered":"https:\/\/meriller-vapeur.fr\/wp3\/?page_id=13914"},"modified":"2022-06-19T15:10:32","modified_gmt":"2022-06-19T13:10:32","slug":"arrivee-de-la-voiture-ocem-c-9-plm-revue-de-presse","status":"publish","type":"page","link":"https:\/\/meriller-vapeur.fr\/wp3\/?page_id=13914","title":{"rendered":"Arriv\u00e9e de la voiture OCEM C 9 PLM  : REVUE DE PRESSE."},"content":{"rendered":"<p><a href=\"https:\/\/meriller-vapeur.fr\/wp3\/?page_id=13784\">&lt;&lt;&lt;&lt;&lt; RETOUR \u00e0 la PAGE DES PHOTOS.<\/a><\/p>\n<h3>\u2022 \u00a0<span style=\"text-decoration: underline;\">Voici les articles de presse, avec successivement :<\/span><\/h3>\n<p><strong>1\/ La DL :<\/strong><\/p>\n<p style=\"padding-left: 40px;\">\u00a0&#8211;\u00a0article <a href=\"https:\/\/meriller-vapeur.fr\/wp3\/wp-content\/uploads\/2022\/02\/DL-1-IMG_20220215_0001.pdf\" target=\"_blank\" rel=\"noopener\">\u00ab\u00a0Une voiture de train pour se restaurer\u00a0\u00bb<\/a><\/p>\n<p style=\"padding-left: 40px;\">\u00a0&#8211;\u00a0article <a href=\"https:\/\/meriller-vapeur.fr\/wp3\/wp-content\/uploads\/2022\/02\/DL-2-IMG_20220215_0002.pdf\" target=\"_blank\" rel=\"noopener\">\u00ab\u00a0La voiture-restaurant enfin livr\u00e9e \u00e0 Niversac\u00a0\u00bb<\/a><\/p>\n<p style=\"padding-left: 40px;\">\u00a0&#8211;\u00a0article <a href=\"https:\/\/meriller-vapeur.fr\/wp3\/wp-content\/uploads\/2022\/02\/DL-3-IMG_20220215_0001.pdf\" target=\"_blank\" rel=\"noopener\">\u00ab\u00a0Une presque centenaire \u00e0 Niversac\u00a0\u00bb<\/a><\/p>\n<p><strong>2\/ France Bleu P\u00e9rigord :<\/strong><\/p>\n<p style=\"padding-left: 40px;\">\u00a0&#8211;\u00a0article <a href=\"https:\/\/meriller-vapeur.fr\/wp3\/wp-content\/uploads\/2022\/02\/MARDI-15-FEVRIER-2022Un-futur-wagon-restaurant-Radio-Bleu-Perigord.pdf\" target=\"_blank\" rel=\"noopener\">\u00ab\u00a0MARDI 15 F\u00c9VRIER 2022 Un futur wagon-restaurant-France Bleu Perigord\u00a0\u00bb<\/a><\/p>\n<p><strong>3\/ Sud-Ouest :<\/strong><\/p>\n<p style=\"padding-left: 40px;\">\u00a0&#8211;\u00a0article <a href=\"https:\/\/meriller-vapeur.fr\/wp3\/wp-content\/uploads\/2022\/02\/SO-1-IMG_20220215_0002.pdf\" target=\"_blank\" rel=\"noopener\">\u00ab\u00a0Une voiture-restaurant en vue \u00e0 la gare de Niversac\u00a0\u00bb<\/a><\/p>\n<p style=\"padding-left: 40px;\">&#8211; article <a href=\"https:\/\/meriller-vapeur.fr\/wp3\/wp-content\/uploads\/2022\/02\/SO-2.pdf\" target=\"_blank\" rel=\"noopener\">\u00ab\u00a0Dordogne : en attendant la navette ferroviaire du Grand P\u00e9rigueux le 2 juillet 2022\u00a0\u00bb<\/a><\/p>\n<p style=\"padding-left: 40px;\">&#8211; article <a href=\"https:\/\/meriller-vapeur.fr\/wp3\/wp-content\/uploads\/2022\/02\/SUD-OUEST-une-voiture-restaurant-installee-a-la-gare-de-Niversac.pdf\" target=\"_blank\" rel=\"noopener\">\u00ab\u00a0Vid\u00e9o. Dordogne : une voiture- restaurant install\u00e9e \u00e0 la gare de Niversac\u00a0\u00bb.<\/a>\u00a0 Cette video est pr\u00e9sent\u00e9e ci-dessous :<\/p>\n<p style=\"text-align: center;\">\n<iframe loading=\"lazy\" title=\"YouTube video player\" src=\"https:\/\/www.youtube.com\/embed\/Xhg9uF2Tcd0\" width=\"560\" height=\"315\" frameborder=\"0\" allowfullscreen=\"allowfullscreen\"><\/iframe><\/p>\n<hr \/>\n<pre>Page mise \u00e0 jour le 19\/06\/2022<\/pre>\n<div class=\"pvc_clear\"><\/div>\n<p id=\"pvc_stats_13914\" class=\"pvc_stats all  \" data-element-id=\"13914\" style=\"\"><i class=\"pvc-stats-icon medium\" aria-hidden=\"true\"><svg aria-hidden=\"true\" focusable=\"false\" data-prefix=\"far\" data-icon=\"chart-bar\" role=\"img\" xmlns=\"http:\/\/www.w3.org\/2000\/svg\" viewBox=\"0 0 512 512\" class=\"svg-inline--fa fa-chart-bar fa-w-16 fa-2x\"><path fill=\"currentColor\" d=\"M396.8 352h22.4c6.4 0 12.8-6.4 12.8-12.8V108.8c0-6.4-6.4-12.8-12.8-12.8h-22.4c-6.4 0-12.8 6.4-12.8 12.8v230.4c0 6.4 6.4 12.8 12.8 12.8zm-192 0h22.4c6.4 0 12.8-6.4 12.8-12.8V140.8c0-6.4-6.4-12.8-12.8-12.8h-22.4c-6.4 0-12.8 6.4-12.8 12.8v198.4c0 6.4 6.4 12.8 12.8 12.8zm96 0h22.4c6.4 0 12.8-6.4 12.8-12.8V204.8c0-6.4-6.4-12.8-12.8-12.8h-22.4c-6.4 0-12.8 6.4-12.8 12.8v134.4c0 6.4 6.4 12.8 12.8 12.8zM496 400H48V80c0-8.84-7.16-16-16-16H16C7.16 64 0 71.16 0 80v336c0 17.67 14.33 32 32 32h464c8.84 0 16-7.16 16-16v-16c0-8.84-7.16-16-16-16zm-387.2-48h22.4c6.4 0 12.8-6.4 12.8-12.8v-70.4c0-6.4-6.4-12.8-12.8-12.8h-22.4c-6.4 0-12.8 6.4-12.8 12.8v70.4c0 6.4 6.4 12.8 12.8 12.8z\" class=\"\"><\/path><\/svg><\/i> <img loading=\"lazy\" decoding=\"async\" width=\"16\" height=\"16\" alt=\"Loading\" src=\"https:\/\/meriller-vapeur.fr\/wp3\/wp-content\/plugins\/page-views-count\/ajax-loader-2x.gif\" border=0 \/><\/p>\n<div class=\"pvc_clear\"><\/div>\n","protected":false},"excerpt":{"rendered":"<p>&lt;&lt;&lt;&lt;&lt; RETOUR \u00e0 la PAGE DES PHOTOS. \u2022 \u00a0Voici les articles de presse, avec successivement : 1\/ La DL : \u00a0&#8211;\u00a0article \u00ab\u00a0Une voiture de train pour se restaurer\u00a0\u00bb \u00a0&#8211;\u00a0article \u00ab\u00a0La voiture-restaurant enfin livr\u00e9e \u00e0 Niversac\u00a0\u00bb \u00a0&#8211;\u00a0article \u00ab\u00a0Une presque centenaire \u00e0 Niversac\u00a0\u00bb 2\/ France Bleu P\u00e9rigord : \u00a0&#8211;\u00a0article \u00ab\u00a0MARDI 15 F\u00c9VRIER 2022 Un futur wagon-restaurant-France Bleu\u2026 <span class=\"read-more\"><a href=\"https:\/\/meriller-vapeur.fr\/wp3\/?page_id=13914\">Read More &raquo;<\/a><\/span><\/p>\n<div class=\"pvc_clear\"><\/div>\n<p id=\"pvc_stats_13914\" class=\"pvc_stats all  \" data-element-id=\"13914\" style=\"\"><i class=\"pvc-stats-icon medium\" aria-hidden=\"true\"><svg aria-hidden=\"true\" focusable=\"false\" data-prefix=\"far\" data-icon=\"chart-bar\" role=\"img\" xmlns=\"http:\/\/www.w3.org\/2000\/svg\" viewBox=\"0 0 512 512\" class=\"svg-inline--fa fa-chart-bar fa-w-16 fa-2x\"><path fill=\"currentColor\" d=\"M396.8 352h22.4c6.4 0 12.8-6.4 12.8-12.8V108.8c0-6.4-6.4-12.8-12.8-12.8h-22.4c-6.4 0-12.8 6.4-12.8 12.8v230.4c0 6.4 6.4 12.8 12.8 12.8zm-192 0h22.4c6.4 0 12.8-6.4 12.8-12.8V140.8c0-6.4-6.4-12.8-12.8-12.8h-22.4c-6.4 0-12.8 6.4-12.8 12.8v198.4c0 6.4 6.4 12.8 12.8 12.8zm96 0h22.4c6.4 0 12.8-6.4 12.8-12.8V204.8c0-6.4-6.4-12.8-12.8-12.8h-22.4c-6.4 0-12.8 6.4-12.8 12.8v134.4c0 6.4 6.4 12.8 12.8 12.8zM496 400H48V80c0-8.84-7.16-16-16-16H16C7.16 64 0 71.16 0 80v336c0 17.67 14.33 32 32 32h464c8.84 0 16-7.16 16-16v-16c0-8.84-7.16-16-16-16zm-387.2-48h22.4c6.4 0 12.8-6.4 12.8-12.8v-70.4c0-6.4-6.4-12.8-12.8-12.8h-22.4c-6.4 0-12.8 6.4-12.8 12.8v70.4c0 6.4 6.4 12.8 12.8 12.8z\" class=\"\"><\/path><\/svg><\/i> <img loading=\"lazy\" decoding=\"async\" width=\"16\" height=\"16\" alt=\"Loading\" src=\"https:\/\/meriller-vapeur.fr\/wp3\/wp-content\/plugins\/page-views-count\/ajax-loader-2x.gif\" border=0 \/><\/p>\n<div class=\"pvc_clear\"><\/div>\n","protected":false},"author":1,"featured_media":0,"parent":0,"menu_order":0,"comment_status":"closed","ping_status":"closed","template":"page-templates\/full-width.php","meta":{"footnotes":""},"class_list":["post-13914","page","type-page","status-publish","hentry"],"a3_pvc":{"activated":true,"total_views":47,"today_views":0},"_links":{"self":[{"href":"https:\/\/meriller-vapeur.fr\/wp3\/index.php?rest_route=\/wp\/v2\/pages\/13914","targetHints":{"allow":["GET"]}}],"collection":[{"href":"https:\/\/meriller-vapeur.fr\/wp3\/index.php?rest_route=\/wp\/v2\/pages"}],"about":[{"href":"https:\/\/meriller-vapeur.fr\/wp3\/index.php?rest_route=\/wp\/v2\/types\/page"}],"author":[{"embeddable":true,"href":"https:\/\/meriller-vapeur.fr\/wp3\/index.php?rest_route=\/wp\/v2\/users\/1"}],"replies":[{"embeddable":true,"href":"https:\/\/meriller-vapeur.fr\/wp3\/index.php?rest_route=%2Fwp%2Fv2%2Fcomments&post=13914"}],"version-history":[{"count":0,"href":"https:\/\/meriller-vapeur.fr\/wp3\/index.php?rest_route=\/wp\/v2\/pages\/13914\/revisions"}],"wp:attachment":[{"href":"https:\/\/meriller-vapeur.fr\/wp3\/index.php?rest_route=%2Fwp%2Fv2%2Fmedia&parent=13914"}],"curies":[{"name":"wp","href":"https:\/\/api.w.org\/{rel}","templated":true}]}}