{"id":139,"date":"2013-06-25T16:55:26","date_gmt":"2013-06-25T14:55:26","guid":{"rendered":"http:\/\/meriller-vapeur.fr\/wp3\/?page_id=139"},"modified":"2020-01-28T09:45:58","modified_gmt":"2020-01-28T08:45:58","slug":"activites","status":"publish","type":"page","link":"https:\/\/meriller-vapeur.fr\/wp3\/?page_id=139","title":{"rendered":"Activit\u00e9s"},"content":{"rendered":"<h2><em>Le Club Meriller-Vapeur 24 en Dordogne s&rsquo;organise autour de plusieurs activit\u00e9s :<\/em><\/h2>\n<ul>\n<li><strong>Am\u00e9nagement du Site de NIVERSAC<\/strong> situ\u00e9 dans l\u2019emprise de la <a href=\"https:\/\/meriller-vapeur.fr\/wp3\/?page_id=10141\">Gare de Niversa<\/a><a href=\"https:\/\/goo.gl\/maps\/kUPJBuPM3afH8CVj6\" target=\"_blank\" rel=\"noopener noreferrer\">c<\/a>, non loin de\u00a0P\u00e9rigueux en Dordogne.<\/li>\n<li><strong>Entretien et embellissement du rond-point de M\u00e9riller\u00a0<\/strong>sur la route de Bordeaux o\u00f9 est expos\u00e9e une locomotive \u00e0 vapeur de type D\u00e9capod la 150 A 65. C&rsquo;est dans cette optique que la <a title=\"TENDER reconstruction.\" href=\"http:\/\/meriller-vapeur.fr\/wp3\/?page_id=179\">reconstruction d&rsquo;un TENDER<\/a> a mobilis\u00e9 les \u00e9nergies depuis 2011.<\/li>\n<li><strong>Participation \u00e0 <a title=\"EXPOSITIONS\u00a0: calendrier\" href=\"http:\/\/meriller-vapeur.fr\/wp3\/?page_id=182\">des expositions locales ou r\u00e9gionales<\/a><\/strong>,\u00a0ou les organiser afin de faire conna\u00eetre le Club, de montrer ses activit\u00e9s au public et susciter de nouvelles vocations parmi les jeunes ou les moins jeunes.<br \/>\nEgalement, diffusion des <a title=\"EXPOSITIONS\u00a0: les photos.\" href=\"http:\/\/meriller-vapeur.fr\/wp3\/?page_id=263\">reportages photographiques r\u00e9alis\u00e9s sur ces expositions<\/a>.<\/li>\n<li><strong>Construction<\/strong>, assur\u00e9e par la <a href=\"http:\/\/meriller-vapeur.fr\/wp3\/?page_id=1848\">Section Mod\u00e9lisme<\/a>, d&rsquo;un <em>r\u00e9seau fixe dans les locaux de l&rsquo;Association<\/em>, et de plusieurs r\u00e9seaux d\u00e9montables pr\u00e9sent\u00e9s aux expositions, ainsi que quelques dioramas.<\/li>\n<li><strong>R\u00e9cup\u00e9ration et classement d&rsquo;archives<\/strong>\u00a0pour conserver les traces de l&rsquo;activit\u00e9 ferroviaire de la r\u00e9gion et contribuer ainsi \u00e0 la sauvegarde de ce patrimoine industriel important.<\/li>\n<\/ul>\n<pre>Page mise \u00e0 jour le 28-01-2020<\/pre>\n<div class=\"pvc_clear\"><\/div>\n<p id=\"pvc_stats_139\" class=\"pvc_stats all  \" data-element-id=\"139\" style=\"\"><i class=\"pvc-stats-icon medium\" aria-hidden=\"true\"><svg aria-hidden=\"true\" focusable=\"false\" data-prefix=\"far\" data-icon=\"chart-bar\" role=\"img\" xmlns=\"http:\/\/www.w3.org\/2000\/svg\" viewBox=\"0 0 512 512\" class=\"svg-inline--fa fa-chart-bar fa-w-16 fa-2x\"><path fill=\"currentColor\" d=\"M396.8 352h22.4c6.4 0 12.8-6.4 12.8-12.8V108.8c0-6.4-6.4-12.8-12.8-12.8h-22.4c-6.4 0-12.8 6.4-12.8 12.8v230.4c0 6.4 6.4 12.8 12.8 12.8zm-192 0h22.4c6.4 0 12.8-6.4 12.8-12.8V140.8c0-6.4-6.4-12.8-12.8-12.8h-22.4c-6.4 0-12.8 6.4-12.8 12.8v198.4c0 6.4 6.4 12.8 12.8 12.8zm96 0h22.4c6.4 0 12.8-6.4 12.8-12.8V204.8c0-6.4-6.4-12.8-12.8-12.8h-22.4c-6.4 0-12.8 6.4-12.8 12.8v134.4c0 6.4 6.4 12.8 12.8 12.8zM496 400H48V80c0-8.84-7.16-16-16-16H16C7.16 64 0 71.16 0 80v336c0 17.67 14.33 32 32 32h464c8.84 0 16-7.16 16-16v-16c0-8.84-7.16-16-16-16zm-387.2-48h22.4c6.4 0 12.8-6.4 12.8-12.8v-70.4c0-6.4-6.4-12.8-12.8-12.8h-22.4c-6.4 0-12.8 6.4-12.8 12.8v70.4c0 6.4 6.4 12.8 12.8 12.8z\" class=\"\"><\/path><\/svg><\/i> <img loading=\"lazy\" decoding=\"async\" width=\"16\" height=\"16\" alt=\"Loading\" src=\"https:\/\/meriller-vapeur.fr\/wp3\/wp-content\/plugins\/page-views-count\/ajax-loader-2x.gif\" border=0 \/><\/p>\n<div class=\"pvc_clear\"><\/div>\n","protected":false},"excerpt":{"rendered":"<p>Le Club Meriller-Vapeur 24 en Dordogne s&rsquo;organise autour de plusieurs activit\u00e9s : Am\u00e9nagement du Site de NIVERSAC situ\u00e9 dans l\u2019emprise de la Gare de Niversac, non loin de\u00a0P\u00e9rigueux en Dordogne. Entretien et embellissement du rond-point de M\u00e9riller\u00a0sur la route de Bordeaux o\u00f9 est expos\u00e9e une locomotive \u00e0 vapeur de type D\u00e9capod la 150 A 65.\u2026 <span class=\"read-more\"><a href=\"https:\/\/meriller-vapeur.fr\/wp3\/?page_id=139\">Read More &raquo;<\/a><\/span><\/p>\n<div class=\"pvc_clear\"><\/div>\n<p id=\"pvc_stats_139\" class=\"pvc_stats all  \" data-element-id=\"139\" style=\"\"><i class=\"pvc-stats-icon medium\" aria-hidden=\"true\"><svg aria-hidden=\"true\" focusable=\"false\" data-prefix=\"far\" data-icon=\"chart-bar\" role=\"img\" xmlns=\"http:\/\/www.w3.org\/2000\/svg\" viewBox=\"0 0 512 512\" class=\"svg-inline--fa fa-chart-bar fa-w-16 fa-2x\"><path fill=\"currentColor\" d=\"M396.8 352h22.4c6.4 0 12.8-6.4 12.8-12.8V108.8c0-6.4-6.4-12.8-12.8-12.8h-22.4c-6.4 0-12.8 6.4-12.8 12.8v230.4c0 6.4 6.4 12.8 12.8 12.8zm-192 0h22.4c6.4 0 12.8-6.4 12.8-12.8V140.8c0-6.4-6.4-12.8-12.8-12.8h-22.4c-6.4 0-12.8 6.4-12.8 12.8v198.4c0 6.4 6.4 12.8 12.8 12.8zm96 0h22.4c6.4 0 12.8-6.4 12.8-12.8V204.8c0-6.4-6.4-12.8-12.8-12.8h-22.4c-6.4 0-12.8 6.4-12.8 12.8v134.4c0 6.4 6.4 12.8 12.8 12.8zM496 400H48V80c0-8.84-7.16-16-16-16H16C7.16 64 0 71.16 0 80v336c0 17.67 14.33 32 32 32h464c8.84 0 16-7.16 16-16v-16c0-8.84-7.16-16-16-16zm-387.2-48h22.4c6.4 0 12.8-6.4 12.8-12.8v-70.4c0-6.4-6.4-12.8-12.8-12.8h-22.4c-6.4 0-12.8 6.4-12.8 12.8v70.4c0 6.4 6.4 12.8 12.8 12.8z\" class=\"\"><\/path><\/svg><\/i> <img loading=\"lazy\" decoding=\"async\" width=\"16\" height=\"16\" alt=\"Loading\" src=\"https:\/\/meriller-vapeur.fr\/wp3\/wp-content\/plugins\/page-views-count\/ajax-loader-2x.gif\" border=0 \/><\/p>\n<div class=\"pvc_clear\"><\/div>\n","protected":false},"author":1,"featured_media":0,"parent":0,"menu_order":0,"comment_status":"open","ping_status":"open","template":"","meta":{"footnotes":""},"class_list":["post-139","page","type-page","status-publish","hentry"],"a3_pvc":{"activated":true,"total_views":2540,"today_views":0},"_links":{"self":[{"href":"https:\/\/meriller-vapeur.fr\/wp3\/index.php?rest_route=\/wp\/v2\/pages\/139","targetHints":{"allow":["GET"]}}],"collection":[{"href":"https:\/\/meriller-vapeur.fr\/wp3\/index.php?rest_route=\/wp\/v2\/pages"}],"about":[{"href":"https:\/\/meriller-vapeur.fr\/wp3\/index.php?rest_route=\/wp\/v2\/types\/page"}],"author":[{"embeddable":true,"href":"https:\/\/meriller-vapeur.fr\/wp3\/index.php?rest_route=\/wp\/v2\/users\/1"}],"replies":[{"embeddable":true,"href":"https:\/\/meriller-vapeur.fr\/wp3\/index.php?rest_route=%2Fwp%2Fv2%2Fcomments&post=139"}],"version-history":[{"count":0,"href":"https:\/\/meriller-vapeur.fr\/wp3\/index.php?rest_route=\/wp\/v2\/pages\/139\/revisions"}],"wp:attachment":[{"href":"https:\/\/meriller-vapeur.fr\/wp3\/index.php?rest_route=%2Fwp%2Fv2%2Fmedia&parent=139"}],"curies":[{"name":"wp","href":"https:\/\/api.w.org\/{rel}","templated":true}]}}