{"id":13722,"date":"2022-01-30T20:39:27","date_gmt":"2022-01-30T19:39:27","guid":{"rendered":"https:\/\/meriller-vapeur.fr\/wp3\/?page_id=13722"},"modified":"2022-02-01T15:55:48","modified_gmt":"2022-02-01T14:55:48","slug":"assemblee-generale-de-janvier-2022-le","status":"publish","type":"page","link":"https:\/\/meriller-vapeur.fr\/wp3\/?page_id=13722","title":{"rendered":"ASSEMBL\u00c9E G\u00c9N\u00c9RALE DE JANVIER 2022."},"content":{"rendered":"<p style=\"text-align: justify;\">Notre Assembl\u00e9e g\u00e9n\u00e9rale 2022 s\u2019est d\u00e9roul\u00e9e comme pr\u00e9vue le 17 janvier 2022 \u00e0 la Salle G\u00e9rard Philippe de Coulounieix-Chamiers de dix heures \u00e0 midi.<\/p>\n<p style=\"text-align: justify;\">Vous trouverez ci dessous les photos et les liens vers le CR de cette assembl\u00e9e, ainsi que les articles de presse.<\/p>\n<p style=\"text-align: justify;\">Nous remercions de leur pr\u00e9sence les Elus : Arlette ESCLAFFER repr\u00e9sentant Thierry CIPIERRE \u00a0Maire de Coulounieix-Chamiers , ainsi que Mireille VOLPATO repr\u00e9sentant Germinal PEIRO Pr\u00e9sident du Conseil D\u00e9partemental\u00a0 et Fr\u00e9d\u00e9ric \u00a0VEZIGNOL repr\u00e9sentant Jacques AUZOU Maire de Boulazac-Isle-Manoire.<\/p>\n<p style=\"text-align: justify;\">Les repr\u00e9sentants de la Presse ont \u00e9galement rendu compte de notre r\u00e9union, qu\u2019ils en soient aussi remerci\u00e9s<\/p>\n<p>Voir les articles joints, \u00a0<a href=\"https:\/\/meriller-vapeur.fr\/wp3\/wp-content\/uploads\/2022\/01\/AG-2022-S-O-IMG_20220129_0001.pdf\" target=\"_blank\" rel=\"noopener\">&gt;&gt;&gt;&gt;&gt; Sud-Ouest<\/a> et \u00a0<a href=\"https:\/\/meriller-vapeur.fr\/wp3\/wp-content\/uploads\/2022\/01\/AG-2022-DL-IMG_20220128_0001.pdf\" target=\"_blank\" rel=\"noopener\">&gt;&gt;&gt;&gt;&gt;la Dordogne Libre<\/a>.<\/p>\n<p>Le Compte rendu de l\u2019AG est <a href=\"https:\/\/meriller-vapeur.fr\/wp3\/wp-content\/uploads\/2022\/01\/PV-de-lAG-janvier-2022.pdf\" target=\"_blank\" rel=\"noopener\">&gt;&gt;&gt;&gt;&gt;&gt;&gt;&gt;&gt;&gt;&gt;&gt;&gt;ICI<\/a>.<\/p>\n<p>Voici quelques photos prises par nos vaillants reporters habituels, Roger Marouby et Alain Hucher.<\/p>\n\n\t\t<style type=\"text\/css\">\n\t\t\t#gallery-1 {\n\t\t\t\tmargin: auto;\n\t\t\t}\n\t\t\t#gallery-1 .gallery-item {\n\t\t\t\tfloat: left;\n\t\t\t\tmargin-top: 10px;\n\t\t\t\ttext-align: center;\n\t\t\t\twidth: 50%;\n\t\t\t}\n\t\t\t#gallery-1 img {\n\t\t\t\tborder: 2px solid #cfcfcf;\n\t\t\t}\n\t\t\t#gallery-1 .gallery-caption {\n\t\t\t\tmargin-left: 0;\n\t\t\t}\n\t\t\t\/* see gallery_shortcode() in wp-includes\/media.php *\/\n\t\t<\/style>\n\t\t<div id='gallery-1' class='gallery galleryid-13722 gallery-columns-2 gallery-size-large'><dl class='gallery-item'>\n\t\t\t<dt class='gallery-icon landscape'>\n\t\t\t\t<a href='https:\/\/meriller-vapeur.fr\/wp3\/?attachment_id=13730'><img loading=\"lazy\" decoding=\"async\" width=\"665\" height=\"440\" src=\"https:\/\/meriller-vapeur.fr\/wp3\/wp-content\/uploads\/2022\/01\/AG-20022-imgp-2001-1024x678.jpg\" class=\"attachment-large size-large\" alt=\"\" srcset=\"https:\/\/meriller-vapeur.fr\/wp3\/wp-content\/uploads\/2022\/01\/AG-20022-imgp-2001-1024x678.jpg 1024w, https:\/\/meriller-vapeur.fr\/wp3\/wp-content\/uploads\/2022\/01\/AG-20022-imgp-2001-300x199.jpg 300w, https:\/\/meriller-vapeur.fr\/wp3\/wp-content\/uploads\/2022\/01\/AG-20022-imgp-2001-768x509.jpg 768w, https:\/\/meriller-vapeur.fr\/wp3\/wp-content\/uploads\/2022\/01\/AG-20022-imgp-2001-1536x1018.jpg 1536w, https:\/\/meriller-vapeur.fr\/wp3\/wp-content\/uploads\/2022\/01\/AG-20022-imgp-2001-660x437.jpg 660w, https:\/\/meriller-vapeur.fr\/wp3\/wp-content\/uploads\/2022\/01\/AG-20022-imgp-2001.jpg 1600w\" sizes=\"auto, (max-width: 665px) 100vw, 665px\" \/><\/a>\n\t\t\t<\/dt><\/dl><dl class='gallery-item'>\n\t\t\t<dt class='gallery-icon landscape'>\n\t\t\t\t<a href='https:\/\/meriller-vapeur.fr\/wp3\/?attachment_id=13731'><img loading=\"lazy\" decoding=\"async\" width=\"665\" height=\"440\" src=\"https:\/\/meriller-vapeur.fr\/wp3\/wp-content\/uploads\/2022\/01\/AG-20022-imgp-2002-1024x678.jpg\" class=\"attachment-large size-large\" alt=\"\" srcset=\"https:\/\/meriller-vapeur.fr\/wp3\/wp-content\/uploads\/2022\/01\/AG-20022-imgp-2002-1024x678.jpg 1024w, https:\/\/meriller-vapeur.fr\/wp3\/wp-content\/uploads\/2022\/01\/AG-20022-imgp-2002-300x199.jpg 300w, https:\/\/meriller-vapeur.fr\/wp3\/wp-content\/uploads\/2022\/01\/AG-20022-imgp-2002-768x509.jpg 768w, https:\/\/meriller-vapeur.fr\/wp3\/wp-content\/uploads\/2022\/01\/AG-20022-imgp-2002-1536x1018.jpg 1536w, https:\/\/meriller-vapeur.fr\/wp3\/wp-content\/uploads\/2022\/01\/AG-20022-imgp-2002-660x437.jpg 660w, https:\/\/meriller-vapeur.fr\/wp3\/wp-content\/uploads\/2022\/01\/AG-20022-imgp-2002.jpg 1600w\" sizes=\"auto, (max-width: 665px) 100vw, 665px\" \/><\/a>\n\t\t\t<\/dt><\/dl><br style=\"clear: both\" \/><dl class='gallery-item'>\n\t\t\t<dt class='gallery-icon landscape'>\n\t\t\t\t<a href='https:\/\/meriller-vapeur.fr\/wp3\/?attachment_id=13732'><img loading=\"lazy\" decoding=\"async\" width=\"665\" height=\"440\" src=\"https:\/\/meriller-vapeur.fr\/wp3\/wp-content\/uploads\/2022\/01\/AG-20022-imgp-2003-1024x678.jpg\" class=\"attachment-large size-large\" alt=\"\" srcset=\"https:\/\/meriller-vapeur.fr\/wp3\/wp-content\/uploads\/2022\/01\/AG-20022-imgp-2003-1024x678.jpg 1024w, https:\/\/meriller-vapeur.fr\/wp3\/wp-content\/uploads\/2022\/01\/AG-20022-imgp-2003-300x199.jpg 300w, https:\/\/meriller-vapeur.fr\/wp3\/wp-content\/uploads\/2022\/01\/AG-20022-imgp-2003-768x509.jpg 768w, https:\/\/meriller-vapeur.fr\/wp3\/wp-content\/uploads\/2022\/01\/AG-20022-imgp-2003-1536x1018.jpg 1536w, https:\/\/meriller-vapeur.fr\/wp3\/wp-content\/uploads\/2022\/01\/AG-20022-imgp-2003-660x437.jpg 660w, https:\/\/meriller-vapeur.fr\/wp3\/wp-content\/uploads\/2022\/01\/AG-20022-imgp-2003.jpg 1600w\" sizes=\"auto, (max-width: 665px) 100vw, 665px\" \/><\/a>\n\t\t\t<\/dt><\/dl><dl class='gallery-item'>\n\t\t\t<dt class='gallery-icon landscape'>\n\t\t\t\t<a href='https:\/\/meriller-vapeur.fr\/wp3\/?attachment_id=13734'><img loading=\"lazy\" decoding=\"async\" width=\"665\" height=\"440\" src=\"https:\/\/meriller-vapeur.fr\/wp3\/wp-content\/uploads\/2022\/01\/AG-20022-imgp-2005-1024x678.jpg\" class=\"attachment-large size-large\" alt=\"\" aria-describedby=\"gallery-1-13734\" srcset=\"https:\/\/meriller-vapeur.fr\/wp3\/wp-content\/uploads\/2022\/01\/AG-20022-imgp-2005-1024x678.jpg 1024w, https:\/\/meriller-vapeur.fr\/wp3\/wp-content\/uploads\/2022\/01\/AG-20022-imgp-2005-300x199.jpg 300w, https:\/\/meriller-vapeur.fr\/wp3\/wp-content\/uploads\/2022\/01\/AG-20022-imgp-2005-768x509.jpg 768w, https:\/\/meriller-vapeur.fr\/wp3\/wp-content\/uploads\/2022\/01\/AG-20022-imgp-2005-1536x1018.jpg 1536w, https:\/\/meriller-vapeur.fr\/wp3\/wp-content\/uploads\/2022\/01\/AG-20022-imgp-2005-660x437.jpg 660w, https:\/\/meriller-vapeur.fr\/wp3\/wp-content\/uploads\/2022\/01\/AG-20022-imgp-2005.jpg 1600w\" sizes=\"auto, (max-width: 665px) 100vw, 665px\" \/><\/a>\n\t\t\t<\/dt>\n\t\t\t\t<dd class='wp-caption-text gallery-caption' id='gallery-1-13734'>\n\t\t\t\tLes membres du Bureau MV24\n\t\t\t\t<\/dd><\/dl><br style=\"clear: both\" \/><dl class='gallery-item'>\n\t\t\t<dt class='gallery-icon landscape'>\n\t\t\t\t<a href='https:\/\/meriller-vapeur.fr\/wp3\/?attachment_id=13736'><img loading=\"lazy\" decoding=\"async\" width=\"665\" height=\"444\" src=\"https:\/\/meriller-vapeur.fr\/wp3\/wp-content\/uploads\/2022\/01\/AG-MV-24-22-01-22-IMG_1083-1024x684.jpg\" class=\"attachment-large size-large\" alt=\"\" srcset=\"https:\/\/meriller-vapeur.fr\/wp3\/wp-content\/uploads\/2022\/01\/AG-MV-24-22-01-22-IMG_1083-1024x684.jpg 1024w, https:\/\/meriller-vapeur.fr\/wp3\/wp-content\/uploads\/2022\/01\/AG-MV-24-22-01-22-IMG_1083-300x200.jpg 300w, https:\/\/meriller-vapeur.fr\/wp3\/wp-content\/uploads\/2022\/01\/AG-MV-24-22-01-22-IMG_1083-768x513.jpg 768w, https:\/\/meriller-vapeur.fr\/wp3\/wp-content\/uploads\/2022\/01\/AG-MV-24-22-01-22-IMG_1083-1536x1026.jpg 1536w, https:\/\/meriller-vapeur.fr\/wp3\/wp-content\/uploads\/2022\/01\/AG-MV-24-22-01-22-IMG_1083-660x441.jpg 660w, https:\/\/meriller-vapeur.fr\/wp3\/wp-content\/uploads\/2022\/01\/AG-MV-24-22-01-22-IMG_1083.jpg 1600w\" sizes=\"auto, (max-width: 665px) 100vw, 665px\" \/><\/a>\n\t\t\t<\/dt><\/dl><dl class='gallery-item'>\n\t\t\t<dt class='gallery-icon landscape'>\n\t\t\t\t<a href='https:\/\/meriller-vapeur.fr\/wp3\/?attachment_id=13738'><img loading=\"lazy\" decoding=\"async\" width=\"665\" height=\"444\" src=\"https:\/\/meriller-vapeur.fr\/wp3\/wp-content\/uploads\/2022\/01\/AG-MV24-22-01-22-1er-Plan-Arlette-ESCLAFFER-representant-Thierry-CIPIERRE-et-Patrice-TILLARD-IMG_1081-1024x684.jpg\" class=\"attachment-large size-large\" alt=\"\" aria-describedby=\"gallery-1-13738\" srcset=\"https:\/\/meriller-vapeur.fr\/wp3\/wp-content\/uploads\/2022\/01\/AG-MV24-22-01-22-1er-Plan-Arlette-ESCLAFFER-representant-Thierry-CIPIERRE-et-Patrice-TILLARD-IMG_1081-1024x684.jpg 1024w, https:\/\/meriller-vapeur.fr\/wp3\/wp-content\/uploads\/2022\/01\/AG-MV24-22-01-22-1er-Plan-Arlette-ESCLAFFER-representant-Thierry-CIPIERRE-et-Patrice-TILLARD-IMG_1081-300x200.jpg 300w, https:\/\/meriller-vapeur.fr\/wp3\/wp-content\/uploads\/2022\/01\/AG-MV24-22-01-22-1er-Plan-Arlette-ESCLAFFER-representant-Thierry-CIPIERRE-et-Patrice-TILLARD-IMG_1081-768x513.jpg 768w, https:\/\/meriller-vapeur.fr\/wp3\/wp-content\/uploads\/2022\/01\/AG-MV24-22-01-22-1er-Plan-Arlette-ESCLAFFER-representant-Thierry-CIPIERRE-et-Patrice-TILLARD-IMG_1081-1536x1026.jpg 1536w, https:\/\/meriller-vapeur.fr\/wp3\/wp-content\/uploads\/2022\/01\/AG-MV24-22-01-22-1er-Plan-Arlette-ESCLAFFER-representant-Thierry-CIPIERRE-et-Patrice-TILLARD-IMG_1081-660x441.jpg 660w, https:\/\/meriller-vapeur.fr\/wp3\/wp-content\/uploads\/2022\/01\/AG-MV24-22-01-22-1er-Plan-Arlette-ESCLAFFER-representant-Thierry-CIPIERRE-et-Patrice-TILLARD-IMG_1081.jpg 1600w\" sizes=\"auto, (max-width: 665px) 100vw, 665px\" \/><\/a>\n\t\t\t<\/dt>\n\t\t\t\t<dd class='wp-caption-text gallery-caption' id='gallery-1-13738'>\n\t\t\t\tAu 1er Plan : Arlette ESCLAFFER repr\u00e9sentant Thierry CIPIERRE et Patrice TILLARD.\n\t\t\t\t<\/dd><\/dl><br style=\"clear: both\" \/><dl class='gallery-item'>\n\t\t\t<dt class='gallery-icon landscape'>\n\t\t\t\t<a href='https:\/\/meriller-vapeur.fr\/wp3\/?attachment_id=13740'><img loading=\"lazy\" decoding=\"async\" width=\"665\" height=\"444\" src=\"https:\/\/meriller-vapeur.fr\/wp3\/wp-content\/uploads\/2022\/01\/AG-MV24-22-01-22-C.-ROUMAGOUS-Journal-S.O-F.-VEZIGNOL-represenrant-J.-AUZOU-Maire-de-B.I.M-M.-VOLPATO-representant-G.-PERO-Pdt-CD-24-Arriere-plan-ADHERENTS-MV-IMG_1086-1024x684.jpg\" class=\"attachment-large size-large\" alt=\"\" aria-describedby=\"gallery-1-13740\" srcset=\"https:\/\/meriller-vapeur.fr\/wp3\/wp-content\/uploads\/2022\/01\/AG-MV24-22-01-22-C.-ROUMAGOUS-Journal-S.O-F.-VEZIGNOL-represenrant-J.-AUZOU-Maire-de-B.I.M-M.-VOLPATO-representant-G.-PERO-Pdt-CD-24-Arriere-plan-ADHERENTS-MV-IMG_1086-1024x684.jpg 1024w, https:\/\/meriller-vapeur.fr\/wp3\/wp-content\/uploads\/2022\/01\/AG-MV24-22-01-22-C.-ROUMAGOUS-Journal-S.O-F.-VEZIGNOL-represenrant-J.-AUZOU-Maire-de-B.I.M-M.-VOLPATO-representant-G.-PERO-Pdt-CD-24-Arriere-plan-ADHERENTS-MV-IMG_1086-300x200.jpg 300w, https:\/\/meriller-vapeur.fr\/wp3\/wp-content\/uploads\/2022\/01\/AG-MV24-22-01-22-C.-ROUMAGOUS-Journal-S.O-F.-VEZIGNOL-represenrant-J.-AUZOU-Maire-de-B.I.M-M.-VOLPATO-representant-G.-PERO-Pdt-CD-24-Arriere-plan-ADHERENTS-MV-IMG_1086-768x513.jpg 768w, https:\/\/meriller-vapeur.fr\/wp3\/wp-content\/uploads\/2022\/01\/AG-MV24-22-01-22-C.-ROUMAGOUS-Journal-S.O-F.-VEZIGNOL-represenrant-J.-AUZOU-Maire-de-B.I.M-M.-VOLPATO-representant-G.-PERO-Pdt-CD-24-Arriere-plan-ADHERENTS-MV-IMG_1086-1536x1026.jpg 1536w, https:\/\/meriller-vapeur.fr\/wp3\/wp-content\/uploads\/2022\/01\/AG-MV24-22-01-22-C.-ROUMAGOUS-Journal-S.O-F.-VEZIGNOL-represenrant-J.-AUZOU-Maire-de-B.I.M-M.-VOLPATO-representant-G.-PERO-Pdt-CD-24-Arriere-plan-ADHERENTS-MV-IMG_1086-660x441.jpg 660w, https:\/\/meriller-vapeur.fr\/wp3\/wp-content\/uploads\/2022\/01\/AG-MV24-22-01-22-C.-ROUMAGOUS-Journal-S.O-F.-VEZIGNOL-represenrant-J.-AUZOU-Maire-de-B.I.M-M.-VOLPATO-representant-G.-PERO-Pdt-CD-24-Arriere-plan-ADHERENTS-MV-IMG_1086.jpg 1600w\" sizes=\"auto, (max-width: 665px) 100vw, 665px\" \/><\/a>\n\t\t\t<\/dt>\n\t\t\t\t<dd class='wp-caption-text gallery-caption' id='gallery-1-13740'>\n\t\t\t\tC. ROUMAGOUS Journal S.O. &#8211;   F. VEZIGNOL repr\u00e9senrant J. AUZOU Maire de B.I.M &#8211;  M. VOLPATO repr\u00e9sentant G. PEIRO Pdt CD 24 &#8211; Arri\u00e8re plan ADHERENTS MV 24\n\t\t\t\t<\/dd><\/dl><dl class='gallery-item'>\n\t\t\t<dt class='gallery-icon landscape'>\n\t\t\t\t<a href='https:\/\/meriller-vapeur.fr\/wp3\/?attachment_id=13742'><img loading=\"lazy\" decoding=\"async\" width=\"665\" height=\"444\" src=\"https:\/\/meriller-vapeur.fr\/wp3\/wp-content\/uploads\/2022\/01\/AG-MV24-22-01-22-IMG_1079-1024x684.jpg\" class=\"attachment-large size-large\" alt=\"\" srcset=\"https:\/\/meriller-vapeur.fr\/wp3\/wp-content\/uploads\/2022\/01\/AG-MV24-22-01-22-IMG_1079-1024x684.jpg 1024w, https:\/\/meriller-vapeur.fr\/wp3\/wp-content\/uploads\/2022\/01\/AG-MV24-22-01-22-IMG_1079-300x200.jpg 300w, https:\/\/meriller-vapeur.fr\/wp3\/wp-content\/uploads\/2022\/01\/AG-MV24-22-01-22-IMG_1079-768x513.jpg 768w, https:\/\/meriller-vapeur.fr\/wp3\/wp-content\/uploads\/2022\/01\/AG-MV24-22-01-22-IMG_1079-1536x1026.jpg 1536w, https:\/\/meriller-vapeur.fr\/wp3\/wp-content\/uploads\/2022\/01\/AG-MV24-22-01-22-IMG_1079-660x441.jpg 660w, https:\/\/meriller-vapeur.fr\/wp3\/wp-content\/uploads\/2022\/01\/AG-MV24-22-01-22-IMG_1079.jpg 1600w\" sizes=\"auto, (max-width: 665px) 100vw, 665px\" \/><\/a>\n\t\t\t<\/dt><\/dl><br style=\"clear: both\" \/><dl class='gallery-item'>\n\t\t\t<dt class='gallery-icon landscape'>\n\t\t\t\t<a href='https:\/\/meriller-vapeur.fr\/wp3\/?attachment_id=13744'><img loading=\"lazy\" decoding=\"async\" width=\"665\" height=\"444\" src=\"https:\/\/meriller-vapeur.fr\/wp3\/wp-content\/uploads\/2022\/01\/AG-MV24-22-01-22-IMG_1080-1024x684.jpg\" class=\"attachment-large size-large\" alt=\"\" srcset=\"https:\/\/meriller-vapeur.fr\/wp3\/wp-content\/uploads\/2022\/01\/AG-MV24-22-01-22-IMG_1080-1024x684.jpg 1024w, https:\/\/meriller-vapeur.fr\/wp3\/wp-content\/uploads\/2022\/01\/AG-MV24-22-01-22-IMG_1080-300x200.jpg 300w, https:\/\/meriller-vapeur.fr\/wp3\/wp-content\/uploads\/2022\/01\/AG-MV24-22-01-22-IMG_1080-768x513.jpg 768w, https:\/\/meriller-vapeur.fr\/wp3\/wp-content\/uploads\/2022\/01\/AG-MV24-22-01-22-IMG_1080-1536x1026.jpg 1536w, https:\/\/meriller-vapeur.fr\/wp3\/wp-content\/uploads\/2022\/01\/AG-MV24-22-01-22-IMG_1080-660x441.jpg 660w, https:\/\/meriller-vapeur.fr\/wp3\/wp-content\/uploads\/2022\/01\/AG-MV24-22-01-22-IMG_1080.jpg 1600w\" sizes=\"auto, (max-width: 665px) 100vw, 665px\" \/><\/a>\n\t\t\t<\/dt><\/dl><dl class='gallery-item'>\n\t\t\t<dt class='gallery-icon landscape'>\n\t\t\t\t<a href='https:\/\/meriller-vapeur.fr\/wp3\/?attachment_id=13746'><img loading=\"lazy\" decoding=\"async\" width=\"665\" height=\"444\" src=\"https:\/\/meriller-vapeur.fr\/wp3\/wp-content\/uploads\/2022\/01\/AG-MV24-22-01-22-IMG_1082-1024x684.jpg\" class=\"attachment-large size-large\" alt=\"\" srcset=\"https:\/\/meriller-vapeur.fr\/wp3\/wp-content\/uploads\/2022\/01\/AG-MV24-22-01-22-IMG_1082-1024x684.jpg 1024w, https:\/\/meriller-vapeur.fr\/wp3\/wp-content\/uploads\/2022\/01\/AG-MV24-22-01-22-IMG_1082-300x200.jpg 300w, https:\/\/meriller-vapeur.fr\/wp3\/wp-content\/uploads\/2022\/01\/AG-MV24-22-01-22-IMG_1082-768x513.jpg 768w, https:\/\/meriller-vapeur.fr\/wp3\/wp-content\/uploads\/2022\/01\/AG-MV24-22-01-22-IMG_1082-1536x1026.jpg 1536w, https:\/\/meriller-vapeur.fr\/wp3\/wp-content\/uploads\/2022\/01\/AG-MV24-22-01-22-IMG_1082-660x441.jpg 660w, https:\/\/meriller-vapeur.fr\/wp3\/wp-content\/uploads\/2022\/01\/AG-MV24-22-01-22-IMG_1082.jpg 1600w\" sizes=\"auto, (max-width: 665px) 100vw, 665px\" \/><\/a>\n\t\t\t<\/dt><\/dl><br style=\"clear: both\" \/><dl class='gallery-item'>\n\t\t\t<dt class='gallery-icon landscape'>\n\t\t\t\t<a href='https:\/\/meriller-vapeur.fr\/wp3\/?attachment_id=13748'><img loading=\"lazy\" decoding=\"async\" width=\"665\" height=\"444\" src=\"https:\/\/meriller-vapeur.fr\/wp3\/wp-content\/uploads\/2022\/01\/AG-MV24-22-01-22-IMG_1084-1024x684.jpg\" class=\"attachment-large size-large\" alt=\"\" srcset=\"https:\/\/meriller-vapeur.fr\/wp3\/wp-content\/uploads\/2022\/01\/AG-MV24-22-01-22-IMG_1084-1024x684.jpg 1024w, https:\/\/meriller-vapeur.fr\/wp3\/wp-content\/uploads\/2022\/01\/AG-MV24-22-01-22-IMG_1084-300x200.jpg 300w, https:\/\/meriller-vapeur.fr\/wp3\/wp-content\/uploads\/2022\/01\/AG-MV24-22-01-22-IMG_1084-768x513.jpg 768w, https:\/\/meriller-vapeur.fr\/wp3\/wp-content\/uploads\/2022\/01\/AG-MV24-22-01-22-IMG_1084-1536x1026.jpg 1536w, https:\/\/meriller-vapeur.fr\/wp3\/wp-content\/uploads\/2022\/01\/AG-MV24-22-01-22-IMG_1084-660x441.jpg 660w, https:\/\/meriller-vapeur.fr\/wp3\/wp-content\/uploads\/2022\/01\/AG-MV24-22-01-22-IMG_1084.jpg 1600w\" sizes=\"auto, (max-width: 665px) 100vw, 665px\" \/><\/a>\n\t\t\t<\/dt><\/dl><dl class='gallery-item'>\n\t\t\t<dt class='gallery-icon landscape'>\n\t\t\t\t<a href='https:\/\/meriller-vapeur.fr\/wp3\/?attachment_id=13750'><img loading=\"lazy\" decoding=\"async\" width=\"665\" height=\"444\" src=\"https:\/\/meriller-vapeur.fr\/wp3\/wp-content\/uploads\/2022\/01\/AG-MV24-22-01-22-IMG_1085-1024x684.jpg\" class=\"attachment-large size-large\" alt=\"\" srcset=\"https:\/\/meriller-vapeur.fr\/wp3\/wp-content\/uploads\/2022\/01\/AG-MV24-22-01-22-IMG_1085-1024x684.jpg 1024w, https:\/\/meriller-vapeur.fr\/wp3\/wp-content\/uploads\/2022\/01\/AG-MV24-22-01-22-IMG_1085-300x200.jpg 300w, https:\/\/meriller-vapeur.fr\/wp3\/wp-content\/uploads\/2022\/01\/AG-MV24-22-01-22-IMG_1085-768x513.jpg 768w, https:\/\/meriller-vapeur.fr\/wp3\/wp-content\/uploads\/2022\/01\/AG-MV24-22-01-22-IMG_1085-1536x1026.jpg 1536w, https:\/\/meriller-vapeur.fr\/wp3\/wp-content\/uploads\/2022\/01\/AG-MV24-22-01-22-IMG_1085-660x441.jpg 660w, https:\/\/meriller-vapeur.fr\/wp3\/wp-content\/uploads\/2022\/01\/AG-MV24-22-01-22-IMG_1085.jpg 1600w\" sizes=\"auto, (max-width: 665px) 100vw, 665px\" \/><\/a>\n\t\t\t<\/dt><\/dl><br style=\"clear: both\" \/><dl class='gallery-item'>\n\t\t\t<dt class='gallery-icon landscape'>\n\t\t\t\t<a href='https:\/\/meriller-vapeur.fr\/wp3\/?attachment_id=13752'><img loading=\"lazy\" decoding=\"async\" width=\"665\" height=\"444\" src=\"https:\/\/meriller-vapeur.fr\/wp3\/wp-content\/uploads\/2022\/01\/AG-MV24-22-01-22-IMG_1087-1024x684.jpg\" class=\"attachment-large size-large\" alt=\"\" srcset=\"https:\/\/meriller-vapeur.fr\/wp3\/wp-content\/uploads\/2022\/01\/AG-MV24-22-01-22-IMG_1087-1024x684.jpg 1024w, https:\/\/meriller-vapeur.fr\/wp3\/wp-content\/uploads\/2022\/01\/AG-MV24-22-01-22-IMG_1087-300x200.jpg 300w, https:\/\/meriller-vapeur.fr\/wp3\/wp-content\/uploads\/2022\/01\/AG-MV24-22-01-22-IMG_1087-768x513.jpg 768w, https:\/\/meriller-vapeur.fr\/wp3\/wp-content\/uploads\/2022\/01\/AG-MV24-22-01-22-IMG_1087-1536x1026.jpg 1536w, https:\/\/meriller-vapeur.fr\/wp3\/wp-content\/uploads\/2022\/01\/AG-MV24-22-01-22-IMG_1087-660x441.jpg 660w, https:\/\/meriller-vapeur.fr\/wp3\/wp-content\/uploads\/2022\/01\/AG-MV24-22-01-22-IMG_1087.jpg 1600w\" sizes=\"auto, (max-width: 665px) 100vw, 665px\" \/><\/a>\n\t\t\t<\/dt><\/dl>\n\t\t\t<br style='clear: both' \/>\n\t\t<\/div>\n\n<hr \/>\n<pre>Page mise en ligne le 31\/01\/2022<\/pre>\n<div class=\"pvc_clear\"><\/div>\n<p id=\"pvc_stats_13722\" class=\"pvc_stats all  \" data-element-id=\"13722\" style=\"\"><i class=\"pvc-stats-icon medium\" aria-hidden=\"true\"><svg aria-hidden=\"true\" focusable=\"false\" data-prefix=\"far\" data-icon=\"chart-bar\" role=\"img\" xmlns=\"http:\/\/www.w3.org\/2000\/svg\" viewBox=\"0 0 512 512\" class=\"svg-inline--fa fa-chart-bar fa-w-16 fa-2x\"><path fill=\"currentColor\" d=\"M396.8 352h22.4c6.4 0 12.8-6.4 12.8-12.8V108.8c0-6.4-6.4-12.8-12.8-12.8h-22.4c-6.4 0-12.8 6.4-12.8 12.8v230.4c0 6.4 6.4 12.8 12.8 12.8zm-192 0h22.4c6.4 0 12.8-6.4 12.8-12.8V140.8c0-6.4-6.4-12.8-12.8-12.8h-22.4c-6.4 0-12.8 6.4-12.8 12.8v198.4c0 6.4 6.4 12.8 12.8 12.8zm96 0h22.4c6.4 0 12.8-6.4 12.8-12.8V204.8c0-6.4-6.4-12.8-12.8-12.8h-22.4c-6.4 0-12.8 6.4-12.8 12.8v134.4c0 6.4 6.4 12.8 12.8 12.8zM496 400H48V80c0-8.84-7.16-16-16-16H16C7.16 64 0 71.16 0 80v336c0 17.67 14.33 32 32 32h464c8.84 0 16-7.16 16-16v-16c0-8.84-7.16-16-16-16zm-387.2-48h22.4c6.4 0 12.8-6.4 12.8-12.8v-70.4c0-6.4-6.4-12.8-12.8-12.8h-22.4c-6.4 0-12.8 6.4-12.8 12.8v70.4c0 6.4 6.4 12.8 12.8 12.8z\" class=\"\"><\/path><\/svg><\/i> <img loading=\"lazy\" decoding=\"async\" width=\"16\" height=\"16\" alt=\"Loading\" src=\"https:\/\/meriller-vapeur.fr\/wp3\/wp-content\/plugins\/page-views-count\/ajax-loader-2x.gif\" border=0 \/><\/p>\n<div class=\"pvc_clear\"><\/div>\n","protected":false},"excerpt":{"rendered":"<p>Notre Assembl\u00e9e g\u00e9n\u00e9rale 2022 s\u2019est d\u00e9roul\u00e9e comme pr\u00e9vue le 17 janvier 2022 \u00e0 la Salle G\u00e9rard Philippe de Coulounieix-Chamiers de dix heures \u00e0 midi. Vous trouverez ci dessous les photos et les liens vers le CR de cette assembl\u00e9e, ainsi que les articles de presse. Nous remercions de leur pr\u00e9sence les Elus : Arlette ESCLAFFER\u2026 <span class=\"read-more\"><a href=\"https:\/\/meriller-vapeur.fr\/wp3\/?page_id=13722\">Read More &raquo;<\/a><\/span><\/p>\n<div class=\"pvc_clear\"><\/div>\n<p id=\"pvc_stats_13722\" class=\"pvc_stats all  \" data-element-id=\"13722\" style=\"\"><i class=\"pvc-stats-icon medium\" aria-hidden=\"true\"><svg aria-hidden=\"true\" focusable=\"false\" data-prefix=\"far\" data-icon=\"chart-bar\" role=\"img\" xmlns=\"http:\/\/www.w3.org\/2000\/svg\" viewBox=\"0 0 512 512\" class=\"svg-inline--fa fa-chart-bar fa-w-16 fa-2x\"><path fill=\"currentColor\" d=\"M396.8 352h22.4c6.4 0 12.8-6.4 12.8-12.8V108.8c0-6.4-6.4-12.8-12.8-12.8h-22.4c-6.4 0-12.8 6.4-12.8 12.8v230.4c0 6.4 6.4 12.8 12.8 12.8zm-192 0h22.4c6.4 0 12.8-6.4 12.8-12.8V140.8c0-6.4-6.4-12.8-12.8-12.8h-22.4c-6.4 0-12.8 6.4-12.8 12.8v198.4c0 6.4 6.4 12.8 12.8 12.8zm96 0h22.4c6.4 0 12.8-6.4 12.8-12.8V204.8c0-6.4-6.4-12.8-12.8-12.8h-22.4c-6.4 0-12.8 6.4-12.8 12.8v134.4c0 6.4 6.4 12.8 12.8 12.8zM496 400H48V80c0-8.84-7.16-16-16-16H16C7.16 64 0 71.16 0 80v336c0 17.67 14.33 32 32 32h464c8.84 0 16-7.16 16-16v-16c0-8.84-7.16-16-16-16zm-387.2-48h22.4c6.4 0 12.8-6.4 12.8-12.8v-70.4c0-6.4-6.4-12.8-12.8-12.8h-22.4c-6.4 0-12.8 6.4-12.8 12.8v70.4c0 6.4 6.4 12.8 12.8 12.8z\" class=\"\"><\/path><\/svg><\/i> <img loading=\"lazy\" decoding=\"async\" width=\"16\" height=\"16\" alt=\"Loading\" src=\"https:\/\/meriller-vapeur.fr\/wp3\/wp-content\/plugins\/page-views-count\/ajax-loader-2x.gif\" border=0 \/><\/p>\n<div class=\"pvc_clear\"><\/div>\n","protected":false},"author":1,"featured_media":0,"parent":0,"menu_order":0,"comment_status":"closed","ping_status":"closed","template":"page-templates\/full-width.php","meta":{"footnotes":""},"class_list":["post-13722","page","type-page","status-publish","hentry"],"a3_pvc":{"activated":true,"total_views":143,"today_views":1},"_links":{"self":[{"href":"https:\/\/meriller-vapeur.fr\/wp3\/index.php?rest_route=\/wp\/v2\/pages\/13722","targetHints":{"allow":["GET"]}}],"collection":[{"href":"https:\/\/meriller-vapeur.fr\/wp3\/index.php?rest_route=\/wp\/v2\/pages"}],"about":[{"href":"https:\/\/meriller-vapeur.fr\/wp3\/index.php?rest_route=\/wp\/v2\/types\/page"}],"author":[{"embeddable":true,"href":"https:\/\/meriller-vapeur.fr\/wp3\/index.php?rest_route=\/wp\/v2\/users\/1"}],"replies":[{"embeddable":true,"href":"https:\/\/meriller-vapeur.fr\/wp3\/index.php?rest_route=%2Fwp%2Fv2%2Fcomments&post=13722"}],"version-history":[{"count":0,"href":"https:\/\/meriller-vapeur.fr\/wp3\/index.php?rest_route=\/wp\/v2\/pages\/13722\/revisions"}],"wp:attachment":[{"href":"https:\/\/meriller-vapeur.fr\/wp3\/index.php?rest_route=%2Fwp%2Fv2%2Fmedia&parent=13722"}],"curies":[{"name":"wp","href":"https:\/\/api.w.org\/{rel}","templated":true}]}}