{"id":1360,"date":"2013-12-05T15:00:46","date_gmt":"2013-12-05T14:00:46","guid":{"rendered":"http:\/\/meriller-vapeur.fr\/wp3\/?page_id=1360"},"modified":"2021-10-16T16:38:34","modified_gmt":"2021-10-16T14:38:34","slug":"1360-2","status":"publish","type":"page","link":"https:\/\/meriller-vapeur.fr\/wp3\/?page_id=1360","title":{"rendered":"ROND-POINT de MERILLER : am\u00e9nagement et entretien, fin 2013-mars 2014."},"content":{"rendered":"<p><a href=\"https:\/\/meriller-vapeur.fr\/wp3\/?page_id=2660\">&lt;&lt;&lt;&lt;&lt;&lt; Retour<\/a><\/p>\n<h2 style=\"text-align: justify;\">Maintenant que le <a title=\"L\u2019Aventure du Tender r\u00e9capitul\u00e9e en quelques images\u2026\" href=\"http:\/\/meriller-vapeur.fr\/wp3\/1294-1\/\">TENDER<\/a> est en place sur le Rond-Point de Meriller \u00e0 l&rsquo;entr\u00e9e de l&rsquo;agglom\u00e9ration de\u00a0P\u00e9rigueux, nous avons pratiquement achev\u00e9 ce grand projet qui nous tenait \u00e0 c\u0153ur depuis plus de dix ans!<br \/>\nRestent les travaux d&#8217;embellissement et d&rsquo;entretien qu&rsquo;il faudra assurer dans l&rsquo;avenir, et nous nous proposons d&rsquo;ouvrir ici un nouveau chapitre de l&rsquo;activit\u00e9 du <strong>CLUB MERILLER-VAPEUR 24.<\/strong><\/h2>\n<p style=\"text-align: justify;\">Ainsi, le 3 d\u00e9cembre 2013, profitant d&rsquo;une belle apr\u00e8s-midi ensoleill\u00e9e, une \u00e9quipe de peintres a entrepris de mettre en place, pour renforcer la chaudi\u00e8re, <strong>les t\u00f4les pr\u00e9par\u00e9es et pr\u00e9form\u00e9es par le Technicentre SNCF<\/strong>\u00a0et d&rsquo;effectuer les retouches de \u00a0peinture n\u00e9cessaires apr\u00e8s la mise en place du tender. Voici quelques clich\u00e9s pris par Alain H. lors de cette op\u00e9ration\u00a0:<br \/>\n<span style=\"color: #339966;\"><em>(derni\u00e8re minute, la derni\u00e8re photo myst\u00e9rieuse du 16 d\u00e9cembre 2013, en bas de page!)<\/em><\/span><\/p>\n\n\t\t<style type=\"text\/css\">\n\t\t\t#gallery-1 {\n\t\t\t\tmargin: auto;\n\t\t\t}\n\t\t\t#gallery-1 .gallery-item {\n\t\t\t\tfloat: left;\n\t\t\t\tmargin-top: 10px;\n\t\t\t\ttext-align: center;\n\t\t\t\twidth: 33%;\n\t\t\t}\n\t\t\t#gallery-1 img {\n\t\t\t\tborder: 2px solid #cfcfcf;\n\t\t\t}\n\t\t\t#gallery-1 .gallery-caption {\n\t\t\t\tmargin-left: 0;\n\t\t\t}\n\t\t\t\/* see gallery_shortcode() in wp-includes\/media.php *\/\n\t\t<\/style>\n\t\t<div id='gallery-1' class='gallery galleryid-1360 gallery-columns-3 gallery-size-large'><dl class='gallery-item'>\n\t\t\t<dt class='gallery-icon landscape'>\n\t\t\t\t<a href='https:\/\/meriller-vapeur.fr\/wp3\/?attachment_id=1376'><img loading=\"lazy\" decoding=\"async\" width=\"665\" height=\"440\" src=\"https:\/\/meriller-vapeur.fr\/wp3\/wp-content\/uploads\/2013\/12\/imgp2570-1024x678.jpg\" class=\"attachment-large size-large\" alt=\"\" aria-describedby=\"gallery-1-1376\" srcset=\"https:\/\/meriller-vapeur.fr\/wp3\/wp-content\/uploads\/2013\/12\/imgp2570-1024x678.jpg 1024w, https:\/\/meriller-vapeur.fr\/wp3\/wp-content\/uploads\/2013\/12\/imgp2570-300x198.jpg 300w, https:\/\/meriller-vapeur.fr\/wp3\/wp-content\/uploads\/2013\/12\/imgp2570.jpg 1200w\" sizes=\"auto, (max-width: 665px) 100vw, 665px\" \/><\/a>\n\t\t\t<\/dt>\n\t\t\t\t<dd class='wp-caption-text gallery-caption' id='gallery-1-1376'>\n\t\t\t\tFixation des t\u00f4les, et per\u00e7age.\n\t\t\t\t<\/dd><\/dl><dl class='gallery-item'>\n\t\t\t<dt class='gallery-icon landscape'>\n\t\t\t\t<a href='https:\/\/meriller-vapeur.fr\/wp3\/?attachment_id=1378'><img loading=\"lazy\" decoding=\"async\" width=\"665\" height=\"440\" src=\"https:\/\/meriller-vapeur.fr\/wp3\/wp-content\/uploads\/2013\/12\/imgp2579-1024x678.jpg\" class=\"attachment-large size-large\" alt=\"\" aria-describedby=\"gallery-1-1378\" srcset=\"https:\/\/meriller-vapeur.fr\/wp3\/wp-content\/uploads\/2013\/12\/imgp2579-1024x678.jpg 1024w, https:\/\/meriller-vapeur.fr\/wp3\/wp-content\/uploads\/2013\/12\/imgp2579-300x198.jpg 300w, https:\/\/meriller-vapeur.fr\/wp3\/wp-content\/uploads\/2013\/12\/imgp2579.jpg 1200w\" sizes=\"auto, (max-width: 665px) 100vw, 665px\" \/><\/a>\n\t\t\t<\/dt>\n\t\t\t\t<dd class='wp-caption-text gallery-caption' id='gallery-1-1378'>\n\t\t\t\t&#8230;dans un travail d\u00e9licat!\n\t\t\t\t<\/dd><\/dl>\n\t\t\t<br style='clear: both' \/>\n\t\t<\/div>\n\n<p style=\"text-align: justify;\"><strong>Mise \u00e0 Jour du\u00a028\/03\/2014\u00a0:<\/strong><\/p>\n<p>Les mois passant, il faut assurer l&rsquo;entretien de ce fameux Rond-Point et surtout celui du mat\u00e9riel expos\u00e9.<\/p>\n<p>C&rsquo;est ainsi que fin mars 2014, nous avons pos\u00e9 les plaques d&rsquo;immatriculation de la Loco et du tender, qui avaient \u00e9t\u00e9 refaites.<\/p>\n<p>Voici le r\u00e9sultat (cliquer pour agrandir) :<\/p>\n\n<pre>Page mise \u00e0 jour le 16-10-2021<\/pre>\n<p>&nbsp;<\/p>\n<div class=\"pvc_clear\"><\/div>\n<p id=\"pvc_stats_1360\" class=\"pvc_stats all  \" data-element-id=\"1360\" style=\"\"><i class=\"pvc-stats-icon medium\" aria-hidden=\"true\"><svg aria-hidden=\"true\" focusable=\"false\" data-prefix=\"far\" data-icon=\"chart-bar\" role=\"img\" xmlns=\"http:\/\/www.w3.org\/2000\/svg\" viewBox=\"0 0 512 512\" class=\"svg-inline--fa fa-chart-bar fa-w-16 fa-2x\"><path fill=\"currentColor\" d=\"M396.8 352h22.4c6.4 0 12.8-6.4 12.8-12.8V108.8c0-6.4-6.4-12.8-12.8-12.8h-22.4c-6.4 0-12.8 6.4-12.8 12.8v230.4c0 6.4 6.4 12.8 12.8 12.8zm-192 0h22.4c6.4 0 12.8-6.4 12.8-12.8V140.8c0-6.4-6.4-12.8-12.8-12.8h-22.4c-6.4 0-12.8 6.4-12.8 12.8v198.4c0 6.4 6.4 12.8 12.8 12.8zm96 0h22.4c6.4 0 12.8-6.4 12.8-12.8V204.8c0-6.4-6.4-12.8-12.8-12.8h-22.4c-6.4 0-12.8 6.4-12.8 12.8v134.4c0 6.4 6.4 12.8 12.8 12.8zM496 400H48V80c0-8.84-7.16-16-16-16H16C7.16 64 0 71.16 0 80v336c0 17.67 14.33 32 32 32h464c8.84 0 16-7.16 16-16v-16c0-8.84-7.16-16-16-16zm-387.2-48h22.4c6.4 0 12.8-6.4 12.8-12.8v-70.4c0-6.4-6.4-12.8-12.8-12.8h-22.4c-6.4 0-12.8 6.4-12.8 12.8v70.4c0 6.4 6.4 12.8 12.8 12.8z\" class=\"\"><\/path><\/svg><\/i> <img loading=\"lazy\" decoding=\"async\" width=\"16\" height=\"16\" alt=\"Loading\" src=\"https:\/\/meriller-vapeur.fr\/wp3\/wp-content\/plugins\/page-views-count\/ajax-loader-2x.gif\" border=0 \/><\/p>\n<div class=\"pvc_clear\"><\/div>\n","protected":false},"excerpt":{"rendered":"<p>&lt;&lt;&lt;&lt;&lt;&lt; Retour Maintenant que le TENDER est en place sur le Rond-Point de Meriller \u00e0 l&rsquo;entr\u00e9e de l&rsquo;agglom\u00e9ration de\u00a0P\u00e9rigueux, nous avons pratiquement achev\u00e9 ce grand projet qui nous tenait \u00e0 c\u0153ur depuis plus de dix ans! Restent les travaux d&#8217;embellissement et d&rsquo;entretien qu&rsquo;il faudra assurer dans l&rsquo;avenir, et nous nous proposons d&rsquo;ouvrir ici un nouveau\u2026 <span class=\"read-more\"><a href=\"https:\/\/meriller-vapeur.fr\/wp3\/?page_id=1360\">Read More &raquo;<\/a><\/span><\/p>\n<div class=\"pvc_clear\"><\/div>\n<p id=\"pvc_stats_1360\" class=\"pvc_stats all  \" data-element-id=\"1360\" style=\"\"><i class=\"pvc-stats-icon medium\" aria-hidden=\"true\"><svg aria-hidden=\"true\" focusable=\"false\" data-prefix=\"far\" data-icon=\"chart-bar\" role=\"img\" xmlns=\"http:\/\/www.w3.org\/2000\/svg\" viewBox=\"0 0 512 512\" class=\"svg-inline--fa fa-chart-bar fa-w-16 fa-2x\"><path fill=\"currentColor\" d=\"M396.8 352h22.4c6.4 0 12.8-6.4 12.8-12.8V108.8c0-6.4-6.4-12.8-12.8-12.8h-22.4c-6.4 0-12.8 6.4-12.8 12.8v230.4c0 6.4 6.4 12.8 12.8 12.8zm-192 0h22.4c6.4 0 12.8-6.4 12.8-12.8V140.8c0-6.4-6.4-12.8-12.8-12.8h-22.4c-6.4 0-12.8 6.4-12.8 12.8v198.4c0 6.4 6.4 12.8 12.8 12.8zm96 0h22.4c6.4 0 12.8-6.4 12.8-12.8V204.8c0-6.4-6.4-12.8-12.8-12.8h-22.4c-6.4 0-12.8 6.4-12.8 12.8v134.4c0 6.4 6.4 12.8 12.8 12.8zM496 400H48V80c0-8.84-7.16-16-16-16H16C7.16 64 0 71.16 0 80v336c0 17.67 14.33 32 32 32h464c8.84 0 16-7.16 16-16v-16c0-8.84-7.16-16-16-16zm-387.2-48h22.4c6.4 0 12.8-6.4 12.8-12.8v-70.4c0-6.4-6.4-12.8-12.8-12.8h-22.4c-6.4 0-12.8 6.4-12.8 12.8v70.4c0 6.4 6.4 12.8 12.8 12.8z\" class=\"\"><\/path><\/svg><\/i> <img loading=\"lazy\" decoding=\"async\" width=\"16\" height=\"16\" alt=\"Loading\" src=\"https:\/\/meriller-vapeur.fr\/wp3\/wp-content\/plugins\/page-views-count\/ajax-loader-2x.gif\" border=0 \/><\/p>\n<div class=\"pvc_clear\"><\/div>\n","protected":false},"author":1,"featured_media":0,"parent":2660,"menu_order":0,"comment_status":"open","ping_status":"open","template":"page-templates\/full-width.php","meta":{"footnotes":""},"class_list":["post-1360","page","type-page","status-publish","hentry"],"a3_pvc":{"activated":true,"total_views":323,"today_views":0},"_links":{"self":[{"href":"https:\/\/meriller-vapeur.fr\/wp3\/index.php?rest_route=\/wp\/v2\/pages\/1360","targetHints":{"allow":["GET"]}}],"collection":[{"href":"https:\/\/meriller-vapeur.fr\/wp3\/index.php?rest_route=\/wp\/v2\/pages"}],"about":[{"href":"https:\/\/meriller-vapeur.fr\/wp3\/index.php?rest_route=\/wp\/v2\/types\/page"}],"author":[{"embeddable":true,"href":"https:\/\/meriller-vapeur.fr\/wp3\/index.php?rest_route=\/wp\/v2\/users\/1"}],"replies":[{"embeddable":true,"href":"https:\/\/meriller-vapeur.fr\/wp3\/index.php?rest_route=%2Fwp%2Fv2%2Fcomments&post=1360"}],"version-history":[{"count":0,"href":"https:\/\/meriller-vapeur.fr\/wp3\/index.php?rest_route=\/wp\/v2\/pages\/1360\/revisions"}],"up":[{"embeddable":true,"href":"https:\/\/meriller-vapeur.fr\/wp3\/index.php?rest_route=\/wp\/v2\/pages\/2660"}],"wp:attachment":[{"href":"https:\/\/meriller-vapeur.fr\/wp3\/index.php?rest_route=%2Fwp%2Fv2%2Fmedia&parent=1360"}],"curies":[{"name":"wp","href":"https:\/\/api.w.org\/{rel}","templated":true}]}}