{"id":13396,"date":"2021-10-28T12:04:36","date_gmt":"2021-10-28T10:04:36","guid":{"rendered":"https:\/\/meriller-vapeur.fr\/wp3\/?page_id=13396"},"modified":"2021-11-07T18:08:41","modified_gmt":"2021-11-07T17:08:41","slug":"bourse-expo-modelisme-a-neuvic-le-24-octobre-2021","status":"publish","type":"page","link":"https:\/\/meriller-vapeur.fr\/wp3\/?page_id=13396","title":{"rendered":"La \u00ab\u00a0Bourse Expo mod\u00e9lisme\u00a0\u00bb de Neuvic le 24 octobre 2021"},"content":{"rendered":"<p>Notre ami Jean-Paul Tallet nous adresse ce jour le compte-rendu de cette belle journ\u00e9e :<\/p>\n<blockquote><p>C\u2019est par un beau soleil que le <span style=\"text-decoration: underline;\">Club NCPC mod\u00e9lisme de Neuvic sur l&rsquo;Isle<\/span> a ouvert ses portes pour une \u00ab\u00a0Bourse Expo mod\u00e9lisme\u00a0\u00bb ce dimanche le\u00a024 Octobre 2021.<\/p>\n<p><strong>Avec un grand plaisir<\/strong>\u00a0la Bourse Expo a pu accueillir ses visiteurs, dans le respect des r\u00e8gles sanitaires en vigueur, en leur proposant :<\/p>\n<ol>\n<li><i><b>au Rez de Chauss\u00e9e\u00a0<\/b><\/i>d&rsquo;un grand b\u00e2timent\u00a0une belle Salle, o\u00f9 la Bourse avec de nombreux exposants de mod\u00e8les vari\u00e9s trains, voitures, construction de maquettes etc. sont install\u00e9s, pour vendre ou \u00e9changer leurs mat\u00e9riels<\/li>\n<li><i><b>\u00e0 l&rsquo;\u00e9tage<\/b><\/i> (avec ascenseur)\u00a0on trouvait une grande Exposition \u00a0en 2 parties principales : bateaux, avions, planeurs, et puis un coin de restauration rapide, puis :<\/li>\n<\/ol>\n<ul>\n<li style=\"list-style-type: none;\">\n<ul>\n<li><b><i>\u00e0 droite<\/i><\/b> 2 grandes pistes de \u00ab\u00a0voitures SLOT\u00a0\u00bb , avec possibilit\u00e9 de piloter sa propre voiture.<\/li>\n<li><b><i>\u00e0 gauche<\/i><\/b> dans la 2 \u00e8me partie du b\u00e2timent, l&rsquo;Historique du Club avec vitrine et photos N.B. et deux\u00a0\u00a0grands r\u00e9seaux, l&rsquo;un analogique 205 m de voie, et l\u2019autre\u00a0en digital, d&rsquo;une longueur de 13 m.<\/li>\n<\/ul>\n<\/li>\n<\/ul>\n<p>De nombreux visiteurs ont pu appr\u00e9cier les d\u00e9cors des r\u00e9seaux, comportant de nombreux d\u00e9tails de jolies petites sc\u00e8nes locales, en mouvement et avec bruitage.<\/p>\n<p>Les jeunes et aussi les moins jeunes se sont fait plaisir, conduisant trains vapeur ou autorail , et\u00a0la journ\u00e9e se termina dans une tr\u00e8s bonne ambiance : bravo aux membres du NCPC train, voiture, etc. pour cette belle exposition, et&#8230;<\/p>\n<p>&#8230;\u00e0 l&rsquo;ann\u00e9e prochaine ! ! !<\/p><\/blockquote>\n<p>Voici les photos jointes par Jean-Paul \u00e0 son reportage (et un article de Sud-Ouest visible \u00a0<a href=\"https:\/\/meriller-vapeur.fr\/wp3\/wp-content\/uploads\/2021\/11\/BOURSE-NEUVIC-S.O-1.pdf\" target=\"_blank\" rel=\"noopener\">&gt;&gt;&gt;&gt;&gt;&gt; ICI<\/a> ) :<\/p>\n\n\t\t<style type=\"text\/css\">\n\t\t\t#gallery-1 {\n\t\t\t\tmargin: auto;\n\t\t\t}\n\t\t\t#gallery-1 .gallery-item {\n\t\t\t\tfloat: left;\n\t\t\t\tmargin-top: 10px;\n\t\t\t\ttext-align: center;\n\t\t\t\twidth: 50%;\n\t\t\t}\n\t\t\t#gallery-1 img {\n\t\t\t\tborder: 2px solid #cfcfcf;\n\t\t\t}\n\t\t\t#gallery-1 .gallery-caption {\n\t\t\t\tmargin-left: 0;\n\t\t\t}\n\t\t\t\/* see gallery_shortcode() in wp-includes\/media.php *\/\n\t\t<\/style>\n\t\t<div id='gallery-1' class='gallery galleryid-13396 gallery-columns-2 gallery-size-large'><dl class='gallery-item'>\n\t\t\t<dt class='gallery-icon landscape'>\n\t\t\t\t<a href='https:\/\/meriller-vapeur.fr\/wp3\/?attachment_id=13404'><img loading=\"lazy\" decoding=\"async\" width=\"665\" height=\"499\" src=\"https:\/\/meriller-vapeur.fr\/wp3\/wp-content\/uploads\/2021\/10\/20211024_150317-1024x768.jpg\" class=\"attachment-large size-large\" alt=\"\" srcset=\"https:\/\/meriller-vapeur.fr\/wp3\/wp-content\/uploads\/2021\/10\/20211024_150317-1024x768.jpg 1024w, https:\/\/meriller-vapeur.fr\/wp3\/wp-content\/uploads\/2021\/10\/20211024_150317-300x225.jpg 300w, https:\/\/meriller-vapeur.fr\/wp3\/wp-content\/uploads\/2021\/10\/20211024_150317-768x576.jpg 768w, https:\/\/meriller-vapeur.fr\/wp3\/wp-content\/uploads\/2021\/10\/20211024_150317-1536x1152.jpg 1536w, https:\/\/meriller-vapeur.fr\/wp3\/wp-content\/uploads\/2021\/10\/20211024_150317-660x495.jpg 660w, https:\/\/meriller-vapeur.fr\/wp3\/wp-content\/uploads\/2021\/10\/20211024_150317.jpg 1600w\" sizes=\"auto, (max-width: 665px) 100vw, 665px\" \/><\/a>\n\t\t\t<\/dt><\/dl><dl class='gallery-item'>\n\t\t\t<dt class='gallery-icon landscape'>\n\t\t\t\t<a href='https:\/\/meriller-vapeur.fr\/wp3\/?attachment_id=13405'><img loading=\"lazy\" decoding=\"async\" width=\"665\" height=\"499\" src=\"https:\/\/meriller-vapeur.fr\/wp3\/wp-content\/uploads\/2021\/10\/20211024_150328-1024x768.jpg\" class=\"attachment-large size-large\" alt=\"\" srcset=\"https:\/\/meriller-vapeur.fr\/wp3\/wp-content\/uploads\/2021\/10\/20211024_150328-1024x768.jpg 1024w, https:\/\/meriller-vapeur.fr\/wp3\/wp-content\/uploads\/2021\/10\/20211024_150328-300x225.jpg 300w, https:\/\/meriller-vapeur.fr\/wp3\/wp-content\/uploads\/2021\/10\/20211024_150328-768x576.jpg 768w, https:\/\/meriller-vapeur.fr\/wp3\/wp-content\/uploads\/2021\/10\/20211024_150328-1536x1152.jpg 1536w, https:\/\/meriller-vapeur.fr\/wp3\/wp-content\/uploads\/2021\/10\/20211024_150328-660x495.jpg 660w, https:\/\/meriller-vapeur.fr\/wp3\/wp-content\/uploads\/2021\/10\/20211024_150328.jpg 1600w\" sizes=\"auto, (max-width: 665px) 100vw, 665px\" \/><\/a>\n\t\t\t<\/dt><\/dl><br style=\"clear: both\" \/><dl class='gallery-item'>\n\t\t\t<dt class='gallery-icon landscape'>\n\t\t\t\t<a href='https:\/\/meriller-vapeur.fr\/wp3\/?attachment_id=13406'><img loading=\"lazy\" decoding=\"async\" width=\"665\" height=\"499\" src=\"https:\/\/meriller-vapeur.fr\/wp3\/wp-content\/uploads\/2021\/10\/20211024_162841-1024x768.jpg\" class=\"attachment-large size-large\" alt=\"\" srcset=\"https:\/\/meriller-vapeur.fr\/wp3\/wp-content\/uploads\/2021\/10\/20211024_162841-1024x768.jpg 1024w, https:\/\/meriller-vapeur.fr\/wp3\/wp-content\/uploads\/2021\/10\/20211024_162841-300x225.jpg 300w, https:\/\/meriller-vapeur.fr\/wp3\/wp-content\/uploads\/2021\/10\/20211024_162841-768x576.jpg 768w, https:\/\/meriller-vapeur.fr\/wp3\/wp-content\/uploads\/2021\/10\/20211024_162841-1536x1152.jpg 1536w, https:\/\/meriller-vapeur.fr\/wp3\/wp-content\/uploads\/2021\/10\/20211024_162841-660x495.jpg 660w, https:\/\/meriller-vapeur.fr\/wp3\/wp-content\/uploads\/2021\/10\/20211024_162841.jpg 1600w\" sizes=\"auto, (max-width: 665px) 100vw, 665px\" \/><\/a>\n\t\t\t<\/dt><\/dl><dl class='gallery-item'>\n\t\t\t<dt class='gallery-icon landscape'>\n\t\t\t\t<a href='https:\/\/meriller-vapeur.fr\/wp3\/?attachment_id=13407'><img loading=\"lazy\" decoding=\"async\" width=\"665\" height=\"444\" src=\"https:\/\/meriller-vapeur.fr\/wp3\/wp-content\/uploads\/2021\/10\/IMG_6031-1024x683.jpg\" class=\"attachment-large size-large\" alt=\"\" srcset=\"https:\/\/meriller-vapeur.fr\/wp3\/wp-content\/uploads\/2021\/10\/IMG_6031-1024x683.jpg 1024w, https:\/\/meriller-vapeur.fr\/wp3\/wp-content\/uploads\/2021\/10\/IMG_6031-300x200.jpg 300w, https:\/\/meriller-vapeur.fr\/wp3\/wp-content\/uploads\/2021\/10\/IMG_6031-768x512.jpg 768w, https:\/\/meriller-vapeur.fr\/wp3\/wp-content\/uploads\/2021\/10\/IMG_6031-1536x1024.jpg 1536w, https:\/\/meriller-vapeur.fr\/wp3\/wp-content\/uploads\/2021\/10\/IMG_6031-660x440.jpg 660w, https:\/\/meriller-vapeur.fr\/wp3\/wp-content\/uploads\/2021\/10\/IMG_6031.jpg 1600w\" sizes=\"auto, (max-width: 665px) 100vw, 665px\" \/><\/a>\n\t\t\t<\/dt><\/dl><br style=\"clear: both\" \/><dl class='gallery-item'>\n\t\t\t<dt class='gallery-icon landscape'>\n\t\t\t\t<a href='https:\/\/meriller-vapeur.fr\/wp3\/?attachment_id=13408'><img loading=\"lazy\" decoding=\"async\" width=\"665\" height=\"444\" src=\"https:\/\/meriller-vapeur.fr\/wp3\/wp-content\/uploads\/2021\/10\/IMG_6046-1024x683.jpg\" class=\"attachment-large size-large\" alt=\"\" srcset=\"https:\/\/meriller-vapeur.fr\/wp3\/wp-content\/uploads\/2021\/10\/IMG_6046-1024x683.jpg 1024w, https:\/\/meriller-vapeur.fr\/wp3\/wp-content\/uploads\/2021\/10\/IMG_6046-300x200.jpg 300w, https:\/\/meriller-vapeur.fr\/wp3\/wp-content\/uploads\/2021\/10\/IMG_6046-768x512.jpg 768w, https:\/\/meriller-vapeur.fr\/wp3\/wp-content\/uploads\/2021\/10\/IMG_6046-1536x1024.jpg 1536w, https:\/\/meriller-vapeur.fr\/wp3\/wp-content\/uploads\/2021\/10\/IMG_6046-660x440.jpg 660w, https:\/\/meriller-vapeur.fr\/wp3\/wp-content\/uploads\/2021\/10\/IMG_6046.jpg 1600w\" sizes=\"auto, (max-width: 665px) 100vw, 665px\" \/><\/a>\n\t\t\t<\/dt><\/dl><dl class='gallery-item'>\n\t\t\t<dt class='gallery-icon landscape'>\n\t\t\t\t<a href='https:\/\/meriller-vapeur.fr\/wp3\/?attachment_id=13409'><img loading=\"lazy\" decoding=\"async\" width=\"665\" height=\"444\" src=\"https:\/\/meriller-vapeur.fr\/wp3\/wp-content\/uploads\/2021\/10\/IMG_6051-1024x683.jpg\" class=\"attachment-large size-large\" alt=\"\" srcset=\"https:\/\/meriller-vapeur.fr\/wp3\/wp-content\/uploads\/2021\/10\/IMG_6051-1024x683.jpg 1024w, https:\/\/meriller-vapeur.fr\/wp3\/wp-content\/uploads\/2021\/10\/IMG_6051-300x200.jpg 300w, https:\/\/meriller-vapeur.fr\/wp3\/wp-content\/uploads\/2021\/10\/IMG_6051-768x512.jpg 768w, https:\/\/meriller-vapeur.fr\/wp3\/wp-content\/uploads\/2021\/10\/IMG_6051-1536x1024.jpg 1536w, https:\/\/meriller-vapeur.fr\/wp3\/wp-content\/uploads\/2021\/10\/IMG_6051-660x440.jpg 660w, https:\/\/meriller-vapeur.fr\/wp3\/wp-content\/uploads\/2021\/10\/IMG_6051.jpg 1600w\" sizes=\"auto, (max-width: 665px) 100vw, 665px\" \/><\/a>\n\t\t\t<\/dt><\/dl><br style=\"clear: both\" \/><dl class='gallery-item'>\n\t\t\t<dt class='gallery-icon landscape'>\n\t\t\t\t<a href='https:\/\/meriller-vapeur.fr\/wp3\/?attachment_id=13410'><img loading=\"lazy\" decoding=\"async\" width=\"665\" height=\"444\" src=\"https:\/\/meriller-vapeur.fr\/wp3\/wp-content\/uploads\/2021\/10\/IMG_6052-1024x683.jpg\" class=\"attachment-large size-large\" alt=\"\" srcset=\"https:\/\/meriller-vapeur.fr\/wp3\/wp-content\/uploads\/2021\/10\/IMG_6052-1024x683.jpg 1024w, https:\/\/meriller-vapeur.fr\/wp3\/wp-content\/uploads\/2021\/10\/IMG_6052-300x200.jpg 300w, https:\/\/meriller-vapeur.fr\/wp3\/wp-content\/uploads\/2021\/10\/IMG_6052-768x512.jpg 768w, https:\/\/meriller-vapeur.fr\/wp3\/wp-content\/uploads\/2021\/10\/IMG_6052-1536x1024.jpg 1536w, https:\/\/meriller-vapeur.fr\/wp3\/wp-content\/uploads\/2021\/10\/IMG_6052-660x440.jpg 660w, https:\/\/meriller-vapeur.fr\/wp3\/wp-content\/uploads\/2021\/10\/IMG_6052.jpg 1600w\" sizes=\"auto, (max-width: 665px) 100vw, 665px\" \/><\/a>\n\t\t\t<\/dt><\/dl><dl class='gallery-item'>\n\t\t\t<dt class='gallery-icon landscape'>\n\t\t\t\t<a href='https:\/\/meriller-vapeur.fr\/wp3\/?attachment_id=13411'><img loading=\"lazy\" decoding=\"async\" width=\"665\" height=\"444\" src=\"https:\/\/meriller-vapeur.fr\/wp3\/wp-content\/uploads\/2021\/10\/IMG_6054-1024x683.jpg\" class=\"attachment-large size-large\" alt=\"\" srcset=\"https:\/\/meriller-vapeur.fr\/wp3\/wp-content\/uploads\/2021\/10\/IMG_6054-1024x683.jpg 1024w, https:\/\/meriller-vapeur.fr\/wp3\/wp-content\/uploads\/2021\/10\/IMG_6054-300x200.jpg 300w, https:\/\/meriller-vapeur.fr\/wp3\/wp-content\/uploads\/2021\/10\/IMG_6054-768x512.jpg 768w, https:\/\/meriller-vapeur.fr\/wp3\/wp-content\/uploads\/2021\/10\/IMG_6054-1536x1024.jpg 1536w, https:\/\/meriller-vapeur.fr\/wp3\/wp-content\/uploads\/2021\/10\/IMG_6054-660x440.jpg 660w, https:\/\/meriller-vapeur.fr\/wp3\/wp-content\/uploads\/2021\/10\/IMG_6054.jpg 1600w\" sizes=\"auto, (max-width: 665px) 100vw, 665px\" \/><\/a>\n\t\t\t<\/dt><\/dl><br style=\"clear: both\" \/><dl class='gallery-item'>\n\t\t\t<dt class='gallery-icon landscape'>\n\t\t\t\t<a href='https:\/\/meriller-vapeur.fr\/wp3\/?attachment_id=13412'><img loading=\"lazy\" decoding=\"async\" width=\"665\" height=\"444\" src=\"https:\/\/meriller-vapeur.fr\/wp3\/wp-content\/uploads\/2021\/10\/IMG_6055-1024x683.jpg\" class=\"attachment-large size-large\" alt=\"\" srcset=\"https:\/\/meriller-vapeur.fr\/wp3\/wp-content\/uploads\/2021\/10\/IMG_6055-1024x683.jpg 1024w, https:\/\/meriller-vapeur.fr\/wp3\/wp-content\/uploads\/2021\/10\/IMG_6055-300x200.jpg 300w, https:\/\/meriller-vapeur.fr\/wp3\/wp-content\/uploads\/2021\/10\/IMG_6055-768x512.jpg 768w, https:\/\/meriller-vapeur.fr\/wp3\/wp-content\/uploads\/2021\/10\/IMG_6055-1536x1024.jpg 1536w, https:\/\/meriller-vapeur.fr\/wp3\/wp-content\/uploads\/2021\/10\/IMG_6055-660x440.jpg 660w, https:\/\/meriller-vapeur.fr\/wp3\/wp-content\/uploads\/2021\/10\/IMG_6055.jpg 1600w\" sizes=\"auto, (max-width: 665px) 100vw, 665px\" \/><\/a>\n\t\t\t<\/dt><\/dl><dl class='gallery-item'>\n\t\t\t<dt class='gallery-icon landscape'>\n\t\t\t\t<a href='https:\/\/meriller-vapeur.fr\/wp3\/?attachment_id=13413'><img loading=\"lazy\" decoding=\"async\" width=\"665\" height=\"444\" src=\"https:\/\/meriller-vapeur.fr\/wp3\/wp-content\/uploads\/2021\/10\/IMG_6059-1024x683.jpg\" class=\"attachment-large size-large\" alt=\"\" srcset=\"https:\/\/meriller-vapeur.fr\/wp3\/wp-content\/uploads\/2021\/10\/IMG_6059-1024x683.jpg 1024w, https:\/\/meriller-vapeur.fr\/wp3\/wp-content\/uploads\/2021\/10\/IMG_6059-300x200.jpg 300w, https:\/\/meriller-vapeur.fr\/wp3\/wp-content\/uploads\/2021\/10\/IMG_6059-768x512.jpg 768w, https:\/\/meriller-vapeur.fr\/wp3\/wp-content\/uploads\/2021\/10\/IMG_6059-1536x1024.jpg 1536w, https:\/\/meriller-vapeur.fr\/wp3\/wp-content\/uploads\/2021\/10\/IMG_6059-660x440.jpg 660w, https:\/\/meriller-vapeur.fr\/wp3\/wp-content\/uploads\/2021\/10\/IMG_6059.jpg 1600w\" sizes=\"auto, (max-width: 665px) 100vw, 665px\" \/><\/a>\n\t\t\t<\/dt><\/dl><br style=\"clear: both\" \/><dl class='gallery-item'>\n\t\t\t<dt class='gallery-icon landscape'>\n\t\t\t\t<a href='https:\/\/meriller-vapeur.fr\/wp3\/?attachment_id=13414'><img loading=\"lazy\" decoding=\"async\" width=\"665\" height=\"444\" src=\"https:\/\/meriller-vapeur.fr\/wp3\/wp-content\/uploads\/2021\/10\/IMG_6062-1024x683.jpg\" class=\"attachment-large size-large\" alt=\"\" srcset=\"https:\/\/meriller-vapeur.fr\/wp3\/wp-content\/uploads\/2021\/10\/IMG_6062-1024x683.jpg 1024w, https:\/\/meriller-vapeur.fr\/wp3\/wp-content\/uploads\/2021\/10\/IMG_6062-300x200.jpg 300w, https:\/\/meriller-vapeur.fr\/wp3\/wp-content\/uploads\/2021\/10\/IMG_6062-768x512.jpg 768w, https:\/\/meriller-vapeur.fr\/wp3\/wp-content\/uploads\/2021\/10\/IMG_6062-1536x1024.jpg 1536w, https:\/\/meriller-vapeur.fr\/wp3\/wp-content\/uploads\/2021\/10\/IMG_6062-660x440.jpg 660w, https:\/\/meriller-vapeur.fr\/wp3\/wp-content\/uploads\/2021\/10\/IMG_6062.jpg 1600w\" sizes=\"auto, (max-width: 665px) 100vw, 665px\" \/><\/a>\n\t\t\t<\/dt><\/dl>\n\t\t\t<br style='clear: both' \/>\n\t\t<\/div>\n\n<pre>Page mise \u00e0 jour le 07-11-2021<\/pre>\n<div class=\"pvc_clear\"><\/div>\n<p id=\"pvc_stats_13396\" class=\"pvc_stats all  \" data-element-id=\"13396\" style=\"\"><i class=\"pvc-stats-icon medium\" aria-hidden=\"true\"><svg aria-hidden=\"true\" focusable=\"false\" data-prefix=\"far\" data-icon=\"chart-bar\" role=\"img\" xmlns=\"http:\/\/www.w3.org\/2000\/svg\" viewBox=\"0 0 512 512\" class=\"svg-inline--fa fa-chart-bar fa-w-16 fa-2x\"><path fill=\"currentColor\" d=\"M396.8 352h22.4c6.4 0 12.8-6.4 12.8-12.8V108.8c0-6.4-6.4-12.8-12.8-12.8h-22.4c-6.4 0-12.8 6.4-12.8 12.8v230.4c0 6.4 6.4 12.8 12.8 12.8zm-192 0h22.4c6.4 0 12.8-6.4 12.8-12.8V140.8c0-6.4-6.4-12.8-12.8-12.8h-22.4c-6.4 0-12.8 6.4-12.8 12.8v198.4c0 6.4 6.4 12.8 12.8 12.8zm96 0h22.4c6.4 0 12.8-6.4 12.8-12.8V204.8c0-6.4-6.4-12.8-12.8-12.8h-22.4c-6.4 0-12.8 6.4-12.8 12.8v134.4c0 6.4 6.4 12.8 12.8 12.8zM496 400H48V80c0-8.84-7.16-16-16-16H16C7.16 64 0 71.16 0 80v336c0 17.67 14.33 32 32 32h464c8.84 0 16-7.16 16-16v-16c0-8.84-7.16-16-16-16zm-387.2-48h22.4c6.4 0 12.8-6.4 12.8-12.8v-70.4c0-6.4-6.4-12.8-12.8-12.8h-22.4c-6.4 0-12.8 6.4-12.8 12.8v70.4c0 6.4 6.4 12.8 12.8 12.8z\" class=\"\"><\/path><\/svg><\/i> <img loading=\"lazy\" decoding=\"async\" width=\"16\" height=\"16\" alt=\"Loading\" src=\"https:\/\/meriller-vapeur.fr\/wp3\/wp-content\/plugins\/page-views-count\/ajax-loader-2x.gif\" border=0 \/><\/p>\n<div class=\"pvc_clear\"><\/div>\n","protected":false},"excerpt":{"rendered":"<p>Notre ami Jean-Paul Tallet nous adresse ce jour le compte-rendu de cette belle journ\u00e9e : C\u2019est par un beau soleil que le Club NCPC mod\u00e9lisme de Neuvic sur l&rsquo;Isle a ouvert ses portes pour une \u00ab\u00a0Bourse Expo mod\u00e9lisme\u00a0\u00bb ce dimanche le\u00a024 Octobre 2021. Avec un grand plaisir\u00a0la Bourse Expo a pu accueillir ses visiteurs, dans\u2026 <span class=\"read-more\"><a href=\"https:\/\/meriller-vapeur.fr\/wp3\/?page_id=13396\">Read More &raquo;<\/a><\/span><\/p>\n<div class=\"pvc_clear\"><\/div>\n<p id=\"pvc_stats_13396\" class=\"pvc_stats all  \" data-element-id=\"13396\" style=\"\"><i class=\"pvc-stats-icon medium\" aria-hidden=\"true\"><svg aria-hidden=\"true\" focusable=\"false\" data-prefix=\"far\" data-icon=\"chart-bar\" role=\"img\" xmlns=\"http:\/\/www.w3.org\/2000\/svg\" viewBox=\"0 0 512 512\" class=\"svg-inline--fa fa-chart-bar fa-w-16 fa-2x\"><path fill=\"currentColor\" d=\"M396.8 352h22.4c6.4 0 12.8-6.4 12.8-12.8V108.8c0-6.4-6.4-12.8-12.8-12.8h-22.4c-6.4 0-12.8 6.4-12.8 12.8v230.4c0 6.4 6.4 12.8 12.8 12.8zm-192 0h22.4c6.4 0 12.8-6.4 12.8-12.8V140.8c0-6.4-6.4-12.8-12.8-12.8h-22.4c-6.4 0-12.8 6.4-12.8 12.8v198.4c0 6.4 6.4 12.8 12.8 12.8zm96 0h22.4c6.4 0 12.8-6.4 12.8-12.8V204.8c0-6.4-6.4-12.8-12.8-12.8h-22.4c-6.4 0-12.8 6.4-12.8 12.8v134.4c0 6.4 6.4 12.8 12.8 12.8zM496 400H48V80c0-8.84-7.16-16-16-16H16C7.16 64 0 71.16 0 80v336c0 17.67 14.33 32 32 32h464c8.84 0 16-7.16 16-16v-16c0-8.84-7.16-16-16-16zm-387.2-48h22.4c6.4 0 12.8-6.4 12.8-12.8v-70.4c0-6.4-6.4-12.8-12.8-12.8h-22.4c-6.4 0-12.8 6.4-12.8 12.8v70.4c0 6.4 6.4 12.8 12.8 12.8z\" class=\"\"><\/path><\/svg><\/i> <img loading=\"lazy\" decoding=\"async\" width=\"16\" height=\"16\" alt=\"Loading\" src=\"https:\/\/meriller-vapeur.fr\/wp3\/wp-content\/plugins\/page-views-count\/ajax-loader-2x.gif\" border=0 \/><\/p>\n<div class=\"pvc_clear\"><\/div>\n","protected":false},"author":1,"featured_media":0,"parent":0,"menu_order":0,"comment_status":"closed","ping_status":"closed","template":"page-templates\/full-width.php","meta":{"footnotes":""},"class_list":["post-13396","page","type-page","status-publish","hentry"],"a3_pvc":{"activated":true,"total_views":157,"today_views":0},"_links":{"self":[{"href":"https:\/\/meriller-vapeur.fr\/wp3\/index.php?rest_route=\/wp\/v2\/pages\/13396","targetHints":{"allow":["GET"]}}],"collection":[{"href":"https:\/\/meriller-vapeur.fr\/wp3\/index.php?rest_route=\/wp\/v2\/pages"}],"about":[{"href":"https:\/\/meriller-vapeur.fr\/wp3\/index.php?rest_route=\/wp\/v2\/types\/page"}],"author":[{"embeddable":true,"href":"https:\/\/meriller-vapeur.fr\/wp3\/index.php?rest_route=\/wp\/v2\/users\/1"}],"replies":[{"embeddable":true,"href":"https:\/\/meriller-vapeur.fr\/wp3\/index.php?rest_route=%2Fwp%2Fv2%2Fcomments&post=13396"}],"version-history":[{"count":0,"href":"https:\/\/meriller-vapeur.fr\/wp3\/index.php?rest_route=\/wp\/v2\/pages\/13396\/revisions"}],"wp:attachment":[{"href":"https:\/\/meriller-vapeur.fr\/wp3\/index.php?rest_route=%2Fwp%2Fv2%2Fmedia&parent=13396"}],"curies":[{"name":"wp","href":"https:\/\/api.w.org\/{rel}","templated":true}]}}