{"id":13211,"date":"2021-10-16T10:35:26","date_gmt":"2021-10-16T08:35:26","guid":{"rendered":"https:\/\/meriller-vapeur.fr\/wp3\/?page_id=13211"},"modified":"2021-10-27T15:30:16","modified_gmt":"2021-10-27T13:30:16","slug":"locomotive-150a65-sur-le-rond-point-de-meriller-la-presse-etait-la","status":"publish","type":"page","link":"https:\/\/meriller-vapeur.fr\/wp3\/?page_id=13211","title":{"rendered":"\u2022 Locomotive 6065 PO  sur le Rond-Point : remise en \u00e9tat de la peinture."},"content":{"rendered":"<p><a href=\"https:\/\/meriller-vapeur.fr\/wp3\/?page_id=13185\">&lt;&lt;&lt;&lt; Retour<\/a><\/p>\n<p>Comme \u00e0 chaque \u00e9v\u00e9nement important dans la vie de notre Association, <em>nous devons \u00e0 la Presse r\u00e9gionale et locale de grands remerciements<\/em> pour s\u2019\u00eatre faite l\u2019\u00e9cho de nos activit\u00e9s. Cette fois encore, nous devons toute notre gratitude \u00e0 :<\/p>\n<p>\u261e Un grand merci \u00e0\u00a0<em><strong>A\u00efda Degeix<\/strong><\/em> reporter de\u00a0<strong>RADIOS LIBRES EN PERIGORD<\/strong>\u00a0pour son <strong>reportage<\/strong> \u00e0 \u00e9couter \u00a0<a href=\"https:\/\/www.mixcloud.com\/Radios_Libres_en_P\u00e9rigord\/20211007-cfa-de-p\u00e9rigueux-peinture-de-la-locomotive-rond-point-meriller-asso-merilletvapeur-cc\/\" target=\"_blank\" rel=\"noopener\">&gt;&gt;&gt;&gt;&gt;&gt;&gt;&gt;&gt;&gt;&gt;&gt;&gt;&gt;&gt;&gt;&gt;&gt;ICI<\/a><\/p>\n<p>&nbsp;<\/p>\n<p>\u261e<strong> \u00a0Reportage de\u00a0FRANCE BLEU P\u00c9RIGORD<\/strong>, \u00e0 lire\u00a0<a href=\"https:\/\/www.francebleu.fr\/infos\/societe\/locomotive-coulounieix-chamiers-dordogne-1634052294\" target=\"_blank\" rel=\"noopener\">&gt;&gt;&gt;&gt;&gt;&gt;&gt;&gt;&gt;&gt;&gt;&gt;&gt;&gt;&gt;&gt;ICI<\/a><\/p>\n<p>&nbsp;<\/p>\n<p>\u261eLa <strong>DORDOGNE LIBRE<\/strong> propose un article (cliquer pour lire) :<\/p>\n<p><a href=\"https:\/\/meriller-vapeur.fr\/wp3\/wp-content\/uploads\/2021\/10\/2021-10-14-ArticleDL-CFA-0100001.jpg\" target=\"_blank\" rel=\"noopener\"><img loading=\"lazy\" decoding=\"async\" class=\"alignleft wp-image-13271\" src=\"https:\/\/meriller-vapeur.fr\/wp3\/wp-content\/uploads\/2021\/10\/2021-10-14-ArticleDL-CFA-0100001-724x1024.jpg\" alt=\"\" width=\"403\" height=\"570\" srcset=\"https:\/\/meriller-vapeur.fr\/wp3\/wp-content\/uploads\/2021\/10\/2021-10-14-ArticleDL-CFA-0100001-724x1024.jpg 724w, https:\/\/meriller-vapeur.fr\/wp3\/wp-content\/uploads\/2021\/10\/2021-10-14-ArticleDL-CFA-0100001-212x300.jpg 212w, https:\/\/meriller-vapeur.fr\/wp3\/wp-content\/uploads\/2021\/10\/2021-10-14-ArticleDL-CFA-0100001-768x1086.jpg 768w, https:\/\/meriller-vapeur.fr\/wp3\/wp-content\/uploads\/2021\/10\/2021-10-14-ArticleDL-CFA-0100001-1086x1536.jpg 1086w, https:\/\/meriller-vapeur.fr\/wp3\/wp-content\/uploads\/2021\/10\/2021-10-14-ArticleDL-CFA-0100001-1448x2048.jpg 1448w, https:\/\/meriller-vapeur.fr\/wp3\/wp-content\/uploads\/2021\/10\/2021-10-14-ArticleDL-CFA-0100001-660x934.jpg 660w, https:\/\/meriller-vapeur.fr\/wp3\/wp-content\/uploads\/2021\/10\/2021-10-14-ArticleDL-CFA-0100001.jpg 1653w\" sizes=\"auto, (max-width: 403px) 100vw, 403px\" \/><\/a><\/p>\n<p><a href=\"https:\/\/meriller-vapeur.fr\/wp3\/wp-content\/uploads\/2021\/10\/2021-10-14-ArticleDL-CFA-0100002.jpg\" target=\"_blank\" rel=\"noopener\"><img loading=\"lazy\" decoding=\"async\" class=\"alignright wp-image-13272\" src=\"https:\/\/meriller-vapeur.fr\/wp3\/wp-content\/uploads\/2021\/10\/2021-10-14-ArticleDL-CFA-0100002-724x1024.jpg\" alt=\"\" width=\"405\" height=\"573\" srcset=\"https:\/\/meriller-vapeur.fr\/wp3\/wp-content\/uploads\/2021\/10\/2021-10-14-ArticleDL-CFA-0100002-724x1024.jpg 724w, https:\/\/meriller-vapeur.fr\/wp3\/wp-content\/uploads\/2021\/10\/2021-10-14-ArticleDL-CFA-0100002-212x300.jpg 212w, https:\/\/meriller-vapeur.fr\/wp3\/wp-content\/uploads\/2021\/10\/2021-10-14-ArticleDL-CFA-0100002-768x1086.jpg 768w, https:\/\/meriller-vapeur.fr\/wp3\/wp-content\/uploads\/2021\/10\/2021-10-14-ArticleDL-CFA-0100002-1086x1536.jpg 1086w, https:\/\/meriller-vapeur.fr\/wp3\/wp-content\/uploads\/2021\/10\/2021-10-14-ArticleDL-CFA-0100002-1448x2048.jpg 1448w, https:\/\/meriller-vapeur.fr\/wp3\/wp-content\/uploads\/2021\/10\/2021-10-14-ArticleDL-CFA-0100002-660x934.jpg 660w, https:\/\/meriller-vapeur.fr\/wp3\/wp-content\/uploads\/2021\/10\/2021-10-14-ArticleDL-CFA-0100002.jpg 1653w\" sizes=\"auto, (max-width: 405px) 100vw, 405px\" \/><\/a><\/p>\n<p>&nbsp;<\/p>\n<p>&nbsp;<\/p>\n<p>&nbsp;<\/p>\n<p>&nbsp;<\/p>\n<p>&nbsp;<\/p>\n<p>&nbsp;<\/p>\n<p>&nbsp;<\/p>\n<p>&nbsp;<\/p>\n<p>&nbsp;<\/p>\n<p>&nbsp;<\/p>\n<p>&nbsp;<\/p>\n<p>&nbsp;<\/p>\n<p>&nbsp;<\/p>\n<p>&nbsp;<\/p>\n<p>&nbsp;<\/p>\n<hr \/>\n<p>&nbsp;<\/p>\n<p>\u261eLe <strong>Journal SUD-OUEST<\/strong> passe un article le 27-10-2021 :<\/p>\n<p><img loading=\"lazy\" decoding=\"async\" class=\"alignleft wp-image-13393 size-full\" src=\"https:\/\/meriller-vapeur.fr\/wp3\/wp-content\/uploads\/2021\/10\/2021-10-27-CFA-TENDER.jpg\" alt=\"\" width=\"982\" height=\"1102\" srcset=\"https:\/\/meriller-vapeur.fr\/wp3\/wp-content\/uploads\/2021\/10\/2021-10-27-CFA-TENDER.jpg 982w, https:\/\/meriller-vapeur.fr\/wp3\/wp-content\/uploads\/2021\/10\/2021-10-27-CFA-TENDER-267x300.jpg 267w, https:\/\/meriller-vapeur.fr\/wp3\/wp-content\/uploads\/2021\/10\/2021-10-27-CFA-TENDER-912x1024.jpg 912w, https:\/\/meriller-vapeur.fr\/wp3\/wp-content\/uploads\/2021\/10\/2021-10-27-CFA-TENDER-768x862.jpg 768w, https:\/\/meriller-vapeur.fr\/wp3\/wp-content\/uploads\/2021\/10\/2021-10-27-CFA-TENDER-660x741.jpg 660w\" sizes=\"auto, (max-width: 982px) 100vw, 982px\" \/><\/p>\n<pre>page mise \u00e0 jour le 27-10-2021<\/pre>\n<p>&nbsp;<\/p>\n<p>&nbsp;<\/p>\n<p>&nbsp;<\/p>\n<div class=\"pvc_clear\"><\/div>\n<p id=\"pvc_stats_13211\" class=\"pvc_stats all  \" data-element-id=\"13211\" style=\"\"><i class=\"pvc-stats-icon medium\" aria-hidden=\"true\"><svg aria-hidden=\"true\" focusable=\"false\" data-prefix=\"far\" data-icon=\"chart-bar\" role=\"img\" xmlns=\"http:\/\/www.w3.org\/2000\/svg\" viewBox=\"0 0 512 512\" class=\"svg-inline--fa fa-chart-bar fa-w-16 fa-2x\"><path fill=\"currentColor\" d=\"M396.8 352h22.4c6.4 0 12.8-6.4 12.8-12.8V108.8c0-6.4-6.4-12.8-12.8-12.8h-22.4c-6.4 0-12.8 6.4-12.8 12.8v230.4c0 6.4 6.4 12.8 12.8 12.8zm-192 0h22.4c6.4 0 12.8-6.4 12.8-12.8V140.8c0-6.4-6.4-12.8-12.8-12.8h-22.4c-6.4 0-12.8 6.4-12.8 12.8v198.4c0 6.4 6.4 12.8 12.8 12.8zm96 0h22.4c6.4 0 12.8-6.4 12.8-12.8V204.8c0-6.4-6.4-12.8-12.8-12.8h-22.4c-6.4 0-12.8 6.4-12.8 12.8v134.4c0 6.4 6.4 12.8 12.8 12.8zM496 400H48V80c0-8.84-7.16-16-16-16H16C7.16 64 0 71.16 0 80v336c0 17.67 14.33 32 32 32h464c8.84 0 16-7.16 16-16v-16c0-8.84-7.16-16-16-16zm-387.2-48h22.4c6.4 0 12.8-6.4 12.8-12.8v-70.4c0-6.4-6.4-12.8-12.8-12.8h-22.4c-6.4 0-12.8 6.4-12.8 12.8v70.4c0 6.4 6.4 12.8 12.8 12.8z\" class=\"\"><\/path><\/svg><\/i> <img loading=\"lazy\" decoding=\"async\" width=\"16\" height=\"16\" alt=\"Loading\" src=\"https:\/\/meriller-vapeur.fr\/wp3\/wp-content\/plugins\/page-views-count\/ajax-loader-2x.gif\" border=0 \/><\/p>\n<div class=\"pvc_clear\"><\/div>\n","protected":false},"excerpt":{"rendered":"<p>&lt;&lt;&lt;&lt; Retour Comme \u00e0 chaque \u00e9v\u00e9nement important dans la vie de notre Association, nous devons \u00e0 la Presse r\u00e9gionale et locale de grands remerciements pour s\u2019\u00eatre faite l\u2019\u00e9cho de nos activit\u00e9s. Cette fois encore, nous devons toute notre gratitude \u00e0 : \u261e Un grand merci \u00e0\u00a0A\u00efda Degeix reporter de\u00a0RADIOS LIBRES EN PERIGORD\u00a0pour son reportage \u00e0\u2026 <span class=\"read-more\"><a href=\"https:\/\/meriller-vapeur.fr\/wp3\/?page_id=13211\">Read More &raquo;<\/a><\/span><\/p>\n<div class=\"pvc_clear\"><\/div>\n<p id=\"pvc_stats_13211\" class=\"pvc_stats all  \" data-element-id=\"13211\" style=\"\"><i class=\"pvc-stats-icon medium\" aria-hidden=\"true\"><svg aria-hidden=\"true\" focusable=\"false\" data-prefix=\"far\" data-icon=\"chart-bar\" role=\"img\" xmlns=\"http:\/\/www.w3.org\/2000\/svg\" viewBox=\"0 0 512 512\" class=\"svg-inline--fa fa-chart-bar fa-w-16 fa-2x\"><path fill=\"currentColor\" d=\"M396.8 352h22.4c6.4 0 12.8-6.4 12.8-12.8V108.8c0-6.4-6.4-12.8-12.8-12.8h-22.4c-6.4 0-12.8 6.4-12.8 12.8v230.4c0 6.4 6.4 12.8 12.8 12.8zm-192 0h22.4c6.4 0 12.8-6.4 12.8-12.8V140.8c0-6.4-6.4-12.8-12.8-12.8h-22.4c-6.4 0-12.8 6.4-12.8 12.8v198.4c0 6.4 6.4 12.8 12.8 12.8zm96 0h22.4c6.4 0 12.8-6.4 12.8-12.8V204.8c0-6.4-6.4-12.8-12.8-12.8h-22.4c-6.4 0-12.8 6.4-12.8 12.8v134.4c0 6.4 6.4 12.8 12.8 12.8zM496 400H48V80c0-8.84-7.16-16-16-16H16C7.16 64 0 71.16 0 80v336c0 17.67 14.33 32 32 32h464c8.84 0 16-7.16 16-16v-16c0-8.84-7.16-16-16-16zm-387.2-48h22.4c6.4 0 12.8-6.4 12.8-12.8v-70.4c0-6.4-6.4-12.8-12.8-12.8h-22.4c-6.4 0-12.8 6.4-12.8 12.8v70.4c0 6.4 6.4 12.8 12.8 12.8z\" class=\"\"><\/path><\/svg><\/i> <img loading=\"lazy\" decoding=\"async\" width=\"16\" height=\"16\" alt=\"Loading\" src=\"https:\/\/meriller-vapeur.fr\/wp3\/wp-content\/plugins\/page-views-count\/ajax-loader-2x.gif\" border=0 \/><\/p>\n<div class=\"pvc_clear\"><\/div>\n","protected":false},"author":1,"featured_media":0,"parent":0,"menu_order":0,"comment_status":"closed","ping_status":"closed","template":"page-templates\/full-width.php","meta":{"footnotes":""},"class_list":["post-13211","page","type-page","status-publish","hentry"],"a3_pvc":{"activated":true,"total_views":71,"today_views":0},"_links":{"self":[{"href":"https:\/\/meriller-vapeur.fr\/wp3\/index.php?rest_route=\/wp\/v2\/pages\/13211","targetHints":{"allow":["GET"]}}],"collection":[{"href":"https:\/\/meriller-vapeur.fr\/wp3\/index.php?rest_route=\/wp\/v2\/pages"}],"about":[{"href":"https:\/\/meriller-vapeur.fr\/wp3\/index.php?rest_route=\/wp\/v2\/types\/page"}],"author":[{"embeddable":true,"href":"https:\/\/meriller-vapeur.fr\/wp3\/index.php?rest_route=\/wp\/v2\/users\/1"}],"replies":[{"embeddable":true,"href":"https:\/\/meriller-vapeur.fr\/wp3\/index.php?rest_route=%2Fwp%2Fv2%2Fcomments&post=13211"}],"version-history":[{"count":0,"href":"https:\/\/meriller-vapeur.fr\/wp3\/index.php?rest_route=\/wp\/v2\/pages\/13211\/revisions"}],"wp:attachment":[{"href":"https:\/\/meriller-vapeur.fr\/wp3\/index.php?rest_route=%2Fwp%2Fv2%2Fmedia&parent=13211"}],"curies":[{"name":"wp","href":"https:\/\/api.w.org\/{rel}","templated":true}]}}