{"id":1299,"date":"2013-12-03T14:50:26","date_gmt":"2013-12-03T13:50:26","guid":{"rendered":"http:\/\/meriller-vapeur.fr\/wp3\/?page_id=1299"},"modified":"2021-10-16T10:29:51","modified_gmt":"2021-10-16T08:29:51","slug":"1248-2-2","status":"publish","type":"page","link":"https:\/\/meriller-vapeur.fr\/wp3\/?page_id=1299","title":{"rendered":"L&rsquo;Aventure du Tender de la locomotive \u00e0 vapeur PO 6065."},"content":{"rendered":"<p><strong>Petit rappel\u00a0: \u00a0<\/strong><em>Propri\u00e9t\u00e9 de la SNCF, la locomotive \u00e0 vapeur PO 6065 a \u00e9t\u00e9 pr\u00eat\u00e9e pour une dur\u00e9e de 30 ans par le MUSEE DU CHEMIN DE FER DE MULHOUSE (aujourd\u2019hui CITE DU TRAIN) . Elle a \u00e9t\u00e9 install\u00e9e sur le rond point de <\/em><em>\u00a0rond point de Meriller, \u00e0 l\u2019entr\u00e9e ouest de P\u00e9rigueux en venant de Bordeaux<\/em>, apr\u00e8s avoir travers\u00e9 la France en convoi exceptionnel.<\/p>\n<p><em>Au fil des ann\u00e9es, l\u2019installation du Rond-point est compl\u00e9t\u00e9e par les b\u00e9n\u00e9voles de l\u2019association Meriller-Vapeur 24 :<\/em><\/p>\n<ul>\n<li><em>2004\u00a0:\u00a0un\u00a0bogie du type \u00a0\u00bb Pensylvania\u00a0\u00bb qui sera install\u00e9 sur l\u2019aiguillage\u00a0au centre du giratoire, ainsi que 2 barri\u00e8res et panneaux routier.<\/em><\/li>\n<li><em>2007\u00a0:\u00a03 poteaux t\u00e9l\u00e9phoniques, avec isolateurs provenant de la SNCF et un\u00a0fanal fonctionnel.<\/em><\/li>\n<li><em>2009\u00a0:\u00a0don d&rsquo;une Cloche annonce,\u00a0install\u00e9e sur le giratoire (2008), inaugur\u00e9e le 21 juin.<\/em><\/li>\n<li><em>2011\u00a0:\u00a0gros travaux de remise \u00a0\u00e0 niveau du mat\u00e9riel expos\u00e9 \u00a0sur le rond point. Locomotive, barri\u00e8res, bogies, cloche annonce repeints.\u00a0Pose du heurtoir, et installation de l\u2019\u00e9clairage dans la cabine de la locomotive et du \u00ab\u00a0carr\u00e9 violet\u00a0\u00bb sur le heurtoir.<\/em><\/li>\n<\/ul>\n<p><strong>2011\u00a0:<\/strong>\u00a0en septembre, une\u00a0Souscription a \u00e9t\u00e9 lanc\u00e9e\u00a0pour soutenir\u00a0<strong>l\u2019ACHAT d\u2019une CUVE et d\u2019un CHASSIS<\/strong>\u00a0qui vont nous permettre de reconstruire le tender.<\/p>\n<p><strong>2012<\/strong>\u00a0<strong>:<\/strong>\u00a0<a href=\"https:\/\/www.meriller-vapeur.fr\/activites\/tender\/cuve\/transport_cuve\/transport_cuve.html\" target=\"_blank\" rel=\"noopener noreferrer\">Acheminement de la CUVE<\/a>\u00a0du tender\u00a0<strong>vers le local du Club<\/strong>, o\u00f9 elle sera remise en \u00e9tat et assembl\u00e9e avec le chassis.<\/p>\n<p><strong>2012\u00a0:<\/strong>\u00a0Arriv\u00e9e du wagon destin\u00e9 \u00e0 recevoir la cuve du tender. En attendant le reportage complet, voici une\u00a0<a href=\"https:\/\/www.meriller-vapeur.fr\/activites\/tender\/plateau\/annonce\/wagon_arrive.html\" target=\"_blank\" rel=\"noopener noreferrer\">photo de l\u2019objet<\/a>!<\/p>\n<p><strong>Avril 2012 \u00e0 d\u00e9cembre 2013\u00a0:<\/strong>\u00a0les travaux de restauration et de construction du tender se d\u00e9roulent au fil des saisons, assur\u00e9s totalement par les b\u00e9n\u00e9voles du Club. Un travail consid\u00e9rable, dont les photos qui suivent constituent un r\u00e9sum\u00e9 rapide&#8230;<\/p>\n<p><em><strong>\u00a0UN TR\u00c8S GRAND MERCI \u00c0 TOUS CEUX QUI ONT OFFERT LEUR TEMPS, LEUR SAVOIR FAIRE, LEUR COURAGE pour mener \u00e0 bien ce gros chantier!<\/strong><\/em><\/p>\n<p><em><strong>Merci \u00e9galement \u00e0 tous nos SPONSORS, sans qui nous n&rsquo;aurions pas pu aboutir dans un tel d\u00e9lai&#8230;<\/strong><\/em><\/p>\n\n\t\t<style type=\"text\/css\">\n\t\t\t#gallery-1 {\n\t\t\t\tmargin: auto;\n\t\t\t}\n\t\t\t#gallery-1 .gallery-item {\n\t\t\t\tfloat: left;\n\t\t\t\tmargin-top: 10px;\n\t\t\t\ttext-align: center;\n\t\t\t\twidth: 33%;\n\t\t\t}\n\t\t\t#gallery-1 img {\n\t\t\t\tborder: 2px solid #cfcfcf;\n\t\t\t}\n\t\t\t#gallery-1 .gallery-caption {\n\t\t\t\tmargin-left: 0;\n\t\t\t}\n\t\t\t\/* see gallery_shortcode() in wp-includes\/media.php *\/\n\t\t<\/style>\n\t\t<div id='gallery-1' class='gallery galleryid-1299 gallery-columns-3 gallery-size-medium'><dl class='gallery-item'>\n\t\t\t<dt class='gallery-icon landscape'>\n\t\t\t\t<a href='https:\/\/meriller-vapeur.fr\/wp3\/?attachment_id=1301'><img loading=\"lazy\" decoding=\"async\" width=\"300\" height=\"168\" src=\"https:\/\/meriller-vapeur.fr\/wp3\/wp-content\/uploads\/2013\/12\/02-tender-historique1-300x168.jpg\" class=\"attachment-medium size-medium\" alt=\"\" aria-describedby=\"gallery-1-1301\" srcset=\"https:\/\/meriller-vapeur.fr\/wp3\/wp-content\/uploads\/2013\/12\/02-tender-historique1-300x168.jpg 300w, https:\/\/meriller-vapeur.fr\/wp3\/wp-content\/uploads\/2013\/12\/02-tender-historique1-1024x576.jpg 1024w, https:\/\/meriller-vapeur.fr\/wp3\/wp-content\/uploads\/2013\/12\/02-tender-historique1.jpg 1200w\" sizes=\"auto, (max-width: 300px) 100vw, 300px\" \/><\/a>\n\t\t\t<\/dt>\n\t\t\t\t<dd class='wp-caption-text gallery-caption' id='gallery-1-1301'>\n\t\t\t\tLa cuve, \u00e9tat d&rsquo;origine, remplie de boue&#8230;\n\t\t\t\t<\/dd><\/dl><dl class='gallery-item'>\n\t\t\t<dt class='gallery-icon landscape'>\n\t\t\t\t<a href='https:\/\/meriller-vapeur.fr\/wp3\/?attachment_id=1306'><img loading=\"lazy\" decoding=\"async\" width=\"300\" height=\"200\" src=\"https:\/\/meriller-vapeur.fr\/wp3\/wp-content\/uploads\/2013\/12\/07-tender-historique1-300x200.jpg\" class=\"attachment-medium size-medium\" alt=\"\" aria-describedby=\"gallery-1-1306\" srcset=\"https:\/\/meriller-vapeur.fr\/wp3\/wp-content\/uploads\/2013\/12\/07-tender-historique1-300x200.jpg 300w, https:\/\/meriller-vapeur.fr\/wp3\/wp-content\/uploads\/2013\/12\/07-tender-historique1-1024x682.jpg 1024w, https:\/\/meriller-vapeur.fr\/wp3\/wp-content\/uploads\/2013\/12\/07-tender-historique1.jpg 1200w\" sizes=\"auto, (max-width: 300px) 100vw, 300px\" \/><\/a>\n\t\t\t<\/dt>\n\t\t\t\t<dd class='wp-caption-text gallery-caption' id='gallery-1-1306'>\n\t\t\t\t&#8230; et son d\u00e9chargement.\n\t\t\t\t<\/dd><\/dl><dl class='gallery-item'>\n\t\t\t<dt class='gallery-icon landscape'>\n\t\t\t\t<a href='https:\/\/meriller-vapeur.fr\/wp3\/?attachment_id=1313'><img loading=\"lazy\" decoding=\"async\" width=\"300\" height=\"225\" src=\"https:\/\/meriller-vapeur.fr\/wp3\/wp-content\/uploads\/2013\/12\/14-tender-historique1-300x225.jpg\" class=\"attachment-medium size-medium\" alt=\"\" aria-describedby=\"gallery-1-1313\" srcset=\"https:\/\/meriller-vapeur.fr\/wp3\/wp-content\/uploads\/2013\/12\/14-tender-historique1-300x225.jpg 300w, https:\/\/meriller-vapeur.fr\/wp3\/wp-content\/uploads\/2013\/12\/14-tender-historique1-1024x768.jpg 1024w, https:\/\/meriller-vapeur.fr\/wp3\/wp-content\/uploads\/2013\/12\/14-tender-historique1.jpg 1200w\" sizes=\"auto, (max-width: 300px) 100vw, 300px\" \/><\/a>\n\t\t\t<\/dt>\n\t\t\t\t<dd class='wp-caption-text gallery-caption' id='gallery-1-1313'>\n\t\t\t\tSoudure des bouches de prise d&rsquo;eau pour les soutes\n\t\t\t\t<\/dd><\/dl><br style=\"clear: both\" \/><dl class='gallery-item'>\n\t\t\t<dt class='gallery-icon landscape'>\n\t\t\t\t<a href='https:\/\/meriller-vapeur.fr\/wp3\/?attachment_id=1331'><img loading=\"lazy\" decoding=\"async\" width=\"300\" height=\"225\" src=\"https:\/\/meriller-vapeur.fr\/wp3\/wp-content\/uploads\/2013\/12\/32-tender-historique-300x225.jpg\" class=\"attachment-medium size-medium\" alt=\"\" aria-describedby=\"gallery-1-1331\" srcset=\"https:\/\/meriller-vapeur.fr\/wp3\/wp-content\/uploads\/2013\/12\/32-tender-historique-300x225.jpg 300w, https:\/\/meriller-vapeur.fr\/wp3\/wp-content\/uploads\/2013\/12\/32-tender-historique-1024x768.jpg 1024w, https:\/\/meriller-vapeur.fr\/wp3\/wp-content\/uploads\/2013\/12\/32-tender-historique.jpg 1200w\" sizes=\"auto, (max-width: 300px) 100vw, 300px\" \/><\/a>\n\t\t\t<\/dt>\n\t\t\t\t<dd class='wp-caption-text gallery-caption' id='gallery-1-1331'>\n\t\t\t\t30 novembre 2013\u00a0: c&rsquo;est fini!\n\t\t\t\t<\/dd><\/dl>\n\t\t\t<br style='clear: both' \/>\n\t\t<\/div>\n\n<p>_______________________<\/p>\n<pre><em>page mise \u00e0 jour le 16-10-2021.<\/em><\/pre>\n<div class=\"pvc_clear\"><\/div>\n<p id=\"pvc_stats_1299\" class=\"pvc_stats all  \" data-element-id=\"1299\" style=\"\"><i class=\"pvc-stats-icon medium\" aria-hidden=\"true\"><svg aria-hidden=\"true\" focusable=\"false\" data-prefix=\"far\" data-icon=\"chart-bar\" role=\"img\" xmlns=\"http:\/\/www.w3.org\/2000\/svg\" viewBox=\"0 0 512 512\" class=\"svg-inline--fa fa-chart-bar fa-w-16 fa-2x\"><path fill=\"currentColor\" d=\"M396.8 352h22.4c6.4 0 12.8-6.4 12.8-12.8V108.8c0-6.4-6.4-12.8-12.8-12.8h-22.4c-6.4 0-12.8 6.4-12.8 12.8v230.4c0 6.4 6.4 12.8 12.8 12.8zm-192 0h22.4c6.4 0 12.8-6.4 12.8-12.8V140.8c0-6.4-6.4-12.8-12.8-12.8h-22.4c-6.4 0-12.8 6.4-12.8 12.8v198.4c0 6.4 6.4 12.8 12.8 12.8zm96 0h22.4c6.4 0 12.8-6.4 12.8-12.8V204.8c0-6.4-6.4-12.8-12.8-12.8h-22.4c-6.4 0-12.8 6.4-12.8 12.8v134.4c0 6.4 6.4 12.8 12.8 12.8zM496 400H48V80c0-8.84-7.16-16-16-16H16C7.16 64 0 71.16 0 80v336c0 17.67 14.33 32 32 32h464c8.84 0 16-7.16 16-16v-16c0-8.84-7.16-16-16-16zm-387.2-48h22.4c6.4 0 12.8-6.4 12.8-12.8v-70.4c0-6.4-6.4-12.8-12.8-12.8h-22.4c-6.4 0-12.8 6.4-12.8 12.8v70.4c0 6.4 6.4 12.8 12.8 12.8z\" class=\"\"><\/path><\/svg><\/i> <img loading=\"lazy\" decoding=\"async\" width=\"16\" height=\"16\" alt=\"Loading\" src=\"https:\/\/meriller-vapeur.fr\/wp3\/wp-content\/plugins\/page-views-count\/ajax-loader-2x.gif\" border=0 \/><\/p>\n<div class=\"pvc_clear\"><\/div>\n","protected":false},"excerpt":{"rendered":"<p>Petit rappel\u00a0: \u00a0Propri\u00e9t\u00e9 de la SNCF, la locomotive \u00e0 vapeur PO 6065 a \u00e9t\u00e9 pr\u00eat\u00e9e pour une dur\u00e9e de 30 ans par le MUSEE DU CHEMIN DE FER DE MULHOUSE (aujourd\u2019hui CITE DU TRAIN) . Elle a \u00e9t\u00e9 install\u00e9e sur le rond point de \u00a0rond point de Meriller, \u00e0 l\u2019entr\u00e9e ouest de P\u00e9rigueux en venant\u2026 <span class=\"read-more\"><a href=\"https:\/\/meriller-vapeur.fr\/wp3\/?page_id=1299\">Read More &raquo;<\/a><\/span><\/p>\n<div class=\"pvc_clear\"><\/div>\n<p id=\"pvc_stats_1299\" class=\"pvc_stats all  \" data-element-id=\"1299\" style=\"\"><i class=\"pvc-stats-icon medium\" aria-hidden=\"true\"><svg aria-hidden=\"true\" focusable=\"false\" data-prefix=\"far\" data-icon=\"chart-bar\" role=\"img\" xmlns=\"http:\/\/www.w3.org\/2000\/svg\" viewBox=\"0 0 512 512\" class=\"svg-inline--fa fa-chart-bar fa-w-16 fa-2x\"><path fill=\"currentColor\" d=\"M396.8 352h22.4c6.4 0 12.8-6.4 12.8-12.8V108.8c0-6.4-6.4-12.8-12.8-12.8h-22.4c-6.4 0-12.8 6.4-12.8 12.8v230.4c0 6.4 6.4 12.8 12.8 12.8zm-192 0h22.4c6.4 0 12.8-6.4 12.8-12.8V140.8c0-6.4-6.4-12.8-12.8-12.8h-22.4c-6.4 0-12.8 6.4-12.8 12.8v198.4c0 6.4 6.4 12.8 12.8 12.8zm96 0h22.4c6.4 0 12.8-6.4 12.8-12.8V204.8c0-6.4-6.4-12.8-12.8-12.8h-22.4c-6.4 0-12.8 6.4-12.8 12.8v134.4c0 6.4 6.4 12.8 12.8 12.8zM496 400H48V80c0-8.84-7.16-16-16-16H16C7.16 64 0 71.16 0 80v336c0 17.67 14.33 32 32 32h464c8.84 0 16-7.16 16-16v-16c0-8.84-7.16-16-16-16zm-387.2-48h22.4c6.4 0 12.8-6.4 12.8-12.8v-70.4c0-6.4-6.4-12.8-12.8-12.8h-22.4c-6.4 0-12.8 6.4-12.8 12.8v70.4c0 6.4 6.4 12.8 12.8 12.8z\" class=\"\"><\/path><\/svg><\/i> <img loading=\"lazy\" decoding=\"async\" width=\"16\" height=\"16\" alt=\"Loading\" src=\"https:\/\/meriller-vapeur.fr\/wp3\/wp-content\/plugins\/page-views-count\/ajax-loader-2x.gif\" border=0 \/><\/p>\n<div class=\"pvc_clear\"><\/div>\n","protected":false},"author":1,"featured_media":0,"parent":179,"menu_order":0,"comment_status":"open","ping_status":"closed","template":"page-templates\/full-width.php","meta":{"footnotes":""},"class_list":["post-1299","page","type-page","status-publish","hentry"],"a3_pvc":{"activated":true,"total_views":2019,"today_views":0},"_links":{"self":[{"href":"https:\/\/meriller-vapeur.fr\/wp3\/index.php?rest_route=\/wp\/v2\/pages\/1299","targetHints":{"allow":["GET"]}}],"collection":[{"href":"https:\/\/meriller-vapeur.fr\/wp3\/index.php?rest_route=\/wp\/v2\/pages"}],"about":[{"href":"https:\/\/meriller-vapeur.fr\/wp3\/index.php?rest_route=\/wp\/v2\/types\/page"}],"author":[{"embeddable":true,"href":"https:\/\/meriller-vapeur.fr\/wp3\/index.php?rest_route=\/wp\/v2\/users\/1"}],"replies":[{"embeddable":true,"href":"https:\/\/meriller-vapeur.fr\/wp3\/index.php?rest_route=%2Fwp%2Fv2%2Fcomments&post=1299"}],"version-history":[{"count":0,"href":"https:\/\/meriller-vapeur.fr\/wp3\/index.php?rest_route=\/wp\/v2\/pages\/1299\/revisions"}],"up":[{"embeddable":true,"href":"https:\/\/meriller-vapeur.fr\/wp3\/index.php?rest_route=\/wp\/v2\/pages\/179"}],"wp:attachment":[{"href":"https:\/\/meriller-vapeur.fr\/wp3\/index.php?rest_route=%2Fwp%2Fv2%2Fmedia&parent=1299"}],"curies":[{"name":"wp","href":"https:\/\/api.w.org\/{rel}","templated":true}]}}