{"id":12930,"date":"2021-05-08T09:44:39","date_gmt":"2021-05-08T07:44:39","guid":{"rendered":"https:\/\/meriller-vapeur.fr\/wp3\/?page_id=12930"},"modified":"2021-10-17T16:04:56","modified_gmt":"2021-10-17T14:04:56","slug":"train-de-travaux-a-niversac","status":"publish","type":"page","link":"https:\/\/meriller-vapeur.fr\/wp3\/?page_id=12930","title":{"rendered":"TRAIN de TRAVAUX \u00e0 NIVERSAC"},"content":{"rendered":"<p>Roger Marouby (assist\u00e9 plus tard et\u00a0<em>involontairement<\/em> de Pierre Perrier\u2026) nous adresse ce petit reportage en date du<span class=\"Apple-converted-space\">\u00a0\u00a0<\/span>27 avril 2021&#8230;<\/p>\n<blockquote><p>\u00a0\u00bb Voici les photos d\u2019un Trains de Travaux en attente d\u2019intervention sur le R\u00e9seau Ferr\u00e9<br \/>\nCe mat\u00e9riel, sur le site de Niversac, effectue une campagne d\u2019assainissement de la voie.<br \/>\nL\u2019op\u00e9ration consiste \u00e0 intervenir sur les points \u00e0 traiter :<\/p><\/blockquote>\n<ul>\n<li>Enlever le panneau (rails + traverses, longueur en g\u00e9n\u00e9rale 15m ou 20m).<\/li>\n<li>Enlever<span class=\"Apple-converted-space\">\u00a0 <\/span>le vieux ballast.<\/li>\n<li>Damer le sol avec un rouleau vibreur.<\/li>\n<li>Placer sur le sol dam\u00e9 une toile g\u00e9otextile (protection des infiltrations d\u2019eau).<\/li>\n<li>Recharger avec du ballast neuf.<\/li>\n<li>Le panneau est repos\u00e9 apr\u00e8s avoir remplac\u00e9 ses traverses bois par des traverses&lt;b\u00e9ton bi-blocs, les rails sont r\u00e9utilis\u00e9s.<\/li>\n<li>Le panneau est relev\u00e9 manuellement pour ajustement en hauteur.<\/li>\n<li>La derni\u00e8re intervention est faite par la Bourreuse-Dresseuse-Auto-Niveleuse pour parfaire\u00a0la pose du panneau.<\/li>\n<li>La circulation des trains peut reprendre, avec limitation de vitesse en principe 40 km\/h pendant 4 jours, puis 4 jours \u00e0 100 km\/h et ensuite vitesse habituelle admise sur la ligne.<\/li>\n<\/ul>\n<p><b>Conseils pour le mod\u00e9lisme\u00a0:<\/b><\/p>\n<p><i>Voir photos\u00a0: Sur les wagons plats, dans les \u00ab\u00a0big bag\u00a0\u00bb blancs sont des \u00a0r\u00e9serves\u00a0 de ballast, on peut\u00a0<\/i><i>ainsi compl\u00e9ter un petit train de travaux et ajouter un wagon plat charg\u00e9 de traverses b\u00e9ton bi-blocs.<\/i><\/p>\n\n\t\t<style type=\"text\/css\">\n\t\t\t#gallery-1 {\n\t\t\t\tmargin: auto;\n\t\t\t}\n\t\t\t#gallery-1 .gallery-item {\n\t\t\t\tfloat: left;\n\t\t\t\tmargin-top: 10px;\n\t\t\t\ttext-align: center;\n\t\t\t\twidth: 50%;\n\t\t\t}\n\t\t\t#gallery-1 img {\n\t\t\t\tborder: 2px solid #cfcfcf;\n\t\t\t}\n\t\t\t#gallery-1 .gallery-caption {\n\t\t\t\tmargin-left: 0;\n\t\t\t}\n\t\t\t\/* see gallery_shortcode() in wp-includes\/media.php *\/\n\t\t<\/style>\n\t\t<div id='gallery-1' class='gallery galleryid-12930 gallery-columns-2 gallery-size-large'><dl class='gallery-item'>\n\t\t\t<dt class='gallery-icon landscape'>\n\t\t\t\t<a href='https:\/\/meriller-vapeur.fr\/wp3\/?attachment_id=12952'><img loading=\"lazy\" decoding=\"async\" width=\"665\" height=\"444\" src=\"https:\/\/meriller-vapeur.fr\/wp3\/wp-content\/uploads\/2021\/05\/NIVERSAC-BASE-TRAVAUX-ASSAINISSEMENT-VOIE-27-04-2021-IMG_0509-1024x684.jpg\" class=\"attachment-large size-large\" alt=\"\" aria-describedby=\"gallery-1-12952\" srcset=\"https:\/\/meriller-vapeur.fr\/wp3\/wp-content\/uploads\/2021\/05\/NIVERSAC-BASE-TRAVAUX-ASSAINISSEMENT-VOIE-27-04-2021-IMG_0509-1024x684.jpg 1024w, https:\/\/meriller-vapeur.fr\/wp3\/wp-content\/uploads\/2021\/05\/NIVERSAC-BASE-TRAVAUX-ASSAINISSEMENT-VOIE-27-04-2021-IMG_0509-300x200.jpg 300w, https:\/\/meriller-vapeur.fr\/wp3\/wp-content\/uploads\/2021\/05\/NIVERSAC-BASE-TRAVAUX-ASSAINISSEMENT-VOIE-27-04-2021-IMG_0509-768x513.jpg 768w, https:\/\/meriller-vapeur.fr\/wp3\/wp-content\/uploads\/2021\/05\/NIVERSAC-BASE-TRAVAUX-ASSAINISSEMENT-VOIE-27-04-2021-IMG_0509-1536x1026.jpg 1536w, https:\/\/meriller-vapeur.fr\/wp3\/wp-content\/uploads\/2021\/05\/NIVERSAC-BASE-TRAVAUX-ASSAINISSEMENT-VOIE-27-04-2021-IMG_0509-660x441.jpg 660w, https:\/\/meriller-vapeur.fr\/wp3\/wp-content\/uploads\/2021\/05\/NIVERSAC-BASE-TRAVAUX-ASSAINISSEMENT-VOIE-27-04-2021-IMG_0509.jpg 1600w\" sizes=\"auto, (max-width: 665px) 100vw, 665px\" \/><\/a>\n\t\t\t<\/dt>\n\t\t\t\t<dd class='wp-caption-text gallery-caption' id='gallery-1-12952'>\n\t\t\t\tLe Train et la \u00ab\u00a0Bourreuse\u00a0\u00bb&#8230;\n\t\t\t\t<\/dd><\/dl><dl class='gallery-item'>\n\t\t\t<dt class='gallery-icon landscape'>\n\t\t\t\t<a href='https:\/\/meriller-vapeur.fr\/wp3\/?attachment_id=12954'><img loading=\"lazy\" decoding=\"async\" width=\"665\" height=\"444\" src=\"https:\/\/meriller-vapeur.fr\/wp3\/wp-content\/uploads\/2021\/05\/NIVERSAC-TRAIN-TRAVAUX-27-04-2021-IMG_0510-1024x684.jpg\" class=\"attachment-large size-large\" alt=\"\" srcset=\"https:\/\/meriller-vapeur.fr\/wp3\/wp-content\/uploads\/2021\/05\/NIVERSAC-TRAIN-TRAVAUX-27-04-2021-IMG_0510-1024x684.jpg 1024w, https:\/\/meriller-vapeur.fr\/wp3\/wp-content\/uploads\/2021\/05\/NIVERSAC-TRAIN-TRAVAUX-27-04-2021-IMG_0510-300x200.jpg 300w, https:\/\/meriller-vapeur.fr\/wp3\/wp-content\/uploads\/2021\/05\/NIVERSAC-TRAIN-TRAVAUX-27-04-2021-IMG_0510-768x513.jpg 768w, https:\/\/meriller-vapeur.fr\/wp3\/wp-content\/uploads\/2021\/05\/NIVERSAC-TRAIN-TRAVAUX-27-04-2021-IMG_0510-1536x1026.jpg 1536w, https:\/\/meriller-vapeur.fr\/wp3\/wp-content\/uploads\/2021\/05\/NIVERSAC-TRAIN-TRAVAUX-27-04-2021-IMG_0510-660x441.jpg 660w, https:\/\/meriller-vapeur.fr\/wp3\/wp-content\/uploads\/2021\/05\/NIVERSAC-TRAIN-TRAVAUX-27-04-2021-IMG_0510.jpg 1600w\" sizes=\"auto, (max-width: 665px) 100vw, 665px\" \/><\/a>\n\t\t\t<\/dt><\/dl><br style=\"clear: both\" \/><dl class='gallery-item'>\n\t\t\t<dt class='gallery-icon landscape'>\n\t\t\t\t<a href='https:\/\/meriller-vapeur.fr\/wp3\/?attachment_id=12955'><img loading=\"lazy\" decoding=\"async\" width=\"665\" height=\"444\" src=\"https:\/\/meriller-vapeur.fr\/wp3\/wp-content\/uploads\/2021\/05\/NIVERSAC-TRAIN-TRAVAUX-27-04-2021-IMG_0520-1024x684.jpg\" class=\"attachment-large size-large\" alt=\"\" aria-describedby=\"gallery-1-12955\" srcset=\"https:\/\/meriller-vapeur.fr\/wp3\/wp-content\/uploads\/2021\/05\/NIVERSAC-TRAIN-TRAVAUX-27-04-2021-IMG_0520-1024x684.jpg 1024w, https:\/\/meriller-vapeur.fr\/wp3\/wp-content\/uploads\/2021\/05\/NIVERSAC-TRAIN-TRAVAUX-27-04-2021-IMG_0520-300x200.jpg 300w, https:\/\/meriller-vapeur.fr\/wp3\/wp-content\/uploads\/2021\/05\/NIVERSAC-TRAIN-TRAVAUX-27-04-2021-IMG_0520-768x513.jpg 768w, https:\/\/meriller-vapeur.fr\/wp3\/wp-content\/uploads\/2021\/05\/NIVERSAC-TRAIN-TRAVAUX-27-04-2021-IMG_0520-1536x1026.jpg 1536w, https:\/\/meriller-vapeur.fr\/wp3\/wp-content\/uploads\/2021\/05\/NIVERSAC-TRAIN-TRAVAUX-27-04-2021-IMG_0520-660x441.jpg 660w, https:\/\/meriller-vapeur.fr\/wp3\/wp-content\/uploads\/2021\/05\/NIVERSAC-TRAIN-TRAVAUX-27-04-2021-IMG_0520.jpg 1600w\" sizes=\"auto, (max-width: 665px) 100vw, 665px\" \/><\/a>\n\t\t\t<\/dt>\n\t\t\t\t<dd class='wp-caption-text gallery-caption' id='gallery-1-12955'>\n\t\t\t\tVue d\u2019ensemble du Train de Travaux.\n\t\t\t\t<\/dd><\/dl><dl class='gallery-item'>\n\t\t\t<dt class='gallery-icon landscape'>\n\t\t\t\t<a href='https:\/\/meriller-vapeur.fr\/wp3\/?attachment_id=12953'><img loading=\"lazy\" decoding=\"async\" width=\"665\" height=\"444\" src=\"https:\/\/meriller-vapeur.fr\/wp3\/wp-content\/uploads\/2021\/05\/NIVERSAC-BOURREUSE-DRESSEUSE-AUTO-NIVELEUSE-Ent-COLAS-27-04-2021-IMG_0513-1024x684.jpg\" class=\"attachment-large size-large\" alt=\"\" aria-describedby=\"gallery-1-12953\" srcset=\"https:\/\/meriller-vapeur.fr\/wp3\/wp-content\/uploads\/2021\/05\/NIVERSAC-BOURREUSE-DRESSEUSE-AUTO-NIVELEUSE-Ent-COLAS-27-04-2021-IMG_0513-1024x684.jpg 1024w, https:\/\/meriller-vapeur.fr\/wp3\/wp-content\/uploads\/2021\/05\/NIVERSAC-BOURREUSE-DRESSEUSE-AUTO-NIVELEUSE-Ent-COLAS-27-04-2021-IMG_0513-300x200.jpg 300w, https:\/\/meriller-vapeur.fr\/wp3\/wp-content\/uploads\/2021\/05\/NIVERSAC-BOURREUSE-DRESSEUSE-AUTO-NIVELEUSE-Ent-COLAS-27-04-2021-IMG_0513-768x513.jpg 768w, https:\/\/meriller-vapeur.fr\/wp3\/wp-content\/uploads\/2021\/05\/NIVERSAC-BOURREUSE-DRESSEUSE-AUTO-NIVELEUSE-Ent-COLAS-27-04-2021-IMG_0513-1536x1026.jpg 1536w, https:\/\/meriller-vapeur.fr\/wp3\/wp-content\/uploads\/2021\/05\/NIVERSAC-BOURREUSE-DRESSEUSE-AUTO-NIVELEUSE-Ent-COLAS-27-04-2021-IMG_0513-660x441.jpg 660w, https:\/\/meriller-vapeur.fr\/wp3\/wp-content\/uploads\/2021\/05\/NIVERSAC-BOURREUSE-DRESSEUSE-AUTO-NIVELEUSE-Ent-COLAS-27-04-2021-IMG_0513.jpg 1600w\" sizes=\"auto, (max-width: 665px) 100vw, 665px\" \/><\/a>\n\t\t\t<\/dt>\n\t\t\t\t<dd class='wp-caption-text gallery-caption' id='gallery-1-12953'>\n\t\t\t\tLa BOURREUSE-DRESSEUSE-AUTO-NIVELEUSE de l\u2019Entreprise COLAS.\n\t\t\t\t<\/dd><\/dl><br style=\"clear: both\" \/><dl class='gallery-item'>\n\t\t\t<dt class='gallery-icon landscape'>\n\t\t\t\t<a href='https:\/\/meriller-vapeur.fr\/wp3\/?attachment_id=12956'><img loading=\"lazy\" decoding=\"async\" width=\"665\" height=\"499\" src=\"https:\/\/meriller-vapeur.fr\/wp3\/wp-content\/uploads\/2021\/05\/2021-05-06-Bourreuse-COLAS-Rail-DSC00147-1024x768.jpg\" class=\"attachment-large size-large\" alt=\"\" aria-describedby=\"gallery-1-12956\" srcset=\"https:\/\/meriller-vapeur.fr\/wp3\/wp-content\/uploads\/2021\/05\/2021-05-06-Bourreuse-COLAS-Rail-DSC00147-1024x768.jpg 1024w, https:\/\/meriller-vapeur.fr\/wp3\/wp-content\/uploads\/2021\/05\/2021-05-06-Bourreuse-COLAS-Rail-DSC00147-300x225.jpg 300w, https:\/\/meriller-vapeur.fr\/wp3\/wp-content\/uploads\/2021\/05\/2021-05-06-Bourreuse-COLAS-Rail-DSC00147-768x576.jpg 768w, https:\/\/meriller-vapeur.fr\/wp3\/wp-content\/uploads\/2021\/05\/2021-05-06-Bourreuse-COLAS-Rail-DSC00147-1536x1152.jpg 1536w, https:\/\/meriller-vapeur.fr\/wp3\/wp-content\/uploads\/2021\/05\/2021-05-06-Bourreuse-COLAS-Rail-DSC00147-2048x1536.jpg 2048w, https:\/\/meriller-vapeur.fr\/wp3\/wp-content\/uploads\/2021\/05\/2021-05-06-Bourreuse-COLAS-Rail-DSC00147-660x495.jpg 660w\" sizes=\"auto, (max-width: 665px) 100vw, 665px\" \/><\/a>\n\t\t\t<\/dt>\n\t\t\t\t<dd class='wp-caption-text gallery-caption' id='gallery-1-12956'>\n\t\t\t\tLa m\u00eame, par Pierre Perrier, quelques jours plus tard !\n\t\t\t\t<\/dd><\/dl>\n\t\t\t<br style='clear: both' \/>\n\t\t<\/div>\n\n<div class=\"pvc_clear\"><\/div>\n<p id=\"pvc_stats_12930\" class=\"pvc_stats all  \" data-element-id=\"12930\" style=\"\"><i class=\"pvc-stats-icon medium\" aria-hidden=\"true\"><svg aria-hidden=\"true\" focusable=\"false\" data-prefix=\"far\" data-icon=\"chart-bar\" role=\"img\" xmlns=\"http:\/\/www.w3.org\/2000\/svg\" viewBox=\"0 0 512 512\" class=\"svg-inline--fa fa-chart-bar fa-w-16 fa-2x\"><path fill=\"currentColor\" d=\"M396.8 352h22.4c6.4 0 12.8-6.4 12.8-12.8V108.8c0-6.4-6.4-12.8-12.8-12.8h-22.4c-6.4 0-12.8 6.4-12.8 12.8v230.4c0 6.4 6.4 12.8 12.8 12.8zm-192 0h22.4c6.4 0 12.8-6.4 12.8-12.8V140.8c0-6.4-6.4-12.8-12.8-12.8h-22.4c-6.4 0-12.8 6.4-12.8 12.8v198.4c0 6.4 6.4 12.8 12.8 12.8zm96 0h22.4c6.4 0 12.8-6.4 12.8-12.8V204.8c0-6.4-6.4-12.8-12.8-12.8h-22.4c-6.4 0-12.8 6.4-12.8 12.8v134.4c0 6.4 6.4 12.8 12.8 12.8zM496 400H48V80c0-8.84-7.16-16-16-16H16C7.16 64 0 71.16 0 80v336c0 17.67 14.33 32 32 32h464c8.84 0 16-7.16 16-16v-16c0-8.84-7.16-16-16-16zm-387.2-48h22.4c6.4 0 12.8-6.4 12.8-12.8v-70.4c0-6.4-6.4-12.8-12.8-12.8h-22.4c-6.4 0-12.8 6.4-12.8 12.8v70.4c0 6.4 6.4 12.8 12.8 12.8z\" class=\"\"><\/path><\/svg><\/i> <img loading=\"lazy\" decoding=\"async\" width=\"16\" height=\"16\" alt=\"Loading\" src=\"https:\/\/meriller-vapeur.fr\/wp3\/wp-content\/plugins\/page-views-count\/ajax-loader-2x.gif\" border=0 \/><\/p>\n<div class=\"pvc_clear\"><\/div>\n","protected":false},"excerpt":{"rendered":"<p>Roger Marouby (assist\u00e9 plus tard et\u00a0involontairement de Pierre Perrier\u2026) nous adresse ce petit reportage en date du\u00a0\u00a027 avril 2021&#8230; \u00a0\u00bb Voici les photos d\u2019un Trains de Travaux en attente d\u2019intervention sur le R\u00e9seau Ferr\u00e9 Ce mat\u00e9riel, sur le site de Niversac, effectue une campagne d\u2019assainissement de la voie. L\u2019op\u00e9ration consiste \u00e0 intervenir sur les points\u2026 <span class=\"read-more\"><a href=\"https:\/\/meriller-vapeur.fr\/wp3\/?page_id=12930\">Read More &raquo;<\/a><\/span><\/p>\n<div class=\"pvc_clear\"><\/div>\n<p id=\"pvc_stats_12930\" class=\"pvc_stats all  \" data-element-id=\"12930\" style=\"\"><i class=\"pvc-stats-icon medium\" aria-hidden=\"true\"><svg aria-hidden=\"true\" focusable=\"false\" data-prefix=\"far\" data-icon=\"chart-bar\" role=\"img\" xmlns=\"http:\/\/www.w3.org\/2000\/svg\" viewBox=\"0 0 512 512\" class=\"svg-inline--fa fa-chart-bar fa-w-16 fa-2x\"><path fill=\"currentColor\" d=\"M396.8 352h22.4c6.4 0 12.8-6.4 12.8-12.8V108.8c0-6.4-6.4-12.8-12.8-12.8h-22.4c-6.4 0-12.8 6.4-12.8 12.8v230.4c0 6.4 6.4 12.8 12.8 12.8zm-192 0h22.4c6.4 0 12.8-6.4 12.8-12.8V140.8c0-6.4-6.4-12.8-12.8-12.8h-22.4c-6.4 0-12.8 6.4-12.8 12.8v198.4c0 6.4 6.4 12.8 12.8 12.8zm96 0h22.4c6.4 0 12.8-6.4 12.8-12.8V204.8c0-6.4-6.4-12.8-12.8-12.8h-22.4c-6.4 0-12.8 6.4-12.8 12.8v134.4c0 6.4 6.4 12.8 12.8 12.8zM496 400H48V80c0-8.84-7.16-16-16-16H16C7.16 64 0 71.16 0 80v336c0 17.67 14.33 32 32 32h464c8.84 0 16-7.16 16-16v-16c0-8.84-7.16-16-16-16zm-387.2-48h22.4c6.4 0 12.8-6.4 12.8-12.8v-70.4c0-6.4-6.4-12.8-12.8-12.8h-22.4c-6.4 0-12.8 6.4-12.8 12.8v70.4c0 6.4 6.4 12.8 12.8 12.8z\" class=\"\"><\/path><\/svg><\/i> <img loading=\"lazy\" decoding=\"async\" width=\"16\" height=\"16\" alt=\"Loading\" src=\"https:\/\/meriller-vapeur.fr\/wp3\/wp-content\/plugins\/page-views-count\/ajax-loader-2x.gif\" border=0 \/><\/p>\n<div class=\"pvc_clear\"><\/div>\n","protected":false},"author":1,"featured_media":0,"parent":0,"menu_order":0,"comment_status":"closed","ping_status":"closed","template":"page-templates\/full-width.php","meta":{"footnotes":""},"class_list":["post-12930","page","type-page","status-publish","hentry"],"a3_pvc":{"activated":true,"total_views":154,"today_views":0},"_links":{"self":[{"href":"https:\/\/meriller-vapeur.fr\/wp3\/index.php?rest_route=\/wp\/v2\/pages\/12930","targetHints":{"allow":["GET"]}}],"collection":[{"href":"https:\/\/meriller-vapeur.fr\/wp3\/index.php?rest_route=\/wp\/v2\/pages"}],"about":[{"href":"https:\/\/meriller-vapeur.fr\/wp3\/index.php?rest_route=\/wp\/v2\/types\/page"}],"author":[{"embeddable":true,"href":"https:\/\/meriller-vapeur.fr\/wp3\/index.php?rest_route=\/wp\/v2\/users\/1"}],"replies":[{"embeddable":true,"href":"https:\/\/meriller-vapeur.fr\/wp3\/index.php?rest_route=%2Fwp%2Fv2%2Fcomments&post=12930"}],"version-history":[{"count":0,"href":"https:\/\/meriller-vapeur.fr\/wp3\/index.php?rest_route=\/wp\/v2\/pages\/12930\/revisions"}],"wp:attachment":[{"href":"https:\/\/meriller-vapeur.fr\/wp3\/index.php?rest_route=%2Fwp%2Fv2%2Fmedia&parent=12930"}],"curies":[{"name":"wp","href":"https:\/\/api.w.org\/{rel}","templated":true}]}}