{"id":12711,"date":"2020-11-04T15:34:34","date_gmt":"2020-11-04T14:34:34","guid":{"rendered":"https:\/\/meriller-vapeur.fr\/wp3\/?page_id=12711"},"modified":"2020-11-05T17:38:21","modified_gmt":"2020-11-05T16:38:21","slug":"une-bb-670000-capitole-en-visite-a-perigueux","status":"publish","type":"page","link":"https:\/\/meriller-vapeur.fr\/wp3\/?page_id=12711","title":{"rendered":"Une BB 67000 \u00ab\u00a0CAPITOLE\u00a0\u00bb en visite \u00e0 P\u00e9rigueux !"},"content":{"rendered":"<p><a href=\"https:\/\/meriller-vapeur.fr\/wp3\/wp-content\/uploads\/2020\/11\/img_7558smal-scaled.jpg\" target=\"_blank\" rel=\"noopener noreferrer\"><img loading=\"lazy\" decoding=\"async\" class=\"aligncenter wp-image-12720\" src=\"https:\/\/meriller-vapeur.fr\/wp3\/wp-content\/uploads\/2020\/11\/img_7558smal-1024x280.jpg\" alt=\"\" width=\"950\" height=\"259\" srcset=\"https:\/\/meriller-vapeur.fr\/wp3\/wp-content\/uploads\/2020\/11\/img_7558smal-1024x280.jpg 1024w, https:\/\/meriller-vapeur.fr\/wp3\/wp-content\/uploads\/2020\/11\/img_7558smal-300x82.jpg 300w, https:\/\/meriller-vapeur.fr\/wp3\/wp-content\/uploads\/2020\/11\/img_7558smal-768x210.jpg 768w, https:\/\/meriller-vapeur.fr\/wp3\/wp-content\/uploads\/2020\/11\/img_7558smal-1536x419.jpg 1536w, https:\/\/meriller-vapeur.fr\/wp3\/wp-content\/uploads\/2020\/11\/img_7558smal-2048x559.jpg 2048w, https:\/\/meriller-vapeur.fr\/wp3\/wp-content\/uploads\/2020\/11\/img_7558smal-660x180.jpg 660w\" sizes=\"auto, (max-width: 950px) 100vw, 950px\" \/><\/a><\/p>\n<p>Un de nos valeureux reporters, en la personne de Nicolas Audy,\u00a0vient de saisir \u00ab\u00a0au vol\u00a0\u00bb le jeudi\u00a029 octobre 2020 une UM compos\u00e9e de 2 x BB 67XXX \u00a0qui stationne\u00a0en gare de P\u00e9rigueux.<\/p>\n<p>Particularit\u00e9, l&rsquo;une arbore une livr\u00e9e dite CAPITOLE, l\u2019autre une livr\u00e9e MULTISERVICES. \u2028Surpris par cette composition, Nicolas Audy n\u2019a pas h\u00e9sit\u00e9 \u00e0 prendre des photos.<br \/>\nApr\u00e8s diverses recherches effectu\u00e9es par Roger Marouby, le myst\u00e8re de cette livr\u00e9e CAPITOLE sur la BB 67611 est enfin \u00e9clairci. Voici ce qu\u2019il nous communique :<\/p>\n<blockquote><p>Cette UM est compos\u00e9e de la BB 67611 livr\u00e9e CAPITOLE et la BB 67557 livr\u00e9e\u00a0MULTISERVICES, elles sont affect\u00e9es \u00e0 la CMR (Cellule Mat\u00e9riel Radi\u00e9) au Mans, Cellule \u00a0rattach\u00e9e \u00e0 la Direction Du Mat\u00e9riel.<br \/>\nLa CMR dispose de mat\u00e9riel de traction diesel et \u00e9lectrique pour r\u00e9cup\u00e9rer les voitures et wagons r\u00e9form\u00e9s sur le r\u00e9seau SNCF, pour garage, transformation ou remise au standard d\u2019origine par les Technicentres SNCF ou envoi chez les ferrailleurs.<\/p>\n<p>En 2018 \/ 2019 les BB 67611 et BB 67613 ont re\u00e7u une livr\u00e9e rouge CAPITOLE logo \u00ab\u00a0NOUILLE\u00a0\u00bb (logo \u00e9poque IV)<br \/>\nSouvenez vous, le 4 juin 2018, nous avions avec <strong>Jean Porcher<\/strong>, pris en photos en gare de P\u00e9rigueux un train tract\u00e9 par la BB 67615, compos\u00e9 d\u2019une rame de v\u00e9hicules anciens avec la 140 C du CFTLP \u00e0 laquelle \u00e9tait attel\u00e9e des voitures remises au type d\u2019origine, ainsi qu\u2019un fourgon MC76 et une voiture restaurant ex-corail en livr\u00e9e CAPITOLE, op\u00e9ration r\u00e9alis\u00e9e par le Technicentre de P\u00e9rigueux.\u00a0Vous pouvez revoir ce pr\u00e9c\u00e9dent reportage de 2018 : \u00a0<strong><a href=\"https:\/\/meriller-vapeur.fr\/wp3\/?page_id=8546\">&gt;&gt;&gt;&gt;&gt;&gt;&gt;&gt;&gt;&gt;ICI<\/a>.<\/strong><\/p>\n<p>La CMR a fait r\u00e9aliser une rame Motrices, Fourgons et Voitures en livr\u00e9e CAPITOLE. Elle sert de poids-frein lors des acheminements de mat\u00e9riels vou\u00e9s \u00e0 la destruction.<\/p>\n<h4>R\u00c9EL \/ MOD\u00c9LISME<\/h4>\n<p>La BB 67611 rouge, me rappelle mes jeunes ann\u00e9es. JOUEF en 1976 avait d\u00e9j\u00e0\u00a0anticip\u00e9 en sortant des BB 67000 rouge, vendues dans les coffrets \u00ab\u00a0Paris Vintimille\u00a0\u00bb ref 7808, \u00ab\u00a0Cisalpin\u00a0\u00bb ref 7809, un peu plus tard dans un coffret avec wagons marchandises\u00a0ref 7931\/51.<br \/>\nEn 2020 PIKO \u00e9chelle \u00ab\u00a0HO \u00bb\u00a0 a sorti la BB 67613 ref 96147 conforme \u00e0 celle de la\u00a0C M R.<br \/>\nTRAIN 160 \u00e9chelle \u00ab\u00a0N\u00a0\u00bb pr\u00e9voit de sortir la BB 67613 ref 16706 en 2021.<\/p>\n<h4>CONCLUSION<\/h4>\n<p>Malgr\u00e9 mes recherches je ne sais toujours pourquoi cette UM stationnait en gare de P\u00e9rigueux ce jeudi 29 octobre 2020 !<\/p><\/blockquote>\n<p style=\"padding-left: 80px;\"><span id=\"Livr\u00e9e_Capitole_2\" class=\"mw-headline\"><strong>NOTA &#8211; <em>Livr\u00e9e Capitole<\/em><\/strong><\/span> (<em>Extrait de Wikipedia <a href=\"https:\/\/fr.wikipedia.org\/wiki\/Livr\u00e9es_SNCF#Livr\u00e9e_Capitole_2\" target=\"_blank\" rel=\"noopener noreferrer\">les livr\u00e9es SNCF<\/a> )<\/em><br \/>\nCette livr\u00e9e, utilis\u00e9e entre 1967 et les ann\u00e9es 1970, n&rsquo;avait concern\u00e9 que les locomotives \u00e9lectriques et les voitures \u00e0 voyageurs utilis\u00e9es sur le train \u00ab\u00a0<a title=\"Le Capitole (train)\" href=\"https:\/\/fr.wikipedia.org\/wiki\/Le_Capitole_(train)\" target=\"_blank\" rel=\"noopener noreferrer\">Le Capitole<\/a>\u00ab\u00a0. Toutefois, en 2018, la cellule des mat\u00e9riels radi\u00e9s (CMR) repeint deux <a title=\"BB 67400\" href=\"https:\/\/fr.wikipedia.org\/wiki\/BB_67400\" target=\"_blank\" rel=\"noopener noreferrer\">BB 67400<\/a> (les BB 67611 et 67613) en rouge Capitole, reprenant le motif de la livr\u00e9e bleu diesel. Ces deux locomotives sont principalement utilis\u00e9es pour acheminer des voitures ou locomotives hors-service, accompagn\u00e9es par plusieurs voitures-freins en livr\u00e9e Capitole.<\/p>\n<p style=\"padding-left: 40px;\">Pour illustrer cet article, voici les photos de Nicolas et quelques documents r\u00e9unis par Roger :<\/p>\n<div id=\"attachment_12720\" style=\"width: 2570px\" class=\"wp-caption alignnone\"><img loading=\"lazy\" decoding=\"async\" aria-describedby=\"caption-attachment-12720\" class=\"wp-image-12720 size-full\" src=\"https:\/\/meriller-vapeur.fr\/wp3\/wp-content\/uploads\/2020\/11\/img_7558smal-scaled.jpg\" alt=\"\" width=\"2560\" height=\"699\" srcset=\"https:\/\/meriller-vapeur.fr\/wp3\/wp-content\/uploads\/2020\/11\/img_7558smal-scaled.jpg 2560w, https:\/\/meriller-vapeur.fr\/wp3\/wp-content\/uploads\/2020\/11\/img_7558smal-300x82.jpg 300w, https:\/\/meriller-vapeur.fr\/wp3\/wp-content\/uploads\/2020\/11\/img_7558smal-1024x280.jpg 1024w, https:\/\/meriller-vapeur.fr\/wp3\/wp-content\/uploads\/2020\/11\/img_7558smal-768x210.jpg 768w, https:\/\/meriller-vapeur.fr\/wp3\/wp-content\/uploads\/2020\/11\/img_7558smal-1536x419.jpg 1536w, https:\/\/meriller-vapeur.fr\/wp3\/wp-content\/uploads\/2020\/11\/img_7558smal-2048x559.jpg 2048w, https:\/\/meriller-vapeur.fr\/wp3\/wp-content\/uploads\/2020\/11\/img_7558smal-660x180.jpg 660w\" sizes=\"auto, (max-width: 2560px) 100vw, 2560px\" \/><p id=\"caption-attachment-12720\" class=\"wp-caption-text\">UM compos\u00e9e de la BB 67611 livr\u00e9e CAPITOLE et la BB 67557 livr\u00e9e\u00a0MULTISERVICES en gare de P\u00e9rigueux le 29 octobre 2020.<\/p><\/div>\n\n\t\t<style type=\"text\/css\">\n\t\t\t#gallery-1 {\n\t\t\t\tmargin: auto;\n\t\t\t}\n\t\t\t#gallery-1 .gallery-item {\n\t\t\t\tfloat: left;\n\t\t\t\tmargin-top: 10px;\n\t\t\t\ttext-align: center;\n\t\t\t\twidth: 33%;\n\t\t\t}\n\t\t\t#gallery-1 img {\n\t\t\t\tborder: 2px solid #cfcfcf;\n\t\t\t}\n\t\t\t#gallery-1 .gallery-caption {\n\t\t\t\tmargin-left: 0;\n\t\t\t}\n\t\t\t\/* see gallery_shortcode() in wp-includes\/media.php *\/\n\t\t<\/style>\n\t\t<div id='gallery-1' class='gallery galleryid-12711 gallery-columns-3 gallery-size-medium'><dl class='gallery-item'>\n\t\t\t<dt class='gallery-icon landscape'>\n\t\t\t\t<a href='https:\/\/meriller-vapeur.fr\/wp3\/?attachment_id=12728'><img loading=\"lazy\" decoding=\"async\" width=\"300\" height=\"198\" src=\"https:\/\/meriller-vapeur.fr\/wp3\/wp-content\/uploads\/2020\/11\/img_7556smal-300x198.jpg\" class=\"attachment-medium size-medium\" alt=\"\" srcset=\"https:\/\/meriller-vapeur.fr\/wp3\/wp-content\/uploads\/2020\/11\/img_7556smal-300x198.jpg 300w, https:\/\/meriller-vapeur.fr\/wp3\/wp-content\/uploads\/2020\/11\/img_7556smal-1024x675.jpg 1024w, https:\/\/meriller-vapeur.fr\/wp3\/wp-content\/uploads\/2020\/11\/img_7556smal-768x507.jpg 768w, https:\/\/meriller-vapeur.fr\/wp3\/wp-content\/uploads\/2020\/11\/img_7556smal-1536x1013.jpg 1536w, https:\/\/meriller-vapeur.fr\/wp3\/wp-content\/uploads\/2020\/11\/img_7556smal-2048x1351.jpg 2048w, https:\/\/meriller-vapeur.fr\/wp3\/wp-content\/uploads\/2020\/11\/img_7556smal-660x435.jpg 660w\" sizes=\"auto, (max-width: 300px) 100vw, 300px\" \/><\/a>\n\t\t\t<\/dt><\/dl><dl class='gallery-item'>\n\t\t\t<dt class='gallery-icon landscape'>\n\t\t\t\t<a href='https:\/\/meriller-vapeur.fr\/wp3\/?attachment_id=12725'><img loading=\"lazy\" decoding=\"async\" width=\"300\" height=\"199\" src=\"https:\/\/meriller-vapeur.fr\/wp3\/wp-content\/uploads\/2020\/11\/COFFRET-7809-JOUEF-TRANSALPIN-IMG_20201103_0001smal-300x199.jpg\" class=\"attachment-medium size-medium\" alt=\"\" srcset=\"https:\/\/meriller-vapeur.fr\/wp3\/wp-content\/uploads\/2020\/11\/COFFRET-7809-JOUEF-TRANSALPIN-IMG_20201103_0001smal-300x199.jpg 300w, https:\/\/meriller-vapeur.fr\/wp3\/wp-content\/uploads\/2020\/11\/COFFRET-7809-JOUEF-TRANSALPIN-IMG_20201103_0001smal-1024x680.jpg 1024w, https:\/\/meriller-vapeur.fr\/wp3\/wp-content\/uploads\/2020\/11\/COFFRET-7809-JOUEF-TRANSALPIN-IMG_20201103_0001smal-768x510.jpg 768w, https:\/\/meriller-vapeur.fr\/wp3\/wp-content\/uploads\/2020\/11\/COFFRET-7809-JOUEF-TRANSALPIN-IMG_20201103_0001smal-1536x1020.jpg 1536w, https:\/\/meriller-vapeur.fr\/wp3\/wp-content\/uploads\/2020\/11\/COFFRET-7809-JOUEF-TRANSALPIN-IMG_20201103_0001smal-660x438.jpg 660w, https:\/\/meriller-vapeur.fr\/wp3\/wp-content\/uploads\/2020\/11\/COFFRET-7809-JOUEF-TRANSALPIN-IMG_20201103_0001smal.jpg 1600w\" sizes=\"auto, (max-width: 300px) 100vw, 300px\" \/><\/a>\n\t\t\t<\/dt><\/dl><dl class='gallery-item'>\n\t\t\t<dt class='gallery-icon landscape'>\n\t\t\t\t<a href='https:\/\/meriller-vapeur.fr\/wp3\/?attachment_id=12726'><img loading=\"lazy\" decoding=\"async\" width=\"300\" height=\"225\" src=\"https:\/\/meriller-vapeur.fr\/wp3\/wp-content\/uploads\/2020\/11\/COFFRET-JOUEF-MARCHANDISES-Ref-7931-51-Fin-de-production-2000-Photo-@Philippe-Galaup-300x225.jpg\" class=\"attachment-medium size-medium\" alt=\"\" srcset=\"https:\/\/meriller-vapeur.fr\/wp3\/wp-content\/uploads\/2020\/11\/COFFRET-JOUEF-MARCHANDISES-Ref-7931-51-Fin-de-production-2000-Photo-@Philippe-Galaup-300x225.jpg 300w, https:\/\/meriller-vapeur.fr\/wp3\/wp-content\/uploads\/2020\/11\/COFFRET-JOUEF-MARCHANDISES-Ref-7931-51-Fin-de-production-2000-Photo-@Philippe-Galaup-1024x768.jpg 1024w, https:\/\/meriller-vapeur.fr\/wp3\/wp-content\/uploads\/2020\/11\/COFFRET-JOUEF-MARCHANDISES-Ref-7931-51-Fin-de-production-2000-Photo-@Philippe-Galaup-768x576.jpg 768w, https:\/\/meriller-vapeur.fr\/wp3\/wp-content\/uploads\/2020\/11\/COFFRET-JOUEF-MARCHANDISES-Ref-7931-51-Fin-de-production-2000-Photo-@Philippe-Galaup-1536x1152.jpg 1536w, https:\/\/meriller-vapeur.fr\/wp3\/wp-content\/uploads\/2020\/11\/COFFRET-JOUEF-MARCHANDISES-Ref-7931-51-Fin-de-production-2000-Photo-@Philippe-Galaup-660x495.jpg 660w, https:\/\/meriller-vapeur.fr\/wp3\/wp-content\/uploads\/2020\/11\/COFFRET-JOUEF-MARCHANDISES-Ref-7931-51-Fin-de-production-2000-Photo-@Philippe-Galaup.jpg 1600w\" sizes=\"auto, (max-width: 300px) 100vw, 300px\" \/><\/a>\n\t\t\t<\/dt><\/dl><br style=\"clear: both\" \/><dl class='gallery-item'>\n\t\t\t<dt class='gallery-icon landscape'>\n\t\t\t\t<a href='https:\/\/meriller-vapeur.fr\/wp3\/?attachment_id=12727'><img loading=\"lazy\" decoding=\"async\" width=\"300\" height=\"165\" src=\"https:\/\/meriller-vapeur.fr\/wp3\/wp-content\/uploads\/2020\/11\/COFFRET-JOUEF-Ref-7808-PARIS-VINTIMILLE-1976-IMG_20201102_0002smal-300x165.jpg\" class=\"attachment-medium size-medium\" alt=\"\" srcset=\"https:\/\/meriller-vapeur.fr\/wp3\/wp-content\/uploads\/2020\/11\/COFFRET-JOUEF-Ref-7808-PARIS-VINTIMILLE-1976-IMG_20201102_0002smal-300x165.jpg 300w, https:\/\/meriller-vapeur.fr\/wp3\/wp-content\/uploads\/2020\/11\/COFFRET-JOUEF-Ref-7808-PARIS-VINTIMILLE-1976-IMG_20201102_0002smal-1024x564.jpg 1024w, https:\/\/meriller-vapeur.fr\/wp3\/wp-content\/uploads\/2020\/11\/COFFRET-JOUEF-Ref-7808-PARIS-VINTIMILLE-1976-IMG_20201102_0002smal-768x423.jpg 768w, https:\/\/meriller-vapeur.fr\/wp3\/wp-content\/uploads\/2020\/11\/COFFRET-JOUEF-Ref-7808-PARIS-VINTIMILLE-1976-IMG_20201102_0002smal-1536x847.jpg 1536w, https:\/\/meriller-vapeur.fr\/wp3\/wp-content\/uploads\/2020\/11\/COFFRET-JOUEF-Ref-7808-PARIS-VINTIMILLE-1976-IMG_20201102_0002smal-660x364.jpg 660w, https:\/\/meriller-vapeur.fr\/wp3\/wp-content\/uploads\/2020\/11\/COFFRET-JOUEF-Ref-7808-PARIS-VINTIMILLE-1976-IMG_20201102_0002smal.jpg 1600w\" sizes=\"auto, (max-width: 300px) 100vw, 300px\" \/><\/a>\n\t\t\t<\/dt><\/dl><dl class='gallery-item'>\n\t\t\t<dt class='gallery-icon landscape'>\n\t\t\t\t<a href='https:\/\/meriller-vapeur.fr\/wp3\/?attachment_id=12749'><img loading=\"lazy\" decoding=\"async\" width=\"300\" height=\"120\" src=\"https:\/\/meriller-vapeur.fr\/wp3\/wp-content\/uploads\/2020\/11\/BB-67613-PIKO-LIVREE-CAPITOLE-SNCF-Ref-96147-1-300x120.jpg\" class=\"attachment-medium size-medium\" alt=\"\" srcset=\"https:\/\/meriller-vapeur.fr\/wp3\/wp-content\/uploads\/2020\/11\/BB-67613-PIKO-LIVREE-CAPITOLE-SNCF-Ref-96147-1-300x120.jpg 300w, https:\/\/meriller-vapeur.fr\/wp3\/wp-content\/uploads\/2020\/11\/BB-67613-PIKO-LIVREE-CAPITOLE-SNCF-Ref-96147-1-1024x409.jpg 1024w, https:\/\/meriller-vapeur.fr\/wp3\/wp-content\/uploads\/2020\/11\/BB-67613-PIKO-LIVREE-CAPITOLE-SNCF-Ref-96147-1-768x307.jpg 768w, https:\/\/meriller-vapeur.fr\/wp3\/wp-content\/uploads\/2020\/11\/BB-67613-PIKO-LIVREE-CAPITOLE-SNCF-Ref-96147-1-1536x613.jpg 1536w, https:\/\/meriller-vapeur.fr\/wp3\/wp-content\/uploads\/2020\/11\/BB-67613-PIKO-LIVREE-CAPITOLE-SNCF-Ref-96147-1-660x264.jpg 660w, https:\/\/meriller-vapeur.fr\/wp3\/wp-content\/uploads\/2020\/11\/BB-67613-PIKO-LIVREE-CAPITOLE-SNCF-Ref-96147-1.jpg 1600w\" sizes=\"auto, (max-width: 300px) 100vw, 300px\" \/><\/a>\n\t\t\t<\/dt><\/dl><dl class='gallery-item'>\n\t\t\t<dt class='gallery-icon landscape'>\n\t\t\t\t<a href='https:\/\/meriller-vapeur.fr\/wp3\/?attachment_id=12748'><img loading=\"lazy\" decoding=\"async\" width=\"300\" height=\"179\" src=\"https:\/\/meriller-vapeur.fr\/wp3\/wp-content\/uploads\/2020\/11\/BB-67613-LIVREE-CAPITOLE-SNCF-MINITRIX-Ref-16706-IMG_0196-1-300x179.jpg\" class=\"attachment-medium size-medium\" alt=\"\" srcset=\"https:\/\/meriller-vapeur.fr\/wp3\/wp-content\/uploads\/2020\/11\/BB-67613-LIVREE-CAPITOLE-SNCF-MINITRIX-Ref-16706-IMG_0196-1-300x179.jpg 300w, https:\/\/meriller-vapeur.fr\/wp3\/wp-content\/uploads\/2020\/11\/BB-67613-LIVREE-CAPITOLE-SNCF-MINITRIX-Ref-16706-IMG_0196-1-1024x611.jpg 1024w, https:\/\/meriller-vapeur.fr\/wp3\/wp-content\/uploads\/2020\/11\/BB-67613-LIVREE-CAPITOLE-SNCF-MINITRIX-Ref-16706-IMG_0196-1-768x458.jpg 768w, https:\/\/meriller-vapeur.fr\/wp3\/wp-content\/uploads\/2020\/11\/BB-67613-LIVREE-CAPITOLE-SNCF-MINITRIX-Ref-16706-IMG_0196-1-1536x917.jpg 1536w, https:\/\/meriller-vapeur.fr\/wp3\/wp-content\/uploads\/2020\/11\/BB-67613-LIVREE-CAPITOLE-SNCF-MINITRIX-Ref-16706-IMG_0196-1-660x394.jpg 660w, https:\/\/meriller-vapeur.fr\/wp3\/wp-content\/uploads\/2020\/11\/BB-67613-LIVREE-CAPITOLE-SNCF-MINITRIX-Ref-16706-IMG_0196-1.jpg 1600w\" sizes=\"auto, (max-width: 300px) 100vw, 300px\" \/><\/a>\n\t\t\t<\/dt><\/dl><br style=\"clear: both\" \/>\n\t\t<\/div>\n\n<div id=\"attachment_12756\" style=\"width: 675px\" class=\"wp-caption aligncenter\"><img loading=\"lazy\" decoding=\"async\" aria-describedby=\"caption-attachment-12756\" class=\"size-large wp-image-12756\" src=\"https:\/\/meriller-vapeur.fr\/wp3\/wp-content\/uploads\/2020\/11\/BB_67611_et_sa_livree_Capitole_a_Daours_80-1024x575.jpg\" alt=\"\" width=\"665\" height=\"373\" srcset=\"https:\/\/meriller-vapeur.fr\/wp3\/wp-content\/uploads\/2020\/11\/BB_67611_et_sa_livree_Capitole_a_Daours_80-1024x575.jpg 1024w, https:\/\/meriller-vapeur.fr\/wp3\/wp-content\/uploads\/2020\/11\/BB_67611_et_sa_livree_Capitole_a_Daours_80-300x168.jpg 300w, https:\/\/meriller-vapeur.fr\/wp3\/wp-content\/uploads\/2020\/11\/BB_67611_et_sa_livree_Capitole_a_Daours_80-768x431.jpg 768w, https:\/\/meriller-vapeur.fr\/wp3\/wp-content\/uploads\/2020\/11\/BB_67611_et_sa_livree_Capitole_a_Daours_80-1536x862.jpg 1536w, https:\/\/meriller-vapeur.fr\/wp3\/wp-content\/uploads\/2020\/11\/BB_67611_et_sa_livree_Capitole_a_Daours_80-660x370.jpg 660w, https:\/\/meriller-vapeur.fr\/wp3\/wp-content\/uploads\/2020\/11\/BB_67611_et_sa_livree_Capitole_a_Daours_80.jpg 1900w\" sizes=\"auto, (max-width: 665px) 100vw, 665px\" \/><p id=\"caption-attachment-12756\" class=\"wp-caption-text\">BB 67611 et sa livr\u00e9e Capitole \u00e0 Daours (80)<\/p><\/div>\n<p>D\u2019autres photos ici : <a href=\"https:\/\/commons.wikimedia.org\/wiki\/Category:SNCF_Class_BB_67400,_Livr\u00e9e_Capitole\" target=\"_blank\" rel=\"noopener noreferrer\">https:\/\/commons.wikimedia.org\/wiki\/Category:SNCF_Class_BB_67400,_Livr\u00e9e_Capitole<\/a><\/p>\n<pre>Page mise \u00e0 jour le 05-11-2020<\/pre>\n<div class=\"pvc_clear\"><\/div>\n<p id=\"pvc_stats_12711\" class=\"pvc_stats all  \" data-element-id=\"12711\" style=\"\"><i class=\"pvc-stats-icon medium\" aria-hidden=\"true\"><svg aria-hidden=\"true\" focusable=\"false\" data-prefix=\"far\" data-icon=\"chart-bar\" role=\"img\" xmlns=\"http:\/\/www.w3.org\/2000\/svg\" viewBox=\"0 0 512 512\" class=\"svg-inline--fa fa-chart-bar fa-w-16 fa-2x\"><path fill=\"currentColor\" d=\"M396.8 352h22.4c6.4 0 12.8-6.4 12.8-12.8V108.8c0-6.4-6.4-12.8-12.8-12.8h-22.4c-6.4 0-12.8 6.4-12.8 12.8v230.4c0 6.4 6.4 12.8 12.8 12.8zm-192 0h22.4c6.4 0 12.8-6.4 12.8-12.8V140.8c0-6.4-6.4-12.8-12.8-12.8h-22.4c-6.4 0-12.8 6.4-12.8 12.8v198.4c0 6.4 6.4 12.8 12.8 12.8zm96 0h22.4c6.4 0 12.8-6.4 12.8-12.8V204.8c0-6.4-6.4-12.8-12.8-12.8h-22.4c-6.4 0-12.8 6.4-12.8 12.8v134.4c0 6.4 6.4 12.8 12.8 12.8zM496 400H48V80c0-8.84-7.16-16-16-16H16C7.16 64 0 71.16 0 80v336c0 17.67 14.33 32 32 32h464c8.84 0 16-7.16 16-16v-16c0-8.84-7.16-16-16-16zm-387.2-48h22.4c6.4 0 12.8-6.4 12.8-12.8v-70.4c0-6.4-6.4-12.8-12.8-12.8h-22.4c-6.4 0-12.8 6.4-12.8 12.8v70.4c0 6.4 6.4 12.8 12.8 12.8z\" class=\"\"><\/path><\/svg><\/i> <img loading=\"lazy\" decoding=\"async\" width=\"16\" height=\"16\" alt=\"Loading\" src=\"https:\/\/meriller-vapeur.fr\/wp3\/wp-content\/plugins\/page-views-count\/ajax-loader-2x.gif\" border=0 \/><\/p>\n<div class=\"pvc_clear\"><\/div>\n","protected":false},"excerpt":{"rendered":"<p>Un de nos valeureux reporters, en la personne de Nicolas Audy,\u00a0vient de saisir \u00ab\u00a0au vol\u00a0\u00bb le jeudi\u00a029 octobre 2020 une UM compos\u00e9e de 2 x BB 67XXX \u00a0qui stationne\u00a0en gare de P\u00e9rigueux. Particularit\u00e9, l&rsquo;une arbore une livr\u00e9e dite CAPITOLE, l\u2019autre une livr\u00e9e MULTISERVICES. \u2028Surpris par cette composition, Nicolas Audy n\u2019a pas h\u00e9sit\u00e9 \u00e0 prendre des\u2026 <span class=\"read-more\"><a href=\"https:\/\/meriller-vapeur.fr\/wp3\/?page_id=12711\">Read More &raquo;<\/a><\/span><\/p>\n<div class=\"pvc_clear\"><\/div>\n<p id=\"pvc_stats_12711\" class=\"pvc_stats all  \" data-element-id=\"12711\" style=\"\"><i class=\"pvc-stats-icon medium\" aria-hidden=\"true\"><svg aria-hidden=\"true\" focusable=\"false\" data-prefix=\"far\" data-icon=\"chart-bar\" role=\"img\" xmlns=\"http:\/\/www.w3.org\/2000\/svg\" viewBox=\"0 0 512 512\" class=\"svg-inline--fa fa-chart-bar fa-w-16 fa-2x\"><path fill=\"currentColor\" d=\"M396.8 352h22.4c6.4 0 12.8-6.4 12.8-12.8V108.8c0-6.4-6.4-12.8-12.8-12.8h-22.4c-6.4 0-12.8 6.4-12.8 12.8v230.4c0 6.4 6.4 12.8 12.8 12.8zm-192 0h22.4c6.4 0 12.8-6.4 12.8-12.8V140.8c0-6.4-6.4-12.8-12.8-12.8h-22.4c-6.4 0-12.8 6.4-12.8 12.8v198.4c0 6.4 6.4 12.8 12.8 12.8zm96 0h22.4c6.4 0 12.8-6.4 12.8-12.8V204.8c0-6.4-6.4-12.8-12.8-12.8h-22.4c-6.4 0-12.8 6.4-12.8 12.8v134.4c0 6.4 6.4 12.8 12.8 12.8zM496 400H48V80c0-8.84-7.16-16-16-16H16C7.16 64 0 71.16 0 80v336c0 17.67 14.33 32 32 32h464c8.84 0 16-7.16 16-16v-16c0-8.84-7.16-16-16-16zm-387.2-48h22.4c6.4 0 12.8-6.4 12.8-12.8v-70.4c0-6.4-6.4-12.8-12.8-12.8h-22.4c-6.4 0-12.8 6.4-12.8 12.8v70.4c0 6.4 6.4 12.8 12.8 12.8z\" class=\"\"><\/path><\/svg><\/i> <img loading=\"lazy\" decoding=\"async\" width=\"16\" height=\"16\" alt=\"Loading\" src=\"https:\/\/meriller-vapeur.fr\/wp3\/wp-content\/plugins\/page-views-count\/ajax-loader-2x.gif\" border=0 \/><\/p>\n<div class=\"pvc_clear\"><\/div>\n","protected":false},"author":1,"featured_media":0,"parent":0,"menu_order":0,"comment_status":"closed","ping_status":"closed","template":"page-templates\/full-width.php","meta":{"footnotes":""},"class_list":["post-12711","page","type-page","status-publish","hentry"],"a3_pvc":{"activated":true,"total_views":2909,"today_views":0},"_links":{"self":[{"href":"https:\/\/meriller-vapeur.fr\/wp3\/index.php?rest_route=\/wp\/v2\/pages\/12711","targetHints":{"allow":["GET"]}}],"collection":[{"href":"https:\/\/meriller-vapeur.fr\/wp3\/index.php?rest_route=\/wp\/v2\/pages"}],"about":[{"href":"https:\/\/meriller-vapeur.fr\/wp3\/index.php?rest_route=\/wp\/v2\/types\/page"}],"author":[{"embeddable":true,"href":"https:\/\/meriller-vapeur.fr\/wp3\/index.php?rest_route=\/wp\/v2\/users\/1"}],"replies":[{"embeddable":true,"href":"https:\/\/meriller-vapeur.fr\/wp3\/index.php?rest_route=%2Fwp%2Fv2%2Fcomments&post=12711"}],"version-history":[{"count":0,"href":"https:\/\/meriller-vapeur.fr\/wp3\/index.php?rest_route=\/wp\/v2\/pages\/12711\/revisions"}],"wp:attachment":[{"href":"https:\/\/meriller-vapeur.fr\/wp3\/index.php?rest_route=%2Fwp%2Fv2%2Fmedia&parent=12711"}],"curies":[{"name":"wp","href":"https:\/\/api.w.org\/{rel}","templated":true}]}}