{"id":11940,"date":"2020-05-12T18:17:19","date_gmt":"2020-05-12T16:17:19","guid":{"rendered":"https:\/\/meriller-vapeur.fr\/wp3\/?page_id=11940"},"modified":"2020-05-12T18:23:00","modified_gmt":"2020-05-12T16:23:00","slug":"la-gare-de-perigueux-confinee","status":"publish","type":"page","link":"https:\/\/meriller-vapeur.fr\/wp3\/?page_id=11940","title":{"rendered":"La Gare de P\u00e9rigueux confin\u00e9e&#8230;"},"content":{"rendered":"<div dir=\"ltr\">Voici quelques photos de la gare de P\u00e9rigueux r\u00e9alis\u00e9es par Jean PORCHER<\/div>\n<div dir=\"ltr\">durant la p\u00e9riode de confinement (09.05.2020 en fin de journ\u00e9e).<\/div>\n<div dir=\"ltr\"><\/div>\n<div dir=\"ltr\"><\/div>\n<div dir=\"ltr\">On vous laisse admirer cette atmosph\u00e8re \u00e9trange de monde \u00ab\u00a0abandonn\u00e9\u00a0\u00bb&#8230;<\/div>\n<div dir=\"ltr\"><em>(Cliquez sur les images pour agrandir).<\/em><\/div>\n<div dir=\"ltr\">\n\n\t\t<style type=\"text\/css\">\n\t\t\t#gallery-1 {\n\t\t\t\tmargin: auto;\n\t\t\t}\n\t\t\t#gallery-1 .gallery-item {\n\t\t\t\tfloat: left;\n\t\t\t\tmargin-top: 10px;\n\t\t\t\ttext-align: center;\n\t\t\t\twidth: 50%;\n\t\t\t}\n\t\t\t#gallery-1 img {\n\t\t\t\tborder: 2px solid #cfcfcf;\n\t\t\t}\n\t\t\t#gallery-1 .gallery-caption {\n\t\t\t\tmargin-left: 0;\n\t\t\t}\n\t\t\t\/* see gallery_shortcode() in wp-includes\/media.php *\/\n\t\t<\/style>\n\t\t<div id='gallery-1' class='gallery galleryid-11940 gallery-columns-2 gallery-size-large'><dl class='gallery-item'>\n\t\t\t<dt class='gallery-icon landscape'>\n\t\t\t\t<a href='https:\/\/meriller-vapeur.fr\/wp3\/?attachment_id=11941'><img loading=\"lazy\" decoding=\"async\" width=\"665\" height=\"499\" src=\"https:\/\/meriller-vapeur.fr\/wp3\/wp-content\/uploads\/2020\/05\/DSC03885-1024x768.jpg\" class=\"attachment-large size-large\" alt=\"\" srcset=\"https:\/\/meriller-vapeur.fr\/wp3\/wp-content\/uploads\/2020\/05\/DSC03885-1024x768.jpg 1024w, https:\/\/meriller-vapeur.fr\/wp3\/wp-content\/uploads\/2020\/05\/DSC03885-300x225.jpg 300w, https:\/\/meriller-vapeur.fr\/wp3\/wp-content\/uploads\/2020\/05\/DSC03885-768x576.jpg 768w, https:\/\/meriller-vapeur.fr\/wp3\/wp-content\/uploads\/2020\/05\/DSC03885-1536x1152.jpg 1536w, https:\/\/meriller-vapeur.fr\/wp3\/wp-content\/uploads\/2020\/05\/DSC03885.jpg 1600w\" sizes=\"auto, (max-width: 665px) 100vw, 665px\" \/><\/a>\n\t\t\t<\/dt><\/dl><dl class='gallery-item'>\n\t\t\t<dt class='gallery-icon landscape'>\n\t\t\t\t<a href='https:\/\/meriller-vapeur.fr\/wp3\/?attachment_id=11942'><img loading=\"lazy\" decoding=\"async\" width=\"665\" height=\"499\" src=\"https:\/\/meriller-vapeur.fr\/wp3\/wp-content\/uploads\/2020\/05\/DSC03887-1024x768.jpg\" class=\"attachment-large size-large\" alt=\"\" srcset=\"https:\/\/meriller-vapeur.fr\/wp3\/wp-content\/uploads\/2020\/05\/DSC03887-1024x768.jpg 1024w, https:\/\/meriller-vapeur.fr\/wp3\/wp-content\/uploads\/2020\/05\/DSC03887-300x225.jpg 300w, https:\/\/meriller-vapeur.fr\/wp3\/wp-content\/uploads\/2020\/05\/DSC03887-768x576.jpg 768w, https:\/\/meriller-vapeur.fr\/wp3\/wp-content\/uploads\/2020\/05\/DSC03887-1536x1152.jpg 1536w, https:\/\/meriller-vapeur.fr\/wp3\/wp-content\/uploads\/2020\/05\/DSC03887.jpg 1600w\" sizes=\"auto, (max-width: 665px) 100vw, 665px\" \/><\/a>\n\t\t\t<\/dt><\/dl><br style=\"clear: both\" \/><dl class='gallery-item'>\n\t\t\t<dt class='gallery-icon landscape'>\n\t\t\t\t<a href='https:\/\/meriller-vapeur.fr\/wp3\/?attachment_id=11943'><img loading=\"lazy\" decoding=\"async\" width=\"665\" height=\"499\" src=\"https:\/\/meriller-vapeur.fr\/wp3\/wp-content\/uploads\/2020\/05\/DSC03892-1024x768.jpg\" class=\"attachment-large size-large\" alt=\"\" srcset=\"https:\/\/meriller-vapeur.fr\/wp3\/wp-content\/uploads\/2020\/05\/DSC03892-1024x768.jpg 1024w, https:\/\/meriller-vapeur.fr\/wp3\/wp-content\/uploads\/2020\/05\/DSC03892-300x225.jpg 300w, https:\/\/meriller-vapeur.fr\/wp3\/wp-content\/uploads\/2020\/05\/DSC03892-768x576.jpg 768w, https:\/\/meriller-vapeur.fr\/wp3\/wp-content\/uploads\/2020\/05\/DSC03892-1536x1152.jpg 1536w, https:\/\/meriller-vapeur.fr\/wp3\/wp-content\/uploads\/2020\/05\/DSC03892.jpg 1600w\" sizes=\"auto, (max-width: 665px) 100vw, 665px\" \/><\/a>\n\t\t\t<\/dt><\/dl><dl class='gallery-item'>\n\t\t\t<dt class='gallery-icon landscape'>\n\t\t\t\t<a href='https:\/\/meriller-vapeur.fr\/wp3\/?attachment_id=11944'><img loading=\"lazy\" decoding=\"async\" width=\"665\" height=\"499\" src=\"https:\/\/meriller-vapeur.fr\/wp3\/wp-content\/uploads\/2020\/05\/DSC03893-1024x768.jpg\" class=\"attachment-large size-large\" alt=\"\" srcset=\"https:\/\/meriller-vapeur.fr\/wp3\/wp-content\/uploads\/2020\/05\/DSC03893-1024x768.jpg 1024w, https:\/\/meriller-vapeur.fr\/wp3\/wp-content\/uploads\/2020\/05\/DSC03893-300x225.jpg 300w, https:\/\/meriller-vapeur.fr\/wp3\/wp-content\/uploads\/2020\/05\/DSC03893-768x576.jpg 768w, https:\/\/meriller-vapeur.fr\/wp3\/wp-content\/uploads\/2020\/05\/DSC03893-1536x1152.jpg 1536w, https:\/\/meriller-vapeur.fr\/wp3\/wp-content\/uploads\/2020\/05\/DSC03893.jpg 1600w\" sizes=\"auto, (max-width: 665px) 100vw, 665px\" \/><\/a>\n\t\t\t<\/dt><\/dl><br style=\"clear: both\" \/><dl class='gallery-item'>\n\t\t\t<dt class='gallery-icon landscape'>\n\t\t\t\t<a href='https:\/\/meriller-vapeur.fr\/wp3\/?attachment_id=11945'><img loading=\"lazy\" decoding=\"async\" width=\"665\" height=\"499\" src=\"https:\/\/meriller-vapeur.fr\/wp3\/wp-content\/uploads\/2020\/05\/DSC03897-1024x768.jpg\" class=\"attachment-large size-large\" alt=\"\" srcset=\"https:\/\/meriller-vapeur.fr\/wp3\/wp-content\/uploads\/2020\/05\/DSC03897-1024x768.jpg 1024w, https:\/\/meriller-vapeur.fr\/wp3\/wp-content\/uploads\/2020\/05\/DSC03897-300x225.jpg 300w, https:\/\/meriller-vapeur.fr\/wp3\/wp-content\/uploads\/2020\/05\/DSC03897-768x576.jpg 768w, https:\/\/meriller-vapeur.fr\/wp3\/wp-content\/uploads\/2020\/05\/DSC03897-1536x1152.jpg 1536w, https:\/\/meriller-vapeur.fr\/wp3\/wp-content\/uploads\/2020\/05\/DSC03897.jpg 1600w\" sizes=\"auto, (max-width: 665px) 100vw, 665px\" \/><\/a>\n\t\t\t<\/dt><\/dl><dl class='gallery-item'>\n\t\t\t<dt class='gallery-icon landscape'>\n\t\t\t\t<a href='https:\/\/meriller-vapeur.fr\/wp3\/?attachment_id=11946'><img loading=\"lazy\" decoding=\"async\" width=\"665\" height=\"499\" src=\"https:\/\/meriller-vapeur.fr\/wp3\/wp-content\/uploads\/2020\/05\/DSC03898-1024x768.jpg\" class=\"attachment-large size-large\" alt=\"\" srcset=\"https:\/\/meriller-vapeur.fr\/wp3\/wp-content\/uploads\/2020\/05\/DSC03898-1024x768.jpg 1024w, https:\/\/meriller-vapeur.fr\/wp3\/wp-content\/uploads\/2020\/05\/DSC03898-300x225.jpg 300w, https:\/\/meriller-vapeur.fr\/wp3\/wp-content\/uploads\/2020\/05\/DSC03898-768x576.jpg 768w, https:\/\/meriller-vapeur.fr\/wp3\/wp-content\/uploads\/2020\/05\/DSC03898-1536x1152.jpg 1536w, https:\/\/meriller-vapeur.fr\/wp3\/wp-content\/uploads\/2020\/05\/DSC03898.jpg 1600w\" sizes=\"auto, (max-width: 665px) 100vw, 665px\" \/><\/a>\n\t\t\t<\/dt><\/dl><br style=\"clear: both\" \/><dl class='gallery-item'>\n\t\t\t<dt class='gallery-icon landscape'>\n\t\t\t\t<a href='https:\/\/meriller-vapeur.fr\/wp3\/?attachment_id=11947'><img loading=\"lazy\" decoding=\"async\" width=\"665\" height=\"499\" src=\"https:\/\/meriller-vapeur.fr\/wp3\/wp-content\/uploads\/2020\/05\/DSC03899-1024x768.jpg\" class=\"attachment-large size-large\" alt=\"\" srcset=\"https:\/\/meriller-vapeur.fr\/wp3\/wp-content\/uploads\/2020\/05\/DSC03899-1024x768.jpg 1024w, https:\/\/meriller-vapeur.fr\/wp3\/wp-content\/uploads\/2020\/05\/DSC03899-300x225.jpg 300w, https:\/\/meriller-vapeur.fr\/wp3\/wp-content\/uploads\/2020\/05\/DSC03899-768x576.jpg 768w, https:\/\/meriller-vapeur.fr\/wp3\/wp-content\/uploads\/2020\/05\/DSC03899-1536x1152.jpg 1536w, https:\/\/meriller-vapeur.fr\/wp3\/wp-content\/uploads\/2020\/05\/DSC03899.jpg 1600w\" sizes=\"auto, (max-width: 665px) 100vw, 665px\" \/><\/a>\n\t\t\t<\/dt><\/dl><dl class='gallery-item'>\n\t\t\t<dt class='gallery-icon landscape'>\n\t\t\t\t<a href='https:\/\/meriller-vapeur.fr\/wp3\/?attachment_id=11948'><img loading=\"lazy\" decoding=\"async\" width=\"665\" height=\"499\" src=\"https:\/\/meriller-vapeur.fr\/wp3\/wp-content\/uploads\/2020\/05\/DSC03900-1024x768.jpg\" class=\"attachment-large size-large\" alt=\"\" srcset=\"https:\/\/meriller-vapeur.fr\/wp3\/wp-content\/uploads\/2020\/05\/DSC03900-1024x768.jpg 1024w, https:\/\/meriller-vapeur.fr\/wp3\/wp-content\/uploads\/2020\/05\/DSC03900-300x225.jpg 300w, https:\/\/meriller-vapeur.fr\/wp3\/wp-content\/uploads\/2020\/05\/DSC03900-768x576.jpg 768w, https:\/\/meriller-vapeur.fr\/wp3\/wp-content\/uploads\/2020\/05\/DSC03900-1536x1152.jpg 1536w, https:\/\/meriller-vapeur.fr\/wp3\/wp-content\/uploads\/2020\/05\/DSC03900.jpg 1600w\" sizes=\"auto, (max-width: 665px) 100vw, 665px\" \/><\/a>\n\t\t\t<\/dt><\/dl><br style=\"clear: both\" \/><dl class='gallery-item'>\n\t\t\t<dt class='gallery-icon landscape'>\n\t\t\t\t<a href='https:\/\/meriller-vapeur.fr\/wp3\/?attachment_id=11949'><img loading=\"lazy\" decoding=\"async\" width=\"665\" height=\"499\" src=\"https:\/\/meriller-vapeur.fr\/wp3\/wp-content\/uploads\/2020\/05\/DSC03901-1024x768.jpg\" class=\"attachment-large size-large\" alt=\"\" srcset=\"https:\/\/meriller-vapeur.fr\/wp3\/wp-content\/uploads\/2020\/05\/DSC03901-1024x768.jpg 1024w, https:\/\/meriller-vapeur.fr\/wp3\/wp-content\/uploads\/2020\/05\/DSC03901-300x225.jpg 300w, https:\/\/meriller-vapeur.fr\/wp3\/wp-content\/uploads\/2020\/05\/DSC03901-768x576.jpg 768w, https:\/\/meriller-vapeur.fr\/wp3\/wp-content\/uploads\/2020\/05\/DSC03901-1536x1152.jpg 1536w, https:\/\/meriller-vapeur.fr\/wp3\/wp-content\/uploads\/2020\/05\/DSC03901.jpg 1600w\" sizes=\"auto, (max-width: 665px) 100vw, 665px\" \/><\/a>\n\t\t\t<\/dt><\/dl>\n\t\t\t<br style='clear: both' \/>\n\t\t<\/div>\n\n<pre>Mise en ligne le 12-05-2020.<\/pre>\n<\/div>\n<div class=\"pvc_clear\"><\/div>\n<p id=\"pvc_stats_11940\" class=\"pvc_stats all  \" data-element-id=\"11940\" style=\"\"><i class=\"pvc-stats-icon medium\" aria-hidden=\"true\"><svg aria-hidden=\"true\" focusable=\"false\" data-prefix=\"far\" data-icon=\"chart-bar\" role=\"img\" xmlns=\"http:\/\/www.w3.org\/2000\/svg\" viewBox=\"0 0 512 512\" class=\"svg-inline--fa fa-chart-bar fa-w-16 fa-2x\"><path fill=\"currentColor\" d=\"M396.8 352h22.4c6.4 0 12.8-6.4 12.8-12.8V108.8c0-6.4-6.4-12.8-12.8-12.8h-22.4c-6.4 0-12.8 6.4-12.8 12.8v230.4c0 6.4 6.4 12.8 12.8 12.8zm-192 0h22.4c6.4 0 12.8-6.4 12.8-12.8V140.8c0-6.4-6.4-12.8-12.8-12.8h-22.4c-6.4 0-12.8 6.4-12.8 12.8v198.4c0 6.4 6.4 12.8 12.8 12.8zm96 0h22.4c6.4 0 12.8-6.4 12.8-12.8V204.8c0-6.4-6.4-12.8-12.8-12.8h-22.4c-6.4 0-12.8 6.4-12.8 12.8v134.4c0 6.4 6.4 12.8 12.8 12.8zM496 400H48V80c0-8.84-7.16-16-16-16H16C7.16 64 0 71.16 0 80v336c0 17.67 14.33 32 32 32h464c8.84 0 16-7.16 16-16v-16c0-8.84-7.16-16-16-16zm-387.2-48h22.4c6.4 0 12.8-6.4 12.8-12.8v-70.4c0-6.4-6.4-12.8-12.8-12.8h-22.4c-6.4 0-12.8 6.4-12.8 12.8v70.4c0 6.4 6.4 12.8 12.8 12.8z\" class=\"\"><\/path><\/svg><\/i> <img loading=\"lazy\" decoding=\"async\" width=\"16\" height=\"16\" alt=\"Loading\" src=\"https:\/\/meriller-vapeur.fr\/wp3\/wp-content\/plugins\/page-views-count\/ajax-loader-2x.gif\" border=0 \/><\/p>\n<div class=\"pvc_clear\"><\/div>\n","protected":false},"excerpt":{"rendered":"<p>Voici quelques photos de la gare de P\u00e9rigueux r\u00e9alis\u00e9es par Jean PORCHER durant la p\u00e9riode de confinement (09.05.2020 en fin de journ\u00e9e). On vous laisse admirer cette atmosph\u00e8re \u00e9trange de monde \u00ab\u00a0abandonn\u00e9\u00a0\u00bb&#8230; (Cliquez sur les images pour agrandir). Mise en ligne le 12-05-2020.<\/p>\n<div class=\"pvc_clear\"><\/div>\n<p id=\"pvc_stats_11940\" class=\"pvc_stats all  \" data-element-id=\"11940\" style=\"\"><i class=\"pvc-stats-icon medium\" aria-hidden=\"true\"><svg aria-hidden=\"true\" focusable=\"false\" data-prefix=\"far\" data-icon=\"chart-bar\" role=\"img\" xmlns=\"http:\/\/www.w3.org\/2000\/svg\" viewBox=\"0 0 512 512\" class=\"svg-inline--fa fa-chart-bar fa-w-16 fa-2x\"><path fill=\"currentColor\" d=\"M396.8 352h22.4c6.4 0 12.8-6.4 12.8-12.8V108.8c0-6.4-6.4-12.8-12.8-12.8h-22.4c-6.4 0-12.8 6.4-12.8 12.8v230.4c0 6.4 6.4 12.8 12.8 12.8zm-192 0h22.4c6.4 0 12.8-6.4 12.8-12.8V140.8c0-6.4-6.4-12.8-12.8-12.8h-22.4c-6.4 0-12.8 6.4-12.8 12.8v198.4c0 6.4 6.4 12.8 12.8 12.8zm96 0h22.4c6.4 0 12.8-6.4 12.8-12.8V204.8c0-6.4-6.4-12.8-12.8-12.8h-22.4c-6.4 0-12.8 6.4-12.8 12.8v134.4c0 6.4 6.4 12.8 12.8 12.8zM496 400H48V80c0-8.84-7.16-16-16-16H16C7.16 64 0 71.16 0 80v336c0 17.67 14.33 32 32 32h464c8.84 0 16-7.16 16-16v-16c0-8.84-7.16-16-16-16zm-387.2-48h22.4c6.4 0 12.8-6.4 12.8-12.8v-70.4c0-6.4-6.4-12.8-12.8-12.8h-22.4c-6.4 0-12.8 6.4-12.8 12.8v70.4c0 6.4 6.4 12.8 12.8 12.8z\" class=\"\"><\/path><\/svg><\/i> <img loading=\"lazy\" decoding=\"async\" width=\"16\" height=\"16\" alt=\"Loading\" src=\"https:\/\/meriller-vapeur.fr\/wp3\/wp-content\/plugins\/page-views-count\/ajax-loader-2x.gif\" border=0 \/><\/p>\n<div class=\"pvc_clear\"><\/div>\n","protected":false},"author":1,"featured_media":0,"parent":284,"menu_order":0,"comment_status":"closed","ping_status":"closed","template":"tmp-onecolumn.php","meta":{"footnotes":""},"class_list":["post-11940","page","type-page","status-publish","hentry"],"a3_pvc":{"activated":true,"total_views":135,"today_views":0},"_links":{"self":[{"href":"https:\/\/meriller-vapeur.fr\/wp3\/index.php?rest_route=\/wp\/v2\/pages\/11940","targetHints":{"allow":["GET"]}}],"collection":[{"href":"https:\/\/meriller-vapeur.fr\/wp3\/index.php?rest_route=\/wp\/v2\/pages"}],"about":[{"href":"https:\/\/meriller-vapeur.fr\/wp3\/index.php?rest_route=\/wp\/v2\/types\/page"}],"author":[{"embeddable":true,"href":"https:\/\/meriller-vapeur.fr\/wp3\/index.php?rest_route=\/wp\/v2\/users\/1"}],"replies":[{"embeddable":true,"href":"https:\/\/meriller-vapeur.fr\/wp3\/index.php?rest_route=%2Fwp%2Fv2%2Fcomments&post=11940"}],"version-history":[{"count":0,"href":"https:\/\/meriller-vapeur.fr\/wp3\/index.php?rest_route=\/wp\/v2\/pages\/11940\/revisions"}],"up":[{"embeddable":true,"href":"https:\/\/meriller-vapeur.fr\/wp3\/index.php?rest_route=\/wp\/v2\/pages\/284"}],"wp:attachment":[{"href":"https:\/\/meriller-vapeur.fr\/wp3\/index.php?rest_route=%2Fwp%2Fv2%2Fmedia&parent=11940"}],"curies":[{"name":"wp","href":"https:\/\/api.w.org\/{rel}","templated":true}]}}